{"id":14320,"date":"2023-09-10T22:08:18","date_gmt":"2023-09-10T22:08:18","guid":{"rendered":"https:\/\/www.lotterycritic.com\/resultados-loteria\/washington-dc\/resultados-de-loteria-washington-dc-3-y-numeros-ganadores-de-hoy-noche-dia\/"},"modified":"2023-09-18T11:01:55","modified_gmt":"2023-09-18T11:01:55","slug":"dc-3","status":"publish","type":"page","link":"https:\/\/www.lotterycritic.com\/es\/resultados-loteria\/washington-dc\/dc-3\/","title":{"rendered":"Resultados de Loter\u00eda Washington DC 3 y N\u00fameros Ganadores de Hoy [Noche + D\u00eda]"},"content":{"rendered":"<p><section><div class=\"section-anchor\" id=\"game-rules\"><\/div><\/p>\n<h2><span style=\"font-weight: 400;\">C\u00f3mo jugar al DC-3 de la Loter\u00eda de DC<\/span><\/h2>\n<p>As\u00ed como sucede con otros juegos de la Loter\u00eda de DC, el DC-3 se sortea dos veces al d\u00eda. Cada sorteo entrega un premio mayor de $500. Sin embargo, la cantidad m\u00e1xima que puede ganar depende del valor apostado y el estilo de juego elegido.<\/p>\n<p>Para jugar, elija un n\u00famero del 000 al 999. Luego, tendr\u00e1 que elegir un horario de sorteo (d\u00eda, noche o ambos) y escoger de entre los siguientes estilos de juego:<\/p>\n<ul>\n<li><b>Straight: <\/b>T<span style=\"font-weight: 400;\">endr\u00e1 que acertar los n\u00fameros ganadores en el orden exacto.<\/span><\/li>\n<li><b>Box: <\/b><span style=\"font-weight: 400;\">Es posible coincidir con los n\u00fameros ganadores en cualquier orden.<\/span><\/li>\n<li><b>Straight\/Box: <\/b><span style=\"font-weight: 400;\">Puede acertar los n\u00fameros en el orden exacto o en cualquier orden.<\/span><\/li>\n<li><b>Combo: <\/b><span style=\"font-weight: 400;\">Jugar\u00e1 todas las posibles combinaciones Straight para sus n\u00fameros elegidos.<\/span><\/li>\n<li><b>Front Pair\/Back Pair: <\/b><span style=\"font-weight: 400;\">Deber\u00e1 seleccionar 2 n\u00fameros (en lugar de 3). Estos deben coincidir con los primeros o los \u00faltimos 2 n\u00fameros ganadores en el orden exacto.<\/span><\/li>\n<\/ul>\n<p>\n<\/section><\/p>\n<p><section><div class=\"section-anchor\" id=\"drawing-schedule\"><\/div><\/p>\n<h2><span style=\"font-weight: 400;\">Calendario de sorteos de la Loter\u00eda de DC-3<\/span><\/h2>\n<p>Los sorteos del DC-3 toman lugar todos los d\u00edas a la <span style=\"font-weight: 400;\">1:50 PM (para el sorteo diurno) y 7:50 PM (para el sorteo nocturno). Est\u00e1 permitido comprar billetes hasta la 1:49 PM o 7:49 PM, respectivamente.<\/span><\/p>\n<p>\n<\/section><\/p>\n<p><section><div class=\"section-anchor\" id=\"payouts-and-odds\"><\/div><\/p>\n<h2><span style=\"font-weight: 400;\">Pagos y Probabilidades de ganar el DC-3<\/span><\/h2>\n<table>\n<tbody>\n<tr>\n<td><b>Estilo de juego<\/b><\/td>\n<td><b>Selecci\u00f3n<\/b><\/td>\n<td><b>Aciertos<\/b><\/td>\n<td><b>Premio con una apuesta de $0.50<\/b><\/td>\n<td><b>Premio con una apuesta de $1<\/b><\/td>\n<td><b>Probabilidades<\/b><\/td>\n<\/tr>\n<tr>\n<td><span style=\"font-weight: 400;\">Straight<\/span><\/td>\n<td><span style=\"font-weight: 400;\">3 d\u00edgitos cualesquiera<\/span><\/td>\n<td><span style=\"font-weight: 400;\">3 d\u00edgitos en el orden exacto<\/span><\/td>\n<td><span style=\"font-weight: 400;\">$250<\/span><\/td>\n<td><span style=\"font-weight: 400;\">$500<\/span><\/td>\n<td><span style=\"font-weight: 400;\">1 en 1,000<\/span><\/td>\n<\/tr>\n<tr>\n<td><span style=\"font-weight: 400;\">Box: 3-Way<\/span><\/td>\n<td><span style=\"font-weight: 400;\">1 par y 1 n\u00famero diferente<\/span><\/td>\n<td><span style=\"font-weight: 400;\">3 d\u00edgitos en cualquier orden<\/span><\/td>\n<td><span style=\"font-weight: 400;\">$80<\/span><\/td>\n<td><span style=\"font-weight: 400;\">$160<\/span><\/td>\n<td><span style=\"font-weight: 400;\">1 en 333<\/span><\/td>\n<\/tr>\n<tr>\n<td><span style=\"font-weight: 400;\">Box: 6-Way<\/span><\/td>\n<td><span style=\"font-weight: 400;\">3 n\u00fameros distintos cualesquiera<\/span><\/td>\n<td><span style=\"font-weight: 400;\">3 d\u00edgitos en cualquier orden<\/span><\/td>\n<td><span style=\"font-weight: 400;\">$40<\/span><\/td>\n<td><span style=\"font-weight: 400;\">$80<\/span><\/td>\n<td><span style=\"font-weight: 400;\">1 en 167<\/span><\/td>\n<\/tr>\n<tr>\n<td><span style=\"font-weight: 400;\">Straight\/Box: 3-Way<\/span><\/td>\n<td><span style=\"font-weight: 400;\">1 par y 1 n\u00famero diferente<\/span><\/td>\n<td><span style=\"font-weight: 400;\">3 d\u00edgitos en cualquier orden o en el orden exacto<\/span><\/td>\n<td><\/td>\n<td><span style=\"font-weight: 400;\">$330 (orden exacto)<\/span><\/p>\n<p><span style=\"font-weight: 400;\">$80 (cualquier orden)<\/span><\/td>\n<td><span style=\"font-weight: 400;\">1 en 1,000<\/span><\/p>\n<p><span style=\"font-weight: 400;\">1 en 333<\/span><\/td>\n<\/tr>\n<tr>\n<td><span style=\"font-weight: 400;\">Straight\/Box: 6-Way<\/span><\/td>\n<td><span style=\"font-weight: 400;\">3 n\u00fameros distintos cualesquiera<\/span><\/td>\n<td><span style=\"font-weight: 400;\">3 d\u00edgitos en cualquier orden o en el orden exacto<\/span><\/td>\n<td><\/td>\n<td><span style=\"font-weight: 400;\">$290 (orden exacto)<\/span><\/p>\n<p><span style=\"font-weight: 400;\">$40 (cualquier orden)<\/span><\/td>\n<td><span style=\"font-weight: 400;\">1 en 1,000<\/span><\/p>\n<p><span style=\"font-weight: 400;\">1 en 167<\/span><\/td>\n<\/tr>\n<tr>\n<td><span style=\"font-weight: 400;\">Front Pair<\/span><\/td>\n<td><span style=\"font-weight: 400;\">2 n\u00fameros cualesquiera<\/span><\/td>\n<td><span style=\"font-weight: 400;\">Primeros 2 d\u00edgitos en el orden exacto<\/span><\/td>\n<td><span style=\"font-weight: 400;\">$25<\/span><\/td>\n<td><span style=\"font-weight: 400;\">$50<\/span><\/td>\n<td><span style=\"font-weight: 400;\">1 en 100<\/span><\/td>\n<\/tr>\n<tr>\n<td><span style=\"font-weight: 400;\">Back Pair<\/span><\/td>\n<td><span style=\"font-weight: 400;\">2 n\u00fameros cualesquiera<\/span><\/td>\n<td><span style=\"font-weight: 400;\">\u00daltimos 2 d\u00edgitos en el orden exacto<\/span><\/td>\n<td><span style=\"font-weight: 400;\">$25<\/span><\/td>\n<td><span style=\"font-weight: 400;\">$50<\/span><\/td>\n<td><span style=\"font-weight: 400;\">1 en 100<\/span><\/td>\n<\/tr>\n<tr>\n<td><span style=\"font-weight: 400;\">Combo: 6-Way<\/span><\/td>\n<td><span style=\"font-weight: 400;\">3 n\u00fameros distintos cualesquiera<\/span><\/td>\n<td><span style=\"font-weight: 400;\">Todos los posibles juegos Straight<\/span><\/td>\n<td><span style=\"font-weight: 400;\">$250<\/span><\/td>\n<td><span style=\"font-weight: 400;\">$500<\/span><\/td>\n<td><span style=\"font-weight: 400;\">1 en 1,000<\/span><\/td>\n<\/tr>\n<tr>\n<td><span style=\"font-weight: 400;\">Combo: 3-Way<\/span><\/td>\n<td><span style=\"font-weight: 400;\">1 par y 1 n\u00famero diferente<\/span><\/td>\n<td><span style=\"font-weight: 400;\">Todos los posibles juegos Straight<\/span><\/td>\n<td><span style=\"font-weight: 400;\">$250<\/span><\/td>\n<td><span style=\"font-weight: 400;\">$500<\/span><\/td>\n<td><span style=\"font-weight: 400;\">1 en 1,000<\/span><\/td>\n<\/tr>\n<\/tbody>\n<\/table>\n<p>\n<\/section><\/p>\n<p><section><div class=\"section-anchor\" id=\"dc-3-strategy\"><\/div><\/p>\n<h2><span style=\"font-weight: 400;\">Estrategia para el DC-3<\/span><\/h2>\n<p>\u00bfLe interesa aprender las estrategias que puede aplicar para obtener mejores probabilidades de ganar el DC-3? Eche un vistazo a nuestra gu\u00eda sobre la estrategia para el Pick 3. Estas estrategias funcionan para todos los juegos de 3 n\u00fameros, incluyendo el Pick 3, Play 3, Cash 3 y DC-3.<\/p>\n<ul>\n<li><a href=\"https:\/\/www.lotterycritic.com\/lottery-results\/washington-dc\/\">Resultados de la Loter\u00eda de Washington DC<\/a><\/li>\n<\/ul>\n<p>\n<\/section><\/p>\n","protected":false},"excerpt":{"rendered":"","protected":false},"author":2,"featured_media":0,"parent":14318,"menu_order":3,"comment_status":"closed","ping_status":"closed","template":"lottery-results-game-child-template.php","meta":{"footnotes":""},"class_list":["post-14320","page","type-page","status-publish","hentry"],"acf":[],"yoast_head":"<!-- This site is optimized with the Yoast SEO plugin v23.4 - https:\/\/yoast.com\/wordpress\/plugins\/seo\/ -->\n<title>Loter\u00eda Washington DC 3: Resultados y N\u00fameros Ganadores de Hoy [Noche+D\u00eda]<\/title>\n<meta name=\"description\" content=\"Todo lo que necesita saber acerca del DC-3 de la Loter\u00eda de Washington, DC; sus \u00faltimos resultados, n\u00fameros ganadores, reglas, pagos, probabilidades y m\u00e1s.\" \/>\n<meta name=\"robots\" content=\"index, follow, max-snippet:-1, max-image-preview:large, max-video-preview:-1\" \/>\n<link rel=\"canonical\" href=\"https:\/\/www.lotterycritic.com\/es\/resultados-loteria\/washington-dc\/dc-3\/\" \/>\n<meta property=\"og:locale\" content=\"es_ES\" \/>\n<meta property=\"og:type\" content=\"article\" \/>\n<meta property=\"og:title\" content=\"Loter\u00eda Washington DC 3: Resultados y N\u00fameros Ganadores de Hoy [Noche+D\u00eda]\" \/>\n<meta property=\"og:description\" content=\"Todo lo que necesita saber acerca del DC-3 de la Loter\u00eda de Washington, DC; sus \u00faltimos resultados, n\u00fameros ganadores, reglas, pagos, probabilidades y m\u00e1s.\" \/>\n<meta property=\"og:url\" content=\"https:\/\/www.lotterycritic.com\/es\/resultados-loteria\/washington-dc\/dc-3\/\" \/>\n<meta property=\"og:site_name\" content=\"Lottery Critic\" \/>\n<meta property=\"article:modified_time\" content=\"2023-09-18T11:01:55+00:00\" \/>\n<meta name=\"twitter:card\" content=\"summary_large_image\" \/>\n<meta name=\"twitter:label1\" content=\"Tiempo de lectura\" \/>\n\t<meta name=\"twitter:data1\" content=\"3 minutos\" \/>\n<script type=\"application\/ld+json\" class=\"yoast-schema-graph\">{\"@context\":\"https:\/\/schema.org\",\"@graph\":[{\"@type\":\"WebPage\",\"@id\":\"https:\/\/www.lotterycritic.com\/es\/resultados-loteria\/washington-dc\/dc-3\/\",\"url\":\"https:\/\/www.lotterycritic.com\/es\/resultados-loteria\/washington-dc\/dc-3\/\",\"name\":\"Loter\u00eda Washington DC 3: Resultados y N\u00fameros Ganadores de Hoy [Noche+D\u00eda]\",\"isPartOf\":{\"@id\":\"https:\/\/www.lotterycritic.com\/es\/#website\"},\"datePublished\":\"2023-09-10T22:08:18+00:00\",\"dateModified\":\"2023-09-18T11:01:55+00:00\",\"description\":\"Todo lo que necesita saber acerca del DC-3 de la Loter\u00eda de Washington, DC; sus \u00faltimos resultados, n\u00fameros ganadores, reglas, pagos, probabilidades y m\u00e1s.\",\"breadcrumb\":{\"@id\":\"https:\/\/www.lotterycritic.com\/es\/resultados-loteria\/washington-dc\/dc-3\/#breadcrumb\"},\"inLanguage\":\"es\",\"potentialAction\":[{\"@type\":\"ReadAction\",\"target\":[\"https:\/\/www.lotterycritic.com\/es\/resultados-loteria\/washington-dc\/dc-3\/\"]}]},{\"@type\":\"BreadcrumbList\",\"@id\":\"https:\/\/www.lotterycritic.com\/es\/resultados-loteria\/washington-dc\/dc-3\/#breadcrumb\",\"itemListElement\":[{\"@type\":\"ListItem\",\"position\":1,\"name\":\"Home\",\"item\":\"https:\/\/www.lotterycritic.com\/es\/\"},{\"@type\":\"ListItem\",\"position\":2,\"name\":\"Resultados de La Loter\u00eda Americana &#8211; Los \u00daltimos N\u00fameros Ganadores de La Loter\u00eda de Estados Unidos\",\"item\":\"https:\/\/www.lotterycritic.com\/es\/resultados-loteria\/\"},{\"@type\":\"ListItem\",\"position\":3,\"name\":\"Resultados de La Loter\u00eda de Washington DC &#8211; Comprueba Los N\u00fameros Ganadores de Hoy En Washington DC\",\"item\":\"https:\/\/www.lotterycritic.com\/es\/resultados-loteria\/washington-dc\/\"},{\"@type\":\"ListItem\",\"position\":4,\"name\":\"Resultados de Loter\u00eda Washington DC 3 y N\u00fameros Ganadores de Hoy [Noche + D\u00eda]\"}]},{\"@type\":\"WebSite\",\"@id\":\"https:\/\/www.lotterycritic.com\/es\/#website\",\"url\":\"https:\/\/www.lotterycritic.com\/es\/\",\"name\":\"Lottery Critic\",\"description\":\"Your Guide to Lottery Results, Winning Numbers &amp; More\u2026\",\"potentialAction\":[{\"@type\":\"SearchAction\",\"target\":{\"@type\":\"EntryPoint\",\"urlTemplate\":\"https:\/\/www.lotterycritic.com\/es\/?s={search_term_string}\"},\"query-input\":{\"@type\":\"PropertyValueSpecification\",\"valueRequired\":true,\"valueName\":\"search_term_string\"}}],\"inLanguage\":\"es\"}]}<\/script>\n<!-- \/ Yoast SEO plugin. -->","yoast_head_json":{"title":"Loter\u00eda Washington DC 3: Resultados y N\u00fameros Ganadores de Hoy [Noche+D\u00eda]","description":"Todo lo que necesita saber acerca del DC-3 de la Loter\u00eda de Washington, DC; sus \u00faltimos resultados, n\u00fameros ganadores, reglas, pagos, probabilidades y m\u00e1s.","robots":{"index":"index","follow":"follow","max-snippet":"max-snippet:-1","max-image-preview":"max-image-preview:large","max-video-preview":"max-video-preview:-1"},"canonical":"https:\/\/www.lotterycritic.com\/es\/resultados-loteria\/washington-dc\/dc-3\/","og_locale":"es_ES","og_type":"article","og_title":"Loter\u00eda Washington DC 3: Resultados y N\u00fameros Ganadores de Hoy [Noche+D\u00eda]","og_description":"Todo lo que necesita saber acerca del DC-3 de la Loter\u00eda de Washington, DC; sus \u00faltimos resultados, n\u00fameros ganadores, reglas, pagos, probabilidades y m\u00e1s.","og_url":"https:\/\/www.lotterycritic.com\/es\/resultados-loteria\/washington-dc\/dc-3\/","og_site_name":"Lottery Critic","article_modified_time":"2023-09-18T11:01:55+00:00","twitter_card":"summary_large_image","twitter_misc":{"Tiempo de lectura":"3 minutos"},"schema":{"@context":"https:\/\/schema.org","@graph":[{"@type":"WebPage","@id":"https:\/\/www.lotterycritic.com\/es\/resultados-loteria\/washington-dc\/dc-3\/","url":"https:\/\/www.lotterycritic.com\/es\/resultados-loteria\/washington-dc\/dc-3\/","name":"Loter\u00eda Washington DC 3: Resultados y N\u00fameros Ganadores de Hoy [Noche+D\u00eda]","isPartOf":{"@id":"https:\/\/www.lotterycritic.com\/es\/#website"},"datePublished":"2023-09-10T22:08:18+00:00","dateModified":"2023-09-18T11:01:55+00:00","description":"Todo lo que necesita saber acerca del DC-3 de la Loter\u00eda de Washington, DC; sus \u00faltimos resultados, n\u00fameros ganadores, reglas, pagos, probabilidades y m\u00e1s.","breadcrumb":{"@id":"https:\/\/www.lotterycritic.com\/es\/resultados-loteria\/washington-dc\/dc-3\/#breadcrumb"},"inLanguage":"es","potentialAction":[{"@type":"ReadAction","target":["https:\/\/www.lotterycritic.com\/es\/resultados-loteria\/washington-dc\/dc-3\/"]}]},{"@type":"BreadcrumbList","@id":"https:\/\/www.lotterycritic.com\/es\/resultados-loteria\/washington-dc\/dc-3\/#breadcrumb","itemListElement":[{"@type":"ListItem","position":1,"name":"Home","item":"https:\/\/www.lotterycritic.com\/es\/"},{"@type":"ListItem","position":2,"name":"Resultados de La Loter\u00eda Americana &#8211; Los \u00daltimos N\u00fameros Ganadores de La Loter\u00eda de Estados Unidos","item":"https:\/\/www.lotterycritic.com\/es\/resultados-loteria\/"},{"@type":"ListItem","position":3,"name":"Resultados de La Loter\u00eda de Washington DC &#8211; Comprueba Los N\u00fameros Ganadores de Hoy En Washington DC","item":"https:\/\/www.lotterycritic.com\/es\/resultados-loteria\/washington-dc\/"},{"@type":"ListItem","position":4,"name":"Resultados de Loter\u00eda Washington DC 3 y N\u00fameros Ganadores de Hoy [Noche + D\u00eda]"}]},{"@type":"WebSite","@id":"https:\/\/www.lotterycritic.com\/es\/#website","url":"https:\/\/www.lotterycritic.com\/es\/","name":"Lottery Critic","description":"Your Guide to Lottery Results, Winning Numbers &amp; More\u2026","potentialAction":[{"@type":"SearchAction","target":{"@type":"EntryPoint","urlTemplate":"https:\/\/www.lotterycritic.com\/es\/?s={search_term_string}"},"query-input":{"@type":"PropertyValueSpecification","valueRequired":true,"valueName":"search_term_string"}}],"inLanguage":"es"}]}},"_links":{"self":[{"href":"https:\/\/www.lotterycritic.com\/es\/wp-json\/wp\/v2\/pages\/14320"}],"collection":[{"href":"https:\/\/www.lotterycritic.com\/es\/wp-json\/wp\/v2\/pages"}],"about":[{"href":"https:\/\/www.lotterycritic.com\/es\/wp-json\/wp\/v2\/types\/page"}],"author":[{"embeddable":true,"href":"https:\/\/www.lotterycritic.com\/es\/wp-json\/wp\/v2\/users\/2"}],"replies":[{"embeddable":true,"href":"https:\/\/www.lotterycritic.com\/es\/wp-json\/wp\/v2\/comments?post=14320"}],"version-history":[{"count":1,"href":"https:\/\/www.lotterycritic.com\/es\/wp-json\/wp\/v2\/pages\/14320\/revisions"}],"predecessor-version":[{"id":14321,"href":"https:\/\/www.lotterycritic.com\/es\/wp-json\/wp\/v2\/pages\/14320\/revisions\/14321"}],"up":[{"embeddable":true,"href":"https:\/\/www.lotterycritic.com\/es\/wp-json\/wp\/v2\/pages\/14318"}],"wp:attachment":[{"href":"https:\/\/www.lotterycritic.com\/es\/wp-json\/wp\/v2\/media?parent=14320"}],"curies":[{"name":"wp","href":"https:\/\/api.w.org\/{rel}","templated":true}]}}