{"id":14313,"date":"2023-09-10T00:50:33","date_gmt":"2023-09-10T00:50:33","guid":{"rendered":"https:\/\/www.lotterycritic.com\/resultados-loteria\/virginia\/resultados-del-pick-3-de-virginia-va-y-numeros-ganadores-de-hoy-tarde-dia-noche\/"},"modified":"2023-09-18T10:58:58","modified_gmt":"2023-09-18T10:58:58","slug":"pick-3","status":"publish","type":"page","link":"https:\/\/www.lotterycritic.com\/es\/resultados-loteria\/virginia\/pick-3\/","title":{"rendered":"Resultados del Pick 3 de Virginia (VA) y N\u00fameros Ganadores de Hoy [Tarde + D\u00eda + Noche]"},"content":{"rendered":"<p><section><div class=\"section-anchor\" id=\"game-rules\"><\/div><\/p>\n<h2><span style=\"font-weight: 400;\">C\u00f3mo jugar al Pick 3 de Virginia<\/span><\/h2>\n<p>Al igual que el <a href=\"https:\/\/www.lotterycritic.com\/lottery-results\/virginia\/pick-4\/\">Pick 4<\/a> de Virginia, el Pick 3 se sortea dos veces al d\u00eda (d\u00eda y noche). El premio mayor es de $500, aunque la m\u00e1xima cantidad que puede ganar depende del estilo de juego elegido y la cantidad apostada.<\/p>\n<p>Para jugar, tendr\u00e1 que elegir un n\u00famero entre 000 y 999. Luego, deber\u00e1 escoger un estilo de juego y apostar una cantidad, al igual que el calendario del sorteo (d\u00eda o noche), y el n\u00famero de sorteos que le gustar\u00eda jugar. Se queda con el premio mayor cuando su combinaci\u00f3n coincide con los n\u00fameros ganadores en el orden exacto.<\/p>\n<p>Puede elegir entre 5 diferentes estilos de juego:<\/p>\n<ul>\n<li><b>Orden Exacto: <\/b><span style=\"font-weight: 400;\">Debe coincidir con los n\u00fameros ganadores en el orden exacto.<\/span><\/li>\n<li><b>Cualquier Orden: <\/b><span style=\"font-weight: 400;\">Puede acertar los n\u00fameros en cualquier orden.<\/span><\/li>\n<li><b>50\/50: <\/b><span style=\"font-weight: 400;\">Podr\u00e1 coincidir con los n\u00fameros ganadores en cualquier orden o en el orden exacto. Solo est\u00e1 disponible para billetes de $1.<\/span><\/li>\n<li><b>Combo: <\/b><span style=\"font-weight: 400;\">Con este estilo, estar\u00e1 jugando apuestas en el Orden Exacto para todas las posibles combinaciones de sus n\u00fameros elegidos, aumentando sus posibilidades de ganar.<\/span><\/li>\n<li><b>Pares: <\/b><span style=\"font-weight: 400;\">Selecciona 2 n\u00fameros (en lugar de 3). Tendr\u00e1 que acertar los primeros 2, los \u00faltimos 2, o el primer y \u00faltimo n\u00famero ganador en el orden exacto, dependiendo del par que elija jugar.<\/span><\/li>\n<\/ul>\n<p>Puede ganar premios adicionales si a\u00f1ade la opci\u00f3n <strong>BOOST<\/strong> a su billete. Esta opci\u00f3n imprime 5 grupos extra de n\u00fameros Easy Pick en su billete. Si uno de estos n\u00fameros BOOST coincide con alguno de los n\u00fameros ganadores, obtiene $100 extra (para un juego de $1) o $50 (para un juego de $0.50). Compruebe m\u00e1s <a href=\"https:\/\/www.lotterycritic.com\/lottery-results\/virginia\/\">Resultados de la Loter\u00eda de Virginia<\/a>.<\/p>\n<p>\n<\/section><\/p>\n<p><section><div class=\"section-anchor\" id=\"drawing-schedule\"><\/div><\/p>\n<h2><span style=\"font-weight: 400;\">Calendario de sorteos del Pick 3 de Virginia<\/span><\/h2>\n<p>Los sorteos del Pick 3 de Virginia suceden <strong>dos veces al d\u00eda<\/strong> a la <span style=\"font-weight: 400;\"><strong>1:59 PM y 11 PM, hora del este<\/strong>. La venta de billetes se realiza hasta la 1:53 PM para el sorteo del d\u00eda y hasta las 10:45 PM para el sorteo de la noche.<\/span><\/p>\n<p>\n<\/section><\/p>\n<p><section><div class=\"section-anchor\" id=\"payouts-and-odds\"><\/div><\/p>\n<h2><span style=\"font-weight: 400;\">Pagos y Probabilidades de ganar el Pick 3 de Virginia<\/span><\/h2>\n<p>Conozca cu\u00e1nto gana con el Pick 3 de Virginia, con base en el estilo de juego y los n\u00fameros acertados, en la siguiente tabla:<\/p>\n<table>\n<tbody>\n<tr>\n<td><b>Estilo de juego<\/b><\/td>\n<td><b>Selecci\u00f3n<\/b><\/td>\n<td><b>Acierto<\/b><\/td>\n<td><b>Premio con una apuesta de $0.50<\/b><\/td>\n<td><b>Premio con una apuesta de $1<\/b><\/td>\n<td><b>Probabilidades<\/b><\/td>\n<\/tr>\n<tr>\n<td><span style=\"font-weight: 400;\">Orden Exacto<\/span><\/td>\n<td><span style=\"font-weight: 400;\">3 d\u00edgitos cualesquiera<\/span><\/td>\n<td><span style=\"font-weight: 400;\">3 d\u00edgitos en el orden exacto<\/span><\/td>\n<td><span style=\"font-weight: 400;\">$250<\/span><\/td>\n<td><span style=\"font-weight: 400;\">$500<\/span><\/td>\n<td><span style=\"font-weight: 400;\">1 en 1,000<\/span><\/td>\n<\/tr>\n<tr>\n<td><span style=\"font-weight: 400;\">Cualquier orden<\/span><\/td>\n<td><span style=\"font-weight: 400;\">1 par y 1 n\u00famero diferente<\/span><\/td>\n<td><span style=\"font-weight: 400;\">3 d\u00edgitos en cualquier orden<\/span><\/td>\n<td><span style=\"font-weight: 400;\">$80<\/span><\/td>\n<td><span style=\"font-weight: 400;\">$160<\/span><\/td>\n<td><span style=\"font-weight: 400;\">1 en 333.33<\/span><\/td>\n<\/tr>\n<tr>\n<td><span style=\"font-weight: 400;\">Cualquier orden<\/span><\/td>\n<td><span style=\"font-weight: 400;\">3 n\u00fameros distintos cualesquiera<\/span><\/td>\n<td><span style=\"font-weight: 400;\">3 d\u00edgitos en cualquier orden<\/span><\/td>\n<td><span style=\"font-weight: 400;\">$40<\/span><\/td>\n<td><span style=\"font-weight: 400;\">$80<\/span><\/td>\n<td><span style=\"font-weight: 400;\">1 en 166.67<\/span><\/td>\n<\/tr>\n<tr>\n<td><span style=\"font-weight: 400;\">Par frontal<\/span><\/td>\n<td><span style=\"font-weight: 400;\">2 n\u00fameros cualesquiera<\/span><\/td>\n<td><span style=\"font-weight: 400;\">Primeros 2 d\u00edgitos en el orden exacto<\/span><\/td>\n<td><span style=\"font-weight: 400;\">$25<\/span><\/td>\n<td><span style=\"font-weight: 400;\">$50<\/span><\/td>\n<td><span style=\"font-weight: 400;\">1 en 100<\/span><\/td>\n<\/tr>\n<tr>\n<td><span style=\"font-weight: 400;\">Par trasero<\/span><\/td>\n<td><span style=\"font-weight: 400;\">2 n\u00fameros cualesquiera<\/span><\/td>\n<td><span style=\"font-weight: 400;\">\u00daltimos 2 d\u00edgitos en el orden exacto<\/span><\/td>\n<td><span style=\"font-weight: 400;\">$25<\/span><\/td>\n<td><span style=\"font-weight: 400;\">$50<\/span><\/td>\n<td><span style=\"font-weight: 400;\">1 en 100<\/span><\/td>\n<\/tr>\n<tr>\n<td><span style=\"font-weight: 400;\">Par contrario<\/span><\/td>\n<td><span style=\"font-weight: 400;\">2 n\u00fameros cualesquiera<\/span><\/td>\n<td><span style=\"font-weight: 400;\">Primer y \u00faltimo d\u00edgito en el orden exacto<\/span><\/td>\n<td><span style=\"font-weight: 400;\">$25<\/span><\/td>\n<td><span style=\"font-weight: 400;\">$50<\/span><\/td>\n<td><span style=\"font-weight: 400;\">1 en 100<\/span><\/td>\n<\/tr>\n<tr>\n<td><span style=\"font-weight: 400;\">Combo<\/span><\/td>\n<td><span style=\"font-weight: 400;\">Apuesta de $6: 3 n\u00fameros distintos cualesquiera<\/span><\/td>\n<td><span style=\"font-weight: 400;\">Todos los posibles juegos Orden Exacto<\/span><\/td>\n<td><\/td>\n<td><span style=\"font-weight: 400;\">$500<\/span><\/td>\n<td><span style=\"font-weight: 400;\">1 en 166.7<\/span><\/td>\n<\/tr>\n<tr>\n<td><span style=\"font-weight: 400;\">Combo<\/span><\/td>\n<td><span style=\"font-weight: 400;\">Apuesta de $3: 1 par y 1 n\u00famero diferente<\/span><\/td>\n<td><span style=\"font-weight: 400;\">Todos los posibles juegos Orden Exacto<\/span><\/td>\n<td><\/td>\n<td><span style=\"font-weight: 400;\">$500<\/span><\/td>\n<td><span style=\"font-weight: 400;\">1 en 333<\/span><\/td>\n<\/tr>\n<tr>\n<td><span style=\"font-weight: 400;\">50\/50<\/span><\/td>\n<td><span style=\"font-weight: 400;\">3 n\u00fameros distintos cualesquiera<\/span><\/td>\n<td><span style=\"font-weight: 400;\">3 d\u00edgitos en cualquier orden o en el orden exacto<\/span><\/td>\n<td><\/td>\n<td><span style=\"font-weight: 400;\">$290 (orden exacto)<\/span><span style=\"font-weight: 400;\"><br \/>\n<\/span><span style=\"font-weight: 400;\">$40 (cualquier orden)<\/span><\/td>\n<td><span style=\"font-weight: 400;\">1 en 1000<\/span><span style=\"font-weight: 400;\"><br \/>\n<\/span><span style=\"font-weight: 400;\">1 en 200<\/span><\/td>\n<\/tr>\n<tr>\n<td><span style=\"font-weight: 400;\">50\/50<\/span><\/td>\n<td><span style=\"font-weight: 400;\">1 par y 1 n\u00famero diferente<\/span><\/td>\n<td><span style=\"font-weight: 400;\">3 d\u00edgitos en cualquier orden o en el orden exacto<\/span><\/td>\n<td><\/td>\n<td><span style=\"font-weight: 400;\">$330 (orden exacto)<\/span><span style=\"font-weight: 400;\"><br \/>\n<\/span><span style=\"font-weight: 400;\">$80 (cualquier orden)<\/span><\/td>\n<td><span style=\"font-weight: 400;\">1 en 1000<\/span><span style=\"font-weight: 400;\"><br \/>\n<\/span><span style=\"font-weight: 400;\">1 en 500<\/span><\/td>\n<\/tr>\n<\/tbody>\n<\/table>\n<p>\n<\/section><\/p>\n<p><section><div class=\"section-anchor\" id=\"pick-3-strategy\"><\/div><\/p>\n<p>Eche un vistazo a nuestra completa gu\u00eda sobre estrategias para el Pick 3 que puede aplicar al Pick 3 de Virginia para incrementar sus probabilidades de ganar.<\/p>\n<p>\n<\/section><\/p>\n","protected":false},"excerpt":{"rendered":"","protected":false},"author":2,"featured_media":0,"parent":14306,"menu_order":4,"comment_status":"closed","ping_status":"closed","template":"lottery-results-game-child-template.php","meta":{"footnotes":""},"class_list":["post-14313","page","type-page","status-publish","hentry"],"acf":[],"yoast_head":"<!-- This site is optimized with the Yoast SEO plugin v23.4 - https:\/\/yoast.com\/wordpress\/plugins\/seo\/ -->\n<title>Pick 3 de Virginia: Resultados y N\u00fameros Ganadores de Hoy [Tarde+D\u00eda+Noche]<\/title>\n<meta name=\"description\" content=\"Conozca los resultados m\u00e1s recientes, n\u00fameros ganadores y cantidades del premio mayor para el Pick 3 de Virginia (VA). Adem\u00e1s, aprenda sus reglas, pagos, probabilidades y m\u00e1s.\" \/>\n<meta name=\"robots\" content=\"index, follow, max-snippet:-1, max-image-preview:large, max-video-preview:-1\" \/>\n<link rel=\"canonical\" href=\"https:\/\/www.lotterycritic.com\/es\/resultados-loteria\/virginia\/pick-3\/\" \/>\n<meta property=\"og:locale\" content=\"es_ES\" \/>\n<meta property=\"og:type\" content=\"article\" \/>\n<meta property=\"og:title\" content=\"Pick 3 de Virginia: Resultados y N\u00fameros Ganadores de Hoy [Tarde+D\u00eda+Noche]\" \/>\n<meta property=\"og:description\" content=\"Conozca los resultados m\u00e1s recientes, n\u00fameros ganadores y cantidades del premio mayor para el Pick 3 de Virginia (VA). Adem\u00e1s, aprenda sus reglas, pagos, probabilidades y m\u00e1s.\" \/>\n<meta property=\"og:url\" content=\"https:\/\/www.lotterycritic.com\/es\/resultados-loteria\/virginia\/pick-3\/\" \/>\n<meta property=\"og:site_name\" content=\"Lottery Critic\" \/>\n<meta property=\"article:modified_time\" content=\"2023-09-18T10:58:58+00:00\" \/>\n<meta name=\"twitter:card\" content=\"summary_large_image\" \/>\n<meta name=\"twitter:label1\" content=\"Tiempo de lectura\" \/>\n\t<meta name=\"twitter:data1\" content=\"3 minutos\" \/>\n<script type=\"application\/ld+json\" class=\"yoast-schema-graph\">{\"@context\":\"https:\/\/schema.org\",\"@graph\":[{\"@type\":\"WebPage\",\"@id\":\"https:\/\/www.lotterycritic.com\/es\/resultados-loteria\/virginia\/pick-3\/\",\"url\":\"https:\/\/www.lotterycritic.com\/es\/resultados-loteria\/virginia\/pick-3\/\",\"name\":\"Pick 3 de Virginia: Resultados y N\u00fameros Ganadores de Hoy [Tarde+D\u00eda+Noche]\",\"isPartOf\":{\"@id\":\"https:\/\/www.lotterycritic.com\/es\/#website\"},\"datePublished\":\"2023-09-10T00:50:33+00:00\",\"dateModified\":\"2023-09-18T10:58:58+00:00\",\"description\":\"Conozca los resultados m\u00e1s recientes, n\u00fameros ganadores y cantidades del premio mayor para el Pick 3 de Virginia (VA). Adem\u00e1s, aprenda sus reglas, pagos, probabilidades y m\u00e1s.\",\"breadcrumb\":{\"@id\":\"https:\/\/www.lotterycritic.com\/es\/resultados-loteria\/virginia\/pick-3\/#breadcrumb\"},\"inLanguage\":\"es\",\"potentialAction\":[{\"@type\":\"ReadAction\",\"target\":[\"https:\/\/www.lotterycritic.com\/es\/resultados-loteria\/virginia\/pick-3\/\"]}]},{\"@type\":\"BreadcrumbList\",\"@id\":\"https:\/\/www.lotterycritic.com\/es\/resultados-loteria\/virginia\/pick-3\/#breadcrumb\",\"itemListElement\":[{\"@type\":\"ListItem\",\"position\":1,\"name\":\"Home\",\"item\":\"https:\/\/www.lotterycritic.com\/es\/\"},{\"@type\":\"ListItem\",\"position\":2,\"name\":\"Resultados de La Loter\u00eda Americana &#8211; Los \u00daltimos N\u00fameros Ganadores de La Loter\u00eda de Estados Unidos\",\"item\":\"https:\/\/www.lotterycritic.com\/es\/resultados-loteria\/\"},{\"@type\":\"ListItem\",\"position\":3,\"name\":\"Resultados de La Loter\u00eda de Virginia (VA) &#8211; Comprueba Los N\u00fameros Ganadores de Hoy En Virginia\",\"item\":\"https:\/\/www.lotterycritic.com\/es\/resultados-loteria\/virginia\/\"},{\"@type\":\"ListItem\",\"position\":4,\"name\":\"Resultados del Pick 3 de Virginia (VA) y N\u00fameros Ganadores de Hoy [Tarde + D\u00eda + Noche]\"}]},{\"@type\":\"WebSite\",\"@id\":\"https:\/\/www.lotterycritic.com\/es\/#website\",\"url\":\"https:\/\/www.lotterycritic.com\/es\/\",\"name\":\"Lottery Critic\",\"description\":\"Your Guide to Lottery Results, Winning Numbers &amp; More\u2026\",\"potentialAction\":[{\"@type\":\"SearchAction\",\"target\":{\"@type\":\"EntryPoint\",\"urlTemplate\":\"https:\/\/www.lotterycritic.com\/es\/?s={search_term_string}\"},\"query-input\":{\"@type\":\"PropertyValueSpecification\",\"valueRequired\":true,\"valueName\":\"search_term_string\"}}],\"inLanguage\":\"es\"}]}<\/script>\n<!-- \/ Yoast SEO plugin. -->","yoast_head_json":{"title":"Pick 3 de Virginia: Resultados y N\u00fameros Ganadores de Hoy [Tarde+D\u00eda+Noche]","description":"Conozca los resultados m\u00e1s recientes, n\u00fameros ganadores y cantidades del premio mayor para el Pick 3 de Virginia (VA). Adem\u00e1s, aprenda sus reglas, pagos, probabilidades y m\u00e1s.","robots":{"index":"index","follow":"follow","max-snippet":"max-snippet:-1","max-image-preview":"max-image-preview:large","max-video-preview":"max-video-preview:-1"},"canonical":"https:\/\/www.lotterycritic.com\/es\/resultados-loteria\/virginia\/pick-3\/","og_locale":"es_ES","og_type":"article","og_title":"Pick 3 de Virginia: Resultados y N\u00fameros Ganadores de Hoy [Tarde+D\u00eda+Noche]","og_description":"Conozca los resultados m\u00e1s recientes, n\u00fameros ganadores y cantidades del premio mayor para el Pick 3 de Virginia (VA). Adem\u00e1s, aprenda sus reglas, pagos, probabilidades y m\u00e1s.","og_url":"https:\/\/www.lotterycritic.com\/es\/resultados-loteria\/virginia\/pick-3\/","og_site_name":"Lottery Critic","article_modified_time":"2023-09-18T10:58:58+00:00","twitter_card":"summary_large_image","twitter_misc":{"Tiempo de lectura":"3 minutos"},"schema":{"@context":"https:\/\/schema.org","@graph":[{"@type":"WebPage","@id":"https:\/\/www.lotterycritic.com\/es\/resultados-loteria\/virginia\/pick-3\/","url":"https:\/\/www.lotterycritic.com\/es\/resultados-loteria\/virginia\/pick-3\/","name":"Pick 3 de Virginia: Resultados y N\u00fameros Ganadores de Hoy [Tarde+D\u00eda+Noche]","isPartOf":{"@id":"https:\/\/www.lotterycritic.com\/es\/#website"},"datePublished":"2023-09-10T00:50:33+00:00","dateModified":"2023-09-18T10:58:58+00:00","description":"Conozca los resultados m\u00e1s recientes, n\u00fameros ganadores y cantidades del premio mayor para el Pick 3 de Virginia (VA). Adem\u00e1s, aprenda sus reglas, pagos, probabilidades y m\u00e1s.","breadcrumb":{"@id":"https:\/\/www.lotterycritic.com\/es\/resultados-loteria\/virginia\/pick-3\/#breadcrumb"},"inLanguage":"es","potentialAction":[{"@type":"ReadAction","target":["https:\/\/www.lotterycritic.com\/es\/resultados-loteria\/virginia\/pick-3\/"]}]},{"@type":"BreadcrumbList","@id":"https:\/\/www.lotterycritic.com\/es\/resultados-loteria\/virginia\/pick-3\/#breadcrumb","itemListElement":[{"@type":"ListItem","position":1,"name":"Home","item":"https:\/\/www.lotterycritic.com\/es\/"},{"@type":"ListItem","position":2,"name":"Resultados de La Loter\u00eda Americana &#8211; Los \u00daltimos N\u00fameros Ganadores de La Loter\u00eda de Estados Unidos","item":"https:\/\/www.lotterycritic.com\/es\/resultados-loteria\/"},{"@type":"ListItem","position":3,"name":"Resultados de La Loter\u00eda de Virginia (VA) &#8211; Comprueba Los N\u00fameros Ganadores de Hoy En Virginia","item":"https:\/\/www.lotterycritic.com\/es\/resultados-loteria\/virginia\/"},{"@type":"ListItem","position":4,"name":"Resultados del Pick 3 de Virginia (VA) y N\u00fameros Ganadores de Hoy [Tarde + D\u00eda + Noche]"}]},{"@type":"WebSite","@id":"https:\/\/www.lotterycritic.com\/es\/#website","url":"https:\/\/www.lotterycritic.com\/es\/","name":"Lottery Critic","description":"Your Guide to Lottery Results, Winning Numbers &amp; More\u2026","potentialAction":[{"@type":"SearchAction","target":{"@type":"EntryPoint","urlTemplate":"https:\/\/www.lotterycritic.com\/es\/?s={search_term_string}"},"query-input":{"@type":"PropertyValueSpecification","valueRequired":true,"valueName":"search_term_string"}}],"inLanguage":"es"}]}},"_links":{"self":[{"href":"https:\/\/www.lotterycritic.com\/es\/wp-json\/wp\/v2\/pages\/14313"}],"collection":[{"href":"https:\/\/www.lotterycritic.com\/es\/wp-json\/wp\/v2\/pages"}],"about":[{"href":"https:\/\/www.lotterycritic.com\/es\/wp-json\/wp\/v2\/types\/page"}],"author":[{"embeddable":true,"href":"https:\/\/www.lotterycritic.com\/es\/wp-json\/wp\/v2\/users\/2"}],"replies":[{"embeddable":true,"href":"https:\/\/www.lotterycritic.com\/es\/wp-json\/wp\/v2\/comments?post=14313"}],"version-history":[{"count":1,"href":"https:\/\/www.lotterycritic.com\/es\/wp-json\/wp\/v2\/pages\/14313\/revisions"}],"predecessor-version":[{"id":14314,"href":"https:\/\/www.lotterycritic.com\/es\/wp-json\/wp\/v2\/pages\/14313\/revisions\/14314"}],"up":[{"embeddable":true,"href":"https:\/\/www.lotterycritic.com\/es\/wp-json\/wp\/v2\/pages\/14306"}],"wp:attachment":[{"href":"https:\/\/www.lotterycritic.com\/es\/wp-json\/wp\/v2\/media?parent=14313"}],"curies":[{"name":"wp","href":"https:\/\/api.w.org\/{rel}","templated":true}]}}