{"id":14311,"date":"2023-09-09T22:59:52","date_gmt":"2023-09-09T22:59:52","guid":{"rendered":"https:\/\/www.lotterycritic.com\/resultados-loteria\/virginia\/resultados-de-loteria-cash4life-de-virginia-va-y-numeros-ganadores-de-hoy-y-ayer\/"},"modified":"2023-09-18T10:58:24","modified_gmt":"2023-09-18T10:58:24","slug":"cash4life","status":"publish","type":"page","link":"https:\/\/www.lotterycritic.com\/es\/resultados-loteria\/virginia\/cash4life\/","title":{"rendered":"Resultados de Loter\u00eda Cash4Life de Virginia (VA) y N\u00fameros Ganadores de Hoy y Ayer"},"content":{"rendered":"<p><\/p>\n<p>Cash4Life es un juego presente en varios estados. Para jugar, tendr\u00e1 que elegir 5 n\u00fameros del 1 al 60, adem\u00e1s del n\u00famero Cash Ball del 1 al 4.<\/p>\n<p>Coincidir en los 6 n\u00fameros le har\u00e1 ganar $1,000 por d\u00eda de por vida.<\/p>\n<ul>\n<li><a href=\"https:\/\/www.lotterycritic.com\/lottery-results\/virginia\/\">Conozca m\u00e1s Premios y Resultados de la Loter\u00eda de Virginia<\/a><\/li>\n<\/ul>\n<p>Si acierta los 5 n\u00fameros regulares, pero no la Cash Ball, gana el segundo premio: $1,000 por semana de por vida.<\/p>\n<p>\n<\/p>\n<p><section><div class=\"section-anchor\" id=\"payouts-and-odds\"><\/div><\/p>\n<h2><span style=\"font-weight: 400;\">Pagos y Probabilidades del Cash4Life de Virginia<\/span><\/h2>\n<table>\n<tbody>\n<tr>\n<td><strong>N\u00fameros acertados<\/strong><\/td>\n<td><strong>Premio<\/strong><\/td>\n<td><strong>Probabilidades<\/strong><\/td>\n<\/tr>\n<tr>\n<td><span style=\"font-weight: 400;\">5 + Cash Ball<\/span><\/td>\n<td><span style=\"font-weight: 400;\">$1,000 por d\u00eda de por vida<\/span><\/td>\n<td><span style=\"font-weight: 400;\">1 en 21,846,048<\/span><\/td>\n<\/tr>\n<tr>\n<td><span style=\"font-weight: 400;\">5<\/span><\/td>\n<td><span style=\"font-weight: 400;\">$1,000 por semana de por vida<\/span><\/td>\n<td><span style=\"font-weight: 400;\">1 en 7,282,016<\/span><\/td>\n<\/tr>\n<tr>\n<td><span style=\"font-weight: 400;\">4 + Cash Ball<\/span><\/td>\n<td><span style=\"font-weight: 400;\">$2500<\/span><\/td>\n<td><span style=\"font-weight: 400;\">1 en 79,440 <\/span><\/td>\n<\/tr>\n<tr>\n<td><span style=\"font-weight: 400;\">4<\/span><\/td>\n<td><span style=\"font-weight: 400;\">$500<\/span><\/td>\n<td><span style=\"font-weight: 400;\">1 en 26,480<\/span><\/td>\n<\/tr>\n<tr>\n<td><span style=\"font-weight: 400;\">3 + Cash Ball<\/span><\/td>\n<td><span style=\"font-weight: 400;\">$100<\/span><\/td>\n<td><span style=\"font-weight: 400;\">1 en 1,471<\/span><\/td>\n<\/tr>\n<tr>\n<td><span style=\"font-weight: 400;\">3<\/span><\/td>\n<td><span style=\"font-weight: 400;\">$25<\/span><\/td>\n<td><span style=\"font-weight: 400;\">1 en 490<\/span><\/td>\n<\/tr>\n<tr>\n<td><span style=\"font-weight: 400;\">2 + Cash Ball<\/span><\/td>\n<td><span style=\"font-weight: 400;\">$10<\/span><\/td>\n<td><span style=\"font-weight: 400;\">1 en 83<\/span><\/td>\n<\/tr>\n<tr>\n<td><span style=\"font-weight: 400;\">2<\/span><\/td>\n<td><span style=\"font-weight: 400;\">$4<\/span><\/td>\n<td><span style=\"font-weight: 400;\">1 en 28<\/span><\/td>\n<\/tr>\n<tr>\n<td><span style=\"font-weight: 400;\">1 + Cash Ball<\/span><\/td>\n<td><span style=\"font-weight: 400;\">$2<\/span><\/td>\n<td><span style=\"font-weight: 400;\">1 en 13<\/span><\/td>\n<\/tr>\n<\/tbody>\n<\/table>\n<p>\n<\/section><\/p>\n<p><section><div class=\"section-anchor\" id=\"drawing-schedule\"><\/div><\/p>\n<h2><span style=\"font-weight: 400;\">Calendario de sorteos del Cash4Life de Virginia<\/span><\/h2>\n<p>El Cash4Life se sortea todos los <strong>lunes y jueves<\/strong> a las <span style=\"font-weight: 400;\"><strong>9 PM EST<\/strong>. Cada billete cuesta $2, siendo posible la compra hasta las 8:45 PM, justo antes del sorteo. Existen m\u00e1s juegos de la Loter\u00eda de Virginia como el <a href=\"https:\/\/www.lotterycritic.com\/lottery-results\/virginia\/pick-4\/\">Pick 4<\/a>, Pick 3 y mucho m\u00e1s.<\/span><\/p>\n<p>\n<\/section><\/p>\n","protected":false},"excerpt":{"rendered":"","protected":false},"author":2,"featured_media":0,"parent":14306,"menu_order":0,"comment_status":"closed","ping_status":"closed","template":"lottery-results-game-child-template.php","meta":{"footnotes":""},"class_list":["post-14311","page","type-page","status-publish","hentry"],"acf":[],"yoast_head":"<!-- This site is optimized with the Yoast SEO plugin v23.4 - https:\/\/yoast.com\/wordpress\/plugins\/seo\/ -->\n<title>Loter\u00eda Cash4Life de Virginia: Resultados y N\u00fameros Ganadores [Ayer+Hoy]<\/title>\n<meta name=\"description\" content=\"Obtenga los \u00faltimos resultados, n\u00fameros ganadores y cantidades del premio mayor para el Cash4Life de Virginia. Adem\u00e1s, aprenda sus reglas, pagos, probabilidades y m\u00e1s.\" \/>\n<meta name=\"robots\" content=\"index, follow, max-snippet:-1, max-image-preview:large, max-video-preview:-1\" \/>\n<link rel=\"canonical\" href=\"https:\/\/www.lotterycritic.com\/es\/resultados-loteria\/virginia\/cash4life\/\" \/>\n<meta property=\"og:locale\" content=\"es_ES\" \/>\n<meta property=\"og:type\" content=\"article\" \/>\n<meta property=\"og:title\" content=\"Loter\u00eda Cash4Life de Virginia: Resultados y N\u00fameros Ganadores [Ayer+Hoy]\" \/>\n<meta property=\"og:description\" content=\"Obtenga los \u00faltimos resultados, n\u00fameros ganadores y cantidades del premio mayor para el Cash4Life de Virginia. Adem\u00e1s, aprenda sus reglas, pagos, probabilidades y m\u00e1s.\" \/>\n<meta property=\"og:url\" content=\"https:\/\/www.lotterycritic.com\/es\/resultados-loteria\/virginia\/cash4life\/\" \/>\n<meta property=\"og:site_name\" content=\"Lottery Critic\" \/>\n<meta property=\"article:modified_time\" content=\"2023-09-18T10:58:24+00:00\" \/>\n<meta name=\"twitter:card\" content=\"summary_large_image\" \/>\n<meta name=\"twitter:label1\" content=\"Tiempo de lectura\" \/>\n\t<meta name=\"twitter:data1\" content=\"1 minuto\" \/>\n<script type=\"application\/ld+json\" class=\"yoast-schema-graph\">{\"@context\":\"https:\/\/schema.org\",\"@graph\":[{\"@type\":\"WebPage\",\"@id\":\"https:\/\/www.lotterycritic.com\/es\/resultados-loteria\/virginia\/cash4life\/\",\"url\":\"https:\/\/www.lotterycritic.com\/es\/resultados-loteria\/virginia\/cash4life\/\",\"name\":\"Loter\u00eda Cash4Life de Virginia: Resultados y N\u00fameros Ganadores [Ayer+Hoy]\",\"isPartOf\":{\"@id\":\"https:\/\/www.lotterycritic.com\/es\/#website\"},\"datePublished\":\"2023-09-09T22:59:52+00:00\",\"dateModified\":\"2023-09-18T10:58:24+00:00\",\"description\":\"Obtenga los \u00faltimos resultados, n\u00fameros ganadores y cantidades del premio mayor para el Cash4Life de Virginia. Adem\u00e1s, aprenda sus reglas, pagos, probabilidades y m\u00e1s.\",\"breadcrumb\":{\"@id\":\"https:\/\/www.lotterycritic.com\/es\/resultados-loteria\/virginia\/cash4life\/#breadcrumb\"},\"inLanguage\":\"es\",\"potentialAction\":[{\"@type\":\"ReadAction\",\"target\":[\"https:\/\/www.lotterycritic.com\/es\/resultados-loteria\/virginia\/cash4life\/\"]}]},{\"@type\":\"BreadcrumbList\",\"@id\":\"https:\/\/www.lotterycritic.com\/es\/resultados-loteria\/virginia\/cash4life\/#breadcrumb\",\"itemListElement\":[{\"@type\":\"ListItem\",\"position\":1,\"name\":\"Home\",\"item\":\"https:\/\/www.lotterycritic.com\/es\/\"},{\"@type\":\"ListItem\",\"position\":2,\"name\":\"Resultados de La Loter\u00eda Americana &#8211; Los \u00daltimos N\u00fameros Ganadores de La Loter\u00eda de Estados Unidos\",\"item\":\"https:\/\/www.lotterycritic.com\/es\/resultados-loteria\/\"},{\"@type\":\"ListItem\",\"position\":3,\"name\":\"Resultados de La Loter\u00eda de Virginia (VA) &#8211; Comprueba Los N\u00fameros Ganadores de Hoy En Virginia\",\"item\":\"https:\/\/www.lotterycritic.com\/es\/resultados-loteria\/virginia\/\"},{\"@type\":\"ListItem\",\"position\":4,\"name\":\"Resultados de Loter\u00eda Cash4Life de Virginia (VA) y N\u00fameros Ganadores de Hoy y Ayer\"}]},{\"@type\":\"WebSite\",\"@id\":\"https:\/\/www.lotterycritic.com\/es\/#website\",\"url\":\"https:\/\/www.lotterycritic.com\/es\/\",\"name\":\"Lottery Critic\",\"description\":\"Your Guide to Lottery Results, Winning Numbers &amp; More\u2026\",\"potentialAction\":[{\"@type\":\"SearchAction\",\"target\":{\"@type\":\"EntryPoint\",\"urlTemplate\":\"https:\/\/www.lotterycritic.com\/es\/?s={search_term_string}\"},\"query-input\":{\"@type\":\"PropertyValueSpecification\",\"valueRequired\":true,\"valueName\":\"search_term_string\"}}],\"inLanguage\":\"es\"}]}<\/script>\n<!-- \/ Yoast SEO plugin. -->","yoast_head_json":{"title":"Loter\u00eda Cash4Life de Virginia: Resultados y N\u00fameros Ganadores [Ayer+Hoy]","description":"Obtenga los \u00faltimos resultados, n\u00fameros ganadores y cantidades del premio mayor para el Cash4Life de Virginia. Adem\u00e1s, aprenda sus reglas, pagos, probabilidades y m\u00e1s.","robots":{"index":"index","follow":"follow","max-snippet":"max-snippet:-1","max-image-preview":"max-image-preview:large","max-video-preview":"max-video-preview:-1"},"canonical":"https:\/\/www.lotterycritic.com\/es\/resultados-loteria\/virginia\/cash4life\/","og_locale":"es_ES","og_type":"article","og_title":"Loter\u00eda Cash4Life de Virginia: Resultados y N\u00fameros Ganadores [Ayer+Hoy]","og_description":"Obtenga los \u00faltimos resultados, n\u00fameros ganadores y cantidades del premio mayor para el Cash4Life de Virginia. Adem\u00e1s, aprenda sus reglas, pagos, probabilidades y m\u00e1s.","og_url":"https:\/\/www.lotterycritic.com\/es\/resultados-loteria\/virginia\/cash4life\/","og_site_name":"Lottery Critic","article_modified_time":"2023-09-18T10:58:24+00:00","twitter_card":"summary_large_image","twitter_misc":{"Tiempo de lectura":"1 minuto"},"schema":{"@context":"https:\/\/schema.org","@graph":[{"@type":"WebPage","@id":"https:\/\/www.lotterycritic.com\/es\/resultados-loteria\/virginia\/cash4life\/","url":"https:\/\/www.lotterycritic.com\/es\/resultados-loteria\/virginia\/cash4life\/","name":"Loter\u00eda Cash4Life de Virginia: Resultados y N\u00fameros Ganadores [Ayer+Hoy]","isPartOf":{"@id":"https:\/\/www.lotterycritic.com\/es\/#website"},"datePublished":"2023-09-09T22:59:52+00:00","dateModified":"2023-09-18T10:58:24+00:00","description":"Obtenga los \u00faltimos resultados, n\u00fameros ganadores y cantidades del premio mayor para el Cash4Life de Virginia. Adem\u00e1s, aprenda sus reglas, pagos, probabilidades y m\u00e1s.","breadcrumb":{"@id":"https:\/\/www.lotterycritic.com\/es\/resultados-loteria\/virginia\/cash4life\/#breadcrumb"},"inLanguage":"es","potentialAction":[{"@type":"ReadAction","target":["https:\/\/www.lotterycritic.com\/es\/resultados-loteria\/virginia\/cash4life\/"]}]},{"@type":"BreadcrumbList","@id":"https:\/\/www.lotterycritic.com\/es\/resultados-loteria\/virginia\/cash4life\/#breadcrumb","itemListElement":[{"@type":"ListItem","position":1,"name":"Home","item":"https:\/\/www.lotterycritic.com\/es\/"},{"@type":"ListItem","position":2,"name":"Resultados de La Loter\u00eda Americana &#8211; Los \u00daltimos N\u00fameros Ganadores de La Loter\u00eda de Estados Unidos","item":"https:\/\/www.lotterycritic.com\/es\/resultados-loteria\/"},{"@type":"ListItem","position":3,"name":"Resultados de La Loter\u00eda de Virginia (VA) &#8211; Comprueba Los N\u00fameros Ganadores de Hoy En Virginia","item":"https:\/\/www.lotterycritic.com\/es\/resultados-loteria\/virginia\/"},{"@type":"ListItem","position":4,"name":"Resultados de Loter\u00eda Cash4Life de Virginia (VA) y N\u00fameros Ganadores de Hoy y Ayer"}]},{"@type":"WebSite","@id":"https:\/\/www.lotterycritic.com\/es\/#website","url":"https:\/\/www.lotterycritic.com\/es\/","name":"Lottery Critic","description":"Your Guide to Lottery Results, Winning Numbers &amp; More\u2026","potentialAction":[{"@type":"SearchAction","target":{"@type":"EntryPoint","urlTemplate":"https:\/\/www.lotterycritic.com\/es\/?s={search_term_string}"},"query-input":{"@type":"PropertyValueSpecification","valueRequired":true,"valueName":"search_term_string"}}],"inLanguage":"es"}]}},"_links":{"self":[{"href":"https:\/\/www.lotterycritic.com\/es\/wp-json\/wp\/v2\/pages\/14311"}],"collection":[{"href":"https:\/\/www.lotterycritic.com\/es\/wp-json\/wp\/v2\/pages"}],"about":[{"href":"https:\/\/www.lotterycritic.com\/es\/wp-json\/wp\/v2\/types\/page"}],"author":[{"embeddable":true,"href":"https:\/\/www.lotterycritic.com\/es\/wp-json\/wp\/v2\/users\/2"}],"replies":[{"embeddable":true,"href":"https:\/\/www.lotterycritic.com\/es\/wp-json\/wp\/v2\/comments?post=14311"}],"version-history":[{"count":1,"href":"https:\/\/www.lotterycritic.com\/es\/wp-json\/wp\/v2\/pages\/14311\/revisions"}],"predecessor-version":[{"id":14312,"href":"https:\/\/www.lotterycritic.com\/es\/wp-json\/wp\/v2\/pages\/14311\/revisions\/14312"}],"up":[{"embeddable":true,"href":"https:\/\/www.lotterycritic.com\/es\/wp-json\/wp\/v2\/pages\/14306"}],"wp:attachment":[{"href":"https:\/\/www.lotterycritic.com\/es\/wp-json\/wp\/v2\/media?parent=14311"}],"curies":[{"name":"wp","href":"https:\/\/api.w.org\/{rel}","templated":true}]}}