{"id":14309,"date":"2023-09-09T22:43:46","date_gmt":"2023-09-09T22:43:46","guid":{"rendered":"https:\/\/www.lotterycritic.com\/resultados-loteria\/virginia\/resultados-de-loteria-cash-5-de-virginia-va-y-numeros-ganadores-de-hoy-tarde-noche\/"},"modified":"2023-09-18T10:57:53","modified_gmt":"2023-09-18T10:57:53","slug":"cash-5","status":"publish","type":"page","link":"https:\/\/www.lotterycritic.com\/es\/resultados-loteria\/virginia\/cash-5\/","title":{"rendered":"Resultados de Loter\u00eda Cash 5 de Virginia (VA) y N\u00fameros Ganadores de Hoy [Tarde + Noche]"},"content":{"rendered":"<p><section><div class=\"section-anchor\" id=\"game-rules\"><\/div><\/p>\n<p>El Cash 5 de Virginia sortea un premio de $100,000 por juego. Son dos los sorteos que suceden en un d\u00eda, y es posible jugar con tan solo $0.25, hasta tener un billete de un m\u00ednimo de $1.<\/p>\n<p>Para jugar, debe elegir 5 n\u00fameros del 1 al 34. Tendr\u00e1 que acertar en los 5 n\u00fameros ganadores para llevarse el premio mayor.<\/p>\n<p>\n<\/section><\/p>\n<p><section><div class=\"section-anchor\" id=\"drawing-schedule\"><\/div><\/p>\n<h2><span style=\"font-weight: 400;\">Calendario de sorteos del Cash 5 de Virginia<\/span><\/h2>\n<p>El Cash 5 de la <a href=\"https:\/\/www.lotterycritic.com\/lottery-results\/virginia\/\">Loter\u00eda de Virginia<\/a> se sortea<strong> todos los d\u00edas<\/strong> a la <span style=\"font-weight: 400;\"><strong>1:59 PM y 11 PM EST<\/strong>. La venta de billetes se cierra a la 1:53 PM y 10:45 PM, respectivamente. Otro juego con dos sorteos por d\u00eda es el <a href=\"https:\/\/www.lotterycritic.com\/lottery-results\/virginia\/pick-3\/\">Pick 3<\/a>.<\/span><\/p>\n<p>\n<\/section><\/p>\n<p><section><div class=\"section-anchor\" id=\"payouts-and-odds\"><\/div><\/p>\n<h2><span style=\"font-weight: 400;\">Pagos y Probabilidades del Cash 5 de Virginia<\/span><\/h2>\n<table>\n<tbody>\n<tr>\n<td><b>N\u00fameros acertados<\/b><\/td>\n<td><b>Premio con una apuesta de $1<\/b><\/td>\n<td><b>Premio con una apuesta de $0.50<\/b><\/td>\n<td><b>Premio con una apuesta de $0.25<\/b><\/td>\n<td><b>Probabilidades<\/b><\/td>\n<\/tr>\n<tr>\n<td><span style=\"font-weight: 400;\">5 de 5<\/span><\/td>\n<td><span style=\"font-weight: 400;\">$100,000<\/span><\/td>\n<td><span style=\"font-weight: 400;\">$50,000<\/span><\/td>\n<td><span style=\"font-weight: 400;\">$25,000<\/span><\/td>\n<td><span style=\"font-weight: 400;\">1 en 278,256<\/span><\/td>\n<\/tr>\n<tr>\n<td><span style=\"font-weight: 400;\">4 de 5<\/span><\/td>\n<td><span style=\"font-weight: 400;\">$100<\/span><\/td>\n<td><span style=\"font-weight: 400;\">$50<\/span><\/td>\n<td><span style=\"font-weight: 400;\">$25<\/span><\/td>\n<td><span style=\"font-weight: 400;\">1 en 1919<\/span><\/td>\n<\/tr>\n<tr>\n<td><span style=\"font-weight: 400;\">3 de 5<\/span><\/td>\n<td><span style=\"font-weight: 400;\">$5<\/span><\/td>\n<td><span style=\"font-weight: 400;\">$2.50<\/span><\/td>\n<td><span style=\"font-weight: 400;\">$1.25<\/span><\/td>\n<td><span style=\"font-weight: 400;\">1 en 69<\/span><\/td>\n<\/tr>\n<\/tbody>\n<\/table>\n<p>\n<\/section><\/p>\n","protected":false},"excerpt":{"rendered":"","protected":false},"author":2,"featured_media":0,"parent":14306,"menu_order":2,"comment_status":"closed","ping_status":"closed","template":"lottery-results-game-child-template.php","meta":{"footnotes":""},"class_list":["post-14309","page","type-page","status-publish","hentry"],"acf":[],"yoast_head":"<!-- This site is optimized with the Yoast SEO plugin v23.4 - https:\/\/yoast.com\/wordpress\/plugins\/seo\/ -->\n<title>Cash 5 de Virginia: Resultados y N\u00fameros Ganadores de Hoy [Tarde+Noche]<\/title>\n<meta name=\"description\" content=\"Obtenga los resultados m\u00e1s recientes, n\u00fameros ganadores y cantidades del premio mayor para el Cash 5 de la Loter\u00eda de Virginia. Tambi\u00e9n conozca las reglas, pagos, probabilidades y m\u00e1s.\" \/>\n<meta name=\"robots\" content=\"index, follow, max-snippet:-1, max-image-preview:large, max-video-preview:-1\" \/>\n<link rel=\"canonical\" href=\"https:\/\/www.lotterycritic.com\/es\/resultados-loteria\/virginia\/cash-5\/\" \/>\n<meta property=\"og:locale\" content=\"es_ES\" \/>\n<meta property=\"og:type\" content=\"article\" \/>\n<meta property=\"og:title\" content=\"Cash 5 de Virginia: Resultados y N\u00fameros Ganadores de Hoy [Tarde+Noche]\" \/>\n<meta property=\"og:description\" content=\"Obtenga los resultados m\u00e1s recientes, n\u00fameros ganadores y cantidades del premio mayor para el Cash 5 de la Loter\u00eda de Virginia. Tambi\u00e9n conozca las reglas, pagos, probabilidades y m\u00e1s.\" \/>\n<meta property=\"og:url\" content=\"https:\/\/www.lotterycritic.com\/es\/resultados-loteria\/virginia\/cash-5\/\" \/>\n<meta property=\"og:site_name\" content=\"Lottery Critic\" \/>\n<meta property=\"article:modified_time\" content=\"2023-09-18T10:57:53+00:00\" \/>\n<meta name=\"twitter:card\" content=\"summary_large_image\" \/>\n<meta name=\"twitter:label1\" content=\"Tiempo de lectura\" \/>\n\t<meta name=\"twitter:data1\" content=\"1 minuto\" \/>\n<script type=\"application\/ld+json\" class=\"yoast-schema-graph\">{\"@context\":\"https:\/\/schema.org\",\"@graph\":[{\"@type\":\"WebPage\",\"@id\":\"https:\/\/www.lotterycritic.com\/es\/resultados-loteria\/virginia\/cash-5\/\",\"url\":\"https:\/\/www.lotterycritic.com\/es\/resultados-loteria\/virginia\/cash-5\/\",\"name\":\"Cash 5 de Virginia: Resultados y N\u00fameros Ganadores de Hoy [Tarde+Noche]\",\"isPartOf\":{\"@id\":\"https:\/\/www.lotterycritic.com\/es\/#website\"},\"datePublished\":\"2023-09-09T22:43:46+00:00\",\"dateModified\":\"2023-09-18T10:57:53+00:00\",\"description\":\"Obtenga los resultados m\u00e1s recientes, n\u00fameros ganadores y cantidades del premio mayor para el Cash 5 de la Loter\u00eda de Virginia. Tambi\u00e9n conozca las reglas, pagos, probabilidades y m\u00e1s.\",\"breadcrumb\":{\"@id\":\"https:\/\/www.lotterycritic.com\/es\/resultados-loteria\/virginia\/cash-5\/#breadcrumb\"},\"inLanguage\":\"es\",\"potentialAction\":[{\"@type\":\"ReadAction\",\"target\":[\"https:\/\/www.lotterycritic.com\/es\/resultados-loteria\/virginia\/cash-5\/\"]}]},{\"@type\":\"BreadcrumbList\",\"@id\":\"https:\/\/www.lotterycritic.com\/es\/resultados-loteria\/virginia\/cash-5\/#breadcrumb\",\"itemListElement\":[{\"@type\":\"ListItem\",\"position\":1,\"name\":\"Home\",\"item\":\"https:\/\/www.lotterycritic.com\/es\/\"},{\"@type\":\"ListItem\",\"position\":2,\"name\":\"Resultados de La Loter\u00eda Americana &#8211; Los \u00daltimos N\u00fameros Ganadores de La Loter\u00eda de Estados Unidos\",\"item\":\"https:\/\/www.lotterycritic.com\/es\/resultados-loteria\/\"},{\"@type\":\"ListItem\",\"position\":3,\"name\":\"Resultados de La Loter\u00eda de Virginia (VA) &#8211; Comprueba Los N\u00fameros Ganadores de Hoy En Virginia\",\"item\":\"https:\/\/www.lotterycritic.com\/es\/resultados-loteria\/virginia\/\"},{\"@type\":\"ListItem\",\"position\":4,\"name\":\"Resultados de Loter\u00eda Cash 5 de Virginia (VA) y N\u00fameros Ganadores de Hoy [Tarde + Noche]\"}]},{\"@type\":\"WebSite\",\"@id\":\"https:\/\/www.lotterycritic.com\/es\/#website\",\"url\":\"https:\/\/www.lotterycritic.com\/es\/\",\"name\":\"Lottery Critic\",\"description\":\"Your Guide to Lottery Results, Winning Numbers &amp; More\u2026\",\"potentialAction\":[{\"@type\":\"SearchAction\",\"target\":{\"@type\":\"EntryPoint\",\"urlTemplate\":\"https:\/\/www.lotterycritic.com\/es\/?s={search_term_string}\"},\"query-input\":{\"@type\":\"PropertyValueSpecification\",\"valueRequired\":true,\"valueName\":\"search_term_string\"}}],\"inLanguage\":\"es\"}]}<\/script>\n<!-- \/ Yoast SEO plugin. -->","yoast_head_json":{"title":"Cash 5 de Virginia: Resultados y N\u00fameros Ganadores de Hoy [Tarde+Noche]","description":"Obtenga los resultados m\u00e1s recientes, n\u00fameros ganadores y cantidades del premio mayor para el Cash 5 de la Loter\u00eda de Virginia. Tambi\u00e9n conozca las reglas, pagos, probabilidades y m\u00e1s.","robots":{"index":"index","follow":"follow","max-snippet":"max-snippet:-1","max-image-preview":"max-image-preview:large","max-video-preview":"max-video-preview:-1"},"canonical":"https:\/\/www.lotterycritic.com\/es\/resultados-loteria\/virginia\/cash-5\/","og_locale":"es_ES","og_type":"article","og_title":"Cash 5 de Virginia: Resultados y N\u00fameros Ganadores de Hoy [Tarde+Noche]","og_description":"Obtenga los resultados m\u00e1s recientes, n\u00fameros ganadores y cantidades del premio mayor para el Cash 5 de la Loter\u00eda de Virginia. Tambi\u00e9n conozca las reglas, pagos, probabilidades y m\u00e1s.","og_url":"https:\/\/www.lotterycritic.com\/es\/resultados-loteria\/virginia\/cash-5\/","og_site_name":"Lottery Critic","article_modified_time":"2023-09-18T10:57:53+00:00","twitter_card":"summary_large_image","twitter_misc":{"Tiempo de lectura":"1 minuto"},"schema":{"@context":"https:\/\/schema.org","@graph":[{"@type":"WebPage","@id":"https:\/\/www.lotterycritic.com\/es\/resultados-loteria\/virginia\/cash-5\/","url":"https:\/\/www.lotterycritic.com\/es\/resultados-loteria\/virginia\/cash-5\/","name":"Cash 5 de Virginia: Resultados y N\u00fameros Ganadores de Hoy [Tarde+Noche]","isPartOf":{"@id":"https:\/\/www.lotterycritic.com\/es\/#website"},"datePublished":"2023-09-09T22:43:46+00:00","dateModified":"2023-09-18T10:57:53+00:00","description":"Obtenga los resultados m\u00e1s recientes, n\u00fameros ganadores y cantidades del premio mayor para el Cash 5 de la Loter\u00eda de Virginia. Tambi\u00e9n conozca las reglas, pagos, probabilidades y m\u00e1s.","breadcrumb":{"@id":"https:\/\/www.lotterycritic.com\/es\/resultados-loteria\/virginia\/cash-5\/#breadcrumb"},"inLanguage":"es","potentialAction":[{"@type":"ReadAction","target":["https:\/\/www.lotterycritic.com\/es\/resultados-loteria\/virginia\/cash-5\/"]}]},{"@type":"BreadcrumbList","@id":"https:\/\/www.lotterycritic.com\/es\/resultados-loteria\/virginia\/cash-5\/#breadcrumb","itemListElement":[{"@type":"ListItem","position":1,"name":"Home","item":"https:\/\/www.lotterycritic.com\/es\/"},{"@type":"ListItem","position":2,"name":"Resultados de La Loter\u00eda Americana &#8211; Los \u00daltimos N\u00fameros Ganadores de La Loter\u00eda de Estados Unidos","item":"https:\/\/www.lotterycritic.com\/es\/resultados-loteria\/"},{"@type":"ListItem","position":3,"name":"Resultados de La Loter\u00eda de Virginia (VA) &#8211; Comprueba Los N\u00fameros Ganadores de Hoy En Virginia","item":"https:\/\/www.lotterycritic.com\/es\/resultados-loteria\/virginia\/"},{"@type":"ListItem","position":4,"name":"Resultados de Loter\u00eda Cash 5 de Virginia (VA) y N\u00fameros Ganadores de Hoy [Tarde + Noche]"}]},{"@type":"WebSite","@id":"https:\/\/www.lotterycritic.com\/es\/#website","url":"https:\/\/www.lotterycritic.com\/es\/","name":"Lottery Critic","description":"Your Guide to Lottery Results, Winning Numbers &amp; More\u2026","potentialAction":[{"@type":"SearchAction","target":{"@type":"EntryPoint","urlTemplate":"https:\/\/www.lotterycritic.com\/es\/?s={search_term_string}"},"query-input":{"@type":"PropertyValueSpecification","valueRequired":true,"valueName":"search_term_string"}}],"inLanguage":"es"}]}},"_links":{"self":[{"href":"https:\/\/www.lotterycritic.com\/es\/wp-json\/wp\/v2\/pages\/14309"}],"collection":[{"href":"https:\/\/www.lotterycritic.com\/es\/wp-json\/wp\/v2\/pages"}],"about":[{"href":"https:\/\/www.lotterycritic.com\/es\/wp-json\/wp\/v2\/types\/page"}],"author":[{"embeddable":true,"href":"https:\/\/www.lotterycritic.com\/es\/wp-json\/wp\/v2\/users\/2"}],"replies":[{"embeddable":true,"href":"https:\/\/www.lotterycritic.com\/es\/wp-json\/wp\/v2\/comments?post=14309"}],"version-history":[{"count":1,"href":"https:\/\/www.lotterycritic.com\/es\/wp-json\/wp\/v2\/pages\/14309\/revisions"}],"predecessor-version":[{"id":14310,"href":"https:\/\/www.lotterycritic.com\/es\/wp-json\/wp\/v2\/pages\/14309\/revisions\/14310"}],"up":[{"embeddable":true,"href":"https:\/\/www.lotterycritic.com\/es\/wp-json\/wp\/v2\/pages\/14306"}],"wp:attachment":[{"href":"https:\/\/www.lotterycritic.com\/es\/wp-json\/wp\/v2\/media?parent=14309"}],"curies":[{"name":"wp","href":"https:\/\/api.w.org\/{rel}","templated":true}]}}