{"id":14284,"date":"2023-08-24T06:18:22","date_gmt":"2023-08-24T06:18:22","guid":{"rendered":"https:\/\/www.lotterycritic.com\/resultados-loteria\/tennessee\/resultados-de-loteria-mega-millions-de-tennessee-tn-y-numeros-ganadores-de-hoy-y-ayer\/"},"modified":"2023-08-24T11:51:59","modified_gmt":"2023-08-24T11:51:59","slug":"mega-millions","status":"publish","type":"page","link":"https:\/\/www.lotterycritic.com\/es\/resultados-loteria\/tennessee\/mega-millions\/","title":{"rendered":"Resultados de Loter\u00eda Mega Millions de Tennessee (TN) y N\u00fameros Ganadores de Hoy y Ayer"},"content":{"rendered":"<p><section><div class=\"section-anchor\" id=\"payouts--amp--prize-amounts\"><\/div><\/p>\n<h2>Pagos y Premios del Mega Millions de Tennessee<\/h2>\n<table>\n<tbody>\n<tr>\n<td style=\"text-align: center;\" rowspan=\"2\" width=\"104\"><strong>Aciertos<\/strong><\/td>\n<td style=\"text-align: center;\" rowspan=\"2\" width=\"104\"><strong>Premio<\/strong><\/td>\n<td style=\"text-align: center;\" colspan=\"4\" width=\"416\"><strong>Premio con MegaPlier<\/strong><\/td>\n<\/tr>\n<tr>\n<td style=\"text-align: center;\" width=\"104\"><strong>2x<\/strong><\/td>\n<td style=\"text-align: center;\" width=\"104\"><strong>3x<\/strong><\/td>\n<td style=\"text-align: center;\" width=\"104\"><strong>4x<\/strong><\/td>\n<td style=\"text-align: center;\" width=\"104\"><strong>5x<\/strong><\/td>\n<\/tr>\n<tr>\n<td width=\"104\">5+1<\/td>\n<td width=\"104\">Premio mayor<\/td>\n<td width=\"104\">&#8211;<\/td>\n<td width=\"104\">&#8211;<\/td>\n<td width=\"104\">&#8211;<\/td>\n<td width=\"104\">&#8211;<\/td>\n<\/tr>\n<tr>\n<td width=\"104\">5+0<\/td>\n<td width=\"104\">$1,000,000<\/td>\n<td width=\"104\">$2,000,000<\/td>\n<td width=\"104\">$3,000,000<\/td>\n<td width=\"104\">$4,000,000<\/td>\n<td width=\"104\">$5,000,000<\/td>\n<\/tr>\n<tr>\n<td width=\"104\">4+1<\/td>\n<td width=\"104\">$5,000<\/td>\n<td width=\"104\">$10,000<\/td>\n<td width=\"104\">$15,000<\/td>\n<td width=\"104\">$20,000<\/td>\n<td width=\"104\">$25,000<\/td>\n<\/tr>\n<tr>\n<td width=\"104\">4+0<\/td>\n<td width=\"104\">$500<\/td>\n<td width=\"104\">$1,000<\/td>\n<td width=\"104\">$1,500<\/td>\n<td width=\"104\">$2,000<\/td>\n<td width=\"104\">$2,500<\/td>\n<\/tr>\n<tr>\n<td width=\"104\">3+1<\/td>\n<td width=\"104\">$50<\/td>\n<td width=\"104\">$100<\/td>\n<td width=\"104\">$150<\/td>\n<td width=\"104\">$200<\/td>\n<td width=\"104\">$250<\/td>\n<\/tr>\n<tr>\n<td width=\"104\">3+0<\/td>\n<td width=\"104\">$5<\/td>\n<td width=\"104\">$10<\/td>\n<td width=\"104\">$15<\/td>\n<td width=\"104\">$20<\/td>\n<td width=\"104\">$25<\/td>\n<\/tr>\n<tr>\n<td width=\"104\">2+1<\/td>\n<td width=\"104\">$5<\/td>\n<td width=\"104\">$10<\/td>\n<td width=\"104\">$15<\/td>\n<td width=\"104\">$20<\/td>\n<td width=\"104\">$25<\/td>\n<\/tr>\n<tr>\n<td width=\"104\">1+1<\/td>\n<td width=\"104\">$2<\/td>\n<td width=\"104\">$4<\/td>\n<td width=\"104\">$6<\/td>\n<td width=\"104\">$8<\/td>\n<td width=\"104\">$10<\/td>\n<\/tr>\n<tr>\n<td width=\"104\">0+1<\/td>\n<td width=\"104\">$1<\/td>\n<td width=\"104\">$2<\/td>\n<td width=\"104\">$3<\/td>\n<td width=\"104\">$4<\/td>\n<td width=\"104\">$5<\/td>\n<\/tr>\n<\/tbody>\n<\/table>\n<p>\n<\/section><\/p>\n<p><section><div class=\"section-anchor\" id=\"odds\"><\/div><\/p>\n<h2>Probabilidades del Mega Millions de Tennessee<\/h2>\n<table>\n<tbody>\n<tr>\n<td width=\"312\"><strong>N\u00fameros acertados<\/strong><\/td>\n<td width=\"312\"><strong>Probabilidades de ganar<\/strong><\/td>\n<\/tr>\n<tr>\n<td width=\"312\">5+1<\/td>\n<td width=\"312\">1 en 259,890,850<\/td>\n<\/tr>\n<tr>\n<td width=\"312\">5+0<\/td>\n<td width=\"312\">1 en 18,492,203.57<\/td>\n<\/tr>\n<tr>\n<td width=\"312\">4+1<\/td>\n<td width=\"312\">1 en 739,688.14<\/td>\n<\/tr>\n<tr>\n<td width=\"312\">4+0<\/td>\n<td width=\"312\">1 en 52,834.87<\/td>\n<\/tr>\n<tr>\n<td width=\"312\">3+1<\/td>\n<td width=\"312\">1 en 10,720.12<\/td>\n<\/tr>\n<tr>\n<td width=\"312\">3+0<\/td>\n<td width=\"312\">1 en 765.72<\/td>\n<\/tr>\n<tr>\n<td width=\"312\">2+1<\/td>\n<td width=\"312\">1 en 472.95<\/td>\n<\/tr>\n<tr>\n<td width=\"312\">1+1<\/td>\n<td width=\"312\">1 en 56.47<\/td>\n<\/tr>\n<tr>\n<td width=\"312\">0+1<\/td>\n<td width=\"312\">1 en 21.39<\/td>\n<\/tr>\n<tr>\n<td width=\"312\">Cualquier premio<\/td>\n<td width=\"312\">1 en 14.71<\/td>\n<\/tr>\n<\/tbody>\n<\/table>\n<p>\n<\/section><\/p>\n<p><section><div class=\"section-anchor\" id=\"faqs\"><\/div><\/p>\n<h2>Preguntas Frecuentes sobre el Mega Millions de Tennessee<\/h2>\n<h3>\u00bfC\u00f3mo se gana el Mega Millions de Tennessee?<\/h3>\n<p>Gana el premio mayor del Mega Millions si acierta en los seis n\u00fameros sorteados. Tambi\u00e9n puede ganar premios, adem\u00e1s del premio mayor, que van desde $1 hasta $1 mill\u00f3n si coincide en uno o m\u00e1s n\u00fameros, como se detalla en la tabla m\u00e1s arriba sobre los Pagos y Premios del Mega Millions de Tennessee.<\/p>\n<p>Tennessee es uno de los estados que ofrece el MegaPly<sup>\u00ae<\/sup>, que permite aumentar los premios por fuera del premio mayor por 2, 3, 4 o 5 veces, pagando $1 adicional.<\/p>\n<h3>\u00bfCu\u00e1ndo se sortea el Mega Millions de Tennessee?<\/h3>\n<p>Los sorteos del Mega Millions suceden todos los martes y viernes a las 10:00 p.m., hora del centro.<\/p>\n<h3>\u00bfHasta qu\u00e9 hora puede comprar billetes para el Mega Millions en Tennessee?<\/h3>\n<p>La venta de billetes para el Mega Millions va hasta las 9:45 p.m., hora del centro, en d\u00edas con sorteo.<\/p>\n<ul>\n<li><a href=\"https:\/\/www.lotterycritic.com\/es\/resultados-loteria\/tennessee\/\">Premios y Resultados de la Loter\u00eda de Tennessee<\/a><\/li>\n<\/ul>\n<h3>\u00bfCu\u00e1nto paga en impuestos por ganar el Mega Millions de Tennessee?<\/h3>\n<p>No tendr\u00e1 que pagar impuestos estatales por ganancias de la loter\u00eda en Tennessee, pero a\u00fan tendr\u00e1 que pagar impuestos federales a una tasa del 24 %.<\/p>\n<p>Utilice nuestra <a href=\"https:\/\/www.lotterycritic.com\/es\/calculadoras-loteria\/calculadora-pagos-impuestos-mega-millions\/\">calculadora de pagos e impuestos del Mega Millions<\/a> para conocer la cantidad de impuestos que deber\u00e1 pagar si gana el premio mayor del Mega Millions, tanto para la entrega de la suma total, como la opci\u00f3n de anualidad.<\/p>\n<p>\n<\/section><\/p>\n","protected":false},"excerpt":{"rendered":"","protected":false},"author":1,"featured_media":0,"parent":14271,"menu_order":1,"comment_status":"closed","ping_status":"closed","template":"lottery-results-game-child-template.php","meta":{"footnotes":""},"class_list":["post-14284","page","type-page","status-publish","hentry"],"acf":[],"yoast_head":"<!-- This site is optimized with the Yoast SEO plugin v23.4 - https:\/\/yoast.com\/wordpress\/plugins\/seo\/ -->\n<title>Mega Millions de Tennessee (TN): Resultados y N\u00fameros Ganadores [Ayer+Hoy]<\/title>\n<meta name=\"description\" content=\"Conozca los resultados m\u00e1s recientes, n\u00fameros ganadores, premio mayor, n\u00fameros calientes y fr\u00edos, pagos, probabilidades y m\u00e1s, para el Mega Millions de Tennessee.\" \/>\n<meta name=\"robots\" content=\"index, follow, max-snippet:-1, max-image-preview:large, max-video-preview:-1\" \/>\n<link rel=\"canonical\" href=\"https:\/\/www.lotterycritic.com\/es\/resultados-loteria\/tennessee\/mega-millions\/\" \/>\n<meta property=\"og:locale\" content=\"es_ES\" \/>\n<meta property=\"og:type\" content=\"article\" \/>\n<meta property=\"og:title\" content=\"Mega Millions de Tennessee (TN): Resultados y N\u00fameros Ganadores [Ayer+Hoy]\" \/>\n<meta property=\"og:description\" content=\"Conozca los resultados m\u00e1s recientes, n\u00fameros ganadores, premio mayor, n\u00fameros calientes y fr\u00edos, pagos, probabilidades y m\u00e1s, para el Mega Millions de Tennessee.\" \/>\n<meta property=\"og:url\" content=\"https:\/\/www.lotterycritic.com\/es\/resultados-loteria\/tennessee\/mega-millions\/\" \/>\n<meta property=\"og:site_name\" content=\"Lottery Critic\" \/>\n<meta property=\"article:modified_time\" content=\"2023-08-24T11:51:59+00:00\" \/>\n<meta name=\"twitter:card\" content=\"summary_large_image\" \/>\n<meta name=\"twitter:label1\" content=\"Tiempo de lectura\" \/>\n\t<meta name=\"twitter:data1\" content=\"2 minutos\" \/>\n<script type=\"application\/ld+json\" class=\"yoast-schema-graph\">{\"@context\":\"https:\/\/schema.org\",\"@graph\":[{\"@type\":\"WebPage\",\"@id\":\"https:\/\/www.lotterycritic.com\/es\/resultados-loteria\/tennessee\/mega-millions\/\",\"url\":\"https:\/\/www.lotterycritic.com\/es\/resultados-loteria\/tennessee\/mega-millions\/\",\"name\":\"Mega Millions de Tennessee (TN): Resultados y N\u00fameros Ganadores [Ayer+Hoy]\",\"isPartOf\":{\"@id\":\"https:\/\/www.lotterycritic.com\/es\/#website\"},\"datePublished\":\"2023-08-24T06:18:22+00:00\",\"dateModified\":\"2023-08-24T11:51:59+00:00\",\"description\":\"Conozca los resultados m\u00e1s recientes, n\u00fameros ganadores, premio mayor, n\u00fameros calientes y fr\u00edos, pagos, probabilidades y m\u00e1s, para el Mega Millions de Tennessee.\",\"breadcrumb\":{\"@id\":\"https:\/\/www.lotterycritic.com\/es\/resultados-loteria\/tennessee\/mega-millions\/#breadcrumb\"},\"inLanguage\":\"es\",\"potentialAction\":[{\"@type\":\"ReadAction\",\"target\":[\"https:\/\/www.lotterycritic.com\/es\/resultados-loteria\/tennessee\/mega-millions\/\"]}]},{\"@type\":\"BreadcrumbList\",\"@id\":\"https:\/\/www.lotterycritic.com\/es\/resultados-loteria\/tennessee\/mega-millions\/#breadcrumb\",\"itemListElement\":[{\"@type\":\"ListItem\",\"position\":1,\"name\":\"Home\",\"item\":\"https:\/\/www.lotterycritic.com\/es\/\"},{\"@type\":\"ListItem\",\"position\":2,\"name\":\"Resultados de La Loter\u00eda Americana &#8211; Los \u00daltimos N\u00fameros Ganadores de La Loter\u00eda de Estados Unidos\",\"item\":\"https:\/\/www.lotterycritic.com\/es\/resultados-loteria\/\"},{\"@type\":\"ListItem\",\"position\":3,\"name\":\"Resultados de La Loter\u00eda de Tennessee (TN) &#8211; Comprueba Los N\u00fameros Ganadores de Hoy En Tennessee\",\"item\":\"https:\/\/www.lotterycritic.com\/es\/resultados-loteria\/tennessee\/\"},{\"@type\":\"ListItem\",\"position\":4,\"name\":\"Resultados de Loter\u00eda Mega Millions de Tennessee (TN) y N\u00fameros Ganadores de Hoy y Ayer\"}]},{\"@type\":\"WebSite\",\"@id\":\"https:\/\/www.lotterycritic.com\/es\/#website\",\"url\":\"https:\/\/www.lotterycritic.com\/es\/\",\"name\":\"Lottery Critic\",\"description\":\"Your Guide to Lottery Results, Winning Numbers &amp; More\u2026\",\"potentialAction\":[{\"@type\":\"SearchAction\",\"target\":{\"@type\":\"EntryPoint\",\"urlTemplate\":\"https:\/\/www.lotterycritic.com\/es\/?s={search_term_string}\"},\"query-input\":{\"@type\":\"PropertyValueSpecification\",\"valueRequired\":true,\"valueName\":\"search_term_string\"}}],\"inLanguage\":\"es\"}]}<\/script>\n<!-- \/ Yoast SEO plugin. -->","yoast_head_json":{"title":"Mega Millions de Tennessee (TN): Resultados y N\u00fameros Ganadores [Ayer+Hoy]","description":"Conozca los resultados m\u00e1s recientes, n\u00fameros ganadores, premio mayor, n\u00fameros calientes y fr\u00edos, pagos, probabilidades y m\u00e1s, para el Mega Millions de Tennessee.","robots":{"index":"index","follow":"follow","max-snippet":"max-snippet:-1","max-image-preview":"max-image-preview:large","max-video-preview":"max-video-preview:-1"},"canonical":"https:\/\/www.lotterycritic.com\/es\/resultados-loteria\/tennessee\/mega-millions\/","og_locale":"es_ES","og_type":"article","og_title":"Mega Millions de Tennessee (TN): Resultados y N\u00fameros Ganadores [Ayer+Hoy]","og_description":"Conozca los resultados m\u00e1s recientes, n\u00fameros ganadores, premio mayor, n\u00fameros calientes y fr\u00edos, pagos, probabilidades y m\u00e1s, para el Mega Millions de Tennessee.","og_url":"https:\/\/www.lotterycritic.com\/es\/resultados-loteria\/tennessee\/mega-millions\/","og_site_name":"Lottery Critic","article_modified_time":"2023-08-24T11:51:59+00:00","twitter_card":"summary_large_image","twitter_misc":{"Tiempo de lectura":"2 minutos"},"schema":{"@context":"https:\/\/schema.org","@graph":[{"@type":"WebPage","@id":"https:\/\/www.lotterycritic.com\/es\/resultados-loteria\/tennessee\/mega-millions\/","url":"https:\/\/www.lotterycritic.com\/es\/resultados-loteria\/tennessee\/mega-millions\/","name":"Mega Millions de Tennessee (TN): Resultados y N\u00fameros Ganadores [Ayer+Hoy]","isPartOf":{"@id":"https:\/\/www.lotterycritic.com\/es\/#website"},"datePublished":"2023-08-24T06:18:22+00:00","dateModified":"2023-08-24T11:51:59+00:00","description":"Conozca los resultados m\u00e1s recientes, n\u00fameros ganadores, premio mayor, n\u00fameros calientes y fr\u00edos, pagos, probabilidades y m\u00e1s, para el Mega Millions de Tennessee.","breadcrumb":{"@id":"https:\/\/www.lotterycritic.com\/es\/resultados-loteria\/tennessee\/mega-millions\/#breadcrumb"},"inLanguage":"es","potentialAction":[{"@type":"ReadAction","target":["https:\/\/www.lotterycritic.com\/es\/resultados-loteria\/tennessee\/mega-millions\/"]}]},{"@type":"BreadcrumbList","@id":"https:\/\/www.lotterycritic.com\/es\/resultados-loteria\/tennessee\/mega-millions\/#breadcrumb","itemListElement":[{"@type":"ListItem","position":1,"name":"Home","item":"https:\/\/www.lotterycritic.com\/es\/"},{"@type":"ListItem","position":2,"name":"Resultados de La Loter\u00eda Americana &#8211; Los \u00daltimos N\u00fameros Ganadores de La Loter\u00eda de Estados Unidos","item":"https:\/\/www.lotterycritic.com\/es\/resultados-loteria\/"},{"@type":"ListItem","position":3,"name":"Resultados de La Loter\u00eda de Tennessee (TN) &#8211; Comprueba Los N\u00fameros Ganadores de Hoy En Tennessee","item":"https:\/\/www.lotterycritic.com\/es\/resultados-loteria\/tennessee\/"},{"@type":"ListItem","position":4,"name":"Resultados de Loter\u00eda Mega Millions de Tennessee (TN) y N\u00fameros Ganadores de Hoy y Ayer"}]},{"@type":"WebSite","@id":"https:\/\/www.lotterycritic.com\/es\/#website","url":"https:\/\/www.lotterycritic.com\/es\/","name":"Lottery Critic","description":"Your Guide to Lottery Results, Winning Numbers &amp; More\u2026","potentialAction":[{"@type":"SearchAction","target":{"@type":"EntryPoint","urlTemplate":"https:\/\/www.lotterycritic.com\/es\/?s={search_term_string}"},"query-input":{"@type":"PropertyValueSpecification","valueRequired":true,"valueName":"search_term_string"}}],"inLanguage":"es"}]}},"_links":{"self":[{"href":"https:\/\/www.lotterycritic.com\/es\/wp-json\/wp\/v2\/pages\/14284"}],"collection":[{"href":"https:\/\/www.lotterycritic.com\/es\/wp-json\/wp\/v2\/pages"}],"about":[{"href":"https:\/\/www.lotterycritic.com\/es\/wp-json\/wp\/v2\/types\/page"}],"author":[{"embeddable":true,"href":"https:\/\/www.lotterycritic.com\/es\/wp-json\/wp\/v2\/users\/1"}],"replies":[{"embeddable":true,"href":"https:\/\/www.lotterycritic.com\/es\/wp-json\/wp\/v2\/comments?post=14284"}],"version-history":[{"count":1,"href":"https:\/\/www.lotterycritic.com\/es\/wp-json\/wp\/v2\/pages\/14284\/revisions"}],"predecessor-version":[{"id":14285,"href":"https:\/\/www.lotterycritic.com\/es\/wp-json\/wp\/v2\/pages\/14284\/revisions\/14285"}],"up":[{"embeddable":true,"href":"https:\/\/www.lotterycritic.com\/es\/wp-json\/wp\/v2\/pages\/14271"}],"wp:attachment":[{"href":"https:\/\/www.lotterycritic.com\/es\/wp-json\/wp\/v2\/media?parent=14284"}],"curies":[{"name":"wp","href":"https:\/\/api.w.org\/{rel}","templated":true}]}}