{"id":14282,"date":"2023-08-24T05:57:06","date_gmt":"2023-08-24T05:57:06","guid":{"rendered":"https:\/\/www.lotterycritic.com\/resultados-loteria\/tennessee\/resultados-de-loteria-cash-4-de-tennessee-tn-y-numeros-ganadores-de-hoy-noche-dia-manana\/"},"modified":"2023-08-24T11:51:26","modified_gmt":"2023-08-24T11:51:26","slug":"cash-4","status":"publish","type":"page","link":"https:\/\/www.lotterycritic.com\/es\/resultados-loteria\/tennessee\/cash-4\/","title":{"rendered":"Resultados de Loter\u00eda Cash 4 de Tennessee (TN) y N\u00fameros Ganadores de Hoy [Noche + D\u00eda + Ma\u00f1ana]"},"content":{"rendered":"<p><img decoding=\"async\" class=\"size-full wp-image-9392 aligncenter\" src=\"https:\/\/www.lotterycritic.com\/wp-content\/uploads\/2019\/12\/tennessee-lottery-cash-4-logo.png\" alt=\"Tennessee Cash 4\" width=\"200\" height=\"103\" \/><\/p>\n<p><section><div class=\"section-anchor\" id=\"how-to-play\"><\/div><\/p>\n<h2>C\u00f3mo jugar al Cash 4 de la Loter\u00eda de Tennessee<\/h2>\n<h3>Escoja sus n\u00fameros<\/h3>\n<p>Puede hacer uso de la opci\u00f3n Quick Pick para que la computadora elija sus n\u00fameros de forma autom\u00e1tica, o puede elegirlos por usted mismo seleccionando un n\u00famero de cuatro d\u00edgitos del 0000 al 9999.<\/p>\n<h3>Compre su billete<\/h3>\n<p>Puede comprar billetes para el Cash 4 de Tennessee en cualquier punto de venta autorizado en Tennessee. No es posible jugar en l\u00ednea.<\/p>\n<p>\n<\/section><\/p>\n<p><section><div class=\"section-anchor\" id=\"drawing-schedule\"><\/div><\/p>\n<h2>Calendario de sorteos del Cash 4 de Tennessee<\/h2>\n<p>Los sorteos del Cash 4 suceden<strong> todos los d\u00edas<\/strong> a las <strong>9:28 AM, 12:28 PM y 6:28 PM CT<\/strong>. Los domingos, solo se juega el sorteo de la noche.<\/p>\n<p>\n<\/section><\/p>\n<p><section><div class=\"section-anchor\" id=\"payouts-odds-and-rules\"><\/div><\/p>\n<h2>Pagos y Reglas del Cash 4 de Tennessee<\/h2>\n<p>Para jugar al Cash 4 tendr\u00e1 que elegir entre cuatro tipos de juego: acertar los n\u00fameros sorteados en el orden exacto, en cualquier orden, acertar ya sea en el orden exacto o en cualquier orden, o combinaci\u00f3n, que permite jugar con todas las posibles combinaciones resultantes de sus n\u00fameros elegidos.<\/p>\n<p>Los jugadores tambi\u00e9n deber\u00e1n elegir los sorteos o d\u00edas en los cuales desean participar, as\u00ed como el n\u00famero de sorteos consecutivos a los que jugar\u00e1.<\/p>\n<h3>LUCKY SUM<\/h3>\n<p>Es posible tambi\u00e9n a\u00f1adir la funci\u00f3n de LUCKY SUM para tener m\u00e1s oportunidades de ganar. El precio de incluir el LUCKY SUM es igual al precio de su juego base.<\/p>\n<p>Para jugar al LUCKY SUM, la suma de los n\u00fameros escogidos debe coincidir con la suma de los n\u00fameros sorteados. A cada suma le corresponde un determinado premio. El LUCKY SUM entrega un m\u00e1ximo de $500 para un juego de $1, o $250 para un juego de $0.50.<\/p>\n<p>Por ejemplo, si sus n\u00fameros son 2468, y los n\u00fameros sorteados fueron 4556, \u00a1gana! (2+4+6+8 = 4+5+5+6).<\/p>\n<h3>Premios y Probabilidades del Cash 4 de Tennessee<\/h3>\n<table>\n<tbody>\n<tr>\n<td><strong>Tipo de juego<\/strong><\/td>\n<td><strong>Premio con una apuesta de $0.50<\/strong><\/td>\n<td><strong>Premio con una apuesta de $1<\/strong><\/td>\n<td><strong>Probabilidades de ganar<\/strong><\/td>\n<\/tr>\n<tr>\n<td><strong>Orden Exacto<\/strong><\/td>\n<td>$2,500<\/td>\n<td>$5,000<\/td>\n<td>1 en 10,000<\/td>\n<\/tr>\n<tr>\n<td><strong>Cualquier Orden<\/strong><\/td>\n<td><\/td>\n<td><\/td>\n<td><\/td>\n<\/tr>\n<tr>\n<td>4-Way<\/td>\n<td>$599<\/td>\n<td>$1,198<\/td>\n<td>1 en 2,500<\/td>\n<\/tr>\n<tr>\n<td>6-Way<\/td>\n<td>$400<\/td>\n<td>$800<\/td>\n<td>1 en 1,667<\/td>\n<\/tr>\n<tr>\n<td>12-Way<\/td>\n<td>$200<\/td>\n<td>$400<\/td>\n<td>1 en 833<\/td>\n<\/tr>\n<tr>\n<td>24-Way<\/td>\n<td>$100<\/td>\n<td>$200<\/td>\n<td>1 en 417<\/td>\n<\/tr>\n<tr>\n<td><strong>Orden Exacto\/Cualquier Orden<\/strong><\/td>\n<td><\/td>\n<td><\/td>\n<td><\/td>\n<\/tr>\n<tr>\n<td>4-Way (Apuesta de $1)<\/td>\n<td>&#8211;<\/td>\n<td>$3,099 (orden exacto)<br \/>\n$599 (cualquier orden)<\/td>\n<td>1 en 10,000<br \/>\n1 en 2,500<\/td>\n<\/tr>\n<tr>\n<td>6-Way (Apuesta de $1)<\/td>\n<td>&#8211;<\/td>\n<td>$2,900 (orden exacto)<br \/>\n$400 (cualquier orden)<\/td>\n<td>1 en 10,000<br \/>\n1 en 1,667<\/td>\n<\/tr>\n<tr>\n<td>12-Way (Apuesta de $1)<\/td>\n<td>&#8211;<\/td>\n<td>$2,700 (orden exacto)<br \/>\n$200 (cualquier orden)<\/td>\n<td>1 en 10,000<br \/>\n1 en 833<\/td>\n<\/tr>\n<tr>\n<td>24-Way (Apuesta de $1)<\/td>\n<td>&#8211;<\/td>\n<td>$2,600 (orden exacto)<br \/>\n$100 (cualquier orden)<\/td>\n<td>1 en 10,000<br \/>\n1 en 417<\/td>\n<\/tr>\n<tr>\n<td><b>Combinaci\u00f3n<\/b><\/td>\n<td><\/td>\n<td><\/td>\n<td><\/td>\n<\/tr>\n<tr>\n<td>4-Way<\/td>\n<td>&#8211;<\/td>\n<td>$5,000 (apuesta de $4)<\/td>\n<td>1 en 10,000<\/td>\n<\/tr>\n<tr>\n<td>6-Way<\/td>\n<td>&#8211;<\/td>\n<td>$5,000 (apuesta de $6)<\/td>\n<td>1 en 10,000<\/td>\n<\/tr>\n<tr>\n<td>12-Way<\/td>\n<td>&#8211;<\/td>\n<td>$5,000 (apuesta de $12)<\/td>\n<td>1 en 10,000<\/td>\n<\/tr>\n<tr>\n<td>24-Way<\/td>\n<td>&#8211;<\/td>\n<td>$5,000 (apuesta de $24)<\/td>\n<td>1 en 10,000<\/td>\n<\/tr>\n<\/tbody>\n<\/table>\n<p>\n<\/section><\/p>\n<p><section><div class=\"section-anchor\" id=\"claim-your-prize\"><\/div><\/p>\n<h2>Reclame su premio del Cash 4 de Tennessee<\/h2>\n<p>Puede reclamar su premio de hasta $599 en cualquiera de los puntos de venta autorizados por la <a href=\"https:\/\/www.lotterycritic.com\/es\/resultados-loteria\/tennessee\/\">Loter\u00eda de Tennessee<\/a> o sucursal, o por correo postal. Premios entre $600 y $199,999 se pueden reclamar en las oficinas de la Loter\u00eda de Tennessee, o por correo postal. Premios de $200,000 o superiores tendr\u00e1n que ser reclamados en persona en las oficinas principales de la Loter\u00eda de Tennessee en Nashville.<\/p>\n<p>Los ganadores tienen 180 d\u00edas despu\u00e9s del sorteo en cuesti\u00f3n para reclamar su premio.<\/p>\n<p>\n<\/section><\/p>\n<p><section><div class=\"section-anchor\" id=\"other-tennessee-lotteries\"><\/div><\/p>\n<h2>Otras loter\u00edas de Tennessee<\/h2>\n<p>Encuentre los \u00faltimos resultados, cantidades del premio mayor, probabilidades de ganar, pago de premios, calendario de sorteos semanales y dem\u00e1s informaci\u00f3n \u00fatil para <a href=\"https:\/\/www.lotterycritic.com\/es\/resultados-loteria\/tennessee\/\">todas las loter\u00edas de Tennessee (TN)<\/a> como <a href=\"https:\/\/www.lotterycritic.com\/lottery-results\/tennessee\/lotto-america\/\">Lotto America<\/a>, <a href=\"https:\/\/www.lotterycritic.com\/es\/resultados-loteria\/nueva-jersey\/cash4life\/\">Cash4Life<\/a>, <a href=\"https:\/\/www.lotterycritic.com\/lottery-results\/tennessee\/tennessee-cash\/\">Tennessee Cash<\/a>, <a href=\"https:\/\/www.lotterycritic.com\/es\/resultados-loteria\/tennessee\/cash-3\/\">Cash 3<\/a>, Keno, Raspables, y las loter\u00edas m\u00e1s populares en varios estados, <a href=\"https:\/\/www.lotterycritic.com\/es\/resultados-loteria\/carolina-del-sur\/powerball\/\" rel=\"\">Powerball<\/a> y\u00a0<a href=\"https:\/\/www.lotterycritic.com\/es\/resultados-loteria\/tennessee\/mega-millions\/\" rel=\"\">Mega Millions<\/a>.<\/p>\n<p>\n<\/section><\/p>\n","protected":false},"excerpt":{"rendered":"","protected":false},"author":6,"featured_media":0,"parent":14271,"menu_order":0,"comment_status":"closed","ping_status":"closed","template":"lottery-results-game-child-template.php","meta":{"footnotes":""},"class_list":["post-14282","page","type-page","status-publish","hentry"],"acf":[],"yoast_head":"<!-- This site is optimized with the Yoast SEO plugin v23.4 - https:\/\/yoast.com\/wordpress\/plugins\/seo\/ -->\n<title>Cash 4 de Tennessee: Resultados y N\u00fameros Ganadores Hoy [Noche+D\u00eda+Ma\u00f1ana]<\/title>\n<meta name=\"description\" content=\"Obtenga los resultados del Cash 4 de la Loter\u00eda de Tennessee (TN), n\u00fameros ganadores m\u00e1s recientes, premio mayor, probabilidades de ganar, pago de premios, calendario de sorteos y m\u00e1s.\" \/>\n<meta name=\"robots\" content=\"index, follow, max-snippet:-1, max-image-preview:large, max-video-preview:-1\" \/>\n<link rel=\"canonical\" href=\"https:\/\/www.lotterycritic.com\/es\/resultados-loteria\/tennessee\/cash-4\/\" \/>\n<meta property=\"og:locale\" content=\"es_ES\" \/>\n<meta property=\"og:type\" content=\"article\" \/>\n<meta property=\"og:title\" content=\"Cash 4 de Tennessee: Resultados y N\u00fameros Ganadores Hoy [Noche+D\u00eda+Ma\u00f1ana]\" \/>\n<meta property=\"og:description\" content=\"Obtenga los resultados del Cash 4 de la Loter\u00eda de Tennessee (TN), n\u00fameros ganadores m\u00e1s recientes, premio mayor, probabilidades de ganar, pago de premios, calendario de sorteos y m\u00e1s.\" \/>\n<meta property=\"og:url\" content=\"https:\/\/www.lotterycritic.com\/es\/resultados-loteria\/tennessee\/cash-4\/\" \/>\n<meta property=\"og:site_name\" content=\"Lottery Critic\" \/>\n<meta property=\"article:modified_time\" content=\"2023-08-24T11:51:26+00:00\" \/>\n<meta property=\"og:image\" content=\"https:\/\/www.lotterycritic.com\/wp-content\/uploads\/2019\/12\/tennessee-lottery-cash-4-logo.png\" \/>\n<meta name=\"twitter:card\" content=\"summary_large_image\" \/>\n<meta name=\"twitter:label1\" content=\"Tiempo de lectura\" \/>\n\t<meta name=\"twitter:data1\" content=\"3 minutos\" \/>\n<script type=\"application\/ld+json\" class=\"yoast-schema-graph\">{\"@context\":\"https:\/\/schema.org\",\"@graph\":[{\"@type\":\"WebPage\",\"@id\":\"https:\/\/www.lotterycritic.com\/es\/resultados-loteria\/tennessee\/cash-4\/\",\"url\":\"https:\/\/www.lotterycritic.com\/es\/resultados-loteria\/tennessee\/cash-4\/\",\"name\":\"Cash 4 de Tennessee: Resultados y N\u00fameros Ganadores Hoy [Noche+D\u00eda+Ma\u00f1ana]\",\"isPartOf\":{\"@id\":\"https:\/\/www.lotterycritic.com\/es\/#website\"},\"primaryImageOfPage\":{\"@id\":\"https:\/\/www.lotterycritic.com\/es\/resultados-loteria\/tennessee\/cash-4\/#primaryimage\"},\"image\":{\"@id\":\"https:\/\/www.lotterycritic.com\/es\/resultados-loteria\/tennessee\/cash-4\/#primaryimage\"},\"thumbnailUrl\":\"https:\/\/www.lotterycritic.com\/wp-content\/uploads\/2019\/12\/tennessee-lottery-cash-4-logo.png\",\"datePublished\":\"2023-08-24T05:57:06+00:00\",\"dateModified\":\"2023-08-24T11:51:26+00:00\",\"description\":\"Obtenga los resultados del Cash 4 de la Loter\u00eda de Tennessee (TN), n\u00fameros ganadores m\u00e1s recientes, premio mayor, probabilidades de ganar, pago de premios, calendario de sorteos y m\u00e1s.\",\"breadcrumb\":{\"@id\":\"https:\/\/www.lotterycritic.com\/es\/resultados-loteria\/tennessee\/cash-4\/#breadcrumb\"},\"inLanguage\":\"es\",\"potentialAction\":[{\"@type\":\"ReadAction\",\"target\":[\"https:\/\/www.lotterycritic.com\/es\/resultados-loteria\/tennessee\/cash-4\/\"]}]},{\"@type\":\"ImageObject\",\"inLanguage\":\"es\",\"@id\":\"https:\/\/www.lotterycritic.com\/es\/resultados-loteria\/tennessee\/cash-4\/#primaryimage\",\"url\":\"https:\/\/www.lotterycritic.com\/wp-content\/uploads\/2019\/12\/tennessee-lottery-cash-4-logo.png\",\"contentUrl\":\"https:\/\/www.lotterycritic.com\/wp-content\/uploads\/2019\/12\/tennessee-lottery-cash-4-logo.png\"},{\"@type\":\"BreadcrumbList\",\"@id\":\"https:\/\/www.lotterycritic.com\/es\/resultados-loteria\/tennessee\/cash-4\/#breadcrumb\",\"itemListElement\":[{\"@type\":\"ListItem\",\"position\":1,\"name\":\"Home\",\"item\":\"https:\/\/www.lotterycritic.com\/es\/\"},{\"@type\":\"ListItem\",\"position\":2,\"name\":\"Resultados de La Loter\u00eda Americana &#8211; Los \u00daltimos N\u00fameros Ganadores de La Loter\u00eda de Estados Unidos\",\"item\":\"https:\/\/www.lotterycritic.com\/es\/resultados-loteria\/\"},{\"@type\":\"ListItem\",\"position\":3,\"name\":\"Resultados de La Loter\u00eda de Tennessee (TN) &#8211; Comprueba Los N\u00fameros Ganadores de Hoy En Tennessee\",\"item\":\"https:\/\/www.lotterycritic.com\/es\/resultados-loteria\/tennessee\/\"},{\"@type\":\"ListItem\",\"position\":4,\"name\":\"Resultados de Loter\u00eda Cash 4 de Tennessee (TN) y N\u00fameros Ganadores de Hoy [Noche + D\u00eda + Ma\u00f1ana]\"}]},{\"@type\":\"WebSite\",\"@id\":\"https:\/\/www.lotterycritic.com\/es\/#website\",\"url\":\"https:\/\/www.lotterycritic.com\/es\/\",\"name\":\"Lottery Critic\",\"description\":\"Your Guide to Lottery Results, Winning Numbers &amp; More\u2026\",\"potentialAction\":[{\"@type\":\"SearchAction\",\"target\":{\"@type\":\"EntryPoint\",\"urlTemplate\":\"https:\/\/www.lotterycritic.com\/es\/?s={search_term_string}\"},\"query-input\":{\"@type\":\"PropertyValueSpecification\",\"valueRequired\":true,\"valueName\":\"search_term_string\"}}],\"inLanguage\":\"es\"}]}<\/script>\n<!-- \/ Yoast SEO plugin. -->","yoast_head_json":{"title":"Cash 4 de Tennessee: Resultados y N\u00fameros Ganadores Hoy [Noche+D\u00eda+Ma\u00f1ana]","description":"Obtenga los resultados del Cash 4 de la Loter\u00eda de Tennessee (TN), n\u00fameros ganadores m\u00e1s recientes, premio mayor, probabilidades de ganar, pago de premios, calendario de sorteos y m\u00e1s.","robots":{"index":"index","follow":"follow","max-snippet":"max-snippet:-1","max-image-preview":"max-image-preview:large","max-video-preview":"max-video-preview:-1"},"canonical":"https:\/\/www.lotterycritic.com\/es\/resultados-loteria\/tennessee\/cash-4\/","og_locale":"es_ES","og_type":"article","og_title":"Cash 4 de Tennessee: Resultados y N\u00fameros Ganadores Hoy [Noche+D\u00eda+Ma\u00f1ana]","og_description":"Obtenga los resultados del Cash 4 de la Loter\u00eda de Tennessee (TN), n\u00fameros ganadores m\u00e1s recientes, premio mayor, probabilidades de ganar, pago de premios, calendario de sorteos y m\u00e1s.","og_url":"https:\/\/www.lotterycritic.com\/es\/resultados-loteria\/tennessee\/cash-4\/","og_site_name":"Lottery Critic","article_modified_time":"2023-08-24T11:51:26+00:00","og_image":[{"url":"https:\/\/www.lotterycritic.com\/wp-content\/uploads\/2019\/12\/tennessee-lottery-cash-4-logo.png"}],"twitter_card":"summary_large_image","twitter_misc":{"Tiempo de lectura":"3 minutos"},"schema":{"@context":"https:\/\/schema.org","@graph":[{"@type":"WebPage","@id":"https:\/\/www.lotterycritic.com\/es\/resultados-loteria\/tennessee\/cash-4\/","url":"https:\/\/www.lotterycritic.com\/es\/resultados-loteria\/tennessee\/cash-4\/","name":"Cash 4 de Tennessee: Resultados y N\u00fameros Ganadores Hoy [Noche+D\u00eda+Ma\u00f1ana]","isPartOf":{"@id":"https:\/\/www.lotterycritic.com\/es\/#website"},"primaryImageOfPage":{"@id":"https:\/\/www.lotterycritic.com\/es\/resultados-loteria\/tennessee\/cash-4\/#primaryimage"},"image":{"@id":"https:\/\/www.lotterycritic.com\/es\/resultados-loteria\/tennessee\/cash-4\/#primaryimage"},"thumbnailUrl":"https:\/\/www.lotterycritic.com\/wp-content\/uploads\/2019\/12\/tennessee-lottery-cash-4-logo.png","datePublished":"2023-08-24T05:57:06+00:00","dateModified":"2023-08-24T11:51:26+00:00","description":"Obtenga los resultados del Cash 4 de la Loter\u00eda de Tennessee (TN), n\u00fameros ganadores m\u00e1s recientes, premio mayor, probabilidades de ganar, pago de premios, calendario de sorteos y m\u00e1s.","breadcrumb":{"@id":"https:\/\/www.lotterycritic.com\/es\/resultados-loteria\/tennessee\/cash-4\/#breadcrumb"},"inLanguage":"es","potentialAction":[{"@type":"ReadAction","target":["https:\/\/www.lotterycritic.com\/es\/resultados-loteria\/tennessee\/cash-4\/"]}]},{"@type":"ImageObject","inLanguage":"es","@id":"https:\/\/www.lotterycritic.com\/es\/resultados-loteria\/tennessee\/cash-4\/#primaryimage","url":"https:\/\/www.lotterycritic.com\/wp-content\/uploads\/2019\/12\/tennessee-lottery-cash-4-logo.png","contentUrl":"https:\/\/www.lotterycritic.com\/wp-content\/uploads\/2019\/12\/tennessee-lottery-cash-4-logo.png"},{"@type":"BreadcrumbList","@id":"https:\/\/www.lotterycritic.com\/es\/resultados-loteria\/tennessee\/cash-4\/#breadcrumb","itemListElement":[{"@type":"ListItem","position":1,"name":"Home","item":"https:\/\/www.lotterycritic.com\/es\/"},{"@type":"ListItem","position":2,"name":"Resultados de La Loter\u00eda Americana &#8211; Los \u00daltimos N\u00fameros Ganadores de La Loter\u00eda de Estados Unidos","item":"https:\/\/www.lotterycritic.com\/es\/resultados-loteria\/"},{"@type":"ListItem","position":3,"name":"Resultados de La Loter\u00eda de Tennessee (TN) &#8211; Comprueba Los N\u00fameros Ganadores de Hoy En Tennessee","item":"https:\/\/www.lotterycritic.com\/es\/resultados-loteria\/tennessee\/"},{"@type":"ListItem","position":4,"name":"Resultados de Loter\u00eda Cash 4 de Tennessee (TN) y N\u00fameros Ganadores de Hoy [Noche + D\u00eda + Ma\u00f1ana]"}]},{"@type":"WebSite","@id":"https:\/\/www.lotterycritic.com\/es\/#website","url":"https:\/\/www.lotterycritic.com\/es\/","name":"Lottery Critic","description":"Your Guide to Lottery Results, Winning Numbers &amp; More\u2026","potentialAction":[{"@type":"SearchAction","target":{"@type":"EntryPoint","urlTemplate":"https:\/\/www.lotterycritic.com\/es\/?s={search_term_string}"},"query-input":{"@type":"PropertyValueSpecification","valueRequired":true,"valueName":"search_term_string"}}],"inLanguage":"es"}]}},"_links":{"self":[{"href":"https:\/\/www.lotterycritic.com\/es\/wp-json\/wp\/v2\/pages\/14282"}],"collection":[{"href":"https:\/\/www.lotterycritic.com\/es\/wp-json\/wp\/v2\/pages"}],"about":[{"href":"https:\/\/www.lotterycritic.com\/es\/wp-json\/wp\/v2\/types\/page"}],"author":[{"embeddable":true,"href":"https:\/\/www.lotterycritic.com\/es\/wp-json\/wp\/v2\/users\/6"}],"replies":[{"embeddable":true,"href":"https:\/\/www.lotterycritic.com\/es\/wp-json\/wp\/v2\/comments?post=14282"}],"version-history":[{"count":1,"href":"https:\/\/www.lotterycritic.com\/es\/wp-json\/wp\/v2\/pages\/14282\/revisions"}],"predecessor-version":[{"id":14283,"href":"https:\/\/www.lotterycritic.com\/es\/wp-json\/wp\/v2\/pages\/14282\/revisions\/14283"}],"up":[{"embeddable":true,"href":"https:\/\/www.lotterycritic.com\/es\/wp-json\/wp\/v2\/pages\/14271"}],"wp:attachment":[{"href":"https:\/\/www.lotterycritic.com\/es\/wp-json\/wp\/v2\/media?parent=14282"}],"curies":[{"name":"wp","href":"https:\/\/api.w.org\/{rel}","templated":true}]}}