{"id":14269,"date":"2023-08-23T01:37:24","date_gmt":"2023-08-23T01:37:24","guid":{"rendered":"https:\/\/www.lotterycritic.com\/resultados-loteria\/carolina-del-sur\/resultados-del-powerball-de-south-carolina-sc-y-numeros-ganadores-de-hoy-y-ayer\/"},"modified":"2023-08-24T11:49:35","modified_gmt":"2023-08-24T11:49:35","slug":"powerball","status":"publish","type":"page","link":"https:\/\/www.lotterycritic.com\/es\/resultados-loteria\/carolina-del-sur\/powerball\/","title":{"rendered":"Resultados del Powerball de South Carolina (SC) y N\u00fameros Ganadores de Hoy y Ayer"},"content":{"rendered":"<p>El Powerball es un juego disponible en varios estados que tambi\u00e9n se juega en Carolina del Sur por medio de su Loter\u00eda de la Educaci\u00f3n de SC. Es una de las loter\u00edas m\u00e1s populares que por lo general entrega un premio mayor de m\u00e1s de $200 millones.<\/p>\n<p>Si nunca ha jugado al Powerball de SC y quiere enterarse de los detalles del juego, puede leer sobre este en el an\u00e1lisis a continuaci\u00f3n.<\/p>\n<p><section><div class=\"section-anchor\" id=\"how-to-play\"><\/div><\/p>\n<h2><strong>C\u00f3mo jugar al Powerball de Carolina del Sur<\/strong><\/h2>\n<p>Incluso si nunca ha jugado a ning\u00fan tipo de loter\u00eda, aprender a jugar al Powerball de Carolina del Sur ser\u00e1 pan comido. Esto es lo que necesita hacer para participar del sorteo:<\/p>\n<ol>\n<li style=\"font-weight: 400;\" aria-level=\"1\"><span style=\"font-weight: 400;\">Encuentre un punto de venta de la Loter\u00eda de Educaci\u00f3n de SC para comprar su billete del Powerball. Cada billete supone cinco juegos, y cada juego cuesta $2.<\/span><\/li>\n<li style=\"font-weight: 400;\" aria-level=\"1\"><span style=\"font-weight: 400;\">Llene el billete seleccionando cinco n\u00fameros diferentes del 1 al 69 y un n\u00famero Powerball del 1 al 26.<\/span><\/li>\n<li style=\"font-weight: 400;\" aria-level=\"1\"><span style=\"font-weight: 400;\">Si no sabe qu\u00e9 n\u00fameros elegir y quiere que se seleccionen de forma aleatoria, marque la opci\u00f3n de Quick Pick.<\/span><\/li>\n<li style=\"font-weight: 400;\" aria-level=\"1\"><span style=\"font-weight: 400;\">Quiz\u00e1s tambi\u00e9n quiera marcar la opci\u00f3n de PowerPlay. Esto le ayuda a que su posible premio se multiplique por el multiplicador PowerPlay de 2, 3, 4, 5 o 10 veces. Esta opci\u00f3n cuesta un d\u00f3lar adicional.<\/span><\/li>\n<li style=\"font-weight: 400;\" aria-level=\"1\"><span style=\"font-weight: 400;\">Por un d\u00f3lar m\u00e1s, puede elegir la opci\u00f3n Double Play. Esto le brinda la oportunidad de aumentar sus ganancias en un sorteo adicional, que se juega despu\u00e9s del sorteo principal.<\/span><\/li>\n<li style=\"font-weight: 400;\" aria-level=\"1\"><span style=\"font-weight: 400;\">Una vez complete su selecci\u00f3n, imprima el billete y f\u00edrmelo con su nombre al respaldo.<\/span><\/li>\n<li style=\"font-weight: 400;\" aria-level=\"1\"><span style=\"font-weight: 400;\">Espere al sorteo para dar seguimiento a los resultados.<\/span><\/li>\n<\/ol>\n<p>En lugar de comprar un billete para cada sorteo, puede seleccionar la opci\u00f3n de Multi-Draw al final del billete para jugar por hasta 30 sorteos consecutivos con los mismos n\u00fameros.<\/p>\n<p>Puede participar en los sorteos del Powerball de Carolina del Sur, solo comprando billetes en puntos de venta con licencia para ello. Por el momento, la Loter\u00eda no permite la compra de billetes por internet.<\/p>\n<p>\n<\/section><\/p>\n<p><section><div class=\"section-anchor\" id=\"sc-powerball-drawing-schedule\"><\/div><\/p>\n<h2><strong>Calendario de sorteos del Powerball<\/strong><\/h2>\n<p>Los sorteos del Powerball de Carolina del Sur se juegan tres veces a la semana, cada lunes, mi\u00e9rcoles y s\u00e1bado a las <span style=\"font-weight: 400;\">10:59 p.m., hora local. De acuerdo a la Asociaci\u00f3n de Loter\u00edas Multi-Estado, todos los billetes para el Powerball deben ser comprados e impresos por lo menos 59 minutos antes de que comience el sorteo.<\/span><\/p>\n<p>\n<\/section><\/p>\n<p><section><div class=\"section-anchor\" id=\"payouts--amp--odds\"><\/div><\/p>\n<h2><strong>Pagos, Probabilidades y Reglas<\/strong><\/h2>\n<p>Las reglas del Powerball no son muy complicadas. Solo tendr\u00e1 que elegir seis n\u00fameros, cinco regulares (balota blanca) del 1 al 69, y un n\u00famero Powerball (balota roja) del 1 al 26.<\/p>\n<p>La persona que acierte los seis n\u00fameros se lleva el premio mayor. Por supuesto, si hay m\u00e1s de un afortunado ganador, el premio se reparte de forma equitativa. Adem\u00e1s, existen otras ocho maneras de ganar un premio con distintas combinaciones.<\/p>\n<p><span style=\"font-weight: 400;\">Las mismas reglas aplican para el sorteo Double Play.<\/span><\/p>\n<p>La siguiente es una tabla con las probabilidades y pagos para todas las combinaciones del Powerball.<\/p>\n<table>\n<tbody>\n<tr>\n<td><b>N\u00fameros acertados<\/b><\/td>\n<td><b>Premio<\/b><\/td>\n<td><b>Premio del Double Play<\/b><\/td>\n<td><b>Probabilidades<\/b><\/td>\n<\/tr>\n<tr>\n<td><span style=\"font-weight: 400;\">5 n\u00fameros + Powerball<\/span><\/td>\n<td><span style=\"font-weight: 400;\">Premio mayor<\/span><\/td>\n<td><span style=\"font-weight: 400;\">$10 millones<\/span><\/td>\n<td><span style=\"font-weight: 400;\">1 en 292,201,338<\/span><\/td>\n<\/tr>\n<tr>\n<td><span style=\"font-weight: 400;\">5 n\u00fameros<\/span><\/td>\n<td><span style=\"font-weight: 400;\">$1 millones<\/span><\/td>\n<td><span style=\"font-weight: 400;\">$500,000<\/span><\/td>\n<td><span style=\"font-weight: 400;\">1 en 11,688,054<\/span><\/td>\n<\/tr>\n<tr>\n<td><span style=\"font-weight: 400;\">4 n\u00fameros + Powerball<\/span><\/td>\n<td><span style=\"font-weight: 400;\">$50,000<\/span><\/td>\n<td><span style=\"font-weight: 400;\">$50,000<\/span><\/td>\n<td><span style=\"font-weight: 400;\">1 en 913,129<\/span><\/td>\n<\/tr>\n<tr>\n<td><span style=\"font-weight: 400;\">4 n\u00fameros<\/span><\/td>\n<td><span style=\"font-weight: 400;\">$100<\/span><\/td>\n<td><span style=\"font-weight: 400;\">$500<\/span><\/td>\n<td><span style=\"font-weight: 400;\">1 en 36,525<\/span><\/td>\n<\/tr>\n<tr>\n<td><span style=\"font-weight: 400;\">3 n\u00fameros + Powerball<\/span><\/td>\n<td><span style=\"font-weight: 400;\">$100<\/span><\/td>\n<td><span style=\"font-weight: 400;\">$500<\/span><\/td>\n<td><span style=\"font-weight: 400;\">1 en 14,494<\/span><\/td>\n<\/tr>\n<tr>\n<td><span style=\"font-weight: 400;\">3 n\u00fameros<\/span><\/td>\n<td><span style=\"font-weight: 400;\">$7<\/span><\/td>\n<td><span style=\"font-weight: 400;\">$20<\/span><\/td>\n<td><span style=\"font-weight: 400;\">1 en 580<\/span><\/td>\n<\/tr>\n<tr>\n<td><span style=\"font-weight: 400;\">2 n\u00fameros + Powerball<\/span><\/td>\n<td><span style=\"font-weight: 400;\">$7<\/span><\/td>\n<td><span style=\"font-weight: 400;\">$20<\/span><\/td>\n<td><span style=\"font-weight: 400;\">1 en 701<\/span><\/td>\n<\/tr>\n<tr>\n<td><span style=\"font-weight: 400;\">1 n\u00famero + Powerball<\/span><\/td>\n<td><span style=\"font-weight: 400;\">$4<\/span><\/td>\n<td><span style=\"font-weight: 400;\">$10<\/span><\/td>\n<td><span style=\"font-weight: 400;\">1 en 92<\/span><\/td>\n<\/tr>\n<tr>\n<td><span style=\"font-weight: 400;\">Solo el Powerball<\/span><\/td>\n<td><span style=\"font-weight: 400;\">$4<\/span><\/td>\n<td><span style=\"font-weight: 400;\">$7<\/span><\/td>\n<td><span style=\"font-weight: 400;\">1 en 38<\/span><\/td>\n<\/tr>\n<\/tbody>\n<\/table>\n<p>La cantidad del premio var\u00eda dependiendo del sorteo. Todos los premios se pueden multiplicar con la funci\u00f3n de PowerPlay, a excepci\u00f3n del premio mayor y la combinaci\u00f3n de cinco n\u00fameros, la cual est\u00e1 limitada a $2 millones.<\/p>\n<p><span style=\"font-size: 16px;\"><\/p>\n<\/section><\/span><\/p>\n<p><section><div class=\"section-anchor\" id=\"claim-prizes\"><\/div><\/p>\n<h2><strong>C\u00f3mo reclamar los premios<\/strong><\/h2>\n<p>Existen varias maneras para reclamar un premio de la Loter\u00eda en Carolina del Sur. Se incluye:<\/p>\n<ul>\n<li style=\"font-weight: 400;\" aria-level=\"1\"><span style=\"font-weight: 400;\">Punto de venta autorizado<\/span><\/li>\n<li style=\"font-weight: 400;\" aria-level=\"1\"><span style=\"font-weight: 400;\">Correo postal<\/span><\/li>\n<li style=\"font-weight: 400;\" aria-level=\"1\"><span style=\"font-weight: 400;\">Centro de Reclamo en Columbia<\/span><\/li>\n<\/ul>\n<p>Puede reclamar su premio en puntos de venta solo si no supera los $500. Cualquier premio de hasta $100,000 se puede reclamar por correo postal. Sin embargo, tenga en cuenta que los premios por encima de $500 solo pueden reclamarse con un formulario de reclamo disponible en puntos de venta y en el sitio web oficial de la Loter\u00eda de Educaci\u00f3n de SC. Tendr\u00e1 que proporcionar una copia de su documento de identificaci\u00f3n (ID estatal, ID militar, licencia de conducir o pasaporte).<\/p>\n<p>Si gana m\u00e1s de $100,000, solo puede reclamarlos en el Centro de Reclamos en Columbia en <span style=\"font-weight: 400;\">1309 Assembly Street, Columbia.<\/span><\/p>\n<p>\n<\/section><\/p>\n<p><section><div class=\"section-anchor\" id=\"biggest-winners\"><\/div><\/p>\n<h2><strong>Ganadores destacados del Powerball de Carolina del Sur<\/strong><\/h2>\n<p>Carolina del Sur alberga la victoria m\u00e1s grande para un \u00fanico billete de loter\u00eda en todo Estados Unidos. La persona ganadora, que prefiri\u00f3 permanecer an\u00f3nima, reclam\u00f3 $1.57 mil millones en octubre de 2018. Aunque fue un premio del Mega Millions.<\/p>\n<p>En cuanto al Powerball, estas son algunas de las historias de los mayores ganadores en SC:<\/p>\n<ul>\n<li style=\"font-weight: 400;\" aria-level=\"1\"><span style=\"font-weight: 400;\">Un hombre en Columbia gan\u00f3 cerca de $400 millones en septiembre de 2013, el cual es el cuarto premio m\u00e1s grande del Powerball hasta ahora, y el premio mayor ganado en Carolina del Sur m\u00e1s grande. Lo curioso es que, era la segunda vez que jugaba en toda su vida.<\/span><\/li>\n<li style=\"font-weight: 400;\" aria-level=\"1\"><span style=\"font-weight: 400;\">El segundo premio m\u00e1s grande del Powerball ganado en SC, fue para un pastor de nombre <\/span><b>Rev. Solomon Jackson Jr.\u00a0<\/b>que gan\u00f3 $259 millones en abril de 2009, luego de comprar un billete en una gasolinera <span style=\"font-weight: 400;\">Murphy USA en Columbia. Seg\u00fan se comenta, el pastor entreg\u00f3 parte de sus ganancias para prop\u00f3sitos educativos.<\/span><\/li>\n<li style=\"font-weight: 400;\" aria-level=\"1\"><b>Monica<\/b><span style=\"font-weight: 400;\"> y <\/span><b>Anthony Wilson<\/b><span style=\"font-weight: 400;\"> de Fort Mill fueron los ganadores de $88 millones con un billete del Powerball en 2003. Fueron los primeros en ganar un premio mayor del Powerball en Carolina del Sur.<\/span><\/li>\n<li style=\"font-weight: 400;\" aria-level=\"1\"><span style=\"font-weight: 400;\">Solo un a\u00f1o despu\u00e9s de que la pareja Wilson ganara, una mujer que prefiri\u00f3 mantenerse an\u00f3nima, se llev\u00f3 un premio mayor del Powerball de $65.8 millones. Compr\u00f3 su billete en Townville mientras conduc\u00eda de vuelta a Atlanta.<\/span><\/li>\n<\/ul>\n<p>\n<\/section><\/p>\n<p><section><div class=\"section-anchor\" id=\"history-and-facts\"><\/div><\/p>\n<h2><strong>Historia y Datos del Powerball<\/strong><\/h2>\n<ul>\n<li style=\"font-weight: 400;\" aria-level=\"1\"><span style=\"font-weight: 400;\">El Powerball inici\u00f3 en Carolina del Sur en 2002, el mismo a\u00f1o en el que la Loter\u00eda de Educaci\u00f3n de SC se form\u00f3.<\/span><\/li>\n<li style=\"font-weight: 400;\" aria-level=\"1\"><span style=\"font-weight: 400;\">El premio mayor del Powerball m\u00ednimo es de $20 millones. Sol\u00eda ser de $40 millones hasta 2020.<\/span><\/li>\n<li style=\"font-weight: 400;\" aria-level=\"1\"><span style=\"font-weight: 400;\">Los jugadores de loter\u00eda en Carolina del Sur debe tener por lo menos 18 a\u00f1os de edad para poder comprar billetes del Powerball.<\/span><\/li>\n<li style=\"font-weight: 400;\" aria-level=\"1\"><span style=\"font-weight: 400;\">Todos los premios del Powerball tendr\u00e1n que reclamarse dentro de los 180 d\u00edas siguientes al sorteo.<\/span><\/li>\n<\/ul>\n<p>\n<\/section><\/p>\n<p><section><div class=\"section-anchor\" id=\"other-sc-lotteries\"><\/div><\/p>\n<h2><strong>Otras loter\u00edas de Carolina del Sur<\/strong><\/h2>\n<p>Adem\u00e1s del Powerball, la Loter\u00eda de Educaci\u00f3n de Carolina del Sur cuenta con varios otros juegos, incluyendo aquellos que se juegan en m\u00faltiples jurisdicciones, como <a href=\"https:\/\/www.lotterycritic.com\/es\/resultados-loteria\/carolina-del-sur\/mega-millions\/\"><span style=\"font-weight: 400;\">Mega Millions<\/span><\/a><span style=\"font-weight: 400;\"> y\u00a0<\/span><a href=\"https:\/\/www.lotterycritic.com\/lottery-results\/ohio\/lucky-for-life\/\"><span style=\"font-weight: 400;\">Lucky for Life<\/span><\/a><span style=\"font-weight: 400;\">, as\u00ed como juegos locales como el <\/span><a href=\"https:\/\/www.lotterycritic.com\/es\/resultados-loteria\/carolina-del-sur\/pick-3\/\"><span style=\"font-weight: 400;\">Pick 3<\/span><\/a><span style=\"font-weight: 400;\">, <\/span><a href=\"https:\/\/www.lotterycritic.com\/es\/resultados-loteria\/carolina-del-sur\/pick-4\/\"><span style=\"font-weight: 400;\">Pick 4<\/span><\/a><span style=\"font-weight: 400;\">, y <\/span><a href=\"https:\/\/www.lotterycritic.com\/es\/resultados-loteria\/carolina-del-sur\/palmetto-cash-5\/\"><span style=\"font-weight: 400;\">Palmetto Cash 5<\/span><\/a><span style=\"font-weight: 400;\">.<\/span><\/p>\n<p>\n<\/section><\/p>\n<p><section><div class=\"section-anchor\" id=\"faqs\"><\/div><\/p>\n<h2>Preguntas Frecuentes sobre el Powerball de Carolina del Sur<\/h2>\n<h3>\u00bfC\u00f3mo se gana el Powerball de Carolina del Sur?<\/h3>\n<p>Para ganar el premio mayor del Powerball, acierte los 5 n\u00fameros de balota blanca y en n\u00famero Powerball. Gana $1 mill\u00f3n si coincide en los 5 n\u00fameros de balota blanca, pero no en el Powerball.<\/p>\n<p>Si a\u00f1ade el Power Play<sup>\u00ae<\/sup>, por $1 adicional, puede multiplicar todos los premios por fuera del premio mayor, por 2, 3, 4, 5 o 10 veces.<\/p>\n<p>Revise la tabla m\u00e1s arriba para conocer al detalle los Pagos y Premios del Powerball de Carolina del Sur<\/p>\n<h3>\u00bfCu\u00e1ndo se sortea el Powerball de Carolina del Sur?<\/h3>\n<p>Los sorteos del Powerball de Carolina del Sur se llevan a cabo todos los mi\u00e9rcoles y s\u00e1bados a las 10:59 p.m. ET.<\/p>\n<h3>\u00bfHasta qu\u00e9 hora se pueden comprar billetes para el Powerball de Carolina del Sur?<\/h3>\n<p>La venta de billetes para el Powerball de Carolina del Sur se detiene a las 9:59 p.m. ET los mi\u00e9rcoles y s\u00e1bados, aproximadamente una hora antes del sorteo.<\/p>\n<h3>\u00bfCu\u00e1nto paga en impuestos sobre las ganancias de la Loter\u00eda de Carolina del Sur?<\/h3>\n<p>Por ley, la <a href=\"https:\/\/www.lotterycritic.com\/es\/resultados-loteria\/carolina-del-sur\/\">Loter\u00eda de Carolina del Sur<\/a> retiene el 24 % de las ganancias por impuestos federales y el 7 % por impuestos estatales.<\/p>\n<p>Utilice nuestra <a href=\"https:\/\/www.lotterycritic.com\/es\/calculadoras-loteria\/calculadora-pagos-impuestos-powerball\/\">calculadora de pagos e impuestos del Powerball<\/a> para conocer los impuestos que tendr\u00e1 que pagar si gana el premio mayor del Powerball, tanto para la entrega en efectivo como la opci\u00f3n de anualidad.<\/p>\n<p>\n<\/section><\/p>\n","protected":false},"excerpt":{"rendered":"<p>El Powerball es un juego disponible en varios estados que tambi\u00e9n se juega en Carolina del Sur por medio de su Loter\u00eda de la Educaci\u00f3n de SC. Es una de las loter\u00edas m\u00e1s populares que por lo general entrega un premio mayor de m\u00e1s de $200 millones. Si nunca ha jugado al Powerball de SC [&hellip;]<\/p>\n","protected":false},"author":1,"featured_media":0,"parent":14259,"menu_order":1,"comment_status":"closed","ping_status":"closed","template":"lottery-results-game-child-template.php","meta":{"footnotes":""},"class_list":["post-14269","page","type-page","status-publish","hentry"],"acf":[],"yoast_head":"<!-- This site is optimized with the Yoast SEO plugin v23.4 - https:\/\/yoast.com\/wordpress\/plugins\/seo\/ -->\n<title>Powerball de South Carolina (SC): Resultados y N\u00fameros Ganadores [Ayer+Hoy]<\/title>\n<meta name=\"description\" content=\"Conozca los n\u00fameros m\u00e1s reciente para el sorteo del Powerball de Carolina del Sur, junto con informaci\u00f3n sobre el premio mayor, probabilidades, futuros sorteos y m\u00e1s.\" \/>\n<meta name=\"robots\" content=\"index, follow, max-snippet:-1, max-image-preview:large, max-video-preview:-1\" \/>\n<link rel=\"canonical\" href=\"https:\/\/www.lotterycritic.com\/es\/resultados-loteria\/carolina-del-sur\/powerball\/\" \/>\n<meta property=\"og:locale\" content=\"es_ES\" \/>\n<meta property=\"og:type\" content=\"article\" \/>\n<meta property=\"og:title\" content=\"Powerball de South Carolina (SC): Resultados y N\u00fameros Ganadores [Ayer+Hoy]\" \/>\n<meta property=\"og:description\" content=\"Conozca los n\u00fameros m\u00e1s reciente para el sorteo del Powerball de Carolina del Sur, junto con informaci\u00f3n sobre el premio mayor, probabilidades, futuros sorteos y m\u00e1s.\" \/>\n<meta property=\"og:url\" content=\"https:\/\/www.lotterycritic.com\/es\/resultados-loteria\/carolina-del-sur\/powerball\/\" \/>\n<meta property=\"og:site_name\" content=\"Lottery Critic\" \/>\n<meta property=\"article:modified_time\" content=\"2023-08-24T11:49:35+00:00\" \/>\n<meta name=\"twitter:card\" content=\"summary_large_image\" \/>\n<meta name=\"twitter:label1\" content=\"Tiempo de lectura\" \/>\n\t<meta name=\"twitter:data1\" content=\"7 minutos\" \/>\n<script type=\"application\/ld+json\" class=\"yoast-schema-graph\">{\"@context\":\"https:\/\/schema.org\",\"@graph\":[{\"@type\":\"WebPage\",\"@id\":\"https:\/\/www.lotterycritic.com\/es\/resultados-loteria\/carolina-del-sur\/powerball\/\",\"url\":\"https:\/\/www.lotterycritic.com\/es\/resultados-loteria\/carolina-del-sur\/powerball\/\",\"name\":\"Powerball de South Carolina (SC): Resultados y N\u00fameros Ganadores [Ayer+Hoy]\",\"isPartOf\":{\"@id\":\"https:\/\/www.lotterycritic.com\/es\/#website\"},\"datePublished\":\"2023-08-23T01:37:24+00:00\",\"dateModified\":\"2023-08-24T11:49:35+00:00\",\"description\":\"Conozca los n\u00fameros m\u00e1s reciente para el sorteo del Powerball de Carolina del Sur, junto con informaci\u00f3n sobre el premio mayor, probabilidades, futuros sorteos y m\u00e1s.\",\"breadcrumb\":{\"@id\":\"https:\/\/www.lotterycritic.com\/es\/resultados-loteria\/carolina-del-sur\/powerball\/#breadcrumb\"},\"inLanguage\":\"es\",\"potentialAction\":[{\"@type\":\"ReadAction\",\"target\":[\"https:\/\/www.lotterycritic.com\/es\/resultados-loteria\/carolina-del-sur\/powerball\/\"]}]},{\"@type\":\"BreadcrumbList\",\"@id\":\"https:\/\/www.lotterycritic.com\/es\/resultados-loteria\/carolina-del-sur\/powerball\/#breadcrumb\",\"itemListElement\":[{\"@type\":\"ListItem\",\"position\":1,\"name\":\"Home\",\"item\":\"https:\/\/www.lotterycritic.com\/es\/\"},{\"@type\":\"ListItem\",\"position\":2,\"name\":\"Resultados de La Loter\u00eda Americana &#8211; Los \u00daltimos N\u00fameros Ganadores de La Loter\u00eda de Estados Unidos\",\"item\":\"https:\/\/www.lotterycritic.com\/es\/resultados-loteria\/\"},{\"@type\":\"ListItem\",\"position\":3,\"name\":\"Resultados de La Loter\u00eda de Carolina del Sur (SC) &#8211; Comprueba Los N\u00fameros Ganadores de Hoy En South Carolina\",\"item\":\"https:\/\/www.lotterycritic.com\/es\/resultados-loteria\/carolina-del-sur\/\"},{\"@type\":\"ListItem\",\"position\":4,\"name\":\"Resultados del Powerball de South Carolina (SC) y N\u00fameros Ganadores de Hoy y Ayer\"}]},{\"@type\":\"WebSite\",\"@id\":\"https:\/\/www.lotterycritic.com\/es\/#website\",\"url\":\"https:\/\/www.lotterycritic.com\/es\/\",\"name\":\"Lottery Critic\",\"description\":\"Your Guide to Lottery Results, Winning Numbers &amp; More\u2026\",\"potentialAction\":[{\"@type\":\"SearchAction\",\"target\":{\"@type\":\"EntryPoint\",\"urlTemplate\":\"https:\/\/www.lotterycritic.com\/es\/?s={search_term_string}\"},\"query-input\":{\"@type\":\"PropertyValueSpecification\",\"valueRequired\":true,\"valueName\":\"search_term_string\"}}],\"inLanguage\":\"es\"}]}<\/script>\n<!-- \/ Yoast SEO plugin. -->","yoast_head_json":{"title":"Powerball de South Carolina (SC): Resultados y N\u00fameros Ganadores [Ayer+Hoy]","description":"Conozca los n\u00fameros m\u00e1s reciente para el sorteo del Powerball de Carolina del Sur, junto con informaci\u00f3n sobre el premio mayor, probabilidades, futuros sorteos y m\u00e1s.","robots":{"index":"index","follow":"follow","max-snippet":"max-snippet:-1","max-image-preview":"max-image-preview:large","max-video-preview":"max-video-preview:-1"},"canonical":"https:\/\/www.lotterycritic.com\/es\/resultados-loteria\/carolina-del-sur\/powerball\/","og_locale":"es_ES","og_type":"article","og_title":"Powerball de South Carolina (SC): Resultados y N\u00fameros Ganadores [Ayer+Hoy]","og_description":"Conozca los n\u00fameros m\u00e1s reciente para el sorteo del Powerball de Carolina del Sur, junto con informaci\u00f3n sobre el premio mayor, probabilidades, futuros sorteos y m\u00e1s.","og_url":"https:\/\/www.lotterycritic.com\/es\/resultados-loteria\/carolina-del-sur\/powerball\/","og_site_name":"Lottery Critic","article_modified_time":"2023-08-24T11:49:35+00:00","twitter_card":"summary_large_image","twitter_misc":{"Tiempo de lectura":"7 minutos"},"schema":{"@context":"https:\/\/schema.org","@graph":[{"@type":"WebPage","@id":"https:\/\/www.lotterycritic.com\/es\/resultados-loteria\/carolina-del-sur\/powerball\/","url":"https:\/\/www.lotterycritic.com\/es\/resultados-loteria\/carolina-del-sur\/powerball\/","name":"Powerball de South Carolina (SC): Resultados y N\u00fameros Ganadores [Ayer+Hoy]","isPartOf":{"@id":"https:\/\/www.lotterycritic.com\/es\/#website"},"datePublished":"2023-08-23T01:37:24+00:00","dateModified":"2023-08-24T11:49:35+00:00","description":"Conozca los n\u00fameros m\u00e1s reciente para el sorteo del Powerball de Carolina del Sur, junto con informaci\u00f3n sobre el premio mayor, probabilidades, futuros sorteos y m\u00e1s.","breadcrumb":{"@id":"https:\/\/www.lotterycritic.com\/es\/resultados-loteria\/carolina-del-sur\/powerball\/#breadcrumb"},"inLanguage":"es","potentialAction":[{"@type":"ReadAction","target":["https:\/\/www.lotterycritic.com\/es\/resultados-loteria\/carolina-del-sur\/powerball\/"]}]},{"@type":"BreadcrumbList","@id":"https:\/\/www.lotterycritic.com\/es\/resultados-loteria\/carolina-del-sur\/powerball\/#breadcrumb","itemListElement":[{"@type":"ListItem","position":1,"name":"Home","item":"https:\/\/www.lotterycritic.com\/es\/"},{"@type":"ListItem","position":2,"name":"Resultados de La Loter\u00eda Americana &#8211; Los \u00daltimos N\u00fameros Ganadores de La Loter\u00eda de Estados Unidos","item":"https:\/\/www.lotterycritic.com\/es\/resultados-loteria\/"},{"@type":"ListItem","position":3,"name":"Resultados de La Loter\u00eda de Carolina del Sur (SC) &#8211; Comprueba Los N\u00fameros Ganadores de Hoy En South Carolina","item":"https:\/\/www.lotterycritic.com\/es\/resultados-loteria\/carolina-del-sur\/"},{"@type":"ListItem","position":4,"name":"Resultados del Powerball de South Carolina (SC) y N\u00fameros Ganadores de Hoy y Ayer"}]},{"@type":"WebSite","@id":"https:\/\/www.lotterycritic.com\/es\/#website","url":"https:\/\/www.lotterycritic.com\/es\/","name":"Lottery Critic","description":"Your Guide to Lottery Results, Winning Numbers &amp; More\u2026","potentialAction":[{"@type":"SearchAction","target":{"@type":"EntryPoint","urlTemplate":"https:\/\/www.lotterycritic.com\/es\/?s={search_term_string}"},"query-input":{"@type":"PropertyValueSpecification","valueRequired":true,"valueName":"search_term_string"}}],"inLanguage":"es"}]}},"_links":{"self":[{"href":"https:\/\/www.lotterycritic.com\/es\/wp-json\/wp\/v2\/pages\/14269"}],"collection":[{"href":"https:\/\/www.lotterycritic.com\/es\/wp-json\/wp\/v2\/pages"}],"about":[{"href":"https:\/\/www.lotterycritic.com\/es\/wp-json\/wp\/v2\/types\/page"}],"author":[{"embeddable":true,"href":"https:\/\/www.lotterycritic.com\/es\/wp-json\/wp\/v2\/users\/1"}],"replies":[{"embeddable":true,"href":"https:\/\/www.lotterycritic.com\/es\/wp-json\/wp\/v2\/comments?post=14269"}],"version-history":[{"count":1,"href":"https:\/\/www.lotterycritic.com\/es\/wp-json\/wp\/v2\/pages\/14269\/revisions"}],"predecessor-version":[{"id":14270,"href":"https:\/\/www.lotterycritic.com\/es\/wp-json\/wp\/v2\/pages\/14269\/revisions\/14270"}],"up":[{"embeddable":true,"href":"https:\/\/www.lotterycritic.com\/es\/wp-json\/wp\/v2\/pages\/14259"}],"wp:attachment":[{"href":"https:\/\/www.lotterycritic.com\/es\/wp-json\/wp\/v2\/media?parent=14269"}],"curies":[{"name":"wp","href":"https:\/\/api.w.org\/{rel}","templated":true}]}}