{"id":14267,"date":"2023-08-23T00:21:58","date_gmt":"2023-08-23T00:21:58","guid":{"rendered":"https:\/\/www.lotterycritic.com\/resultados-loteria\/carolina-del-sur\/resultados-del-pick-4-de-south-carolina-sc-y-numeros-ganadores-de-hoy-noche-dia\/"},"modified":"2023-08-24T11:49:03","modified_gmt":"2023-08-24T11:49:03","slug":"pick-4","status":"publish","type":"page","link":"https:\/\/www.lotterycritic.com\/es\/resultados-loteria\/carolina-del-sur\/pick-4\/","title":{"rendered":"Resultados del Pick 4 de South Carolina (SC) y N\u00fameros Ganadores de Hoy [Noche + D\u00eda]"},"content":{"rendered":"<p><section><div class=\"section-anchor\" id=\"game-rules\"><\/div><\/p>\n<h2><span style=\"font-weight: 400;\">C\u00f3mo jugar al Pick 4 de la Loter\u00eda de Carolina del Sur<\/span><\/h2>\n<p>El Pick 4 de Carolina del Sur se sortea dos veces al d\u00eda. Cada sorteo entrega un premio mayor de $5,000, pero su posible premio depende de la cantidad apostada y el estilo de juego elegido. El <a href=\"https:\/\/www.lotterycritic.com\/es\/resultados-loteria\/carolina-del-sur\/pick-3\/\">Pick 3 de Carolina del Sur<\/a> cuenta con reglas similar.<\/p>\n<p>Para jugar, tendr\u00e1 que elegir 4 n\u00fameros, cada uno entre 0 y 9, y seleccionar uno de los siguientes estilos de juego:<\/p>\n<ul>\n<li><b>Straight:<\/b><span style=\"font-weight: 400;\"> Tendr\u00e1 que coincidir con los n\u00fameros ganadores en el orden en el cual se sortean.<\/span><\/li>\n<li><b>Box:<\/b><span style=\"font-weight: 400;\"> Puede acertar los n\u00fameros en cualquier orden.<\/span><\/li>\n<li><b>Straight \/ Box:<\/b><span style=\"font-weight: 400;\"> Es posible acertar los n\u00fameros sorteados en cualquier orden o en el orden exacto.<\/span><\/li>\n<li><b>Combo: <\/b><span style=\"font-weight: 400;\">Estar\u00e1 jugando apuestas Straight para todas las posibles combinaciones que resulten de sus n\u00fameros elegidos, aumentando sus probabilidades de ganar.<\/span><\/li>\n<\/ul>\n<p>\n<\/section><\/p>\n<p><section><div class=\"section-anchor\" id=\"drawing-schedule\"><\/div><\/p>\n<h2><span style=\"font-weight: 400;\">Calendario de sorteos del Pick 4 de la Loter\u00eda de Educaci\u00f3n de Carolina del Sur<\/span><\/h2>\n<p>Los sorteos del Pick 4 de SC toman lugar al mediod\u00eda y en la noche a las <span style=\"font-weight: 400;\"><strong>12:59 PM todos los d\u00edas, a excepci\u00f3n del domingo<\/strong>; y a las <strong>6:59 PM todos los d\u00edas<\/strong>. Encuentra f\u00e1cilmente los resultados de la loter\u00eda para compararlos con sus n\u00fameros.<\/span><\/p>\n<h3>Resumen del calendario de sorteos del Pick 4:<\/h3>\n<ul>\n<li>Sorteo al mediod\u00eda a las 12:59 PM<\/li>\n<li>Sorteo en la noche a las 6:59 PM<\/li>\n<\/ul>\n<p>Puede comprar billetes hasta las <span style=\"font-weight: 400;\">12:45 PM o 6:45 PM en d\u00edas con sorteo.<\/span><\/p>\n<p>\n<\/section><\/p>\n<p><section><div class=\"section-anchor\" id=\"payouts-and-odds\"><\/div><\/p>\n<h2><span style=\"font-weight: 400;\">Pagos y Probabilidades de ganar el Pick 4 de Carolina del Sur<\/span><\/h2>\n<table>\n<tbody>\n<tr>\n<td><b>Estilo de juego<\/b><\/td>\n<td><b>Selecci\u00f3n<\/b><\/td>\n<td><b>Acierto<\/b><\/td>\n<td><b>Premio con una apuesta de $0.50<\/b><\/td>\n<td><b>Premio con una apuesta de $1<\/b><\/td>\n<td><b>Probabilidades<\/b><\/td>\n<\/tr>\n<tr>\n<td><span style=\"font-weight: 400;\">Straight<\/span><\/td>\n<td><span style=\"font-weight: 400;\">4 d\u00edgitos cualesquiera<\/span><\/td>\n<td><span style=\"font-weight: 400;\">4 d\u00edgitos en el orden exacto<\/span><\/td>\n<td><span style=\"font-weight: 400;\">$2,500<\/span><\/td>\n<td><span style=\"font-weight: 400;\">$5,000<\/span><\/td>\n<td><span style=\"font-weight: 400;\">1 en 10,000<\/span><\/td>\n<\/tr>\n<tr>\n<td><span style=\"font-weight: 400;\">Box: 4-Way<\/span><\/td>\n<td><span style=\"font-weight: 400;\">3 d\u00edgitos del mismo n\u00famero y 1 n\u00famero diferente<\/span><\/td>\n<td><span style=\"font-weight: 400;\">4 d\u00edgitos en cualquier orden<\/span><\/td>\n<td><span style=\"font-weight: 400;\">$600<\/span><\/td>\n<td><span style=\"font-weight: 400;\">$1,200<\/span><\/td>\n<td><span style=\"font-weight: 400;\">1 en 2,500<\/span><\/td>\n<\/tr>\n<tr>\n<td><span style=\"font-weight: 400;\">Box: 6-Way<\/span><\/td>\n<td><span style=\"font-weight: 400;\">2 pares diferentes<\/span><\/td>\n<td><span style=\"font-weight: 400;\">4 d\u00edgitos en cualquier orden<\/span><\/td>\n<td><span style=\"font-weight: 400;\">$400<\/span><\/td>\n<td><span style=\"font-weight: 400;\">$800<\/span><\/td>\n<td><span style=\"font-weight: 400;\">1 en 1,667<\/span><\/td>\n<\/tr>\n<tr>\n<td><span style=\"font-weight: 400;\">Box: 12-Way<\/span><\/td>\n<td><span style=\"font-weight: 400;\">1 par y 2 n\u00fameros distintos<\/span><\/td>\n<td><span style=\"font-weight: 400;\">4 d\u00edgitos en cualquier orden<\/span><\/td>\n<td><span style=\"font-weight: 400;\">$200<\/span><\/td>\n<td><span style=\"font-weight: 400;\">$400<\/span><\/td>\n<td><span style=\"font-weight: 400;\">1 en 833<\/span><\/td>\n<\/tr>\n<tr>\n<td><span style=\"font-weight: 400;\">Box: 24-Way<\/span><\/td>\n<td><span style=\"font-weight: 400;\">4 n\u00fameros distintos cualesquiera<\/span><\/td>\n<td><span style=\"font-weight: 400;\">4 d\u00edgitos en cualquier orden<\/span><\/td>\n<td><span style=\"font-weight: 400;\">$100<\/span><\/td>\n<td><span style=\"font-weight: 400;\">$200<\/span><\/td>\n<td><span style=\"font-weight: 400;\">1 en 417<\/span><\/td>\n<\/tr>\n<tr>\n<td><span style=\"font-weight: 400;\">Straight\/Box: 24-Way<\/span><\/td>\n<td><span style=\"font-weight: 400;\">4 n\u00fameros distintos cualesquiera<\/span><\/td>\n<td><span style=\"font-weight: 400;\">4 d\u00edgitos en cualquier orden o en el orden exacto<\/span><\/td>\n<td><\/td>\n<td><span style=\"font-weight: 400;\">$2600 (orden exacto)<\/span><span style=\"font-weight: 400;\"><br \/>\n<\/span><span style=\"font-weight: 400;\">$100 (cualquier orden)<\/span><\/td>\n<td><span style=\"font-weight: 400;\">1 en 10,000<\/span><span style=\"font-weight: 400;\"><br \/>\n<\/span><span style=\"font-weight: 400;\">1 en 417<\/span><\/td>\n<\/tr>\n<tr>\n<td><span style=\"font-weight: 400;\">Straight\/Box: 12-Way<\/span><\/td>\n<td><span style=\"font-weight: 400;\">1 par y 2 n\u00fameros distintos<\/span><\/td>\n<td><span style=\"font-weight: 400;\">4 d\u00edgitos en cualquier orden o en el orden exacto<\/span><\/td>\n<td><\/td>\n<td><span style=\"font-weight: 400;\">$2,700 (orden exacto)<\/span><span style=\"font-weight: 400;\"><br \/>\n<\/span><span style=\"font-weight: 400;\">$200 (cualquier orden)<\/span><\/td>\n<td><span style=\"font-weight: 400;\">1 en 10,000<\/span><span style=\"font-weight: 400;\"><br \/>\n<\/span><span style=\"font-weight: 400;\">1 en 833<\/span><\/td>\n<\/tr>\n<tr>\n<td><span style=\"font-weight: 400;\">Straight\/Box: 6-Way<\/span><\/td>\n<td><span style=\"font-weight: 400;\">2 pares diferentes<\/span><\/td>\n<td><span style=\"font-weight: 400;\">4 d\u00edgitos en cualquier orden o en el orden exacto<\/span><\/td>\n<td><\/td>\n<td><span style=\"font-weight: 400;\">$2900 (orden exacto)<\/span><span style=\"font-weight: 400;\"><br \/>\n<\/span><span style=\"font-weight: 400;\">$400 (cualquier orden)<\/span><\/td>\n<td><span style=\"font-weight: 400;\">1 en 10,000<\/span><span style=\"font-weight: 400;\"><br \/>\n<\/span><span style=\"font-weight: 400;\">1 en 1,667<\/span><\/td>\n<\/tr>\n<tr>\n<td><span style=\"font-weight: 400;\">Straight\/Box: 4-Way<\/span><\/td>\n<td><span style=\"font-weight: 400;\">3 d\u00edgitos del mismo n\u00famero y 1 n\u00fameros diferente<\/span><\/td>\n<td><span style=\"font-weight: 400;\">4 d\u00edgitos en cualquier orden o en el orden exacto<\/span><\/td>\n<td><\/td>\n<td><span style=\"font-weight: 400;\">$3,100 (orden exacto)<\/span><span style=\"font-weight: 400;\"><br \/>\n<\/span><span style=\"font-weight: 400;\">$600 (cualquier orden)<\/span><\/td>\n<td><span style=\"font-weight: 400;\">1 en 10,000<\/span><span style=\"font-weight: 400;\"><br \/>\n<\/span><span style=\"font-weight: 400;\">1 en 2,500<\/span><\/td>\n<\/tr>\n<tr>\n<td><span style=\"font-weight: 400;\">Combo: 24-Way<\/span><\/td>\n<td><span style=\"font-weight: 400;\">4 n\u00fameros distintos cualesquiera<\/span><\/td>\n<td><span style=\"font-weight: 400;\">4 d\u00edgitos en el orden exacto<\/span><\/td>\n<td><\/td>\n<td><span style=\"font-weight: 400;\">$5000<\/span><\/td>\n<td><span style=\"font-weight: 400;\">1 en 417<\/span><\/td>\n<\/tr>\n<tr>\n<td><span style=\"font-weight: 400;\">Combo: 12-Way<\/span><\/td>\n<td><span style=\"font-weight: 400;\">1 par y 2 n\u00fameros distintos<\/span><\/td>\n<td><span style=\"font-weight: 400;\">4 d\u00edgitos en el orden exacto<\/span><\/td>\n<td><\/td>\n<td><span style=\"font-weight: 400;\">$5000<\/span><\/td>\n<td><span style=\"font-weight: 400;\">1 en 833<\/span><\/td>\n<\/tr>\n<tr>\n<td><span style=\"font-weight: 400;\">Combo: 6-Way<\/span><\/td>\n<td><span style=\"font-weight: 400;\">2 pares diferentes<\/span><\/td>\n<td><span style=\"font-weight: 400;\">4 d\u00edgitos en el orden exacto<\/span><\/td>\n<td><\/td>\n<td><span style=\"font-weight: 400;\">$5000<\/span><\/td>\n<td><span style=\"font-weight: 400;\">1 en 1,667<\/span><\/td>\n<\/tr>\n<tr>\n<td><span style=\"font-weight: 400;\">Combo: 4-Way<\/span><\/td>\n<td><span style=\"font-weight: 400;\">3 d\u00edgitos del mismo n\u00famero y 1 n\u00fameros diferente<\/span><\/td>\n<td><span style=\"font-weight: 400;\">4 d\u00edgitos en el orden exacto<\/span><\/td>\n<td><\/td>\n<td><span style=\"font-weight: 400;\">$5000<\/span><\/td>\n<td><span style=\"font-weight: 400;\">1 en 2,500<\/span><\/td>\n<\/tr>\n<\/tbody>\n<\/table>\n<p>\n<\/section><\/p>\n","protected":false},"excerpt":{"rendered":"","protected":false},"author":2,"featured_media":0,"parent":14259,"menu_order":2,"comment_status":"closed","ping_status":"closed","template":"lottery-results-game-child-template.php","meta":{"footnotes":""},"class_list":["post-14267","page","type-page","status-publish","hentry"],"acf":[],"yoast_head":"<!-- This site is optimized with the Yoast SEO plugin v23.4 - https:\/\/yoast.com\/wordpress\/plugins\/seo\/ -->\n<title>Pick 4 de South Carolina: Resultados y N\u00fameros Ganadores Hoy [Noche+D\u00eda]<\/title>\n<meta name=\"description\" content=\"Obtenga los \u00faltimos resultados, n\u00fameros ganadores y premio mayor del Pick 4 de Carolina del Sur. Tambi\u00e9n, aprenda las reglas, pagos, probabilidades y m\u00e1s.\" \/>\n<meta name=\"robots\" content=\"index, follow, max-snippet:-1, max-image-preview:large, max-video-preview:-1\" \/>\n<link rel=\"canonical\" href=\"https:\/\/www.lotterycritic.com\/es\/resultados-loteria\/carolina-del-sur\/pick-4\/\" \/>\n<meta property=\"og:locale\" content=\"es_ES\" \/>\n<meta property=\"og:type\" content=\"article\" \/>\n<meta property=\"og:title\" content=\"Pick 4 de South Carolina: Resultados y N\u00fameros Ganadores Hoy [Noche+D\u00eda]\" \/>\n<meta property=\"og:description\" content=\"Obtenga los \u00faltimos resultados, n\u00fameros ganadores y premio mayor del Pick 4 de Carolina del Sur. Tambi\u00e9n, aprenda las reglas, pagos, probabilidades y m\u00e1s.\" \/>\n<meta property=\"og:url\" content=\"https:\/\/www.lotterycritic.com\/es\/resultados-loteria\/carolina-del-sur\/pick-4\/\" \/>\n<meta property=\"og:site_name\" content=\"Lottery Critic\" \/>\n<meta property=\"article:modified_time\" content=\"2023-08-24T11:49:03+00:00\" \/>\n<meta name=\"twitter:card\" content=\"summary_large_image\" \/>\n<meta name=\"twitter:label1\" content=\"Tiempo de lectura\" \/>\n\t<meta name=\"twitter:data1\" content=\"3 minutos\" \/>\n<script type=\"application\/ld+json\" class=\"yoast-schema-graph\">{\"@context\":\"https:\/\/schema.org\",\"@graph\":[{\"@type\":\"WebPage\",\"@id\":\"https:\/\/www.lotterycritic.com\/es\/resultados-loteria\/carolina-del-sur\/pick-4\/\",\"url\":\"https:\/\/www.lotterycritic.com\/es\/resultados-loteria\/carolina-del-sur\/pick-4\/\",\"name\":\"Pick 4 de South Carolina: Resultados y N\u00fameros Ganadores Hoy [Noche+D\u00eda]\",\"isPartOf\":{\"@id\":\"https:\/\/www.lotterycritic.com\/es\/#website\"},\"datePublished\":\"2023-08-23T00:21:58+00:00\",\"dateModified\":\"2023-08-24T11:49:03+00:00\",\"description\":\"Obtenga los \u00faltimos resultados, n\u00fameros ganadores y premio mayor del Pick 4 de Carolina del Sur. Tambi\u00e9n, aprenda las reglas, pagos, probabilidades y m\u00e1s.\",\"breadcrumb\":{\"@id\":\"https:\/\/www.lotterycritic.com\/es\/resultados-loteria\/carolina-del-sur\/pick-4\/#breadcrumb\"},\"inLanguage\":\"es\",\"potentialAction\":[{\"@type\":\"ReadAction\",\"target\":[\"https:\/\/www.lotterycritic.com\/es\/resultados-loteria\/carolina-del-sur\/pick-4\/\"]}]},{\"@type\":\"BreadcrumbList\",\"@id\":\"https:\/\/www.lotterycritic.com\/es\/resultados-loteria\/carolina-del-sur\/pick-4\/#breadcrumb\",\"itemListElement\":[{\"@type\":\"ListItem\",\"position\":1,\"name\":\"Home\",\"item\":\"https:\/\/www.lotterycritic.com\/es\/\"},{\"@type\":\"ListItem\",\"position\":2,\"name\":\"Resultados de La Loter\u00eda Americana &#8211; Los \u00daltimos N\u00fameros Ganadores de La Loter\u00eda de Estados Unidos\",\"item\":\"https:\/\/www.lotterycritic.com\/es\/resultados-loteria\/\"},{\"@type\":\"ListItem\",\"position\":3,\"name\":\"Resultados de La Loter\u00eda de Carolina del Sur (SC) &#8211; Comprueba Los N\u00fameros Ganadores de Hoy En South Carolina\",\"item\":\"https:\/\/www.lotterycritic.com\/es\/resultados-loteria\/carolina-del-sur\/\"},{\"@type\":\"ListItem\",\"position\":4,\"name\":\"Resultados del Pick 4 de South Carolina (SC) y N\u00fameros Ganadores de Hoy [Noche + D\u00eda]\"}]},{\"@type\":\"WebSite\",\"@id\":\"https:\/\/www.lotterycritic.com\/es\/#website\",\"url\":\"https:\/\/www.lotterycritic.com\/es\/\",\"name\":\"Lottery Critic\",\"description\":\"Your Guide to Lottery Results, Winning Numbers &amp; More\u2026\",\"potentialAction\":[{\"@type\":\"SearchAction\",\"target\":{\"@type\":\"EntryPoint\",\"urlTemplate\":\"https:\/\/www.lotterycritic.com\/es\/?s={search_term_string}\"},\"query-input\":{\"@type\":\"PropertyValueSpecification\",\"valueRequired\":true,\"valueName\":\"search_term_string\"}}],\"inLanguage\":\"es\"}]}<\/script>\n<!-- \/ Yoast SEO plugin. -->","yoast_head_json":{"title":"Pick 4 de South Carolina: Resultados y N\u00fameros Ganadores Hoy [Noche+D\u00eda]","description":"Obtenga los \u00faltimos resultados, n\u00fameros ganadores y premio mayor del Pick 4 de Carolina del Sur. Tambi\u00e9n, aprenda las reglas, pagos, probabilidades y m\u00e1s.","robots":{"index":"index","follow":"follow","max-snippet":"max-snippet:-1","max-image-preview":"max-image-preview:large","max-video-preview":"max-video-preview:-1"},"canonical":"https:\/\/www.lotterycritic.com\/es\/resultados-loteria\/carolina-del-sur\/pick-4\/","og_locale":"es_ES","og_type":"article","og_title":"Pick 4 de South Carolina: Resultados y N\u00fameros Ganadores Hoy [Noche+D\u00eda]","og_description":"Obtenga los \u00faltimos resultados, n\u00fameros ganadores y premio mayor del Pick 4 de Carolina del Sur. Tambi\u00e9n, aprenda las reglas, pagos, probabilidades y m\u00e1s.","og_url":"https:\/\/www.lotterycritic.com\/es\/resultados-loteria\/carolina-del-sur\/pick-4\/","og_site_name":"Lottery Critic","article_modified_time":"2023-08-24T11:49:03+00:00","twitter_card":"summary_large_image","twitter_misc":{"Tiempo de lectura":"3 minutos"},"schema":{"@context":"https:\/\/schema.org","@graph":[{"@type":"WebPage","@id":"https:\/\/www.lotterycritic.com\/es\/resultados-loteria\/carolina-del-sur\/pick-4\/","url":"https:\/\/www.lotterycritic.com\/es\/resultados-loteria\/carolina-del-sur\/pick-4\/","name":"Pick 4 de South Carolina: Resultados y N\u00fameros Ganadores Hoy [Noche+D\u00eda]","isPartOf":{"@id":"https:\/\/www.lotterycritic.com\/es\/#website"},"datePublished":"2023-08-23T00:21:58+00:00","dateModified":"2023-08-24T11:49:03+00:00","description":"Obtenga los \u00faltimos resultados, n\u00fameros ganadores y premio mayor del Pick 4 de Carolina del Sur. Tambi\u00e9n, aprenda las reglas, pagos, probabilidades y m\u00e1s.","breadcrumb":{"@id":"https:\/\/www.lotterycritic.com\/es\/resultados-loteria\/carolina-del-sur\/pick-4\/#breadcrumb"},"inLanguage":"es","potentialAction":[{"@type":"ReadAction","target":["https:\/\/www.lotterycritic.com\/es\/resultados-loteria\/carolina-del-sur\/pick-4\/"]}]},{"@type":"BreadcrumbList","@id":"https:\/\/www.lotterycritic.com\/es\/resultados-loteria\/carolina-del-sur\/pick-4\/#breadcrumb","itemListElement":[{"@type":"ListItem","position":1,"name":"Home","item":"https:\/\/www.lotterycritic.com\/es\/"},{"@type":"ListItem","position":2,"name":"Resultados de La Loter\u00eda Americana &#8211; Los \u00daltimos N\u00fameros Ganadores de La Loter\u00eda de Estados Unidos","item":"https:\/\/www.lotterycritic.com\/es\/resultados-loteria\/"},{"@type":"ListItem","position":3,"name":"Resultados de La Loter\u00eda de Carolina del Sur (SC) &#8211; Comprueba Los N\u00fameros Ganadores de Hoy En South Carolina","item":"https:\/\/www.lotterycritic.com\/es\/resultados-loteria\/carolina-del-sur\/"},{"@type":"ListItem","position":4,"name":"Resultados del Pick 4 de South Carolina (SC) y N\u00fameros Ganadores de Hoy [Noche + D\u00eda]"}]},{"@type":"WebSite","@id":"https:\/\/www.lotterycritic.com\/es\/#website","url":"https:\/\/www.lotterycritic.com\/es\/","name":"Lottery Critic","description":"Your Guide to Lottery Results, Winning Numbers &amp; More\u2026","potentialAction":[{"@type":"SearchAction","target":{"@type":"EntryPoint","urlTemplate":"https:\/\/www.lotterycritic.com\/es\/?s={search_term_string}"},"query-input":{"@type":"PropertyValueSpecification","valueRequired":true,"valueName":"search_term_string"}}],"inLanguage":"es"}]}},"_links":{"self":[{"href":"https:\/\/www.lotterycritic.com\/es\/wp-json\/wp\/v2\/pages\/14267"}],"collection":[{"href":"https:\/\/www.lotterycritic.com\/es\/wp-json\/wp\/v2\/pages"}],"about":[{"href":"https:\/\/www.lotterycritic.com\/es\/wp-json\/wp\/v2\/types\/page"}],"author":[{"embeddable":true,"href":"https:\/\/www.lotterycritic.com\/es\/wp-json\/wp\/v2\/users\/2"}],"replies":[{"embeddable":true,"href":"https:\/\/www.lotterycritic.com\/es\/wp-json\/wp\/v2\/comments?post=14267"}],"version-history":[{"count":1,"href":"https:\/\/www.lotterycritic.com\/es\/wp-json\/wp\/v2\/pages\/14267\/revisions"}],"predecessor-version":[{"id":14268,"href":"https:\/\/www.lotterycritic.com\/es\/wp-json\/wp\/v2\/pages\/14267\/revisions\/14268"}],"up":[{"embeddable":true,"href":"https:\/\/www.lotterycritic.com\/es\/wp-json\/wp\/v2\/pages\/14259"}],"wp:attachment":[{"href":"https:\/\/www.lotterycritic.com\/es\/wp-json\/wp\/v2\/media?parent=14267"}],"curies":[{"name":"wp","href":"https:\/\/api.w.org\/{rel}","templated":true}]}}