{"id":14265,"date":"2023-08-20T23:47:15","date_gmt":"2023-08-20T23:47:15","guid":{"rendered":"https:\/\/www.lotterycritic.com\/resultados-loteria\/carolina-del-sur\/resultados-del-pick-3-de-south-carolina-sc-y-numeros-ganadores-de-hoy-noche-dia\/"},"modified":"2023-08-24T11:48:26","modified_gmt":"2023-08-24T11:48:26","slug":"pick-3","status":"publish","type":"page","link":"https:\/\/www.lotterycritic.com\/es\/resultados-loteria\/carolina-del-sur\/pick-3\/","title":{"rendered":"Resultados del Pick 3 de South Carolina (SC) y N\u00fameros Ganadores de Hoy [Noche + D\u00eda]"},"content":{"rendered":"<p><section><div class=\"section-anchor\" id=\"game-rules\"><\/div><\/p>\n<h2><span style=\"font-weight: 400;\">C\u00f3mo jugar al Pick 3 de la Loter\u00eda de Carolina del Sur<\/span><\/h2>\n<p>El Pick 3 de la <a href=\"https:\/\/www.lotterycritic.com\/es\/resultados-loteria\/carolina-del-sur\/\">Loter\u00eda de Carolina del Sur<\/a> se juega dos veces al d\u00eda, alrededor del mediod\u00eda y en la noche. Cada sorteo cuenta con un premio mayor fijo de $500. Aunque su posible premio depende del estilo de juego elegido y el valor de la apuesta.<\/p>\n<p>Para jugar, tendr\u00e1 que escoger un n\u00famero del 000 al 999. Luego, elija un estilo de juego y un valor de apuesta, as\u00ed como el horario del sorteo (mediod\u00eda, noche o ambos). Gana el premio mayor si su combinaci\u00f3n coincide con los n\u00fameros sorteados en el orden exacto.<\/p>\n<p><span style=\"font-weight: 400;\">Puede escoger entre los siguientes estilos de juego:<\/span><\/p>\n<ul>\n<li><b>Straight: <\/b><span style=\"font-weight: 400;\">Tendr\u00e1 que acertar los n\u00fameros ganadores en el orden exacto.<\/span><\/li>\n<li><b>Box: <\/b><span style=\"font-weight: 400;\">Es posible coincidir con los n\u00fameros sorteados en cualquier orden.<\/span><\/li>\n<li><b>Straight & Box: <\/b><span style=\"font-weight: 400;\">Puede acertar en los n\u00fameros ganadores, en cualquier orden o en el orden exacto.<\/span><\/li>\n<li><b>Combo: <\/b><span style=\"font-weight: 400;\">Con este estilo de juego estar\u00e1 jugando apuestas Straight para todas las posibles combinaciones que resultan de sus n\u00fameros elegidos, aumentando sus posibilidades de ganar.<\/span><\/li>\n<li><b>Front Pair\/Back Pair: <\/b><span style=\"font-weight: 400;\">Debe seleccionar 2 n\u00fameros (en lugar de 3). Estos tendr\u00e1n que coincidir con los primeros o \u00faltimos 2 n\u00fameros ganadores en el orden exacto.<\/span><\/li>\n<\/ul>\n<p>\n<\/section><\/p>\n<p><section><div class=\"section-anchor\" id=\"drawing-schedule\"><\/div><\/p>\n<h2><span style=\"font-weight: 400;\">Calendario de sorteos del Pick 3 de Carolina del Sur<\/span><\/h2>\n<p>Los sorteos del Pick 3 suceden todos los d\u00edas a las <span style=\"font-weight: 400;\"><strong>12:59 PM y 6:59 PM<\/strong>, cuya venta de billetes cierra a las 12:45 PM y 6:45 PM, respectivamente. De forma similar, el <a href=\"https:\/\/www.lotterycritic.com\/es\/resultados-loteria\/carolina-del-sur\/pick-4\/\">Pick 4 de SC<\/a> tambi\u00e9n tiene dos sorteos cada d\u00eda. Puede echar un vistazo a m\u00e1s resultados de la <a href=\"https:\/\/www.lotterycritic.com\/es\/resultados-loteria\/carolina-del-sur\/\">Loter\u00eda de Carolina del Sur<\/a>.<\/span><\/p>\n<p>\n<\/section><\/p>\n<p><section><div class=\"section-anchor\" id=\"payouts-and-odds\"><\/div><\/p>\n<h2><span style=\"font-weight: 400;\">Pagos y Probabilidades de ganar el Pick 3 de la Loter\u00eda de Carolina del Sur<\/span><\/h2>\n<table>\n<tbody>\n<tr>\n<td><b>Estilo de juego<\/b><\/td>\n<td><b>Selecci\u00f3n<\/b><\/td>\n<td><b>Acierto<\/b><\/td>\n<td><b>Premio con una apuesta de $0.50<\/b><\/td>\n<td><b>Premio con una apuesta de $1<\/b><\/td>\n<td><b>Probabilidades<\/b><\/td>\n<\/tr>\n<tr>\n<td><span style=\"font-weight: 400;\">Straight<\/span><\/td>\n<td><span style=\"font-weight: 400;\">3 d\u00edgitos cualesquiera<\/span><\/td>\n<td><span style=\"font-weight: 400;\">3 d\u00edgitos en el orden exacto<\/span><\/td>\n<td><span style=\"font-weight: 400;\">$250<\/span><\/td>\n<td><span style=\"font-weight: 400;\">$500<\/span><\/td>\n<td><span style=\"font-weight: 400;\">1 en 1,000<\/span><\/td>\n<\/tr>\n<tr>\n<td><span style=\"font-weight: 400;\">Box: 3-Way<\/span><\/td>\n<td><span style=\"font-weight: 400;\">1 par y 1 n\u00famero diferente<\/span><\/td>\n<td><span style=\"font-weight: 400;\">3 d\u00edgitos en cualquier orden<\/span><\/td>\n<td><span style=\"font-weight: 400;\">$80<\/span><\/td>\n<td><span style=\"font-weight: 400;\">$160<\/span><\/td>\n<td><span style=\"font-weight: 400;\">1 en 333<\/span><\/td>\n<\/tr>\n<tr>\n<td><span style=\"font-weight: 400;\">Box: 6-Way<\/span><\/td>\n<td><span style=\"font-weight: 400;\">3 n\u00fameros distintos cualesquiera<\/span><\/td>\n<td><span style=\"font-weight: 400;\">3 d\u00edgitos en cualquier orden<\/span><\/td>\n<td><span style=\"font-weight: 400;\">$40<\/span><\/td>\n<td><span style=\"font-weight: 400;\">$80<\/span><\/td>\n<td><span style=\"font-weight: 400;\">1 en 167<\/span><\/td>\n<\/tr>\n<tr>\n<td><span style=\"font-weight: 400;\">Straight\/Box: 3-Way<\/span><\/td>\n<td><span style=\"font-weight: 400;\">1 par y 1 n\u00famero diferente<\/span><\/td>\n<td><span style=\"font-weight: 400;\">3 d\u00edgitos en cualquier orden o en el orden exacto<\/span><\/td>\n<td><\/td>\n<td><span style=\"font-weight: 400;\">$330 (orden exacto)<\/span><\/p>\n<p><span style=\"font-weight: 400;\">$80 (cualquier orden)<\/span><\/td>\n<td><span style=\"font-weight: 400;\">1 en 1,000<\/span><\/p>\n<p><span style=\"font-weight: 400;\">1 en 333<\/span><\/td>\n<\/tr>\n<tr>\n<td><span style=\"font-weight: 400;\">Straight\/Box: 6-Way<\/span><\/td>\n<td><span style=\"font-weight: 400;\">3 n\u00fameros distintos cualesquiera<\/span><\/td>\n<td><span style=\"font-weight: 400;\">3 d\u00edgitos en cualquier orden o en el orden exacto<\/span><\/td>\n<td><\/td>\n<td><span style=\"font-weight: 400;\">$290 (orden exacto)<\/span><\/p>\n<p><span style=\"font-weight: 400;\">$40 (cualquier orden)<\/span><\/td>\n<td><span style=\"font-weight: 400;\">1 en 1,000<\/span><\/p>\n<p><span style=\"font-weight: 400;\">1 en 167<\/span><\/td>\n<\/tr>\n<tr>\n<td><span style=\"font-weight: 400;\">Front Pair<\/span><\/td>\n<td><span style=\"font-weight: 400;\">2 n\u00fameros cualesquiera<\/span><\/td>\n<td><span style=\"font-weight: 400;\">Primeros 2 d\u00edgitos en el orden exacto<\/span><\/td>\n<td><span style=\"font-weight: 400;\">$25<\/span><\/td>\n<td><span style=\"font-weight: 400;\">$50<\/span><\/td>\n<td><span style=\"font-weight: 400;\">1 en 100<\/span><\/td>\n<\/tr>\n<tr>\n<td><span style=\"font-weight: 400;\">Back Pair<\/span><\/td>\n<td><span style=\"font-weight: 400;\">2 n\u00fameros cualesquiera<\/span><\/td>\n<td><span style=\"font-weight: 400;\">\u00daltimos 2 d\u00edgitos en el orden exacto<\/span><\/td>\n<td><span style=\"font-weight: 400;\">$25<\/span><\/td>\n<td><span style=\"font-weight: 400;\">$50<\/span><\/td>\n<td><span style=\"font-weight: 400;\">1 en 100<\/span><\/td>\n<\/tr>\n<tr>\n<td><span style=\"font-weight: 400;\">Combo: 6-Way<\/span><\/td>\n<td><span style=\"font-weight: 400;\">3 n\u00fameros distintos cualesquiera<\/span><\/td>\n<td><span style=\"font-weight: 400;\">Todos los posibles juegos Straight<\/span><\/td>\n<td><span style=\"font-weight: 400;\">$250<\/span><\/td>\n<td><span style=\"font-weight: 400;\">$500<\/span><\/td>\n<td><span style=\"font-weight: 400;\">1 en 167<\/span><\/td>\n<\/tr>\n<tr>\n<td><span style=\"font-weight: 400;\">Combo: 3-Way<\/span><\/td>\n<td><span style=\"font-weight: 400;\">1 par y 1 n\u00famero diferente<\/span><\/td>\n<td><span style=\"font-weight: 400;\">Todos los posibles juegos Straight<\/span><\/td>\n<td><span style=\"font-weight: 400;\">$250<\/span><\/td>\n<td><span style=\"font-weight: 400;\">$500<\/span><\/td>\n<td><span style=\"font-weight: 400;\">1 en 333<\/span><\/td>\n<\/tr>\n<\/tbody>\n<\/table>\n<p>\n<\/section><\/p>\n","protected":false},"excerpt":{"rendered":"","protected":false},"author":2,"featured_media":0,"parent":14259,"menu_order":3,"comment_status":"closed","ping_status":"closed","template":"lottery-results-game-child-template.php","meta":{"footnotes":""},"class_list":["post-14265","page","type-page","status-publish","hentry"],"acf":[],"yoast_head":"<!-- This site is optimized with the Yoast SEO plugin v23.4 - https:\/\/yoast.com\/wordpress\/plugins\/seo\/ -->\n<title>Pick 3 de South Carolina: Resultados y N\u00fameros Ganadores Hoy [Noche+D\u00eda]<\/title>\n<meta name=\"description\" content=\"Todo lo que necesita saber sobre el juego Pick 3 de la Loter\u00eda de Carolina del Sur, \u00faltimos resultados, n\u00fameros ganadores, reglas, pagos, probabilidades y m\u00e1s.\" \/>\n<meta name=\"robots\" content=\"index, follow, max-snippet:-1, max-image-preview:large, max-video-preview:-1\" \/>\n<link rel=\"canonical\" href=\"https:\/\/www.lotterycritic.com\/es\/resultados-loteria\/carolina-del-sur\/pick-3\/\" \/>\n<meta property=\"og:locale\" content=\"es_ES\" \/>\n<meta property=\"og:type\" content=\"article\" \/>\n<meta property=\"og:title\" content=\"Pick 3 de South Carolina: Resultados y N\u00fameros Ganadores Hoy [Noche+D\u00eda]\" \/>\n<meta property=\"og:description\" content=\"Todo lo que necesita saber sobre el juego Pick 3 de la Loter\u00eda de Carolina del Sur, \u00faltimos resultados, n\u00fameros ganadores, reglas, pagos, probabilidades y m\u00e1s.\" \/>\n<meta property=\"og:url\" content=\"https:\/\/www.lotterycritic.com\/es\/resultados-loteria\/carolina-del-sur\/pick-3\/\" \/>\n<meta property=\"og:site_name\" content=\"Lottery Critic\" \/>\n<meta property=\"article:modified_time\" content=\"2023-08-24T11:48:26+00:00\" \/>\n<meta name=\"twitter:card\" content=\"summary_large_image\" \/>\n<meta name=\"twitter:label1\" content=\"Tiempo de lectura\" \/>\n\t<meta name=\"twitter:data1\" content=\"3 minutos\" \/>\n<script type=\"application\/ld+json\" class=\"yoast-schema-graph\">{\"@context\":\"https:\/\/schema.org\",\"@graph\":[{\"@type\":\"WebPage\",\"@id\":\"https:\/\/www.lotterycritic.com\/es\/resultados-loteria\/carolina-del-sur\/pick-3\/\",\"url\":\"https:\/\/www.lotterycritic.com\/es\/resultados-loteria\/carolina-del-sur\/pick-3\/\",\"name\":\"Pick 3 de South Carolina: Resultados y N\u00fameros Ganadores Hoy [Noche+D\u00eda]\",\"isPartOf\":{\"@id\":\"https:\/\/www.lotterycritic.com\/es\/#website\"},\"datePublished\":\"2023-08-20T23:47:15+00:00\",\"dateModified\":\"2023-08-24T11:48:26+00:00\",\"description\":\"Todo lo que necesita saber sobre el juego Pick 3 de la Loter\u00eda de Carolina del Sur, \u00faltimos resultados, n\u00fameros ganadores, reglas, pagos, probabilidades y m\u00e1s.\",\"breadcrumb\":{\"@id\":\"https:\/\/www.lotterycritic.com\/es\/resultados-loteria\/carolina-del-sur\/pick-3\/#breadcrumb\"},\"inLanguage\":\"es\",\"potentialAction\":[{\"@type\":\"ReadAction\",\"target\":[\"https:\/\/www.lotterycritic.com\/es\/resultados-loteria\/carolina-del-sur\/pick-3\/\"]}]},{\"@type\":\"BreadcrumbList\",\"@id\":\"https:\/\/www.lotterycritic.com\/es\/resultados-loteria\/carolina-del-sur\/pick-3\/#breadcrumb\",\"itemListElement\":[{\"@type\":\"ListItem\",\"position\":1,\"name\":\"Home\",\"item\":\"https:\/\/www.lotterycritic.com\/es\/\"},{\"@type\":\"ListItem\",\"position\":2,\"name\":\"Resultados de La Loter\u00eda Americana &#8211; Los \u00daltimos N\u00fameros Ganadores de La Loter\u00eda de Estados Unidos\",\"item\":\"https:\/\/www.lotterycritic.com\/es\/resultados-loteria\/\"},{\"@type\":\"ListItem\",\"position\":3,\"name\":\"Resultados de La Loter\u00eda de Carolina del Sur (SC) &#8211; Comprueba Los N\u00fameros Ganadores de Hoy En South Carolina\",\"item\":\"https:\/\/www.lotterycritic.com\/es\/resultados-loteria\/carolina-del-sur\/\"},{\"@type\":\"ListItem\",\"position\":4,\"name\":\"Resultados del Pick 3 de South Carolina (SC) y N\u00fameros Ganadores de Hoy [Noche + D\u00eda]\"}]},{\"@type\":\"WebSite\",\"@id\":\"https:\/\/www.lotterycritic.com\/es\/#website\",\"url\":\"https:\/\/www.lotterycritic.com\/es\/\",\"name\":\"Lottery Critic\",\"description\":\"Your Guide to Lottery Results, Winning Numbers &amp; More\u2026\",\"potentialAction\":[{\"@type\":\"SearchAction\",\"target\":{\"@type\":\"EntryPoint\",\"urlTemplate\":\"https:\/\/www.lotterycritic.com\/es\/?s={search_term_string}\"},\"query-input\":{\"@type\":\"PropertyValueSpecification\",\"valueRequired\":true,\"valueName\":\"search_term_string\"}}],\"inLanguage\":\"es\"}]}<\/script>\n<!-- \/ Yoast SEO plugin. -->","yoast_head_json":{"title":"Pick 3 de South Carolina: Resultados y N\u00fameros Ganadores Hoy [Noche+D\u00eda]","description":"Todo lo que necesita saber sobre el juego Pick 3 de la Loter\u00eda de Carolina del Sur, \u00faltimos resultados, n\u00fameros ganadores, reglas, pagos, probabilidades y m\u00e1s.","robots":{"index":"index","follow":"follow","max-snippet":"max-snippet:-1","max-image-preview":"max-image-preview:large","max-video-preview":"max-video-preview:-1"},"canonical":"https:\/\/www.lotterycritic.com\/es\/resultados-loteria\/carolina-del-sur\/pick-3\/","og_locale":"es_ES","og_type":"article","og_title":"Pick 3 de South Carolina: Resultados y N\u00fameros Ganadores Hoy [Noche+D\u00eda]","og_description":"Todo lo que necesita saber sobre el juego Pick 3 de la Loter\u00eda de Carolina del Sur, \u00faltimos resultados, n\u00fameros ganadores, reglas, pagos, probabilidades y m\u00e1s.","og_url":"https:\/\/www.lotterycritic.com\/es\/resultados-loteria\/carolina-del-sur\/pick-3\/","og_site_name":"Lottery Critic","article_modified_time":"2023-08-24T11:48:26+00:00","twitter_card":"summary_large_image","twitter_misc":{"Tiempo de lectura":"3 minutos"},"schema":{"@context":"https:\/\/schema.org","@graph":[{"@type":"WebPage","@id":"https:\/\/www.lotterycritic.com\/es\/resultados-loteria\/carolina-del-sur\/pick-3\/","url":"https:\/\/www.lotterycritic.com\/es\/resultados-loteria\/carolina-del-sur\/pick-3\/","name":"Pick 3 de South Carolina: Resultados y N\u00fameros Ganadores Hoy [Noche+D\u00eda]","isPartOf":{"@id":"https:\/\/www.lotterycritic.com\/es\/#website"},"datePublished":"2023-08-20T23:47:15+00:00","dateModified":"2023-08-24T11:48:26+00:00","description":"Todo lo que necesita saber sobre el juego Pick 3 de la Loter\u00eda de Carolina del Sur, \u00faltimos resultados, n\u00fameros ganadores, reglas, pagos, probabilidades y m\u00e1s.","breadcrumb":{"@id":"https:\/\/www.lotterycritic.com\/es\/resultados-loteria\/carolina-del-sur\/pick-3\/#breadcrumb"},"inLanguage":"es","potentialAction":[{"@type":"ReadAction","target":["https:\/\/www.lotterycritic.com\/es\/resultados-loteria\/carolina-del-sur\/pick-3\/"]}]},{"@type":"BreadcrumbList","@id":"https:\/\/www.lotterycritic.com\/es\/resultados-loteria\/carolina-del-sur\/pick-3\/#breadcrumb","itemListElement":[{"@type":"ListItem","position":1,"name":"Home","item":"https:\/\/www.lotterycritic.com\/es\/"},{"@type":"ListItem","position":2,"name":"Resultados de La Loter\u00eda Americana &#8211; Los \u00daltimos N\u00fameros Ganadores de La Loter\u00eda de Estados Unidos","item":"https:\/\/www.lotterycritic.com\/es\/resultados-loteria\/"},{"@type":"ListItem","position":3,"name":"Resultados de La Loter\u00eda de Carolina del Sur (SC) &#8211; Comprueba Los N\u00fameros Ganadores de Hoy En South Carolina","item":"https:\/\/www.lotterycritic.com\/es\/resultados-loteria\/carolina-del-sur\/"},{"@type":"ListItem","position":4,"name":"Resultados del Pick 3 de South Carolina (SC) y N\u00fameros Ganadores de Hoy [Noche + D\u00eda]"}]},{"@type":"WebSite","@id":"https:\/\/www.lotterycritic.com\/es\/#website","url":"https:\/\/www.lotterycritic.com\/es\/","name":"Lottery Critic","description":"Your Guide to Lottery Results, Winning Numbers &amp; More\u2026","potentialAction":[{"@type":"SearchAction","target":{"@type":"EntryPoint","urlTemplate":"https:\/\/www.lotterycritic.com\/es\/?s={search_term_string}"},"query-input":{"@type":"PropertyValueSpecification","valueRequired":true,"valueName":"search_term_string"}}],"inLanguage":"es"}]}},"_links":{"self":[{"href":"https:\/\/www.lotterycritic.com\/es\/wp-json\/wp\/v2\/pages\/14265"}],"collection":[{"href":"https:\/\/www.lotterycritic.com\/es\/wp-json\/wp\/v2\/pages"}],"about":[{"href":"https:\/\/www.lotterycritic.com\/es\/wp-json\/wp\/v2\/types\/page"}],"author":[{"embeddable":true,"href":"https:\/\/www.lotterycritic.com\/es\/wp-json\/wp\/v2\/users\/2"}],"replies":[{"embeddable":true,"href":"https:\/\/www.lotterycritic.com\/es\/wp-json\/wp\/v2\/comments?post=14265"}],"version-history":[{"count":1,"href":"https:\/\/www.lotterycritic.com\/es\/wp-json\/wp\/v2\/pages\/14265\/revisions"}],"predecessor-version":[{"id":14266,"href":"https:\/\/www.lotterycritic.com\/es\/wp-json\/wp\/v2\/pages\/14265\/revisions\/14266"}],"up":[{"embeddable":true,"href":"https:\/\/www.lotterycritic.com\/es\/wp-json\/wp\/v2\/pages\/14259"}],"wp:attachment":[{"href":"https:\/\/www.lotterycritic.com\/es\/wp-json\/wp\/v2\/media?parent=14265"}],"curies":[{"name":"wp","href":"https:\/\/api.w.org\/{rel}","templated":true}]}}