{"id":14245,"date":"2023-08-19T00:08:20","date_gmt":"2023-08-19T00:08:20","guid":{"rendered":"https:\/\/www.lotterycritic.com\/resultados-loteria\/pensilvania\/resultados-del-pick-5-de-pennsylvania-y-numeros-ganadores-de-hoy-dia-noche\/"},"modified":"2023-08-24T11:35:11","modified_gmt":"2023-08-24T11:35:11","slug":"pick-5","status":"publish","type":"page","link":"https:\/\/www.lotterycritic.com\/es\/resultados-loteria\/pensilvania\/pick-5\/","title":{"rendered":"Resultados del Pick 5 de Pennsylvania y N\u00fameros Ganadores de Hoy [D\u00eda + Noche]"},"content":{"rendered":"<p><section><div class=\"section-anchor\" id=\"game-rules\"><\/div><\/p>\n<h2>C\u00f3mo jugar al Pick 5 de la Loter\u00eda de Pensilvania<\/h2>\n<p>El Pick 5 de Pensilvania ofrece premios por valor de hasta $50,000. Para jugar, tendr\u00e1 que seleccionar un n\u00famero de 5 d\u00edgitos del 00000 a 99999. Tendr\u00e1 que acertar en todos en el orden exacto para quedarse con el premio mayor.<\/p>\n<p>Puede elegir entre 8 estilos de juego diferentes:<\/p>\n<ul>\n<li><strong>Straight:<\/strong> Deber\u00e1 acertar en todos los cinco n\u00fameros ganadores en el orden exacto.<\/li>\n<li><strong>Box:<\/strong> Puede coincidir en los 5 n\u00fameros sorteados en cualquier orden.<\/li>\n<li><strong>Front Four:<\/strong> Los 4 n\u00fameros seleccionados (en lugar de 5) tendr\u00e1n que coincidir con los primeros 4 n\u00fameros ganadores en el orden exacto.<\/li>\n<li><strong>Back Four:<\/strong> Escoge 4 n\u00fameros (en lugar de 5), que tendr\u00e1n que coincidir con los \u00faltimos 4 n\u00fameros sorteados en el orden exacto.<\/li>\n<li><strong>Front Three:<\/strong> Elige 3 n\u00fameros (en lugar de 5), con el fin de acertar los primeros 3 n\u00fameros ganadores en el orden exacto.<\/li>\n<li><strong>Back Three:<\/strong> Los 3 n\u00fameros seleccionados (en lugar de 5), tendr\u00e1n que coincidir con los \u00faltimos 3 n\u00fameros sorteados en el orden exacto.<\/li>\n<li><strong>Front Pair:<\/strong> Selecciona 2 n\u00fameros (en lugar de 5), los cuales deber\u00e1n coincidir con los primeros 2 n\u00fameros ganadores en el orden exacto.<\/li>\n<li><strong>Back Pair:<\/strong> Los 2 n\u00fameros seleccionados (en lugar de 5), deber\u00e1n coincidir con los \u00faltimos 2 n\u00fameros sorteados en el mismo orden.<\/li>\n<\/ul>\n<p>Tambi\u00e9n puede jugar con el Wild Ball, que le dar\u00e1 la oportunidad de intercambiar el n\u00famero Wild Ball con uno de los n\u00fameros ganadores, para lograr una coincidencia.<\/p>\n<p>Encuentre m\u00e1s <a href=\"https:\/\/www.lotterycritic.com\/es\/resultados-loteria\/pensilvania\/\">premios y resultados de la Loter\u00eda de Pensilvania<\/a>.<\/p>\n<h3>C\u00f3mo funciona la Wild Ball del Pick 5<\/h3>\n<p>Si paga $1 adicional, puede a\u00f1adir la Wild Ball a su Pick 5. Aplicable para los sorteos del d\u00eda y la noche, se selecciona aleatoriamente una Wild Ball que funciona en todos los juegos Pick (Pick 5, Pick 4, Pick 3, Pick 2).<\/p>\n<p>Cuando activa la opci\u00f3n Wild Ball, puede cambiar uno de los n\u00fameros ganadores por el n\u00famero Wild Ball del d\u00eda. Esto le brinda una oportunidad de lograr una coincidencia y hacerse con el premio.<\/p>\n<p>\n<\/section><\/p>\n<p><section><div class=\"section-anchor\" id=\"drawing-schedule\"><\/div><\/p>\n<h2>Calendario de sorteos del Pick 5 de Pensilvania<\/h2>\n<p>Los sorteos del Pick 5 suceden <strong>dos veces al d\u00eda a la 1:35 PM y 6:59 PM, hora del este<\/strong>. Puede comprar billetes hasta la 1:05 PM y 6:57 PM, respectivamente para los sorteos del d\u00eda y la noche. Los sorteos del Pick 5 y <a href=\"https:\/\/www.lotterycritic.com\/es\/resultados-loteria\/pensilvania\/pick-4\/\">Pick 4 de Pensilvania<\/a>, por lo general, se juegan dos veces al d\u00eda, con un calendario que var\u00eda seg\u00fan el d\u00eda de la semana y la opci\u00f3n de juego seleccionado.<\/p>\n<p>\n<\/section><\/p>\n<p><section><div class=\"section-anchor\" id=\"payouts-and-odds\"><\/div><\/p>\n<h2>Pagos y Probabilidades de ganar el Pick 5 de Pensilvania<\/h2>\n<p>Estas son las probabilidades de ganar para cada uno de los estilos de juego, junto con su premio:<\/p>\n<table>\n<tbody>\n<tr>\n<td><strong>Estilo de juego<\/strong><\/td>\n<td><strong>Selecci\u00f3n<\/strong><\/td>\n<td><strong>Acierto<\/strong><\/td>\n<td><strong>Premio<\/strong><\/td>\n<td><strong>Probabilidades<\/strong><\/td>\n<\/tr>\n<tr>\n<td>Straight<\/td>\n<td>5 d\u00edgitos cualquiera<\/td>\n<td>5 d\u00edgitos en el orden exacto<\/td>\n<td>$50,000<\/td>\n<td>1 en 100,000<\/td>\n<\/tr>\n<tr>\n<td>Box<\/td>\n<td>4 d\u00edgitos del mismo n\u00famero y 1 n\u00famero diferente<\/td>\n<td>5 d\u00edgitos en cualquier orden<\/td>\n<td>$10,000<\/td>\n<td>1 en 20,000<\/td>\n<\/tr>\n<tr>\n<td>Box<\/td>\n<td>3 d\u00edgitos del mismo n\u00famero y 1 par diferente<\/td>\n<td>5 d\u00edgitos en cualquier orden<\/td>\n<td>$5,000<\/td>\n<td>1 en 10,000<\/td>\n<\/tr>\n<tr>\n<td>Box<\/td>\n<td>3 d\u00edgitos del mismo n\u00famero y 2 n\u00fameros distintos<\/td>\n<td>5 d\u00edgitos en cualquier orden<\/td>\n<td>$2,500<\/td>\n<td>1 en 5,000<\/td>\n<\/tr>\n<tr>\n<td>Box<\/td>\n<td>2 pares diferentes y 1 n\u00famero distinto<\/td>\n<td>5 d\u00edgitos en cualquier orden<\/td>\n<td>$1,700<\/td>\n<td>1 en 3,333<\/td>\n<\/tr>\n<tr>\n<td>Box<\/td>\n<td>1 par y 3 n\u00fameros distintos<\/td>\n<td>5 d\u00edgitos en cualquier orden<\/td>\n<td>$850<\/td>\n<td>1 en 1,667<\/td>\n<\/tr>\n<tr>\n<td>Box<\/td>\n<td>5 n\u00fameros distintos cualesquiera<\/td>\n<td>5 d\u00edgitos en cualquier orden<\/td>\n<td>$425<\/td>\n<td>1 en 833.33<\/td>\n<\/tr>\n<tr>\n<td>Front Four<\/td>\n<td>4 n\u00fameros cualesquiera<\/td>\n<td>Primeros 4 n\u00fameros en el orden exacto<\/td>\n<td>$5,000<\/td>\n<td>1 en 10,000<\/td>\n<\/tr>\n<tr>\n<td>Back Four<\/td>\n<td>4 n\u00fameros cualesquiera<\/td>\n<td>\u00daltimos 4 n\u00fameros en el orden exacto<\/td>\n<td>$5,000<\/td>\n<td>1 en 10,000<\/td>\n<\/tr>\n<tr>\n<td>Front Three<\/td>\n<td>3 n\u00fameros cualesquiera<\/td>\n<td>Primeros 3 n\u00fameros en el orden exacto<\/td>\n<td>$500<\/td>\n<td>1 en 1,000<\/td>\n<\/tr>\n<tr>\n<td>Back Three<\/td>\n<td>3 n\u00fameros cualesquiera<\/td>\n<td>\u00daltimos 3 n\u00fameros en el orden exacto<\/td>\n<td>$500<\/td>\n<td>1 en 1,000<\/td>\n<\/tr>\n<tr>\n<td>Front Pair<\/td>\n<td>2 n\u00fameros cualesquiera<\/td>\n<td>Primeros 2 n\u00fameros en el orden exacto<\/td>\n<td>$50<\/td>\n<td>1 en 100<\/td>\n<\/tr>\n<tr>\n<td>Back Pair<\/td>\n<td>2 n\u00fameros cualesquiera<\/td>\n<td>\u00daltimos 2 n\u00fameros en el orden exacto<\/td>\n<td>$50<\/td>\n<td>1 en 100<\/td>\n<\/tr>\n<\/tbody>\n<\/table>\n<p>\n<\/section><\/p>\n","protected":false},"excerpt":{"rendered":"","protected":false},"author":2,"featured_media":0,"parent":14235,"menu_order":3,"comment_status":"closed","ping_status":"closed","template":"lottery-results-game-child-template.php","meta":{"footnotes":""},"class_list":["post-14245","page","type-page","status-publish","hentry"],"acf":[],"yoast_head":"<!-- This site is optimized with the Yoast SEO plugin v23.4 - https:\/\/yoast.com\/wordpress\/plugins\/seo\/ -->\n<title>Loter\u00eda Pick 5 de Pennsylvania: Resultados y N\u00fameros Ganadores [D\u00eda+Noche]<\/title>\n<meta name=\"description\" content=\"Todo lo que necesita saber sobre el Pick 5 de la Loter\u00eda de Pensilvania, sus resultados m\u00e1s recientes, n\u00fameros ganadores, premios, probabilidades, horario de sorteos y m\u00e1s.\" \/>\n<meta name=\"robots\" content=\"index, follow, max-snippet:-1, max-image-preview:large, max-video-preview:-1\" \/>\n<link rel=\"canonical\" href=\"https:\/\/www.lotterycritic.com\/es\/resultados-loteria\/pensilvania\/pick-5\/\" \/>\n<meta property=\"og:locale\" content=\"es_ES\" \/>\n<meta property=\"og:type\" content=\"article\" \/>\n<meta property=\"og:title\" content=\"Loter\u00eda Pick 5 de Pennsylvania: Resultados y N\u00fameros Ganadores [D\u00eda+Noche]\" \/>\n<meta property=\"og:description\" content=\"Todo lo que necesita saber sobre el Pick 5 de la Loter\u00eda de Pensilvania, sus resultados m\u00e1s recientes, n\u00fameros ganadores, premios, probabilidades, horario de sorteos y m\u00e1s.\" \/>\n<meta property=\"og:url\" content=\"https:\/\/www.lotterycritic.com\/es\/resultados-loteria\/pensilvania\/pick-5\/\" \/>\n<meta property=\"og:site_name\" content=\"Lottery Critic\" \/>\n<meta property=\"article:modified_time\" content=\"2023-08-24T11:35:11+00:00\" \/>\n<meta name=\"twitter:card\" content=\"summary_large_image\" \/>\n<meta name=\"twitter:label1\" content=\"Tiempo de lectura\" \/>\n\t<meta name=\"twitter:data1\" content=\"4 minutos\" \/>\n<script type=\"application\/ld+json\" class=\"yoast-schema-graph\">{\"@context\":\"https:\/\/schema.org\",\"@graph\":[{\"@type\":\"WebPage\",\"@id\":\"https:\/\/www.lotterycritic.com\/es\/resultados-loteria\/pensilvania\/pick-5\/\",\"url\":\"https:\/\/www.lotterycritic.com\/es\/resultados-loteria\/pensilvania\/pick-5\/\",\"name\":\"Loter\u00eda Pick 5 de Pennsylvania: Resultados y N\u00fameros Ganadores [D\u00eda+Noche]\",\"isPartOf\":{\"@id\":\"https:\/\/www.lotterycritic.com\/es\/#website\"},\"datePublished\":\"2023-08-19T00:08:20+00:00\",\"dateModified\":\"2023-08-24T11:35:11+00:00\",\"description\":\"Todo lo que necesita saber sobre el Pick 5 de la Loter\u00eda de Pensilvania, sus resultados m\u00e1s recientes, n\u00fameros ganadores, premios, probabilidades, horario de sorteos y m\u00e1s.\",\"breadcrumb\":{\"@id\":\"https:\/\/www.lotterycritic.com\/es\/resultados-loteria\/pensilvania\/pick-5\/#breadcrumb\"},\"inLanguage\":\"es\",\"potentialAction\":[{\"@type\":\"ReadAction\",\"target\":[\"https:\/\/www.lotterycritic.com\/es\/resultados-loteria\/pensilvania\/pick-5\/\"]}]},{\"@type\":\"BreadcrumbList\",\"@id\":\"https:\/\/www.lotterycritic.com\/es\/resultados-loteria\/pensilvania\/pick-5\/#breadcrumb\",\"itemListElement\":[{\"@type\":\"ListItem\",\"position\":1,\"name\":\"Home\",\"item\":\"https:\/\/www.lotterycritic.com\/es\/\"},{\"@type\":\"ListItem\",\"position\":2,\"name\":\"Resultados de La Loter\u00eda Americana &#8211; Los \u00daltimos N\u00fameros Ganadores de La Loter\u00eda de Estados Unidos\",\"item\":\"https:\/\/www.lotterycritic.com\/es\/resultados-loteria\/\"},{\"@type\":\"ListItem\",\"position\":3,\"name\":\"Resultados de La Loter\u00eda de Pennsylvania (PA) &#8211; Comprueba Los N\u00fameros Ganadores de Hoy En Pennsylvania\",\"item\":\"https:\/\/www.lotterycritic.com\/es\/resultados-loteria\/pensilvania\/\"},{\"@type\":\"ListItem\",\"position\":4,\"name\":\"Resultados del Pick 5 de Pennsylvania y N\u00fameros Ganadores de Hoy [D\u00eda + Noche]\"}]},{\"@type\":\"WebSite\",\"@id\":\"https:\/\/www.lotterycritic.com\/es\/#website\",\"url\":\"https:\/\/www.lotterycritic.com\/es\/\",\"name\":\"Lottery Critic\",\"description\":\"Your Guide to Lottery Results, Winning Numbers &amp; More\u2026\",\"potentialAction\":[{\"@type\":\"SearchAction\",\"target\":{\"@type\":\"EntryPoint\",\"urlTemplate\":\"https:\/\/www.lotterycritic.com\/es\/?s={search_term_string}\"},\"query-input\":{\"@type\":\"PropertyValueSpecification\",\"valueRequired\":true,\"valueName\":\"search_term_string\"}}],\"inLanguage\":\"es\"}]}<\/script>\n<!-- \/ Yoast SEO plugin. -->","yoast_head_json":{"title":"Loter\u00eda Pick 5 de Pennsylvania: Resultados y N\u00fameros Ganadores [D\u00eda+Noche]","description":"Todo lo que necesita saber sobre el Pick 5 de la Loter\u00eda de Pensilvania, sus resultados m\u00e1s recientes, n\u00fameros ganadores, premios, probabilidades, horario de sorteos y m\u00e1s.","robots":{"index":"index","follow":"follow","max-snippet":"max-snippet:-1","max-image-preview":"max-image-preview:large","max-video-preview":"max-video-preview:-1"},"canonical":"https:\/\/www.lotterycritic.com\/es\/resultados-loteria\/pensilvania\/pick-5\/","og_locale":"es_ES","og_type":"article","og_title":"Loter\u00eda Pick 5 de Pennsylvania: Resultados y N\u00fameros Ganadores [D\u00eda+Noche]","og_description":"Todo lo que necesita saber sobre el Pick 5 de la Loter\u00eda de Pensilvania, sus resultados m\u00e1s recientes, n\u00fameros ganadores, premios, probabilidades, horario de sorteos y m\u00e1s.","og_url":"https:\/\/www.lotterycritic.com\/es\/resultados-loteria\/pensilvania\/pick-5\/","og_site_name":"Lottery Critic","article_modified_time":"2023-08-24T11:35:11+00:00","twitter_card":"summary_large_image","twitter_misc":{"Tiempo de lectura":"4 minutos"},"schema":{"@context":"https:\/\/schema.org","@graph":[{"@type":"WebPage","@id":"https:\/\/www.lotterycritic.com\/es\/resultados-loteria\/pensilvania\/pick-5\/","url":"https:\/\/www.lotterycritic.com\/es\/resultados-loteria\/pensilvania\/pick-5\/","name":"Loter\u00eda Pick 5 de Pennsylvania: Resultados y N\u00fameros Ganadores [D\u00eda+Noche]","isPartOf":{"@id":"https:\/\/www.lotterycritic.com\/es\/#website"},"datePublished":"2023-08-19T00:08:20+00:00","dateModified":"2023-08-24T11:35:11+00:00","description":"Todo lo que necesita saber sobre el Pick 5 de la Loter\u00eda de Pensilvania, sus resultados m\u00e1s recientes, n\u00fameros ganadores, premios, probabilidades, horario de sorteos y m\u00e1s.","breadcrumb":{"@id":"https:\/\/www.lotterycritic.com\/es\/resultados-loteria\/pensilvania\/pick-5\/#breadcrumb"},"inLanguage":"es","potentialAction":[{"@type":"ReadAction","target":["https:\/\/www.lotterycritic.com\/es\/resultados-loteria\/pensilvania\/pick-5\/"]}]},{"@type":"BreadcrumbList","@id":"https:\/\/www.lotterycritic.com\/es\/resultados-loteria\/pensilvania\/pick-5\/#breadcrumb","itemListElement":[{"@type":"ListItem","position":1,"name":"Home","item":"https:\/\/www.lotterycritic.com\/es\/"},{"@type":"ListItem","position":2,"name":"Resultados de La Loter\u00eda Americana &#8211; Los \u00daltimos N\u00fameros Ganadores de La Loter\u00eda de Estados Unidos","item":"https:\/\/www.lotterycritic.com\/es\/resultados-loteria\/"},{"@type":"ListItem","position":3,"name":"Resultados de La Loter\u00eda de Pennsylvania (PA) &#8211; Comprueba Los N\u00fameros Ganadores de Hoy En Pennsylvania","item":"https:\/\/www.lotterycritic.com\/es\/resultados-loteria\/pensilvania\/"},{"@type":"ListItem","position":4,"name":"Resultados del Pick 5 de Pennsylvania y N\u00fameros Ganadores de Hoy [D\u00eda + Noche]"}]},{"@type":"WebSite","@id":"https:\/\/www.lotterycritic.com\/es\/#website","url":"https:\/\/www.lotterycritic.com\/es\/","name":"Lottery Critic","description":"Your Guide to Lottery Results, Winning Numbers &amp; More\u2026","potentialAction":[{"@type":"SearchAction","target":{"@type":"EntryPoint","urlTemplate":"https:\/\/www.lotterycritic.com\/es\/?s={search_term_string}"},"query-input":{"@type":"PropertyValueSpecification","valueRequired":true,"valueName":"search_term_string"}}],"inLanguage":"es"}]}},"_links":{"self":[{"href":"https:\/\/www.lotterycritic.com\/es\/wp-json\/wp\/v2\/pages\/14245"}],"collection":[{"href":"https:\/\/www.lotterycritic.com\/es\/wp-json\/wp\/v2\/pages"}],"about":[{"href":"https:\/\/www.lotterycritic.com\/es\/wp-json\/wp\/v2\/types\/page"}],"author":[{"embeddable":true,"href":"https:\/\/www.lotterycritic.com\/es\/wp-json\/wp\/v2\/users\/2"}],"replies":[{"embeddable":true,"href":"https:\/\/www.lotterycritic.com\/es\/wp-json\/wp\/v2\/comments?post=14245"}],"version-history":[{"count":1,"href":"https:\/\/www.lotterycritic.com\/es\/wp-json\/wp\/v2\/pages\/14245\/revisions"}],"predecessor-version":[{"id":14246,"href":"https:\/\/www.lotterycritic.com\/es\/wp-json\/wp\/v2\/pages\/14245\/revisions\/14246"}],"up":[{"embeddable":true,"href":"https:\/\/www.lotterycritic.com\/es\/wp-json\/wp\/v2\/pages\/14235"}],"wp:attachment":[{"href":"https:\/\/www.lotterycritic.com\/es\/wp-json\/wp\/v2\/media?parent=14245"}],"curies":[{"name":"wp","href":"https:\/\/api.w.org\/{rel}","templated":true}]}}