{"id":14243,"date":"2023-08-18T23:24:14","date_gmt":"2023-08-18T23:24:14","guid":{"rendered":"https:\/\/www.lotterycritic.com\/resultados-loteria\/pensilvania\/resultados-del-pick-4-de-pennsylvania-pa-y-numeros-ganadores-de-hoy-tarde-dia-noche\/"},"modified":"2023-08-24T11:34:09","modified_gmt":"2023-08-24T11:34:09","slug":"pick-4","status":"publish","type":"page","link":"https:\/\/www.lotterycritic.com\/es\/resultados-loteria\/pensilvania\/pick-4\/","title":{"rendered":"Resultados del Pick 4 de Pennsylvania (PA) y N\u00fameros Ganadores de Hoy [Tarde + D\u00eda + Noche]"},"content":{"rendered":"<p><section><div class=\"section-anchor\" id=\"game-rules\"><\/div><\/p>\n<h2>C\u00f3mo jugar al Pick 4 de la Loter\u00eda de Pensilvania<\/h2>\n<p>El Pick 4 de Pensilvania se sortea dos veces al d\u00eda, con un premio mayor de $5,000 para cada uno. Para jugar, tendr\u00e1 que elegir un n\u00famero de 4 d\u00edgitos del 0000 al 9999. Si acierta en los 4 n\u00fameros ganadores, se lleva el premio mayor. Los resultados del Pick 4 de la Loter\u00eda de Pensilvania se conocen justo despu\u00e9s del sorteo, y pueden encontrarse en el sitio web oficial de la Loter\u00eda o en diferentes medios de comunicaci\u00f3n.<\/p>\n<p>Puede apostar $0.50 o $1 y elegir entre los siguientes 3 estilos de juego:<\/p>\n<ul>\n<li><strong>Straight:<\/strong> Tendr\u00e1 que acertar los cuatro n\u00fameros ganadores en el orden exacto.<\/li>\n<li><strong>Box:<\/strong> Puede coincidir con los cuatro n\u00fameros en cualquier orden.<\/li>\n<li><b>Straight\/Box: <\/b>Es posible acertar los n\u00fameros ganadores en cualquier orden o en el orden exacto. Disponible para billetes de $1, en donde jugar\u00e1 $0.50 para Straight y $0.50 para Box.<\/li>\n<\/ul>\n<p>Tambi\u00e9n puede jugar con el Wild Ball, que le brinda la posibilidad de intercambiar el n\u00famero Wild Ball con uno de los n\u00fameros ganadores, con el fin de obtener una coincidencia.<\/p>\n<p>\n<\/section><\/p>\n<p><section><div class=\"section-anchor\" id=\"drawing-schedule\"><\/div><\/p>\n<h2>Calendario de sorteos del Pick 4 de Pensilvania<\/h2>\n<p>Los sorteos del Pick 4 toman lugar <strong>dos veces al d\u00eda a la 1:35 PM y 6:59 PM, hora del este<\/strong>. Puede comprar billetes hasta la 1:05 PM para el sorteo del d\u00eda, y hasta las 6:57 PM para el sorteo de la noche.<\/p>\n<ul>\n<li>Descubra m\u00e1s <a href=\"https:\/\/www.lotterycritic.com\/es\/resultados-loteria\/pensilvania\/\">premios y resultados de la Loter\u00eda de Pensilvania<\/a><\/li>\n<\/ul>\n<p>\n<\/section><\/p>\n<p><section><div class=\"section-anchor\" id=\"payouts-and-odds\"><\/div><\/p>\n<h2>Pagos y Probabilidades de ganar el Pick 4 de Pensilvania<\/h2>\n<p>La cantidad que puede ganar depende del estilo de juego elegido, el valor de la apuesta y los n\u00fameros que haya escogido.<\/p>\n<table>\n<tbody>\n<tr>\n<td><strong>Estilo de juego<\/strong><\/td>\n<td><strong>Selecci\u00f3n<\/strong><\/td>\n<td><strong>Acierto<\/strong><\/td>\n<td><strong>Premio con una apuesta de $0.50<\/strong><\/td>\n<td><strong>Premio con una apuesta de $1<\/strong><\/td>\n<td><strong>Probabilidades<\/strong><\/td>\n<\/tr>\n<tr>\n<td>Straight<\/td>\n<td>4 d\u00edgitos cualquiera<\/td>\n<td>4 d\u00edgitos en el orden exacto<\/td>\n<td>$2,500<\/td>\n<td>$5,000<\/td>\n<td>1 en 10,000<\/td>\n<\/tr>\n<tr>\n<td>Box<\/td>\n<td>3 n\u00fameros del mismo n\u00famero y 1 n\u00famero diferente<\/td>\n<td>4 d\u00edgitos en cualquier orden<\/td>\n<td>$600<\/td>\n<td>$1,200<\/td>\n<td>1 en 2,500<\/td>\n<\/tr>\n<tr>\n<td>Box<\/td>\n<td>2 pares diferentes<\/td>\n<td>4 d\u00edgitos en cualquier orden<\/td>\n<td>$400<\/td>\n<td>$800<\/td>\n<td>1 en 1,667<\/td>\n<\/tr>\n<tr>\n<td>Box<\/td>\n<td>1 par y 2 n\u00fameros distintos<\/td>\n<td>4 d\u00edgitos en cualquier orden<\/td>\n<td>$200<\/td>\n<td>$400<\/td>\n<td>1 en 833.33<\/td>\n<\/tr>\n<tr>\n<td>Box<\/td>\n<td>4 n\u00fameros distintos cualquiera<\/td>\n<td>4 d\u00edgitos en cualquier orden<\/td>\n<td>$100<\/td>\n<td>$200<\/td>\n<td>1 en 416.67<\/td>\n<\/tr>\n<tr>\n<td>Straight\/Box<\/td>\n<td>4 n\u00fameros distintos cualquiera<\/td>\n<td>4 d\u00edgitos en cualquier orden o en el orden exacto<\/td>\n<td>$2500 (orden exacto)<br \/>\n$100 (cualquier orden)<\/td>\n<td><\/td>\n<td>1 en 10,000<br \/>\n1 en 416.67<\/td>\n<\/tr>\n<tr>\n<td>Straight\/Box<\/td>\n<td>1 par y 2 n\u00fameros distintos<\/td>\n<td>4 d\u00edgitos en cualquier orden o en el orden exacto<\/td>\n<td>$2500 (orden exacto)<br \/>\n$200 (cualquier orden)<\/td>\n<td><\/td>\n<td>1 en 10,000<br \/>\n1 en 833.33<\/td>\n<\/tr>\n<tr>\n<td>Straight\/Box<\/td>\n<td>2 pares diferentes<\/td>\n<td>4 d\u00edgitos en cualquier orden o en el orden exacto<\/td>\n<td>$2500 (orden exacto)<br \/>\n$400 (cualquier orden)<\/td>\n<td><\/td>\n<td>1 en 10,000<br \/>\n1 en 1,667<\/td>\n<\/tr>\n<tr>\n<td>Straight\/Box<\/td>\n<td>3 d\u00edgitos del mismo n\u00fameros y 1 n\u00fameros diferente<\/td>\n<td>4 d\u00edgitos en cualquier orden o en el orden exacto<\/td>\n<td>$2500 (orden exacto)<br \/>\n$600 (cualquier orden)<\/td>\n<td><\/td>\n<td>1 en 10,000<br \/>\n1 en 2,500<\/td>\n<\/tr>\n<\/tbody>\n<\/table>\n<p>\n<\/section><\/p>\n","protected":false},"excerpt":{"rendered":"","protected":false},"author":2,"featured_media":0,"parent":14235,"menu_order":4,"comment_status":"closed","ping_status":"closed","template":"lottery-results-game-child-template.php","meta":{"footnotes":""},"class_list":["post-14243","page","type-page","status-publish","hentry"],"acf":[],"yoast_head":"<!-- This site is optimized with the Yoast SEO plugin v23.4 - https:\/\/yoast.com\/wordpress\/plugins\/seo\/ -->\n<title>Pick 4 de Pennsylvania: Resultados y N\u00fameros Ganadores [Tarde+D\u00eda+Noche]<\/title>\n<meta name=\"description\" content=\"Todo lo que necesita saber sobre el juego Pick 4 de la Loter\u00eda de Pensilvania; sus resultados m\u00e1s recientes, n\u00fameros ganadores, pagos, probabilidades y m\u00e1s.\" \/>\n<meta name=\"robots\" content=\"index, follow, max-snippet:-1, max-image-preview:large, max-video-preview:-1\" \/>\n<link rel=\"canonical\" href=\"https:\/\/www.lotterycritic.com\/es\/resultados-loteria\/pensilvania\/pick-4\/\" \/>\n<meta property=\"og:locale\" content=\"es_ES\" \/>\n<meta property=\"og:type\" content=\"article\" \/>\n<meta property=\"og:title\" content=\"Pick 4 de Pennsylvania: Resultados y N\u00fameros Ganadores [Tarde+D\u00eda+Noche]\" \/>\n<meta property=\"og:description\" content=\"Todo lo que necesita saber sobre el juego Pick 4 de la Loter\u00eda de Pensilvania; sus resultados m\u00e1s recientes, n\u00fameros ganadores, pagos, probabilidades y m\u00e1s.\" \/>\n<meta property=\"og:url\" content=\"https:\/\/www.lotterycritic.com\/es\/resultados-loteria\/pensilvania\/pick-4\/\" \/>\n<meta property=\"og:site_name\" content=\"Lottery Critic\" \/>\n<meta property=\"article:modified_time\" content=\"2023-08-24T11:34:09+00:00\" \/>\n<meta name=\"twitter:card\" content=\"summary_large_image\" \/>\n<meta name=\"twitter:label1\" content=\"Tiempo de lectura\" \/>\n\t<meta name=\"twitter:data1\" content=\"3 minutos\" \/>\n<script type=\"application\/ld+json\" class=\"yoast-schema-graph\">{\"@context\":\"https:\/\/schema.org\",\"@graph\":[{\"@type\":\"WebPage\",\"@id\":\"https:\/\/www.lotterycritic.com\/es\/resultados-loteria\/pensilvania\/pick-4\/\",\"url\":\"https:\/\/www.lotterycritic.com\/es\/resultados-loteria\/pensilvania\/pick-4\/\",\"name\":\"Pick 4 de Pennsylvania: Resultados y N\u00fameros Ganadores [Tarde+D\u00eda+Noche]\",\"isPartOf\":{\"@id\":\"https:\/\/www.lotterycritic.com\/es\/#website\"},\"datePublished\":\"2023-08-18T23:24:14+00:00\",\"dateModified\":\"2023-08-24T11:34:09+00:00\",\"description\":\"Todo lo que necesita saber sobre el juego Pick 4 de la Loter\u00eda de Pensilvania; sus resultados m\u00e1s recientes, n\u00fameros ganadores, pagos, probabilidades y m\u00e1s.\",\"breadcrumb\":{\"@id\":\"https:\/\/www.lotterycritic.com\/es\/resultados-loteria\/pensilvania\/pick-4\/#breadcrumb\"},\"inLanguage\":\"es\",\"potentialAction\":[{\"@type\":\"ReadAction\",\"target\":[\"https:\/\/www.lotterycritic.com\/es\/resultados-loteria\/pensilvania\/pick-4\/\"]}]},{\"@type\":\"BreadcrumbList\",\"@id\":\"https:\/\/www.lotterycritic.com\/es\/resultados-loteria\/pensilvania\/pick-4\/#breadcrumb\",\"itemListElement\":[{\"@type\":\"ListItem\",\"position\":1,\"name\":\"Home\",\"item\":\"https:\/\/www.lotterycritic.com\/es\/\"},{\"@type\":\"ListItem\",\"position\":2,\"name\":\"Resultados de La Loter\u00eda Americana &#8211; Los \u00daltimos N\u00fameros Ganadores de La Loter\u00eda de Estados Unidos\",\"item\":\"https:\/\/www.lotterycritic.com\/es\/resultados-loteria\/\"},{\"@type\":\"ListItem\",\"position\":3,\"name\":\"Resultados de La Loter\u00eda de Pennsylvania (PA) &#8211; Comprueba Los N\u00fameros Ganadores de Hoy En Pennsylvania\",\"item\":\"https:\/\/www.lotterycritic.com\/es\/resultados-loteria\/pensilvania\/\"},{\"@type\":\"ListItem\",\"position\":4,\"name\":\"Resultados del Pick 4 de Pennsylvania (PA) y N\u00fameros Ganadores de Hoy [Tarde + D\u00eda + Noche]\"}]},{\"@type\":\"WebSite\",\"@id\":\"https:\/\/www.lotterycritic.com\/es\/#website\",\"url\":\"https:\/\/www.lotterycritic.com\/es\/\",\"name\":\"Lottery Critic\",\"description\":\"Your Guide to Lottery Results, Winning Numbers &amp; More\u2026\",\"potentialAction\":[{\"@type\":\"SearchAction\",\"target\":{\"@type\":\"EntryPoint\",\"urlTemplate\":\"https:\/\/www.lotterycritic.com\/es\/?s={search_term_string}\"},\"query-input\":{\"@type\":\"PropertyValueSpecification\",\"valueRequired\":true,\"valueName\":\"search_term_string\"}}],\"inLanguage\":\"es\"}]}<\/script>\n<!-- \/ Yoast SEO plugin. -->","yoast_head_json":{"title":"Pick 4 de Pennsylvania: Resultados y N\u00fameros Ganadores [Tarde+D\u00eda+Noche]","description":"Todo lo que necesita saber sobre el juego Pick 4 de la Loter\u00eda de Pensilvania; sus resultados m\u00e1s recientes, n\u00fameros ganadores, pagos, probabilidades y m\u00e1s.","robots":{"index":"index","follow":"follow","max-snippet":"max-snippet:-1","max-image-preview":"max-image-preview:large","max-video-preview":"max-video-preview:-1"},"canonical":"https:\/\/www.lotterycritic.com\/es\/resultados-loteria\/pensilvania\/pick-4\/","og_locale":"es_ES","og_type":"article","og_title":"Pick 4 de Pennsylvania: Resultados y N\u00fameros Ganadores [Tarde+D\u00eda+Noche]","og_description":"Todo lo que necesita saber sobre el juego Pick 4 de la Loter\u00eda de Pensilvania; sus resultados m\u00e1s recientes, n\u00fameros ganadores, pagos, probabilidades y m\u00e1s.","og_url":"https:\/\/www.lotterycritic.com\/es\/resultados-loteria\/pensilvania\/pick-4\/","og_site_name":"Lottery Critic","article_modified_time":"2023-08-24T11:34:09+00:00","twitter_card":"summary_large_image","twitter_misc":{"Tiempo de lectura":"3 minutos"},"schema":{"@context":"https:\/\/schema.org","@graph":[{"@type":"WebPage","@id":"https:\/\/www.lotterycritic.com\/es\/resultados-loteria\/pensilvania\/pick-4\/","url":"https:\/\/www.lotterycritic.com\/es\/resultados-loteria\/pensilvania\/pick-4\/","name":"Pick 4 de Pennsylvania: Resultados y N\u00fameros Ganadores [Tarde+D\u00eda+Noche]","isPartOf":{"@id":"https:\/\/www.lotterycritic.com\/es\/#website"},"datePublished":"2023-08-18T23:24:14+00:00","dateModified":"2023-08-24T11:34:09+00:00","description":"Todo lo que necesita saber sobre el juego Pick 4 de la Loter\u00eda de Pensilvania; sus resultados m\u00e1s recientes, n\u00fameros ganadores, pagos, probabilidades y m\u00e1s.","breadcrumb":{"@id":"https:\/\/www.lotterycritic.com\/es\/resultados-loteria\/pensilvania\/pick-4\/#breadcrumb"},"inLanguage":"es","potentialAction":[{"@type":"ReadAction","target":["https:\/\/www.lotterycritic.com\/es\/resultados-loteria\/pensilvania\/pick-4\/"]}]},{"@type":"BreadcrumbList","@id":"https:\/\/www.lotterycritic.com\/es\/resultados-loteria\/pensilvania\/pick-4\/#breadcrumb","itemListElement":[{"@type":"ListItem","position":1,"name":"Home","item":"https:\/\/www.lotterycritic.com\/es\/"},{"@type":"ListItem","position":2,"name":"Resultados de La Loter\u00eda Americana &#8211; Los \u00daltimos N\u00fameros Ganadores de La Loter\u00eda de Estados Unidos","item":"https:\/\/www.lotterycritic.com\/es\/resultados-loteria\/"},{"@type":"ListItem","position":3,"name":"Resultados de La Loter\u00eda de Pennsylvania (PA) &#8211; Comprueba Los N\u00fameros Ganadores de Hoy En Pennsylvania","item":"https:\/\/www.lotterycritic.com\/es\/resultados-loteria\/pensilvania\/"},{"@type":"ListItem","position":4,"name":"Resultados del Pick 4 de Pennsylvania (PA) y N\u00fameros Ganadores de Hoy [Tarde + D\u00eda + Noche]"}]},{"@type":"WebSite","@id":"https:\/\/www.lotterycritic.com\/es\/#website","url":"https:\/\/www.lotterycritic.com\/es\/","name":"Lottery Critic","description":"Your Guide to Lottery Results, Winning Numbers &amp; More\u2026","potentialAction":[{"@type":"SearchAction","target":{"@type":"EntryPoint","urlTemplate":"https:\/\/www.lotterycritic.com\/es\/?s={search_term_string}"},"query-input":{"@type":"PropertyValueSpecification","valueRequired":true,"valueName":"search_term_string"}}],"inLanguage":"es"}]}},"_links":{"self":[{"href":"https:\/\/www.lotterycritic.com\/es\/wp-json\/wp\/v2\/pages\/14243"}],"collection":[{"href":"https:\/\/www.lotterycritic.com\/es\/wp-json\/wp\/v2\/pages"}],"about":[{"href":"https:\/\/www.lotterycritic.com\/es\/wp-json\/wp\/v2\/types\/page"}],"author":[{"embeddable":true,"href":"https:\/\/www.lotterycritic.com\/es\/wp-json\/wp\/v2\/users\/2"}],"replies":[{"embeddable":true,"href":"https:\/\/www.lotterycritic.com\/es\/wp-json\/wp\/v2\/comments?post=14243"}],"version-history":[{"count":2,"href":"https:\/\/www.lotterycritic.com\/es\/wp-json\/wp\/v2\/pages\/14243\/revisions"}],"predecessor-version":[{"id":14247,"href":"https:\/\/www.lotterycritic.com\/es\/wp-json\/wp\/v2\/pages\/14243\/revisions\/14247"}],"up":[{"embeddable":true,"href":"https:\/\/www.lotterycritic.com\/es\/wp-json\/wp\/v2\/pages\/14235"}],"wp:attachment":[{"href":"https:\/\/www.lotterycritic.com\/es\/wp-json\/wp\/v2\/media?parent=14243"}],"curies":[{"name":"wp","href":"https:\/\/api.w.org\/{rel}","templated":true}]}}