{"id":14241,"date":"2023-08-18T22:56:08","date_gmt":"2023-08-18T22:56:08","guid":{"rendered":"https:\/\/www.lotterycritic.com\/resultados-loteria\/pensilvania\/resultados-del-pick-3-de-pennsylvania-pa-y-numeros-ganadores-de-hoy-tarde-dia-noche\/"},"modified":"2023-08-24T11:33:27","modified_gmt":"2023-08-24T11:33:27","slug":"pick-3","status":"publish","type":"page","link":"https:\/\/www.lotterycritic.com\/es\/resultados-loteria\/pensilvania\/pick-3\/","title":{"rendered":"Resultados del Pick 3 de Pennsylvania (PA) y N\u00fameros Ganadores de Hoy [Tarde + D\u00eda + Noche]"},"content":{"rendered":"<p><section><div class=\"section-anchor\" id=\"game-rules\"><\/div><\/p>\n<h2>C\u00f3mo jugar al Pick 3 de la Loter\u00eda de Pensilvania<\/h2>\n<p>Los sorteos del Pick 3 suceden dos veces al d\u00eda, y puede ganar hasta $500 en cada uno. Solo tendr\u00e1 que escoger 3 n\u00fameros del 0 al 9, luego, elegir un estilo de juego, el valor de la apuesta y el horario de sorteo.<\/p>\n<p>Puede elegir entre los siguientes 6 estilos de juego:<\/p>\n<ul>\n<li><strong>Straight:<\/strong> Tendr\u00e1 que acertar con los n\u00fameros ganadores en el orden exacto. Cada billete est\u00e1 disponible por $0.50 o $1.<\/li>\n<li><strong>Box:<\/strong> Puede coincidir con los n\u00fameros ganadores en cualquier orden. Disponible por $0.50 o $1 en cada billete.<\/li>\n<li><strong>Straight\/Box:<\/strong> Podr\u00e1 acertar los n\u00fameros sorteados en cualquier orden o en el orden exacto. El billete est\u00e1 disponible por $1.<\/li>\n<li><strong>Super Straight:<\/strong> Si selecciona 3 n\u00fameros distintos, o un par y un n\u00famero distinto, estar\u00e1 jugando 6 o 3 apuestas Straight, respectivamente. Esto cubre todas las posibles combinaciones resultantes de sus n\u00fameros elegidos, aumentando sus posibilidades de ganar.<\/li>\n<li><strong>Front Pair:<\/strong> Debe seleccionar 2 n\u00fameros (en lugar de 3), los cuales tendr\u00e1n que coincidir con los primeros 2 n\u00fameros ganadores en el orden exacto.<\/li>\n<li><b>Back Pair: <\/b>Selecciona 2 n\u00fameros (en lugar de 3) que tendr\u00e1n que coincidir con los \u00faltimos 2 n\u00fameros ganadores en el orden exacto.<\/li>\n<\/ul>\n<p>Tambi\u00e9n puede jugar con el Wild Ball, que le brinda la oportunidad de intercambiar el n\u00famero Wild Ball con uno de los n\u00fameros ganadores, para conseguir una coincidencia.<\/p>\n<p>\n<\/section><\/p>\n<p><section><div class=\"section-anchor\" id=\"drawing-schedule\"><\/div><\/p>\n<h2>Calendario de sorteos del Pick 3 de Pensilvania<\/h2>\n<p>Los sorteos del Pick 3 se juegan <strong>dos veces al d\u00eda alrededor de la 1:35 PM y 6:59 PM, hora del este<\/strong>. La venta de billetes se cierra a la 1:05 PM y 6:57 PM el d\u00eda del sorteo, respectivamente.<\/p>\n<p>\n<\/section><\/p>\n<p><section><div class=\"section-anchor\" id=\"payouts-and-odds\"><\/div><\/p>\n<h2>Pagos y Probabilidades de ganar el Pick 3 de Pensilvania<\/h2>\n<p>La cantidad que puede ganar depende del estilo de juego elegido, el valor de su apuesta, y los n\u00fameros escogidos.<\/p>\n<table>\n<tbody>\n<tr>\n<td><strong>Estilo de juego<\/strong><\/td>\n<td><strong>Selecci\u00f3n<\/strong><\/td>\n<td><strong>Acierto<\/strong><\/td>\n<td><strong>Premio con una apuesta de $0.50<\/strong><\/td>\n<td><strong>Premio con una apuesta de $1<\/strong><\/td>\n<td><strong>Probabilidades<\/strong><\/td>\n<\/tr>\n<tr>\n<td>Straight<\/td>\n<td>3 d\u00edgitos cualquiera<\/td>\n<td>3 d\u00edgitos en el orden exacto<\/td>\n<td>$250<\/td>\n<td>$500<\/td>\n<td>1 en 1,000<\/td>\n<\/tr>\n<tr>\n<td>Box<\/td>\n<td>1 par y 1 n\u00famero diferente<\/td>\n<td>3 d\u00edgitos en cualquier orden<\/td>\n<td>$80<\/td>\n<td>$160<\/td>\n<td>1 en 333.33<\/td>\n<\/tr>\n<tr>\n<td>Box<\/td>\n<td>3 n\u00fameros distintos cualquiera<\/td>\n<td>3 d\u00edgitos en cualquier orden<\/td>\n<td>$40<\/td>\n<td>$80<\/td>\n<td>1 en 166.67<\/td>\n<\/tr>\n<tr>\n<td>Front Pair<\/td>\n<td>2 n\u00fameros cualquiera<\/td>\n<td>Primeros 2 d\u00edgitos en el orden exacto<\/td>\n<td>$25<\/td>\n<td>$50<\/td>\n<td>1 en 100<\/td>\n<\/tr>\n<tr>\n<td>Back Pair<\/td>\n<td>2 n\u00fameros cualquiera<\/td>\n<td>\u00daltimos 2 d\u00edgitos en el orden exacto<\/td>\n<td>$25<\/td>\n<td>$50<\/td>\n<td>1 en 100<\/td>\n<\/tr>\n<tr>\n<td>Super Straight<\/td>\n<td>3 n\u00fameros distintos cualquiera<\/td>\n<td>Todos los posibles juegos Straight<\/td>\n<td>$250<\/td>\n<td>$500<\/td>\n<td>1 en 1,000 (por juego)<\/td>\n<\/tr>\n<tr>\n<td>Super Straight<\/td>\n<td>1 par y 1 n\u00famero diferente<\/td>\n<td>Todos los posibles juegos Straight<\/td>\n<td>$250<\/td>\n<td>$500<\/td>\n<td>1 en 1,000 (por juego)<\/td>\n<\/tr>\n<tr>\n<td>Straight\/Box<\/td>\n<td>3 n\u00fameros distintos cualquiera<\/td>\n<td>4 d\u00edgitos en cualquier orden o en el orden exacto<\/td>\n<td>$250 (orden exacto)<br \/>\n$40 (cualquier orden)<\/td>\n<td><\/td>\n<td>1 en 1000<br \/>\n1 en 166.67<\/td>\n<\/tr>\n<tr>\n<td>Straight\/Box<\/td>\n<td>1 par y 1 n\u00famero distinto<\/td>\n<td>4 d\u00edgitos en cualquier orden o en el orden exacto<\/td>\n<td>$250 (orden exacto)<br \/>\n$80 (cualquier orden)<\/td>\n<td><\/td>\n<td>1 en 1000<br \/>\n1 en 166.67<\/td>\n<\/tr>\n<\/tbody>\n<\/table>\n<p>\n<\/section><\/p>\n","protected":false},"excerpt":{"rendered":"","protected":false},"author":2,"featured_media":0,"parent":14235,"menu_order":5,"comment_status":"closed","ping_status":"closed","template":"lottery-results-game-child-template.php","meta":{"footnotes":""},"class_list":["post-14241","page","type-page","status-publish","hentry"],"acf":[],"yoast_head":"<!-- This site is optimized with the Yoast SEO plugin v23.4 - https:\/\/yoast.com\/wordpress\/plugins\/seo\/ -->\n<title>Pick 3 de Pennsylvania: Resultados y N\u00fameros Ganadores [Tarde+D\u00eda+Noche]<\/title>\n<meta name=\"description\" content=\"Obtenga los \u00faltimos resultados, n\u00fameros ganadores, n\u00fameros calientes y fr\u00edos, pagos, probabilidades y m\u00e1s, para el Pick 3 de la Loter\u00eda de Pensilvania.\" \/>\n<meta name=\"robots\" content=\"index, follow, max-snippet:-1, max-image-preview:large, max-video-preview:-1\" \/>\n<link rel=\"canonical\" href=\"https:\/\/www.lotterycritic.com\/es\/resultados-loteria\/pensilvania\/pick-3\/\" \/>\n<meta property=\"og:locale\" content=\"es_ES\" \/>\n<meta property=\"og:type\" content=\"article\" \/>\n<meta property=\"og:title\" content=\"Pick 3 de Pennsylvania: Resultados y N\u00fameros Ganadores [Tarde+D\u00eda+Noche]\" \/>\n<meta property=\"og:description\" content=\"Obtenga los \u00faltimos resultados, n\u00fameros ganadores, n\u00fameros calientes y fr\u00edos, pagos, probabilidades y m\u00e1s, para el Pick 3 de la Loter\u00eda de Pensilvania.\" \/>\n<meta property=\"og:url\" content=\"https:\/\/www.lotterycritic.com\/es\/resultados-loteria\/pensilvania\/pick-3\/\" \/>\n<meta property=\"og:site_name\" content=\"Lottery Critic\" \/>\n<meta property=\"article:modified_time\" content=\"2023-08-24T11:33:27+00:00\" \/>\n<meta name=\"twitter:card\" content=\"summary_large_image\" \/>\n<meta name=\"twitter:label1\" content=\"Tiempo de lectura\" \/>\n\t<meta name=\"twitter:data1\" content=\"3 minutos\" \/>\n<script type=\"application\/ld+json\" class=\"yoast-schema-graph\">{\"@context\":\"https:\/\/schema.org\",\"@graph\":[{\"@type\":\"WebPage\",\"@id\":\"https:\/\/www.lotterycritic.com\/es\/resultados-loteria\/pensilvania\/pick-3\/\",\"url\":\"https:\/\/www.lotterycritic.com\/es\/resultados-loteria\/pensilvania\/pick-3\/\",\"name\":\"Pick 3 de Pennsylvania: Resultados y N\u00fameros Ganadores [Tarde+D\u00eda+Noche]\",\"isPartOf\":{\"@id\":\"https:\/\/www.lotterycritic.com\/es\/#website\"},\"datePublished\":\"2023-08-18T22:56:08+00:00\",\"dateModified\":\"2023-08-24T11:33:27+00:00\",\"description\":\"Obtenga los \u00faltimos resultados, n\u00fameros ganadores, n\u00fameros calientes y fr\u00edos, pagos, probabilidades y m\u00e1s, para el Pick 3 de la Loter\u00eda de Pensilvania.\",\"breadcrumb\":{\"@id\":\"https:\/\/www.lotterycritic.com\/es\/resultados-loteria\/pensilvania\/pick-3\/#breadcrumb\"},\"inLanguage\":\"es\",\"potentialAction\":[{\"@type\":\"ReadAction\",\"target\":[\"https:\/\/www.lotterycritic.com\/es\/resultados-loteria\/pensilvania\/pick-3\/\"]}]},{\"@type\":\"BreadcrumbList\",\"@id\":\"https:\/\/www.lotterycritic.com\/es\/resultados-loteria\/pensilvania\/pick-3\/#breadcrumb\",\"itemListElement\":[{\"@type\":\"ListItem\",\"position\":1,\"name\":\"Home\",\"item\":\"https:\/\/www.lotterycritic.com\/es\/\"},{\"@type\":\"ListItem\",\"position\":2,\"name\":\"Resultados de La Loter\u00eda Americana &#8211; Los \u00daltimos N\u00fameros Ganadores de La Loter\u00eda de Estados Unidos\",\"item\":\"https:\/\/www.lotterycritic.com\/es\/resultados-loteria\/\"},{\"@type\":\"ListItem\",\"position\":3,\"name\":\"Resultados de La Loter\u00eda de Pennsylvania (PA) &#8211; Comprueba Los N\u00fameros Ganadores de Hoy En Pennsylvania\",\"item\":\"https:\/\/www.lotterycritic.com\/es\/resultados-loteria\/pensilvania\/\"},{\"@type\":\"ListItem\",\"position\":4,\"name\":\"Resultados del Pick 3 de Pennsylvania (PA) y N\u00fameros Ganadores de Hoy [Tarde + D\u00eda + Noche]\"}]},{\"@type\":\"WebSite\",\"@id\":\"https:\/\/www.lotterycritic.com\/es\/#website\",\"url\":\"https:\/\/www.lotterycritic.com\/es\/\",\"name\":\"Lottery Critic\",\"description\":\"Your Guide to Lottery Results, Winning Numbers &amp; More\u2026\",\"potentialAction\":[{\"@type\":\"SearchAction\",\"target\":{\"@type\":\"EntryPoint\",\"urlTemplate\":\"https:\/\/www.lotterycritic.com\/es\/?s={search_term_string}\"},\"query-input\":{\"@type\":\"PropertyValueSpecification\",\"valueRequired\":true,\"valueName\":\"search_term_string\"}}],\"inLanguage\":\"es\"}]}<\/script>\n<!-- \/ Yoast SEO plugin. -->","yoast_head_json":{"title":"Pick 3 de Pennsylvania: Resultados y N\u00fameros Ganadores [Tarde+D\u00eda+Noche]","description":"Obtenga los \u00faltimos resultados, n\u00fameros ganadores, n\u00fameros calientes y fr\u00edos, pagos, probabilidades y m\u00e1s, para el Pick 3 de la Loter\u00eda de Pensilvania.","robots":{"index":"index","follow":"follow","max-snippet":"max-snippet:-1","max-image-preview":"max-image-preview:large","max-video-preview":"max-video-preview:-1"},"canonical":"https:\/\/www.lotterycritic.com\/es\/resultados-loteria\/pensilvania\/pick-3\/","og_locale":"es_ES","og_type":"article","og_title":"Pick 3 de Pennsylvania: Resultados y N\u00fameros Ganadores [Tarde+D\u00eda+Noche]","og_description":"Obtenga los \u00faltimos resultados, n\u00fameros ganadores, n\u00fameros calientes y fr\u00edos, pagos, probabilidades y m\u00e1s, para el Pick 3 de la Loter\u00eda de Pensilvania.","og_url":"https:\/\/www.lotterycritic.com\/es\/resultados-loteria\/pensilvania\/pick-3\/","og_site_name":"Lottery Critic","article_modified_time":"2023-08-24T11:33:27+00:00","twitter_card":"summary_large_image","twitter_misc":{"Tiempo de lectura":"3 minutos"},"schema":{"@context":"https:\/\/schema.org","@graph":[{"@type":"WebPage","@id":"https:\/\/www.lotterycritic.com\/es\/resultados-loteria\/pensilvania\/pick-3\/","url":"https:\/\/www.lotterycritic.com\/es\/resultados-loteria\/pensilvania\/pick-3\/","name":"Pick 3 de Pennsylvania: Resultados y N\u00fameros Ganadores [Tarde+D\u00eda+Noche]","isPartOf":{"@id":"https:\/\/www.lotterycritic.com\/es\/#website"},"datePublished":"2023-08-18T22:56:08+00:00","dateModified":"2023-08-24T11:33:27+00:00","description":"Obtenga los \u00faltimos resultados, n\u00fameros ganadores, n\u00fameros calientes y fr\u00edos, pagos, probabilidades y m\u00e1s, para el Pick 3 de la Loter\u00eda de Pensilvania.","breadcrumb":{"@id":"https:\/\/www.lotterycritic.com\/es\/resultados-loteria\/pensilvania\/pick-3\/#breadcrumb"},"inLanguage":"es","potentialAction":[{"@type":"ReadAction","target":["https:\/\/www.lotterycritic.com\/es\/resultados-loteria\/pensilvania\/pick-3\/"]}]},{"@type":"BreadcrumbList","@id":"https:\/\/www.lotterycritic.com\/es\/resultados-loteria\/pensilvania\/pick-3\/#breadcrumb","itemListElement":[{"@type":"ListItem","position":1,"name":"Home","item":"https:\/\/www.lotterycritic.com\/es\/"},{"@type":"ListItem","position":2,"name":"Resultados de La Loter\u00eda Americana &#8211; Los \u00daltimos N\u00fameros Ganadores de La Loter\u00eda de Estados Unidos","item":"https:\/\/www.lotterycritic.com\/es\/resultados-loteria\/"},{"@type":"ListItem","position":3,"name":"Resultados de La Loter\u00eda de Pennsylvania (PA) &#8211; Comprueba Los N\u00fameros Ganadores de Hoy En Pennsylvania","item":"https:\/\/www.lotterycritic.com\/es\/resultados-loteria\/pensilvania\/"},{"@type":"ListItem","position":4,"name":"Resultados del Pick 3 de Pennsylvania (PA) y N\u00fameros Ganadores de Hoy [Tarde + D\u00eda + Noche]"}]},{"@type":"WebSite","@id":"https:\/\/www.lotterycritic.com\/es\/#website","url":"https:\/\/www.lotterycritic.com\/es\/","name":"Lottery Critic","description":"Your Guide to Lottery Results, Winning Numbers &amp; More\u2026","potentialAction":[{"@type":"SearchAction","target":{"@type":"EntryPoint","urlTemplate":"https:\/\/www.lotterycritic.com\/es\/?s={search_term_string}"},"query-input":{"@type":"PropertyValueSpecification","valueRequired":true,"valueName":"search_term_string"}}],"inLanguage":"es"}]}},"_links":{"self":[{"href":"https:\/\/www.lotterycritic.com\/es\/wp-json\/wp\/v2\/pages\/14241"}],"collection":[{"href":"https:\/\/www.lotterycritic.com\/es\/wp-json\/wp\/v2\/pages"}],"about":[{"href":"https:\/\/www.lotterycritic.com\/es\/wp-json\/wp\/v2\/types\/page"}],"author":[{"embeddable":true,"href":"https:\/\/www.lotterycritic.com\/es\/wp-json\/wp\/v2\/users\/2"}],"replies":[{"embeddable":true,"href":"https:\/\/www.lotterycritic.com\/es\/wp-json\/wp\/v2\/comments?post=14241"}],"version-history":[{"count":1,"href":"https:\/\/www.lotterycritic.com\/es\/wp-json\/wp\/v2\/pages\/14241\/revisions"}],"predecessor-version":[{"id":14242,"href":"https:\/\/www.lotterycritic.com\/es\/wp-json\/wp\/v2\/pages\/14241\/revisions\/14242"}],"up":[{"embeddable":true,"href":"https:\/\/www.lotterycritic.com\/es\/wp-json\/wp\/v2\/pages\/14235"}],"wp:attachment":[{"href":"https:\/\/www.lotterycritic.com\/es\/wp-json\/wp\/v2\/media?parent=14241"}],"curies":[{"name":"wp","href":"https:\/\/api.w.org\/{rel}","templated":true}]}}