{"id":14231,"date":"2023-08-17T22:44:04","date_gmt":"2023-08-17T22:44:04","guid":{"rendered":"https:\/\/www.lotterycritic.com\/resultados-loteria\/oregon\/resultados-de-loteria-win-for-life-de-oregon-or-y-numeros-ganadores-ayer-hoy\/"},"modified":"2023-08-24T11:32:08","modified_gmt":"2023-08-24T11:32:08","slug":"win-for-life","status":"publish","type":"page","link":"https:\/\/www.lotterycritic.com\/es\/resultados-loteria\/oregon\/win-for-life\/","title":{"rendered":"Resultados de Loter\u00eda Win For Life de Oregon (OR) y N\u00fameros Ganadores [Ayer + Hoy]"},"content":{"rendered":"<p><\/p>\n<p><img decoding=\"async\" class=\"size-medium wp-image-5311 aligncenter\" src=\"https:\/\/www.lotterycritic.com\/wp-content\/uploads\/2018\/11\/oregon-lottery-win-for-life-300x125.png\" alt=\"Oregon Lottery Win for Life\" width=\"300\" height=\"125\" srcset=\"https:\/\/www.lotterycritic.com\/wp-content\/uploads\/2018\/11\/oregon-lottery-win-for-life-300x125.png 300w, https:\/\/www.lotterycritic.com\/wp-content\/uploads\/2018\/11\/oregon-lottery-win-for-life.png 389w\" sizes=\"(max-width: 300px) 100vw, 300px\" \/><\/p>\n<p>Con el Win for Life de la Loter\u00eda de Oregon, los afortunados ganadores se llevan $1,000 por semana por el resto de sus vidas. Otros premios pueden ser por un valor de $50,000, $20,000 y $10,000.<\/p>\n<p>\n<\/p>\n<p><section><div class=\"section-anchor\" id=\"how-to-play\"><\/div><\/p>\n<h2>C\u00f3mo jugar al Win for Life<\/h2>\n<h3>Elija sus n\u00fameros<\/h3>\n<p>Puede hacer uso de la opci\u00f3n Quick Pick para que la computadora elija sus n\u00fameros de forma autom\u00e1tica, o puede por usted mismo seleccionar 4 n\u00fameros del 1 al 77. Este es su grupo de n\u00fameros principal para jugar por el premio mayor del Win for Life.<\/p>\n<p>Tambi\u00e9n obtiene 14 grupos de n\u00fameros m\u00e1s, generados autom\u00e1ticamente e impresos en su billete, para un total de 15 grupos de n\u00fameros. Estos conjuntos de n\u00fameros adicionales se utilizan para determinar premios secundarios.<\/p>\n<h3>Compre su billete<\/h3>\n<p>Puede comprar billetes para el Win for Life en cualquiera de los puntos de venta dispuestos por la Loter\u00eda de Oregon. Cada billete le cuesta $2.<\/p>\n<p>\n<\/section><\/p>\n<p><section><div class=\"section-anchor\" id=\"drawing-schedule\"><\/div><\/p>\n<h2>Calendario de sorteos del Win for Life<\/h2>\n<p>El Win for Life se sortea tres veces por semana, los <strong>lunes, mi\u00e9rcoles y s\u00e1bados<\/strong> a las <strong>7:30 PM PST<\/strong>.<\/p>\n<p>No se pueden comprar billetes durante el sorteo, es decir, entre las 7:30 y 7:31 PM.<\/p>\n<p>\n<\/section><\/p>\n<p><section><div class=\"section-anchor\" id=\"payouts-and-odds\"><\/div><\/p>\n<h2>Pagos y Probabilidades del Win for Life<\/h2>\n<table>\n<tbody>\n<tr>\n<td><strong>N\u00fameros acertados<\/strong><\/td>\n<td><strong>Premio<\/strong><\/td>\n<td><strong>Probabilidades<\/strong><\/td>\n<\/tr>\n<tr>\n<td>4 de 4 en la categor\u00eda Win for Life<\/td>\n<td>$1,000 por semana de por vida<\/td>\n<td>1 en 1,353,275<\/td>\n<\/tr>\n<tr>\n<td>4 de 4 n\u00fameros en la categor\u00eda de $50,000<\/td>\n<td>$50,000<\/td>\n<td>1 en 676,638<\/td>\n<\/tr>\n<tr>\n<td>4 de 4 n\u00fameros para la categor\u00eda de $20,000<\/td>\n<td>$20,000<\/td>\n<td>1 en 338,319<\/td>\n<\/tr>\n<tr>\n<td>4 de 4 n\u00fameros en la categor\u00eda de $10,000<\/td>\n<td>$10,000<\/td>\n<td>1 en 169,159<\/td>\n<\/tr>\n<tr>\n<td>3 de 4 n\u00fameros en cualquier categor\u00eda<\/td>\n<td>$25<\/td>\n<td>1 en 309<\/td>\n<\/tr>\n<tr>\n<td>2 de 4 n\u00fameros en cualquier categor\u00eda<\/td>\n<td>$2<\/td>\n<td>1 en 6<\/td>\n<\/tr>\n<tr>\n<td>Sin aciertos<\/td>\n<td>$3<\/td>\n<td>1 en 26<\/td>\n<\/tr>\n<\/tbody>\n<\/table>\n<p>\n<\/section><\/p>\n<p><section><div class=\"section-anchor\" id=\"claim-your-prize\"><\/div><\/p>\n<h2>Reclame su premio del Win for Life<\/h2>\n<p>Es posible reclamar premios de hasta $600 en cualquier punto de venta de la Loter\u00eda de Oregon. Los premios por debajo de $50,000 se pueden reclamar en el centro de pagos en Wilsonville. Para premios de $50,000 y superiores, tendr\u00e1 que dirigirse a la oficina principal de la Loter\u00eda de Oregon en Salem, para poder recibir su dinero.<\/p>\n<p>Todos los premios tambi\u00e9n se pueden reclamar por correo postal.<\/p>\n<p>\n<\/section><\/p>\n<p><section><div class=\"section-anchor\" id=\"other-oregon-lotteries\"><\/div><\/p>\n<h2>Otras loter\u00edas de Oregon<\/h2>\n<p>Encuentre los \u00faltimos resultados, cantidad del premio mayor, probabilidades de ganar, pago de premios, calendario de sorteos y dem\u00e1s informaci\u00f3n \u00fatil para <a href=\"https:\/\/www.lotterycritic.com\/es\/resultados-loteria\/oregon\/\">todas las loter\u00edas de Oregon<\/a> (OR) como <a href=\"https:\/\/www.lotterycritic.com\/es\/resultados-loteria\/oregon\/megabucks-de-oregon\/\">Megabucks<\/a>, <a href=\"https:\/\/www.lotterycritic.com\/lottery-results\/oregon\/lucky-lines\/\">Lucky Lines<\/a>, <a href=\"https:\/\/www.lotterycritic.com\/es\/resultados-loteria\/florida\/pick-4\/\">Pick 4<\/a>, Keno, Raspables, y las loter\u00edas m\u00e1s populares que se juegan en varios estados, <a href=\"https:\/\/www.lotterycritic.com\/es\/resultados-loteria\/carolina-del-sur\/powerball\/\" rel=\"\">Powerball<\/a> y\u00a0<a href=\"https:\/\/www.lotterycritic.com\/es\/resultados-loteria\/tennessee\/mega-millions\/\" rel=\"\">Mega Millions<\/a>.<\/p>\n<p>\n<\/section><\/p>\n","protected":false},"excerpt":{"rendered":"","protected":false},"author":6,"featured_media":0,"parent":14198,"menu_order":1,"comment_status":"closed","ping_status":"closed","template":"lottery-results-game-child-template.php","meta":{"footnotes":""},"class_list":["post-14231","page","type-page","status-publish","hentry"],"acf":[],"yoast_head":"<!-- This site is optimized with the Yoast SEO plugin v23.4 - https:\/\/yoast.com\/wordpress\/plugins\/seo\/ -->\n<title>Loter\u00eda Win For Life de Oregon: Resultados y N\u00fameros Ganadores [Ayer+Hoy]<\/title>\n<meta name=\"description\" content=\"Conozca los resultados del Win for Life de Oregon, n\u00fameros ganadores m\u00e1s recientes, premio mayor vigente, probabilidades de ganar, pago de premios, calendario de sorteos y m\u00e1s.\" \/>\n<meta name=\"robots\" content=\"index, follow, max-snippet:-1, max-image-preview:large, max-video-preview:-1\" \/>\n<link rel=\"canonical\" href=\"https:\/\/www.lotterycritic.com\/es\/resultados-loteria\/oregon\/win-for-life\/\" \/>\n<meta property=\"og:locale\" content=\"es_ES\" \/>\n<meta property=\"og:type\" content=\"article\" \/>\n<meta property=\"og:title\" content=\"Loter\u00eda Win For Life de Oregon: Resultados y N\u00fameros Ganadores [Ayer+Hoy]\" \/>\n<meta property=\"og:description\" content=\"Conozca los resultados del Win for Life de Oregon, n\u00fameros ganadores m\u00e1s recientes, premio mayor vigente, probabilidades de ganar, pago de premios, calendario de sorteos y m\u00e1s.\" \/>\n<meta property=\"og:url\" content=\"https:\/\/www.lotterycritic.com\/es\/resultados-loteria\/oregon\/win-for-life\/\" \/>\n<meta property=\"og:site_name\" content=\"Lottery Critic\" \/>\n<meta property=\"article:modified_time\" content=\"2023-08-24T11:32:08+00:00\" \/>\n<meta property=\"og:image\" content=\"https:\/\/www.lotterycritic.com\/wp-content\/uploads\/2018\/11\/oregon-lottery-win-for-life-300x125.png\" \/>\n<meta name=\"twitter:card\" content=\"summary_large_image\" \/>\n<meta name=\"twitter:label1\" content=\"Tiempo de lectura\" \/>\n\t<meta name=\"twitter:data1\" content=\"3 minutos\" \/>\n<script type=\"application\/ld+json\" class=\"yoast-schema-graph\">{\"@context\":\"https:\/\/schema.org\",\"@graph\":[{\"@type\":\"WebPage\",\"@id\":\"https:\/\/www.lotterycritic.com\/es\/resultados-loteria\/oregon\/win-for-life\/\",\"url\":\"https:\/\/www.lotterycritic.com\/es\/resultados-loteria\/oregon\/win-for-life\/\",\"name\":\"Loter\u00eda Win For Life de Oregon: Resultados y N\u00fameros Ganadores [Ayer+Hoy]\",\"isPartOf\":{\"@id\":\"https:\/\/www.lotterycritic.com\/es\/#website\"},\"primaryImageOfPage\":{\"@id\":\"https:\/\/www.lotterycritic.com\/es\/resultados-loteria\/oregon\/win-for-life\/#primaryimage\"},\"image\":{\"@id\":\"https:\/\/www.lotterycritic.com\/es\/resultados-loteria\/oregon\/win-for-life\/#primaryimage\"},\"thumbnailUrl\":\"https:\/\/www.lotterycritic.com\/wp-content\/uploads\/2018\/11\/oregon-lottery-win-for-life-300x125.png\",\"datePublished\":\"2023-08-17T22:44:04+00:00\",\"dateModified\":\"2023-08-24T11:32:08+00:00\",\"description\":\"Conozca los resultados del Win for Life de Oregon, n\u00fameros ganadores m\u00e1s recientes, premio mayor vigente, probabilidades de ganar, pago de premios, calendario de sorteos y m\u00e1s.\",\"breadcrumb\":{\"@id\":\"https:\/\/www.lotterycritic.com\/es\/resultados-loteria\/oregon\/win-for-life\/#breadcrumb\"},\"inLanguage\":\"es\",\"potentialAction\":[{\"@type\":\"ReadAction\",\"target\":[\"https:\/\/www.lotterycritic.com\/es\/resultados-loteria\/oregon\/win-for-life\/\"]}]},{\"@type\":\"ImageObject\",\"inLanguage\":\"es\",\"@id\":\"https:\/\/www.lotterycritic.com\/es\/resultados-loteria\/oregon\/win-for-life\/#primaryimage\",\"url\":\"https:\/\/www.lotterycritic.com\/wp-content\/uploads\/2018\/11\/oregon-lottery-win-for-life-300x125.png\",\"contentUrl\":\"https:\/\/www.lotterycritic.com\/wp-content\/uploads\/2018\/11\/oregon-lottery-win-for-life-300x125.png\"},{\"@type\":\"BreadcrumbList\",\"@id\":\"https:\/\/www.lotterycritic.com\/es\/resultados-loteria\/oregon\/win-for-life\/#breadcrumb\",\"itemListElement\":[{\"@type\":\"ListItem\",\"position\":1,\"name\":\"Home\",\"item\":\"https:\/\/www.lotterycritic.com\/es\/\"},{\"@type\":\"ListItem\",\"position\":2,\"name\":\"Resultados de La Loter\u00eda Americana &#8211; Los \u00daltimos N\u00fameros Ganadores de La Loter\u00eda de Estados Unidos\",\"item\":\"https:\/\/www.lotterycritic.com\/es\/resultados-loteria\/\"},{\"@type\":\"ListItem\",\"position\":3,\"name\":\"Resultados de La Loter\u00eda de Oregon (OR) &#8211; Comprueba Los N\u00fameros Ganadores de Hoy En Oregon\",\"item\":\"https:\/\/www.lotterycritic.com\/es\/resultados-loteria\/oregon\/\"},{\"@type\":\"ListItem\",\"position\":4,\"name\":\"Resultados de Loter\u00eda Win For Life de Oregon (OR) y N\u00fameros Ganadores [Ayer + Hoy]\"}]},{\"@type\":\"WebSite\",\"@id\":\"https:\/\/www.lotterycritic.com\/es\/#website\",\"url\":\"https:\/\/www.lotterycritic.com\/es\/\",\"name\":\"Lottery Critic\",\"description\":\"Your Guide to Lottery Results, Winning Numbers &amp; More\u2026\",\"potentialAction\":[{\"@type\":\"SearchAction\",\"target\":{\"@type\":\"EntryPoint\",\"urlTemplate\":\"https:\/\/www.lotterycritic.com\/es\/?s={search_term_string}\"},\"query-input\":{\"@type\":\"PropertyValueSpecification\",\"valueRequired\":true,\"valueName\":\"search_term_string\"}}],\"inLanguage\":\"es\"}]}<\/script>\n<!-- \/ Yoast SEO plugin. -->","yoast_head_json":{"title":"Loter\u00eda Win For Life de Oregon: Resultados y N\u00fameros Ganadores [Ayer+Hoy]","description":"Conozca los resultados del Win for Life de Oregon, n\u00fameros ganadores m\u00e1s recientes, premio mayor vigente, probabilidades de ganar, pago de premios, calendario de sorteos y m\u00e1s.","robots":{"index":"index","follow":"follow","max-snippet":"max-snippet:-1","max-image-preview":"max-image-preview:large","max-video-preview":"max-video-preview:-1"},"canonical":"https:\/\/www.lotterycritic.com\/es\/resultados-loteria\/oregon\/win-for-life\/","og_locale":"es_ES","og_type":"article","og_title":"Loter\u00eda Win For Life de Oregon: Resultados y N\u00fameros Ganadores [Ayer+Hoy]","og_description":"Conozca los resultados del Win for Life de Oregon, n\u00fameros ganadores m\u00e1s recientes, premio mayor vigente, probabilidades de ganar, pago de premios, calendario de sorteos y m\u00e1s.","og_url":"https:\/\/www.lotterycritic.com\/es\/resultados-loteria\/oregon\/win-for-life\/","og_site_name":"Lottery Critic","article_modified_time":"2023-08-24T11:32:08+00:00","og_image":[{"url":"https:\/\/www.lotterycritic.com\/wp-content\/uploads\/2018\/11\/oregon-lottery-win-for-life-300x125.png"}],"twitter_card":"summary_large_image","twitter_misc":{"Tiempo de lectura":"3 minutos"},"schema":{"@context":"https:\/\/schema.org","@graph":[{"@type":"WebPage","@id":"https:\/\/www.lotterycritic.com\/es\/resultados-loteria\/oregon\/win-for-life\/","url":"https:\/\/www.lotterycritic.com\/es\/resultados-loteria\/oregon\/win-for-life\/","name":"Loter\u00eda Win For Life de Oregon: Resultados y N\u00fameros Ganadores [Ayer+Hoy]","isPartOf":{"@id":"https:\/\/www.lotterycritic.com\/es\/#website"},"primaryImageOfPage":{"@id":"https:\/\/www.lotterycritic.com\/es\/resultados-loteria\/oregon\/win-for-life\/#primaryimage"},"image":{"@id":"https:\/\/www.lotterycritic.com\/es\/resultados-loteria\/oregon\/win-for-life\/#primaryimage"},"thumbnailUrl":"https:\/\/www.lotterycritic.com\/wp-content\/uploads\/2018\/11\/oregon-lottery-win-for-life-300x125.png","datePublished":"2023-08-17T22:44:04+00:00","dateModified":"2023-08-24T11:32:08+00:00","description":"Conozca los resultados del Win for Life de Oregon, n\u00fameros ganadores m\u00e1s recientes, premio mayor vigente, probabilidades de ganar, pago de premios, calendario de sorteos y m\u00e1s.","breadcrumb":{"@id":"https:\/\/www.lotterycritic.com\/es\/resultados-loteria\/oregon\/win-for-life\/#breadcrumb"},"inLanguage":"es","potentialAction":[{"@type":"ReadAction","target":["https:\/\/www.lotterycritic.com\/es\/resultados-loteria\/oregon\/win-for-life\/"]}]},{"@type":"ImageObject","inLanguage":"es","@id":"https:\/\/www.lotterycritic.com\/es\/resultados-loteria\/oregon\/win-for-life\/#primaryimage","url":"https:\/\/www.lotterycritic.com\/wp-content\/uploads\/2018\/11\/oregon-lottery-win-for-life-300x125.png","contentUrl":"https:\/\/www.lotterycritic.com\/wp-content\/uploads\/2018\/11\/oregon-lottery-win-for-life-300x125.png"},{"@type":"BreadcrumbList","@id":"https:\/\/www.lotterycritic.com\/es\/resultados-loteria\/oregon\/win-for-life\/#breadcrumb","itemListElement":[{"@type":"ListItem","position":1,"name":"Home","item":"https:\/\/www.lotterycritic.com\/es\/"},{"@type":"ListItem","position":2,"name":"Resultados de La Loter\u00eda Americana &#8211; Los \u00daltimos N\u00fameros Ganadores de La Loter\u00eda de Estados Unidos","item":"https:\/\/www.lotterycritic.com\/es\/resultados-loteria\/"},{"@type":"ListItem","position":3,"name":"Resultados de La Loter\u00eda de Oregon (OR) &#8211; Comprueba Los N\u00fameros Ganadores de Hoy En Oregon","item":"https:\/\/www.lotterycritic.com\/es\/resultados-loteria\/oregon\/"},{"@type":"ListItem","position":4,"name":"Resultados de Loter\u00eda Win For Life de Oregon (OR) y N\u00fameros Ganadores [Ayer + Hoy]"}]},{"@type":"WebSite","@id":"https:\/\/www.lotterycritic.com\/es\/#website","url":"https:\/\/www.lotterycritic.com\/es\/","name":"Lottery Critic","description":"Your Guide to Lottery Results, Winning Numbers &amp; More\u2026","potentialAction":[{"@type":"SearchAction","target":{"@type":"EntryPoint","urlTemplate":"https:\/\/www.lotterycritic.com\/es\/?s={search_term_string}"},"query-input":{"@type":"PropertyValueSpecification","valueRequired":true,"valueName":"search_term_string"}}],"inLanguage":"es"}]}},"_links":{"self":[{"href":"https:\/\/www.lotterycritic.com\/es\/wp-json\/wp\/v2\/pages\/14231"}],"collection":[{"href":"https:\/\/www.lotterycritic.com\/es\/wp-json\/wp\/v2\/pages"}],"about":[{"href":"https:\/\/www.lotterycritic.com\/es\/wp-json\/wp\/v2\/types\/page"}],"author":[{"embeddable":true,"href":"https:\/\/www.lotterycritic.com\/es\/wp-json\/wp\/v2\/users\/6"}],"replies":[{"embeddable":true,"href":"https:\/\/www.lotterycritic.com\/es\/wp-json\/wp\/v2\/comments?post=14231"}],"version-history":[{"count":1,"href":"https:\/\/www.lotterycritic.com\/es\/wp-json\/wp\/v2\/pages\/14231\/revisions"}],"predecessor-version":[{"id":14234,"href":"https:\/\/www.lotterycritic.com\/es\/wp-json\/wp\/v2\/pages\/14231\/revisions\/14234"}],"up":[{"embeddable":true,"href":"https:\/\/www.lotterycritic.com\/es\/wp-json\/wp\/v2\/pages\/14198"}],"wp:attachment":[{"href":"https:\/\/www.lotterycritic.com\/es\/wp-json\/wp\/v2\/media?parent=14231"}],"curies":[{"name":"wp","href":"https:\/\/api.w.org\/{rel}","templated":true}]}}