{"id":14229,"date":"2023-08-17T22:14:35","date_gmt":"2023-08-17T22:14:35","guid":{"rendered":"https:\/\/www.lotterycritic.com\/resultados-loteria\/oregon\/resultados-de-loteria-megabucks-de-oregon-or-y-numeros-ganadores-ayer-hoy\/"},"modified":"2024-09-23T18:52:53","modified_gmt":"2024-09-23T18:52:53","slug":"megabucks-de-oregon","status":"publish","type":"page","link":"https:\/\/www.lotterycritic.com\/es\/resultados-loteria\/oregon\/megabucks-de-oregon\/","title":{"rendered":"Resultados de Loter\u00eda Megabucks de Oregon (OR) y N\u00fameros Ganadores [Ayer + Hoy]"},"content":{"rendered":"<p><\/p>\n<p><img decoding=\"async\" class=\"size-medium wp-image-1363 aligncenter\" src=\"https:\/\/www.lotterycritic.com\/wp-content\/uploads\/2017\/09\/oregon-megabucks-logo-300x123.png\" alt=\"Oregon Megabucks Logo\" width=\"300\" height=\"123\" srcset=\"https:\/\/www.lotterycritic.com\/wp-content\/uploads\/2017\/09\/oregon-megabucks-logo-300x123.png 300w, https:\/\/www.lotterycritic.com\/wp-content\/uploads\/2017\/09\/oregon-megabucks-logo-768x316.png 768w, https:\/\/www.lotterycritic.com\/wp-content\/uploads\/2017\/09\/oregon-megabucks-logo-1024x421.png 1024w, https:\/\/www.lotterycritic.com\/wp-content\/uploads\/2017\/09\/oregon-megabucks-logo-200x82.png 200w, https:\/\/www.lotterycritic.com\/wp-content\/uploads\/2017\/09\/oregon-megabucks-logo-100x41.png 100w, https:\/\/www.lotterycritic.com\/wp-content\/uploads\/2017\/09\/oregon-megabucks-logo-49x20.png 49w, https:\/\/www.lotterycritic.com\/wp-content\/uploads\/2017\/09\/oregon-megabucks-logo-700x288.png 700w, https:\/\/www.lotterycritic.com\/wp-content\/uploads\/2017\/09\/oregon-megabucks-logo-75x31.png 75w, https:\/\/www.lotterycritic.com\/wp-content\/uploads\/2017\/09\/oregon-megabucks-logo-50x21.png 50w, https:\/\/www.lotterycritic.com\/wp-content\/uploads\/2017\/09\/oregon-megabucks-logo-122x50.png 122w, https:\/\/www.lotterycritic.com\/wp-content\/uploads\/2017\/09\/oregon-megabucks-logo.png 1380w\" sizes=\"(max-width: 300px) 100vw, 300px\" \/><\/p>\n<p>El Megabucks es la loter\u00eda m\u00e1s grande del estado de Oregon. Se sortea tres veces a la semana, y su premio mayor acumulado comienza en $1,000,000. A la fecha, este juego ha convertido a m\u00e1s de 250 personas en millonarias.<\/p>\n<p>\n<\/p>\n<p><section><div class=\"section-anchor\" id=\"how-to-play\"><\/div><\/p>\n<h2>C\u00f3mo jugar al Megabucks de Oregon<\/h2>\n<h3>Elija sus n\u00fameros<\/h3>\n<p>Puede usar la opci\u00f3n de Quick Pick para que la computadora seleccione sus n\u00fameros de forma aleatoria, o puede elegir 2 grupos de 6 n\u00fameros entre el 1 y el 48.<\/p>\n<h3>Compre su billete<\/h3>\n<p>Puede comprar billetes para el Megabucks en cualquier punto de venta de la Loter\u00eda de Oregon. Cada uno cuesta $1.<\/p>\n<p>Como alternativa, tambi\u00e9n puede comprar su billete desde cualquier parte del mundo a trav\u00e9s de <a href=\"https:\/\/www.lotterycritic.com\/visit-the-lotter\/\" target=\"_blank\" rel=\"nofollow noopener noreferrer\">TheLotter<\/a>, si busca jugar al Oregon Megabucks en l\u00ednea.<\/p>\n<p>\n<\/section><\/p>\n<p><section><div class=\"section-anchor\" id=\"drawing-schedule\"><\/div><\/p>\n<h2>Calendario de sorteos del Megabucks de Oregon<\/h2>\n<p>Los sorteos del Megabucks suceden tres d\u00edas a la semana;<strong> lunes, mi\u00e9rcoles y s\u00e1bados<\/strong> a las <strong>7:29 PM PST<\/strong>.<\/p>\n<p>No es posible comprar billetes durante un sorteo, que es entre 7:29 a 7:30 PM.<\/p>\n<p>\n<\/section><\/p>\n<p><section><div class=\"section-anchor\" id=\"payouts-odds-and-mechanics\"><\/div><\/p>\n<h2>Pagos y Mec\u00e1nicas del Megabucks de Oregon<\/h2>\n<p>Las reglas son simples: elija 6 n\u00fameros de un total de 48, y se llevar\u00e1 el premio mayor si acierta en todos. Dicho premio inicia en $1,000,000 y se acumula en cada sorteo hasta que alguien lo gana. Tambi\u00e9n se entregan premios secundarios por coincidir en una cantidad menor de n\u00fameros.<\/p>\n<h3>The Kicker<\/h3>\n<p>El Kicker del Megabucks de Oregon funciona de forma similar al Power Play del Powerball o al Megaplier del Megamillions. En resumidas cuentas, si a\u00f1ade el Kicker por $1 adicional, le permite multiplicar los premios secundarios por hasta cuatro veces. Por ejemplo, si gana un premio por valor de $4,000, con el Kicker aplicado se queda con $16,000.<\/p>\n<h3>Pagos y Probabilidades del Megabucks<\/h3>\n<table>\n<tbody>\n<tr>\n<td><strong>N\u00fameros acertados<\/strong><\/td>\n<td><strong>Premio<\/strong><\/td>\n<td><strong>Premio con Kicker<\/strong><\/td>\n<td><strong>Probabilidades<\/strong><\/td>\n<\/tr>\n<tr>\n<td>6 de 6<\/td>\n<td>Premio mayor<\/td>\n<td>Premio mayor<\/td>\n<td>1 en 6,135,756<\/td>\n<\/tr>\n<tr>\n<td>5 de 6<\/td>\n<td>Estimado de $800<\/td>\n<td>Premio x 4<\/td>\n<td>1 en 24,348.49<\/td>\n<\/tr>\n<tr>\n<td>4 de 6<\/td>\n<td>Estimado de $40<\/td>\n<td>Premio x 4<\/td>\n<td>1 en 475.34<\/td>\n<\/tr>\n<tr>\n<td>3 de 6<\/td>\n<td>Billete Quick Pick gratuito<\/td>\n<td>$4<\/td>\n<td>1 en 26.98<\/td>\n<\/tr>\n<\/tbody>\n<\/table>\n<p>\n<\/section><\/p>\n<p><section><div class=\"section-anchor\" id=\"claim-your-prize\"><\/div><\/p>\n<h2>Reclame su premio del Megabucks<\/h2>\n<p>Los ganadores del premio mayor deber\u00e1n elegir entre la entrega de la suma total o el pago en anualidad. Inclinarse por el pago de la suma total significa que se le entrega, en una \u00fanica transacci\u00f3n, alrededor de la mitad del premio anunciado. Mientras que la opci\u00f3n de anualidad, le otorga un pago por cuotas en el transcurso de los siguientes 30 a\u00f1os.<\/p>\n<p>Cuenta con 60 d\u00edas para tomar una decisi\u00f3n, la cual si no la toma antes de la fecha l\u00edmite, se le entregar\u00e1 su premio por medio de anualidad. Aun as\u00ed, hay algunos casos en los que se le permitir\u00e1 cambiar a la entrega total, siempre y cuando no se hayan hecho pagos todav\u00eda.<\/p>\n<p>Para ganadores de premios secundarios, puede reclamar hasta $600 en cualquier punto de venta de la Loter\u00eda de Oregon. Para premios por debajo de $50,000, se pueden reclamar en el centro de pagos en Wilsonville. Para premios de $50,000 y superiores, tendr\u00e1 que dirigirse a las oficinas principales de la Loter\u00eda de Oregon en Salem para poder recoger su dinero.<\/p>\n<p>Tenga en cuenta que los premios suponen el pago de impuestos locales y federales. Adem\u00e1s, si jug\u00f3 por medio de una agencia en l\u00ednea, puede que incurra en tarifas adicionales (dependiendo del servicio utilizado). Sumado a ello, si vive por fuera de los Estados Unidos, es posible que tambi\u00e9n tenga que lidiar con las leyes de impuestos locales.<\/p>\n<p>\n<\/section><\/p>\n<p><section><div class=\"section-anchor\" id=\"biggest-winners\"><\/div><\/p>\n<h2>Los mayores ganadores del Megabucks de Oregon<\/h2>\n<p>A lo largo de los a\u00f1os, el Megabucks de Oregon ha hecho millonarias a varias personas, gracias a sus relativamente favorables probabilidades. Estos son algunos de los <a href=\"https:\/\/www.lotterycritic.com\/es\/ganadores-de-loteria\/los-mayores-ganadores-de-loteria-donde-estan-ahora\/\">mayores ganadores<\/a> hasta ahora:<\/p>\n<table>\n<tbody>\n<tr>\n<td width=\"208\"><strong>Premio mayor<\/strong><\/td>\n<td width=\"208\"><strong>Ganadores<\/strong><\/td>\n<td width=\"208\"><strong>Fecha del sorteo<\/strong><\/td>\n<\/tr>\n<tr>\n<td width=\"208\">$7.8 millones<\/td>\n<td width=\"208\">1<\/td>\n<td width=\"208\">Mar. 2, 2016<\/td>\n<\/tr>\n<tr>\n<td width=\"208\">$7 millones<\/td>\n<td width=\"208\">1<\/td>\n<td width=\"208\">Jun. 10, 2017<\/td>\n<\/tr>\n<tr>\n<td width=\"208\">$6.8 millones<\/td>\n<td width=\"208\">1<\/td>\n<td width=\"208\">Nov. 26, 2016<\/td>\n<\/tr>\n<tr>\n<td width=\"208\">$6.4 millones<\/td>\n<td width=\"208\">1<\/td>\n<td width=\"208\">Ago. 24, 2015<\/td>\n<\/tr>\n<tr>\n<td width=\"208\">$5.9 millones<\/td>\n<td width=\"208\">1<\/td>\n<td width=\"208\">Mar. 11, 2017<\/td>\n<\/tr>\n<\/tbody>\n<\/table>\n<p>\n<\/section><\/p>\n<p><section><div class=\"section-anchor\" id=\"history-and-facts\"><\/div><\/p>\n<h2>Historia y Datos sobre el Megabucks de Oregon<\/h2>\n<p>La Loter\u00eda de Oregon comenz\u00f3 a funcionar gracias a una enmienda de la Constituci\u00f3n de Oregon que permiti\u00f3 su consolidaci\u00f3n. Durante las elecciones de 1984, los votantes la aprobaron. Es gestionada por el estado y hace parte de la <a href=\"https:\/\/www.musl.com\/\" target=\"_blank\" rel=\"noopener\">Asociaci\u00f3n de Loter\u00edas Multi-Estado<\/a> (MUSL, por sus siglas en ingl\u00e9s). Cuenta con una gran variedad de juegos introducidos a lo largo de los a\u00f1os.<\/p>\n<p>Uno de sus juegos es el Megabucks, que fue uno de los primeros juegos introducidos en 1985. Poco despu\u00e9s a su creaci\u00f3n, el Megabucks de Oregon a\u00f1adi\u00f3 las opciones de y anualidad en 1990, la primera loter\u00eda de EE. UU. en hacerlo. Se ha convertido en el juego m\u00e1s importante para la Loter\u00eda de Oregon, y en ocasiones se presenta como el \u201cJuego de Oregon\u201d.<\/p>\n<p><strong>Estas son algunas de las curiosidades m\u00e1s interesantes sobre el juego:<\/strong><\/p>\n<ul>\n<li>El Megabucks de Oregon ha hecho millonarias a m\u00e1s de 250 personas en lo que va de existencia.<\/li>\n<li>El ganador del premio mayor de $6.8 millones el 26 de noviembre de 2016, es un jugador de Iraq. Us\u00f3 el servicio de <a class=\"wpil_keyword_link\" title=\"theLotter\" href=\"https:\/\/www.lotterycritic.com\/reviews\/thelotter-review\/\" data-wpil-keyword-link=\"linked\" data-wpil-monitor-id=\"8\">theLotter<\/a> para comprar su billete desde la comodidad de su casa. No es extra\u00f1o que su gran victoria cambi\u00f3 algunas cosas en la industria, y le diera credibilidad a theLotter como una agencia de loter\u00edas l\u00edder en el mercado.<\/li>\n<li>El ganador del premio mayor de $5.9 millones el 11 de marzo de 2017, Bob Frost, utiliz\u00f3 un billete gratis que hab\u00eda ganado de un sorteo anterior.<\/li>\n<li>En la Loter\u00eda de Oregon manifiestan que una gran cantidad de personas no reclaman su premio. De hecho, para el a\u00f1o fiscal de 2015, se reportaron unos $5.9 millones en premios no reclamados.<\/li>\n<li>Los fondos del Megabucks se destinan a la educaci\u00f3n p\u00fablica, programas para el desarrollo econ\u00f3mico y recursos naturales.<\/li>\n<\/ul>\n<p>\n<\/section><\/p>\n<p><section><div class=\"section-anchor\" id=\"other-oregon-lotteries\"><\/div><\/p>\n<h2>Otras loter\u00edas de Oregon<\/h2>\n<p>Revise los \u00faltimos resultados de la loter\u00eda, premio mayor, probabilidades de ganar, pago de premios, calendario semanal de sorteos y dem\u00e1s informaci\u00f3n \u00fatil para <a href=\"https:\/\/www.lotterycritic.com\/es\/resultados-loteria\/oregon\/\">todas las loter\u00edas de Oregon (OR)<\/a> como <a href=\"https:\/\/www.lotterycritic.com\/es\/resultados-loteria\/oregon\/win-for-life\/\">Win for Life<\/a>, <a href=\"https:\/\/www.lotterycritic.com\/lottery-results\/oregon\/lucky-lines\/\">Lucky Lines<\/a>, <a href=\"https:\/\/www.lotterycritic.com\/es\/resultados-loteria\/florida\/pick-4\/\">Pick 4<\/a>, Keno, Raspables, y las loter\u00edas m\u00e1s populares en varios estados, <a href=\"https:\/\/www.lotterycritic.com\/es\/resultados-loteria\/carolina-del-sur\/powerball\/\" rel=\"\">Powerball<\/a> y\u00a0<a href=\"https:\/\/www.lotterycritic.com\/es\/resultados-loteria\/tennessee\/mega-millions\/\" rel=\"\">Mega Millions<\/a>.<\/p>\n<p>\n<\/section><\/p>\n","protected":false},"excerpt":{"rendered":"","protected":false},"author":6,"featured_media":0,"parent":14198,"menu_order":0,"comment_status":"closed","ping_status":"closed","template":"lottery-results-game-child-template.php","meta":{"footnotes":""},"class_list":["post-14229","page","type-page","status-publish","hentry"],"acf":[],"yoast_head":"<!-- This site is optimized with the Yoast SEO plugin v23.4 - https:\/\/yoast.com\/wordpress\/plugins\/seo\/ -->\n<title>Loter\u00eda Megabucks de Oregon (OR): Resultados y N\u00fameros Ganadores [Ayer+Hoy]<\/title>\n<meta name=\"description\" content=\"Obtenga los resultados del Megabucks de Oregon (OR), n\u00fameros ganadores m\u00e1s recientes, premio mayor actual, probabilidades de ganar, calendario de sorteos y m\u00e1s.\" \/>\n<meta name=\"robots\" content=\"index, follow, max-snippet:-1, max-image-preview:large, max-video-preview:-1\" \/>\n<link rel=\"canonical\" href=\"https:\/\/www.lotterycritic.com\/es\/resultados-loteria\/oregon\/megabucks-de-oregon\/\" \/>\n<meta property=\"og:locale\" content=\"es_ES\" \/>\n<meta property=\"og:type\" content=\"article\" \/>\n<meta property=\"og:title\" content=\"Loter\u00eda Megabucks de Oregon (OR): Resultados y N\u00fameros Ganadores [Ayer+Hoy]\" \/>\n<meta property=\"og:description\" content=\"Obtenga los resultados del Megabucks de Oregon (OR), n\u00fameros ganadores m\u00e1s recientes, premio mayor actual, probabilidades de ganar, calendario de sorteos y m\u00e1s.\" \/>\n<meta property=\"og:url\" content=\"https:\/\/www.lotterycritic.com\/es\/resultados-loteria\/oregon\/megabucks-de-oregon\/\" \/>\n<meta property=\"og:site_name\" content=\"Lottery Critic\" \/>\n<meta property=\"article:modified_time\" content=\"2024-09-23T18:52:53+00:00\" \/>\n<meta property=\"og:image\" content=\"https:\/\/www.lotterycritic.com\/wp-content\/uploads\/2017\/09\/oregon-megabucks-logo-300x123.png\" \/>\n<meta name=\"twitter:card\" content=\"summary_large_image\" \/>\n<meta name=\"twitter:label1\" content=\"Tiempo de lectura\" \/>\n\t<meta name=\"twitter:data1\" content=\"5 minutos\" \/>\n<script type=\"application\/ld+json\" class=\"yoast-schema-graph\">{\"@context\":\"https:\/\/schema.org\",\"@graph\":[{\"@type\":\"WebPage\",\"@id\":\"https:\/\/www.lotterycritic.com\/es\/resultados-loteria\/oregon\/megabucks-de-oregon\/\",\"url\":\"https:\/\/www.lotterycritic.com\/es\/resultados-loteria\/oregon\/megabucks-de-oregon\/\",\"name\":\"Loter\u00eda Megabucks de Oregon (OR): Resultados y N\u00fameros Ganadores [Ayer+Hoy]\",\"isPartOf\":{\"@id\":\"https:\/\/www.lotterycritic.com\/es\/#website\"},\"primaryImageOfPage\":{\"@id\":\"https:\/\/www.lotterycritic.com\/es\/resultados-loteria\/oregon\/megabucks-de-oregon\/#primaryimage\"},\"image\":{\"@id\":\"https:\/\/www.lotterycritic.com\/es\/resultados-loteria\/oregon\/megabucks-de-oregon\/#primaryimage\"},\"thumbnailUrl\":\"https:\/\/www.lotterycritic.com\/wp-content\/uploads\/2017\/09\/oregon-megabucks-logo-300x123.png\",\"datePublished\":\"2023-08-17T22:14:35+00:00\",\"dateModified\":\"2024-09-23T18:52:53+00:00\",\"description\":\"Obtenga los resultados del Megabucks de Oregon (OR), n\u00fameros ganadores m\u00e1s recientes, premio mayor actual, probabilidades de ganar, calendario de sorteos y m\u00e1s.\",\"breadcrumb\":{\"@id\":\"https:\/\/www.lotterycritic.com\/es\/resultados-loteria\/oregon\/megabucks-de-oregon\/#breadcrumb\"},\"inLanguage\":\"es\",\"potentialAction\":[{\"@type\":\"ReadAction\",\"target\":[\"https:\/\/www.lotterycritic.com\/es\/resultados-loteria\/oregon\/megabucks-de-oregon\/\"]}]},{\"@type\":\"ImageObject\",\"inLanguage\":\"es\",\"@id\":\"https:\/\/www.lotterycritic.com\/es\/resultados-loteria\/oregon\/megabucks-de-oregon\/#primaryimage\",\"url\":\"https:\/\/www.lotterycritic.com\/wp-content\/uploads\/2017\/09\/oregon-megabucks-logo-300x123.png\",\"contentUrl\":\"https:\/\/www.lotterycritic.com\/wp-content\/uploads\/2017\/09\/oregon-megabucks-logo-300x123.png\"},{\"@type\":\"BreadcrumbList\",\"@id\":\"https:\/\/www.lotterycritic.com\/es\/resultados-loteria\/oregon\/megabucks-de-oregon\/#breadcrumb\",\"itemListElement\":[{\"@type\":\"ListItem\",\"position\":1,\"name\":\"Home\",\"item\":\"https:\/\/www.lotterycritic.com\/es\/\"},{\"@type\":\"ListItem\",\"position\":2,\"name\":\"Resultados de La Loter\u00eda Americana &#8211; Los \u00daltimos N\u00fameros Ganadores de La Loter\u00eda de Estados Unidos\",\"item\":\"https:\/\/www.lotterycritic.com\/es\/resultados-loteria\/\"},{\"@type\":\"ListItem\",\"position\":3,\"name\":\"Resultados de La Loter\u00eda de Oregon (OR) &#8211; Comprueba Los N\u00fameros Ganadores de Hoy En Oregon\",\"item\":\"https:\/\/www.lotterycritic.com\/es\/resultados-loteria\/oregon\/\"},{\"@type\":\"ListItem\",\"position\":4,\"name\":\"Resultados de Loter\u00eda Megabucks de Oregon (OR) y N\u00fameros Ganadores [Ayer + Hoy]\"}]},{\"@type\":\"WebSite\",\"@id\":\"https:\/\/www.lotterycritic.com\/es\/#website\",\"url\":\"https:\/\/www.lotterycritic.com\/es\/\",\"name\":\"Lottery Critic\",\"description\":\"Your Guide to Lottery Results, Winning Numbers &amp; More\u2026\",\"potentialAction\":[{\"@type\":\"SearchAction\",\"target\":{\"@type\":\"EntryPoint\",\"urlTemplate\":\"https:\/\/www.lotterycritic.com\/es\/?s={search_term_string}\"},\"query-input\":{\"@type\":\"PropertyValueSpecification\",\"valueRequired\":true,\"valueName\":\"search_term_string\"}}],\"inLanguage\":\"es\"}]}<\/script>\n<!-- \/ Yoast SEO plugin. -->","yoast_head_json":{"title":"Loter\u00eda Megabucks de Oregon (OR): Resultados y N\u00fameros Ganadores [Ayer+Hoy]","description":"Obtenga los resultados del Megabucks de Oregon (OR), n\u00fameros ganadores m\u00e1s recientes, premio mayor actual, probabilidades de ganar, calendario de sorteos y m\u00e1s.","robots":{"index":"index","follow":"follow","max-snippet":"max-snippet:-1","max-image-preview":"max-image-preview:large","max-video-preview":"max-video-preview:-1"},"canonical":"https:\/\/www.lotterycritic.com\/es\/resultados-loteria\/oregon\/megabucks-de-oregon\/","og_locale":"es_ES","og_type":"article","og_title":"Loter\u00eda Megabucks de Oregon (OR): Resultados y N\u00fameros Ganadores [Ayer+Hoy]","og_description":"Obtenga los resultados del Megabucks de Oregon (OR), n\u00fameros ganadores m\u00e1s recientes, premio mayor actual, probabilidades de ganar, calendario de sorteos y m\u00e1s.","og_url":"https:\/\/www.lotterycritic.com\/es\/resultados-loteria\/oregon\/megabucks-de-oregon\/","og_site_name":"Lottery Critic","article_modified_time":"2024-09-23T18:52:53+00:00","og_image":[{"url":"https:\/\/www.lotterycritic.com\/wp-content\/uploads\/2017\/09\/oregon-megabucks-logo-300x123.png"}],"twitter_card":"summary_large_image","twitter_misc":{"Tiempo de lectura":"5 minutos"},"schema":{"@context":"https:\/\/schema.org","@graph":[{"@type":"WebPage","@id":"https:\/\/www.lotterycritic.com\/es\/resultados-loteria\/oregon\/megabucks-de-oregon\/","url":"https:\/\/www.lotterycritic.com\/es\/resultados-loteria\/oregon\/megabucks-de-oregon\/","name":"Loter\u00eda Megabucks de Oregon (OR): Resultados y N\u00fameros Ganadores [Ayer+Hoy]","isPartOf":{"@id":"https:\/\/www.lotterycritic.com\/es\/#website"},"primaryImageOfPage":{"@id":"https:\/\/www.lotterycritic.com\/es\/resultados-loteria\/oregon\/megabucks-de-oregon\/#primaryimage"},"image":{"@id":"https:\/\/www.lotterycritic.com\/es\/resultados-loteria\/oregon\/megabucks-de-oregon\/#primaryimage"},"thumbnailUrl":"https:\/\/www.lotterycritic.com\/wp-content\/uploads\/2017\/09\/oregon-megabucks-logo-300x123.png","datePublished":"2023-08-17T22:14:35+00:00","dateModified":"2024-09-23T18:52:53+00:00","description":"Obtenga los resultados del Megabucks de Oregon (OR), n\u00fameros ganadores m\u00e1s recientes, premio mayor actual, probabilidades de ganar, calendario de sorteos y m\u00e1s.","breadcrumb":{"@id":"https:\/\/www.lotterycritic.com\/es\/resultados-loteria\/oregon\/megabucks-de-oregon\/#breadcrumb"},"inLanguage":"es","potentialAction":[{"@type":"ReadAction","target":["https:\/\/www.lotterycritic.com\/es\/resultados-loteria\/oregon\/megabucks-de-oregon\/"]}]},{"@type":"ImageObject","inLanguage":"es","@id":"https:\/\/www.lotterycritic.com\/es\/resultados-loteria\/oregon\/megabucks-de-oregon\/#primaryimage","url":"https:\/\/www.lotterycritic.com\/wp-content\/uploads\/2017\/09\/oregon-megabucks-logo-300x123.png","contentUrl":"https:\/\/www.lotterycritic.com\/wp-content\/uploads\/2017\/09\/oregon-megabucks-logo-300x123.png"},{"@type":"BreadcrumbList","@id":"https:\/\/www.lotterycritic.com\/es\/resultados-loteria\/oregon\/megabucks-de-oregon\/#breadcrumb","itemListElement":[{"@type":"ListItem","position":1,"name":"Home","item":"https:\/\/www.lotterycritic.com\/es\/"},{"@type":"ListItem","position":2,"name":"Resultados de La Loter\u00eda Americana &#8211; Los \u00daltimos N\u00fameros Ganadores de La Loter\u00eda de Estados Unidos","item":"https:\/\/www.lotterycritic.com\/es\/resultados-loteria\/"},{"@type":"ListItem","position":3,"name":"Resultados de La Loter\u00eda de Oregon (OR) &#8211; Comprueba Los N\u00fameros Ganadores de Hoy En Oregon","item":"https:\/\/www.lotterycritic.com\/es\/resultados-loteria\/oregon\/"},{"@type":"ListItem","position":4,"name":"Resultados de Loter\u00eda Megabucks de Oregon (OR) y N\u00fameros Ganadores [Ayer + Hoy]"}]},{"@type":"WebSite","@id":"https:\/\/www.lotterycritic.com\/es\/#website","url":"https:\/\/www.lotterycritic.com\/es\/","name":"Lottery Critic","description":"Your Guide to Lottery Results, Winning Numbers &amp; More\u2026","potentialAction":[{"@type":"SearchAction","target":{"@type":"EntryPoint","urlTemplate":"https:\/\/www.lotterycritic.com\/es\/?s={search_term_string}"},"query-input":{"@type":"PropertyValueSpecification","valueRequired":true,"valueName":"search_term_string"}}],"inLanguage":"es"}]}},"_links":{"self":[{"href":"https:\/\/www.lotterycritic.com\/es\/wp-json\/wp\/v2\/pages\/14229"}],"collection":[{"href":"https:\/\/www.lotterycritic.com\/es\/wp-json\/wp\/v2\/pages"}],"about":[{"href":"https:\/\/www.lotterycritic.com\/es\/wp-json\/wp\/v2\/types\/page"}],"author":[{"embeddable":true,"href":"https:\/\/www.lotterycritic.com\/es\/wp-json\/wp\/v2\/users\/6"}],"replies":[{"embeddable":true,"href":"https:\/\/www.lotterycritic.com\/es\/wp-json\/wp\/v2\/comments?post=14229"}],"version-history":[{"count":4,"href":"https:\/\/www.lotterycritic.com\/es\/wp-json\/wp\/v2\/pages\/14229\/revisions"}],"predecessor-version":[{"id":14618,"href":"https:\/\/www.lotterycritic.com\/es\/wp-json\/wp\/v2\/pages\/14229\/revisions\/14618"}],"up":[{"embeddable":true,"href":"https:\/\/www.lotterycritic.com\/es\/wp-json\/wp\/v2\/pages\/14198"}],"wp:attachment":[{"href":"https:\/\/www.lotterycritic.com\/es\/wp-json\/wp\/v2\/media?parent=14229"}],"curies":[{"name":"wp","href":"https:\/\/api.w.org\/{rel}","templated":true}]}}