{"id":14196,"date":"2023-08-16T01:20:34","date_gmt":"2023-08-16T01:20:34","guid":{"rendered":"https:\/\/www.lotterycritic.com\/resultados-loteria\/ohio\/resultados-del-pick-4-de-ohio-oh-y-numeros-ganadores-de-hoy-noche-dia\/"},"modified":"2023-08-24T11:26:30","modified_gmt":"2023-08-24T11:26:30","slug":"pick-4","status":"publish","type":"page","link":"https:\/\/www.lotterycritic.com\/es\/resultados-loteria\/ohio\/pick-4\/","title":{"rendered":"Resultados del Pick 4 de Ohio (OH) y N\u00fameros Ganadores de Hoy [Noche + D\u00eda]"},"content":{"rendered":"<p><section><div class=\"section-anchor\" id=\"game-rules\"><\/div><\/p>\n<h2>C\u00f3mo jugar al Pick 4 de la Loter\u00eda de Ohio<\/h2>\n<p>Los sorteos del Pick 4 ocurren dos veces al d\u00eda, con un premio mayor de $5,000 en cada uno. Para jugar, debe elegir 4 n\u00fameros, cada uno del 0 al 9. Sus n\u00fameros tendr\u00e1 que coincidir con los sorteados en el orden exacto para quedarse con el premio m\u00e1s alto.<\/p>\n<p>Puede apostar $0.50 o $1 en 3 diferentes estilos de juego:<\/p>\n<ul>\n<li><strong>Straight:<\/strong> Tendr\u00e1 que acertar en los 4 n\u00fameros ganadores en el orden exacto.<\/li>\n<li><strong>Boxed:<\/strong> Puede coincidir con los n\u00fameros sorteados en cualquier orden.<\/li>\n<li><strong>Back-Up:<\/strong> Es posible acertar los n\u00fameros ganadores en cualquier orden o en el orden exacto. Disponible por $1, cuya apuesta ser\u00e1 de $0.50 para Straight y $0.50 para Boxed.<\/li>\n<\/ul>\n<p>\n<\/section><\/p>\n<p><section><div class=\"section-anchor\" id=\"drawing-schedule\"><\/div><\/p>\n<h2>Calendario de sorteos del Pick 4 de Ohio<\/h2>\n<p>Similar al <a href=\"https:\/\/www.lotterycritic.com\/es\/resultados-loteria\/ohio\/pick-3\/\">Pick 3 de la Loter\u00eda de Ohio<\/a>, los sorteos del Pick 4 suceden <strong>dos veces al d\u00eda<\/strong> a las <strong>12:29 PM y 7:29 PM, hora del este, <\/strong>cuya venta se cierra a las 12:25 PM y 7:25 PM, respectivamente.<\/p>\n<p>Esto a excepci\u00f3n del sorteo del s\u00e1bado en la noche, que se transmite por el programa de televisi\u00f3n Cash Explosion entre las 7:30 y 8 PM. Para este sorteo, los jugadores pueden comprar sus billetes hasta las 7:45 PM.<\/p>\n<ul>\n<li>Descubra m\u00e1s premios y <a href=\"https:\/\/www.lotterycritic.com\/es\/resultados-loteria\/ohio\/\">resultados de la Loter\u00eda de Ohio<\/a><\/li>\n<\/ul>\n<p>\n<\/section><\/p>\n<p><section><div class=\"section-anchor\" id=\"payouts-and-odds\"><\/div><\/p>\n<h2>Pagos y Probabilidades de ganar el Pick 4 de Ohio<\/h2>\n<p>La cantidad que puede ganar depende del estilo de juego elegido, el valor de su apuesta, y los n\u00fameros seleccionados.<\/p>\n<table>\n<tbody>\n<tr>\n<td><b>Estilo de juego<\/b><\/td>\n<td><b>Selecci\u00f3n<\/b><\/td>\n<td><b>Acierto<\/b><\/td>\n<td><b>Premio con una apuesta de $0.50<\/b><\/td>\n<td><b>Premio con una apuesta de $1<\/b><\/td>\n<td><b>Probabilidades<\/b><\/td>\n<\/tr>\n<tr>\n<td>Straight<\/td>\n<td>4 d\u00edgitos cualquiera<\/td>\n<td>4 d\u00edgitos en el orden exacto<\/td>\n<td>$2,500<\/td>\n<td>$5,000<\/td>\n<td>1 en 10,000<\/td>\n<\/tr>\n<tr>\n<td>Boxed: 4-Way<\/td>\n<td>3 d\u00edgitos del mismo n\u00famero y 1 n\u00famero diferente<\/td>\n<td>4 d\u00edgitos en cualquier orden<\/td>\n<td>$599<\/td>\n<td>$1,198<\/td>\n<td>1 en 2,500<\/td>\n<\/tr>\n<tr>\n<td>Boxed: 6-Way<\/td>\n<td>2 pares diferentes<\/td>\n<td>4 d\u00edgitos en cualquier orden<\/td>\n<td>$400<\/td>\n<td>$800<\/td>\n<td>1 en 1,667<\/td>\n<\/tr>\n<tr>\n<td>Boxed: 12-Way<\/td>\n<td>1 par y 2 n\u00fameros distintos<\/td>\n<td>4 d\u00edgitos en cualquier orden<\/td>\n<td>$200<\/td>\n<td>$400<\/td>\n<td>1 en 833<\/td>\n<\/tr>\n<tr>\n<td>Boxed: 24-Way<\/td>\n<td>4 n\u00fameros distintos cualquiera<\/td>\n<td>4 d\u00edgitos en cualquier orden<\/td>\n<td>$100<\/td>\n<td>$200<\/td>\n<td>1 en 417<\/td>\n<\/tr>\n<tr>\n<td>Back-Up Bet: 24-Way<\/td>\n<td>4 n\u00fameros distintos cualquiera<\/td>\n<td>4 d\u00edgitos en cualquier orden o en el orden exacto<\/td>\n<td>$2600<\/td>\n<td>$5200<\/td>\n<td>1 en 10,000<br \/>\n1 en 416.67<\/td>\n<\/tr>\n<tr>\n<td>Back-Up Bet: 12-Way<\/td>\n<td>1 par y 2 n\u00fameros distintos<\/td>\n<td>4 d\u00edgitos en cualquier orden o en el orden exacto<\/td>\n<td>$2700<\/td>\n<td>$5400<\/td>\n<td>1 en 10,000<br \/>\n1 en 833.33<\/td>\n<\/tr>\n<tr>\n<td>Straight\/Box: 6-Way<\/td>\n<td>2 pares diferentes<\/td>\n<td>4 d\u00edgitos en cualquier orden o en el orden exacto<\/td>\n<td>$2900<\/td>\n<td>$5800<\/td>\n<td>1 en 10,000<br \/>\n1 en 1,667<\/td>\n<\/tr>\n<tr>\n<td>Straight\/Box: 4-Way<\/td>\n<td>3 d\u00edgitos del mismo n\u00fameros y 1 n\u00famero diferente<\/td>\n<td>4 d\u00edgitos en cualquier orden o en el orden exacto<\/td>\n<td>$3099<\/td>\n<td>$6198<\/td>\n<td>1 en 10,000<br \/>\n1 en 2,500<\/td>\n<\/tr>\n<\/tbody>\n<\/table>\n<p>\n<\/section><\/p>\n","protected":false},"excerpt":{"rendered":"","protected":false},"author":2,"featured_media":0,"parent":14186,"menu_order":4,"comment_status":"closed","ping_status":"closed","template":"lottery-results-game-child-template.php","meta":{"footnotes":""},"class_list":["post-14196","page","type-page","status-publish","hentry"],"acf":[],"yoast_head":"<!-- This site is optimized with the Yoast SEO plugin v23.4 - https:\/\/yoast.com\/wordpress\/plugins\/seo\/ -->\n<title>Loter\u00eda Pick 4 de Ohio (OH): Resultados y N\u00fameros Ganadores Hoy [Noche+D\u00eda]<\/title>\n<meta name=\"description\" content=\"Conozca los resultados m\u00e1s recientes, n\u00fameros ganadores y premio mayor del Pick 4 de la Loter\u00eda de Ohio. Aprenda sobre las reglas, pagos, probabilidades y m\u00e1s.\" \/>\n<meta name=\"robots\" content=\"index, follow, max-snippet:-1, max-image-preview:large, max-video-preview:-1\" \/>\n<link rel=\"canonical\" href=\"https:\/\/www.lotterycritic.com\/es\/resultados-loteria\/ohio\/pick-4\/\" \/>\n<meta property=\"og:locale\" content=\"es_ES\" \/>\n<meta property=\"og:type\" content=\"article\" \/>\n<meta property=\"og:title\" content=\"Loter\u00eda Pick 4 de Ohio (OH): Resultados y N\u00fameros Ganadores Hoy [Noche+D\u00eda]\" \/>\n<meta property=\"og:description\" content=\"Conozca los resultados m\u00e1s recientes, n\u00fameros ganadores y premio mayor del Pick 4 de la Loter\u00eda de Ohio. Aprenda sobre las reglas, pagos, probabilidades y m\u00e1s.\" \/>\n<meta property=\"og:url\" content=\"https:\/\/www.lotterycritic.com\/es\/resultados-loteria\/ohio\/pick-4\/\" \/>\n<meta property=\"og:site_name\" content=\"Lottery Critic\" \/>\n<meta property=\"article:modified_time\" content=\"2023-08-24T11:26:30+00:00\" \/>\n<meta name=\"twitter:card\" content=\"summary_large_image\" \/>\n<meta name=\"twitter:label1\" content=\"Tiempo de lectura\" \/>\n\t<meta name=\"twitter:data1\" content=\"3 minutos\" \/>\n<script type=\"application\/ld+json\" class=\"yoast-schema-graph\">{\"@context\":\"https:\/\/schema.org\",\"@graph\":[{\"@type\":\"WebPage\",\"@id\":\"https:\/\/www.lotterycritic.com\/es\/resultados-loteria\/ohio\/pick-4\/\",\"url\":\"https:\/\/www.lotterycritic.com\/es\/resultados-loteria\/ohio\/pick-4\/\",\"name\":\"Loter\u00eda Pick 4 de Ohio (OH): Resultados y N\u00fameros Ganadores Hoy [Noche+D\u00eda]\",\"isPartOf\":{\"@id\":\"https:\/\/www.lotterycritic.com\/es\/#website\"},\"datePublished\":\"2023-08-16T01:20:34+00:00\",\"dateModified\":\"2023-08-24T11:26:30+00:00\",\"description\":\"Conozca los resultados m\u00e1s recientes, n\u00fameros ganadores y premio mayor del Pick 4 de la Loter\u00eda de Ohio. Aprenda sobre las reglas, pagos, probabilidades y m\u00e1s.\",\"breadcrumb\":{\"@id\":\"https:\/\/www.lotterycritic.com\/es\/resultados-loteria\/ohio\/pick-4\/#breadcrumb\"},\"inLanguage\":\"es\",\"potentialAction\":[{\"@type\":\"ReadAction\",\"target\":[\"https:\/\/www.lotterycritic.com\/es\/resultados-loteria\/ohio\/pick-4\/\"]}]},{\"@type\":\"BreadcrumbList\",\"@id\":\"https:\/\/www.lotterycritic.com\/es\/resultados-loteria\/ohio\/pick-4\/#breadcrumb\",\"itemListElement\":[{\"@type\":\"ListItem\",\"position\":1,\"name\":\"Home\",\"item\":\"https:\/\/www.lotterycritic.com\/es\/\"},{\"@type\":\"ListItem\",\"position\":2,\"name\":\"Resultados de La Loter\u00eda Americana &#8211; Los \u00daltimos N\u00fameros Ganadores de La Loter\u00eda de Estados Unidos\",\"item\":\"https:\/\/www.lotterycritic.com\/es\/resultados-loteria\/\"},{\"@type\":\"ListItem\",\"position\":3,\"name\":\"Resultados de La Loter\u00eda de Ohio (OH) &#8211; Comprueba Los N\u00fameros Ganadores de Hoy En Ohio\",\"item\":\"https:\/\/www.lotterycritic.com\/es\/resultados-loteria\/ohio\/\"},{\"@type\":\"ListItem\",\"position\":4,\"name\":\"Resultados del Pick 4 de Ohio (OH) y N\u00fameros Ganadores de Hoy [Noche + D\u00eda]\"}]},{\"@type\":\"WebSite\",\"@id\":\"https:\/\/www.lotterycritic.com\/es\/#website\",\"url\":\"https:\/\/www.lotterycritic.com\/es\/\",\"name\":\"Lottery Critic\",\"description\":\"Your Guide to Lottery Results, Winning Numbers &amp; More\u2026\",\"potentialAction\":[{\"@type\":\"SearchAction\",\"target\":{\"@type\":\"EntryPoint\",\"urlTemplate\":\"https:\/\/www.lotterycritic.com\/es\/?s={search_term_string}\"},\"query-input\":{\"@type\":\"PropertyValueSpecification\",\"valueRequired\":true,\"valueName\":\"search_term_string\"}}],\"inLanguage\":\"es\"}]}<\/script>\n<!-- \/ Yoast SEO plugin. -->","yoast_head_json":{"title":"Loter\u00eda Pick 4 de Ohio (OH): Resultados y N\u00fameros Ganadores Hoy [Noche+D\u00eda]","description":"Conozca los resultados m\u00e1s recientes, n\u00fameros ganadores y premio mayor del Pick 4 de la Loter\u00eda de Ohio. Aprenda sobre las reglas, pagos, probabilidades y m\u00e1s.","robots":{"index":"index","follow":"follow","max-snippet":"max-snippet:-1","max-image-preview":"max-image-preview:large","max-video-preview":"max-video-preview:-1"},"canonical":"https:\/\/www.lotterycritic.com\/es\/resultados-loteria\/ohio\/pick-4\/","og_locale":"es_ES","og_type":"article","og_title":"Loter\u00eda Pick 4 de Ohio (OH): Resultados y N\u00fameros Ganadores Hoy [Noche+D\u00eda]","og_description":"Conozca los resultados m\u00e1s recientes, n\u00fameros ganadores y premio mayor del Pick 4 de la Loter\u00eda de Ohio. Aprenda sobre las reglas, pagos, probabilidades y m\u00e1s.","og_url":"https:\/\/www.lotterycritic.com\/es\/resultados-loteria\/ohio\/pick-4\/","og_site_name":"Lottery Critic","article_modified_time":"2023-08-24T11:26:30+00:00","twitter_card":"summary_large_image","twitter_misc":{"Tiempo de lectura":"3 minutos"},"schema":{"@context":"https:\/\/schema.org","@graph":[{"@type":"WebPage","@id":"https:\/\/www.lotterycritic.com\/es\/resultados-loteria\/ohio\/pick-4\/","url":"https:\/\/www.lotterycritic.com\/es\/resultados-loteria\/ohio\/pick-4\/","name":"Loter\u00eda Pick 4 de Ohio (OH): Resultados y N\u00fameros Ganadores Hoy [Noche+D\u00eda]","isPartOf":{"@id":"https:\/\/www.lotterycritic.com\/es\/#website"},"datePublished":"2023-08-16T01:20:34+00:00","dateModified":"2023-08-24T11:26:30+00:00","description":"Conozca los resultados m\u00e1s recientes, n\u00fameros ganadores y premio mayor del Pick 4 de la Loter\u00eda de Ohio. Aprenda sobre las reglas, pagos, probabilidades y m\u00e1s.","breadcrumb":{"@id":"https:\/\/www.lotterycritic.com\/es\/resultados-loteria\/ohio\/pick-4\/#breadcrumb"},"inLanguage":"es","potentialAction":[{"@type":"ReadAction","target":["https:\/\/www.lotterycritic.com\/es\/resultados-loteria\/ohio\/pick-4\/"]}]},{"@type":"BreadcrumbList","@id":"https:\/\/www.lotterycritic.com\/es\/resultados-loteria\/ohio\/pick-4\/#breadcrumb","itemListElement":[{"@type":"ListItem","position":1,"name":"Home","item":"https:\/\/www.lotterycritic.com\/es\/"},{"@type":"ListItem","position":2,"name":"Resultados de La Loter\u00eda Americana &#8211; Los \u00daltimos N\u00fameros Ganadores de La Loter\u00eda de Estados Unidos","item":"https:\/\/www.lotterycritic.com\/es\/resultados-loteria\/"},{"@type":"ListItem","position":3,"name":"Resultados de La Loter\u00eda de Ohio (OH) &#8211; Comprueba Los N\u00fameros Ganadores de Hoy En Ohio","item":"https:\/\/www.lotterycritic.com\/es\/resultados-loteria\/ohio\/"},{"@type":"ListItem","position":4,"name":"Resultados del Pick 4 de Ohio (OH) y N\u00fameros Ganadores de Hoy [Noche + D\u00eda]"}]},{"@type":"WebSite","@id":"https:\/\/www.lotterycritic.com\/es\/#website","url":"https:\/\/www.lotterycritic.com\/es\/","name":"Lottery Critic","description":"Your Guide to Lottery Results, Winning Numbers &amp; More\u2026","potentialAction":[{"@type":"SearchAction","target":{"@type":"EntryPoint","urlTemplate":"https:\/\/www.lotterycritic.com\/es\/?s={search_term_string}"},"query-input":{"@type":"PropertyValueSpecification","valueRequired":true,"valueName":"search_term_string"}}],"inLanguage":"es"}]}},"_links":{"self":[{"href":"https:\/\/www.lotterycritic.com\/es\/wp-json\/wp\/v2\/pages\/14196"}],"collection":[{"href":"https:\/\/www.lotterycritic.com\/es\/wp-json\/wp\/v2\/pages"}],"about":[{"href":"https:\/\/www.lotterycritic.com\/es\/wp-json\/wp\/v2\/types\/page"}],"author":[{"embeddable":true,"href":"https:\/\/www.lotterycritic.com\/es\/wp-json\/wp\/v2\/users\/2"}],"replies":[{"embeddable":true,"href":"https:\/\/www.lotterycritic.com\/es\/wp-json\/wp\/v2\/comments?post=14196"}],"version-history":[{"count":1,"href":"https:\/\/www.lotterycritic.com\/es\/wp-json\/wp\/v2\/pages\/14196\/revisions"}],"predecessor-version":[{"id":14197,"href":"https:\/\/www.lotterycritic.com\/es\/wp-json\/wp\/v2\/pages\/14196\/revisions\/14197"}],"up":[{"embeddable":true,"href":"https:\/\/www.lotterycritic.com\/es\/wp-json\/wp\/v2\/pages\/14186"}],"wp:attachment":[{"href":"https:\/\/www.lotterycritic.com\/es\/wp-json\/wp\/v2\/media?parent=14196"}],"curies":[{"name":"wp","href":"https:\/\/api.w.org\/{rel}","templated":true}]}}