{"id":14186,"date":"2023-08-15T02:24:59","date_gmt":"2023-08-15T02:24:59","guid":{"rendered":"https:\/\/www.lotterycritic.com\/resultados-loteria\/resultados-de-la-loteria-de-ohio-oh-comprueba-los-numeros-ganadores-de-hoy-en-ohio\/"},"modified":"2023-08-24T11:24:31","modified_gmt":"2023-08-24T11:24:31","slug":"ohio","status":"publish","type":"page","link":"https:\/\/www.lotterycritic.com\/es\/resultados-loteria\/ohio\/","title":{"rendered":"Resultados de La Loter\u00eda de Ohio (OH) &#8211; Comprueba Los N\u00fameros Ganadores de Hoy En Ohio"},"content":{"rendered":"<p><\/p>\n<p>\u00bfCree en los n\u00fameros de la suerte? Si es as\u00ed, y se encuentra en Ohio, esta es la oportunidad para aprender lo que debe conocer sobre la Loter\u00eda de Ohio y sacar provecho de sus instintos como jugador. A continuaci\u00f3n encuentra detalles relevantes sobre juegos, reglas, premios y mucho m\u00e1s.<\/p>\n<p>\n<\/p>\n<p><section><div class=\"section-anchor\" id=\"about-the-ohio-lottery\"><\/div><\/p>\n<p><\/p>\n<h2>Acerca de la Loter\u00eda de Ohio<\/h2>\n<p><img decoding=\"async\" class=\"alignleft wp-image-14188 size-full\" src=\"https:\/\/www.lotterycritic.com\/wp-content\/uploads\/2018\/12\/Ohio-Lottery-logo.png\" alt=\"Ohio Lottery logo\" width=\"119\" height=\"82\" \/><\/p>\n<p>Los or\u00edgenes de la Loter\u00eda de Ohio se remonta a 1971, cuando el senador Ron Mottl lanz\u00f3 la loter\u00eda del estado. La Comisi\u00f3n de la Loter\u00eda de Ohio se cre\u00f3 dos a\u00f1os despu\u00e9s, y el primer juego de loter\u00eda, el Buckeye 300, comenz\u00f3 a operar en 1974. Desde entonces, la Loter\u00eda de Ohio ha donado m\u00e1s de $26 mil millones a programas de educaci\u00f3n del estado.<\/p>\n<h3>Reglas de la Loter\u00eda de Ohio<\/h3>\n<p>Si est\u00e1 pensando en comprar billetes de loter\u00eda en Ohio, debe tener en cuenta las siguientes reglas, sin importar el juego que elija jugar. Esta es la regulaci\u00f3n que aplica a la Loter\u00eda de Ohio:<\/p>\n<ul>\n<li>No se permite la participaci\u00f3n en juegos de loter\u00eda en Ohio, a ninguna persona menor a 18 a\u00f1os.<\/li>\n<li>No es necesario ser residente en Ohio para jugar a la loter\u00eda.<\/li>\n<li>Todas las actividades en la p\u00e1gina web de la Loter\u00eda de Ohio, est\u00e1n sujetas a las leyes federales, estatales y locales.<\/li>\n<\/ul>\n<h2>Billetes de la Loter\u00eda de Ohio<\/h2>\n<p>Los jugadores de la Loter\u00eda de Ohio tienen a disposici\u00f3n m\u00e1s de 9,800 puntos de venta en todo el estado. Puede encontrar el m\u00e1s cercano por medio de la herramienta de b\u00fasqueda en el sitio web de la Loter\u00eda de Ohio, al compartir su condado, ciudad, c\u00f3digo postal, nombre del negocio o tipo de juego.<\/p>\n<h3>\u00bfPuedo comprar billetes de la Loter\u00eda de OH en l\u00ednea?<\/h3>\n<p>No es posible comprar billetes de la Loter\u00eda de OH por internet. Sin embargo, existe una aplicaci\u00f3n de la loter\u00eda que le ayuda a ubicar el punto de venta m\u00e1s cercano en el estado, mantenerse actualizado con los \u00faltimos n\u00fameros ganadores, aprender sobre los juegos, recolectar puntos a trav\u00e9s de MyLotto Rewards, y m\u00e1s.<\/p>\n<p>\n<\/section><\/p>\n<p><section><div class=\"section-anchor\" id=\"games-and-schedules\"><\/div><\/p>\n<p><\/p>\n<h2>Calendario de sorteos y juegos de la Loter\u00eda de Ohio<\/h2>\n<h3>Powerball<\/h3>\n<p>El Powerball es un juego presente en varios estados de EE. UU., incluido Ohio. El premio mayor es una cantidad considerable, que puede ganar si acierta en cinco balotas blancas y una Powerball. Adem\u00e1s del premio mayor, hay otros premios para las nueve formas diferentes de ganar. As\u00ed mismo, si activa la opci\u00f3n Power Play, puede aumentar, hasta por 10 veces, sus potenciales ganancias para premios por fuera del premio mayor. Se sortea cada lunes, mi\u00e9rcoles y s\u00e1bado a las 10:58 pm.<\/p>\n<h3>Mega Millions<\/h3>\n<p>El Mega Millions es otro de los juegos populares por contar con un gran premio mayor. El juego es similar al Powerball; tendr\u00e1 que coincidir en cinco balotas blancas y un n\u00famero Mega Ball. Para aumentar su premio (sin contar el premio mayor) hasta en 5 veces, puede hacer uso de la opci\u00f3n Megaplier. Espere el sorteo cada martes y viernes a las 10:00 pm.<\/p>\n<h3><a href=\"https:\/\/www.lotterycritic.com\/lottery-results\/ohio\/lucky-for-life\/\">Lucky for Life<\/a><\/h3>\n<p>La Loter\u00eda de OH le brinda la oportunidad de ganar un premio que le quitar\u00e1 todas sus preocupaciones, con su juego Lucky for Life. Si acierta en cinco balotas blancas y un n\u00famero Lucky Ball, gana $1,000 por d\u00eda por el resto de su vida, o tambi\u00e9n quedarse con el segundo premio para recibir $25,000 al a\u00f1o por el resto de su vida. Los sorteos del Lucky for Life los puede seguir todos los d\u00edas a las 10:35 pm.<\/p>\n<h3><a href=\"https:\/\/www.lotterycritic.com\/lottery-results\/ohio\/classic-lotto\/\">Classic Lotto<\/a><\/h3>\n<p>Debe escoger seis n\u00fameros de los 49 disponibles para participar en el Classic Lotto. A diferencia del Lucky for Life, existen cuatro formas de ganar, y el premio mayor comienza en $1 mill\u00f3n. Active la opci\u00f3n Kicker para ganar hasta $100,000 extra. Siga el sorteo cada lunes, mi\u00e9rcoles y s\u00e1bado alrededor de las 7:05 pm.<\/p>\n<h3><a href=\"https:\/\/www.lotterycritic.com\/lottery-results\/ohio\/rolling-cash-5\/\">Rolling Cash 5<\/a><\/h3>\n<p>Otro de los juegos diarios disponibles en Ohio es el Rolling Cash 5, que requiere seleccionar cinco n\u00fameros del 1 al 39. A diferencia del Lucky for Life, el premio acumulado empieza en los $100,000 y crece hasta que un afortunado ganador acierta en los cinco n\u00fameros. Los sorteos suceden cada d\u00eda alrededor de las 7:05 pm.<\/p>\n<h3><a href=\"https:\/\/www.lotterycritic.com\/es\/resultados-loteria\/florida\/pick-5\/\">Pick 5<\/a><\/h3>\n<p>Tambi\u00e9n puede participar en el Pick 5 con sus cinco n\u00fameros de la suerte, siendo las reglas bastante similares a las de Rolling Cash 5. A diferencia del Lucky for Life, las probabilidades de ganar cualquier premio son 1 en 9, sorte\u00e1ndose dos veces al d\u00eda, todos los d\u00edas.<\/p>\n<h3><a href=\"https:\/\/www.lotterycritic.com\/es\/resultados-loteria\/ohio\/pick-4\/\">Pick 4<\/a><\/h3>\n<p>Elija cuatro n\u00fameros, haga una apuesta straight, box o backup, y podr\u00e1 ganar premios dependiendo del tipo de apuesta y el precio de su billete. Los sorteos suceden dos veces al d\u00eda, a las 12:29 pm y 7:29 pm.<\/p>\n<h3>Pick 3<\/h3>\n<p>Si le gusta jugar con tres n\u00fameros, tambi\u00e9n puede ganar un premio con el <a href=\"https:\/\/www.lotterycritic.com\/es\/resultados-loteria\/ohio\/pick-3\/\">Pick 3<\/a> de la Loter\u00eda de OH. Los tipos de apuesta incluyen straight, box, back-up, pares y wheel. Puede participar de los sorteos dos veces al d\u00eda.<\/p>\n<table>\n<tbody>\n<tr>\n<td><b>Juego<\/b><\/td>\n<td><b>D\u00eda<\/b><\/td>\n<td><b>Horario<\/b><\/td>\n<\/tr>\n<tr>\n<td><span style=\"font-weight: 400;\">Powerball<\/span><\/td>\n<td><span style=\"font-weight: 400;\">Lunes, mi\u00e9rcoles y s\u00e1bado<\/span><\/td>\n<td><span style=\"font-weight: 400;\">10:59 pm<\/span><\/td>\n<\/tr>\n<tr>\n<td><span style=\"font-weight: 400;\">Mega Millions<\/span><\/td>\n<td><span style=\"font-weight: 400;\">Martes y viernes<\/span><\/td>\n<td><span style=\"font-weight: 400;\">11:00 pm<\/span><\/td>\n<\/tr>\n<tr>\n<td><span style=\"font-weight: 400;\">Lucky For Life<\/span><\/td>\n<td><span style=\"font-weight: 400;\">Todos los d\u00edas<\/span><\/td>\n<td><span style=\"font-weight: 400;\">10:35 pm<\/span><\/td>\n<\/tr>\n<tr>\n<td><span style=\"font-weight: 400;\">Classic Lotto<\/span><\/td>\n<td><span style=\"font-weight: 400;\">Lunes, mi\u00e9rcoles y s\u00e1bado<\/span><\/td>\n<td><span style=\"font-weight: 400;\">7:05 pm<\/span><\/td>\n<\/tr>\n<tr>\n<td><span style=\"font-weight: 400;\">Rolling Cash 5<\/span><\/td>\n<td><span style=\"font-weight: 400;\">Todos los d\u00edas<\/span><\/td>\n<td><span style=\"font-weight: 400;\">7:05 pm<\/span><\/td>\n<\/tr>\n<tr>\n<td><span style=\"font-weight: 400;\">Pick 5<\/span><\/td>\n<td><span style=\"font-weight: 400;\">Todos los d\u00edas<\/span><\/td>\n<td><span style=\"font-weight: 400;\">D\u00eda a las 12:29 pm.<\/span><\/p>\n<p><span style=\"font-weight: 400;\">Noche a las\u00a0 7:29 pm<\/span><\/p>\n<p><span style=\"font-weight: 400;\">(a excepci\u00f3n de la noche del s\u00e1bado)<\/span><\/td>\n<\/tr>\n<tr>\n<td><span style=\"font-weight: 400;\">Pick 4<\/span><\/td>\n<td><span style=\"font-weight: 400;\">Todos los d\u00edas<\/span><\/td>\n<td><span style=\"font-weight: 400;\">D\u00eda a las 12:29 pm.<\/span><\/p>\n<p><span style=\"font-weight: 400;\">Noche a las\u00a0 7:29 pm<\/span><\/p>\n<p><span style=\"font-weight: 400;\">(a excepci\u00f3n de la noche del s\u00e1bado)<\/span><\/td>\n<\/tr>\n<tr>\n<td><span style=\"font-weight: 400;\">Pick 3<\/span><\/td>\n<td><span style=\"font-weight: 400;\">Todos los d\u00edas<\/span><\/td>\n<td><span style=\"font-weight: 400;\">D\u00eda a las 12:29 pm.<\/span><\/p>\n<p><span style=\"font-weight: 400;\">Noche a las\u00a0 7:29 pm<\/span><\/p>\n<p><span style=\"font-weight: 400;\">(a excepci\u00f3n de la noche del s\u00e1bado)<\/span><\/td>\n<\/tr>\n<\/tbody>\n<\/table>\n<p>\n<\/section><\/p>\n<p><section><div class=\"section-anchor\" id=\"how-to-claim\"><\/div><\/p>\n<p><\/p>\n<h2>C\u00f3mo reclamar un premio de la loter\u00eda en Ohio<\/h2>\n<p>Los ganadores de la Loter\u00eda de Ohio tienen 180 d\u00edas para reclamar su premio en centros de reclamo de la Loter\u00eda. Para billetes hasta de $599, se puede retirar el dinero en cualquier punto de venta de la Loter\u00eda de Ohio.<\/p>\n<p>Si el premio est\u00e1 entre $50 y $5,000, se puede reclamar en l\u00ednea a trav\u00e9s de la aplicaci\u00f3n de la Loter\u00eda de Ohio, en cualquier Ohio Racino o en tiendas Super Retailer. Para hacerlo, debe entregar un formulario de reclamo disponible para su descarga en el sitio web de la loter\u00eda.<\/p>\n<p>Para premios por encima de los $5,000, es posible hacer uno del Formulario de Reclamo en l\u00ednea o enviar por correo postal lo siguiente:<\/p>\n<p>The <a class=\"wpil_keyword_link\" title=\"Ohio Lottery\" href=\"https:\/\/www.lotterycritic.com\/lottery-results\/ohio\/\" data-wpil-keyword-link=\"linked\">Ohio Lottery<\/a> Commission<br \/>\nThe Lausche Building \u2013 Room 452<br \/>\n615 West Superior Avenue<br \/>\nCleveland, OH 44113<\/p>\n<p>Tambi\u00e9n puede llamar a la <a href=\"https:\/\/www.lotterycritic.com\/reviews\/the-lottery-office-review\/\">oficina de la loter\u00eda<\/a> local y conocer si alguna de estas opciones le conviene. Sin importar el m\u00e9todo de retiro, tendr\u00e1 que proveer de una identificaci\u00f3n con foto que contenga su direcci\u00f3n actual, como una licencia de conducir.<\/p>\n<p>\n<\/section><\/p>\n<p><section><div class=\"section-anchor\" id=\"notable-winners\"><\/div><\/p>\n<p><\/p>\n<h2>Ganadores destacados de las loter\u00edas de Ohio<\/h2>\n<p>La Loter\u00eda de Ohio hizo a Omar Watts el primer ganador millonario de la loter\u00eda en el estado, siendo el comienzo de una cadena de victorias para personas que han participado de los diferentes juegos en el Buskeye State. Estos son algunos de los ganadores m\u00e1s destacados:<\/p>\n<ul>\n<li>En 2010, cay\u00f3 el premio m\u00e1s grande del Powerball en Ohio, entregando $134.9 millones de los $261 millones del premio mayor.<\/li>\n<li>Mary Ann Thompson gan\u00f3 el premio mayor del 2014 y se qued\u00f3 con $73.1 millones de un premio por valor de $124.9 millones.<\/li>\n<li>En 2019, el Fideicomiso Great Hope se llev\u00f3 $375 millones, tomando la decisi\u00f3n de quedarse con la suma total de $253.5 millones.<\/li>\n<\/ul>\n<p>\n<\/section><\/p>\n<p><section><div class=\"section-anchor\" id=\"scratch-offs\"><\/div><\/p>\n<p><\/p>\n<h2>Raspa-y-gana de la Loter\u00eda de Ohio<\/h2>\n<p>Si le interesa un juego r\u00e1pido, un raspable de la Loter\u00eda de Ohio puede ser una buena opci\u00f3n. Hay una gran variedad de billetes diferentes que van desde $1 hasta $30, cada uno con un premio distinto. No tendr\u00e1 que esperar ning\u00fan sorteo, solo raspe el billete. Algunos juegos pueden entregarle hasta $10 millones, si tiene suerte. Encuentra las opciones disponibles en el sitio web de la Loter\u00eda de Ohio.<\/p>\n<p>\n<\/section><\/p>\n<p><section><div class=\"section-anchor\" id=\"second-chance\"><\/div><\/p>\n<p><\/p>\n<h2>Segundas oportunidades con la Loter\u00eda de Ohio \u2013 \u00bfQu\u00e9 es Second Chance?<\/h2>\n<p>La Second Chance de la Loter\u00eda de Ohio es un programa especial que permite a los jugadores aprovechar sus billetes que no han ganado para, quiz\u00e1s, ganar un premio en un segundo intento. Los billetes pueden ser raspables o de sorteos.<\/p>\n<h3>\u00bfC\u00f3mo funcionan los sorteos Second Chance para la Loter\u00eda de OH?<\/h3>\n<p>Para participar en el programa Second Chance, tendr\u00e1 que iniciar sesi\u00f3n en su cuenta de MyLotto Rewards. En caso de no tener una cuenta, tendr\u00e1 que registrar una. Luego, podr\u00e1 introducir sus billetes que no ganaron en el juego principal, para obtener la oportunidad de participar en un nuevo sorteo gratuito.<\/p>\n<p>\n<\/section><\/p>\n<p><section><div class=\"section-anchor\" id=\"contact-information\"><\/div><\/p>\n<p><\/p>\n<h2>I<b>nformaci\u00f3n sobre la Loter\u00eda de Ohio<\/b><\/h2>\n<h3>Oficina de la Loter\u00eda de Ohio<\/h3>\n<p>La Comisi\u00f3n de la Loter\u00eda de Ohio se ubica en 615 W. Superior Ave in Cleveland, Ohio 44113. Adem\u00e1s, la loter\u00eda cuenta con nueve oficinas sucursales por todo el estado.<\/p>\n<h3>Soporte al cliente de la Loter\u00eda de Ohio<\/h3>\n<p>Si necesita ayuda con la Loter\u00eda de Ohio, estas son algunas de las formas que tiene para contactarla desde las 8 am a 11 pm todos los d\u00edas:<\/p>\n<ul>\n<li>Chat en vivo<\/li>\n<li>Tel\u00e9fono: (855) 319-7189<\/li>\n<li>Email: formulario de contacto en el sitio web de la loter\u00eda<\/li>\n<\/ul>\n<h3>Redes sociales de la Loter\u00eda de Ohio<\/h3>\n<p>La Loter\u00eda de Ohio tambi\u00e9n est\u00e1 en las redes sociales. Puede seguir sus cuentas en plataformas como:<\/p>\n<ul>\n<li><a href=\"https:\/\/www.instagram.com\/ohlottery\/\">Instagram<\/a>;<\/li>\n<li><a href=\"https:\/\/www.facebook.com\/Ohio-lottery-142947245734281\/\">Facebook<\/a>;<\/li>\n<li><a href=\"https:\/\/www.youtube.com\/user\/ohlottery\/search\">YouTube<\/a>;<\/li>\n<li><a href=\"https:\/\/twitter.com\/OHLottery?ref_src=twsrc%5Egoogle%7Ctwcamp%5Eserp%7Ctwgr%5Eauthor\">Twitter<\/a>.<\/li>\n<\/ul>\n<p>\n<\/section><\/p>\n<p><section><div class=\"section-anchor\" id=\"mobile-app-and-technology\"><\/div><\/p>\n<p><\/p>\n<h2>Aplicaciones y Tecnolog\u00eda de la Loter\u00eda de Ohio<\/h2>\n<p><img decoding=\"async\" class=\"aligncenter wp-image-14190 size-full\" src=\"https:\/\/www.lotterycritic.com\/wp-content\/uploads\/2018\/12\/Ohio-Lottery-app.jpeg\" alt=\"Ohio Lottery app\" width=\"862\" height=\"316\" srcset=\"https:\/\/www.lotterycritic.com\/wp-content\/uploads\/2018\/12\/Ohio-Lottery-app.jpeg 862w, https:\/\/www.lotterycritic.com\/wp-content\/uploads\/2018\/12\/Ohio-Lottery-app-300x110.jpeg 300w, https:\/\/www.lotterycritic.com\/wp-content\/uploads\/2018\/12\/Ohio-Lottery-app-768x282.jpeg 768w\" sizes=\"(max-width: 862px) 100vw, 862px\" \/><\/p>\n<p>La Loter\u00eda de Ohio cuenta con una aplicaci\u00f3n disponible en la App Store y en la Play Store. Si bien no permite la compra de billetes en l\u00ednea, la aplicaci\u00f3n le brindar\u00e1 asistencia con el fin de mantenerse informado sobre los resultados, encontrar el punto de venta m\u00e1s cercano, reclamar premios hasta cierto valor, y m\u00e1s.<\/p>\n<p>\n<\/section><\/p>\n<p><section><div class=\"section-anchor\" id=\"tax-information\"><\/div><\/p>\n<h2>Informaci\u00f3n sobre impuestos en Ohio<\/h2>\n<p>Los jugadores que hayan ganado un premio por encima de $5,000 a trav\u00e9s de la Loter\u00eda de Ohio, tendr\u00e1n que pagar impuestos sobre la cantidad ganada. El estado retiene el 24 % por impuestos federales, y el 4 % de las ganancias por concepto de impuestos estatales.<\/p>\n<p>\n<\/section><\/p>\n<p><section><div class=\"section-anchor\" id=\"faqs\"><\/div><\/p>\n<h2>Preguntas Frecuentes de la Loter\u00eda de Ohio<\/h2>\n<h3>\u00bfPuedo comprar billetes de la Loter\u00eda de Ohio en l\u00ednea?<\/h3>\n<p>No, la Loter\u00eda de Ohio no permite la compra de billetes por internet. Sin embargo, la Loter\u00eda de Ohio dispone de una aplicaci\u00f3n que puede usar para retirar premios, revisar resultados, y aprender m\u00e1s sobre los diferentes juegos ofrecidos en el estado.<\/p>\n<h3>\u00bfTodas las loter\u00edas mostradas en Lottery Critic son leg\u00edtimas?<\/h3>\n<p>S\u00ed, lo son. Cuando escribimos nuestros an\u00e1lisis, buscamos informaci\u00f3n directamente en el sitio web de la respectiva loter\u00eda, por lo que todo lo que ve en esta p\u00e1gina es preciso y actualizado.<\/p>\n<h3>\u00bfCu\u00e1nto tiempo tengo para retirar mi premio de la Loter\u00eda de Ohio?<\/h3>\n<p>Los ganadores de la Loter\u00eda de Ohio tienen 180 d\u00edas para reclamar su dinero.<\/p>\n<ul>\n<li><a href=\"https:\/\/www.lotterycritic.com\/lottery-results\/vermont\/\">Resultados de la Loter\u00eda de Vermont<\/a><\/li>\n<\/ul>\n<p>\n<\/section><\/p>\n","protected":false},"excerpt":{"rendered":"","protected":false},"author":2,"featured_media":0,"parent":13250,"menu_order":7,"comment_status":"closed","ping_status":"closed","template":"lottery-results-location-child-template.php","meta":{"footnotes":""},"class_list":["post-14186","page","type-page","status-publish","hentry"],"acf":[],"yoast_head":"<!-- This site is optimized with the Yoast SEO plugin v23.4 - https:\/\/yoast.com\/wordpress\/plugins\/seo\/ -->\n<title>Resultados Loter\u00eda de Ohio (OH) - N\u00fameros Ganadores Hoy [mayo 2026 ]<\/title>\n<meta name=\"description\" content=\"Conozca la informaci\u00f3n m\u00e1s reciente sobre la Loter\u00eda de Ohio. Guarde en sus favoritos a Lottery Critic para mantenerse actualizado sobre resultados de loter\u00edas, probabilidades, premio mayor y m\u00e1s.\" \/>\n<meta name=\"robots\" content=\"index, follow, max-snippet:-1, max-image-preview:large, max-video-preview:-1\" \/>\n<link rel=\"canonical\" href=\"https:\/\/www.lotterycritic.com\/es\/resultados-loteria\/ohio\/\" \/>\n<meta property=\"og:locale\" content=\"es_ES\" \/>\n<meta property=\"og:type\" content=\"article\" \/>\n<meta property=\"og:title\" content=\"Resultados Loter\u00eda de Ohio (OH) - N\u00fameros Ganadores Hoy [mayo 2026 ]\" \/>\n<meta property=\"og:description\" content=\"Conozca la informaci\u00f3n m\u00e1s reciente sobre la Loter\u00eda de Ohio. Guarde en sus favoritos a Lottery Critic para mantenerse actualizado sobre resultados de loter\u00edas, probabilidades, premio mayor y m\u00e1s.\" \/>\n<meta property=\"og:url\" content=\"https:\/\/www.lotterycritic.com\/es\/resultados-loteria\/ohio\/\" \/>\n<meta property=\"og:site_name\" content=\"Lottery Critic\" \/>\n<meta property=\"article:modified_time\" content=\"2023-08-24T11:24:31+00:00\" \/>\n<meta property=\"og:image\" content=\"https:\/\/www.lotterycritic.com\/wp-content\/uploads\/2018\/12\/Ohio-Lottery-logo.png\" \/>\n<meta name=\"twitter:card\" content=\"summary_large_image\" \/>\n<meta name=\"twitter:label1\" content=\"Tiempo de lectura\" \/>\n\t<meta name=\"twitter:data1\" content=\"9 minutos\" \/>\n<script type=\"application\/ld+json\" class=\"yoast-schema-graph\">{\"@context\":\"https:\/\/schema.org\",\"@graph\":[{\"@type\":\"WebPage\",\"@id\":\"https:\/\/www.lotterycritic.com\/es\/resultados-loteria\/ohio\/\",\"url\":\"https:\/\/www.lotterycritic.com\/es\/resultados-loteria\/ohio\/\",\"name\":\"Resultados Loter\u00eda de Ohio (OH) - N\u00fameros Ganadores Hoy [mayo 2026 ]\",\"isPartOf\":{\"@id\":\"https:\/\/www.lotterycritic.com\/es\/#website\"},\"primaryImageOfPage\":{\"@id\":\"https:\/\/www.lotterycritic.com\/es\/resultados-loteria\/ohio\/#primaryimage\"},\"image\":{\"@id\":\"https:\/\/www.lotterycritic.com\/es\/resultados-loteria\/ohio\/#primaryimage\"},\"thumbnailUrl\":\"https:\/\/www.lotterycritic.com\/wp-content\/uploads\/2018\/12\/Ohio-Lottery-logo.png\",\"datePublished\":\"2023-08-15T02:24:59+00:00\",\"dateModified\":\"2023-08-24T11:24:31+00:00\",\"description\":\"Conozca la informaci\u00f3n m\u00e1s reciente sobre la Loter\u00eda de Ohio. Guarde en sus favoritos a Lottery Critic para mantenerse actualizado sobre resultados de loter\u00edas, probabilidades, premio mayor y m\u00e1s.\",\"breadcrumb\":{\"@id\":\"https:\/\/www.lotterycritic.com\/es\/resultados-loteria\/ohio\/#breadcrumb\"},\"inLanguage\":\"es\",\"potentialAction\":[{\"@type\":\"ReadAction\",\"target\":[\"https:\/\/www.lotterycritic.com\/es\/resultados-loteria\/ohio\/\"]}]},{\"@type\":\"ImageObject\",\"inLanguage\":\"es\",\"@id\":\"https:\/\/www.lotterycritic.com\/es\/resultados-loteria\/ohio\/#primaryimage\",\"url\":\"https:\/\/www.lotterycritic.com\/wp-content\/uploads\/2018\/12\/Ohio-Lottery-logo.png\",\"contentUrl\":\"https:\/\/www.lotterycritic.com\/wp-content\/uploads\/2018\/12\/Ohio-Lottery-logo.png\"},{\"@type\":\"BreadcrumbList\",\"@id\":\"https:\/\/www.lotterycritic.com\/es\/resultados-loteria\/ohio\/#breadcrumb\",\"itemListElement\":[{\"@type\":\"ListItem\",\"position\":1,\"name\":\"Home\",\"item\":\"https:\/\/www.lotterycritic.com\/es\/\"},{\"@type\":\"ListItem\",\"position\":2,\"name\":\"Resultados de La Loter\u00eda Americana &#8211; Los \u00daltimos N\u00fameros Ganadores de La Loter\u00eda de Estados Unidos\",\"item\":\"https:\/\/www.lotterycritic.com\/es\/resultados-loteria\/\"},{\"@type\":\"ListItem\",\"position\":3,\"name\":\"Resultados de La Loter\u00eda de Ohio (OH) &#8211; Comprueba Los N\u00fameros Ganadores de Hoy En Ohio\"}]},{\"@type\":\"WebSite\",\"@id\":\"https:\/\/www.lotterycritic.com\/es\/#website\",\"url\":\"https:\/\/www.lotterycritic.com\/es\/\",\"name\":\"Lottery Critic\",\"description\":\"Your Guide to Lottery Results, Winning Numbers &amp; More\u2026\",\"potentialAction\":[{\"@type\":\"SearchAction\",\"target\":{\"@type\":\"EntryPoint\",\"urlTemplate\":\"https:\/\/www.lotterycritic.com\/es\/?s={search_term_string}\"},\"query-input\":{\"@type\":\"PropertyValueSpecification\",\"valueRequired\":true,\"valueName\":\"search_term_string\"}}],\"inLanguage\":\"es\"}]}<\/script>\n<!-- \/ Yoast SEO plugin. -->","yoast_head_json":{"title":"Resultados Loter\u00eda de Ohio (OH) - N\u00fameros Ganadores Hoy [mayo 2026 ]","description":"Conozca la informaci\u00f3n m\u00e1s reciente sobre la Loter\u00eda de Ohio. Guarde en sus favoritos a Lottery Critic para mantenerse actualizado sobre resultados de loter\u00edas, probabilidades, premio mayor y m\u00e1s.","robots":{"index":"index","follow":"follow","max-snippet":"max-snippet:-1","max-image-preview":"max-image-preview:large","max-video-preview":"max-video-preview:-1"},"canonical":"https:\/\/www.lotterycritic.com\/es\/resultados-loteria\/ohio\/","og_locale":"es_ES","og_type":"article","og_title":"Resultados Loter\u00eda de Ohio (OH) - N\u00fameros Ganadores Hoy [mayo 2026 ]","og_description":"Conozca la informaci\u00f3n m\u00e1s reciente sobre la Loter\u00eda de Ohio. Guarde en sus favoritos a Lottery Critic para mantenerse actualizado sobre resultados de loter\u00edas, probabilidades, premio mayor y m\u00e1s.","og_url":"https:\/\/www.lotterycritic.com\/es\/resultados-loteria\/ohio\/","og_site_name":"Lottery Critic","article_modified_time":"2023-08-24T11:24:31+00:00","og_image":[{"url":"https:\/\/www.lotterycritic.com\/wp-content\/uploads\/2018\/12\/Ohio-Lottery-logo.png"}],"twitter_card":"summary_large_image","twitter_misc":{"Tiempo de lectura":"9 minutos"},"schema":{"@context":"https:\/\/schema.org","@graph":[{"@type":"WebPage","@id":"https:\/\/www.lotterycritic.com\/es\/resultados-loteria\/ohio\/","url":"https:\/\/www.lotterycritic.com\/es\/resultados-loteria\/ohio\/","name":"Resultados Loter\u00eda de Ohio (OH) - N\u00fameros Ganadores Hoy [mayo 2026 ]","isPartOf":{"@id":"https:\/\/www.lotterycritic.com\/es\/#website"},"primaryImageOfPage":{"@id":"https:\/\/www.lotterycritic.com\/es\/resultados-loteria\/ohio\/#primaryimage"},"image":{"@id":"https:\/\/www.lotterycritic.com\/es\/resultados-loteria\/ohio\/#primaryimage"},"thumbnailUrl":"https:\/\/www.lotterycritic.com\/wp-content\/uploads\/2018\/12\/Ohio-Lottery-logo.png","datePublished":"2023-08-15T02:24:59+00:00","dateModified":"2023-08-24T11:24:31+00:00","description":"Conozca la informaci\u00f3n m\u00e1s reciente sobre la Loter\u00eda de Ohio. Guarde en sus favoritos a Lottery Critic para mantenerse actualizado sobre resultados de loter\u00edas, probabilidades, premio mayor y m\u00e1s.","breadcrumb":{"@id":"https:\/\/www.lotterycritic.com\/es\/resultados-loteria\/ohio\/#breadcrumb"},"inLanguage":"es","potentialAction":[{"@type":"ReadAction","target":["https:\/\/www.lotterycritic.com\/es\/resultados-loteria\/ohio\/"]}]},{"@type":"ImageObject","inLanguage":"es","@id":"https:\/\/www.lotterycritic.com\/es\/resultados-loteria\/ohio\/#primaryimage","url":"https:\/\/www.lotterycritic.com\/wp-content\/uploads\/2018\/12\/Ohio-Lottery-logo.png","contentUrl":"https:\/\/www.lotterycritic.com\/wp-content\/uploads\/2018\/12\/Ohio-Lottery-logo.png"},{"@type":"BreadcrumbList","@id":"https:\/\/www.lotterycritic.com\/es\/resultados-loteria\/ohio\/#breadcrumb","itemListElement":[{"@type":"ListItem","position":1,"name":"Home","item":"https:\/\/www.lotterycritic.com\/es\/"},{"@type":"ListItem","position":2,"name":"Resultados de La Loter\u00eda Americana &#8211; Los \u00daltimos N\u00fameros Ganadores de La Loter\u00eda de Estados Unidos","item":"https:\/\/www.lotterycritic.com\/es\/resultados-loteria\/"},{"@type":"ListItem","position":3,"name":"Resultados de La Loter\u00eda de Ohio (OH) &#8211; Comprueba Los N\u00fameros Ganadores de Hoy En Ohio"}]},{"@type":"WebSite","@id":"https:\/\/www.lotterycritic.com\/es\/#website","url":"https:\/\/www.lotterycritic.com\/es\/","name":"Lottery Critic","description":"Your Guide to Lottery Results, Winning Numbers &amp; More\u2026","potentialAction":[{"@type":"SearchAction","target":{"@type":"EntryPoint","urlTemplate":"https:\/\/www.lotterycritic.com\/es\/?s={search_term_string}"},"query-input":{"@type":"PropertyValueSpecification","valueRequired":true,"valueName":"search_term_string"}}],"inLanguage":"es"}]}},"_links":{"self":[{"href":"https:\/\/www.lotterycritic.com\/es\/wp-json\/wp\/v2\/pages\/14186"}],"collection":[{"href":"https:\/\/www.lotterycritic.com\/es\/wp-json\/wp\/v2\/pages"}],"about":[{"href":"https:\/\/www.lotterycritic.com\/es\/wp-json\/wp\/v2\/types\/page"}],"author":[{"embeddable":true,"href":"https:\/\/www.lotterycritic.com\/es\/wp-json\/wp\/v2\/users\/2"}],"replies":[{"embeddable":true,"href":"https:\/\/www.lotterycritic.com\/es\/wp-json\/wp\/v2\/comments?post=14186"}],"version-history":[{"count":4,"href":"https:\/\/www.lotterycritic.com\/es\/wp-json\/wp\/v2\/pages\/14186\/revisions"}],"predecessor-version":[{"id":14288,"href":"https:\/\/www.lotterycritic.com\/es\/wp-json\/wp\/v2\/pages\/14186\/revisions\/14288"}],"up":[{"embeddable":true,"href":"https:\/\/www.lotterycritic.com\/es\/wp-json\/wp\/v2\/pages\/13250"}],"wp:attachment":[{"href":"https:\/\/www.lotterycritic.com\/es\/wp-json\/wp\/v2\/media?parent=14186"}],"curies":[{"name":"wp","href":"https:\/\/api.w.org\/{rel}","templated":true}]}}