{"id":14184,"date":"2023-08-13T23:32:50","date_gmt":"2023-08-13T23:32:50","guid":{"rendered":"https:\/\/www.lotterycritic.com\/resultados-loteria\/carolina-del-norte\/resultados-del-powerball-de-north-carolina-nc-y-numeros-ganadores-de-hoy-y-ayer\/"},"modified":"2023-08-24T11:22:45","modified_gmt":"2023-08-24T11:22:45","slug":"powerball","status":"publish","type":"page","link":"https:\/\/www.lotterycritic.com\/es\/resultados-loteria\/carolina-del-norte\/powerball\/","title":{"rendered":"Resultados del Powerball de North Carolina (NC) y N\u00fameros Ganadores de Hoy y Ayer"},"content":{"rendered":"<p><section><div class=\"section-anchor\" id=\"payouts--amp--prize-amounts\"><\/div><\/p>\n<h2>Pagos y Premios del Powerball de Carolina del Norte<\/h2>\n<table>\n<tbody>\n<tr>\n<td rowspan=\"2\" width=\"89\">&nbsp;<\/p>\n<p><strong>Aciertos<\/strong><\/td>\n<td rowspan=\"2\" width=\"89\">&nbsp;<\/p>\n<p style=\"text-align: center;\"><strong>Premio<\/strong><\/p>\n<\/td>\n<td colspan=\"5\" width=\"445\">\n<p style=\"text-align: center;\"><strong>Premio con Powerball Multiplier<\/strong><\/p>\n<\/td>\n<\/tr>\n<tr>\n<td width=\"89\">2x<\/td>\n<td width=\"89\">3x<\/td>\n<td width=\"89\">4x<\/td>\n<td width=\"89\">5x<\/td>\n<td width=\"89\">10x<\/td>\n<\/tr>\n<tr>\n<td width=\"89\">5 + 1<\/td>\n<td style=\"text-align: center;\" width=\"89\">Premio mayor<\/td>\n<td style=\"text-align: center;\" colspan=\"5\" width=\"445\">Sin multiplicador<\/td>\n<\/tr>\n<tr>\n<td width=\"89\">5 + 0<\/td>\n<td width=\"89\">$1,000,000<\/td>\n<td width=\"89\">$2,000,000<\/td>\n<td width=\"89\">$2,000,000<\/td>\n<td width=\"89\">$2,000,000<\/td>\n<td width=\"89\">$2,000,000<\/td>\n<td width=\"89\">$2,000,000<\/td>\n<\/tr>\n<tr>\n<td width=\"89\">4 + 1<\/td>\n<td width=\"89\">$50,000<\/td>\n<td width=\"89\">$100,000<\/td>\n<td width=\"89\">$150,000<\/td>\n<td width=\"89\">$200,000<\/td>\n<td width=\"89\">$250,000<\/td>\n<td width=\"89\">$500,000<\/td>\n<\/tr>\n<tr>\n<td width=\"89\">4<\/td>\n<td width=\"89\">$100<\/td>\n<td width=\"89\">$200<\/td>\n<td width=\"89\">$300<\/td>\n<td width=\"89\">$400<\/td>\n<td width=\"89\">$500<\/td>\n<td width=\"89\">$1,000<\/td>\n<\/tr>\n<tr>\n<td width=\"89\">3 + 1<\/td>\n<td width=\"89\">$100<\/td>\n<td width=\"89\">$200<\/td>\n<td width=\"89\">$300<\/td>\n<td width=\"89\">$400<\/td>\n<td width=\"89\">$500<\/td>\n<td width=\"89\">$1,000<\/td>\n<\/tr>\n<tr>\n<td width=\"89\">3<\/td>\n<td width=\"89\">$7<\/td>\n<td width=\"89\">$14<\/td>\n<td width=\"89\">$21<\/td>\n<td width=\"89\">$28<\/td>\n<td width=\"89\">$35<\/td>\n<td width=\"89\">$70<\/td>\n<\/tr>\n<tr>\n<td width=\"89\">2 + 1<\/td>\n<td width=\"89\">$7<\/td>\n<td width=\"89\">$14<\/td>\n<td width=\"89\">$21<\/td>\n<td width=\"89\">$28<\/td>\n<td width=\"89\">$35<\/td>\n<td width=\"89\">$70<\/td>\n<\/tr>\n<tr>\n<td width=\"89\">1 + 1<\/td>\n<td width=\"89\">$4<\/td>\n<td width=\"89\">$8<\/td>\n<td width=\"89\">$12<\/td>\n<td width=\"89\">$16<\/td>\n<td width=\"89\">$20<\/td>\n<td width=\"89\">$40<\/td>\n<\/tr>\n<tr>\n<td width=\"89\">0 + 1<\/td>\n<td width=\"89\">$4<\/td>\n<td width=\"89\">$8<\/td>\n<td width=\"89\">$12<\/td>\n<td width=\"89\">$16<\/td>\n<td width=\"89\">$20<\/td>\n<td width=\"89\">$40<\/td>\n<\/tr>\n<\/tbody>\n<\/table>\n<p>\n<\/section><\/p>\n<p><section><div class=\"section-anchor\" id=\"odds\"><\/div><\/p>\n<h2>Probabilidades del Powerball de Carolina del Norte<\/h2>\n<table>\n<tbody>\n<tr>\n<td style=\"text-align: center;\"><strong>N\u00fameros acertados<\/strong><\/td>\n<td style=\"text-align: center;\"><strong>Probabilidades de ganar<\/strong><\/td>\n<\/tr>\n<tr>\n<td style=\"text-align: center;\">5 +1<\/td>\n<td style=\"text-align: center;\" width=\"312\">1 en 292,201,338.00<\/td>\n<\/tr>\n<tr>\n<td style=\"text-align: center;\">5<\/td>\n<td style=\"text-align: center;\">1 en 11,688,053.52<\/td>\n<\/tr>\n<tr>\n<td style=\"text-align: center;\">4 + 1<\/td>\n<td style=\"text-align: center;\" width=\"312\">1 en 913,129.18<\/td>\n<\/tr>\n<tr>\n<td style=\"text-align: center;\" width=\"312\">4<\/td>\n<td style=\"text-align: center;\">1 en 36,525.17<\/td>\n<\/tr>\n<tr>\n<td style=\"text-align: center;\">3 + 1<\/td>\n<td style=\"text-align: center;\" width=\"312\">1 en 14,494.11<\/td>\n<\/tr>\n<tr>\n<td style=\"text-align: center;\" width=\"312\">3<\/td>\n<td style=\"text-align: center;\">1 en 579.76<\/td>\n<\/tr>\n<tr>\n<td style=\"text-align: center;\">2 + 1<\/td>\n<td style=\"text-align: center;\">1 en 701.33<\/td>\n<\/tr>\n<tr>\n<td style=\"text-align: center;\" width=\"312\">1 + 1<\/td>\n<td style=\"text-align: center;\">1 en 91.98<\/td>\n<\/tr>\n<tr>\n<td style=\"text-align: center;\" width=\"312\">0 + 1<\/td>\n<td style=\"text-align: center;\">1 en 38.32<\/td>\n<\/tr>\n<\/tbody>\n<\/table>\n<p>\n<\/section><\/p>\n<p><section><div class=\"section-anchor\" id=\"faqs\"><\/div><\/p>\n<ul>\n<li><a href=\"https:\/\/www.lotterycritic.com\/lottery-results\/north-carolina\/\">Resultados y Premios de la Loter\u00eda de Carolina del Norte<\/a><\/li>\n<\/ul>\n<h2>Preguntas Frecuentes sobre el Powerball de Carolina del Norte<\/h2>\n<h3>\u00bfC\u00f3mo se gana el Powerball de Carolina del Norte?<\/h3>\n<p>Para ganar el premio mayor del Powerball, tendr\u00e1 que acertar las 5 balotas blancas adem\u00e1s del n\u00famero Powerball. Gana $1 mill\u00f3n si coincide en las 5 balotas blancas pero no en el n\u00famero Powerball.<\/p>\n<p>Si a\u00f1ade el Power Play<sup>\u00ae<\/sup>, por $1 adicional, puede multiplicar su premio por hasta 2, 3, 4, 5 o 10 veces.<\/p>\n<p>Encuentra una tabla m\u00e1s arriba para conocer los Pagos y Premios del Powerball de Carolina del Norte, en detalle.<\/p>\n<h3>\u00bfCu\u00e1ndo se sortea el Powerball de Carolina del Norte?<\/h3>\n<p>Los sorteos del Powerball toman lugar todos los mi\u00e9rcoles y s\u00e1bados a las 10:59 p.m. ET.<\/p>\n<h3>\u00bfHasta qu\u00e9 hora se pueden comprar billetes del Powerball en Carolina del Norte?<\/h3>\n<p>Los billetes del Powerball de Carolina del Norte se venden hasta las 9:59 p.m. ET de los mi\u00e9rcoles y s\u00e1bados, aproximadamente una hora antes del sorteo.<\/p>\n<h3>\u00bfCu\u00e1nto paga en impuestos por ganancias de la loter\u00eda en Carolina del Norte?<\/h3>\n<p>Por ley, la Loter\u00eda de Carolina del Norte retiene el 24 % de las ganancias por concepto de impuestos federales, y el 5.49 % por impuestos estatales.<\/p>\n<p>Utilice nuestra <a href=\"https:\/\/www.lotterycritic.com\/es\/calculadoras-loteria\/calculadora-pagos-impuestos-powerball\/\">calculadora de pagos e impuestos del Powerball<\/a> para averiguar los impuestos que pagar\u00e1 si gana el premio mayor del Powerball, ya sea para el pago de la suma total o el pago en anualidad.<\/p>\n<p>\n<\/section><\/p>\n","protected":false},"excerpt":{"rendered":"","protected":false},"author":1,"featured_media":0,"parent":14155,"menu_order":1,"comment_status":"closed","ping_status":"closed","template":"lottery-results-game-child-template.php","meta":{"footnotes":""},"class_list":["post-14184","page","type-page","status-publish","hentry"],"acf":[],"yoast_head":"<!-- This site is optimized with the Yoast SEO plugin v23.4 - https:\/\/yoast.com\/wordpress\/plugins\/seo\/ -->\n<title>Powerball de North Carolina: Resultados y N\u00fameros Ganadores [Ayer + Hoy]<\/title>\n<meta name=\"description\" content=\"Conozca los resultados m\u00e1s recientes, n\u00fameros ganadores, premio mayor, n\u00fameros calientes y fr\u00edos, pagos, probabilidades y m\u00e1s, para el Powerball de Carolina del Norte.\" \/>\n<meta name=\"robots\" content=\"index, follow, max-snippet:-1, max-image-preview:large, max-video-preview:-1\" \/>\n<link rel=\"canonical\" href=\"https:\/\/www.lotterycritic.com\/es\/resultados-loteria\/carolina-del-norte\/powerball\/\" \/>\n<meta property=\"og:locale\" content=\"es_ES\" \/>\n<meta property=\"og:type\" content=\"article\" \/>\n<meta property=\"og:title\" content=\"Powerball de North Carolina: Resultados y N\u00fameros Ganadores [Ayer + Hoy]\" \/>\n<meta property=\"og:description\" content=\"Conozca los resultados m\u00e1s recientes, n\u00fameros ganadores, premio mayor, n\u00fameros calientes y fr\u00edos, pagos, probabilidades y m\u00e1s, para el Powerball de Carolina del Norte.\" \/>\n<meta property=\"og:url\" content=\"https:\/\/www.lotterycritic.com\/es\/resultados-loteria\/carolina-del-norte\/powerball\/\" \/>\n<meta property=\"og:site_name\" content=\"Lottery Critic\" \/>\n<meta property=\"article:modified_time\" content=\"2023-08-24T11:22:45+00:00\" \/>\n<meta name=\"twitter:card\" content=\"summary_large_image\" \/>\n<meta name=\"twitter:label1\" content=\"Tiempo de lectura\" \/>\n\t<meta name=\"twitter:data1\" content=\"2 minutos\" \/>\n<script type=\"application\/ld+json\" class=\"yoast-schema-graph\">{\"@context\":\"https:\/\/schema.org\",\"@graph\":[{\"@type\":\"WebPage\",\"@id\":\"https:\/\/www.lotterycritic.com\/es\/resultados-loteria\/carolina-del-norte\/powerball\/\",\"url\":\"https:\/\/www.lotterycritic.com\/es\/resultados-loteria\/carolina-del-norte\/powerball\/\",\"name\":\"Powerball de North Carolina: Resultados y N\u00fameros Ganadores [Ayer + Hoy]\",\"isPartOf\":{\"@id\":\"https:\/\/www.lotterycritic.com\/es\/#website\"},\"datePublished\":\"2023-08-13T23:32:50+00:00\",\"dateModified\":\"2023-08-24T11:22:45+00:00\",\"description\":\"Conozca los resultados m\u00e1s recientes, n\u00fameros ganadores, premio mayor, n\u00fameros calientes y fr\u00edos, pagos, probabilidades y m\u00e1s, para el Powerball de Carolina del Norte.\",\"breadcrumb\":{\"@id\":\"https:\/\/www.lotterycritic.com\/es\/resultados-loteria\/carolina-del-norte\/powerball\/#breadcrumb\"},\"inLanguage\":\"es\",\"potentialAction\":[{\"@type\":\"ReadAction\",\"target\":[\"https:\/\/www.lotterycritic.com\/es\/resultados-loteria\/carolina-del-norte\/powerball\/\"]}]},{\"@type\":\"BreadcrumbList\",\"@id\":\"https:\/\/www.lotterycritic.com\/es\/resultados-loteria\/carolina-del-norte\/powerball\/#breadcrumb\",\"itemListElement\":[{\"@type\":\"ListItem\",\"position\":1,\"name\":\"Home\",\"item\":\"https:\/\/www.lotterycritic.com\/es\/\"},{\"@type\":\"ListItem\",\"position\":2,\"name\":\"Resultados de La Loter\u00eda Americana &#8211; Los \u00daltimos N\u00fameros Ganadores de La Loter\u00eda de Estados Unidos\",\"item\":\"https:\/\/www.lotterycritic.com\/es\/resultados-loteria\/\"},{\"@type\":\"ListItem\",\"position\":3,\"name\":\"Resultados de La Loter\u00eda de Carolina del Norte (NC) &#8211; Comprueba Los N\u00fameros Ganadores de Hoy En North Carolina\",\"item\":\"https:\/\/www.lotterycritic.com\/es\/resultados-loteria\/carolina-del-norte\/\"},{\"@type\":\"ListItem\",\"position\":4,\"name\":\"Resultados del Powerball de North Carolina (NC) y N\u00fameros Ganadores de Hoy y Ayer\"}]},{\"@type\":\"WebSite\",\"@id\":\"https:\/\/www.lotterycritic.com\/es\/#website\",\"url\":\"https:\/\/www.lotterycritic.com\/es\/\",\"name\":\"Lottery Critic\",\"description\":\"Your Guide to Lottery Results, Winning Numbers &amp; More\u2026\",\"potentialAction\":[{\"@type\":\"SearchAction\",\"target\":{\"@type\":\"EntryPoint\",\"urlTemplate\":\"https:\/\/www.lotterycritic.com\/es\/?s={search_term_string}\"},\"query-input\":{\"@type\":\"PropertyValueSpecification\",\"valueRequired\":true,\"valueName\":\"search_term_string\"}}],\"inLanguage\":\"es\"}]}<\/script>\n<!-- \/ Yoast SEO plugin. -->","yoast_head_json":{"title":"Powerball de North Carolina: Resultados y N\u00fameros Ganadores [Ayer + Hoy]","description":"Conozca los resultados m\u00e1s recientes, n\u00fameros ganadores, premio mayor, n\u00fameros calientes y fr\u00edos, pagos, probabilidades y m\u00e1s, para el Powerball de Carolina del Norte.","robots":{"index":"index","follow":"follow","max-snippet":"max-snippet:-1","max-image-preview":"max-image-preview:large","max-video-preview":"max-video-preview:-1"},"canonical":"https:\/\/www.lotterycritic.com\/es\/resultados-loteria\/carolina-del-norte\/powerball\/","og_locale":"es_ES","og_type":"article","og_title":"Powerball de North Carolina: Resultados y N\u00fameros Ganadores [Ayer + Hoy]","og_description":"Conozca los resultados m\u00e1s recientes, n\u00fameros ganadores, premio mayor, n\u00fameros calientes y fr\u00edos, pagos, probabilidades y m\u00e1s, para el Powerball de Carolina del Norte.","og_url":"https:\/\/www.lotterycritic.com\/es\/resultados-loteria\/carolina-del-norte\/powerball\/","og_site_name":"Lottery Critic","article_modified_time":"2023-08-24T11:22:45+00:00","twitter_card":"summary_large_image","twitter_misc":{"Tiempo de lectura":"2 minutos"},"schema":{"@context":"https:\/\/schema.org","@graph":[{"@type":"WebPage","@id":"https:\/\/www.lotterycritic.com\/es\/resultados-loteria\/carolina-del-norte\/powerball\/","url":"https:\/\/www.lotterycritic.com\/es\/resultados-loteria\/carolina-del-norte\/powerball\/","name":"Powerball de North Carolina: Resultados y N\u00fameros Ganadores [Ayer + Hoy]","isPartOf":{"@id":"https:\/\/www.lotterycritic.com\/es\/#website"},"datePublished":"2023-08-13T23:32:50+00:00","dateModified":"2023-08-24T11:22:45+00:00","description":"Conozca los resultados m\u00e1s recientes, n\u00fameros ganadores, premio mayor, n\u00fameros calientes y fr\u00edos, pagos, probabilidades y m\u00e1s, para el Powerball de Carolina del Norte.","breadcrumb":{"@id":"https:\/\/www.lotterycritic.com\/es\/resultados-loteria\/carolina-del-norte\/powerball\/#breadcrumb"},"inLanguage":"es","potentialAction":[{"@type":"ReadAction","target":["https:\/\/www.lotterycritic.com\/es\/resultados-loteria\/carolina-del-norte\/powerball\/"]}]},{"@type":"BreadcrumbList","@id":"https:\/\/www.lotterycritic.com\/es\/resultados-loteria\/carolina-del-norte\/powerball\/#breadcrumb","itemListElement":[{"@type":"ListItem","position":1,"name":"Home","item":"https:\/\/www.lotterycritic.com\/es\/"},{"@type":"ListItem","position":2,"name":"Resultados de La Loter\u00eda Americana &#8211; Los \u00daltimos N\u00fameros Ganadores de La Loter\u00eda de Estados Unidos","item":"https:\/\/www.lotterycritic.com\/es\/resultados-loteria\/"},{"@type":"ListItem","position":3,"name":"Resultados de La Loter\u00eda de Carolina del Norte (NC) &#8211; Comprueba Los N\u00fameros Ganadores de Hoy En North Carolina","item":"https:\/\/www.lotterycritic.com\/es\/resultados-loteria\/carolina-del-norte\/"},{"@type":"ListItem","position":4,"name":"Resultados del Powerball de North Carolina (NC) y N\u00fameros Ganadores de Hoy y Ayer"}]},{"@type":"WebSite","@id":"https:\/\/www.lotterycritic.com\/es\/#website","url":"https:\/\/www.lotterycritic.com\/es\/","name":"Lottery Critic","description":"Your Guide to Lottery Results, Winning Numbers &amp; More\u2026","potentialAction":[{"@type":"SearchAction","target":{"@type":"EntryPoint","urlTemplate":"https:\/\/www.lotterycritic.com\/es\/?s={search_term_string}"},"query-input":{"@type":"PropertyValueSpecification","valueRequired":true,"valueName":"search_term_string"}}],"inLanguage":"es"}]}},"_links":{"self":[{"href":"https:\/\/www.lotterycritic.com\/es\/wp-json\/wp\/v2\/pages\/14184"}],"collection":[{"href":"https:\/\/www.lotterycritic.com\/es\/wp-json\/wp\/v2\/pages"}],"about":[{"href":"https:\/\/www.lotterycritic.com\/es\/wp-json\/wp\/v2\/types\/page"}],"author":[{"embeddable":true,"href":"https:\/\/www.lotterycritic.com\/es\/wp-json\/wp\/v2\/users\/1"}],"replies":[{"embeddable":true,"href":"https:\/\/www.lotterycritic.com\/es\/wp-json\/wp\/v2\/comments?post=14184"}],"version-history":[{"count":1,"href":"https:\/\/www.lotterycritic.com\/es\/wp-json\/wp\/v2\/pages\/14184\/revisions"}],"predecessor-version":[{"id":14185,"href":"https:\/\/www.lotterycritic.com\/es\/wp-json\/wp\/v2\/pages\/14184\/revisions\/14185"}],"up":[{"embeddable":true,"href":"https:\/\/www.lotterycritic.com\/es\/wp-json\/wp\/v2\/pages\/14155"}],"wp:attachment":[{"href":"https:\/\/www.lotterycritic.com\/es\/wp-json\/wp\/v2\/media?parent=14184"}],"curies":[{"name":"wp","href":"https:\/\/api.w.org\/{rel}","templated":true}]}}