{"id":14176,"date":"2023-08-11T22:46:34","date_gmt":"2023-08-11T22:46:34","guid":{"rendered":"https:\/\/www.lotterycritic.com\/resultados-loteria\/carolina-del-norte\/resultados-de-loteria-cash-5-noche-de-north-carolina-nc-y-numeros-ganadores-de-hoy\/"},"modified":"2023-08-24T10:05:25","modified_gmt":"2023-08-24T10:05:25","slug":"carolina-cash-5","status":"publish","type":"page","link":"https:\/\/www.lotterycritic.com\/es\/resultados-loteria\/carolina-del-norte\/carolina-cash-5\/","title":{"rendered":"Resultados de Loter\u00eda Cash 5 (Noche) de North Carolina (NC) y N\u00fameros Ganadores de Hoy"},"content":{"rendered":"<p><section><div class=\"section-anchor\" id=\"game-rules\"><\/div><\/p>\n<p>El Carolina Cash 5 comienza con un premio mayor de $100,000 que aumenta con cada sorteo hasta que alguien lo gana. Los sorteos suceden a diario.<\/p>\n<p>Para jugar al Carolina Cash 5, escoja 5 n\u00fameros del 1 al 43. Para ganar el premio mayor, sus n\u00fameros tendr\u00e1n que coincidir con los n\u00fameros sorteados. Puede pagar $1 extra para a\u00f1adir n\u00fameros EZ Match, que pueden hacerlo ganar hasta $500 adicionales de forma instant\u00e1nea.<\/p>\n<h2>C\u00f3mo funciona el EZ Match para el Cash 5 de Carolina del Norte<\/h2>\n<p>Cuando juega a la <a href=\"https:\/\/www.lotterycritic.com\/es\/resultados-loteria\/carolina-del-norte\/\">Loter\u00eda de Carolina del Norte<\/a>, puede a\u00f1adir n\u00fameros EZ Match a su billete, si paga $1 adicional. Estos n\u00fameros se generan aleatoriamente y entregan diversos valores de premios. Si cualquiera de sus n\u00fameros del Cash 5 coincide con los d\u00edgitos EZ Match, gana el respectivo premio de forma instant\u00e1nea.<\/p>\n<p>Esto es lo que obtiene con los n\u00fameros EZ Match:<\/p>\n<table>\n<tbody>\n<tr>\n<td><b>Premio<\/b><\/td>\n<td><b>Probabilidades<\/b><\/td>\n<\/tr>\n<tr>\n<td>$500<\/td>\n<td>1 en 84,000<\/td>\n<\/tr>\n<tr>\n<td>$250<\/td>\n<td>1 en 84,000<\/td>\n<\/tr>\n<tr>\n<td>$100<\/td>\n<td>1 en 12,000<\/td>\n<\/tr>\n<tr>\n<td>$50<\/td>\n<td>1 en 3,360<\/td>\n<\/tr>\n<tr>\n<td>$20<\/td>\n<td>1 en 1,120<\/td>\n<\/tr>\n<tr>\n<td>$10<\/td>\n<td>1 en 131.25<\/td>\n<\/tr>\n<tr>\n<td>$5<\/td>\n<td>1 en 168<\/td>\n<\/tr>\n<tr>\n<td>$4<\/td>\n<td>1 en 78.50<\/td>\n<\/tr>\n<tr>\n<td>$3<\/td>\n<td>1 en 14<\/td>\n<\/tr>\n<tr>\n<td>$2<\/td>\n<td>1 en 9.42<\/td>\n<\/tr>\n<\/tbody>\n<\/table>\n<p>\n<\/section><\/p>\n<p><section><div class=\"section-anchor\" id=\"payouts-and-odds\"><\/div><\/p>\n<h2>Premios y Probabilidades de ganar el Cash 5 de Carolina del Norte<\/h2>\n<p>El premio mayor del Carolina Cash 5 comienza en los $100,000 y se acumula en cada sorteo hasta que alguien lo gana.<\/p>\n<table>\n<tbody>\n<tr>\n<td><b>N\u00fameros acertados<\/b><\/td>\n<td><b>Premio\u00a0<\/b><\/td>\n<td><b>Probabilidades<\/b><\/td>\n<\/tr>\n<tr>\n<td>5 de 5<\/td>\n<td>Premio mayor<\/td>\n<td>1 en 962,598<\/td>\n<\/tr>\n<tr>\n<td>4 de 5<\/td>\n<td>$250<\/td>\n<td>1 en 5,066.31<\/td>\n<\/tr>\n<tr>\n<td>3 de 5<\/td>\n<td>$5<\/td>\n<td>1 en 136.93<\/td>\n<\/tr>\n<tr>\n<td>2 de 5<\/td>\n<td>$1<\/td>\n<td>1 en 10.51<\/td>\n<\/tr>\n<\/tbody>\n<\/table>\n<p>\n<\/section><\/p>\n<p><section><div class=\"section-anchor\" id=\"drawing-schedule\"><\/div><\/p>\n<h2>Calendario de sorteos del Cash 5 de Carolina del Norte<\/h2>\n<p>Los sorteos del Carolina Cash 5 toman lugar <strong>todos los d\u00edas a las 11:20 PM, hora del este.\u00a0<\/strong>Puede comprar billetes hasta las 10:59 PM en el d\u00eda del sorteo.<\/p>\n<p>Puede ver el sorteo del Cash 5 por internet o a trav\u00e9s de los siguientes canales:<\/p>\n<ul>\n<li>WRAL Raleigh (ch.5)<\/li>\n<li>WITN Greenville, New Bern & Washington (ch.7)<\/li>\n<li>WAXN Charlotte (TV64)<\/li>\n<li>WGHP Winston-Salem, Greensboro & High Point (ch.8)<\/li>\n<li>WLOS Asheville (ch.13)<\/li>\n<\/ul>\n<p>\n<\/section><\/p>\n","protected":false},"excerpt":{"rendered":"","protected":false},"author":2,"featured_media":0,"parent":14155,"menu_order":0,"comment_status":"closed","ping_status":"closed","template":"lottery-results-game-child-template.php","meta":{"footnotes":""},"class_list":["post-14176","page","type-page","status-publish","hentry"],"acf":[],"yoast_head":"<!-- This site is optimized with the Yoast SEO plugin v23.4 - https:\/\/yoast.com\/wordpress\/plugins\/seo\/ -->\n<title>Loter\u00eda Cash 5 (Noche) de North Carolina: Resultados y N\u00fameros Ganadores<\/title>\n<meta name=\"description\" content=\"Todo lo que necesita saber sobre el Cash 5 de la Loter\u00eda de Carolina del Norte, los resultados m\u00e1s recientes, n\u00fameros ganadores, reglas, pagos, probabilidades, horario de sorteos y m\u00e1s.\" \/>\n<meta name=\"robots\" content=\"index, follow, max-snippet:-1, max-image-preview:large, max-video-preview:-1\" \/>\n<link rel=\"canonical\" href=\"https:\/\/www.lotterycritic.com\/es\/resultados-loteria\/carolina-del-norte\/carolina-cash-5\/\" \/>\n<meta property=\"og:locale\" content=\"es_ES\" \/>\n<meta property=\"og:type\" content=\"article\" \/>\n<meta property=\"og:title\" content=\"Loter\u00eda Cash 5 (Noche) de North Carolina: Resultados y N\u00fameros Ganadores\" \/>\n<meta property=\"og:description\" content=\"Todo lo que necesita saber sobre el Cash 5 de la Loter\u00eda de Carolina del Norte, los resultados m\u00e1s recientes, n\u00fameros ganadores, reglas, pagos, probabilidades, horario de sorteos y m\u00e1s.\" \/>\n<meta property=\"og:url\" content=\"https:\/\/www.lotterycritic.com\/es\/resultados-loteria\/carolina-del-norte\/carolina-cash-5\/\" \/>\n<meta property=\"og:site_name\" content=\"Lottery Critic\" \/>\n<meta property=\"article:modified_time\" content=\"2023-08-24T10:05:25+00:00\" \/>\n<meta name=\"twitter:card\" content=\"summary_large_image\" \/>\n<meta name=\"twitter:label1\" content=\"Tiempo de lectura\" \/>\n\t<meta name=\"twitter:data1\" content=\"2 minutos\" \/>\n<script type=\"application\/ld+json\" class=\"yoast-schema-graph\">{\"@context\":\"https:\/\/schema.org\",\"@graph\":[{\"@type\":\"WebPage\",\"@id\":\"https:\/\/www.lotterycritic.com\/es\/resultados-loteria\/carolina-del-norte\/carolina-cash-5\/\",\"url\":\"https:\/\/www.lotterycritic.com\/es\/resultados-loteria\/carolina-del-norte\/carolina-cash-5\/\",\"name\":\"Loter\u00eda Cash 5 (Noche) de North Carolina: Resultados y N\u00fameros Ganadores\",\"isPartOf\":{\"@id\":\"https:\/\/www.lotterycritic.com\/es\/#website\"},\"datePublished\":\"2023-08-11T22:46:34+00:00\",\"dateModified\":\"2023-08-24T10:05:25+00:00\",\"description\":\"Todo lo que necesita saber sobre el Cash 5 de la Loter\u00eda de Carolina del Norte, los resultados m\u00e1s recientes, n\u00fameros ganadores, reglas, pagos, probabilidades, horario de sorteos y m\u00e1s.\",\"breadcrumb\":{\"@id\":\"https:\/\/www.lotterycritic.com\/es\/resultados-loteria\/carolina-del-norte\/carolina-cash-5\/#breadcrumb\"},\"inLanguage\":\"es\",\"potentialAction\":[{\"@type\":\"ReadAction\",\"target\":[\"https:\/\/www.lotterycritic.com\/es\/resultados-loteria\/carolina-del-norte\/carolina-cash-5\/\"]}]},{\"@type\":\"BreadcrumbList\",\"@id\":\"https:\/\/www.lotterycritic.com\/es\/resultados-loteria\/carolina-del-norte\/carolina-cash-5\/#breadcrumb\",\"itemListElement\":[{\"@type\":\"ListItem\",\"position\":1,\"name\":\"Home\",\"item\":\"https:\/\/www.lotterycritic.com\/es\/\"},{\"@type\":\"ListItem\",\"position\":2,\"name\":\"Resultados de La Loter\u00eda Americana &#8211; Los \u00daltimos N\u00fameros Ganadores de La Loter\u00eda de Estados Unidos\",\"item\":\"https:\/\/www.lotterycritic.com\/es\/resultados-loteria\/\"},{\"@type\":\"ListItem\",\"position\":3,\"name\":\"Resultados de La Loter\u00eda de Carolina del Norte (NC) &#8211; Comprueba Los N\u00fameros Ganadores de Hoy En North Carolina\",\"item\":\"https:\/\/www.lotterycritic.com\/es\/resultados-loteria\/carolina-del-norte\/\"},{\"@type\":\"ListItem\",\"position\":4,\"name\":\"Resultados de Loter\u00eda Cash 5 (Noche) de North Carolina (NC) y N\u00fameros Ganadores de Hoy\"}]},{\"@type\":\"WebSite\",\"@id\":\"https:\/\/www.lotterycritic.com\/es\/#website\",\"url\":\"https:\/\/www.lotterycritic.com\/es\/\",\"name\":\"Lottery Critic\",\"description\":\"Your Guide to Lottery Results, Winning Numbers &amp; More\u2026\",\"potentialAction\":[{\"@type\":\"SearchAction\",\"target\":{\"@type\":\"EntryPoint\",\"urlTemplate\":\"https:\/\/www.lotterycritic.com\/es\/?s={search_term_string}\"},\"query-input\":{\"@type\":\"PropertyValueSpecification\",\"valueRequired\":true,\"valueName\":\"search_term_string\"}}],\"inLanguage\":\"es\"}]}<\/script>\n<!-- \/ Yoast SEO plugin. -->","yoast_head_json":{"title":"Loter\u00eda Cash 5 (Noche) de North Carolina: Resultados y N\u00fameros Ganadores","description":"Todo lo que necesita saber sobre el Cash 5 de la Loter\u00eda de Carolina del Norte, los resultados m\u00e1s recientes, n\u00fameros ganadores, reglas, pagos, probabilidades, horario de sorteos y m\u00e1s.","robots":{"index":"index","follow":"follow","max-snippet":"max-snippet:-1","max-image-preview":"max-image-preview:large","max-video-preview":"max-video-preview:-1"},"canonical":"https:\/\/www.lotterycritic.com\/es\/resultados-loteria\/carolina-del-norte\/carolina-cash-5\/","og_locale":"es_ES","og_type":"article","og_title":"Loter\u00eda Cash 5 (Noche) de North Carolina: Resultados y N\u00fameros Ganadores","og_description":"Todo lo que necesita saber sobre el Cash 5 de la Loter\u00eda de Carolina del Norte, los resultados m\u00e1s recientes, n\u00fameros ganadores, reglas, pagos, probabilidades, horario de sorteos y m\u00e1s.","og_url":"https:\/\/www.lotterycritic.com\/es\/resultados-loteria\/carolina-del-norte\/carolina-cash-5\/","og_site_name":"Lottery Critic","article_modified_time":"2023-08-24T10:05:25+00:00","twitter_card":"summary_large_image","twitter_misc":{"Tiempo de lectura":"2 minutos"},"schema":{"@context":"https:\/\/schema.org","@graph":[{"@type":"WebPage","@id":"https:\/\/www.lotterycritic.com\/es\/resultados-loteria\/carolina-del-norte\/carolina-cash-5\/","url":"https:\/\/www.lotterycritic.com\/es\/resultados-loteria\/carolina-del-norte\/carolina-cash-5\/","name":"Loter\u00eda Cash 5 (Noche) de North Carolina: Resultados y N\u00fameros Ganadores","isPartOf":{"@id":"https:\/\/www.lotterycritic.com\/es\/#website"},"datePublished":"2023-08-11T22:46:34+00:00","dateModified":"2023-08-24T10:05:25+00:00","description":"Todo lo que necesita saber sobre el Cash 5 de la Loter\u00eda de Carolina del Norte, los resultados m\u00e1s recientes, n\u00fameros ganadores, reglas, pagos, probabilidades, horario de sorteos y m\u00e1s.","breadcrumb":{"@id":"https:\/\/www.lotterycritic.com\/es\/resultados-loteria\/carolina-del-norte\/carolina-cash-5\/#breadcrumb"},"inLanguage":"es","potentialAction":[{"@type":"ReadAction","target":["https:\/\/www.lotterycritic.com\/es\/resultados-loteria\/carolina-del-norte\/carolina-cash-5\/"]}]},{"@type":"BreadcrumbList","@id":"https:\/\/www.lotterycritic.com\/es\/resultados-loteria\/carolina-del-norte\/carolina-cash-5\/#breadcrumb","itemListElement":[{"@type":"ListItem","position":1,"name":"Home","item":"https:\/\/www.lotterycritic.com\/es\/"},{"@type":"ListItem","position":2,"name":"Resultados de La Loter\u00eda Americana &#8211; Los \u00daltimos N\u00fameros Ganadores de La Loter\u00eda de Estados Unidos","item":"https:\/\/www.lotterycritic.com\/es\/resultados-loteria\/"},{"@type":"ListItem","position":3,"name":"Resultados de La Loter\u00eda de Carolina del Norte (NC) &#8211; Comprueba Los N\u00fameros Ganadores de Hoy En North Carolina","item":"https:\/\/www.lotterycritic.com\/es\/resultados-loteria\/carolina-del-norte\/"},{"@type":"ListItem","position":4,"name":"Resultados de Loter\u00eda Cash 5 (Noche) de North Carolina (NC) y N\u00fameros Ganadores de Hoy"}]},{"@type":"WebSite","@id":"https:\/\/www.lotterycritic.com\/es\/#website","url":"https:\/\/www.lotterycritic.com\/es\/","name":"Lottery Critic","description":"Your Guide to Lottery Results, Winning Numbers &amp; More\u2026","potentialAction":[{"@type":"SearchAction","target":{"@type":"EntryPoint","urlTemplate":"https:\/\/www.lotterycritic.com\/es\/?s={search_term_string}"},"query-input":{"@type":"PropertyValueSpecification","valueRequired":true,"valueName":"search_term_string"}}],"inLanguage":"es"}]}},"_links":{"self":[{"href":"https:\/\/www.lotterycritic.com\/es\/wp-json\/wp\/v2\/pages\/14176"}],"collection":[{"href":"https:\/\/www.lotterycritic.com\/es\/wp-json\/wp\/v2\/pages"}],"about":[{"href":"https:\/\/www.lotterycritic.com\/es\/wp-json\/wp\/v2\/types\/page"}],"author":[{"embeddable":true,"href":"https:\/\/www.lotterycritic.com\/es\/wp-json\/wp\/v2\/users\/2"}],"replies":[{"embeddable":true,"href":"https:\/\/www.lotterycritic.com\/es\/wp-json\/wp\/v2\/comments?post=14176"}],"version-history":[{"count":1,"href":"https:\/\/www.lotterycritic.com\/es\/wp-json\/wp\/v2\/pages\/14176\/revisions"}],"predecessor-version":[{"id":14177,"href":"https:\/\/www.lotterycritic.com\/es\/wp-json\/wp\/v2\/pages\/14176\/revisions\/14177"}],"up":[{"embeddable":true,"href":"https:\/\/www.lotterycritic.com\/es\/wp-json\/wp\/v2\/pages\/14155"}],"wp:attachment":[{"href":"https:\/\/www.lotterycritic.com\/es\/wp-json\/wp\/v2\/media?parent=14176"}],"curies":[{"name":"wp","href":"https:\/\/api.w.org\/{rel}","templated":true}]}}