{"id":14153,"date":"2023-08-10T23:03:14","date_gmt":"2023-08-10T23:03:14","guid":{"rendered":"https:\/\/www.lotterycritic.com\/resultados-loteria\/nueva-york\/resultados-de-loteria-win-4-de-nueva-york-ny-y-numeros-ganadores-de-hoy-noche-dia\/"},"modified":"2023-08-11T13:25:43","modified_gmt":"2023-08-11T13:25:43","slug":"win-4","status":"publish","type":"page","link":"https:\/\/www.lotterycritic.com\/es\/resultados-loteria\/nueva-york\/win-4\/","title":{"rendered":"Resultados de Loter\u00eda Win 4 de Nueva York (NY) y N\u00fameros Ganadores de Hoy [Noche + D\u00eda]"},"content":{"rendered":"<p><img decoding=\"async\" class=\"aligncenter wp-image-7971 size-full\" src=\"https:\/\/www.lotterycritic.com\/wp-content\/uploads\/2019\/07\/new-york-lottery-win-4-logo.png\" alt=\"New York Lottery Win 4 logo\" width=\"350\" height=\"125\" srcset=\"https:\/\/www.lotterycritic.com\/wp-content\/uploads\/2019\/07\/new-york-lottery-win-4-logo.png 350w, https:\/\/www.lotterycritic.com\/wp-content\/uploads\/2019\/07\/new-york-lottery-win-4-logo-300x107.png 300w\" sizes=\"(max-width: 350px) 100vw, 350px\" \/><\/p>\n<p><section><div class=\"section-anchor\" id=\"how-to-play\"><\/div><\/p>\n<h2>C\u00f3mo jugar al Win 4 de Nueva York<\/h2>\n<h3>Escoja sus n\u00fameros<\/h3>\n<p>Puede hacer uso de la opci\u00f3n Quick Pick para que la computadora elija sus n\u00fameros autom\u00e1ticamente, o puede elegirlos por usted mismo llenando una papeleta y seleccionando un n\u00famero de cuatro d\u00edgitos del 0000 al 9999.<\/p>\n<h3>Compre su billete<\/h3>\n<p>Puede comprar billetes para el Win 4 de Nueva York en puntos de venta autorizados.<\/p>\n<p>\n<\/section><\/p>\n<p><section><div class=\"section-anchor\" id=\"drawing-schedule\"><\/div><\/p>\n<h2>Calendario de sorteos del Win 4 de Nueva York<\/h2>\n<p>Los sorteos del Win 4 suceden <strong>dos veces al d\u00eda, siete d\u00edas a la semana<\/strong>. El primero al mediod\u00eda, alrededor de las <strong>12:20 PM<\/strong>, y en la noche a eso de las <strong>7:30 PM EST<\/strong>.<\/p>\n<p>La venta de billetes se cierra aproximadamente 10 minutos antes de cada sorteo.<\/p>\n<p>\n<\/section><\/p>\n<p><section><div class=\"section-anchor\" id=\"payouts-odds-and-rules\"><\/div><\/p>\n<h2>Pagos y Reglas del Win 4 de Nueva York<\/h2>\n<p>El Win 4 de Nueva York es similar a varios juegos Pick 4 que encuentra en otros estados. Una vez haya escogido sus n\u00fameros, tendr\u00e1 que seleccionar un tipo de apuesta: straight, box, straight\/box, combinaci\u00f3n o par.<\/p>\n<p>Luego, indique el valor de su apuesta, de $0.50 o $1, y en cu\u00e1l de los dos sorteos le gustar\u00eda participar.<\/p>\n<h3>Instant Win<\/h3>\n<p>Cuando acierta uno o m\u00e1s de sus n\u00fameros elegidos con cualquiera de los n\u00fameros Instant Win, gana $1 inmediatamente. A\u00fan puede entrar en el sorteo nocturno.<\/p>\n<h3>Booster Ball<\/h3>\n<p>Aumente sus ganancias en 5 %, 10 % o 20 % sin costo adicional. En d\u00edas especiales Booster Ball, toma lugar un segundo sorteo despu\u00e9s de cada sorteo oficial para determinar la cantidad aumentada.<\/p>\n<h3>Pagos y Probabilidades del Win 4 de Nueva York<\/h3>\n<table>\n<tbody>\n<tr>\n<td><strong>Tipo de juego<\/strong><\/td>\n<td><strong>Premio con una apuesta de $0.50<\/strong><\/td>\n<td><strong>Premio con una apuesta de $1<\/strong><\/td>\n<td><strong>Probabilidades de ganar<\/strong><\/td>\n<\/tr>\n<tr>\n<td><strong>Straight<\/strong><\/td>\n<td>$2,500<\/td>\n<td>$5,000<\/td>\n<td>1 en 10,000<\/td>\n<\/tr>\n<tr>\n<td colspan=\"4\"><strong>Box<\/strong><\/td>\n<\/tr>\n<tr>\n<td>4-Way<\/td>\n<td>$600<\/td>\n<td>$1,200<\/td>\n<td>1 en 2,500<\/td>\n<\/tr>\n<tr>\n<td>6-Way<\/td>\n<td>$400<\/td>\n<td>$80<\/td>\n<td>1 en 1,667<\/td>\n<\/tr>\n<tr>\n<td>12-Way<\/td>\n<td>$200<\/td>\n<td>$400<\/td>\n<td>1 en 833<\/td>\n<\/tr>\n<tr>\n<td>24-Way<\/td>\n<td>$100<\/td>\n<td>$200<\/td>\n<td>1 en 417<\/td>\n<\/tr>\n<tr>\n<td colspan=\"4\"><strong>Pares<\/strong><\/td>\n<\/tr>\n<tr>\n<td>Front Pair<\/td>\n<td>$25<\/td>\n<td>$50<\/td>\n<td>1 en 100<\/td>\n<\/tr>\n<tr>\n<td>Back Pair<\/td>\n<td>$25<\/td>\n<td>$50<\/td>\n<td>1 en 100<\/td>\n<\/tr>\n<tr>\n<td colspan=\"4\"><\/td>\n<\/tr>\n<tr>\n<td><b>Combinaci\u00f3n<\/b><\/td>\n<td><strong>Premio con una apuesta de $2<\/strong><\/td>\n<td><strong>Premio con una apuesta de $4<\/strong><\/td>\n<td><strong>Probabilidades de ganar<\/strong><\/td>\n<\/tr>\n<tr>\n<td>4-Way Combination<\/td>\n<td>$2,500<\/td>\n<td>$5,000<\/td>\n<td>1 en 2,500<\/td>\n<\/tr>\n<tr>\n<td><\/td>\n<td><strong>Premio con una apuesta de $3<\/strong><\/td>\n<td><strong>Premio con una apuesta de $6<\/strong><\/td>\n<td><\/td>\n<\/tr>\n<tr>\n<td>6-Way Combination<\/td>\n<td>$2,500<\/td>\n<td>$5,000<\/td>\n<td>1 en 1,667<\/td>\n<\/tr>\n<tr>\n<td><\/td>\n<td><strong>Premio con una apuesta de $6<\/strong><\/td>\n<td><strong>Premio con una apuesta de $12<\/strong><\/td>\n<td><\/td>\n<\/tr>\n<tr>\n<td>12-Way Combination<\/td>\n<td>$2,500<\/td>\n<td>$5,000<\/td>\n<td>1 en 833<\/td>\n<\/tr>\n<tr>\n<td>24-Way Combination<\/td>\n<td>$2,500<\/td>\n<td>$5,000<\/td>\n<td>1 en 417<\/td>\n<\/tr>\n<tr>\n<td colspan=\"4\"><\/td>\n<\/tr>\n<tr>\n<td><strong>Straight\/Box<\/strong><\/td>\n<td><strong>Premio con coincidencia exacta<\/strong><\/td>\n<td><strong>Premio con coincidencia en cualquier orden<\/strong><\/td>\n<td><strong>Probabilidades de ganar<\/strong><\/td>\n<\/tr>\n<tr>\n<td>4-Way<\/td>\n<td>$3,100<\/td>\n<td>$600<\/td>\n<td>1 en 2,500<\/td>\n<\/tr>\n<tr>\n<td>6-Way<\/td>\n<td>$2,900<\/td>\n<td>$400<\/td>\n<td>1 en 1,667<\/td>\n<\/tr>\n<tr>\n<td>12-Way<\/td>\n<td>$2,700<\/td>\n<td>$200<\/td>\n<td>1 en 833<\/td>\n<\/tr>\n<tr>\n<td>24-Way<\/td>\n<td>$2,600<\/td>\n<td>$100<\/td>\n<td>1 en 417<\/td>\n<\/tr>\n<\/tbody>\n<\/table>\n<p>\n<\/section><\/p>\n<p><section><div class=\"section-anchor\" id=\"claim-your-prize\"><\/div><\/p>\n<h2>Reclame su premio del Win 4 en Nueva York<\/h2>\n<p>Todos los premios de la Loter\u00eda de Nueva York deben reclamarse en un plazo de 1 a\u00f1o despu\u00e9s al sorteo.<\/p>\n<p>Puede reclamar premios de hasta $600 en cualquier punto de venta autorizado. Para premios superiores, tendr\u00e1 que visitar cualquier centro de servicio al cliente de la Loter\u00eda de Nueva York, o enviar los documentos necesarios por correo postal.<\/p>\n<p>Tenga en cuenta que los premios del Win 4 de Nueva York est\u00e1n sujetos a impuestos estatales y federales, por lo que no espere recibir la totalidad del premio anunciado.<\/p>\n<p>\n<\/section><\/p>\n<p><section><div class=\"section-anchor\" id=\"other-new-york-lotteries\"><\/div><\/p>\n<h2>Otras loter\u00edas de Nueva York<\/h2>\n<p>Ent\u00e9rese de los resultados m\u00e1s recientes, premio mayor, probabilidades de ganar, pago de premios, calendario de sorteos semanales y dem\u00e1s informaci\u00f3n \u00fatil para <a href=\"https:\/\/www.lotterycritic.com\/es\/resultados-loteria\/nueva-york\/\">todas las loter\u00edas de Nueva York (NY) <\/a>como\u00a0<a href=\"https:\/\/www.lotterycritic.com\/lottery-results\/illinois\/lotto\/\">New York Lotto, <\/a><a href=\"https:\/\/www.lotterycritic.com\/es\/resultados-loteria\/nueva-york\/cash4life\/\">Cash4Life<\/a><a href=\"https:\/\/www.lotterycritic.com\/lottery-results\/illinois\/lotto\/\">,<\/a>\u00a0<a href=\"https:\/\/www.lotterycritic.com\/lottery-results\/new-york\/take-5\/\">Take 5<\/a>,\u00a0<a href=\"https:\/\/www.lotterycritic.com\/lottery-results\/new-york\/numbers\/\">Numbers<\/a>,\u00a0<a href=\"https:\/\/www.lotterycritic.com\/lottery-results\/new-york\/pick-10\/\">Pick 10<\/a>, Raspables, y las loter\u00edas m\u00e1s populares en varios estados, <a href=\"https:\/\/www.lotterycritic.com\/es\/resultados-loteria\/carolina-del-sur\/powerball\/\" rel=\"\">Powerball<\/a>\u00a0y\u00a0<a href=\"https:\/\/www.lotterycritic.com\/es\/resultados-loteria\/tennessee\/mega-millions\/\" rel=\"\">Mega Millions<\/a>.<\/p>\n<p>\n<\/section><\/p>\n<p>&nbsp;<\/p>\n<p>&nbsp;<\/p>\n<p>&nbsp;<\/p>\n","protected":false},"excerpt":{"rendered":"<p>&nbsp; &nbsp; &nbsp;<\/p>\n","protected":false},"author":6,"featured_media":0,"parent":14138,"menu_order":0,"comment_status":"closed","ping_status":"closed","template":"lottery-results-game-child-template.php","meta":{"footnotes":""},"class_list":["post-14153","page","type-page","status-publish","hentry"],"acf":[],"yoast_head":"<!-- This site is optimized with the Yoast SEO plugin v23.4 - https:\/\/yoast.com\/wordpress\/plugins\/seo\/ -->\n<title>Win 4 de Nueva York (NY): Resultados y N\u00fameros Ganadores de Hoy [Noche+D\u00eda]<\/title>\n<meta name=\"description\" content=\"Obtenga los resultados del Win de Nueva York, n\u00fameros ganadores m\u00e1s recientes, premio mayor vigente, probabilidades de ganar, pago de premios, calendario de sorteos y m\u00e1s.\" \/>\n<meta name=\"robots\" content=\"index, follow, max-snippet:-1, max-image-preview:large, max-video-preview:-1\" \/>\n<link rel=\"canonical\" href=\"https:\/\/www.lotterycritic.com\/es\/resultados-loteria\/nueva-york\/win-4\/\" \/>\n<meta property=\"og:locale\" content=\"es_ES\" \/>\n<meta property=\"og:type\" content=\"article\" \/>\n<meta property=\"og:title\" content=\"Win 4 de Nueva York (NY): Resultados y N\u00fameros Ganadores de Hoy [Noche+D\u00eda]\" \/>\n<meta property=\"og:description\" content=\"Obtenga los resultados del Win de Nueva York, n\u00fameros ganadores m\u00e1s recientes, premio mayor vigente, probabilidades de ganar, pago de premios, calendario de sorteos y m\u00e1s.\" \/>\n<meta property=\"og:url\" content=\"https:\/\/www.lotterycritic.com\/es\/resultados-loteria\/nueva-york\/win-4\/\" \/>\n<meta property=\"og:site_name\" content=\"Lottery Critic\" \/>\n<meta property=\"article:modified_time\" content=\"2023-08-11T13:25:43+00:00\" \/>\n<meta property=\"og:image\" content=\"https:\/\/www.lotterycritic.com\/wp-content\/uploads\/2019\/07\/new-york-lottery-win-4-logo.png\" \/>\n<meta name=\"twitter:card\" content=\"summary_large_image\" \/>\n<meta name=\"twitter:label1\" content=\"Tiempo de lectura\" \/>\n\t<meta name=\"twitter:data1\" content=\"3 minutos\" \/>\n<script type=\"application\/ld+json\" class=\"yoast-schema-graph\">{\"@context\":\"https:\/\/schema.org\",\"@graph\":[{\"@type\":\"WebPage\",\"@id\":\"https:\/\/www.lotterycritic.com\/es\/resultados-loteria\/nueva-york\/win-4\/\",\"url\":\"https:\/\/www.lotterycritic.com\/es\/resultados-loteria\/nueva-york\/win-4\/\",\"name\":\"Win 4 de Nueva York (NY): Resultados y N\u00fameros Ganadores de Hoy [Noche+D\u00eda]\",\"isPartOf\":{\"@id\":\"https:\/\/www.lotterycritic.com\/es\/#website\"},\"primaryImageOfPage\":{\"@id\":\"https:\/\/www.lotterycritic.com\/es\/resultados-loteria\/nueva-york\/win-4\/#primaryimage\"},\"image\":{\"@id\":\"https:\/\/www.lotterycritic.com\/es\/resultados-loteria\/nueva-york\/win-4\/#primaryimage\"},\"thumbnailUrl\":\"https:\/\/www.lotterycritic.com\/wp-content\/uploads\/2019\/07\/new-york-lottery-win-4-logo.png\",\"datePublished\":\"2023-08-10T23:03:14+00:00\",\"dateModified\":\"2023-08-11T13:25:43+00:00\",\"description\":\"Obtenga los resultados del Win de Nueva York, n\u00fameros ganadores m\u00e1s recientes, premio mayor vigente, probabilidades de ganar, pago de premios, calendario de sorteos y m\u00e1s.\",\"breadcrumb\":{\"@id\":\"https:\/\/www.lotterycritic.com\/es\/resultados-loteria\/nueva-york\/win-4\/#breadcrumb\"},\"inLanguage\":\"es\",\"potentialAction\":[{\"@type\":\"ReadAction\",\"target\":[\"https:\/\/www.lotterycritic.com\/es\/resultados-loteria\/nueva-york\/win-4\/\"]}]},{\"@type\":\"ImageObject\",\"inLanguage\":\"es\",\"@id\":\"https:\/\/www.lotterycritic.com\/es\/resultados-loteria\/nueva-york\/win-4\/#primaryimage\",\"url\":\"https:\/\/www.lotterycritic.com\/wp-content\/uploads\/2019\/07\/new-york-lottery-win-4-logo.png\",\"contentUrl\":\"https:\/\/www.lotterycritic.com\/wp-content\/uploads\/2019\/07\/new-york-lottery-win-4-logo.png\"},{\"@type\":\"BreadcrumbList\",\"@id\":\"https:\/\/www.lotterycritic.com\/es\/resultados-loteria\/nueva-york\/win-4\/#breadcrumb\",\"itemListElement\":[{\"@type\":\"ListItem\",\"position\":1,\"name\":\"Home\",\"item\":\"https:\/\/www.lotterycritic.com\/es\/\"},{\"@type\":\"ListItem\",\"position\":2,\"name\":\"Resultados de La Loter\u00eda Americana &#8211; Los \u00daltimos N\u00fameros Ganadores de La Loter\u00eda de Estados Unidos\",\"item\":\"https:\/\/www.lotterycritic.com\/es\/resultados-loteria\/\"},{\"@type\":\"ListItem\",\"position\":3,\"name\":\"Resultados de La Loter\u00eda de Nueva York (NY) &#8211; Comprueba Los N\u00fameros Ganadores de Hoy En New York\",\"item\":\"https:\/\/www.lotterycritic.com\/es\/resultados-loteria\/nueva-york\/\"},{\"@type\":\"ListItem\",\"position\":4,\"name\":\"Resultados de Loter\u00eda Win 4 de Nueva York (NY) y N\u00fameros Ganadores de Hoy [Noche + D\u00eda]\"}]},{\"@type\":\"WebSite\",\"@id\":\"https:\/\/www.lotterycritic.com\/es\/#website\",\"url\":\"https:\/\/www.lotterycritic.com\/es\/\",\"name\":\"Lottery Critic\",\"description\":\"Your Guide to Lottery Results, Winning Numbers &amp; More\u2026\",\"potentialAction\":[{\"@type\":\"SearchAction\",\"target\":{\"@type\":\"EntryPoint\",\"urlTemplate\":\"https:\/\/www.lotterycritic.com\/es\/?s={search_term_string}\"},\"query-input\":{\"@type\":\"PropertyValueSpecification\",\"valueRequired\":true,\"valueName\":\"search_term_string\"}}],\"inLanguage\":\"es\"}]}<\/script>\n<!-- \/ Yoast SEO plugin. -->","yoast_head_json":{"title":"Win 4 de Nueva York (NY): Resultados y N\u00fameros Ganadores de Hoy [Noche+D\u00eda]","description":"Obtenga los resultados del Win de Nueva York, n\u00fameros ganadores m\u00e1s recientes, premio mayor vigente, probabilidades de ganar, pago de premios, calendario de sorteos y m\u00e1s.","robots":{"index":"index","follow":"follow","max-snippet":"max-snippet:-1","max-image-preview":"max-image-preview:large","max-video-preview":"max-video-preview:-1"},"canonical":"https:\/\/www.lotterycritic.com\/es\/resultados-loteria\/nueva-york\/win-4\/","og_locale":"es_ES","og_type":"article","og_title":"Win 4 de Nueva York (NY): Resultados y N\u00fameros Ganadores de Hoy [Noche+D\u00eda]","og_description":"Obtenga los resultados del Win de Nueva York, n\u00fameros ganadores m\u00e1s recientes, premio mayor vigente, probabilidades de ganar, pago de premios, calendario de sorteos y m\u00e1s.","og_url":"https:\/\/www.lotterycritic.com\/es\/resultados-loteria\/nueva-york\/win-4\/","og_site_name":"Lottery Critic","article_modified_time":"2023-08-11T13:25:43+00:00","og_image":[{"url":"https:\/\/www.lotterycritic.com\/wp-content\/uploads\/2019\/07\/new-york-lottery-win-4-logo.png"}],"twitter_card":"summary_large_image","twitter_misc":{"Tiempo de lectura":"3 minutos"},"schema":{"@context":"https:\/\/schema.org","@graph":[{"@type":"WebPage","@id":"https:\/\/www.lotterycritic.com\/es\/resultados-loteria\/nueva-york\/win-4\/","url":"https:\/\/www.lotterycritic.com\/es\/resultados-loteria\/nueva-york\/win-4\/","name":"Win 4 de Nueva York (NY): Resultados y N\u00fameros Ganadores de Hoy [Noche+D\u00eda]","isPartOf":{"@id":"https:\/\/www.lotterycritic.com\/es\/#website"},"primaryImageOfPage":{"@id":"https:\/\/www.lotterycritic.com\/es\/resultados-loteria\/nueva-york\/win-4\/#primaryimage"},"image":{"@id":"https:\/\/www.lotterycritic.com\/es\/resultados-loteria\/nueva-york\/win-4\/#primaryimage"},"thumbnailUrl":"https:\/\/www.lotterycritic.com\/wp-content\/uploads\/2019\/07\/new-york-lottery-win-4-logo.png","datePublished":"2023-08-10T23:03:14+00:00","dateModified":"2023-08-11T13:25:43+00:00","description":"Obtenga los resultados del Win de Nueva York, n\u00fameros ganadores m\u00e1s recientes, premio mayor vigente, probabilidades de ganar, pago de premios, calendario de sorteos y m\u00e1s.","breadcrumb":{"@id":"https:\/\/www.lotterycritic.com\/es\/resultados-loteria\/nueva-york\/win-4\/#breadcrumb"},"inLanguage":"es","potentialAction":[{"@type":"ReadAction","target":["https:\/\/www.lotterycritic.com\/es\/resultados-loteria\/nueva-york\/win-4\/"]}]},{"@type":"ImageObject","inLanguage":"es","@id":"https:\/\/www.lotterycritic.com\/es\/resultados-loteria\/nueva-york\/win-4\/#primaryimage","url":"https:\/\/www.lotterycritic.com\/wp-content\/uploads\/2019\/07\/new-york-lottery-win-4-logo.png","contentUrl":"https:\/\/www.lotterycritic.com\/wp-content\/uploads\/2019\/07\/new-york-lottery-win-4-logo.png"},{"@type":"BreadcrumbList","@id":"https:\/\/www.lotterycritic.com\/es\/resultados-loteria\/nueva-york\/win-4\/#breadcrumb","itemListElement":[{"@type":"ListItem","position":1,"name":"Home","item":"https:\/\/www.lotterycritic.com\/es\/"},{"@type":"ListItem","position":2,"name":"Resultados de La Loter\u00eda Americana &#8211; Los \u00daltimos N\u00fameros Ganadores de La Loter\u00eda de Estados Unidos","item":"https:\/\/www.lotterycritic.com\/es\/resultados-loteria\/"},{"@type":"ListItem","position":3,"name":"Resultados de La Loter\u00eda de Nueva York (NY) &#8211; Comprueba Los N\u00fameros Ganadores de Hoy En New York","item":"https:\/\/www.lotterycritic.com\/es\/resultados-loteria\/nueva-york\/"},{"@type":"ListItem","position":4,"name":"Resultados de Loter\u00eda Win 4 de Nueva York (NY) y N\u00fameros Ganadores de Hoy [Noche + D\u00eda]"}]},{"@type":"WebSite","@id":"https:\/\/www.lotterycritic.com\/es\/#website","url":"https:\/\/www.lotterycritic.com\/es\/","name":"Lottery Critic","description":"Your Guide to Lottery Results, Winning Numbers &amp; More\u2026","potentialAction":[{"@type":"SearchAction","target":{"@type":"EntryPoint","urlTemplate":"https:\/\/www.lotterycritic.com\/es\/?s={search_term_string}"},"query-input":{"@type":"PropertyValueSpecification","valueRequired":true,"valueName":"search_term_string"}}],"inLanguage":"es"}]}},"_links":{"self":[{"href":"https:\/\/www.lotterycritic.com\/es\/wp-json\/wp\/v2\/pages\/14153"}],"collection":[{"href":"https:\/\/www.lotterycritic.com\/es\/wp-json\/wp\/v2\/pages"}],"about":[{"href":"https:\/\/www.lotterycritic.com\/es\/wp-json\/wp\/v2\/types\/page"}],"author":[{"embeddable":true,"href":"https:\/\/www.lotterycritic.com\/es\/wp-json\/wp\/v2\/users\/6"}],"replies":[{"embeddable":true,"href":"https:\/\/www.lotterycritic.com\/es\/wp-json\/wp\/v2\/comments?post=14153"}],"version-history":[{"count":1,"href":"https:\/\/www.lotterycritic.com\/es\/wp-json\/wp\/v2\/pages\/14153\/revisions"}],"predecessor-version":[{"id":14154,"href":"https:\/\/www.lotterycritic.com\/es\/wp-json\/wp\/v2\/pages\/14153\/revisions\/14154"}],"up":[{"embeddable":true,"href":"https:\/\/www.lotterycritic.com\/es\/wp-json\/wp\/v2\/pages\/14138"}],"wp:attachment":[{"href":"https:\/\/www.lotterycritic.com\/es\/wp-json\/wp\/v2\/media?parent=14153"}],"curies":[{"name":"wp","href":"https:\/\/api.w.org\/{rel}","templated":true}]}}