{"id":14147,"date":"2023-08-10T22:13:33","date_gmt":"2023-08-10T22:13:33","guid":{"rendered":"https:\/\/www.lotterycritic.com\/resultados-loteria\/nueva-york\/resultados-de-loteria-cash4life-de-nueva-york-ny-y-numeros-ganadores-ayer-hoy\/"},"modified":"2023-08-11T13:22:11","modified_gmt":"2023-08-11T13:22:11","slug":"cash4life","status":"publish","type":"page","link":"https:\/\/www.lotterycritic.com\/es\/resultados-loteria\/nueva-york\/cash4life\/","title":{"rendered":"Resultados de Loter\u00eda Cash4Life de Nueva York (NY) y N\u00fameros Ganadores [Ayer + Hoy]"},"content":{"rendered":"<p style=\"text-align: center;\"><span style=\"font-weight: 400;\"><a class=\"btn btn_primary lcPShortac\" rel=\"nofollow\" target=\"_blank\" href=\"https:\/\/www.thelotter.com\/lottery-tickets\/cash4life\/?tl_affid=12204&tl_bannerid=b99bfe88&chan=LC\">Juegue al Cash4Life en l\u00ednea<\/a><\/span><\/p>\n<p>&nbsp;<\/p>\n<p><\/p>\n<p>Si le suena bien ganar $1,000 todos los d\u00edas por el resto de su vida, entonces el Cash4Life le ofrece la oportunidad de exactamente eso. Y si est\u00e1 interesado, tambi\u00e9n existen algunas opciones para <a href=\"https:\/\/www.lotterycritic.com\/reviews\/\">jugar este tipo de loter\u00edas en l\u00ednea.<\/a><\/p>\n<p><img decoding=\"async\" class=\"aligncenter wp-image-14148 size-full\" src=\"https:\/\/www.lotterycritic.com\/wp-content\/uploads\/2018\/12\/new-york-lottery-cash4life.png\" alt=\"New York NY Cash4Life\" width=\"336\" height=\"150\" srcset=\"https:\/\/www.lotterycritic.com\/wp-content\/uploads\/2018\/12\/new-york-lottery-cash4life.png 336w, https:\/\/www.lotterycritic.com\/wp-content\/uploads\/2018\/12\/new-york-lottery-cash4life-300x134.png 300w\" sizes=\"(max-width: 336px) 100vw, 336px\" \/><\/p>\n<p>\n<\/p>\n<p><section><div class=\"section-anchor\" id=\"how-to-play\"><\/div><\/p>\n<h2>C\u00f3mo jugar al Cash4Life de Nueva York<\/h2>\n<h3>Elija sus n\u00fameros<\/h3>\n<p>Puede usar la opci\u00f3n Quick Pick para que la computadora escoja autom\u00e1ticamente sus n\u00fameros, o puede elegir sus propios n\u00fameros llenando una papeleta y marcando 5 n\u00fameros del 1 al 60, adem\u00e1s de un n\u00famero extra del 1 al 4.<\/p>\n<h3>Compre su billete<\/h3>\n<p>Puede comprar billetes del Cash4Life de Nueva York en puntos de venta autorizados, por un costo de $2 cada uno.<\/p>\n<p>Tambi\u00e9n puede comprar una suscripci\u00f3n en l\u00ednea para el Cash4Life de Nueva York en el <a href=\"https:\/\/www.mynylottery.org\/portal\/home.do\" target=\"_blank\" rel=\"nofollow noopener noreferrer\">Centro de Suscripci\u00f3n de la Loter\u00eda de Nueva York<\/a>.<\/p>\n<p>\n<\/section><\/p>\n<p><section><div class=\"section-anchor\" id=\"drawing-schedule\"><\/div><\/p>\n<h2>Calendario de sorteos del Cash4Life de Nueva York<\/h2>\n<p>El Cash4Life de Nueva York se sortea <strong>todos los d\u00edas a las 9:00 PM EST<\/strong>.<\/p>\n<p>La compra de billetes cierra a las 8:45 PM.<\/p>\n<p>\n<\/section><\/p>\n<p><section><div class=\"section-anchor\" id=\"payouts-odds-and-rules\"><\/div><\/p>\n<h2>Pagos y Reglas del Cash4Life de Nueva York<\/h2>\n<p>Las mec\u00e1nicas del Cash4Life de Nueva York son simples. Para jugar, debe elegir 5 n\u00fameros principales de un grupo que va del 1 al 60, adem\u00e1s del n\u00famero Cash Ball entre un rango del 1 al 4.<\/p>\n<p>Para quedarse con el premio mayor, tendr\u00e1 que coincidir en los cinco n\u00fameros principales, junto con el Cash Ball. Mientras que, para ganar el segundo premio, debe acertar los cinco n\u00fameros principales. El juego cuenta con nueve niveles de premios diferentes.<\/p>\n<p>\u00a1Es as\u00ed de simple!<\/p>\n<h3>Premios y Probabilidades del Cash4Life de Nueva York<\/h3>\n<table>\n<tbody>\n<tr>\n<td><strong>N\u00fameros acertados<\/strong><\/td>\n<td><strong>Premio<\/strong><\/td>\n<td><strong>Probabilidades<\/strong><\/td>\n<\/tr>\n<tr>\n<td>5 de 5 + 1<\/td>\n<td>$1,000 por d\u00eda de por vida<\/td>\n<td>1 en 21,846,048<\/td>\n<\/tr>\n<tr>\n<td>5 de 5<\/td>\n<td>$1,000 por semana de por vida<\/td>\n<td>1 en 7,282,016<\/td>\n<\/tr>\n<tr>\n<td>4 de 5 + 1<\/td>\n<td>$2,500<\/td>\n<td>1 en 79,440<\/td>\n<\/tr>\n<tr>\n<td>4 de 5<\/td>\n<td>$500<\/td>\n<td>1 en 26,480<\/td>\n<\/tr>\n<tr>\n<td>3 de 5 + 1<\/td>\n<td>$100<\/td>\n<td>1 en 1,471<\/td>\n<\/tr>\n<tr>\n<td>3 de 5<\/td>\n<td>$25<\/td>\n<td>1 en 490<\/td>\n<\/tr>\n<tr>\n<td>2 de 5 + 1<\/td>\n<td>$10<\/td>\n<td>1 en 83<\/td>\n<\/tr>\n<tr>\n<td>2 de 5<\/td>\n<td>$4<\/td>\n<td>1 en 28<\/td>\n<\/tr>\n<tr>\n<td>1 de 5 + 1<\/td>\n<td>$2<\/td>\n<td>1 en 13<\/td>\n<\/tr>\n<\/tbody>\n<\/table>\n<p>\n<\/section><\/p>\n<p style=\"text-align: center;\"><span style=\"font-weight: 400;\"><a class=\"btn btn_primary lcPShortac\" rel=\"nofollow\" target=\"_blank\" href=\"https:\/\/www.thelotter.com\/lottery-tickets\/cash4life\/?tl_affid=12204&tl_bannerid=b99bfe88&chan=LC\">Juegue al Cash4Life en l\u00ednea<\/a><\/span><\/p>\n<p><section><div class=\"section-anchor\" id=\"claim-your-prize\"><\/div><\/p>\n<h3>Reclame su premio del Cash4Life de Nueva York<\/h3>\n<p>Si gana alguno de los dos premios m\u00e1s altos, puede elegir entre el pago como suma total o el pago por anualidad. Si elige la suma total, obtiene $7,000,000 del premio mayor, mientras que se le entregar\u00e1n $1,000,000 por el segundo premio.<\/p>\n<p>Por otro lado, si escoge la anualidad, recibir\u00e1 $1,000 por d\u00eda de por vida para el premio mayor, y $1,000 por semana de por vida para el segundo premio.<\/p>\n<p>Finalmente, debe tener en cuenta que los premios del Cash4Life est\u00e1n sujetos a impuestos estatales y federales, as\u00ed que no espere recibir la totalidad del premio anunciado.<\/p>\n<p>\n<\/section><\/p>\n<p><section><div class=\"section-anchor\" id=\"biggest-winners\"><\/div><\/p>\n<h2>Los mayores ganadores del Cash4Life de Nueva York<\/h2>\n<p>Por la misma estructura del Cash4Life, que cuenta con un \u00fanico premio, t\u00e9cnicamente no existen los \u201cmayores ganadores\u201d. Si bien es cierto que ning\u00fan jugador gana m\u00e1s que cualquier otro, a\u00fan se puede decir que son grandes ganadores.<\/p>\n<p>Todos los ganadores del premio mayor ganan $7,000,000 (antes de impuestos) o $1,000 por d\u00eda de por vida. \u00a1Es una suma importante!<\/p>\n<p>Estos son algunos de los ganadores del Cash4Life de Nueva York:<\/p>\n<ul>\n<li>La primera persona en ganar los $1,000 por d\u00eda de por vida, fue <strong>Edna Aguayo<\/strong> de Ozone Park, Queens. Edna, una polic\u00eda de tr\u00e1nsito retirada, gan\u00f3 el sorteo del Cash4Life de Nueva York el 14 de julio de 2014.<\/li>\n<li>Aunque la Loter\u00eda de Nueva York confirm\u00f3 que un billete ganador del sorteo del 23 de junio, fue comprado en un 7-Eleven en Bayside; un mes antes de que Edna ganara. No est\u00e1 claro cu\u00e1l de los ganadores termin\u00f3 reclamando su premio. No existe registro de ello.<\/li>\n<li><strong>Frederick McClendon,<\/strong> un conductor de bus retirado de Brooklyn, gan\u00f3 el premio mayor con un Quick Pick. Compr\u00f3 su billete el 24 de noviembre de 2014 en una tienda MX Wines & Spirits en Brooklyn, en donde un trabajador le dijo que alguien hab\u00eda ganado el \u00faltimo sorteo. McClendon revis\u00f3 su billete de inmediato, y se convirti\u00f3 en el neoyorquino n\u00famero 160 en ganar m\u00e1s de $1 mill\u00f3n durante los sorteos del Cash4Life de 2014.<\/li>\n<li><strong>Rodney Cochran<\/strong>, tambi\u00e9n de Brooklyn (e igualmente conductor de bus en ese momento) gan\u00f3 el premio de $7 millones en el sorteo del 31 de julio. Al momento de ganar, le dijo a la prensa que usar\u00eda el dinero para ayudar a su familia y mejorar su condici\u00f3n de vida.<\/li>\n<\/ul>\n<p>\n<\/section><\/p>\n<p><section><div class=\"section-anchor\" id=\"history-and-facts\"><\/div><\/p>\n<h2>Historia y Datos sobre el Cash4Life de Nueva York<\/h2>\n<ul>\n<li>Los primeros tres niveles de premio tienen l\u00edmites de responsabilidad, lo que significa que si se supera un n\u00famero razonable de ganadores, cada uno de ellos recibir\u00e1 autom\u00e1ticamente su premio como una suma total.<\/li>\n<li>Cerca del 5 % de la venta de billetes se destina a la bolsa de premios.<\/li>\n<li>Nueva York y <a href=\"https:\/\/www.lotterycritic.com\/es\/resultados-loteria\/nueva-jersey\/\">Nueva Jersey<\/a> fueron los primeros en ofrecer el Cash4Life en junio de 2014.<\/li>\n<\/ul>\n<p>\n<\/section><\/p>\n<p>&nbsp;<\/p>\n<p style=\"text-align: center;\"><span style=\"font-weight: 400;\"><a class=\"btn btn_primary lcPShortac\" rel=\"nofollow\" target=\"_blank\" href=\"https:\/\/www.thelotter.com\/lottery-tickets\/cash4life\/?tl_affid=12204&tl_bannerid=b99bfe88&chan=LC\">Juegue al Cash4Life en l\u00ednea<\/a><br \/>\n<\/span><\/p>\n<p><section><div class=\"section-anchor\" id=\"other-new-york-lotteries\"><\/div><\/p>\n<h2>Otras loter\u00edas de Nueva York<\/h2>\n<p>Conozca los resultados m\u00e1s recientes, premio mayor, probabilidades de ganar, pago de premios, calendario de sorteos semanales y dem\u00e1s informaci\u00f3n \u00fatil para <a href=\"https:\/\/www.lotterycritic.com\/es\/resultados-loteria\/nueva-york\/\">todas las loter\u00edas de Nueva York<\/a> como <a href=\"https:\/\/www.lotterycritic.com\/lottery-results\/illinois\/lotto\/\">New York Lotto,<\/a> <a href=\"https:\/\/www.lotterycritic.com\/lottery-results\/new-york\/take-5\/\">Take 5<\/a>, <a href=\"https:\/\/www.lotterycritic.com\/lottery-results\/new-york\/numbers\/\">Numbers<\/a>, <a href=\"https:\/\/www.lotterycritic.com\/es\/resultados-loteria\/nueva-york\/win-4\/\">Win 4<\/a>, <a href=\"https:\/\/www.lotterycritic.com\/lottery-results\/new-york\/pick-10\/\">Pick 10<\/a>, Raspables, y las loter\u00edas m\u00e1s populares en varios estados, <a href=\"https:\/\/www.lotterycritic.com\/es\/resultados-loteria\/carolina-del-sur\/powerball\/\" rel=\"\">Powerball<\/a> y\u00a0<a href=\"https:\/\/www.lotterycritic.com\/es\/resultados-loteria\/tennessee\/mega-millions\/\" rel=\"\">Mega Millions<\/a>.<\/p>\n<p>\n<\/section><\/p>\n<p>&nbsp;<\/p>\n","protected":false},"excerpt":{"rendered":"<p>&nbsp; &nbsp; &nbsp;<\/p>\n","protected":false},"author":6,"featured_media":0,"parent":14138,"menu_order":0,"comment_status":"closed","ping_status":"closed","template":"lottery-results-game-child-template.php","meta":{"footnotes":""},"class_list":["post-14147","page","type-page","status-publish","hentry"],"acf":[],"yoast_head":"<!-- This site is optimized with the Yoast SEO plugin v23.4 - https:\/\/yoast.com\/wordpress\/plugins\/seo\/ -->\n<title>Loter\u00eda Cash4Life de Nueva York: Resultados y N\u00fameros Ganadores [Ayer+Hoy]<\/title>\n<meta name=\"description\" content=\"Obtenga los resultados del Cash4Life de la Loter\u00eda de Nueva York, n\u00fameros ganadores m\u00e1s recientes, premio mayor vigente, probabilidades de ganar, pago de premios, calendario de sorteos y m\u00e1s.\" \/>\n<meta name=\"robots\" content=\"index, follow, max-snippet:-1, max-image-preview:large, max-video-preview:-1\" \/>\n<link rel=\"canonical\" href=\"https:\/\/www.lotterycritic.com\/es\/resultados-loteria\/nueva-york\/cash4life\/\" \/>\n<meta property=\"og:locale\" content=\"es_ES\" \/>\n<meta property=\"og:type\" content=\"article\" \/>\n<meta property=\"og:title\" content=\"Loter\u00eda Cash4Life de Nueva York: Resultados y N\u00fameros Ganadores [Ayer+Hoy]\" \/>\n<meta property=\"og:description\" content=\"Obtenga los resultados del Cash4Life de la Loter\u00eda de Nueva York, n\u00fameros ganadores m\u00e1s recientes, premio mayor vigente, probabilidades de ganar, pago de premios, calendario de sorteos y m\u00e1s.\" \/>\n<meta property=\"og:url\" content=\"https:\/\/www.lotterycritic.com\/es\/resultados-loteria\/nueva-york\/cash4life\/\" \/>\n<meta property=\"og:site_name\" content=\"Lottery Critic\" \/>\n<meta property=\"article:modified_time\" content=\"2023-08-11T13:22:11+00:00\" \/>\n<meta property=\"og:image\" content=\"https:\/\/www.lotterycritic.com\/wp-content\/uploads\/2018\/12\/new-york-lottery-cash4life.png\" \/>\n<meta name=\"twitter:card\" content=\"summary_large_image\" \/>\n<meta name=\"twitter:label1\" content=\"Tiempo de lectura\" \/>\n\t<meta name=\"twitter:data1\" content=\"5 minutos\" \/>\n<script type=\"application\/ld+json\" class=\"yoast-schema-graph\">{\"@context\":\"https:\/\/schema.org\",\"@graph\":[{\"@type\":\"WebPage\",\"@id\":\"https:\/\/www.lotterycritic.com\/es\/resultados-loteria\/nueva-york\/cash4life\/\",\"url\":\"https:\/\/www.lotterycritic.com\/es\/resultados-loteria\/nueva-york\/cash4life\/\",\"name\":\"Loter\u00eda Cash4Life de Nueva York: Resultados y N\u00fameros Ganadores [Ayer+Hoy]\",\"isPartOf\":{\"@id\":\"https:\/\/www.lotterycritic.com\/es\/#website\"},\"primaryImageOfPage\":{\"@id\":\"https:\/\/www.lotterycritic.com\/es\/resultados-loteria\/nueva-york\/cash4life\/#primaryimage\"},\"image\":{\"@id\":\"https:\/\/www.lotterycritic.com\/es\/resultados-loteria\/nueva-york\/cash4life\/#primaryimage\"},\"thumbnailUrl\":\"https:\/\/www.lotterycritic.com\/wp-content\/uploads\/2018\/12\/new-york-lottery-cash4life.png\",\"datePublished\":\"2023-08-10T22:13:33+00:00\",\"dateModified\":\"2023-08-11T13:22:11+00:00\",\"description\":\"Obtenga los resultados del Cash4Life de la Loter\u00eda de Nueva York, n\u00fameros ganadores m\u00e1s recientes, premio mayor vigente, probabilidades de ganar, pago de premios, calendario de sorteos y m\u00e1s.\",\"breadcrumb\":{\"@id\":\"https:\/\/www.lotterycritic.com\/es\/resultados-loteria\/nueva-york\/cash4life\/#breadcrumb\"},\"inLanguage\":\"es\",\"potentialAction\":[{\"@type\":\"ReadAction\",\"target\":[\"https:\/\/www.lotterycritic.com\/es\/resultados-loteria\/nueva-york\/cash4life\/\"]}]},{\"@type\":\"ImageObject\",\"inLanguage\":\"es\",\"@id\":\"https:\/\/www.lotterycritic.com\/es\/resultados-loteria\/nueva-york\/cash4life\/#primaryimage\",\"url\":\"https:\/\/www.lotterycritic.com\/wp-content\/uploads\/2018\/12\/new-york-lottery-cash4life.png\",\"contentUrl\":\"https:\/\/www.lotterycritic.com\/wp-content\/uploads\/2018\/12\/new-york-lottery-cash4life.png\"},{\"@type\":\"BreadcrumbList\",\"@id\":\"https:\/\/www.lotterycritic.com\/es\/resultados-loteria\/nueva-york\/cash4life\/#breadcrumb\",\"itemListElement\":[{\"@type\":\"ListItem\",\"position\":1,\"name\":\"Home\",\"item\":\"https:\/\/www.lotterycritic.com\/es\/\"},{\"@type\":\"ListItem\",\"position\":2,\"name\":\"Resultados de La Loter\u00eda Americana &#8211; Los \u00daltimos N\u00fameros Ganadores de La Loter\u00eda de Estados Unidos\",\"item\":\"https:\/\/www.lotterycritic.com\/es\/resultados-loteria\/\"},{\"@type\":\"ListItem\",\"position\":3,\"name\":\"Resultados de La Loter\u00eda de Nueva York (NY) &#8211; Comprueba Los N\u00fameros Ganadores de Hoy En New York\",\"item\":\"https:\/\/www.lotterycritic.com\/es\/resultados-loteria\/nueva-york\/\"},{\"@type\":\"ListItem\",\"position\":4,\"name\":\"Resultados de Loter\u00eda Cash4Life de Nueva York (NY) y N\u00fameros Ganadores [Ayer + Hoy]\"}]},{\"@type\":\"WebSite\",\"@id\":\"https:\/\/www.lotterycritic.com\/es\/#website\",\"url\":\"https:\/\/www.lotterycritic.com\/es\/\",\"name\":\"Lottery Critic\",\"description\":\"Your Guide to Lottery Results, Winning Numbers &amp; More\u2026\",\"potentialAction\":[{\"@type\":\"SearchAction\",\"target\":{\"@type\":\"EntryPoint\",\"urlTemplate\":\"https:\/\/www.lotterycritic.com\/es\/?s={search_term_string}\"},\"query-input\":{\"@type\":\"PropertyValueSpecification\",\"valueRequired\":true,\"valueName\":\"search_term_string\"}}],\"inLanguage\":\"es\"}]}<\/script>\n<!-- \/ Yoast SEO plugin. -->","yoast_head_json":{"title":"Loter\u00eda Cash4Life de Nueva York: Resultados y N\u00fameros Ganadores [Ayer+Hoy]","description":"Obtenga los resultados del Cash4Life de la Loter\u00eda de Nueva York, n\u00fameros ganadores m\u00e1s recientes, premio mayor vigente, probabilidades de ganar, pago de premios, calendario de sorteos y m\u00e1s.","robots":{"index":"index","follow":"follow","max-snippet":"max-snippet:-1","max-image-preview":"max-image-preview:large","max-video-preview":"max-video-preview:-1"},"canonical":"https:\/\/www.lotterycritic.com\/es\/resultados-loteria\/nueva-york\/cash4life\/","og_locale":"es_ES","og_type":"article","og_title":"Loter\u00eda Cash4Life de Nueva York: Resultados y N\u00fameros Ganadores [Ayer+Hoy]","og_description":"Obtenga los resultados del Cash4Life de la Loter\u00eda de Nueva York, n\u00fameros ganadores m\u00e1s recientes, premio mayor vigente, probabilidades de ganar, pago de premios, calendario de sorteos y m\u00e1s.","og_url":"https:\/\/www.lotterycritic.com\/es\/resultados-loteria\/nueva-york\/cash4life\/","og_site_name":"Lottery Critic","article_modified_time":"2023-08-11T13:22:11+00:00","og_image":[{"url":"https:\/\/www.lotterycritic.com\/wp-content\/uploads\/2018\/12\/new-york-lottery-cash4life.png"}],"twitter_card":"summary_large_image","twitter_misc":{"Tiempo de lectura":"5 minutos"},"schema":{"@context":"https:\/\/schema.org","@graph":[{"@type":"WebPage","@id":"https:\/\/www.lotterycritic.com\/es\/resultados-loteria\/nueva-york\/cash4life\/","url":"https:\/\/www.lotterycritic.com\/es\/resultados-loteria\/nueva-york\/cash4life\/","name":"Loter\u00eda Cash4Life de Nueva York: Resultados y N\u00fameros Ganadores [Ayer+Hoy]","isPartOf":{"@id":"https:\/\/www.lotterycritic.com\/es\/#website"},"primaryImageOfPage":{"@id":"https:\/\/www.lotterycritic.com\/es\/resultados-loteria\/nueva-york\/cash4life\/#primaryimage"},"image":{"@id":"https:\/\/www.lotterycritic.com\/es\/resultados-loteria\/nueva-york\/cash4life\/#primaryimage"},"thumbnailUrl":"https:\/\/www.lotterycritic.com\/wp-content\/uploads\/2018\/12\/new-york-lottery-cash4life.png","datePublished":"2023-08-10T22:13:33+00:00","dateModified":"2023-08-11T13:22:11+00:00","description":"Obtenga los resultados del Cash4Life de la Loter\u00eda de Nueva York, n\u00fameros ganadores m\u00e1s recientes, premio mayor vigente, probabilidades de ganar, pago de premios, calendario de sorteos y m\u00e1s.","breadcrumb":{"@id":"https:\/\/www.lotterycritic.com\/es\/resultados-loteria\/nueva-york\/cash4life\/#breadcrumb"},"inLanguage":"es","potentialAction":[{"@type":"ReadAction","target":["https:\/\/www.lotterycritic.com\/es\/resultados-loteria\/nueva-york\/cash4life\/"]}]},{"@type":"ImageObject","inLanguage":"es","@id":"https:\/\/www.lotterycritic.com\/es\/resultados-loteria\/nueva-york\/cash4life\/#primaryimage","url":"https:\/\/www.lotterycritic.com\/wp-content\/uploads\/2018\/12\/new-york-lottery-cash4life.png","contentUrl":"https:\/\/www.lotterycritic.com\/wp-content\/uploads\/2018\/12\/new-york-lottery-cash4life.png"},{"@type":"BreadcrumbList","@id":"https:\/\/www.lotterycritic.com\/es\/resultados-loteria\/nueva-york\/cash4life\/#breadcrumb","itemListElement":[{"@type":"ListItem","position":1,"name":"Home","item":"https:\/\/www.lotterycritic.com\/es\/"},{"@type":"ListItem","position":2,"name":"Resultados de La Loter\u00eda Americana &#8211; Los \u00daltimos N\u00fameros Ganadores de La Loter\u00eda de Estados Unidos","item":"https:\/\/www.lotterycritic.com\/es\/resultados-loteria\/"},{"@type":"ListItem","position":3,"name":"Resultados de La Loter\u00eda de Nueva York (NY) &#8211; Comprueba Los N\u00fameros Ganadores de Hoy En New York","item":"https:\/\/www.lotterycritic.com\/es\/resultados-loteria\/nueva-york\/"},{"@type":"ListItem","position":4,"name":"Resultados de Loter\u00eda Cash4Life de Nueva York (NY) y N\u00fameros Ganadores [Ayer + Hoy]"}]},{"@type":"WebSite","@id":"https:\/\/www.lotterycritic.com\/es\/#website","url":"https:\/\/www.lotterycritic.com\/es\/","name":"Lottery Critic","description":"Your Guide to Lottery Results, Winning Numbers &amp; More\u2026","potentialAction":[{"@type":"SearchAction","target":{"@type":"EntryPoint","urlTemplate":"https:\/\/www.lotterycritic.com\/es\/?s={search_term_string}"},"query-input":{"@type":"PropertyValueSpecification","valueRequired":true,"valueName":"search_term_string"}}],"inLanguage":"es"}]}},"_links":{"self":[{"href":"https:\/\/www.lotterycritic.com\/es\/wp-json\/wp\/v2\/pages\/14147"}],"collection":[{"href":"https:\/\/www.lotterycritic.com\/es\/wp-json\/wp\/v2\/pages"}],"about":[{"href":"https:\/\/www.lotterycritic.com\/es\/wp-json\/wp\/v2\/types\/page"}],"author":[{"embeddable":true,"href":"https:\/\/www.lotterycritic.com\/es\/wp-json\/wp\/v2\/users\/6"}],"replies":[{"embeddable":true,"href":"https:\/\/www.lotterycritic.com\/es\/wp-json\/wp\/v2\/comments?post=14147"}],"version-history":[{"count":1,"href":"https:\/\/www.lotterycritic.com\/es\/wp-json\/wp\/v2\/pages\/14147\/revisions"}],"predecessor-version":[{"id":14150,"href":"https:\/\/www.lotterycritic.com\/es\/wp-json\/wp\/v2\/pages\/14147\/revisions\/14150"}],"up":[{"embeddable":true,"href":"https:\/\/www.lotterycritic.com\/es\/wp-json\/wp\/v2\/pages\/14138"}],"wp:attachment":[{"href":"https:\/\/www.lotterycritic.com\/es\/wp-json\/wp\/v2\/media?parent=14147"}],"curies":[{"name":"wp","href":"https:\/\/api.w.org\/{rel}","templated":true}]}}