{"id":14134,"date":"2023-08-09T02:58:36","date_gmt":"2023-08-09T02:58:36","guid":{"rendered":"https:\/\/www.lotterycritic.com\/resultados-loteria\/nueva-jersey\/resultados-del-pick-4-de-new-jersey-nj-y-numeros-ganadores-de-hoy-noche-dia\/"},"modified":"2023-08-11T13:20:27","modified_gmt":"2023-08-11T13:20:27","slug":"pick-4","status":"publish","type":"page","link":"https:\/\/www.lotterycritic.com\/es\/resultados-loteria\/nueva-jersey\/pick-4\/","title":{"rendered":"Resultados del Pick 4 de New Jersey (NJ) y N\u00fameros Ganadores de Hoy [Noche + D\u00eda]"},"content":{"rendered":"<p><img decoding=\"async\" class=\"size-medium wp-image-9307 aligncenter\" src=\"https:\/\/www.lotterycritic.com\/wp-content\/uploads\/2019\/12\/new-jersey-pick-4-logo-300x151.png\" alt=\"New Jersey Pick 4\" width=\"300\" height=\"151\" srcset=\"https:\/\/www.lotterycritic.com\/wp-content\/uploads\/2019\/12\/new-jersey-pick-4-logo-300x151.png 300w, https:\/\/www.lotterycritic.com\/wp-content\/uploads\/2019\/12\/new-jersey-pick-4-logo.png 316w\" sizes=\"(max-width: 300px) 100vw, 300px\" \/><\/p>\n<p><section><div class=\"section-anchor\" id=\"how-to-play\"><\/div><\/p>\n<h2>C\u00f3mo jugar al Pick 4 de Nueva Jersey<\/h2>\n<h3>Escoja sus n\u00fameros<\/h3>\n<p>Puede usar la opci\u00f3n de Quick Pick para que la computadora elija sus n\u00fameros autom\u00e1ticamente, o puede elegirlos usted mismo llenando una papeleta, seleccionando un n\u00famero de cuatro d\u00edgitos del 0000 al 9999.<\/p>\n<h3>Compre su billete<\/h3>\n<p>Puede comprar su billete del Pick 4 en puntos de venta autorizados en Nueva Jersey. No est\u00e1 disponible en l\u00ednea.<\/p>\n<p>\n<\/section><\/p>\n<p><section><div class=\"section-anchor\" id=\"drawing-schedule\"><\/div><\/p>\n<h2>Calendario de sorteos del Pick 4 de Nueva Jersey<\/h2>\n<p>Los sorteos del Pick 4 suceden <strong>dos veces al d\u00eda, siete d\u00edas a la semana, alrededor de las 12:59 PM y 7:57 PM EST<\/strong>.<\/p>\n<p>La hora l\u00edmite para compra de billetes es 12:53 PM para el sorteo del mediod\u00eda, y 7:53 PM para el sorteo de la noche.<\/p>\n<p>\n<\/section><\/p>\n<p><section><div class=\"section-anchor\" id=\"payouts-odds-and-rules\"><\/div><\/p>\n<h2>Pagos y Reglas del Pick 4 de Nueva Jersey<\/h2>\n<p>El Pick 4 de Nueva Jersey ofrece 5 estilos de juego. Puede elegir entre straight, box, straight\/box, wheel o pares. Despu\u00e9s, tendr\u00e1 que escoger el valor de su apuesta, desde $0.50 hasta $5. Luego, seleccione sus n\u00fameros y los sorteos en los cuales desea participar.<\/p>\n<h3>FIREBALL<\/h3>\n<p>Jugar el Pick 4 con FIREBALL le otorga un n\u00famero extra y m\u00e1s oportunidades de ganar. Tambi\u00e9n duplica su apuesta para cada juego.<\/p>\n<h3>Instant Match<\/h3>\n<p>Por $1 adicional, puede habilitar el Instant Match. Con este modo opcional, se imprimen n\u00fameros adicionales autom\u00e1ticamente en su billete. Si sus n\u00fameros elegidos coinciden con alguno de los n\u00fameros Instant Match, autom\u00e1ticamente gana la cantidad indicada, que llega hasta los $500.<\/p>\n<h3>Premios y Probabilidades del Pick 4 de Nueva Jersey<\/h3>\n<table>\n<tbody>\n<tr>\n<td><strong>Tipo de juego y aciertos<\/strong><\/td>\n<td><strong>Premio con una apuesta de $0.50<\/strong><\/td>\n<td><strong>Premio con una apuesta de $0.50\u00a0+ FIREBALL<\/strong><\/td>\n<td><strong>Premio con una apuesta de $1<\/strong><\/td>\n<td><strong>Premio con una apuesta de $1 + FIREBALL<\/strong><\/td>\n<td><strong>Probabilidades de ganar<\/strong><\/td>\n<td><strong>Probabilidades con FIREBALL<\/strong><\/td>\n<\/tr>\n<tr>\n<td>Straight<\/td>\n<td>$2,500<\/td>\n<td>$687.50<\/td>\n<td>$5,000<\/td>\n<td>$1,375<\/td>\n<td>1 en 10,000<\/td>\n<td>1 en 2,500<\/td>\n<\/tr>\n<tr>\n<td>Box 4-way<\/td>\n<td>$600<\/td>\n<td>$171.50<\/td>\n<td>$1,200<\/td>\n<td>$343<\/td>\n<td>1 en 2,500<\/td>\n<td>1 en 625<\/td>\n<\/tr>\n<tr>\n<td>Box 6-way<\/td>\n<td>$400<\/td>\n<td>$114.50<\/td>\n<td>$800<\/td>\n<td>$229<\/td>\n<td>1 en 1,667<\/td>\n<td>1 en 417<\/td>\n<\/tr>\n<tr>\n<td>Box 12-way<\/td>\n<td>$200<\/td>\n<td>$57<\/td>\n<td>$400<\/td>\n<td>$114<\/td>\n<td>1 en 833<\/td>\n<td>1 en 208<\/td>\n<\/tr>\n<tr>\n<td>Box 24-way<\/td>\n<td>$100<\/td>\n<td>$28.50<\/td>\n<td>$200<\/td>\n<td>$57<\/td>\n<td>1 en 417<\/td>\n<td>1 en 104<\/td>\n<\/tr>\n<tr>\n<td>Wheel 4-way<\/td>\n<td>$2,500 (apuesta de $2)<\/td>\n<td>$687.50<\/td>\n<td>$5,000 (apuesta de $4)<\/td>\n<td>$1,375<\/td>\n<td>1 en 10,000<\/td>\n<td>1 en 625<\/td>\n<\/tr>\n<tr>\n<td>Wheel 6-way<\/td>\n<td>$2,500 (apuesta de $3)<\/td>\n<td>$687.50<\/td>\n<td>$5,000 (apuesta de $6)<\/td>\n<td>$1,375<\/td>\n<td>1 en 10,000<\/td>\n<td>1 en 417<\/td>\n<\/tr>\n<tr>\n<td>Wheel 12-way<\/td>\n<td>$2,500 (apuesta de $6)<\/td>\n<td>$687.50<\/td>\n<td>$5,000 (apuesta de $12)<\/td>\n<td>$1,375<\/td>\n<td>1 en 10,000<\/td>\n<td>1 en 208<\/td>\n<\/tr>\n<tr>\n<td>Wheel 24-way<\/td>\n<td>$2,500 (apuesta de $12)<\/td>\n<td>$687.50<\/td>\n<td>$5,000 (apuesta de $24)<\/td>\n<td>$1,375<\/td>\n<td>1 en 10,000<\/td>\n<td>1 en 104<\/td>\n<\/tr>\n<tr>\n<td>Straight\/Box 4-way<\/td>\n<td>&#8211;<\/td>\n<td>&#8211;<\/td>\n<td>$3,100 (straight)<br \/>\n$600 (box)<\/td>\n<td>$859 (straight)<br \/>\n$171.50 (box)<\/td>\n<td>1 en 10,000 (straight)<br \/>\n1 en 2,500 (box)<\/td>\n<td>1 en 2,500 (straight)<br \/>\n1 en 625 (box)<\/td>\n<\/tr>\n<tr>\n<td>Straight\/Box 6-way<\/td>\n<td>&#8211;<\/td>\n<td>&#8211;<\/td>\n<td>$2,900 (straight)<br \/>\n$400 (box)<\/td>\n<td>$802 (straight)<br \/>\n$114.50 (box)<\/td>\n<td>1 en 10,000 (straight)<br \/>\n1 en 1,667 (box)<\/td>\n<td>1 en 2,500 (straight)<br \/>\n1 en 417 (box)<\/td>\n<\/tr>\n<tr>\n<td>Straight\/Box 12-way<\/td>\n<td>&#8211;<\/td>\n<td>&#8211;<\/td>\n<td>$2,700 (straight)<br \/>\n$200 (box)<\/td>\n<td>$744.50 (straight)<br \/>\n$57 (box)<\/td>\n<td>1 en 10,000 (straight)<br \/>\n1 en 833 (box)<\/td>\n<td>1 en 2,500 (straight)<br \/>\n1 en 208 (box)<\/td>\n<\/tr>\n<tr>\n<td>Straight\/Box 24-way<\/td>\n<td>&#8211;<\/td>\n<td>&#8211;<\/td>\n<td>$2,600 (straight)<br \/>\n$100 (box)<\/td>\n<td>$716 (straight)<br \/>\n$28.50 (box)<\/td>\n<td>1 en 10,000 (straight)<br \/>\n1 en 417 (box)<\/td>\n<td>1 en 2,500 (straight)<br \/>\n1 en 104 (box)<\/td>\n<\/tr>\n<tr>\n<td>Front Pair<\/td>\n<td>$25<\/td>\n<td>$6.50<\/td>\n<td>$50<\/td>\n<td>$13<\/td>\n<td>1 en 100<\/td>\n<td>1 en 25<\/td>\n<\/tr>\n<tr>\n<td>Back Pair<\/td>\n<td>$25<\/td>\n<td>$6.50<\/td>\n<td>$50<\/td>\n<td>$13<\/td>\n<td>1 en 100<\/td>\n<td>1 en 25<\/td>\n<\/tr>\n<\/tbody>\n<\/table>\n<p>Tenga en cuenta que los pagos son aproximados, ya que el premio es compartido entre los ganadores con base en una f\u00f3rmula pari-mutuel.<\/p>\n<p>\n<\/section><\/p>\n<p><section><div class=\"section-anchor\" id=\"claim-your-prize\"><\/div><\/p>\n<h2>Reclame su premio del Pick 4 de Nueva Jersey<\/h2>\n<p>Para reclamar premios de $599.50 o menos, los ganadores pueden ir directamente a un punto de venta. Por otra parte, premios de $600 y por encima, requieren que el ganador llene el <a href=\"https:\/\/www.njlottery.com\/content\/dam\/portal\/pdfs\/about_us\/Claim%20Form.pdf\">Formulario de Reclamo de la Loter\u00eda de Nueva Jersey<\/a>\u00a0y entregarlo a la Oficina Principal de la Loter\u00eda de Nueva Jersey, ya sea por medio de correo postal o personalmente.<\/p>\n<p>\n<\/section><\/p>\n<p><section><div class=\"section-anchor\" id=\"other-new-jersey-lotteries\"><\/div><\/p>\n<h2>Otras loter\u00edas de Nueva Jersey<\/h2>\n<p>Compruebe los resultados m\u00e1s recientes, premio mayor, probabilidades de ganar, pago de premios, calendario de sorteos semanales y dem\u00e1s informaci\u00f3n \u00fatil para\u00a0<a href=\"https:\/\/www.lotterycritic.com\/es\/resultados-loteria\/nueva-jersey\/\">todas las loter\u00edas de Nueva Jersey<\/a>\u00a0como\u00a0<a href=\"https:\/\/www.lotterycritic.com\/lottery-results\/new-jersey\/pick-6\/\">Pick 6<\/a>,\u00a0<a href=\"https:\/\/www.lotterycritic.com\/es\/resultados-loteria\/nueva-jersey\/cash4life\/\">Cash4Life<\/a>,\u00a0<a href=\"https:\/\/www.lotterycritic.com\/es\/resultados-loteria\/nueva-jersey\/pick-3\/\">Pick 3<\/a>,\u00a0<a href=\"https:\/\/www.lotterycritic.com\/es\/resultados-loteria\/nueva-jersey\/jersey-cash-5\/\">Jersey Cash 5<\/a>,\u00a0<a href=\"https:\/\/www.lotterycritic.com\/lottery-results\/maryland\/5-card-cash\/\">5 Card Cash<\/a>, Raspables, y las loter\u00edas m\u00e1s populares en varios estados,\u00a0<a href=\"https:\/\/www.lotterycritic.com\/es\/resultados-loteria\/carolina-del-sur\/powerball\/\" rel=\"\">Powerball<\/a>\u00a0y\u00a0<a href=\"https:\/\/www.lotterycritic.com\/es\/resultados-loteria\/tennessee\/mega-millions\/\" rel=\"\">Mega Millions<\/a>.<\/p>\n<p>\n<\/section><\/p>\n","protected":false},"excerpt":{"rendered":"","protected":false},"author":6,"featured_media":0,"parent":14121,"menu_order":0,"comment_status":"closed","ping_status":"closed","template":"lottery-results-game-child-template.php","meta":{"footnotes":""},"class_list":["post-14134","page","type-page","status-publish","hentry"],"acf":[],"yoast_head":"<!-- This site is optimized with the Yoast SEO plugin v23.4 - https:\/\/yoast.com\/wordpress\/plugins\/seo\/ -->\n<title>Pick 4 de New Jersey (NJ): Resultados y N\u00fameros Ganadores Hoy [Noche+D\u00eda]<\/title>\n<meta name=\"description\" content=\"Obtenga los resultados del Pick 4 de Nueva Jersey (NJ), n\u00fameros ganadores m\u00e1s recientes, premio mayor vigente, probabilidades de ganar, pago de premios, calendario de sorteos y m\u00e1s.\" \/>\n<meta name=\"robots\" content=\"index, follow, max-snippet:-1, max-image-preview:large, max-video-preview:-1\" \/>\n<link rel=\"canonical\" href=\"https:\/\/www.lotterycritic.com\/es\/resultados-loteria\/nueva-jersey\/pick-4\/\" \/>\n<meta property=\"og:locale\" content=\"es_ES\" \/>\n<meta property=\"og:type\" content=\"article\" \/>\n<meta property=\"og:title\" content=\"Pick 4 de New Jersey (NJ): Resultados y N\u00fameros Ganadores Hoy [Noche+D\u00eda]\" \/>\n<meta property=\"og:description\" content=\"Obtenga los resultados del Pick 4 de Nueva Jersey (NJ), n\u00fameros ganadores m\u00e1s recientes, premio mayor vigente, probabilidades de ganar, pago de premios, calendario de sorteos y m\u00e1s.\" \/>\n<meta property=\"og:url\" content=\"https:\/\/www.lotterycritic.com\/es\/resultados-loteria\/nueva-jersey\/pick-4\/\" \/>\n<meta property=\"og:site_name\" content=\"Lottery Critic\" \/>\n<meta property=\"article:modified_time\" content=\"2023-08-11T13:20:27+00:00\" \/>\n<meta property=\"og:image\" content=\"https:\/\/www.lotterycritic.com\/wp-content\/uploads\/2019\/12\/new-jersey-pick-4-logo-300x151.png\" \/>\n<meta name=\"twitter:card\" content=\"summary_large_image\" \/>\n<meta name=\"twitter:label1\" content=\"Tiempo de lectura\" \/>\n\t<meta name=\"twitter:data1\" content=\"4 minutos\" \/>\n<script type=\"application\/ld+json\" class=\"yoast-schema-graph\">{\"@context\":\"https:\/\/schema.org\",\"@graph\":[{\"@type\":\"WebPage\",\"@id\":\"https:\/\/www.lotterycritic.com\/es\/resultados-loteria\/nueva-jersey\/pick-4\/\",\"url\":\"https:\/\/www.lotterycritic.com\/es\/resultados-loteria\/nueva-jersey\/pick-4\/\",\"name\":\"Pick 4 de New Jersey (NJ): Resultados y N\u00fameros Ganadores Hoy [Noche+D\u00eda]\",\"isPartOf\":{\"@id\":\"https:\/\/www.lotterycritic.com\/es\/#website\"},\"primaryImageOfPage\":{\"@id\":\"https:\/\/www.lotterycritic.com\/es\/resultados-loteria\/nueva-jersey\/pick-4\/#primaryimage\"},\"image\":{\"@id\":\"https:\/\/www.lotterycritic.com\/es\/resultados-loteria\/nueva-jersey\/pick-4\/#primaryimage\"},\"thumbnailUrl\":\"https:\/\/www.lotterycritic.com\/wp-content\/uploads\/2019\/12\/new-jersey-pick-4-logo-300x151.png\",\"datePublished\":\"2023-08-09T02:58:36+00:00\",\"dateModified\":\"2023-08-11T13:20:27+00:00\",\"description\":\"Obtenga los resultados del Pick 4 de Nueva Jersey (NJ), n\u00fameros ganadores m\u00e1s recientes, premio mayor vigente, probabilidades de ganar, pago de premios, calendario de sorteos y m\u00e1s.\",\"breadcrumb\":{\"@id\":\"https:\/\/www.lotterycritic.com\/es\/resultados-loteria\/nueva-jersey\/pick-4\/#breadcrumb\"},\"inLanguage\":\"es\",\"potentialAction\":[{\"@type\":\"ReadAction\",\"target\":[\"https:\/\/www.lotterycritic.com\/es\/resultados-loteria\/nueva-jersey\/pick-4\/\"]}]},{\"@type\":\"ImageObject\",\"inLanguage\":\"es\",\"@id\":\"https:\/\/www.lotterycritic.com\/es\/resultados-loteria\/nueva-jersey\/pick-4\/#primaryimage\",\"url\":\"https:\/\/www.lotterycritic.com\/wp-content\/uploads\/2019\/12\/new-jersey-pick-4-logo-300x151.png\",\"contentUrl\":\"https:\/\/www.lotterycritic.com\/wp-content\/uploads\/2019\/12\/new-jersey-pick-4-logo-300x151.png\"},{\"@type\":\"BreadcrumbList\",\"@id\":\"https:\/\/www.lotterycritic.com\/es\/resultados-loteria\/nueva-jersey\/pick-4\/#breadcrumb\",\"itemListElement\":[{\"@type\":\"ListItem\",\"position\":1,\"name\":\"Home\",\"item\":\"https:\/\/www.lotterycritic.com\/es\/\"},{\"@type\":\"ListItem\",\"position\":2,\"name\":\"Resultados de La Loter\u00eda Americana &#8211; Los \u00daltimos N\u00fameros Ganadores de La Loter\u00eda de Estados Unidos\",\"item\":\"https:\/\/www.lotterycritic.com\/es\/resultados-loteria\/\"},{\"@type\":\"ListItem\",\"position\":3,\"name\":\"Resultados de La Loter\u00eda de New Jersey (NJ) &#8211; Comprueba Los N\u00fameros Ganadores de Hoy En Nueva Jersey\",\"item\":\"https:\/\/www.lotterycritic.com\/es\/resultados-loteria\/nueva-jersey\/\"},{\"@type\":\"ListItem\",\"position\":4,\"name\":\"Resultados del Pick 4 de New Jersey (NJ) y N\u00fameros Ganadores de Hoy [Noche + D\u00eda]\"}]},{\"@type\":\"WebSite\",\"@id\":\"https:\/\/www.lotterycritic.com\/es\/#website\",\"url\":\"https:\/\/www.lotterycritic.com\/es\/\",\"name\":\"Lottery Critic\",\"description\":\"Your Guide to Lottery Results, Winning Numbers &amp; More\u2026\",\"potentialAction\":[{\"@type\":\"SearchAction\",\"target\":{\"@type\":\"EntryPoint\",\"urlTemplate\":\"https:\/\/www.lotterycritic.com\/es\/?s={search_term_string}\"},\"query-input\":{\"@type\":\"PropertyValueSpecification\",\"valueRequired\":true,\"valueName\":\"search_term_string\"}}],\"inLanguage\":\"es\"}]}<\/script>\n<!-- \/ Yoast SEO plugin. -->","yoast_head_json":{"title":"Pick 4 de New Jersey (NJ): Resultados y N\u00fameros Ganadores Hoy [Noche+D\u00eda]","description":"Obtenga los resultados del Pick 4 de Nueva Jersey (NJ), n\u00fameros ganadores m\u00e1s recientes, premio mayor vigente, probabilidades de ganar, pago de premios, calendario de sorteos y m\u00e1s.","robots":{"index":"index","follow":"follow","max-snippet":"max-snippet:-1","max-image-preview":"max-image-preview:large","max-video-preview":"max-video-preview:-1"},"canonical":"https:\/\/www.lotterycritic.com\/es\/resultados-loteria\/nueva-jersey\/pick-4\/","og_locale":"es_ES","og_type":"article","og_title":"Pick 4 de New Jersey (NJ): Resultados y N\u00fameros Ganadores Hoy [Noche+D\u00eda]","og_description":"Obtenga los resultados del Pick 4 de Nueva Jersey (NJ), n\u00fameros ganadores m\u00e1s recientes, premio mayor vigente, probabilidades de ganar, pago de premios, calendario de sorteos y m\u00e1s.","og_url":"https:\/\/www.lotterycritic.com\/es\/resultados-loteria\/nueva-jersey\/pick-4\/","og_site_name":"Lottery Critic","article_modified_time":"2023-08-11T13:20:27+00:00","og_image":[{"url":"https:\/\/www.lotterycritic.com\/wp-content\/uploads\/2019\/12\/new-jersey-pick-4-logo-300x151.png"}],"twitter_card":"summary_large_image","twitter_misc":{"Tiempo de lectura":"4 minutos"},"schema":{"@context":"https:\/\/schema.org","@graph":[{"@type":"WebPage","@id":"https:\/\/www.lotterycritic.com\/es\/resultados-loteria\/nueva-jersey\/pick-4\/","url":"https:\/\/www.lotterycritic.com\/es\/resultados-loteria\/nueva-jersey\/pick-4\/","name":"Pick 4 de New Jersey (NJ): Resultados y N\u00fameros Ganadores Hoy [Noche+D\u00eda]","isPartOf":{"@id":"https:\/\/www.lotterycritic.com\/es\/#website"},"primaryImageOfPage":{"@id":"https:\/\/www.lotterycritic.com\/es\/resultados-loteria\/nueva-jersey\/pick-4\/#primaryimage"},"image":{"@id":"https:\/\/www.lotterycritic.com\/es\/resultados-loteria\/nueva-jersey\/pick-4\/#primaryimage"},"thumbnailUrl":"https:\/\/www.lotterycritic.com\/wp-content\/uploads\/2019\/12\/new-jersey-pick-4-logo-300x151.png","datePublished":"2023-08-09T02:58:36+00:00","dateModified":"2023-08-11T13:20:27+00:00","description":"Obtenga los resultados del Pick 4 de Nueva Jersey (NJ), n\u00fameros ganadores m\u00e1s recientes, premio mayor vigente, probabilidades de ganar, pago de premios, calendario de sorteos y m\u00e1s.","breadcrumb":{"@id":"https:\/\/www.lotterycritic.com\/es\/resultados-loteria\/nueva-jersey\/pick-4\/#breadcrumb"},"inLanguage":"es","potentialAction":[{"@type":"ReadAction","target":["https:\/\/www.lotterycritic.com\/es\/resultados-loteria\/nueva-jersey\/pick-4\/"]}]},{"@type":"ImageObject","inLanguage":"es","@id":"https:\/\/www.lotterycritic.com\/es\/resultados-loteria\/nueva-jersey\/pick-4\/#primaryimage","url":"https:\/\/www.lotterycritic.com\/wp-content\/uploads\/2019\/12\/new-jersey-pick-4-logo-300x151.png","contentUrl":"https:\/\/www.lotterycritic.com\/wp-content\/uploads\/2019\/12\/new-jersey-pick-4-logo-300x151.png"},{"@type":"BreadcrumbList","@id":"https:\/\/www.lotterycritic.com\/es\/resultados-loteria\/nueva-jersey\/pick-4\/#breadcrumb","itemListElement":[{"@type":"ListItem","position":1,"name":"Home","item":"https:\/\/www.lotterycritic.com\/es\/"},{"@type":"ListItem","position":2,"name":"Resultados de La Loter\u00eda Americana &#8211; Los \u00daltimos N\u00fameros Ganadores de La Loter\u00eda de Estados Unidos","item":"https:\/\/www.lotterycritic.com\/es\/resultados-loteria\/"},{"@type":"ListItem","position":3,"name":"Resultados de La Loter\u00eda de New Jersey (NJ) &#8211; Comprueba Los N\u00fameros Ganadores de Hoy En Nueva Jersey","item":"https:\/\/www.lotterycritic.com\/es\/resultados-loteria\/nueva-jersey\/"},{"@type":"ListItem","position":4,"name":"Resultados del Pick 4 de New Jersey (NJ) y N\u00fameros Ganadores de Hoy [Noche + D\u00eda]"}]},{"@type":"WebSite","@id":"https:\/\/www.lotterycritic.com\/es\/#website","url":"https:\/\/www.lotterycritic.com\/es\/","name":"Lottery Critic","description":"Your Guide to Lottery Results, Winning Numbers &amp; More\u2026","potentialAction":[{"@type":"SearchAction","target":{"@type":"EntryPoint","urlTemplate":"https:\/\/www.lotterycritic.com\/es\/?s={search_term_string}"},"query-input":{"@type":"PropertyValueSpecification","valueRequired":true,"valueName":"search_term_string"}}],"inLanguage":"es"}]}},"_links":{"self":[{"href":"https:\/\/www.lotterycritic.com\/es\/wp-json\/wp\/v2\/pages\/14134"}],"collection":[{"href":"https:\/\/www.lotterycritic.com\/es\/wp-json\/wp\/v2\/pages"}],"about":[{"href":"https:\/\/www.lotterycritic.com\/es\/wp-json\/wp\/v2\/types\/page"}],"author":[{"embeddable":true,"href":"https:\/\/www.lotterycritic.com\/es\/wp-json\/wp\/v2\/users\/6"}],"replies":[{"embeddable":true,"href":"https:\/\/www.lotterycritic.com\/es\/wp-json\/wp\/v2\/comments?post=14134"}],"version-history":[{"count":1,"href":"https:\/\/www.lotterycritic.com\/es\/wp-json\/wp\/v2\/pages\/14134\/revisions"}],"predecessor-version":[{"id":14135,"href":"https:\/\/www.lotterycritic.com\/es\/wp-json\/wp\/v2\/pages\/14134\/revisions\/14135"}],"up":[{"embeddable":true,"href":"https:\/\/www.lotterycritic.com\/es\/wp-json\/wp\/v2\/pages\/14121"}],"wp:attachment":[{"href":"https:\/\/www.lotterycritic.com\/es\/wp-json\/wp\/v2\/media?parent=14134"}],"curies":[{"name":"wp","href":"https:\/\/api.w.org\/{rel}","templated":true}]}}