{"id":14132,"date":"2023-08-09T02:36:21","date_gmt":"2023-08-09T02:36:21","guid":{"rendered":"https:\/\/www.lotterycritic.com\/resultados-loteria\/nueva-jersey\/resultados-del-pick-3-de-new-jersey-nj-y-numeros-ganadores-de-hoy-tarde-dia-noche\/"},"modified":"2023-08-11T13:19:37","modified_gmt":"2023-08-11T13:19:37","slug":"pick-3","status":"publish","type":"page","link":"https:\/\/www.lotterycritic.com\/es\/resultados-loteria\/nueva-jersey\/pick-3\/","title":{"rendered":"Resultados del Pick 3 de New Jersey (NJ) y N\u00fameros Ganadores de Hoy [Tarde + D\u00eda + Noche]"},"content":{"rendered":"<p><img decoding=\"async\" class=\"size-full wp-image-9297 aligncenter\" src=\"https:\/\/www.lotterycritic.com\/wp-content\/uploads\/2019\/12\/new-jersey-pick-3-logo.png\" alt=\"New Jersey Pick 3\" width=\"283\" height=\"178\" \/><\/p>\n<p><section><div class=\"section-anchor\" id=\"how-to-play\"><\/div><\/p>\n<h2>C\u00f3mo jugar al Pick 3 de Nueva Jersey<\/h2>\n<h3>Elija sus n\u00fameros<\/h3>\n<p>Puede usar la opci\u00f3n de Quick Pick para que la computadora escoja sus n\u00fameros autom\u00e1ticamente, o puede seleccionar sus propios n\u00fameros llenando una papeleta, en la cual tendr\u00e1 que elegir un n\u00famero de tres d\u00edgitos del 000 al 999.<\/p>\n<h3>Compre su billete del Pick 3 de Nueva Jersey<\/h3>\n<p>Puede comprar su billete del Pick 3 en puntos de venta autorizados en Nueva Jersey. No est\u00e1 disponible la opci\u00f3n de jugar en l\u00ednea.<\/p>\n<p>\n<\/section><\/p>\n<p><section><div class=\"section-anchor\" id=\"drawing-schedule\"><\/div><\/p>\n<h2>Calendario de sorteos del Pick 3 de Nueva Jersey<\/h2>\n<p>El Pick 3 se sortea <strong>dos veces al d\u00eda, siete d\u00edas a la semana.<\/strong><\/p>\n<h3>Loter\u00eda Pick 3 de NJ &#8211; Noche<\/h3>\n<p>El sorteo nocturno toma lugar a las <strong>7:57 PM EST<\/strong>.<\/p>\n<p>La <em>hora l\u00edmite<\/em> para la compra de billetes del sorteo de la noche es a las <em>7:53 PM.<\/em><\/p>\n<h3>Loter\u00eda Pick 3 de NJ &#8211; Mediod\u00eda<\/h3>\n<p>El sorteo diario toma sitio alrededor de las <strong>12:59 PM<\/strong>.<\/p>\n<p>La <em>hora l\u00edmite<\/em> para la compra de billetes del sorteo del d\u00eda es a las <em>12:53 PM<\/em><\/p>\n<p>\n<\/section><\/p>\n<p><section><div class=\"section-anchor\" id=\"payouts-odds-and-rules\"><\/div><\/p>\n<h2>Pagos y Reglas del Pick 3 de Nueva Jersey<\/h2>\n<p>El Pick 3 de la Loter\u00eda de Nueva Jersey cuenta con 5 estilos de juego. Puede elegir entre straight, box, straight\/box, wheel o pares. Despu\u00e9s, elija el valor de su apuesta, entre $0.50 y $5. Luego, escoja sus n\u00fameros y a cu\u00e1les sorteos le gustar\u00eda entrar.<\/p>\n<h3>FIREBALL<\/h3>\n<p>El Pick 3 con FIREBALL le otorga un n\u00famero extra y m\u00e1s oportunidades de ganar. Tambi\u00e9n duplica su apuesta en cada juego.<\/p>\n<h3>Instant Match<\/h3>\n<p>Por $1 adicional al precio de su billete, puede habilitar el Instant Match. Con este modo opcional, se imprimen n\u00fameros adicionales en su billete autom\u00e1ticamente. Si alguno de sus n\u00fameros elegidos coincide con cualquiera de los n\u00fameros Instant Match, gana la cantidad indicada, que puede ser hasta $500.<\/p>\n<h3>Premios y Probabilidades del Pick 3 de Nueva Jersey<\/h3>\n<table>\n<tbody>\n<tr>\n<td><strong>Estilo de juego y aciertos<\/strong><\/td>\n<td><strong>Premio con una apuesta de $0.50<\/strong><\/td>\n<td><strong>Premio con una apuesta de $0.50 + FIREBALL<\/strong><\/td>\n<td><strong>Premio con una apuesta de $1<\/strong><\/td>\n<td><strong>Premio con una apuesta de $1 + FIREBALL<\/strong><\/td>\n<td><strong>Probabilidades de ganar<\/strong><\/td>\n<td><strong>Probabilidades con FIREBALL<\/strong><\/td>\n<\/tr>\n<tr>\n<td>Straight<\/td>\n<td>$250<\/td>\n<td>$91.50<\/td>\n<td>$500<\/td>\n<td>$183<\/td>\n<td>1 en 1,000<\/td>\n<td>1 en 333<\/td>\n<\/tr>\n<tr>\n<td>Box 3-way<\/td>\n<td>$80<\/td>\n<td>$30.50<\/td>\n<td>$160<\/td>\n<td>$61<\/td>\n<td>1 en 333<\/td>\n<td>1 en 111<\/td>\n<\/tr>\n<tr>\n<td>Box 6-way<\/td>\n<td>$40<\/td>\n<td>$15<\/td>\n<td>$80<\/td>\n<td>$30<\/td>\n<td>1 en 167<\/td>\n<td>1 en 56<\/td>\n<\/tr>\n<tr>\n<td>Wheel 3-way<\/td>\n<td>$250 (apuesta de $1.50)<\/td>\n<td>$91.50<\/td>\n<td>$500 (apuesta de $3)<\/td>\n<td>$183<\/td>\n<td>1 en 1,000<\/td>\n<td>1 en 111<\/td>\n<\/tr>\n<tr>\n<td>Wheel 6-way<\/td>\n<td>$250 (apuesta de $3)<\/td>\n<td>$91.50<\/td>\n<td>$500 (apuesta de $6)<\/td>\n<td>$183<\/td>\n<td>1 en 1,000<\/td>\n<td>1 en 111<\/td>\n<\/tr>\n<tr>\n<td>Straight\/Box 3-way<\/td>\n<td>&#8211;<\/td>\n<td>&#8211;<\/td>\n<td>$330 (straight)<br \/>\n$80 (box)<\/td>\n<td>$122 (straight)<br \/>\n$30.50 (box)<\/td>\n<td>1 en 1,000 (straight)<br \/>\n1 en 333 (box)<\/td>\n<td>1 en 333 (straight)<br \/>\n1 en 111 (box)<\/td>\n<\/tr>\n<tr>\n<td>Straight\/Box 6-way<\/td>\n<td>&#8211;<\/td>\n<td>&#8211;<\/td>\n<td>$290 (straight)<br \/>\n$40 (box)<\/td>\n<td>$106.50 (straight)<br \/>\n$15 (box)<\/td>\n<td>1 en 1,000 (straight)<br \/>\n1 en 167 (box)<\/td>\n<td>1 en 333 (straight)<br \/>\n1 en 111 (box)<\/td>\n<\/tr>\n<tr>\n<td>Front Pair<\/td>\n<td>$25<\/td>\n<td>$9<\/td>\n<td>$50<\/td>\n<td>$18<\/td>\n<td>1 en 100<\/td>\n<td>1 en 33<\/td>\n<\/tr>\n<tr>\n<td>Back Pair<\/td>\n<td>$25<\/td>\n<td>$9<\/td>\n<td>$50<\/td>\n<td>$18<\/td>\n<td>1 en 100<\/td>\n<td>1 en 33<\/td>\n<\/tr>\n<tr>\n<td>Split Pair<\/td>\n<td>$25<\/td>\n<td>$9<\/td>\n<td>$50<\/td>\n<td>$18<\/td>\n<td>1 en 100<\/td>\n<td>1 en 33<\/td>\n<\/tr>\n<\/tbody>\n<\/table>\n<p>Tenga en cuenta que los pagos son aproximados, ya que el premio se comparte entre los ganadores con base en una f\u00f3rmula pari-mutuel.<\/p>\n<p>\n<\/section><\/p>\n<p><section><div class=\"section-anchor\" id=\"claim-your-prize\"><\/div><\/p>\n<h2>Reclame su premio del Pick 3 en Nueva Jersey<\/h2>\n<p>Para reclamar premios de $599.50 o menos, los ganadores pueden ir a un punto de venta. Por otra parte, premios de $600 y por encima, requieren que el ganador llene el <a href=\"https:\/\/www.njlottery.com\/content\/dam\/portal\/pdfs\/about_us\/Claim%20Form.pdf\">Formulario de Reclamo de la Loter\u00eda de Nueva Jersey<\/a> y entregarlo a la Oficina Principal de la Loter\u00eda de Nueva Jersey, ya sea por medio de correo postal o personalmente.<\/p>\n<p>\n<\/section><\/p>\n<p><section><div class=\"section-anchor\" id=\"nj-pick-3-strategy\"><\/div><\/p>\n<h2>Estrategia para el Pick 3 de Nueva Jersey<\/h2>\n<p>Si tiene inter\u00e9s en aprender varias estrategias que puede aplicar para mejorar sus probabilidades con el Pick 3, eche un vistazo a nuestra gu\u00eda completa sobre la Estrategia para el Pick 3, que destaca las estrategias m\u00e1s populares con ejemplos detallados.<\/p>\n<p>\n<\/section><\/p>\n<p><section><div class=\"section-anchor\" id=\"other-new-jersey-lotteries\"><\/div><\/p>\n<h2>Otras loter\u00edas de Nueva Jersey<\/h2>\n<p>Compruebe los resultados m\u00e1s recientes, premio mayor, probabilidades de ganar, pago de premios, calendario de sorteos semanales y dem\u00e1s informaci\u00f3n \u00fatil para <a href=\"https:\/\/www.lotterycritic.com\/es\/resultados-loteria\/nueva-jersey\/\">todas las loter\u00edas de Nueva Jersey<\/a>\u00a0como\u00a0<a href=\"https:\/\/www.lotterycritic.com\/lottery-results\/new-jersey\/pick-6\/\">Pick 6<\/a>,\u00a0<a href=\"https:\/\/www.lotterycritic.com\/es\/resultados-loteria\/nueva-jersey\/cash4life\/\">Cash4Life<\/a>, <a href=\"https:\/\/www.lotterycritic.com\/es\/resultados-loteria\/nueva-jersey\/pick-4\/\">Pick 4<\/a>, <a href=\"https:\/\/www.lotterycritic.com\/es\/resultados-loteria\/nueva-jersey\/jersey-cash-5\/\">Jersey Cash 5<\/a>, <a href=\"https:\/\/www.lotterycritic.com\/lottery-results\/maryland\/5-card-cash\/\">5 Card Cash<\/a>, Raspables, y las loter\u00edas m\u00e1s populares en varios estados,\u00a0<a href=\"https:\/\/www.lotterycritic.com\/es\/resultados-loteria\/carolina-del-sur\/powerball\/\" rel=\"\">Powerball<\/a>\u00a0y\u00a0<a href=\"https:\/\/www.lotterycritic.com\/es\/resultados-loteria\/tennessee\/mega-millions\/\" rel=\"\">Mega Millions<\/a>.<\/p>\n<p>\n<\/section><\/p>\n","protected":false},"excerpt":{"rendered":"","protected":false},"author":6,"featured_media":0,"parent":14121,"menu_order":0,"comment_status":"closed","ping_status":"closed","template":"lottery-results-game-child-template.php","meta":{"footnotes":""},"class_list":["post-14132","page","type-page","status-publish","hentry"],"acf":[],"yoast_head":"<!-- This site is optimized with the Yoast SEO plugin v23.4 - https:\/\/yoast.com\/wordpress\/plugins\/seo\/ -->\n<title>Pick 3 de New Jersey: Resultados y N\u00fameros Ganadores Hoy [Tarde+D\u00eda+Noche]<\/title>\n<meta name=\"description\" content=\"Obtenga los resultados del Pick 3 de Nueva Jersey (NJ), \u00faltimos n\u00fameros ganadores, premios mayor vigente, probabilidades de ganar, pago de premios, calendario de sorteos y m\u00e1s.\" \/>\n<meta name=\"robots\" content=\"index, follow, max-snippet:-1, max-image-preview:large, max-video-preview:-1\" \/>\n<link rel=\"canonical\" href=\"https:\/\/www.lotterycritic.com\/es\/resultados-loteria\/nueva-jersey\/pick-3\/\" \/>\n<meta property=\"og:locale\" content=\"es_ES\" \/>\n<meta property=\"og:type\" content=\"article\" \/>\n<meta property=\"og:title\" content=\"Pick 3 de New Jersey: Resultados y N\u00fameros Ganadores Hoy [Tarde+D\u00eda+Noche]\" \/>\n<meta property=\"og:description\" content=\"Obtenga los resultados del Pick 3 de Nueva Jersey (NJ), \u00faltimos n\u00fameros ganadores, premios mayor vigente, probabilidades de ganar, pago de premios, calendario de sorteos y m\u00e1s.\" \/>\n<meta property=\"og:url\" content=\"https:\/\/www.lotterycritic.com\/es\/resultados-loteria\/nueva-jersey\/pick-3\/\" \/>\n<meta property=\"og:site_name\" content=\"Lottery Critic\" \/>\n<meta property=\"article:modified_time\" content=\"2023-08-11T13:19:37+00:00\" \/>\n<meta property=\"og:image\" content=\"https:\/\/www.lotterycritic.com\/wp-content\/uploads\/2019\/12\/new-jersey-pick-3-logo.png\" \/>\n<meta name=\"twitter:card\" content=\"summary_large_image\" \/>\n<meta name=\"twitter:label1\" content=\"Tiempo de lectura\" \/>\n\t<meta name=\"twitter:data1\" content=\"4 minutos\" \/>\n<script type=\"application\/ld+json\" class=\"yoast-schema-graph\">{\"@context\":\"https:\/\/schema.org\",\"@graph\":[{\"@type\":\"WebPage\",\"@id\":\"https:\/\/www.lotterycritic.com\/es\/resultados-loteria\/nueva-jersey\/pick-3\/\",\"url\":\"https:\/\/www.lotterycritic.com\/es\/resultados-loteria\/nueva-jersey\/pick-3\/\",\"name\":\"Pick 3 de New Jersey: Resultados y N\u00fameros Ganadores Hoy [Tarde+D\u00eda+Noche]\",\"isPartOf\":{\"@id\":\"https:\/\/www.lotterycritic.com\/es\/#website\"},\"primaryImageOfPage\":{\"@id\":\"https:\/\/www.lotterycritic.com\/es\/resultados-loteria\/nueva-jersey\/pick-3\/#primaryimage\"},\"image\":{\"@id\":\"https:\/\/www.lotterycritic.com\/es\/resultados-loteria\/nueva-jersey\/pick-3\/#primaryimage\"},\"thumbnailUrl\":\"https:\/\/www.lotterycritic.com\/wp-content\/uploads\/2019\/12\/new-jersey-pick-3-logo.png\",\"datePublished\":\"2023-08-09T02:36:21+00:00\",\"dateModified\":\"2023-08-11T13:19:37+00:00\",\"description\":\"Obtenga los resultados del Pick 3 de Nueva Jersey (NJ), \u00faltimos n\u00fameros ganadores, premios mayor vigente, probabilidades de ganar, pago de premios, calendario de sorteos y m\u00e1s.\",\"breadcrumb\":{\"@id\":\"https:\/\/www.lotterycritic.com\/es\/resultados-loteria\/nueva-jersey\/pick-3\/#breadcrumb\"},\"inLanguage\":\"es\",\"potentialAction\":[{\"@type\":\"ReadAction\",\"target\":[\"https:\/\/www.lotterycritic.com\/es\/resultados-loteria\/nueva-jersey\/pick-3\/\"]}]},{\"@type\":\"ImageObject\",\"inLanguage\":\"es\",\"@id\":\"https:\/\/www.lotterycritic.com\/es\/resultados-loteria\/nueva-jersey\/pick-3\/#primaryimage\",\"url\":\"https:\/\/www.lotterycritic.com\/wp-content\/uploads\/2019\/12\/new-jersey-pick-3-logo.png\",\"contentUrl\":\"https:\/\/www.lotterycritic.com\/wp-content\/uploads\/2019\/12\/new-jersey-pick-3-logo.png\"},{\"@type\":\"BreadcrumbList\",\"@id\":\"https:\/\/www.lotterycritic.com\/es\/resultados-loteria\/nueva-jersey\/pick-3\/#breadcrumb\",\"itemListElement\":[{\"@type\":\"ListItem\",\"position\":1,\"name\":\"Home\",\"item\":\"https:\/\/www.lotterycritic.com\/es\/\"},{\"@type\":\"ListItem\",\"position\":2,\"name\":\"Resultados de La Loter\u00eda Americana &#8211; Los \u00daltimos N\u00fameros Ganadores de La Loter\u00eda de Estados Unidos\",\"item\":\"https:\/\/www.lotterycritic.com\/es\/resultados-loteria\/\"},{\"@type\":\"ListItem\",\"position\":3,\"name\":\"Resultados de La Loter\u00eda de New Jersey (NJ) &#8211; Comprueba Los N\u00fameros Ganadores de Hoy En Nueva Jersey\",\"item\":\"https:\/\/www.lotterycritic.com\/es\/resultados-loteria\/nueva-jersey\/\"},{\"@type\":\"ListItem\",\"position\":4,\"name\":\"Resultados del Pick 3 de New Jersey (NJ) y N\u00fameros Ganadores de Hoy [Tarde + D\u00eda + Noche]\"}]},{\"@type\":\"WebSite\",\"@id\":\"https:\/\/www.lotterycritic.com\/es\/#website\",\"url\":\"https:\/\/www.lotterycritic.com\/es\/\",\"name\":\"Lottery Critic\",\"description\":\"Your Guide to Lottery Results, Winning Numbers &amp; More\u2026\",\"potentialAction\":[{\"@type\":\"SearchAction\",\"target\":{\"@type\":\"EntryPoint\",\"urlTemplate\":\"https:\/\/www.lotterycritic.com\/es\/?s={search_term_string}\"},\"query-input\":{\"@type\":\"PropertyValueSpecification\",\"valueRequired\":true,\"valueName\":\"search_term_string\"}}],\"inLanguage\":\"es\"}]}<\/script>\n<!-- \/ Yoast SEO plugin. -->","yoast_head_json":{"title":"Pick 3 de New Jersey: Resultados y N\u00fameros Ganadores Hoy [Tarde+D\u00eda+Noche]","description":"Obtenga los resultados del Pick 3 de Nueva Jersey (NJ), \u00faltimos n\u00fameros ganadores, premios mayor vigente, probabilidades de ganar, pago de premios, calendario de sorteos y m\u00e1s.","robots":{"index":"index","follow":"follow","max-snippet":"max-snippet:-1","max-image-preview":"max-image-preview:large","max-video-preview":"max-video-preview:-1"},"canonical":"https:\/\/www.lotterycritic.com\/es\/resultados-loteria\/nueva-jersey\/pick-3\/","og_locale":"es_ES","og_type":"article","og_title":"Pick 3 de New Jersey: Resultados y N\u00fameros Ganadores Hoy [Tarde+D\u00eda+Noche]","og_description":"Obtenga los resultados del Pick 3 de Nueva Jersey (NJ), \u00faltimos n\u00fameros ganadores, premios mayor vigente, probabilidades de ganar, pago de premios, calendario de sorteos y m\u00e1s.","og_url":"https:\/\/www.lotterycritic.com\/es\/resultados-loteria\/nueva-jersey\/pick-3\/","og_site_name":"Lottery Critic","article_modified_time":"2023-08-11T13:19:37+00:00","og_image":[{"url":"https:\/\/www.lotterycritic.com\/wp-content\/uploads\/2019\/12\/new-jersey-pick-3-logo.png"}],"twitter_card":"summary_large_image","twitter_misc":{"Tiempo de lectura":"4 minutos"},"schema":{"@context":"https:\/\/schema.org","@graph":[{"@type":"WebPage","@id":"https:\/\/www.lotterycritic.com\/es\/resultados-loteria\/nueva-jersey\/pick-3\/","url":"https:\/\/www.lotterycritic.com\/es\/resultados-loteria\/nueva-jersey\/pick-3\/","name":"Pick 3 de New Jersey: Resultados y N\u00fameros Ganadores Hoy [Tarde+D\u00eda+Noche]","isPartOf":{"@id":"https:\/\/www.lotterycritic.com\/es\/#website"},"primaryImageOfPage":{"@id":"https:\/\/www.lotterycritic.com\/es\/resultados-loteria\/nueva-jersey\/pick-3\/#primaryimage"},"image":{"@id":"https:\/\/www.lotterycritic.com\/es\/resultados-loteria\/nueva-jersey\/pick-3\/#primaryimage"},"thumbnailUrl":"https:\/\/www.lotterycritic.com\/wp-content\/uploads\/2019\/12\/new-jersey-pick-3-logo.png","datePublished":"2023-08-09T02:36:21+00:00","dateModified":"2023-08-11T13:19:37+00:00","description":"Obtenga los resultados del Pick 3 de Nueva Jersey (NJ), \u00faltimos n\u00fameros ganadores, premios mayor vigente, probabilidades de ganar, pago de premios, calendario de sorteos y m\u00e1s.","breadcrumb":{"@id":"https:\/\/www.lotterycritic.com\/es\/resultados-loteria\/nueva-jersey\/pick-3\/#breadcrumb"},"inLanguage":"es","potentialAction":[{"@type":"ReadAction","target":["https:\/\/www.lotterycritic.com\/es\/resultados-loteria\/nueva-jersey\/pick-3\/"]}]},{"@type":"ImageObject","inLanguage":"es","@id":"https:\/\/www.lotterycritic.com\/es\/resultados-loteria\/nueva-jersey\/pick-3\/#primaryimage","url":"https:\/\/www.lotterycritic.com\/wp-content\/uploads\/2019\/12\/new-jersey-pick-3-logo.png","contentUrl":"https:\/\/www.lotterycritic.com\/wp-content\/uploads\/2019\/12\/new-jersey-pick-3-logo.png"},{"@type":"BreadcrumbList","@id":"https:\/\/www.lotterycritic.com\/es\/resultados-loteria\/nueva-jersey\/pick-3\/#breadcrumb","itemListElement":[{"@type":"ListItem","position":1,"name":"Home","item":"https:\/\/www.lotterycritic.com\/es\/"},{"@type":"ListItem","position":2,"name":"Resultados de La Loter\u00eda Americana &#8211; Los \u00daltimos N\u00fameros Ganadores de La Loter\u00eda de Estados Unidos","item":"https:\/\/www.lotterycritic.com\/es\/resultados-loteria\/"},{"@type":"ListItem","position":3,"name":"Resultados de La Loter\u00eda de New Jersey (NJ) &#8211; Comprueba Los N\u00fameros Ganadores de Hoy En Nueva Jersey","item":"https:\/\/www.lotterycritic.com\/es\/resultados-loteria\/nueva-jersey\/"},{"@type":"ListItem","position":4,"name":"Resultados del Pick 3 de New Jersey (NJ) y N\u00fameros Ganadores de Hoy [Tarde + D\u00eda + Noche]"}]},{"@type":"WebSite","@id":"https:\/\/www.lotterycritic.com\/es\/#website","url":"https:\/\/www.lotterycritic.com\/es\/","name":"Lottery Critic","description":"Your Guide to Lottery Results, Winning Numbers &amp; More\u2026","potentialAction":[{"@type":"SearchAction","target":{"@type":"EntryPoint","urlTemplate":"https:\/\/www.lotterycritic.com\/es\/?s={search_term_string}"},"query-input":{"@type":"PropertyValueSpecification","valueRequired":true,"valueName":"search_term_string"}}],"inLanguage":"es"}]}},"_links":{"self":[{"href":"https:\/\/www.lotterycritic.com\/es\/wp-json\/wp\/v2\/pages\/14132"}],"collection":[{"href":"https:\/\/www.lotterycritic.com\/es\/wp-json\/wp\/v2\/pages"}],"about":[{"href":"https:\/\/www.lotterycritic.com\/es\/wp-json\/wp\/v2\/types\/page"}],"author":[{"embeddable":true,"href":"https:\/\/www.lotterycritic.com\/es\/wp-json\/wp\/v2\/users\/6"}],"replies":[{"embeddable":true,"href":"https:\/\/www.lotterycritic.com\/es\/wp-json\/wp\/v2\/comments?post=14132"}],"version-history":[{"count":1,"href":"https:\/\/www.lotterycritic.com\/es\/wp-json\/wp\/v2\/pages\/14132\/revisions"}],"predecessor-version":[{"id":14133,"href":"https:\/\/www.lotterycritic.com\/es\/wp-json\/wp\/v2\/pages\/14132\/revisions\/14133"}],"up":[{"embeddable":true,"href":"https:\/\/www.lotterycritic.com\/es\/wp-json\/wp\/v2\/pages\/14121"}],"wp:attachment":[{"href":"https:\/\/www.lotterycritic.com\/es\/wp-json\/wp\/v2\/media?parent=14132"}],"curies":[{"name":"wp","href":"https:\/\/api.w.org\/{rel}","templated":true}]}}