{"id":14130,"date":"2023-08-09T02:00:41","date_gmt":"2023-08-09T02:00:41","guid":{"rendered":"https:\/\/www.lotterycritic.com\/resultados-loteria\/nueva-jersey\/resultados-de-loteria-cash-5-noche-de-new-jersey-nj-y-numeros-ganadores-de-hoy\/"},"modified":"2023-08-11T13:18:56","modified_gmt":"2023-08-11T13:18:56","slug":"jersey-cash-5","status":"publish","type":"page","link":"https:\/\/www.lotterycritic.com\/es\/resultados-loteria\/nueva-jersey\/jersey-cash-5\/","title":{"rendered":"Resultados de Loter\u00eda Cash 5 (Noche) de New Jersey (NJ) y N\u00fameros Ganadores de Hoy"},"content":{"rendered":"<p><\/p>\n<p><img decoding=\"async\" class=\"size-medium wp-image-1413 aligncenter\" src=\"https:\/\/www.lotterycritic.com\/wp-content\/uploads\/2017\/09\/jersey-cash-5-xtra-logo-300x122.png\" alt=\"Jersey Cash 5 XTRA Logo\" width=\"300\" height=\"122\" srcset=\"https:\/\/www.lotterycritic.com\/wp-content\/uploads\/2017\/09\/jersey-cash-5-xtra-logo-300x122.png 300w, https:\/\/www.lotterycritic.com\/wp-content\/uploads\/2017\/09\/jersey-cash-5-xtra-logo-768x313.png 768w, https:\/\/www.lotterycritic.com\/wp-content\/uploads\/2017\/09\/jersey-cash-5-xtra-logo-1024x417.png 1024w, https:\/\/www.lotterycritic.com\/wp-content\/uploads\/2017\/09\/jersey-cash-5-xtra-logo-200x81.png 200w, https:\/\/www.lotterycritic.com\/wp-content\/uploads\/2017\/09\/jersey-cash-5-xtra-logo-100x41.png 100w, https:\/\/www.lotterycritic.com\/wp-content\/uploads\/2017\/09\/jersey-cash-5-xtra-logo-49x20.png 49w, https:\/\/www.lotterycritic.com\/wp-content\/uploads\/2017\/09\/jersey-cash-5-xtra-logo-700x285.png 700w, https:\/\/www.lotterycritic.com\/wp-content\/uploads\/2017\/09\/jersey-cash-5-xtra-logo-75x31.png 75w, https:\/\/www.lotterycritic.com\/wp-content\/uploads\/2017\/09\/jersey-cash-5-xtra-logo-50x20.png 50w, https:\/\/www.lotterycritic.com\/wp-content\/uploads\/2017\/09\/jersey-cash-5-xtra-logo-123x50.png 123w, https:\/\/www.lotterycritic.com\/wp-content\/uploads\/2017\/09\/jersey-cash-5-xtra-logo.png 1156w\" sizes=\"(max-width: 300px) 100vw, 300px\" \/><\/p>\n<p>Una loter\u00eda con sorteos diarios no es tan com\u00fan como se cree, por lo que es bueno encontrarse con uno de vez en cuando. Jersey Cash 5 XTRA es una de estas loter\u00edas, que se sortea de lunes a domingo. Adem\u00e1s, ofrece un premio mayor progresivo, probabilidades relativamente favorables, y un multiplicador que puede aumentar premios peque\u00f1os hasta por 5 veces.<\/p>\n<p>\n<\/p>\n<p><section><div class=\"section-anchor\" id=\"about-jersey-5\"><\/div><\/p>\n<h2>Acerca del Jersey Cash 5<\/h2>\n<p>A\u00f1adido a la Loter\u00eda de Nueva Jersey el 30 de septiembre de 1992, el juego Jersey Cash 5 XTRA era originalmente una loter\u00eda 5\/38. Tampoco ofrec\u00eda un premio acumulado, ni ten\u00eda el multiplicador XTRA (por lo que se llamaba solo Jersey Cash 5).<\/p>\n<p>Sin embargo, en septiembre de 2003, se cambi\u00f3 su formato y a\u00f1adi\u00f3 2 n\u00fameros m\u00e1s al grupo de selecci\u00f3n, haci\u00e9ndolo un juego 5\/40. Tambi\u00e9n se cambi\u00f3 la forma en la cual funciona el premio mayor. Anteriormente, cuando nadie ganaba el premio mayor, se entregaba a los ganadores del segundo premio. Con los cambios hechos en 2003, se introdujo el premio mayor progresivo, lo que significa que ahora se acumula para el siguiente sorteo.<\/p>\n<p>Luego, en septiembre de 2014, se a\u00f1adieron 3 n\u00fameros m\u00e1s al grupo de selecci\u00f3n, trayendo el formato 5\/43. Sumado a ello, tambi\u00e9n se increment\u00f3 el premio mayor m\u00ednimo a $75,000. Anteriormente, el premio mayor comenzaba en los $50,000. Finalmente, el 3 de octubre de 2016, el multiplicador XTRA fue a\u00f1adido, lo que condujo al nombre de Jersey Cash 5 XTRA.<\/p>\n<p>\n<\/section><\/p>\n<p><section><div class=\"section-anchor\" id=\"drawing-schedule\"><\/div><\/p>\n<h2>Calendario de sorteos del Jersey Cash 5<\/h2>\n<p>Los sorteos del Jersey Cash 5 se llevan a cabo <strong>todos los d\u00edas alrededor de las 7:57 PM EST<\/strong>.<\/p>\n<p>\n<\/section><\/p>\n<p><section><div class=\"section-anchor\" id=\"game-rules\"><\/div><\/p>\n<h2>Pagos y Mec\u00e1nicas del Jersey Cash 5<\/h2>\n<p>El Jersey Cash 5 es f\u00e1cil de aprender y jugar. Simplemente, elija cinco n\u00fameros de un rango entre 1 y 43. Para ganar el premio mayor, tendr\u00e1 que acertar los cinco n\u00fameros, mientras que coincidir en 2, 3 o 4 n\u00fameros le entrega su respectivo premio de menor valor.<\/p>\n<p>Los billetes cuestan $1.<\/p>\n<h3>XTRA<\/h3>\n<p>Por $1 adicional, puede activar la funci\u00f3n de XTRA. Esta es un multiplicador que funciona de forma similar a, por ejemplo, el Megaplier del Mega Millions. Si se usa, le brinda la oportunidad de ganar hasta 5 veces el premio anunciado, cuando acierta en 3 0 4 n\u00fameros. Por otra parte, si coincide en 2 n\u00fameros con el XTRA activado, solo gana un premio fijo de $2. Eche un vistazo al resumen a continuaci\u00f3n para saber c\u00f3mo el XTRA puede afectar su premio.<\/p>\n<p>\n<\/section><\/p>\n<p><section><div class=\"section-anchor\" id=\"payouts-and-odds\"><\/div><\/p>\n<h3>Premios del Jersey Cash 5<\/h3>\n<table>\n<tbody>\n<tr>\n<td rowspan=\"2\" width=\"208\"><strong>N\u00fameros acertados<\/strong><\/td>\n<td rowspan=\"2\" width=\"208\"><strong>Premio estimado<\/strong><\/td>\n<td colspan=\"4\" width=\"208\"><strong>Premio estimado con el multiplicador XTRA<\/strong><\/td>\n<\/tr>\n<tr>\n<td width=\"52\"><strong>2x<\/strong><\/td>\n<td width=\"52\"><strong>3x<\/strong><\/td>\n<td width=\"52\"><strong>4x<\/strong><\/td>\n<td width=\"52\"><strong>5x<\/strong><\/td>\n<\/tr>\n<tr>\n<td width=\"208\">5 de 5<\/td>\n<td width=\"208\">Premio mayor<\/td>\n<td width=\"52\">n\/a<\/td>\n<td width=\"52\">n\/a<\/td>\n<td width=\"52\">n\/a<\/td>\n<td width=\"52\">n\/a<\/td>\n<\/tr>\n<tr>\n<td width=\"208\">4 de 5<\/td>\n<td width=\"208\">$500<\/td>\n<td width=\"52\">$1,000<\/td>\n<td width=\"52\">$1,500<\/td>\n<td width=\"52\">$2,000<\/td>\n<td width=\"52\">$2,500<\/td>\n<\/tr>\n<tr>\n<td width=\"208\">3 de 5<\/td>\n<td width=\"208\">$15<\/td>\n<td width=\"52\">$30<\/td>\n<td width=\"52\">$45<\/td>\n<td width=\"52\">$60<\/td>\n<td width=\"52\">$75<\/td>\n<\/tr>\n<tr>\n<td width=\"208\">2 de 5<\/td>\n<td width=\"208\">&#8211;<\/td>\n<td width=\"52\">$2<\/td>\n<td width=\"52\">$2<\/td>\n<td width=\"52\">$2<\/td>\n<td width=\"52\">$2<\/td>\n<\/tr>\n<\/tbody>\n<\/table>\n<h3>Probabilidades de ganar el Jersey Cash 5<\/h3>\n<p>Gracias al peque\u00f1o grupo de n\u00fameros de los cuales seleccionar, las probabilidades son relativamente favorables, especialmente si las compara con las probabilidades para las loter\u00edas m\u00e1s populares. Sin embargo, si las compara con otras loter\u00edas peque\u00f1as, como el <a href=\"https:\/\/www.lotterycritic.com\/es\/resultados-loteria\/california\/fantasy-5\/\">Fantasy 5 de California<\/a>, las probabilidades del Jersey Cash 5 XTRA salen perdiendo (aunque por poco). Eche un vistazo al resumen a continuaci\u00f3n:<\/p>\n<table>\n<tbody>\n<tr>\n<td width=\"312\"><strong>N\u00fameros acertados<\/strong><\/td>\n<td width=\"312\"><strong>Probabilidades de ganar<\/strong><\/td>\n<\/tr>\n<tr>\n<td width=\"312\">5 de 5<\/td>\n<td width=\"312\">1 en 962,598<\/td>\n<\/tr>\n<tr>\n<td width=\"312\">4 de 5<\/td>\n<td width=\"312\">1 en 5,066<\/td>\n<\/tr>\n<tr>\n<td width=\"312\">3 de 5<\/td>\n<td width=\"312\">1 en 137<\/td>\n<\/tr>\n<tr>\n<td width=\"312\">2 de 5<\/td>\n<td width=\"312\">1 en 11<\/td>\n<\/tr>\n<\/tbody>\n<\/table>\n<p>&nbsp;<\/p>\n<table>\n<tbody>\n<tr>\n<td width=\"312\"><strong>Probabilidades de ganar cualquier juego<\/strong><\/td>\n<td width=\"312\">1 en 133<\/td>\n<\/tr>\n<\/tbody>\n<\/table>\n<p>\n<\/section><\/p>\n<p><section><div class=\"section-anchor\" id=\"prize-claiming\"><\/div><\/p>\n<h3>Reclame su premio del Jersey Cash 5<\/h3>\n<p>Para premios por debajo de $600, los ganadores pueden reclamarlo en cualquier punto de venta oficial de la loter\u00eda. Para premios m\u00e1s grandes, tendr\u00e1 que descargar el formulario de reclamo del sitio web de la Loter\u00eda de Nueva Jersey, llenarlo, y enviarlo por correo postal o entregarlo en persona en la <a href=\"https:\/\/www.lotterycritic.com\/reviews\/the-lottery-office-review\/\">oficina de la Loter\u00eda<\/a> de Nueva Jersey. Si vive por fuera del estado, aplican las mismas reglas.<\/p>\n<p>Tambi\u00e9n tenga en cuenta que los premios m\u00e1s grandes que $5,000 est\u00e1n sujetos a impuestos federales, siendo de 25 % para ciudadanos estadounidenses, y de 30 % para no ciudadanos de EE. UU. que viven en el pa\u00eds. Mientras que si gana m\u00e1s de $10,000, se aplicar\u00e1 un impuesto estatal sobre la renta bruta.<\/p>\n<p>\n<\/section><\/p>\n<p><section><div class=\"section-anchor\" id=\"biggest-winners\"><\/div><\/p>\n<h2>Las mayores ganadores del Jersey Cash 5<\/h2>\n<p>Si bien el Jersey Cash 5 XTRA es un juego peque\u00f1o en comparaci\u00f3n con otras loter\u00edas, no significa que no pueda ganar una suma importante. \u00bfNo lo cree? Estos son los mayores ganadores del Jersey Cash 5 XTRA hasta el momento:<\/p>\n<table>\n<tbody>\n<tr>\n<td width=\"208\"><strong>Premio mayor<\/strong><\/td>\n<td width=\"208\"><strong>Ganadores<\/strong><\/td>\n<td width=\"208\"><strong>Fecha<\/strong><\/td>\n<\/tr>\n<tr>\n<td width=\"208\">$1,582,562<\/td>\n<td width=\"208\">2<\/td>\n<td width=\"208\">Nov. 2014<\/td>\n<\/tr>\n<tr>\n<td width=\"208\">$1,155,801<\/td>\n<td width=\"208\">3<\/td>\n<td width=\"208\">Feb. 2015<\/td>\n<\/tr>\n<tr>\n<td width=\"208\">$1,548,770<\/td>\n<td width=\"208\">2<\/td>\n<td width=\"208\">Mar. 2017<\/td>\n<\/tr>\n<tr>\n<td width=\"208\">$1,140,000<\/td>\n<td width=\"208\">1<\/td>\n<td width=\"208\">Mar. 2013<\/td>\n<\/tr>\n<tr>\n<td width=\"208\">$1,350,000<\/td>\n<td width=\"208\">3<\/td>\n<td width=\"208\">May 2011<\/td>\n<\/tr>\n<tr>\n<td width=\"208\">$1,330,192<\/td>\n<td width=\"208\">2<\/td>\n<td width=\"208\">Nov. 2015<\/td>\n<\/tr>\n<\/tbody>\n<\/table>\n<p>\n<\/section><\/p>\n<p><section><div class=\"section-anchor\" id=\"more-information\"><\/div><\/p>\n<h2>Datos sobre el Jersey Cash 5<\/h2>\n<ul>\n<li>John Roland, un residente de Garfield, Nueva Jersey, gan\u00f3 no solo una vez, sino tres veces en el sorteo del Jersey Cash 5 XTRA de diciembre de 2013. \u00bfC\u00f3mo? Roland compr\u00f3 accidentalmente dos billetes id\u00e9nticos, lo que le otorg\u00f3 2\/3 partes del premio mayor (hubo tres billetes ganadores en ese momento), $292,935 por cada billete. Su tercera victoria fue con un billete extra que acert\u00f3 en algunos de los n\u00fameros ganadores. Eso le supuso un premio adicional de $515.<\/li>\n<li>Yokastoa Boyer, de Clifton, Nueva Jersey, estaba limpiando su cuarto y organizando algunos documentos para pagar sus impuestos, cuando encontr\u00f3 un billete del Jersey Cash 5 XTRA del 14 de abril de 2015. Despu\u00e9s de revisar los n\u00fameros, Boyer se sorprendi\u00f3 al saber que hab\u00eda ganado $472,271. Reclam\u00f3 su premio justo a tiempo.<\/li>\n<li>El Jersey Cash 5 XTRA no contaba con un premio mayor acumulado durante sus primeros a\u00f1os. En su lugar, si nadie acertaba los cinco n\u00fameros sorteados, el premio se distribu\u00eda entre los ganadores del segundo premio.<\/li>\n<\/ul>\n<p>\n<\/section><\/p>\n<p><section><div class=\"section-anchor\" id=\"other-new-jersey-lotteries\"><\/div><\/p>\n<h2>Otras loter\u00edas de Nueva Jersey<\/h2>\n<p>Compruebe los resultados m\u00e1s recientes, cantidades del premio mayor, probabilidades de ganar, pago de premios, calendarios semanales y dem\u00e1s informaci\u00f3n \u00fatil para <a href=\"https:\/\/www.lotterycritic.com\/es\/resultados-loteria\/nueva-jersey\/\">todas las loter\u00edas de Nueva Jersey<\/a> como <a href=\"https:\/\/www.lotterycritic.com\/lottery-results\/new-jersey\/pick-6\/\">Pick 6<\/a>, <a href=\"https:\/\/www.lotterycritic.com\/es\/resultados-loteria\/nueva-jersey\/cash4life\/\">Cash4Life<\/a>, <a href=\"https:\/\/www.lotterycritic.com\/es\/resultados-loteria\/nueva-jersey\/pick-3\/\">Pick 3<\/a>, <a href=\"https:\/\/www.lotterycritic.com\/es\/resultados-loteria\/nueva-jersey\/pick-4\/\">Pick 4<\/a>, <a href=\"https:\/\/www.lotterycritic.com\/lottery-results\/maryland\/5-card-cash\/\">5 Card Cash<\/a>, Raspables, y las loter\u00edas m\u00e1s populares en varios estados, <a href=\"https:\/\/www.lotterycritic.com\/es\/resultados-loteria\/carolina-del-sur\/powerball\/\" rel=\"\">Powerball<\/a> y\u00a0<a href=\"https:\/\/www.lotterycritic.com\/es\/resultados-loteria\/tennessee\/mega-millions\/\" rel=\"\">Mega Millions<\/a>.<\/p>\n<p>\n<\/section><\/p>\n","protected":false},"excerpt":{"rendered":"","protected":false},"author":6,"featured_media":0,"parent":14121,"menu_order":2,"comment_status":"closed","ping_status":"closed","template":"lottery-results-game-child-template.php","meta":{"footnotes":""},"class_list":["post-14130","page","type-page","status-publish","hentry"],"acf":[],"yoast_head":"<!-- This site is optimized with the Yoast SEO plugin v23.4 - https:\/\/yoast.com\/wordpress\/plugins\/seo\/ -->\n<title>Loter\u00eda Cash 5 (Noche) de New Jersey (NJ): Resultados y N\u00fameros Ganadores<\/title>\n<meta name=\"description\" content=\"Aprenda sobre el Jersey Cash 5 y conozca los \u00faltimos resultados, n\u00fameros calientes y fr\u00edos actualizados, pagos, probabilidades y mucho m\u00e1s.\" \/>\n<meta name=\"robots\" content=\"index, follow, max-snippet:-1, max-image-preview:large, max-video-preview:-1\" \/>\n<link rel=\"canonical\" href=\"https:\/\/www.lotterycritic.com\/es\/resultados-loteria\/nueva-jersey\/jersey-cash-5\/\" \/>\n<meta property=\"og:locale\" content=\"es_ES\" \/>\n<meta property=\"og:type\" content=\"article\" \/>\n<meta property=\"og:title\" content=\"Loter\u00eda Cash 5 (Noche) de New Jersey (NJ): Resultados y N\u00fameros Ganadores\" \/>\n<meta property=\"og:description\" content=\"Aprenda sobre el Jersey Cash 5 y conozca los \u00faltimos resultados, n\u00fameros calientes y fr\u00edos actualizados, pagos, probabilidades y mucho m\u00e1s.\" \/>\n<meta property=\"og:url\" content=\"https:\/\/www.lotterycritic.com\/es\/resultados-loteria\/nueva-jersey\/jersey-cash-5\/\" \/>\n<meta property=\"og:site_name\" content=\"Lottery Critic\" \/>\n<meta property=\"article:modified_time\" content=\"2023-08-11T13:18:56+00:00\" \/>\n<meta property=\"og:image\" content=\"https:\/\/www.lotterycritic.com\/wp-content\/uploads\/2017\/09\/jersey-cash-5-xtra-logo-300x122.png\" \/>\n<meta name=\"twitter:card\" content=\"summary_large_image\" \/>\n<meta name=\"twitter:label1\" content=\"Tiempo de lectura\" \/>\n\t<meta name=\"twitter:data1\" content=\"5 minutos\" \/>\n<script type=\"application\/ld+json\" class=\"yoast-schema-graph\">{\"@context\":\"https:\/\/schema.org\",\"@graph\":[{\"@type\":\"WebPage\",\"@id\":\"https:\/\/www.lotterycritic.com\/es\/resultados-loteria\/nueva-jersey\/jersey-cash-5\/\",\"url\":\"https:\/\/www.lotterycritic.com\/es\/resultados-loteria\/nueva-jersey\/jersey-cash-5\/\",\"name\":\"Loter\u00eda Cash 5 (Noche) de New Jersey (NJ): Resultados y N\u00fameros Ganadores\",\"isPartOf\":{\"@id\":\"https:\/\/www.lotterycritic.com\/es\/#website\"},\"primaryImageOfPage\":{\"@id\":\"https:\/\/www.lotterycritic.com\/es\/resultados-loteria\/nueva-jersey\/jersey-cash-5\/#primaryimage\"},\"image\":{\"@id\":\"https:\/\/www.lotterycritic.com\/es\/resultados-loteria\/nueva-jersey\/jersey-cash-5\/#primaryimage\"},\"thumbnailUrl\":\"https:\/\/www.lotterycritic.com\/wp-content\/uploads\/2017\/09\/jersey-cash-5-xtra-logo-300x122.png\",\"datePublished\":\"2023-08-09T02:00:41+00:00\",\"dateModified\":\"2023-08-11T13:18:56+00:00\",\"description\":\"Aprenda sobre el Jersey Cash 5 y conozca los \u00faltimos resultados, n\u00fameros calientes y fr\u00edos actualizados, pagos, probabilidades y mucho m\u00e1s.\",\"breadcrumb\":{\"@id\":\"https:\/\/www.lotterycritic.com\/es\/resultados-loteria\/nueva-jersey\/jersey-cash-5\/#breadcrumb\"},\"inLanguage\":\"es\",\"potentialAction\":[{\"@type\":\"ReadAction\",\"target\":[\"https:\/\/www.lotterycritic.com\/es\/resultados-loteria\/nueva-jersey\/jersey-cash-5\/\"]}]},{\"@type\":\"ImageObject\",\"inLanguage\":\"es\",\"@id\":\"https:\/\/www.lotterycritic.com\/es\/resultados-loteria\/nueva-jersey\/jersey-cash-5\/#primaryimage\",\"url\":\"https:\/\/www.lotterycritic.com\/wp-content\/uploads\/2017\/09\/jersey-cash-5-xtra-logo-300x122.png\",\"contentUrl\":\"https:\/\/www.lotterycritic.com\/wp-content\/uploads\/2017\/09\/jersey-cash-5-xtra-logo-300x122.png\"},{\"@type\":\"BreadcrumbList\",\"@id\":\"https:\/\/www.lotterycritic.com\/es\/resultados-loteria\/nueva-jersey\/jersey-cash-5\/#breadcrumb\",\"itemListElement\":[{\"@type\":\"ListItem\",\"position\":1,\"name\":\"Home\",\"item\":\"https:\/\/www.lotterycritic.com\/es\/\"},{\"@type\":\"ListItem\",\"position\":2,\"name\":\"Resultados de La Loter\u00eda Americana &#8211; Los \u00daltimos N\u00fameros Ganadores de La Loter\u00eda de Estados Unidos\",\"item\":\"https:\/\/www.lotterycritic.com\/es\/resultados-loteria\/\"},{\"@type\":\"ListItem\",\"position\":3,\"name\":\"Resultados de La Loter\u00eda de New Jersey (NJ) &#8211; Comprueba Los N\u00fameros Ganadores de Hoy En Nueva Jersey\",\"item\":\"https:\/\/www.lotterycritic.com\/es\/resultados-loteria\/nueva-jersey\/\"},{\"@type\":\"ListItem\",\"position\":4,\"name\":\"Resultados de Loter\u00eda Cash 5 (Noche) de New Jersey (NJ) y N\u00fameros Ganadores de Hoy\"}]},{\"@type\":\"WebSite\",\"@id\":\"https:\/\/www.lotterycritic.com\/es\/#website\",\"url\":\"https:\/\/www.lotterycritic.com\/es\/\",\"name\":\"Lottery Critic\",\"description\":\"Your Guide to Lottery Results, Winning Numbers &amp; More\u2026\",\"potentialAction\":[{\"@type\":\"SearchAction\",\"target\":{\"@type\":\"EntryPoint\",\"urlTemplate\":\"https:\/\/www.lotterycritic.com\/es\/?s={search_term_string}\"},\"query-input\":{\"@type\":\"PropertyValueSpecification\",\"valueRequired\":true,\"valueName\":\"search_term_string\"}}],\"inLanguage\":\"es\"}]}<\/script>\n<!-- \/ Yoast SEO plugin. -->","yoast_head_json":{"title":"Loter\u00eda Cash 5 (Noche) de New Jersey (NJ): Resultados y N\u00fameros Ganadores","description":"Aprenda sobre el Jersey Cash 5 y conozca los \u00faltimos resultados, n\u00fameros calientes y fr\u00edos actualizados, pagos, probabilidades y mucho m\u00e1s.","robots":{"index":"index","follow":"follow","max-snippet":"max-snippet:-1","max-image-preview":"max-image-preview:large","max-video-preview":"max-video-preview:-1"},"canonical":"https:\/\/www.lotterycritic.com\/es\/resultados-loteria\/nueva-jersey\/jersey-cash-5\/","og_locale":"es_ES","og_type":"article","og_title":"Loter\u00eda Cash 5 (Noche) de New Jersey (NJ): Resultados y N\u00fameros Ganadores","og_description":"Aprenda sobre el Jersey Cash 5 y conozca los \u00faltimos resultados, n\u00fameros calientes y fr\u00edos actualizados, pagos, probabilidades y mucho m\u00e1s.","og_url":"https:\/\/www.lotterycritic.com\/es\/resultados-loteria\/nueva-jersey\/jersey-cash-5\/","og_site_name":"Lottery Critic","article_modified_time":"2023-08-11T13:18:56+00:00","og_image":[{"url":"https:\/\/www.lotterycritic.com\/wp-content\/uploads\/2017\/09\/jersey-cash-5-xtra-logo-300x122.png"}],"twitter_card":"summary_large_image","twitter_misc":{"Tiempo de lectura":"5 minutos"},"schema":{"@context":"https:\/\/schema.org","@graph":[{"@type":"WebPage","@id":"https:\/\/www.lotterycritic.com\/es\/resultados-loteria\/nueva-jersey\/jersey-cash-5\/","url":"https:\/\/www.lotterycritic.com\/es\/resultados-loteria\/nueva-jersey\/jersey-cash-5\/","name":"Loter\u00eda Cash 5 (Noche) de New Jersey (NJ): Resultados y N\u00fameros Ganadores","isPartOf":{"@id":"https:\/\/www.lotterycritic.com\/es\/#website"},"primaryImageOfPage":{"@id":"https:\/\/www.lotterycritic.com\/es\/resultados-loteria\/nueva-jersey\/jersey-cash-5\/#primaryimage"},"image":{"@id":"https:\/\/www.lotterycritic.com\/es\/resultados-loteria\/nueva-jersey\/jersey-cash-5\/#primaryimage"},"thumbnailUrl":"https:\/\/www.lotterycritic.com\/wp-content\/uploads\/2017\/09\/jersey-cash-5-xtra-logo-300x122.png","datePublished":"2023-08-09T02:00:41+00:00","dateModified":"2023-08-11T13:18:56+00:00","description":"Aprenda sobre el Jersey Cash 5 y conozca los \u00faltimos resultados, n\u00fameros calientes y fr\u00edos actualizados, pagos, probabilidades y mucho m\u00e1s.","breadcrumb":{"@id":"https:\/\/www.lotterycritic.com\/es\/resultados-loteria\/nueva-jersey\/jersey-cash-5\/#breadcrumb"},"inLanguage":"es","potentialAction":[{"@type":"ReadAction","target":["https:\/\/www.lotterycritic.com\/es\/resultados-loteria\/nueva-jersey\/jersey-cash-5\/"]}]},{"@type":"ImageObject","inLanguage":"es","@id":"https:\/\/www.lotterycritic.com\/es\/resultados-loteria\/nueva-jersey\/jersey-cash-5\/#primaryimage","url":"https:\/\/www.lotterycritic.com\/wp-content\/uploads\/2017\/09\/jersey-cash-5-xtra-logo-300x122.png","contentUrl":"https:\/\/www.lotterycritic.com\/wp-content\/uploads\/2017\/09\/jersey-cash-5-xtra-logo-300x122.png"},{"@type":"BreadcrumbList","@id":"https:\/\/www.lotterycritic.com\/es\/resultados-loteria\/nueva-jersey\/jersey-cash-5\/#breadcrumb","itemListElement":[{"@type":"ListItem","position":1,"name":"Home","item":"https:\/\/www.lotterycritic.com\/es\/"},{"@type":"ListItem","position":2,"name":"Resultados de La Loter\u00eda Americana &#8211; Los \u00daltimos N\u00fameros Ganadores de La Loter\u00eda de Estados Unidos","item":"https:\/\/www.lotterycritic.com\/es\/resultados-loteria\/"},{"@type":"ListItem","position":3,"name":"Resultados de La Loter\u00eda de New Jersey (NJ) &#8211; Comprueba Los N\u00fameros Ganadores de Hoy En Nueva Jersey","item":"https:\/\/www.lotterycritic.com\/es\/resultados-loteria\/nueva-jersey\/"},{"@type":"ListItem","position":4,"name":"Resultados de Loter\u00eda Cash 5 (Noche) de New Jersey (NJ) y N\u00fameros Ganadores de Hoy"}]},{"@type":"WebSite","@id":"https:\/\/www.lotterycritic.com\/es\/#website","url":"https:\/\/www.lotterycritic.com\/es\/","name":"Lottery Critic","description":"Your Guide to Lottery Results, Winning Numbers &amp; More\u2026","potentialAction":[{"@type":"SearchAction","target":{"@type":"EntryPoint","urlTemplate":"https:\/\/www.lotterycritic.com\/es\/?s={search_term_string}"},"query-input":{"@type":"PropertyValueSpecification","valueRequired":true,"valueName":"search_term_string"}}],"inLanguage":"es"}]}},"_links":{"self":[{"href":"https:\/\/www.lotterycritic.com\/es\/wp-json\/wp\/v2\/pages\/14130"}],"collection":[{"href":"https:\/\/www.lotterycritic.com\/es\/wp-json\/wp\/v2\/pages"}],"about":[{"href":"https:\/\/www.lotterycritic.com\/es\/wp-json\/wp\/v2\/types\/page"}],"author":[{"embeddable":true,"href":"https:\/\/www.lotterycritic.com\/es\/wp-json\/wp\/v2\/users\/6"}],"replies":[{"embeddable":true,"href":"https:\/\/www.lotterycritic.com\/es\/wp-json\/wp\/v2\/comments?post=14130"}],"version-history":[{"count":2,"href":"https:\/\/www.lotterycritic.com\/es\/wp-json\/wp\/v2\/pages\/14130\/revisions"}],"predecessor-version":[{"id":14171,"href":"https:\/\/www.lotterycritic.com\/es\/wp-json\/wp\/v2\/pages\/14130\/revisions\/14171"}],"up":[{"embeddable":true,"href":"https:\/\/www.lotterycritic.com\/es\/wp-json\/wp\/v2\/pages\/14121"}],"wp:attachment":[{"href":"https:\/\/www.lotterycritic.com\/es\/wp-json\/wp\/v2\/media?parent=14130"}],"curies":[{"name":"wp","href":"https:\/\/api.w.org\/{rel}","templated":true}]}}