{"id":14117,"date":"2023-08-06T23:25:53","date_gmt":"2023-08-06T23:25:53","guid":{"rendered":"https:\/\/www.lotterycritic.com\/resultados-de-loteria-cash4life-de-new-jersey-nj-y-numeros-ganadores-ayer-hoy\/"},"modified":"2023-08-11T13:18:05","modified_gmt":"2023-08-11T13:18:05","slug":"cash4life","status":"publish","type":"page","link":"https:\/\/www.lotterycritic.com\/es\/resultados-loteria\/nueva-jersey\/cash4life\/","title":{"rendered":"Resultados de Loter\u00eda Cash4Life de New Jersey (NJ) y N\u00fameros Ganadores [Ayer + Hoy]"},"content":{"rendered":"<p><\/p>\n<p>El Cash4Life les entrega a los ganadores hasta $1,000 por d\u00eda por el resto de sus vidas. Es popular en varios estados, y cuenta con la opci\u00f3n del Doubler que hace el premio a\u00fan m\u00e1s interesante.<\/p>\n<p><img decoding=\"async\" class=\"size-full wp-image-14118 aligncenter\" src=\"https:\/\/www.lotterycritic.com\/wp-content\/uploads\/2018\/12\/new-jersey-cash4life-logo.png\" alt=\"New Jersey Cash4Life logo\" width=\"291\" height=\"173\" \/><\/p>\n<p>\n<\/p>\n<p><section><div class=\"section-anchor\" id=\"drawing-schedule\"><\/div><\/p>\n<h2>Calendario de sorteos del Cash4Life de Nueva Jersey<\/h2>\n<p>El Cash4Life de Nueva Jersey se sortea dos veces por semana, conociendo sus resultados cada <strong>lunes y jueves a las 9:00 PM EST<\/strong>. Debe comprar su billete antes de las 8:46 PM EST para entrar en el sorteo de ese d\u00eda.<\/p>\n<p>\n<\/section><\/p>\n<p><section><div class=\"section-anchor\" id=\"game-rules\"><\/div><\/p>\n<h2>Pagos y Mec\u00e1nicas del Cash4Life de Nueva Jersey<\/h2>\n<p>El Cash4Life cuenta con varias mec\u00e1nicas. Para jugar, elija 5 n\u00fameros principales entre 1 y 60, y un n\u00famero adicional Cash Ball entre 1 y 4. Puede optar tambi\u00e9n por la opci\u00f3n Quick Pick (Selecci\u00f3n R\u00e1pida).<\/p>\n<p>Para ganar el premio mayor, tendr\u00e1 que acertar todos los cinco n\u00fameros principales, adem\u00e1s del Cash Ball. Mientras que para ganar el segundo premio, debe coincidir en los cinco n\u00fameros principales. Existen nueve niveles de premio diferentes.<\/p>\n<p>Cada oportunidad de jugar al Cash4Life cuesta $2.<\/p>\n<h3>Doubler<\/h3>\n<p>El Cash4Life de Nueva Jersey tiene la opci\u00f3n de Doubler que duplica cualquier premio por fuera del principal. Esto significa que los niveles de premios m\u00e1s altos no aplican para el Doubler.<\/p>\n<p>Para habilitar el Doubler, deber\u00e1 pagar $1 adicional cuando compre su billete.<\/p>\n<p>\n<\/section><\/p>\n<p><section><div class=\"section-anchor\" id=\"payouts-and-odds\"><\/div><\/p>\n<h3>Pagos y Probabilidades del Cash4Life de Nueva Jersey<\/h3>\n<table>\n<tbody>\n<tr>\n<td><strong>N\u00fameros acertados<\/strong><\/td>\n<td><strong>Premio<\/strong><\/td>\n<td><strong>Premio con Doubler<\/strong><\/td>\n<td><strong>Probabilidades<\/strong><\/td>\n<\/tr>\n<tr>\n<td>5 + 1<\/td>\n<td>$1,000 por d\u00eda de por vida<\/td>\n<td>&#8211;<\/td>\n<td>1 en 21,846,048<\/td>\n<\/tr>\n<tr>\n<td>5<\/td>\n<td>$,1000 por semana de por vida<\/td>\n<td>&#8211;<\/td>\n<td>1 en 7,282,016<\/td>\n<\/tr>\n<tr>\n<td>4 + 1<\/td>\n<td>$2,500<\/td>\n<td>$5,000<\/td>\n<td>1 en 79,440<\/td>\n<\/tr>\n<tr>\n<td>4<\/td>\n<td>$500<\/td>\n<td>$1,000<\/td>\n<td>1 en 26,480<\/td>\n<\/tr>\n<tr>\n<td>3 + 1<\/td>\n<td>$100<\/td>\n<td>$200<\/td>\n<td>1 en 1,471<\/td>\n<\/tr>\n<tr>\n<td>3<\/td>\n<td>$25<\/td>\n<td>$50<\/td>\n<td>1 en 490<\/td>\n<\/tr>\n<tr>\n<td>2 + 1<\/td>\n<td>$10<\/td>\n<td>$20<\/td>\n<td>1 en 83<\/td>\n<\/tr>\n<tr>\n<td>2<\/td>\n<td>$4<\/td>\n<td>$8<\/td>\n<td>1 en 28<\/td>\n<\/tr>\n<tr>\n<td>1 + 1<\/td>\n<td>$2<\/td>\n<td>$4<\/td>\n<td>1 en 13<\/td>\n<\/tr>\n<\/tbody>\n<\/table>\n<p>\n<\/section><\/p>\n<p><section><div class=\"section-anchor\" id=\"prize-claiming\"><\/div><\/p>\n<h3>Reclame su premio del Cash4Life de Nueva Jersey<\/h3>\n<p>Si gana cualquiera de los premios \u201cde por vida\u201d puede elegir entre la suma total o el pago anual. Elegir la suma total le concede $7,000,000 de premio mayor, mientras que el segundo premio le entrega $1,000,000 en efectivo.<\/p>\n<p>Por otro lado, si elige el pago con anualidad, recibir\u00e1 $1,000 por d\u00eda de por vida para el premio mayor, y $1,000 por semana de por vida para el segundo premio.<\/p>\n<p>Tenga en cuenta que si hay varios ganadores del premio \u201cde por vida\u201d para un solo sorteo, el premio se reparte de forma equitativa.<\/p>\n<p>Los billetes ganadores del Cash4Life de Nueva Jersey son v\u00e1lidos hasta por un a\u00f1o despu\u00e9s del sorteo.<\/p>\n<p>\n<\/section><\/p>\n<p><section><div class=\"section-anchor\" id=\"more-information\"><\/div><\/p>\n<h2>Datos importantes del Cash4Life de Nueva Jersey<\/h2>\n<ul>\n<li>Los premios \u201cde por vida\u201d tienen l\u00edmites de responsabilidad. Esto significa que si se supera un n\u00famero razonable de ganadores, cada uno recibir\u00e1 autom\u00e1ticamente una cantidad total.<\/li>\n<li>Cerca del 55 % de la venta de billetes se destina al premio.<\/li>\n<li><a href=\"https:\/\/www.lotterycritic.com\/es\/resultados-loteria\/nueva-york\/\">Nueva York<\/a>\u00a0y Nueva Jersey fueron los primeros estados en ofrecer el Cash4Life en junio de 2014.<\/li>\n<\/ul>\n<p>\n<\/section><\/p>\n<p><section><div class=\"section-anchor\" id=\"other-new-jersey-lotteries\"><\/div><\/p>\n<h2>Otras loter\u00edas de Nueva Jersey<\/h2>\n<p>Conozca los resultados m\u00e1s recientes, premio mayor, probabilidades de ganar, pago de premios, calendario de sorteos semanales y dem\u00e1s informaci\u00f3n \u00fatil para <a href=\"https:\/\/www.lotterycritic.com\/es\/resultados-loteria\/nueva-jersey\/\">todas las loter\u00edas de Nueva Jersey<\/a> como <a href=\"https:\/\/www.lotterycritic.com\/lottery-results\/new-jersey\/pick-6\/\">Pick 6<\/a>, <a href=\"https:\/\/www.lotterycritic.com\/es\/resultados-loteria\/nueva-jersey\/pick-3\/\">Pick 3<\/a>, <a href=\"https:\/\/www.lotterycritic.com\/es\/resultados-loteria\/nueva-jersey\/pick-4\/\">Pick 4<\/a>, <a href=\"https:\/\/www.lotterycritic.com\/es\/resultados-loteria\/nueva-jersey\/jersey-cash-5\/\">Jersey Cash 5<\/a>, <a href=\"https:\/\/www.lotterycritic.com\/lottery-results\/maryland\/5-card-cash\/\">5 Card Cash<\/a>, Raspables, y las loter\u00edas m\u00e1s populares en varios estados, <a href=\"https:\/\/www.lotterycritic.com\/es\/resultados-loteria\/carolina-del-sur\/powerball\/\" rel=\"\">Powerball<\/a>\u00a0&\u00a0<a href=\"https:\/\/www.lotterycritic.com\/es\/resultados-loteria\/tennessee\/mega-millions\/\" rel=\"\">Mega Millions<\/a>.<\/p>\n<p>\n<\/section><\/p>\n<p>&nbsp;<\/p>\n","protected":false},"excerpt":{"rendered":"<p>&nbsp;<\/p>\n","protected":false},"author":6,"featured_media":0,"parent":14121,"menu_order":1,"comment_status":"closed","ping_status":"closed","template":"lottery-results-game-child-template.php","meta":{"footnotes":""},"class_list":["post-14117","page","type-page","status-publish","hentry"],"acf":[],"yoast_head":"<!-- This site is optimized with the Yoast SEO plugin v23.4 - https:\/\/yoast.com\/wordpress\/plugins\/seo\/ -->\n<title>Loter\u00eda Cash4Life de New Jersey: Resultados y N\u00fameros Ganadores [Ayer+Hoy]<\/title>\n<meta name=\"description\" content=\"Obtenga los resultados m\u00e1s recientes, n\u00fameros calientes y fr\u00edos, pagos, probabilidades y m\u00e1s, para uno de los juegos m\u00e1s populares de Nueva Jersey.\" \/>\n<meta name=\"robots\" content=\"index, follow, max-snippet:-1, max-image-preview:large, max-video-preview:-1\" \/>\n<link rel=\"canonical\" href=\"https:\/\/www.lotterycritic.com\/es\/resultados-loteria\/nueva-jersey\/cash4life\/\" \/>\n<meta property=\"og:locale\" content=\"es_ES\" \/>\n<meta property=\"og:type\" content=\"article\" \/>\n<meta property=\"og:title\" content=\"Loter\u00eda Cash4Life de New Jersey: Resultados y N\u00fameros Ganadores [Ayer+Hoy]\" \/>\n<meta property=\"og:description\" content=\"Obtenga los resultados m\u00e1s recientes, n\u00fameros calientes y fr\u00edos, pagos, probabilidades y m\u00e1s, para uno de los juegos m\u00e1s populares de Nueva Jersey.\" \/>\n<meta property=\"og:url\" content=\"https:\/\/www.lotterycritic.com\/es\/resultados-loteria\/nueva-jersey\/cash4life\/\" \/>\n<meta property=\"og:site_name\" content=\"Lottery Critic\" \/>\n<meta property=\"article:modified_time\" content=\"2023-08-11T13:18:05+00:00\" \/>\n<meta property=\"og:image\" content=\"https:\/\/www.lotterycritic.com\/wp-content\/uploads\/2018\/12\/new-jersey-cash4life-logo.png\" \/>\n<meta name=\"twitter:card\" content=\"summary_large_image\" \/>\n<meta name=\"twitter:label1\" content=\"Tiempo de lectura\" \/>\n\t<meta name=\"twitter:data1\" content=\"3 minutos\" \/>\n<script type=\"application\/ld+json\" class=\"yoast-schema-graph\">{\"@context\":\"https:\/\/schema.org\",\"@graph\":[{\"@type\":\"WebPage\",\"@id\":\"https:\/\/www.lotterycritic.com\/es\/resultados-loteria\/nueva-jersey\/cash4life\/\",\"url\":\"https:\/\/www.lotterycritic.com\/es\/resultados-loteria\/nueva-jersey\/cash4life\/\",\"name\":\"Loter\u00eda Cash4Life de New Jersey: Resultados y N\u00fameros Ganadores [Ayer+Hoy]\",\"isPartOf\":{\"@id\":\"https:\/\/www.lotterycritic.com\/es\/#website\"},\"primaryImageOfPage\":{\"@id\":\"https:\/\/www.lotterycritic.com\/es\/resultados-loteria\/nueva-jersey\/cash4life\/#primaryimage\"},\"image\":{\"@id\":\"https:\/\/www.lotterycritic.com\/es\/resultados-loteria\/nueva-jersey\/cash4life\/#primaryimage\"},\"thumbnailUrl\":\"https:\/\/www.lotterycritic.com\/wp-content\/uploads\/2018\/12\/new-jersey-cash4life-logo.png\",\"datePublished\":\"2023-08-06T23:25:53+00:00\",\"dateModified\":\"2023-08-11T13:18:05+00:00\",\"description\":\"Obtenga los resultados m\u00e1s recientes, n\u00fameros calientes y fr\u00edos, pagos, probabilidades y m\u00e1s, para uno de los juegos m\u00e1s populares de Nueva Jersey.\",\"breadcrumb\":{\"@id\":\"https:\/\/www.lotterycritic.com\/es\/resultados-loteria\/nueva-jersey\/cash4life\/#breadcrumb\"},\"inLanguage\":\"es\",\"potentialAction\":[{\"@type\":\"ReadAction\",\"target\":[\"https:\/\/www.lotterycritic.com\/es\/resultados-loteria\/nueva-jersey\/cash4life\/\"]}]},{\"@type\":\"ImageObject\",\"inLanguage\":\"es\",\"@id\":\"https:\/\/www.lotterycritic.com\/es\/resultados-loteria\/nueva-jersey\/cash4life\/#primaryimage\",\"url\":\"https:\/\/www.lotterycritic.com\/wp-content\/uploads\/2018\/12\/new-jersey-cash4life-logo.png\",\"contentUrl\":\"https:\/\/www.lotterycritic.com\/wp-content\/uploads\/2018\/12\/new-jersey-cash4life-logo.png\"},{\"@type\":\"BreadcrumbList\",\"@id\":\"https:\/\/www.lotterycritic.com\/es\/resultados-loteria\/nueva-jersey\/cash4life\/#breadcrumb\",\"itemListElement\":[{\"@type\":\"ListItem\",\"position\":1,\"name\":\"Home\",\"item\":\"https:\/\/www.lotterycritic.com\/es\/\"},{\"@type\":\"ListItem\",\"position\":2,\"name\":\"Resultados de La Loter\u00eda Americana &#8211; Los \u00daltimos N\u00fameros Ganadores de La Loter\u00eda de Estados Unidos\",\"item\":\"https:\/\/www.lotterycritic.com\/es\/resultados-loteria\/\"},{\"@type\":\"ListItem\",\"position\":3,\"name\":\"Resultados de La Loter\u00eda de New Jersey (NJ) &#8211; Comprueba Los N\u00fameros Ganadores de Hoy En Nueva Jersey\",\"item\":\"https:\/\/www.lotterycritic.com\/es\/resultados-loteria\/nueva-jersey\/\"},{\"@type\":\"ListItem\",\"position\":4,\"name\":\"Resultados de Loter\u00eda Cash4Life de New Jersey (NJ) y N\u00fameros Ganadores [Ayer + Hoy]\"}]},{\"@type\":\"WebSite\",\"@id\":\"https:\/\/www.lotterycritic.com\/es\/#website\",\"url\":\"https:\/\/www.lotterycritic.com\/es\/\",\"name\":\"Lottery Critic\",\"description\":\"Your Guide to Lottery Results, Winning Numbers &amp; More\u2026\",\"potentialAction\":[{\"@type\":\"SearchAction\",\"target\":{\"@type\":\"EntryPoint\",\"urlTemplate\":\"https:\/\/www.lotterycritic.com\/es\/?s={search_term_string}\"},\"query-input\":{\"@type\":\"PropertyValueSpecification\",\"valueRequired\":true,\"valueName\":\"search_term_string\"}}],\"inLanguage\":\"es\"}]}<\/script>\n<!-- \/ Yoast SEO plugin. -->","yoast_head_json":{"title":"Loter\u00eda Cash4Life de New Jersey: Resultados y N\u00fameros Ganadores [Ayer+Hoy]","description":"Obtenga los resultados m\u00e1s recientes, n\u00fameros calientes y fr\u00edos, pagos, probabilidades y m\u00e1s, para uno de los juegos m\u00e1s populares de Nueva Jersey.","robots":{"index":"index","follow":"follow","max-snippet":"max-snippet:-1","max-image-preview":"max-image-preview:large","max-video-preview":"max-video-preview:-1"},"canonical":"https:\/\/www.lotterycritic.com\/es\/resultados-loteria\/nueva-jersey\/cash4life\/","og_locale":"es_ES","og_type":"article","og_title":"Loter\u00eda Cash4Life de New Jersey: Resultados y N\u00fameros Ganadores [Ayer+Hoy]","og_description":"Obtenga los resultados m\u00e1s recientes, n\u00fameros calientes y fr\u00edos, pagos, probabilidades y m\u00e1s, para uno de los juegos m\u00e1s populares de Nueva Jersey.","og_url":"https:\/\/www.lotterycritic.com\/es\/resultados-loteria\/nueva-jersey\/cash4life\/","og_site_name":"Lottery Critic","article_modified_time":"2023-08-11T13:18:05+00:00","og_image":[{"url":"https:\/\/www.lotterycritic.com\/wp-content\/uploads\/2018\/12\/new-jersey-cash4life-logo.png"}],"twitter_card":"summary_large_image","twitter_misc":{"Tiempo de lectura":"3 minutos"},"schema":{"@context":"https:\/\/schema.org","@graph":[{"@type":"WebPage","@id":"https:\/\/www.lotterycritic.com\/es\/resultados-loteria\/nueva-jersey\/cash4life\/","url":"https:\/\/www.lotterycritic.com\/es\/resultados-loteria\/nueva-jersey\/cash4life\/","name":"Loter\u00eda Cash4Life de New Jersey: Resultados y N\u00fameros Ganadores [Ayer+Hoy]","isPartOf":{"@id":"https:\/\/www.lotterycritic.com\/es\/#website"},"primaryImageOfPage":{"@id":"https:\/\/www.lotterycritic.com\/es\/resultados-loteria\/nueva-jersey\/cash4life\/#primaryimage"},"image":{"@id":"https:\/\/www.lotterycritic.com\/es\/resultados-loteria\/nueva-jersey\/cash4life\/#primaryimage"},"thumbnailUrl":"https:\/\/www.lotterycritic.com\/wp-content\/uploads\/2018\/12\/new-jersey-cash4life-logo.png","datePublished":"2023-08-06T23:25:53+00:00","dateModified":"2023-08-11T13:18:05+00:00","description":"Obtenga los resultados m\u00e1s recientes, n\u00fameros calientes y fr\u00edos, pagos, probabilidades y m\u00e1s, para uno de los juegos m\u00e1s populares de Nueva Jersey.","breadcrumb":{"@id":"https:\/\/www.lotterycritic.com\/es\/resultados-loteria\/nueva-jersey\/cash4life\/#breadcrumb"},"inLanguage":"es","potentialAction":[{"@type":"ReadAction","target":["https:\/\/www.lotterycritic.com\/es\/resultados-loteria\/nueva-jersey\/cash4life\/"]}]},{"@type":"ImageObject","inLanguage":"es","@id":"https:\/\/www.lotterycritic.com\/es\/resultados-loteria\/nueva-jersey\/cash4life\/#primaryimage","url":"https:\/\/www.lotterycritic.com\/wp-content\/uploads\/2018\/12\/new-jersey-cash4life-logo.png","contentUrl":"https:\/\/www.lotterycritic.com\/wp-content\/uploads\/2018\/12\/new-jersey-cash4life-logo.png"},{"@type":"BreadcrumbList","@id":"https:\/\/www.lotterycritic.com\/es\/resultados-loteria\/nueva-jersey\/cash4life\/#breadcrumb","itemListElement":[{"@type":"ListItem","position":1,"name":"Home","item":"https:\/\/www.lotterycritic.com\/es\/"},{"@type":"ListItem","position":2,"name":"Resultados de La Loter\u00eda Americana &#8211; Los \u00daltimos N\u00fameros Ganadores de La Loter\u00eda de Estados Unidos","item":"https:\/\/www.lotterycritic.com\/es\/resultados-loteria\/"},{"@type":"ListItem","position":3,"name":"Resultados de La Loter\u00eda de New Jersey (NJ) &#8211; Comprueba Los N\u00fameros Ganadores de Hoy En Nueva Jersey","item":"https:\/\/www.lotterycritic.com\/es\/resultados-loteria\/nueva-jersey\/"},{"@type":"ListItem","position":4,"name":"Resultados de Loter\u00eda Cash4Life de New Jersey (NJ) y N\u00fameros Ganadores [Ayer + Hoy]"}]},{"@type":"WebSite","@id":"https:\/\/www.lotterycritic.com\/es\/#website","url":"https:\/\/www.lotterycritic.com\/es\/","name":"Lottery Critic","description":"Your Guide to Lottery Results, Winning Numbers &amp; More\u2026","potentialAction":[{"@type":"SearchAction","target":{"@type":"EntryPoint","urlTemplate":"https:\/\/www.lotterycritic.com\/es\/?s={search_term_string}"},"query-input":{"@type":"PropertyValueSpecification","valueRequired":true,"valueName":"search_term_string"}}],"inLanguage":"es"}]}},"_links":{"self":[{"href":"https:\/\/www.lotterycritic.com\/es\/wp-json\/wp\/v2\/pages\/14117"}],"collection":[{"href":"https:\/\/www.lotterycritic.com\/es\/wp-json\/wp\/v2\/pages"}],"about":[{"href":"https:\/\/www.lotterycritic.com\/es\/wp-json\/wp\/v2\/types\/page"}],"author":[{"embeddable":true,"href":"https:\/\/www.lotterycritic.com\/es\/wp-json\/wp\/v2\/users\/6"}],"replies":[{"embeddable":true,"href":"https:\/\/www.lotterycritic.com\/es\/wp-json\/wp\/v2\/comments?post=14117"}],"version-history":[{"count":1,"href":"https:\/\/www.lotterycritic.com\/es\/wp-json\/wp\/v2\/pages\/14117\/revisions"}],"predecessor-version":[{"id":14120,"href":"https:\/\/www.lotterycritic.com\/es\/wp-json\/wp\/v2\/pages\/14117\/revisions\/14120"}],"up":[{"embeddable":true,"href":"https:\/\/www.lotterycritic.com\/es\/wp-json\/wp\/v2\/pages\/14121"}],"wp:attachment":[{"href":"https:\/\/www.lotterycritic.com\/es\/wp-json\/wp\/v2\/media?parent=14117"}],"curies":[{"name":"wp","href":"https:\/\/api.w.org\/{rel}","templated":true}]}}