{"id":14115,"date":"2023-08-06T22:46:08","date_gmt":"2023-08-06T22:46:08","guid":{"rendered":"https:\/\/www.lotterycritic.com\/resultados-loteria\/nebraska\/resultados-de-loteria-pick-5-de-nebraska-ne-y-numeros-ganadores-ayer-hoy\/"},"modified":"2023-08-06T22:46:32","modified_gmt":"2023-08-06T22:46:32","slug":"pick-5","status":"publish","type":"page","link":"https:\/\/www.lotterycritic.com\/es\/resultados-loteria\/nebraska\/pick-5\/","title":{"rendered":"Resultados de Loter\u00eda Pick 5 de Nebraska (NE) y N\u00fameros Ganadores [Ayer + Hoy]"},"content":{"rendered":"<p><section><div class=\"section-anchor\" id=\"game-rules\"><\/div><\/p>\n<p>El Pick 5 es un juego exclusivo de Nebraska con un premio mayor que comienza en los $50,000 que se van acumulando en cada sorteo hasta que alguien lo gana. El premio se divide equitativamente entre los ganadores (si hay varios), y siempre se paga como una suma total.<\/p>\n<p>Para jugar, deber\u00e1 escoger 5 n\u00fameros del 1 al 39. Si coincide en los 5 n\u00fameros sorteados se queda con el premio mayor.<\/p>\n<p>\n<\/section><\/p>\n<p><section><div class=\"section-anchor\" id=\"drawing-schedule\"><\/div><\/p>\n<h2><span style=\"font-weight: 400;\">Calendario de sorteos del Pick 5 de Nebraska<\/span><\/h2>\n<p>Los sorteos del Pick 5 de Nebraska se llevan a cabo todos los d\u00edas, y los resultados se anuncian durante el noticiero de las 10 PM. Los jugadores pueden comprar billetes entre las <span style=\"font-weight: 400;\">5 AM y 3 AM, hora central, con excepci\u00f3n de un periodo entre las 9 PM y 9:03 PM cada noche.<\/span><\/p>\n<p>\n<\/section><\/p>\n<p><section><div class=\"section-anchor\" id=\"payouts-and-odds\"><\/div><\/p>\n<h2><span style=\"font-weight: 400;\">Pagos y Probabilidades de ganar el Pick 5 de Nebraska<\/span><\/h2>\n<table>\n<tbody>\n<tr>\n<td><b>N\u00fameros acertados<\/b><\/td>\n<td><b>Premio<\/b><\/td>\n<td><b>Probabilidades<\/b><\/td>\n<\/tr>\n<tr>\n<td><span style=\"font-weight: 400;\">5 de 5<\/span><\/td>\n<td><span style=\"font-weight: 400;\">Premio mayor<\/span><\/td>\n<td><span style=\"font-weight: 400;\">1 en 501,942<\/span><\/td>\n<\/tr>\n<tr>\n<td><span style=\"font-weight: 400;\">4 de 5<\/span><\/td>\n<td><span style=\"font-weight: 400;\">$450<\/span><\/td>\n<td><span style=\"font-weight: 400;\">1 en 3,042<\/span><\/td>\n<\/tr>\n<tr>\n<td><span style=\"font-weight: 400;\">3 de 5<\/span><\/td>\n<td><span style=\"font-weight: 400;\">$9<\/span><\/td>\n<td><span style=\"font-weight: 400;\">1 en 95<\/span><\/td>\n<\/tr>\n<tr>\n<td><span style=\"font-weight: 400;\">2 de 5<\/span><\/td>\n<td><span style=\"font-weight: 400;\">Billete gratis Quick Pick<\/span><\/td>\n<td><span style=\"font-weight: 400;\">1 en 9<\/span><\/td>\n<\/tr>\n<\/tbody>\n<\/table>\n<p>\n<\/section><\/p>\n","protected":false},"excerpt":{"rendered":"","protected":false},"author":2,"featured_media":0,"parent":14110,"menu_order":2,"comment_status":"closed","ping_status":"closed","template":"lottery-results-game-child-template.php","meta":{"footnotes":""},"class_list":["post-14115","page","type-page","status-publish","hentry"],"acf":[],"yoast_head":"<!-- This site is optimized with the Yoast SEO plugin v23.4 - https:\/\/yoast.com\/wordpress\/plugins\/seo\/ -->\n<title>Loter\u00eda Pick 5 de Nebraska: Resultados y N\u00fameros Ganadores [Ayer + Hoy]<\/title>\n<meta name=\"description\" content=\"Conozca los \u00faltimos resultados, n\u00fameros ganadores, n\u00fameros calientes y fr\u00edos, pagos, probabilidades y m\u00e1s, para el Pick 5 de Nebraska.\" \/>\n<meta name=\"robots\" content=\"index, follow, max-snippet:-1, max-image-preview:large, max-video-preview:-1\" \/>\n<link rel=\"canonical\" href=\"https:\/\/www.lotterycritic.com\/es\/resultados-loteria\/nebraska\/pick-5\/\" \/>\n<meta property=\"og:locale\" content=\"es_ES\" \/>\n<meta property=\"og:type\" content=\"article\" \/>\n<meta property=\"og:title\" content=\"Loter\u00eda Pick 5 de Nebraska: Resultados y N\u00fameros Ganadores [Ayer + Hoy]\" \/>\n<meta property=\"og:description\" content=\"Conozca los \u00faltimos resultados, n\u00fameros ganadores, n\u00fameros calientes y fr\u00edos, pagos, probabilidades y m\u00e1s, para el Pick 5 de Nebraska.\" \/>\n<meta property=\"og:url\" content=\"https:\/\/www.lotterycritic.com\/es\/resultados-loteria\/nebraska\/pick-5\/\" \/>\n<meta property=\"og:site_name\" content=\"Lottery Critic\" \/>\n<meta property=\"article:modified_time\" content=\"2023-08-06T22:46:32+00:00\" \/>\n<meta name=\"twitter:card\" content=\"summary_large_image\" \/>\n<meta name=\"twitter:label1\" content=\"Tiempo de lectura\" \/>\n\t<meta name=\"twitter:data1\" content=\"1 minuto\" \/>\n<script type=\"application\/ld+json\" class=\"yoast-schema-graph\">{\"@context\":\"https:\/\/schema.org\",\"@graph\":[{\"@type\":\"WebPage\",\"@id\":\"https:\/\/www.lotterycritic.com\/es\/resultados-loteria\/nebraska\/pick-5\/\",\"url\":\"https:\/\/www.lotterycritic.com\/es\/resultados-loteria\/nebraska\/pick-5\/\",\"name\":\"Loter\u00eda Pick 5 de Nebraska: Resultados y N\u00fameros Ganadores [Ayer + Hoy]\",\"isPartOf\":{\"@id\":\"https:\/\/www.lotterycritic.com\/es\/#website\"},\"datePublished\":\"2023-08-06T22:46:08+00:00\",\"dateModified\":\"2023-08-06T22:46:32+00:00\",\"description\":\"Conozca los \u00faltimos resultados, n\u00fameros ganadores, n\u00fameros calientes y fr\u00edos, pagos, probabilidades y m\u00e1s, para el Pick 5 de Nebraska.\",\"breadcrumb\":{\"@id\":\"https:\/\/www.lotterycritic.com\/es\/resultados-loteria\/nebraska\/pick-5\/#breadcrumb\"},\"inLanguage\":\"es\",\"potentialAction\":[{\"@type\":\"ReadAction\",\"target\":[\"https:\/\/www.lotterycritic.com\/es\/resultados-loteria\/nebraska\/pick-5\/\"]}]},{\"@type\":\"BreadcrumbList\",\"@id\":\"https:\/\/www.lotterycritic.com\/es\/resultados-loteria\/nebraska\/pick-5\/#breadcrumb\",\"itemListElement\":[{\"@type\":\"ListItem\",\"position\":1,\"name\":\"Home\",\"item\":\"https:\/\/www.lotterycritic.com\/es\/\"},{\"@type\":\"ListItem\",\"position\":2,\"name\":\"Resultados de La Loter\u00eda Americana &#8211; Los \u00daltimos N\u00fameros Ganadores de La Loter\u00eda de Estados Unidos\",\"item\":\"https:\/\/www.lotterycritic.com\/es\/resultados-loteria\/\"},{\"@type\":\"ListItem\",\"position\":3,\"name\":\"Resultados de La Loter\u00eda de Nebraska (NE) &#8211; Comprueba Los N\u00fameros Ganadores de Hoy En Nebraska\",\"item\":\"https:\/\/www.lotterycritic.com\/es\/resultados-loteria\/nebraska\/\"},{\"@type\":\"ListItem\",\"position\":4,\"name\":\"Resultados de Loter\u00eda Pick 5 de Nebraska (NE) y N\u00fameros Ganadores [Ayer + Hoy]\"}]},{\"@type\":\"WebSite\",\"@id\":\"https:\/\/www.lotterycritic.com\/es\/#website\",\"url\":\"https:\/\/www.lotterycritic.com\/es\/\",\"name\":\"Lottery Critic\",\"description\":\"Your Guide to Lottery Results, Winning Numbers &amp; More\u2026\",\"potentialAction\":[{\"@type\":\"SearchAction\",\"target\":{\"@type\":\"EntryPoint\",\"urlTemplate\":\"https:\/\/www.lotterycritic.com\/es\/?s={search_term_string}\"},\"query-input\":{\"@type\":\"PropertyValueSpecification\",\"valueRequired\":true,\"valueName\":\"search_term_string\"}}],\"inLanguage\":\"es\"}]}<\/script>\n<!-- \/ Yoast SEO plugin. -->","yoast_head_json":{"title":"Loter\u00eda Pick 5 de Nebraska: Resultados y N\u00fameros Ganadores [Ayer + Hoy]","description":"Conozca los \u00faltimos resultados, n\u00fameros ganadores, n\u00fameros calientes y fr\u00edos, pagos, probabilidades y m\u00e1s, para el Pick 5 de Nebraska.","robots":{"index":"index","follow":"follow","max-snippet":"max-snippet:-1","max-image-preview":"max-image-preview:large","max-video-preview":"max-video-preview:-1"},"canonical":"https:\/\/www.lotterycritic.com\/es\/resultados-loteria\/nebraska\/pick-5\/","og_locale":"es_ES","og_type":"article","og_title":"Loter\u00eda Pick 5 de Nebraska: Resultados y N\u00fameros Ganadores [Ayer + Hoy]","og_description":"Conozca los \u00faltimos resultados, n\u00fameros ganadores, n\u00fameros calientes y fr\u00edos, pagos, probabilidades y m\u00e1s, para el Pick 5 de Nebraska.","og_url":"https:\/\/www.lotterycritic.com\/es\/resultados-loteria\/nebraska\/pick-5\/","og_site_name":"Lottery Critic","article_modified_time":"2023-08-06T22:46:32+00:00","twitter_card":"summary_large_image","twitter_misc":{"Tiempo de lectura":"1 minuto"},"schema":{"@context":"https:\/\/schema.org","@graph":[{"@type":"WebPage","@id":"https:\/\/www.lotterycritic.com\/es\/resultados-loteria\/nebraska\/pick-5\/","url":"https:\/\/www.lotterycritic.com\/es\/resultados-loteria\/nebraska\/pick-5\/","name":"Loter\u00eda Pick 5 de Nebraska: Resultados y N\u00fameros Ganadores [Ayer + Hoy]","isPartOf":{"@id":"https:\/\/www.lotterycritic.com\/es\/#website"},"datePublished":"2023-08-06T22:46:08+00:00","dateModified":"2023-08-06T22:46:32+00:00","description":"Conozca los \u00faltimos resultados, n\u00fameros ganadores, n\u00fameros calientes y fr\u00edos, pagos, probabilidades y m\u00e1s, para el Pick 5 de Nebraska.","breadcrumb":{"@id":"https:\/\/www.lotterycritic.com\/es\/resultados-loteria\/nebraska\/pick-5\/#breadcrumb"},"inLanguage":"es","potentialAction":[{"@type":"ReadAction","target":["https:\/\/www.lotterycritic.com\/es\/resultados-loteria\/nebraska\/pick-5\/"]}]},{"@type":"BreadcrumbList","@id":"https:\/\/www.lotterycritic.com\/es\/resultados-loteria\/nebraska\/pick-5\/#breadcrumb","itemListElement":[{"@type":"ListItem","position":1,"name":"Home","item":"https:\/\/www.lotterycritic.com\/es\/"},{"@type":"ListItem","position":2,"name":"Resultados de La Loter\u00eda Americana &#8211; Los \u00daltimos N\u00fameros Ganadores de La Loter\u00eda de Estados Unidos","item":"https:\/\/www.lotterycritic.com\/es\/resultados-loteria\/"},{"@type":"ListItem","position":3,"name":"Resultados de La Loter\u00eda de Nebraska (NE) &#8211; Comprueba Los N\u00fameros Ganadores de Hoy En Nebraska","item":"https:\/\/www.lotterycritic.com\/es\/resultados-loteria\/nebraska\/"},{"@type":"ListItem","position":4,"name":"Resultados de Loter\u00eda Pick 5 de Nebraska (NE) y N\u00fameros Ganadores [Ayer + Hoy]"}]},{"@type":"WebSite","@id":"https:\/\/www.lotterycritic.com\/es\/#website","url":"https:\/\/www.lotterycritic.com\/es\/","name":"Lottery Critic","description":"Your Guide to Lottery Results, Winning Numbers &amp; More\u2026","potentialAction":[{"@type":"SearchAction","target":{"@type":"EntryPoint","urlTemplate":"https:\/\/www.lotterycritic.com\/es\/?s={search_term_string}"},"query-input":{"@type":"PropertyValueSpecification","valueRequired":true,"valueName":"search_term_string"}}],"inLanguage":"es"}]}},"_links":{"self":[{"href":"https:\/\/www.lotterycritic.com\/es\/wp-json\/wp\/v2\/pages\/14115"}],"collection":[{"href":"https:\/\/www.lotterycritic.com\/es\/wp-json\/wp\/v2\/pages"}],"about":[{"href":"https:\/\/www.lotterycritic.com\/es\/wp-json\/wp\/v2\/types\/page"}],"author":[{"embeddable":true,"href":"https:\/\/www.lotterycritic.com\/es\/wp-json\/wp\/v2\/users\/2"}],"replies":[{"embeddable":true,"href":"https:\/\/www.lotterycritic.com\/es\/wp-json\/wp\/v2\/comments?post=14115"}],"version-history":[{"count":1,"href":"https:\/\/www.lotterycritic.com\/es\/wp-json\/wp\/v2\/pages\/14115\/revisions"}],"predecessor-version":[{"id":14116,"href":"https:\/\/www.lotterycritic.com\/es\/wp-json\/wp\/v2\/pages\/14115\/revisions\/14116"}],"up":[{"embeddable":true,"href":"https:\/\/www.lotterycritic.com\/es\/wp-json\/wp\/v2\/pages\/14110"}],"wp:attachment":[{"href":"https:\/\/www.lotterycritic.com\/es\/wp-json\/wp\/v2\/media?parent=14115"}],"curies":[{"name":"wp","href":"https:\/\/api.w.org\/{rel}","templated":true}]}}