{"id":14110,"date":"2023-08-06T01:34:12","date_gmt":"2023-08-06T01:34:12","guid":{"rendered":"https:\/\/www.lotterycritic.com\/resultados-loteria\/resultados-de-la-loteria-de-nebraska-ne-comprueba-los-numeros-ganadores-de-hoy-en-nebraska\/"},"modified":"2023-08-11T13:16:18","modified_gmt":"2023-08-11T13:16:18","slug":"nebraska","status":"publish","type":"page","link":"https:\/\/www.lotterycritic.com\/es\/resultados-loteria\/nebraska\/","title":{"rendered":"Resultados de La Loter\u00eda de Nebraska (NE) &#8211; Comprueba Los N\u00fameros Ganadores de Hoy En Nebraska"},"content":{"rendered":"<p><section><div class=\"section-anchor\" id=\"about-the-nebraska-lottery\"><\/div><\/p>\n<p><\/p>\n<h2><span style=\"font-weight: 400;\">Acerca de la Loter\u00eda de Nebraska<\/span><\/h2>\n<p>La Loter\u00eda de Nebraska naci\u00f3 en 1993, siendo la loter\u00eda n\u00famero 37 en los Estados Unidos.<\/p>\n<p>Hasta 2004, Nebraska hab\u00eda sido uno de los estados con loter\u00edas que contribu\u00edan con dinero al estado como una financiaci\u00f3n general, en lugar de enfocarse en programas espec\u00edficos. Despu\u00e9s de una enmienda aprobada, la Loter\u00eda de Nebraska comenz\u00f3 a repartir sus beneficios para la educaci\u00f3n p\u00fablica, programas del medioambiente, asistencia para la adicci\u00f3n al juego, y la feria estatal.<\/p>\n<p>Desde 1993, la Loter\u00eda de Nebraska ha alcanzado m\u00e1s de <span style=\"font-weight: 400;\">$717 millones entregados a diferentes programas del estado.<\/span><\/p>\n<h2><span style=\"font-weight: 400;\">Billetes de la Loter\u00eda de Nebraska<\/span><\/h2>\n<p>Los billetes de la Loter\u00eda de Nebraska est\u00e1n disponibles en cualquier punto de venta autorizado que encuentra por todo el estado. Puede cobrar su premio para cualquier billete ganador dentro de los 180 d\u00edas siguientes al sorteo.<\/p>\n<h3><span style=\"font-weight: 400;\">\u00bfPuedo comprar billetes de la Loter\u00eda de NE en l\u00ednea?<\/span><\/h3>\n<p>Desafortunadamente, no es posible. Como la mayor\u00eda de las loter\u00edas de estado, la Loter\u00eda de Nebraska solo permite comprar billetes en persona.<\/p>\n<h3><span style=\"font-weight: 400;\">M\u00e9todos de pago de billetes de la Loter\u00eda de NE<\/span><\/h3>\n<p>La Loter\u00eda de Nebraska, a diferencia de otras loter\u00edas de estado (como <a href=\"https:\/\/www.lotterycritic.com\/es\/resultados-loteria\/luisiana\/\">Luisiana<\/a> y <a href=\"https:\/\/www.lotterycritic.com\/es\/resultados-loteria\/arkansas\/\">Arkansas<\/a>) permite el pago de billetes con efectivo, cheque, cheque de caja, cheque de viajero, tarjeta de cr\u00e9dito, tarjeta d\u00e9bito o incluso cupones oficiales y certificados emitidos por la Loter\u00eda de Nebraska o tiendas autorizadas. Aunque cada punto de venta tendr\u00e1 sus propias pol\u00edticas con respecto a los m\u00e9todos de pago aceptados.<\/p>\n<p>\n<\/section><\/p>\n<p><section><div class=\"section-anchor\" id=\"games-and-schedules\"><\/div><\/p>\n<p><\/p>\n<h2><span style=\"font-weight: 400;\">Calendario de sorteos y juegos de la Loter\u00eda de Nebraska<\/span><\/h2>\n<h3><a href=\"https:\/\/www.lotterycritic.com\/lottery-results\/nebraska\/lucky-for-life\/\"><span style=\"font-weight: 400;\">Lucky for Life<\/span><\/a><\/h3>\n<p>Nebraska es uno de los m\u00e1s de 20 estados que ofrece el juego de Lucky for Life. Otros estados que tambi\u00e9n lo hacen son <span style=\"font-weight: 400;\"><a href=\"https:\/\/www.lotterycritic.com\/lottery-results\/idaho\/\">Idaho<\/a>, <a href=\"https:\/\/www.lotterycritic.com\/es\/resultados-loteria\/delaware\/\">Delaware<\/a> y\u00a0<a href=\"https:\/\/www.lotterycritic.com\/lottery-results\/oklahoma\/\">Oklahoma<\/a>.<\/span><\/p>\n<p>Los jugadores eligen 5 n\u00fameros del 1 al 48 y un n\u00famero Lucky Ball del 1 al 18. Para ganar el premio mayor, deber\u00e1 acertar en los 6 n\u00fameros ganadores. Esto le otorga un premio de $1,000 por d\u00eda de por vida. El segundo premio, entrega $25,000 por a\u00f1o de por vida para jugadores que coincidan en los 5 n\u00fameros principales, pero no el Lucky Ball.<\/p>\n<p>Los sorteos del Lucky for Life suceden todos los lunes y jueves.<\/p>\n<h3><a href=\"https:\/\/www.lotterycritic.com\/lottery-results\/nebraska\/myday\/\"><span style=\"font-weight: 400;\">MyDaY<\/span><\/a><\/h3>\n<p>MyDaY es un sorteo que se basa en el calendario para ofrecer hasta $5,000 por cada juego.<\/p>\n<p>Para jugar, debe escoger 6 n\u00fameros en total: 2 n\u00fameros del 01 al 12 para el mes; 2 n\u00fameros del 01 al 31 para el d\u00eda, y 2 n\u00fameros, cada uno del 0 al 9, para el a\u00f1o.<\/p>\n<p>Hay un dato importante a tener en cuenta: Solo puede elegir fechas que existan, por lo que n\u00fameros como <span style=\"font-weight: 400;\">02\/30 (30 de febrero), 11\/31 (31 de noviembre) o 06\/31 (31 de junio) no ser\u00e1n v\u00e1lidos. Teniendo en cuenta los a\u00f1os bisiestos, la combinaci\u00f3n 02\/29 solo ser\u00e1 v\u00e1lida en el n\u00famero del a\u00f1o que sea divisible por 4 (incluyendo el 00).<\/span><\/p>\n<p><span style=\"font-weight: 400;\">El MyDaY se juega todos los d\u00edas.<\/span><\/p>\n<h3><a href=\"https:\/\/www.lotterycritic.com\/es\/resultados-loteria\/nebraska\/pick-5\/\"><span style=\"font-weight: 400;\">Pick 5<\/span><\/a><\/h3>\n<p>El Pick 5 de Nebraska es un juego exclusivo del estado que otorga un premio mayor que comienza en los $50,000 que se va acumulando en cada sorteo hasta que alguien lo gana. El premio mayor se divide de forma equitativa para todos los ganadores (si los hay), y siempre se paga como una suma total.<\/p>\n<p>Para jugar, deber\u00e1 escoger 5 n\u00fameros del 1 al 39. Acertar los 5 n\u00fameros ganadores le supone el premio mayor.<\/p>\n<p><span style=\"font-weight: 400;\">Los sorteos del Pick 5 de Nebraska se llevan a cabo todos los d\u00edas.<\/span><\/p>\n<h3><a href=\"https:\/\/www.lotterycritic.com\/es\/resultados-loteria\/virginia\/pick-3\/\"><span style=\"font-weight: 400;\">Pick 3<\/span><\/a><\/h3>\n<p>El Pick 3 de Nebraska se sortea todos los d\u00edas, con un premio fijo de $600 por cada juego. Sin embargo, su premio depender\u00e1 de su estilo de juego elegido. Existen 9 posibles formas de ganar.<\/p>\n<p>Los jugadores eligen un n\u00famero desde 000 hasta 999 y un estilo de juego. La persona que coincida en todos los n\u00fameros sorteados en el orden exacto gana el premio m\u00e1s alto de $600.<\/p>\n<p>Puede seleccionar uno de los siguientes estilos de juego:<\/p>\n<ul>\n<li><b>Straight: <\/b><span style=\"font-weight: 400;\">Tendr\u00e1 que acertar los n\u00fameros ganadores en el orden exacto.<\/span><\/li>\n<li><b>Box (3-Way o 6-Way): <\/b><span style=\"font-weight: 400;\">Puede coincidir con los n\u00fameros sorteados en cualquier orden.<\/span><\/li>\n<li><b>Straight\/Box (3-Way o 6-Way): <\/b><span style=\"font-weight: 400;\">Es posible acertar los n\u00fameros en el orden exacto o en cualquier orden.<\/span><\/li>\n<li><b>Combo: <\/b><span style=\"font-weight: 400;\">Puede coincidir en 3, 2 o 1 d\u00edgito en su posici\u00f3n exacta.<\/span><\/li>\n<\/ul>\n<h3><a href=\"https:\/\/www.lotterycritic.com\/lottery-results\/nebraska\/2by2\/\"><span style=\"font-weight: 400;\">2by2<\/span><\/a><\/h3>\n<p>La Loter\u00eda de Nebraska cuenta con el 2by2, un sorteo que se juega en varios estados, como por ejemplo <a href=\"https:\/\/www.lotterycritic.com\/lottery-results\/kansas\/\">Kansas<\/a>. Ofrece un premio fijo de $22,000 por cada juego, y los premios se pagan como una suma total.<\/p>\n<p>Los jugadores eligen dos n\u00fameros del 1 al 26 en el \u00e1rea Roja de su papeleta. Luego, se tendr\u00e1 que hacer lo mismo para el \u00e1rea Blanca de la papeleta. Si compra un billete para sorteos consecutivos en m\u00faltiplos de 7 (ejemplo, 7 sorteos, 14 sorteos, etc.), entra autom\u00e1ticamente en el 2by2 del martes, el cual duplica cualquier premio que gane cualesquier martes.<\/p>\n<p><span style=\"font-weight: 400;\">El 2by2 se sortea todos los d\u00edas.<\/span><\/p>\n<h2><span style=\"font-weight: 400;\">Calendario de juegos de la Loter\u00eda de Nebraska<\/span><\/h2>\n<table>\n<tbody>\n<tr>\n<td><span style=\"font-weight: 400;\">Lucky for Life<\/span><\/td>\n<td><span style=\"font-weight: 400;\">Lunes y jueves<\/span><\/td>\n<td><span style=\"font-weight: 400;\">9:38 PM<\/span><\/td>\n<\/tr>\n<tr>\n<td><span style=\"font-weight: 400;\">MyDaY<\/span><\/td>\n<td><span style=\"font-weight: 400;\">Todos los d\u00edas<\/span><\/td>\n<td><span style=\"font-weight: 400;\">10 PM<\/span><\/td>\n<\/tr>\n<tr>\n<td><span style=\"font-weight: 400;\">Pick 5<\/span><\/td>\n<td><span style=\"font-weight: 400;\">Todos los d\u00edas<\/span><\/td>\n<td><span style=\"font-weight: 400;\">10 PM<\/span><\/td>\n<\/tr>\n<tr>\n<td><span style=\"font-weight: 400;\">Pick 3<\/span><\/td>\n<td><span style=\"font-weight: 400;\">Todos los d\u00edas<\/span><\/td>\n<td><span style=\"font-weight: 400;\">10 PM<\/span><\/td>\n<\/tr>\n<tr>\n<td><span style=\"font-weight: 400;\">2by2<\/span><\/td>\n<td><span style=\"font-weight: 400;\">Todos los d\u00edas<\/span><\/td>\n<td><span style=\"font-weight: 400;\">10 PM<\/span><\/td>\n<\/tr>\n<\/tbody>\n<\/table>\n<p>\n<\/section><\/p>\n<p><section><div class=\"section-anchor\" id=\"notable-winners\"><\/div><\/p>\n<p><\/p>\n<h2><span style=\"font-weight: 400;\">Ganadores destacados de las loter\u00edas de Nebraska<\/span><\/h2>\n<p>Estos son algunos de los ganadores de la Loter\u00eda de Nebraska de los a\u00f1os 2018 y 2019:<\/p>\n<ul>\n<li style=\"font-weight: 400;\"><span style=\"font-weight: 400;\">Linda Huggins de Elkhorn gan\u00f3 $290,000 jugando al Pick 5<\/span><\/li>\n<li style=\"font-weight: 400;\"><span style=\"font-weight: 400;\">Larry Kotas de Western gan\u00f3 $66,000 jugando al Pick 5<\/span><\/li>\n<li style=\"font-weight: 400;\"><span style=\"font-weight: 400;\">Margaret Frerichs de Ogallala gan\u00f3 $126,000 jugando al Pick 5<\/span><\/li>\n<li style=\"font-weight: 400;\"><span style=\"font-weight: 400;\">Linda Newberry de Scottsbluff gan\u00f3 $44,000 jugando al 2by2<\/span><\/li>\n<li style=\"font-weight: 400;\"><span style=\"font-weight: 400;\">Kevin Trumbley de Lincoln gan\u00f3 $120,000 jugando al Pick 5<\/span><\/li>\n<\/ul>\n<p>Los raspa-y-gana tambi\u00e9n han hecho ganar a varios:<\/p>\n<ul>\n<li style=\"font-weight: 400;\"><span style=\"font-weight: 400;\">Alexandria Kaaihue de Walthill gan\u00f3 $35,000 jugando al 10X Bingo Multiplier<\/span><\/li>\n<li style=\"font-weight: 400;\"><span style=\"font-weight: 400;\">David Kissinger de Lincoln gan\u00f3 $100,000 jugando al Double Diamond<\/span><\/li>\n<li style=\"font-weight: 400;\"><span style=\"font-weight: 400;\">DeEtte Jones de South Sioux City gan\u00f3 $200,000 jugando al Ultimate Bonus Crossword<\/span><\/li>\n<li style=\"font-weight: 400;\"><span style=\"font-weight: 400;\">Jerry Dingworth de Grand Island gan\u00f3 $200,000 jugando al Flawless Fortune<\/span><\/li>\n<\/ul>\n<p>\n<\/section><\/p>\n<p><section><div class=\"section-anchor\" id=\"instant-games-and-second-chances\"><\/div><\/p>\n<p><\/p>\n<h2><span style=\"font-weight: 400;\">Juegos instant\u00e1neos de la Loter\u00eda de Nebraska<\/span><\/h2>\n<h3><span style=\"font-weight: 400;\">Raspa-y-gana de la Loter\u00eda de Nebraska<\/span><\/h3>\n<p>La Loter\u00eda de Nebraska ofrece un amplio abanico de juegos instant\u00e1neos raspables en una variedad de precios:<\/p>\n<ul>\n<li style=\"font-weight: 400;\"><span style=\"font-weight: 400;\">$1<\/span><\/li>\n<li style=\"font-weight: 400;\"><span style=\"font-weight: 400;\">$2<\/span><\/li>\n<li style=\"font-weight: 400;\"><span style=\"font-weight: 400;\">$5<\/span><\/li>\n<li style=\"font-weight: 400;\"><span style=\"font-weight: 400;\">$10<\/span><\/li>\n<li style=\"font-weight: 400;\"><span style=\"font-weight: 400;\">$20<\/span><\/li>\n<\/ul>\n<p>Los premios llegan hasta $200,000 dependiendo del juego. La aplicaci\u00f3n de la Loter\u00eda de Nebraska tambi\u00e9n habilita juegos instant\u00e1neos virtuales.<\/p>\n<h2><span style=\"font-weight: 400;\">Segunda oportunidades con la Loter\u00eda de Nebraska<\/span><\/h2>\n<h3><span style=\"font-weight: 400;\">\u00bfQu\u00e9 es Second Chance?<\/span><\/h3>\n<p>Tiene otra oportunidad de ganar un premio con juegos Second Chance (Segunda Oportunidad) que aceptan billetes de sorteos y raspables que no hayan ganado en su juego principal. Este tipo de juegos permite introducir estos billetes para sorteos nuevos, que cuentan con premios en efectivo, productos o paquetes de viaje. Los billetes permitidos, la frecuencia de los sorteos y los premios, depender\u00e1n del operador de la loter\u00eda.<\/p>\n<p><span style=\"font-weight: 400;\">Para saber m\u00e1s, eche un vistazo a nuestro art\u00edculo sobre juegos de segunda oportunidad.<\/span><\/p>\n<h3><span style=\"font-weight: 400;\">\u00bfC\u00f3mo funcionan los sorteos Second Chance para la Loter\u00eda de NE?<\/span><\/h3>\n<p>La Loter\u00eda de Nebraska ofrece varias promociones que cambian constantemente. La mayor\u00eda de estos juegos de segunda oportunidad requieren que sea miembro del MVP Club de la Loter\u00eda de Nebraska. Como sucede con la mayor\u00eda de loter\u00eda de estado, el registro es gratuito y puede hacerlo en l\u00ednea mediante el portal del <a href=\"https:\/\/nelottery.com\/homeapp\/mvp\/login\" target=\"_blank\" rel=\"nofollow noopener\"><span style=\"font-weight: 400;\">MVP Club de la Loter\u00eda de Nebraska<\/span><\/a><span style=\"font-weight: 400;\">.<\/span><\/p>\n<p>\n<\/section><\/p>\n<p><section><div class=\"section-anchor\" id=\"contact-information\"><\/div><\/p>\n<p><\/p>\n<h2><span style=\"font-weight: 400;\">Informaci\u00f3n sobre la Loter\u00eda de Nebraska<\/span><\/h2>\n<h3><span style=\"font-weight: 400;\">Oficina de la Loter\u00eda de Nebraska<\/span><\/h3>\n<p>Puede escribir o visitar la Loter\u00eda de Nebraska en: <span style=\"font-weight: 400;\"><a class=\"wpil_keyword_link\" title=\"Nebraska Lottery\" href=\"https:\/\/www.lotterycritic.com\/lottery-results\/nebraska\/\" data-wpil-keyword-link=\"linked\">Nebraska Lottery<\/a>, 137 NW 17th Street, Lincoln, NE 68528-1204.<\/span><\/p>\n<h3><span style=\"font-weight: 400;\">Soporte al cliente de la Loter\u00eda de Nebraska<\/span><\/h3>\n<p><span style=\"font-weight: 400;\">Puede contactar a la Loter\u00eda de Nebraska por medio de:<\/span><\/p>\n<ul>\n<li><b><a class=\"wpil_keyword_link\" title=\"Lottery Office\" href=\"https:\/\/www.lotterycritic.com\/reviews\/the-lottery-office-review\/\" data-wpil-keyword-link=\"linked\">Oficina de la Loter\u00eda<\/a> de Nebraska: <\/b><span style=\"font-weight: 400;\">402-471-6100<\/span><\/li>\n<li><b>Email:<\/b><span style=\"font-weight: 400;\"> lottery@nelottery.com<\/span><\/li>\n<\/ul>\n<h3><span style=\"font-weight: 400;\">Redes sociales de la Loter\u00eda de Nebraska<\/span><\/h3>\n<p>Las cuentas en redes sociales de la Loter\u00eda de Nebraska brindan noticias e informaci\u00f3n para sus jugadores:<\/p>\n<ul>\n<li><a href=\"https:\/\/www.facebook.com\/nebraskalottery\" target=\"_blank\" rel=\"nofollow noopener\"><span style=\"font-weight: 400;\">Facebook<\/span><\/a><\/li>\n<li><a href=\"https:\/\/twitter.com\/NE_Lottery\" target=\"_blank\" rel=\"nofollow noopener\"><span style=\"font-weight: 400;\">Twitter<\/span><\/a><\/li>\n<li><a href=\"https:\/\/instagram.com\/ne_lottery\/\" target=\"_blank\" rel=\"nofollow noopener\"><span style=\"font-weight: 400;\">Instagram<\/span><\/a><\/li>\n<\/ul>\n<p>\n<\/section><\/p>\n<p><section><div class=\"section-anchor\" id=\"mobile-app-and-technology\"><\/div><\/p>\n<p><\/p>\n<h2><span style=\"font-weight: 400;\">Aplicaciones y Tecnolog\u00eda de la Loter\u00eda de Nebraska<\/span><\/h2>\n<p>La Loter\u00eda de Nebraska cuenta con una aplicaci\u00f3n m\u00f3vil para iOS y Android. A trav\u00e9s de ella puede jugar raspa-y-gana a trav\u00e9s de la funci\u00f3n <span style=\"font-weight: 400;\">Interactive Scratch Game, as\u00ed como generar n\u00fameros aleatorios (Quick Picks) para cualquier juego de loter\u00eda. Adem\u00e1s de esto, tambi\u00e9n puede:<\/span><\/p>\n<ul>\n<li style=\"font-weight: 400;\"><span style=\"font-weight: 400;\">Obtener actualizaciones sobre los n\u00fameros ganadores y premio mayor<\/span><\/li>\n<li style=\"font-weight: 400;\"><span style=\"font-weight: 400;\">Recibir alertas sobre el premio mayor del Powerball, Mega Millions y el Pick 5 de Nebraska.<\/span><\/li>\n<li style=\"font-weight: 400;\"><span style=\"font-weight: 400;\">Encontrar tiendas cercanas teniendo en cuenta su ubicaci\u00f3n<\/span><\/li>\n<li style=\"font-weight: 400;\"><span style=\"font-weight: 400;\">Leer sobre los beneficiarios designados de la loter\u00eda<\/span><\/li>\n<\/ul>\n<p>\n<\/section><\/p>\n","protected":false},"excerpt":{"rendered":"","protected":false},"author":2,"featured_media":0,"parent":13250,"menu_order":45,"comment_status":"closed","ping_status":"closed","template":"lottery-results-location-child-template.php","meta":{"footnotes":""},"class_list":["post-14110","page","type-page","status-publish","hentry"],"acf":[],"yoast_head":"<!-- This site is optimized with the Yoast SEO plugin v23.4 - https:\/\/yoast.com\/wordpress\/plugins\/seo\/ -->\n<title>Resultados Loter\u00eda de Nebraska - N\u00fameros Ganadores de Hoy [abril 2026 ]<\/title>\n<meta name=\"description\" content=\"La Loter\u00eda de Nebraska comenz\u00f3 en 1993, convirti\u00e9ndose en la 37ma loter\u00eda de estado de EE.\u00a0UU. Desde entonces, ha alcanzado m\u00e1s de $717 millones en contribuciones para la educaci\u00f3n del estado y programas sobre el cuidado del medioambiente. Aqu\u00ed encuentra todo lo que necesita saber sobre la Loter\u00eda de Nebraska, como sus resultados, n\u00fameros ganadores y sorteos.\" \/>\n<meta name=\"robots\" content=\"index, follow, max-snippet:-1, max-image-preview:large, max-video-preview:-1\" \/>\n<link rel=\"canonical\" href=\"https:\/\/www.lotterycritic.com\/es\/resultados-loteria\/nebraska\/\" \/>\n<meta property=\"og:locale\" content=\"es_ES\" \/>\n<meta property=\"og:type\" content=\"article\" \/>\n<meta property=\"og:title\" content=\"Resultados Loter\u00eda de Nebraska - N\u00fameros Ganadores de Hoy [abril 2026 ]\" \/>\n<meta property=\"og:description\" content=\"La Loter\u00eda de Nebraska comenz\u00f3 en 1993, convirti\u00e9ndose en la 37ma loter\u00eda de estado de EE.\u00a0UU. Desde entonces, ha alcanzado m\u00e1s de $717 millones en contribuciones para la educaci\u00f3n del estado y programas sobre el cuidado del medioambiente. Aqu\u00ed encuentra todo lo que necesita saber sobre la Loter\u00eda de Nebraska, como sus resultados, n\u00fameros ganadores y sorteos.\" \/>\n<meta property=\"og:url\" content=\"https:\/\/www.lotterycritic.com\/es\/resultados-loteria\/nebraska\/\" \/>\n<meta property=\"og:site_name\" content=\"Lottery Critic\" \/>\n<meta property=\"article:modified_time\" content=\"2023-08-11T13:16:18+00:00\" \/>\n<meta name=\"twitter:card\" content=\"summary_large_image\" \/>\n<meta name=\"twitter:label1\" content=\"Tiempo de lectura\" \/>\n\t<meta name=\"twitter:data1\" content=\"7 minutos\" \/>\n<script type=\"application\/ld+json\" class=\"yoast-schema-graph\">{\"@context\":\"https:\/\/schema.org\",\"@graph\":[{\"@type\":\"WebPage\",\"@id\":\"https:\/\/www.lotterycritic.com\/es\/resultados-loteria\/nebraska\/\",\"url\":\"https:\/\/www.lotterycritic.com\/es\/resultados-loteria\/nebraska\/\",\"name\":\"Resultados Loter\u00eda de Nebraska - N\u00fameros Ganadores de Hoy [abril 2026 ]\",\"isPartOf\":{\"@id\":\"https:\/\/www.lotterycritic.com\/es\/#website\"},\"datePublished\":\"2023-08-06T01:34:12+00:00\",\"dateModified\":\"2023-08-11T13:16:18+00:00\",\"description\":\"La Loter\u00eda de Nebraska comenz\u00f3 en 1993, convirti\u00e9ndose en la 37ma loter\u00eda de estado de EE.\u00a0UU. Desde entonces, ha alcanzado m\u00e1s de $717 millones en contribuciones para la educaci\u00f3n del estado y programas sobre el cuidado del medioambiente. Aqu\u00ed encuentra todo lo que necesita saber sobre la Loter\u00eda de Nebraska, como sus resultados, n\u00fameros ganadores y sorteos.\",\"breadcrumb\":{\"@id\":\"https:\/\/www.lotterycritic.com\/es\/resultados-loteria\/nebraska\/#breadcrumb\"},\"inLanguage\":\"es\",\"potentialAction\":[{\"@type\":\"ReadAction\",\"target\":[\"https:\/\/www.lotterycritic.com\/es\/resultados-loteria\/nebraska\/\"]}]},{\"@type\":\"BreadcrumbList\",\"@id\":\"https:\/\/www.lotterycritic.com\/es\/resultados-loteria\/nebraska\/#breadcrumb\",\"itemListElement\":[{\"@type\":\"ListItem\",\"position\":1,\"name\":\"Home\",\"item\":\"https:\/\/www.lotterycritic.com\/es\/\"},{\"@type\":\"ListItem\",\"position\":2,\"name\":\"Resultados de La Loter\u00eda Americana &#8211; Los \u00daltimos N\u00fameros Ganadores de La Loter\u00eda de Estados Unidos\",\"item\":\"https:\/\/www.lotterycritic.com\/es\/resultados-loteria\/\"},{\"@type\":\"ListItem\",\"position\":3,\"name\":\"Resultados de La Loter\u00eda de Nebraska (NE) &#8211; Comprueba Los N\u00fameros Ganadores de Hoy En Nebraska\"}]},{\"@type\":\"WebSite\",\"@id\":\"https:\/\/www.lotterycritic.com\/es\/#website\",\"url\":\"https:\/\/www.lotterycritic.com\/es\/\",\"name\":\"Lottery Critic\",\"description\":\"Your Guide to Lottery Results, Winning Numbers &amp; More\u2026\",\"potentialAction\":[{\"@type\":\"SearchAction\",\"target\":{\"@type\":\"EntryPoint\",\"urlTemplate\":\"https:\/\/www.lotterycritic.com\/es\/?s={search_term_string}\"},\"query-input\":{\"@type\":\"PropertyValueSpecification\",\"valueRequired\":true,\"valueName\":\"search_term_string\"}}],\"inLanguage\":\"es\"}]}<\/script>\n<!-- \/ Yoast SEO plugin. -->","yoast_head_json":{"title":"Resultados Loter\u00eda de Nebraska - N\u00fameros Ganadores de Hoy [abril 2026 ]","description":"La Loter\u00eda de Nebraska comenz\u00f3 en 1993, convirti\u00e9ndose en la 37ma loter\u00eda de estado de EE.\u00a0UU. Desde entonces, ha alcanzado m\u00e1s de $717 millones en contribuciones para la educaci\u00f3n del estado y programas sobre el cuidado del medioambiente. Aqu\u00ed encuentra todo lo que necesita saber sobre la Loter\u00eda de Nebraska, como sus resultados, n\u00fameros ganadores y sorteos.","robots":{"index":"index","follow":"follow","max-snippet":"max-snippet:-1","max-image-preview":"max-image-preview:large","max-video-preview":"max-video-preview:-1"},"canonical":"https:\/\/www.lotterycritic.com\/es\/resultados-loteria\/nebraska\/","og_locale":"es_ES","og_type":"article","og_title":"Resultados Loter\u00eda de Nebraska - N\u00fameros Ganadores de Hoy [abril 2026 ]","og_description":"La Loter\u00eda de Nebraska comenz\u00f3 en 1993, convirti\u00e9ndose en la 37ma loter\u00eda de estado de EE.\u00a0UU. Desde entonces, ha alcanzado m\u00e1s de $717 millones en contribuciones para la educaci\u00f3n del estado y programas sobre el cuidado del medioambiente. Aqu\u00ed encuentra todo lo que necesita saber sobre la Loter\u00eda de Nebraska, como sus resultados, n\u00fameros ganadores y sorteos.","og_url":"https:\/\/www.lotterycritic.com\/es\/resultados-loteria\/nebraska\/","og_site_name":"Lottery Critic","article_modified_time":"2023-08-11T13:16:18+00:00","twitter_card":"summary_large_image","twitter_misc":{"Tiempo de lectura":"7 minutos"},"schema":{"@context":"https:\/\/schema.org","@graph":[{"@type":"WebPage","@id":"https:\/\/www.lotterycritic.com\/es\/resultados-loteria\/nebraska\/","url":"https:\/\/www.lotterycritic.com\/es\/resultados-loteria\/nebraska\/","name":"Resultados Loter\u00eda de Nebraska - N\u00fameros Ganadores de Hoy [abril 2026 ]","isPartOf":{"@id":"https:\/\/www.lotterycritic.com\/es\/#website"},"datePublished":"2023-08-06T01:34:12+00:00","dateModified":"2023-08-11T13:16:18+00:00","description":"La Loter\u00eda de Nebraska comenz\u00f3 en 1993, convirti\u00e9ndose en la 37ma loter\u00eda de estado de EE.\u00a0UU. Desde entonces, ha alcanzado m\u00e1s de $717 millones en contribuciones para la educaci\u00f3n del estado y programas sobre el cuidado del medioambiente. Aqu\u00ed encuentra todo lo que necesita saber sobre la Loter\u00eda de Nebraska, como sus resultados, n\u00fameros ganadores y sorteos.","breadcrumb":{"@id":"https:\/\/www.lotterycritic.com\/es\/resultados-loteria\/nebraska\/#breadcrumb"},"inLanguage":"es","potentialAction":[{"@type":"ReadAction","target":["https:\/\/www.lotterycritic.com\/es\/resultados-loteria\/nebraska\/"]}]},{"@type":"BreadcrumbList","@id":"https:\/\/www.lotterycritic.com\/es\/resultados-loteria\/nebraska\/#breadcrumb","itemListElement":[{"@type":"ListItem","position":1,"name":"Home","item":"https:\/\/www.lotterycritic.com\/es\/"},{"@type":"ListItem","position":2,"name":"Resultados de La Loter\u00eda Americana &#8211; Los \u00daltimos N\u00fameros Ganadores de La Loter\u00eda de Estados Unidos","item":"https:\/\/www.lotterycritic.com\/es\/resultados-loteria\/"},{"@type":"ListItem","position":3,"name":"Resultados de La Loter\u00eda de Nebraska (NE) &#8211; Comprueba Los N\u00fameros Ganadores de Hoy En Nebraska"}]},{"@type":"WebSite","@id":"https:\/\/www.lotterycritic.com\/es\/#website","url":"https:\/\/www.lotterycritic.com\/es\/","name":"Lottery Critic","description":"Your Guide to Lottery Results, Winning Numbers &amp; More\u2026","potentialAction":[{"@type":"SearchAction","target":{"@type":"EntryPoint","urlTemplate":"https:\/\/www.lotterycritic.com\/es\/?s={search_term_string}"},"query-input":{"@type":"PropertyValueSpecification","valueRequired":true,"valueName":"search_term_string"}}],"inLanguage":"es"}]}},"_links":{"self":[{"href":"https:\/\/www.lotterycritic.com\/es\/wp-json\/wp\/v2\/pages\/14110"}],"collection":[{"href":"https:\/\/www.lotterycritic.com\/es\/wp-json\/wp\/v2\/pages"}],"about":[{"href":"https:\/\/www.lotterycritic.com\/es\/wp-json\/wp\/v2\/types\/page"}],"author":[{"embeddable":true,"href":"https:\/\/www.lotterycritic.com\/es\/wp-json\/wp\/v2\/users\/2"}],"replies":[{"embeddable":true,"href":"https:\/\/www.lotterycritic.com\/es\/wp-json\/wp\/v2\/comments?post=14110"}],"version-history":[{"count":4,"href":"https:\/\/www.lotterycritic.com\/es\/wp-json\/wp\/v2\/pages\/14110\/revisions"}],"predecessor-version":[{"id":14114,"href":"https:\/\/www.lotterycritic.com\/es\/wp-json\/wp\/v2\/pages\/14110\/revisions\/14114"}],"up":[{"embeddable":true,"href":"https:\/\/www.lotterycritic.com\/es\/wp-json\/wp\/v2\/pages\/13250"}],"wp:attachment":[{"href":"https:\/\/www.lotterycritic.com\/es\/wp-json\/wp\/v2\/media?parent=14110"}],"curies":[{"name":"wp","href":"https:\/\/api.w.org\/{rel}","templated":true}]}}