{"id":14108,"date":"2023-08-05T21:02:59","date_gmt":"2023-08-05T21:02:59","guid":{"rendered":"https:\/\/www.lotterycritic.com\/resultados-loteria\/misuri\/resultados-del-pick-4-de-missouri-mo-y-numeros-ganadores-de-hoy-noche-dia\/"},"modified":"2023-08-11T13:15:39","modified_gmt":"2023-08-11T13:15:39","slug":"pick-4","status":"publish","type":"page","link":"https:\/\/www.lotterycritic.com\/es\/resultados-loteria\/misuri\/pick-4\/","title":{"rendered":"Resultados del Pick 4 de Missouri (MO) y N\u00fameros Ganadores de Hoy [Noche + D\u00eda]"},"content":{"rendered":"<p><img decoding=\"async\" class=\"size-full wp-image-9275 aligncenter\" src=\"https:\/\/www.lotterycritic.com\/wp-content\/uploads\/2019\/11\/missouri-lottery-pick-4-logo.png\" alt=\"Missouri Pick 4\" width=\"280\" height=\"154\" \/><\/p>\n<p><section><div class=\"section-anchor\" id=\"how-to-play\"><\/div><\/p>\n<h2>C\u00f3mo jugar al Pick 4 de Misuri<\/h2>\n<h3>Escoja sus n\u00fameros<\/h3>\n<p>Puede usar la opci\u00f3n de Quick Pick y el sistema elegir\u00e1 sus n\u00fameros autom\u00e1ticamente, o puede elegir sus propios n\u00fameros seleccionando cuatro d\u00edgitos en su papeleta del 0000 al 9999.<\/p>\n<h3>Compre su billete<\/h3>\n<p>Puede comprar billetes para el Pick 4 en tiendas autorizadas en Misuri. No se puede jugar por internet.<\/p>\n<p>\n<\/section><\/p>\n<p><section><div class=\"section-anchor\" id=\"drawing-schedule\"><\/div><\/p>\n<h2>Calendario de sorteos del Pick 4 de Misuri<\/h2>\n<p>El Pick 3 se sortea <strong>dos veces al d\u00eda a las 12:45 PM y 8:59 PM CST<\/strong>.<\/p>\n<p>\n<\/section><\/p>\n<p><section><div class=\"section-anchor\" id=\"payouts-odds-and-rules\"><\/div><\/p>\n<h2>Pagos y Reglas del Pick 4 de Misuri<\/h2>\n<p>El Pick 4 de la Loter\u00eda de Misuri ofrece 6 tipos de juego: straight, box, straight\/box, combo, 1-off y pares. Tendr\u00e1 que elegir primero su estilo de juego, luego, el valor de su apuesta que puede ser entre $0.50 y $5. Despu\u00e9s, puede elegir sus n\u00fameros, el sorteo al cual desea entrar, y la cantidad de sorteos consecutivos en los cuales le gustar\u00eda participar.<\/p>\n<h3>EZ Match<\/h3>\n<p>Por $1 adicional, tiene la oportunidad de habilitar el EZ Match para ganar premios en efectivo instant\u00e1neos. Con el EZ Match, se imprimen cuatro n\u00fameros adicionales en su billete. Si acierta cualquiera de los n\u00fameros EZ Match, gana el premio indicado.<\/p>\n<h3>Premios y Probabilidades del Pick 4 de Misuri<\/h3>\n<table>\n<tbody>\n<tr>\n<td><strong>Tipo de juego y aciertos<\/strong><\/td>\n<td><strong>Premio con una apuesta de $1<\/strong><\/td>\n<td><strong>Probabilidades<\/strong><\/td>\n<\/tr>\n<tr>\n<td>Straight<\/td>\n<td>$6,000<\/td>\n<td>1 en 10,000<\/td>\n<\/tr>\n<tr>\n<td>Box 4-way<\/td>\n<td>$1,500<\/td>\n<td>1 en 2,500<\/td>\n<\/tr>\n<tr>\n<td>Box 6-way<\/td>\n<td>$1,000<\/td>\n<td>1 en 1,667<\/td>\n<\/tr>\n<tr>\n<td>Box 12-way<\/td>\n<td>$500<\/td>\n<td>1 en 833<\/td>\n<\/tr>\n<tr>\n<td>Box 24-way<\/td>\n<td>$250<\/td>\n<td>1 en 417<\/td>\n<\/tr>\n<tr>\n<td>Straight\/Box 4-way (Orden exacto)<\/td>\n<td>$3,750<\/td>\n<td>1 en 10,000<\/td>\n<\/tr>\n<tr>\n<td>Straight\/Box 4-way (Cualquier orden)<\/td>\n<td>$750<\/td>\n<td>1 en 2,500<\/td>\n<\/tr>\n<tr>\n<td>Straight\/Box 6-way (Orden exacto)<\/td>\n<td>$3,500<\/td>\n<td>1 en 10,000<\/td>\n<\/tr>\n<tr>\n<td>Straight\/Box 6-way (Cualquier orden)<\/td>\n<td>$500<\/td>\n<td>1 en 1,667<\/td>\n<\/tr>\n<tr>\n<td>Straight\/Box 12-way (Orden exacto)<\/td>\n<td>$3,250<\/td>\n<td>1 en 10,000<\/td>\n<\/tr>\n<tr>\n<td>Straight\/Box 12-way (Cualquier orden)<\/td>\n<td>$250<\/td>\n<td>1 en 833<\/td>\n<\/tr>\n<tr>\n<td>Straight\/Box 24-way (Orden exacto)<\/td>\n<td>$3,125<\/td>\n<td>1 en 10,000<\/td>\n<\/tr>\n<tr>\n<td>Straight\/Box 24-way (Cualquier orden)<\/td>\n<td>$125<\/td>\n<td>1 en 417<\/td>\n<\/tr>\n<tr>\n<td>Combo 4-way<\/td>\n<td>$6,000 (Apuesta de $4)<\/td>\n<td>1 en 2,500<\/td>\n<\/tr>\n<tr>\n<td>Combo 6-way<\/td>\n<td>$6,000 (Apuesta de $6)<\/td>\n<td>1 en 1,667<\/td>\n<\/tr>\n<tr>\n<td>Combo 12-way<\/td>\n<td>$6,000 (Apuesta de $12)<\/td>\n<td>1 en 833<\/td>\n<\/tr>\n<tr>\n<td>Combo 24-way<\/td>\n<td>$6,000 (Apuesta de $24)<\/td>\n<td>1 en 417<\/td>\n<\/tr>\n<tr>\n<td>1-off Straight<\/td>\n<td>$3,000<\/td>\n<td>1 en 10,000<\/td>\n<\/tr>\n<tr>\n<td>1-off (1 D\u00edgito)<\/td>\n<td>$152<\/td>\n<td>1 en 1,250<\/td>\n<\/tr>\n<tr>\n<td>1-off (2 D\u00edgitos)<\/td>\n<td>$27<\/td>\n<td>1 en 417<\/td>\n<\/tr>\n<tr>\n<td>1-off (3 D\u00edgitos)<\/td>\n<td>$17<\/td>\n<td>1 en 313<\/td>\n<\/tr>\n<tr>\n<td>1-off (4 D\u00edgitos)<\/td>\n<td>$37<\/td>\n<td>1 en 625<\/td>\n<\/tr>\n<tr>\n<td>Par delantero<\/td>\n<td>$60<\/td>\n<td>1 en 100<\/td>\n<\/tr>\n<tr>\n<td>Par trasero<\/td>\n<td>$60<\/td>\n<td>1 en 100<\/td>\n<\/tr>\n<tr>\n<td>Par medio<\/td>\n<td>$60<\/td>\n<td>1 en 100<\/td>\n<\/tr>\n<tr>\n<td>Tr\u00edo delantero<\/td>\n<td>$600<\/td>\n<td>1 en 1,000<\/td>\n<\/tr>\n<tr>\n<td>Tr\u00edo trasero<\/td>\n<td>$600<\/td>\n<td>1 en 1,000<\/td>\n<\/tr>\n<\/tbody>\n<\/table>\n<p>* Una apuesta de $0.50, cuando es posible, reduce el premio a la mitad. Una apuesta de $1 multiplicar\u00e1 el premio por la misma cantidad de d\u00f3lares.<\/p>\n<p>\n<\/section><\/p>\n<p><section><div class=\"section-anchor\" id=\"claim-your-prize\"><\/div><\/p>\n<h2>Reclame su premio del Pick 4 de Misuri<\/h2>\n<p>Puede reclamar premios de hasta $600 en cualquier punto de venta autorizado por la Loter\u00eda de Misuri o sucursal, o por correo postal. Premios entre $600 y $35,000 pueden ser reclamados el mismo d\u00eda en cualquier <a href=\"https:\/\/www.lotterycritic.com\/reviews\/the-lottery-office-review\/\">oficina de la Loter\u00eda<\/a> de Misuri. Premios de $35,000 y por encima, pueden tomar hasta dos semanas para ser procesados.<\/p>\n<p>Todos los ganadores tienen 180 d\u00edas despu\u00e9s del sorteo para reclamar su premio.<\/p>\n<p>\n<\/section><\/p>\n<p><section><div class=\"section-anchor\" id=\"other-missouri-lotteries\"><\/div><\/p>\n<h2>Otras loter\u00edas de Misuri<\/h2>\n<p>Revise los \u00faltimos resultados, premio mayor, probabilidades de ganar, pago de premios, calendario de sorteos semanales y dem\u00e1s informaci\u00f3n \u00fatil para\u00a0<a href=\"https:\/\/www.lotterycritic.com\/es\/resultados-loteria\/misuri\/\">todas las loter\u00edas de Misuri (MO)<\/a>\u00a0como\u00a0<a href=\"https:\/\/www.lotterycritic.com\/lottery-results\/missouri\/lotto\/\">Lotto<\/a>,\u00a0<a href=\"https:\/\/www.lotterycritic.com\/lottery-results\/missouri\/show-me-cash\/\">Show Me Cash<\/a>,\u00a0<a href=\"https:\/\/www.lotterycritic.com\/lottery-results\/missouri\/lucky-for-life\/\">Lucky For Life<\/a>,\u00a0<a href=\"https:\/\/www.lotterycritic.com\/es\/resultados-loteria\/virginia\/pick-3\/\">Pick 3<\/a>, Raspables, y las loter\u00edas m\u00e1s populares en varios estados,\u00a0<a href=\"https:\/\/www.lotterycritic.com\/es\/resultados-loteria\/carolina-del-sur\/powerball\/\" rel=\"\">Powerball<\/a>\u00a0y\u00a0<a href=\"https:\/\/www.lotterycritic.com\/es\/resultados-loteria\/tennessee\/mega-millions\/\" rel=\"\">Mega Millions<\/a>.<\/p>\n<p>\n<\/section><\/p>\n","protected":false},"excerpt":{"rendered":"","protected":false},"author":6,"featured_media":0,"parent":14095,"menu_order":0,"comment_status":"closed","ping_status":"closed","template":"lottery-results-game-child-template.php","meta":{"footnotes":""},"class_list":["post-14108","page","type-page","status-publish","hentry"],"acf":[],"yoast_head":"<!-- This site is optimized with the Yoast SEO plugin v23.4 - https:\/\/yoast.com\/wordpress\/plugins\/seo\/ -->\n<title>Pick 4 de Missouri (MO): Resultados y N\u00fameros Ganadores de Hoy [Noche+D\u00eda]<\/title>\n<meta name=\"description\" content=\"Obtenga los resultados del Pick 4 de Misuri (MO), \u00faltimos n\u00fameros ganadores, premio mayor vigente, probabilidades de ganar, pago de premios, calendario de sorteos y m\u00e1s.\" \/>\n<meta name=\"robots\" content=\"index, follow, max-snippet:-1, max-image-preview:large, max-video-preview:-1\" \/>\n<link rel=\"canonical\" href=\"https:\/\/www.lotterycritic.com\/es\/resultados-loteria\/misuri\/pick-4\/\" \/>\n<meta property=\"og:locale\" content=\"es_ES\" \/>\n<meta property=\"og:type\" content=\"article\" \/>\n<meta property=\"og:title\" content=\"Pick 4 de Missouri (MO): Resultados y N\u00fameros Ganadores de Hoy [Noche+D\u00eda]\" \/>\n<meta property=\"og:description\" content=\"Obtenga los resultados del Pick 4 de Misuri (MO), \u00faltimos n\u00fameros ganadores, premio mayor vigente, probabilidades de ganar, pago de premios, calendario de sorteos y m\u00e1s.\" \/>\n<meta property=\"og:url\" content=\"https:\/\/www.lotterycritic.com\/es\/resultados-loteria\/misuri\/pick-4\/\" \/>\n<meta property=\"og:site_name\" content=\"Lottery Critic\" \/>\n<meta property=\"article:modified_time\" content=\"2023-08-11T13:15:39+00:00\" \/>\n<meta property=\"og:image\" content=\"https:\/\/www.lotterycritic.com\/wp-content\/uploads\/2019\/11\/missouri-lottery-pick-4-logo.png\" \/>\n<meta name=\"twitter:card\" content=\"summary_large_image\" \/>\n<meta name=\"twitter:label1\" content=\"Tiempo de lectura\" \/>\n\t<meta name=\"twitter:data1\" content=\"3 minutos\" \/>\n<script type=\"application\/ld+json\" class=\"yoast-schema-graph\">{\"@context\":\"https:\/\/schema.org\",\"@graph\":[{\"@type\":\"WebPage\",\"@id\":\"https:\/\/www.lotterycritic.com\/es\/resultados-loteria\/misuri\/pick-4\/\",\"url\":\"https:\/\/www.lotterycritic.com\/es\/resultados-loteria\/misuri\/pick-4\/\",\"name\":\"Pick 4 de Missouri (MO): Resultados y N\u00fameros Ganadores de Hoy [Noche+D\u00eda]\",\"isPartOf\":{\"@id\":\"https:\/\/www.lotterycritic.com\/es\/#website\"},\"primaryImageOfPage\":{\"@id\":\"https:\/\/www.lotterycritic.com\/es\/resultados-loteria\/misuri\/pick-4\/#primaryimage\"},\"image\":{\"@id\":\"https:\/\/www.lotterycritic.com\/es\/resultados-loteria\/misuri\/pick-4\/#primaryimage\"},\"thumbnailUrl\":\"https:\/\/www.lotterycritic.com\/wp-content\/uploads\/2019\/11\/missouri-lottery-pick-4-logo.png\",\"datePublished\":\"2023-08-05T21:02:59+00:00\",\"dateModified\":\"2023-08-11T13:15:39+00:00\",\"description\":\"Obtenga los resultados del Pick 4 de Misuri (MO), \u00faltimos n\u00fameros ganadores, premio mayor vigente, probabilidades de ganar, pago de premios, calendario de sorteos y m\u00e1s.\",\"breadcrumb\":{\"@id\":\"https:\/\/www.lotterycritic.com\/es\/resultados-loteria\/misuri\/pick-4\/#breadcrumb\"},\"inLanguage\":\"es\",\"potentialAction\":[{\"@type\":\"ReadAction\",\"target\":[\"https:\/\/www.lotterycritic.com\/es\/resultados-loteria\/misuri\/pick-4\/\"]}]},{\"@type\":\"ImageObject\",\"inLanguage\":\"es\",\"@id\":\"https:\/\/www.lotterycritic.com\/es\/resultados-loteria\/misuri\/pick-4\/#primaryimage\",\"url\":\"https:\/\/www.lotterycritic.com\/wp-content\/uploads\/2019\/11\/missouri-lottery-pick-4-logo.png\",\"contentUrl\":\"https:\/\/www.lotterycritic.com\/wp-content\/uploads\/2019\/11\/missouri-lottery-pick-4-logo.png\"},{\"@type\":\"BreadcrumbList\",\"@id\":\"https:\/\/www.lotterycritic.com\/es\/resultados-loteria\/misuri\/pick-4\/#breadcrumb\",\"itemListElement\":[{\"@type\":\"ListItem\",\"position\":1,\"name\":\"Home\",\"item\":\"https:\/\/www.lotterycritic.com\/es\/\"},{\"@type\":\"ListItem\",\"position\":2,\"name\":\"Resultados de La Loter\u00eda Americana &#8211; Los \u00daltimos N\u00fameros Ganadores de La Loter\u00eda de Estados Unidos\",\"item\":\"https:\/\/www.lotterycritic.com\/es\/resultados-loteria\/\"},{\"@type\":\"ListItem\",\"position\":3,\"name\":\"Resultados de La Loter\u00eda de Missouri (MO) &#8211; Comprueba Los N\u00fameros Ganadores de Hoy En Missouri\",\"item\":\"https:\/\/www.lotterycritic.com\/es\/resultados-loteria\/misuri\/\"},{\"@type\":\"ListItem\",\"position\":4,\"name\":\"Resultados del Pick 4 de Missouri (MO) y N\u00fameros Ganadores de Hoy [Noche + D\u00eda]\"}]},{\"@type\":\"WebSite\",\"@id\":\"https:\/\/www.lotterycritic.com\/es\/#website\",\"url\":\"https:\/\/www.lotterycritic.com\/es\/\",\"name\":\"Lottery Critic\",\"description\":\"Your Guide to Lottery Results, Winning Numbers &amp; More\u2026\",\"potentialAction\":[{\"@type\":\"SearchAction\",\"target\":{\"@type\":\"EntryPoint\",\"urlTemplate\":\"https:\/\/www.lotterycritic.com\/es\/?s={search_term_string}\"},\"query-input\":{\"@type\":\"PropertyValueSpecification\",\"valueRequired\":true,\"valueName\":\"search_term_string\"}}],\"inLanguage\":\"es\"}]}<\/script>\n<!-- \/ Yoast SEO plugin. -->","yoast_head_json":{"title":"Pick 4 de Missouri (MO): Resultados y N\u00fameros Ganadores de Hoy [Noche+D\u00eda]","description":"Obtenga los resultados del Pick 4 de Misuri (MO), \u00faltimos n\u00fameros ganadores, premio mayor vigente, probabilidades de ganar, pago de premios, calendario de sorteos y m\u00e1s.","robots":{"index":"index","follow":"follow","max-snippet":"max-snippet:-1","max-image-preview":"max-image-preview:large","max-video-preview":"max-video-preview:-1"},"canonical":"https:\/\/www.lotterycritic.com\/es\/resultados-loteria\/misuri\/pick-4\/","og_locale":"es_ES","og_type":"article","og_title":"Pick 4 de Missouri (MO): Resultados y N\u00fameros Ganadores de Hoy [Noche+D\u00eda]","og_description":"Obtenga los resultados del Pick 4 de Misuri (MO), \u00faltimos n\u00fameros ganadores, premio mayor vigente, probabilidades de ganar, pago de premios, calendario de sorteos y m\u00e1s.","og_url":"https:\/\/www.lotterycritic.com\/es\/resultados-loteria\/misuri\/pick-4\/","og_site_name":"Lottery Critic","article_modified_time":"2023-08-11T13:15:39+00:00","og_image":[{"url":"https:\/\/www.lotterycritic.com\/wp-content\/uploads\/2019\/11\/missouri-lottery-pick-4-logo.png"}],"twitter_card":"summary_large_image","twitter_misc":{"Tiempo de lectura":"3 minutos"},"schema":{"@context":"https:\/\/schema.org","@graph":[{"@type":"WebPage","@id":"https:\/\/www.lotterycritic.com\/es\/resultados-loteria\/misuri\/pick-4\/","url":"https:\/\/www.lotterycritic.com\/es\/resultados-loteria\/misuri\/pick-4\/","name":"Pick 4 de Missouri (MO): Resultados y N\u00fameros Ganadores de Hoy [Noche+D\u00eda]","isPartOf":{"@id":"https:\/\/www.lotterycritic.com\/es\/#website"},"primaryImageOfPage":{"@id":"https:\/\/www.lotterycritic.com\/es\/resultados-loteria\/misuri\/pick-4\/#primaryimage"},"image":{"@id":"https:\/\/www.lotterycritic.com\/es\/resultados-loteria\/misuri\/pick-4\/#primaryimage"},"thumbnailUrl":"https:\/\/www.lotterycritic.com\/wp-content\/uploads\/2019\/11\/missouri-lottery-pick-4-logo.png","datePublished":"2023-08-05T21:02:59+00:00","dateModified":"2023-08-11T13:15:39+00:00","description":"Obtenga los resultados del Pick 4 de Misuri (MO), \u00faltimos n\u00fameros ganadores, premio mayor vigente, probabilidades de ganar, pago de premios, calendario de sorteos y m\u00e1s.","breadcrumb":{"@id":"https:\/\/www.lotterycritic.com\/es\/resultados-loteria\/misuri\/pick-4\/#breadcrumb"},"inLanguage":"es","potentialAction":[{"@type":"ReadAction","target":["https:\/\/www.lotterycritic.com\/es\/resultados-loteria\/misuri\/pick-4\/"]}]},{"@type":"ImageObject","inLanguage":"es","@id":"https:\/\/www.lotterycritic.com\/es\/resultados-loteria\/misuri\/pick-4\/#primaryimage","url":"https:\/\/www.lotterycritic.com\/wp-content\/uploads\/2019\/11\/missouri-lottery-pick-4-logo.png","contentUrl":"https:\/\/www.lotterycritic.com\/wp-content\/uploads\/2019\/11\/missouri-lottery-pick-4-logo.png"},{"@type":"BreadcrumbList","@id":"https:\/\/www.lotterycritic.com\/es\/resultados-loteria\/misuri\/pick-4\/#breadcrumb","itemListElement":[{"@type":"ListItem","position":1,"name":"Home","item":"https:\/\/www.lotterycritic.com\/es\/"},{"@type":"ListItem","position":2,"name":"Resultados de La Loter\u00eda Americana &#8211; Los \u00daltimos N\u00fameros Ganadores de La Loter\u00eda de Estados Unidos","item":"https:\/\/www.lotterycritic.com\/es\/resultados-loteria\/"},{"@type":"ListItem","position":3,"name":"Resultados de La Loter\u00eda de Missouri (MO) &#8211; Comprueba Los N\u00fameros Ganadores de Hoy En Missouri","item":"https:\/\/www.lotterycritic.com\/es\/resultados-loteria\/misuri\/"},{"@type":"ListItem","position":4,"name":"Resultados del Pick 4 de Missouri (MO) y N\u00fameros Ganadores de Hoy [Noche + D\u00eda]"}]},{"@type":"WebSite","@id":"https:\/\/www.lotterycritic.com\/es\/#website","url":"https:\/\/www.lotterycritic.com\/es\/","name":"Lottery Critic","description":"Your Guide to Lottery Results, Winning Numbers &amp; More\u2026","potentialAction":[{"@type":"SearchAction","target":{"@type":"EntryPoint","urlTemplate":"https:\/\/www.lotterycritic.com\/es\/?s={search_term_string}"},"query-input":{"@type":"PropertyValueSpecification","valueRequired":true,"valueName":"search_term_string"}}],"inLanguage":"es"}]}},"_links":{"self":[{"href":"https:\/\/www.lotterycritic.com\/es\/wp-json\/wp\/v2\/pages\/14108"}],"collection":[{"href":"https:\/\/www.lotterycritic.com\/es\/wp-json\/wp\/v2\/pages"}],"about":[{"href":"https:\/\/www.lotterycritic.com\/es\/wp-json\/wp\/v2\/types\/page"}],"author":[{"embeddable":true,"href":"https:\/\/www.lotterycritic.com\/es\/wp-json\/wp\/v2\/users\/6"}],"replies":[{"embeddable":true,"href":"https:\/\/www.lotterycritic.com\/es\/wp-json\/wp\/v2\/comments?post=14108"}],"version-history":[{"count":1,"href":"https:\/\/www.lotterycritic.com\/es\/wp-json\/wp\/v2\/pages\/14108\/revisions"}],"predecessor-version":[{"id":14109,"href":"https:\/\/www.lotterycritic.com\/es\/wp-json\/wp\/v2\/pages\/14108\/revisions\/14109"}],"up":[{"embeddable":true,"href":"https:\/\/www.lotterycritic.com\/es\/wp-json\/wp\/v2\/pages\/14095"}],"wp:attachment":[{"href":"https:\/\/www.lotterycritic.com\/es\/wp-json\/wp\/v2\/media?parent=14108"}],"curies":[{"name":"wp","href":"https:\/\/api.w.org\/{rel}","templated":true}]}}