{"id":14106,"date":"2023-08-05T20:35:32","date_gmt":"2023-08-05T20:35:32","guid":{"rendered":"https:\/\/www.lotterycritic.com\/resultados-loteria\/misuri\/resultados-del-pick-3-de-missouri-mo-y-numeros-ganadores-de-hoy-noche-dia\/"},"modified":"2023-08-05T20:36:29","modified_gmt":"2023-08-05T20:36:29","slug":"pick-3","status":"publish","type":"page","link":"https:\/\/www.lotterycritic.com\/es\/resultados-loteria\/misuri\/pick-3\/","title":{"rendered":"Resultados del Pick 3 de Missouri (MO) y N\u00fameros Ganadores de Hoy [Noche + D\u00eda]"},"content":{"rendered":"<p><img decoding=\"async\" class=\"size-full wp-image-9273 aligncenter\" src=\"https:\/\/www.lotterycritic.com\/wp-content\/uploads\/2019\/11\/missouri-lottery-pick-3-logo.png\" alt=\"Missouri Pick 3\" width=\"280\" height=\"98\" \/><\/p>\n<p><section><div class=\"section-anchor\" id=\"how-to-play\"><\/div><\/p>\n<h2>C\u00f3mo jugar al Pick 3 de Misuri<\/h2>\n<h3>Elija sus n\u00fameros<\/h3>\n<p>Puede aprovechar la opci\u00f3n de Quick Pick y la computadora elegir\u00e1 sus n\u00fameros de forma autom\u00e1tica, o puede escoger sus propios n\u00fameros llenando una papeleta con la selecci\u00f3n de un n\u00famero de tres d\u00edgitos del 000 al 999.<\/p>\n<h3>Compre su billete<\/h3>\n<p>Puede comprar billetes del Pick 3 en tiendas autorizadas en Misuri. El juego no est\u00e1 disponible en l\u00ednea.<\/p>\n<p>\n<\/section><\/p>\n<p><section><div class=\"section-anchor\" id=\"drawing-schedule\"><\/div><\/p>\n<h2>Calendario de sorteos del Pick 3 de Misuri<\/h2>\n<p>Los sorteos del Pick 3 se llevan a cabo<strong> dos veces al d\u00eda a las 12:45 PM y 8:59 PM CST<\/strong>.<\/p>\n<p>\n<\/section><\/p>\n<p><section><div class=\"section-anchor\" id=\"payouts-odds-and-rules\"><\/div><\/p>\n<h2>Pagos y Reglas del Pick 3 de Misuri<\/h2>\n<p>El Pick 3 de la Loter\u00eda de Misuri cuenta con 6 estilos de juego: straight, box, straight\/box, combo, 1-off y pares. El jugador tendr\u00e1 que elegir su estilo de juego de su preferencia, luego, el valor de la apuesta entre $0.50 y $5. Despu\u00e9s, podr\u00e1 escoger sus n\u00fameros, el sorteo en el cual desea participar, y a cu\u00e1ntos sorteos consecutivos le gustar\u00eda entrar.<\/p>\n<h3>EZ Match<\/h3>\n<p>Por $1 adicional al costo de su billete, puede habilitar el EZ Match para tener la oportunidad de ganar un premio en efectivo de forma instant\u00e1nea. Con EZ Match, se imprimen tres n\u00fameros adicionales en su billete. Si sus n\u00fameros coinciden con cualquiera de los n\u00fameros EZ Match, gana el premio anunciado.<\/p>\n<h3>Premios y Probabilidades del Pick 3 de Misuri<\/h3>\n<table>\n<tbody>\n<tr>\n<td><strong>Tipo de juego y aciertos<\/strong><\/td>\n<td><strong>Premio con una apuesta de $1<\/strong><\/td>\n<td><strong>Probabilidades<\/strong><\/td>\n<\/tr>\n<tr>\n<td>Straight<\/td>\n<td>$600<\/td>\n<td>1 en 1,000<\/td>\n<\/tr>\n<tr>\n<td>Box 3-way<\/td>\n<td>$200<\/td>\n<td>1 en 333<\/td>\n<\/tr>\n<tr>\n<td>Box 6-way<\/td>\n<td>$100<\/td>\n<td>1 en 167<\/td>\n<\/tr>\n<tr>\n<td>Straight\/Box 3-way (Orden exacto)<\/td>\n<td>$400<\/td>\n<td>1 en 1,000<\/td>\n<\/tr>\n<tr>\n<td>Straight\/Box 3-way (Cualquier orden)<\/td>\n<td>$100<\/td>\n<td>1 en 333<\/td>\n<\/tr>\n<tr>\n<td>Straight\/Box 6-way (Orden exacto)<\/td>\n<td>$350<\/td>\n<td>1 en 1,000<\/td>\n<\/tr>\n<tr>\n<td>Straight-Box 6-way (Cualquier orden)<\/td>\n<td>$50<\/td>\n<td>1 en 167<\/td>\n<\/tr>\n<tr>\n<td>Combo 3-way<\/td>\n<td>$600 (Apuesta de $3)<\/td>\n<td>1 en 333<\/td>\n<\/tr>\n<tr>\n<td>Combo 6-way<\/td>\n<td>$600 (Apuesta de $3)<\/td>\n<td>1 en 167<\/td>\n<\/tr>\n<tr>\n<td>1-off Straight<\/td>\n<td>$300<\/td>\n<td>1 en 1,000<\/td>\n<\/tr>\n<tr>\n<td>1-off (1 D\u00edgito)<\/td>\n<td>$29<\/td>\n<td>1 en 167<\/td>\n<\/tr>\n<tr>\n<td>1-off (2 D\u00edgitos)<\/td>\n<td>$4<\/td>\n<td>1 en 84<\/td>\n<\/tr>\n<tr>\n<td>1-off (3 D\u00edgitos)<\/td>\n<td>$9<\/td>\n<td>1 en 125<\/td>\n<\/tr>\n<tr>\n<td>Front Pair<\/td>\n<td>$60<\/td>\n<td>1 en 100<\/td>\n<\/tr>\n<tr>\n<td>Back Pair<\/td>\n<td>$60<\/td>\n<td>1 en 100<\/td>\n<\/tr>\n<\/tbody>\n<\/table>\n<p>*Una apuesta de $0.50, cuando es posible, reduce el pago a la mitad. Una apuesta por encima de $1 multiplicar\u00e1 el premio por la misma cantidad de d\u00f3lares.<\/p>\n<p>\n<\/section><\/p>\n<p><section><div class=\"section-anchor\" id=\"claim-your-prize\"><\/div><\/p>\n<h2>Reclame su premio del Pick 3 de Misuri<\/h2>\n<p>Puede reclamar su premio de hasta $600 en cualquier punto de venta autorizado por la Loter\u00eda de Misuri o sucursal, o por medio de correo postal. Premios entre $600 y $35,000 se pueden reclamar el mismo d\u00eda en cualquier <a href=\"https:\/\/www.lotterycritic.com\/reviews\/the-lottery-office-review\/\">oficina de la Loter\u00eda<\/a> de Misuri. Premios de $35,000 y superiores pueden tomar hasta dos semanas en ser procesados.<\/p>\n<p>Todos los ganadores tienen 180 d\u00edas despu\u00e9s del sorteo para reclamar su premio.<\/p>\n<p>\n<\/section><\/p>\n<p><section><div class=\"section-anchor\" id=\"missouri-pick-3-strategy\"><\/div><\/p>\n<h2>Estrategia para el Pick 3 de Misuri<\/h2>\n<p>Si le interesa aprender sobre estrategias que puede aplicar para mejorar sus probabilidades de ganar el Pick 3, eche un vistazo a nuestra completa gu\u00eda sobre Estrategias para el Pick 3, que destaca estrategias populares con ejemplos detallados.<\/p>\n<p>\n<\/section><\/p>\n<p><section><div class=\"section-anchor\" id=\"other-missouri-lotteries\"><\/div><\/p>\n<h2>Otras loter\u00edas de Misuri<\/h2>\n<p>Revise los \u00faltimos resultados, premio mayor, probabilidades de ganar, pago de premios, calendario de sorteos semanales y dem\u00e1s informaci\u00f3n \u00fatil para <a href=\"https:\/\/www.lotterycritic.com\/es\/resultados-loteria\/misuri\/\">todas las loter\u00edas de Misuri (MO)<\/a> como <a href=\"https:\/\/www.lotterycritic.com\/lottery-results\/missouri\/lotto\/\">Lotto<\/a>, <a href=\"https:\/\/www.lotterycritic.com\/lottery-results\/missouri\/show-me-cash\/\">Show Me Cash<\/a>, <a href=\"https:\/\/www.lotterycritic.com\/lottery-results\/missouri\/lucky-for-life\/\">Lucky For Life<\/a>, <a href=\"https:\/\/www.lotterycritic.com\/es\/resultados-loteria\/florida\/pick-4\/\">Pick 4<\/a>, Raspables, y las loter\u00edas m\u00e1s populares en varios estados, <a href=\"https:\/\/www.lotterycritic.com\/es\/resultados-loteria\/carolina-del-sur\/powerball\/\" rel=\"\">Powerball<\/a> y\u00a0<a href=\"https:\/\/www.lotterycritic.com\/es\/resultados-loteria\/tennessee\/mega-millions\/\" rel=\"\">Mega Millions<\/a>\u00a0lotteries.<\/p>\n<p>\n<\/section><\/p>\n","protected":false},"excerpt":{"rendered":"","protected":false},"author":6,"featured_media":0,"parent":14095,"menu_order":0,"comment_status":"closed","ping_status":"closed","template":"lottery-results-game-child-template.php","meta":{"footnotes":""},"class_list":["post-14106","page","type-page","status-publish","hentry"],"acf":[],"yoast_head":"<!-- This site is optimized with the Yoast SEO plugin v23.4 - https:\/\/yoast.com\/wordpress\/plugins\/seo\/ -->\n<title>Pick 3 de Missouri (MO): Resultados y N\u00fameros Ganadores de Hoy [Noche+D\u00eda]<\/title>\n<meta name=\"description\" content=\"Conozca los resultados del Pick 3 de Misuri, n\u00fameros ganadores m\u00e1s recientes, premio mayor vigente, probabilidades de ganar, pago de premios, calendario de sorteos y m\u00e1s.\" \/>\n<meta name=\"robots\" content=\"index, follow, max-snippet:-1, max-image-preview:large, max-video-preview:-1\" \/>\n<link rel=\"canonical\" href=\"https:\/\/www.lotterycritic.com\/es\/resultados-loteria\/misuri\/pick-3\/\" \/>\n<meta property=\"og:locale\" content=\"es_ES\" \/>\n<meta property=\"og:type\" content=\"article\" \/>\n<meta property=\"og:title\" content=\"Pick 3 de Missouri (MO): Resultados y N\u00fameros Ganadores de Hoy [Noche+D\u00eda]\" \/>\n<meta property=\"og:description\" content=\"Conozca los resultados del Pick 3 de Misuri, n\u00fameros ganadores m\u00e1s recientes, premio mayor vigente, probabilidades de ganar, pago de premios, calendario de sorteos y m\u00e1s.\" \/>\n<meta property=\"og:url\" content=\"https:\/\/www.lotterycritic.com\/es\/resultados-loteria\/misuri\/pick-3\/\" \/>\n<meta property=\"og:site_name\" content=\"Lottery Critic\" \/>\n<meta property=\"article:modified_time\" content=\"2023-08-05T20:36:29+00:00\" \/>\n<meta property=\"og:image\" content=\"https:\/\/www.lotterycritic.com\/wp-content\/uploads\/2019\/11\/missouri-lottery-pick-3-logo.png\" \/>\n<meta name=\"twitter:card\" content=\"summary_large_image\" \/>\n<meta name=\"twitter:label1\" content=\"Tiempo de lectura\" \/>\n\t<meta name=\"twitter:data1\" content=\"3 minutos\" \/>\n<script type=\"application\/ld+json\" class=\"yoast-schema-graph\">{\"@context\":\"https:\/\/schema.org\",\"@graph\":[{\"@type\":\"WebPage\",\"@id\":\"https:\/\/www.lotterycritic.com\/es\/resultados-loteria\/misuri\/pick-3\/\",\"url\":\"https:\/\/www.lotterycritic.com\/es\/resultados-loteria\/misuri\/pick-3\/\",\"name\":\"Pick 3 de Missouri (MO): Resultados y N\u00fameros Ganadores de Hoy [Noche+D\u00eda]\",\"isPartOf\":{\"@id\":\"https:\/\/www.lotterycritic.com\/es\/#website\"},\"primaryImageOfPage\":{\"@id\":\"https:\/\/www.lotterycritic.com\/es\/resultados-loteria\/misuri\/pick-3\/#primaryimage\"},\"image\":{\"@id\":\"https:\/\/www.lotterycritic.com\/es\/resultados-loteria\/misuri\/pick-3\/#primaryimage\"},\"thumbnailUrl\":\"https:\/\/www.lotterycritic.com\/wp-content\/uploads\/2019\/11\/missouri-lottery-pick-3-logo.png\",\"datePublished\":\"2023-08-05T20:35:32+00:00\",\"dateModified\":\"2023-08-05T20:36:29+00:00\",\"description\":\"Conozca los resultados del Pick 3 de Misuri, n\u00fameros ganadores m\u00e1s recientes, premio mayor vigente, probabilidades de ganar, pago de premios, calendario de sorteos y m\u00e1s.\",\"breadcrumb\":{\"@id\":\"https:\/\/www.lotterycritic.com\/es\/resultados-loteria\/misuri\/pick-3\/#breadcrumb\"},\"inLanguage\":\"es\",\"potentialAction\":[{\"@type\":\"ReadAction\",\"target\":[\"https:\/\/www.lotterycritic.com\/es\/resultados-loteria\/misuri\/pick-3\/\"]}]},{\"@type\":\"ImageObject\",\"inLanguage\":\"es\",\"@id\":\"https:\/\/www.lotterycritic.com\/es\/resultados-loteria\/misuri\/pick-3\/#primaryimage\",\"url\":\"https:\/\/www.lotterycritic.com\/wp-content\/uploads\/2019\/11\/missouri-lottery-pick-3-logo.png\",\"contentUrl\":\"https:\/\/www.lotterycritic.com\/wp-content\/uploads\/2019\/11\/missouri-lottery-pick-3-logo.png\"},{\"@type\":\"BreadcrumbList\",\"@id\":\"https:\/\/www.lotterycritic.com\/es\/resultados-loteria\/misuri\/pick-3\/#breadcrumb\",\"itemListElement\":[{\"@type\":\"ListItem\",\"position\":1,\"name\":\"Home\",\"item\":\"https:\/\/www.lotterycritic.com\/es\/\"},{\"@type\":\"ListItem\",\"position\":2,\"name\":\"Resultados de La Loter\u00eda Americana &#8211; Los \u00daltimos N\u00fameros Ganadores de La Loter\u00eda de Estados Unidos\",\"item\":\"https:\/\/www.lotterycritic.com\/es\/resultados-loteria\/\"},{\"@type\":\"ListItem\",\"position\":3,\"name\":\"Resultados de La Loter\u00eda de Missouri (MO) &#8211; Comprueba Los N\u00fameros Ganadores de Hoy En Missouri\",\"item\":\"https:\/\/www.lotterycritic.com\/es\/resultados-loteria\/misuri\/\"},{\"@type\":\"ListItem\",\"position\":4,\"name\":\"Resultados del Pick 3 de Missouri (MO) y N\u00fameros Ganadores de Hoy [Noche + D\u00eda]\"}]},{\"@type\":\"WebSite\",\"@id\":\"https:\/\/www.lotterycritic.com\/es\/#website\",\"url\":\"https:\/\/www.lotterycritic.com\/es\/\",\"name\":\"Lottery Critic\",\"description\":\"Your Guide to Lottery Results, Winning Numbers &amp; More\u2026\",\"potentialAction\":[{\"@type\":\"SearchAction\",\"target\":{\"@type\":\"EntryPoint\",\"urlTemplate\":\"https:\/\/www.lotterycritic.com\/es\/?s={search_term_string}\"},\"query-input\":{\"@type\":\"PropertyValueSpecification\",\"valueRequired\":true,\"valueName\":\"search_term_string\"}}],\"inLanguage\":\"es\"}]}<\/script>\n<!-- \/ Yoast SEO plugin. -->","yoast_head_json":{"title":"Pick 3 de Missouri (MO): Resultados y N\u00fameros Ganadores de Hoy [Noche+D\u00eda]","description":"Conozca los resultados del Pick 3 de Misuri, n\u00fameros ganadores m\u00e1s recientes, premio mayor vigente, probabilidades de ganar, pago de premios, calendario de sorteos y m\u00e1s.","robots":{"index":"index","follow":"follow","max-snippet":"max-snippet:-1","max-image-preview":"max-image-preview:large","max-video-preview":"max-video-preview:-1"},"canonical":"https:\/\/www.lotterycritic.com\/es\/resultados-loteria\/misuri\/pick-3\/","og_locale":"es_ES","og_type":"article","og_title":"Pick 3 de Missouri (MO): Resultados y N\u00fameros Ganadores de Hoy [Noche+D\u00eda]","og_description":"Conozca los resultados del Pick 3 de Misuri, n\u00fameros ganadores m\u00e1s recientes, premio mayor vigente, probabilidades de ganar, pago de premios, calendario de sorteos y m\u00e1s.","og_url":"https:\/\/www.lotterycritic.com\/es\/resultados-loteria\/misuri\/pick-3\/","og_site_name":"Lottery Critic","article_modified_time":"2023-08-05T20:36:29+00:00","og_image":[{"url":"https:\/\/www.lotterycritic.com\/wp-content\/uploads\/2019\/11\/missouri-lottery-pick-3-logo.png"}],"twitter_card":"summary_large_image","twitter_misc":{"Tiempo de lectura":"3 minutos"},"schema":{"@context":"https:\/\/schema.org","@graph":[{"@type":"WebPage","@id":"https:\/\/www.lotterycritic.com\/es\/resultados-loteria\/misuri\/pick-3\/","url":"https:\/\/www.lotterycritic.com\/es\/resultados-loteria\/misuri\/pick-3\/","name":"Pick 3 de Missouri (MO): Resultados y N\u00fameros Ganadores de Hoy [Noche+D\u00eda]","isPartOf":{"@id":"https:\/\/www.lotterycritic.com\/es\/#website"},"primaryImageOfPage":{"@id":"https:\/\/www.lotterycritic.com\/es\/resultados-loteria\/misuri\/pick-3\/#primaryimage"},"image":{"@id":"https:\/\/www.lotterycritic.com\/es\/resultados-loteria\/misuri\/pick-3\/#primaryimage"},"thumbnailUrl":"https:\/\/www.lotterycritic.com\/wp-content\/uploads\/2019\/11\/missouri-lottery-pick-3-logo.png","datePublished":"2023-08-05T20:35:32+00:00","dateModified":"2023-08-05T20:36:29+00:00","description":"Conozca los resultados del Pick 3 de Misuri, n\u00fameros ganadores m\u00e1s recientes, premio mayor vigente, probabilidades de ganar, pago de premios, calendario de sorteos y m\u00e1s.","breadcrumb":{"@id":"https:\/\/www.lotterycritic.com\/es\/resultados-loteria\/misuri\/pick-3\/#breadcrumb"},"inLanguage":"es","potentialAction":[{"@type":"ReadAction","target":["https:\/\/www.lotterycritic.com\/es\/resultados-loteria\/misuri\/pick-3\/"]}]},{"@type":"ImageObject","inLanguage":"es","@id":"https:\/\/www.lotterycritic.com\/es\/resultados-loteria\/misuri\/pick-3\/#primaryimage","url":"https:\/\/www.lotterycritic.com\/wp-content\/uploads\/2019\/11\/missouri-lottery-pick-3-logo.png","contentUrl":"https:\/\/www.lotterycritic.com\/wp-content\/uploads\/2019\/11\/missouri-lottery-pick-3-logo.png"},{"@type":"BreadcrumbList","@id":"https:\/\/www.lotterycritic.com\/es\/resultados-loteria\/misuri\/pick-3\/#breadcrumb","itemListElement":[{"@type":"ListItem","position":1,"name":"Home","item":"https:\/\/www.lotterycritic.com\/es\/"},{"@type":"ListItem","position":2,"name":"Resultados de La Loter\u00eda Americana &#8211; Los \u00daltimos N\u00fameros Ganadores de La Loter\u00eda de Estados Unidos","item":"https:\/\/www.lotterycritic.com\/es\/resultados-loteria\/"},{"@type":"ListItem","position":3,"name":"Resultados de La Loter\u00eda de Missouri (MO) &#8211; Comprueba Los N\u00fameros Ganadores de Hoy En Missouri","item":"https:\/\/www.lotterycritic.com\/es\/resultados-loteria\/misuri\/"},{"@type":"ListItem","position":4,"name":"Resultados del Pick 3 de Missouri (MO) y N\u00fameros Ganadores de Hoy [Noche + D\u00eda]"}]},{"@type":"WebSite","@id":"https:\/\/www.lotterycritic.com\/es\/#website","url":"https:\/\/www.lotterycritic.com\/es\/","name":"Lottery Critic","description":"Your Guide to Lottery Results, Winning Numbers &amp; More\u2026","potentialAction":[{"@type":"SearchAction","target":{"@type":"EntryPoint","urlTemplate":"https:\/\/www.lotterycritic.com\/es\/?s={search_term_string}"},"query-input":{"@type":"PropertyValueSpecification","valueRequired":true,"valueName":"search_term_string"}}],"inLanguage":"es"}]}},"_links":{"self":[{"href":"https:\/\/www.lotterycritic.com\/es\/wp-json\/wp\/v2\/pages\/14106"}],"collection":[{"href":"https:\/\/www.lotterycritic.com\/es\/wp-json\/wp\/v2\/pages"}],"about":[{"href":"https:\/\/www.lotterycritic.com\/es\/wp-json\/wp\/v2\/types\/page"}],"author":[{"embeddable":true,"href":"https:\/\/www.lotterycritic.com\/es\/wp-json\/wp\/v2\/users\/6"}],"replies":[{"embeddable":true,"href":"https:\/\/www.lotterycritic.com\/es\/wp-json\/wp\/v2\/comments?post=14106"}],"version-history":[{"count":1,"href":"https:\/\/www.lotterycritic.com\/es\/wp-json\/wp\/v2\/pages\/14106\/revisions"}],"predecessor-version":[{"id":14107,"href":"https:\/\/www.lotterycritic.com\/es\/wp-json\/wp\/v2\/pages\/14106\/revisions\/14107"}],"up":[{"embeddable":true,"href":"https:\/\/www.lotterycritic.com\/es\/wp-json\/wp\/v2\/pages\/14095"}],"wp:attachment":[{"href":"https:\/\/www.lotterycritic.com\/es\/wp-json\/wp\/v2\/media?parent=14106"}],"curies":[{"name":"wp","href":"https:\/\/api.w.org\/{rel}","templated":true}]}}