{"id":14093,"date":"2023-08-03T04:24:12","date_gmt":"2023-08-03T04:24:12","guid":{"rendered":"https:\/\/www.lotterycritic.com\/resultados-loteria\/minnesota\/resultados-de-loteria-daily-3-de-minnesota-mn-y-numeros-ganadores-ayer-hoy\/"},"modified":"2023-08-03T04:24:33","modified_gmt":"2023-08-03T04:24:33","slug":"daily-3","status":"publish","type":"page","link":"https:\/\/www.lotterycritic.com\/es\/resultados-loteria\/minnesota\/daily-3\/","title":{"rendered":"Resultados de Loter\u00eda Daily 3 de Minnesota (MN) y N\u00fameros Ganadores [Ayer + Hoy]"},"content":{"rendered":"<p><img decoding=\"async\" class=\"aligncenter wp-image-9255 size-full\" src=\"https:\/\/www.lotterycritic.com\/wp-content\/uploads\/2019\/11\/minnesota-lottery-daily-3-logo.png\" alt=\"\" width=\"800\" height=\"160\" srcset=\"https:\/\/www.lotterycritic.com\/wp-content\/uploads\/2019\/11\/minnesota-lottery-daily-3-logo.png 800w, https:\/\/www.lotterycritic.com\/wp-content\/uploads\/2019\/11\/minnesota-lottery-daily-3-logo-300x60.png 300w, https:\/\/www.lotterycritic.com\/wp-content\/uploads\/2019\/11\/minnesota-lottery-daily-3-logo-768x154.png 768w\" sizes=\"(max-width: 800px) 100vw, 800px\" \/><\/p>\n<p><section><div class=\"section-anchor\" id=\"how-to-play\"><\/div><\/p>\n<h2>C\u00f3mo jugar al Daily 3 de Minnesota<\/h2>\n<h3>Elija sus n\u00fameros<\/h3>\n<p>Puede usar la opci\u00f3n de Quick Pick y la computadora escoger\u00e1 sus n\u00fameros de forma autom\u00e1tica, o puede elegir sus n\u00fameros llenando una papeleta y seleccionando un n\u00famero de tres d\u00edgitos del 000 al 999.<\/p>\n<h3>Compre su billete<\/h3>\n<p>Puede comprar sus billetes del Daily 3 en puntos de venta autorizados en Minnesota. El juego en l\u00ednea no est\u00e1 disponible.<\/p>\n<p>\n<\/section><\/p>\n<p><section><div class=\"section-anchor\" id=\"drawing-schedule\"><\/div><\/p>\n<h2>Calendario de sorteos del Daily 3 de Minnesota<\/h2>\n<p>Los sorteos del Daily 3 suceden <strong>todas las tardes a las 6:17 PM CT<\/strong>.<\/p>\n<p>\n<\/section><\/p>\n<p><section><div class=\"section-anchor\" id=\"payouts-odds-and-rules\"><\/div><\/p>\n<h2>Pagos y reglas del Daily 3 de Minnesota<\/h2>\n<p>El Daily 3 de Minnesota incluye 6 tipos de juego: straight, box, straight\/box, par delantero, par trasero y primero d\u00edgito. El jugador escoge primero el estilo de juego, luego, apuesta una cantidad entre $0.50 y $5. Despu\u00e9s, puede elegir sus n\u00fameros, el sorteo al que le gustar\u00eda entrar y cu\u00e1ntos sorteos consecutivos va a jugar.<\/p>\n<h3>Premios y Probabilidades del Daily 3 de Minnesota<\/h3>\n<table>\n<tbody>\n<tr>\n<td><strong>Tipo de juego y aciertos<\/strong><\/td>\n<td><strong>Premio con una apuesta de $1<\/strong><\/td>\n<td><strong>Probabilidades<\/strong><\/td>\n<\/tr>\n<tr>\n<td>Straight<\/td>\n<td>$500<\/td>\n<td>1 en 1,000<\/td>\n<\/tr>\n<tr>\n<td>Box 3-way<\/td>\n<td>$160<\/td>\n<td>1 en 333<\/td>\n<\/tr>\n<tr>\n<td>Box 6-way<\/td>\n<td>$80<\/td>\n<td>1 en 167<\/td>\n<\/tr>\n<tr>\n<td>Straight\/Box 3-way (Orden exacto)<\/td>\n<td>$330<\/td>\n<td>1 en 1,000<\/td>\n<\/tr>\n<tr>\n<td>Straight\/Box 3-way (Cualquier orden)<\/td>\n<td>$80<\/td>\n<td>1 en 333<\/td>\n<\/tr>\n<tr>\n<td>Straight\/Box 6-way (Orden exacto)<\/td>\n<td>$290<\/td>\n<td>1 en 1,000<\/td>\n<\/tr>\n<tr>\n<td>Straight\/Box 6-way (Cualquier orden)<\/td>\n<td>$80<\/td>\n<td>1 en 167<\/td>\n<\/tr>\n<tr>\n<td>Front Pair<\/td>\n<td>$50<\/td>\n<td>1 en 100<\/td>\n<\/tr>\n<tr>\n<td>Back Pair<\/td>\n<td>$50<\/td>\n<td>1 en 100<\/td>\n<\/tr>\n<tr>\n<td>First Digit<\/td>\n<td>$5<\/td>\n<td>1 en 10<\/td>\n<\/tr>\n<\/tbody>\n<\/table>\n<p>*Una apuesta de $0.50 reduce la cantidad a la mitad (a excepci\u00f3n de los juegos Straight\/Box en donde la apuesta m\u00ednima es de $1). Una apuesta superior a $1 multiplicar\u00e1 el premio por la cantidad en d\u00f3lares.<\/p>\n<p>\n<\/section><\/p>\n<p><section><div class=\"section-anchor\" id=\"claim-your-prize\"><\/div><\/p>\n<h2>C\u00f3mo reclamar su premio del Daily 3 en Minnesota<\/h2>\n<p>Premios hasta $599 pueden reclamarse en cualquier punto de venta autorizado por la Loter\u00eda de Minnesota. Para premios entre $600 y $50,000, se pueden reclamar en cualquier <a href=\"https:\/\/www.lotterycritic.com\/reviews\/the-lottery-office-review\/\">oficina de la Loter\u00eda<\/a> de Minnesota. Premios por encima de $50,000 deber\u00e1n reclamarse en persona en la Oficina Principal de la Loter\u00eda de Minnesota en Roseville.<\/p>\n<p>Tambi\u00e9n puede reclamar premios hasta los $50,000 por correo postal.<\/p>\n<p>Todos los ganadores tienen 180 d\u00edas despu\u00e9s del sorteo para reclamar su premio.<\/p>\n<p>\n<\/section><\/p>\n<p><section><div class=\"section-anchor\" id=\"minnesota-daily-3-strategy\"><\/div><\/p>\n<h2>Estrategia para el Daily 3 de Minnesota<\/h2>\n<p>\u00bfEst\u00e1 interesado en aprender las estrategias que puede aplicar para mejorar sus probabilidades de ganar el Daily 3 de Minnesota? Eche un vistazo a nuestra gu\u00eda sobre la estrategia para el Pick 3. Estas estrategias funcionan para todos los juegos de 3 n\u00fameros, incluyendo Pick 3, Play 3, Cash 3 y Daily 3.<\/p>\n<p>\n<\/section><\/p>\n<p><section><div class=\"section-anchor\" id=\"other-minnesota-lotteries\"><\/div><\/p>\n<h2>Otras loter\u00edas de Minnesota<\/h2>\n<p>Revise los \u00faltimos resultados, premio mayor, probabilidades de ganar, pago de premios, calendario de sorteos y dem\u00e1s informaci\u00f3n \u00fatil para <a href=\"https:\/\/www.lotterycritic.com\/es\/resultados-loteria\/minnesota\/\">todas las loter\u00edas de Minnesota (MN)<\/a> como <a href=\"https:\/\/www.lotterycritic.com\/lottery-results\/minnesota\/lotto-america\/\">Lotto America<\/a>, <a href=\"https:\/\/www.lotterycritic.com\/lottery-results\/minnesota\/lucky-for-life\/\">Lucky For Life<\/a>, <a href=\"https:\/\/www.lotterycritic.com\/lottery-results\/minnesota\/northstar-cash\/\">Northstar Cash<\/a>, <a href=\"https:\/\/www.lotterycritic.com\/lottery-results\/minnesota\/gopher-5\/\">Gopher 5<\/a>, Raspables, y las loter\u00edas m\u00e1s populares en varios estados, <a href=\"https:\/\/www.lotterycritic.com\/es\/resultados-loteria\/carolina-del-sur\/powerball\/\" rel=\"\">Powerball<\/a> y\u00a0<a href=\"https:\/\/www.lotterycritic.com\/es\/resultados-loteria\/tennessee\/mega-millions\/\" rel=\"\">Mega Millions<\/a><\/p>\n<p>\n<\/section><\/p>\n","protected":false},"excerpt":{"rendered":"","protected":false},"author":6,"featured_media":0,"parent":14087,"menu_order":0,"comment_status":"closed","ping_status":"closed","template":"lottery-results-game-child-template.php","meta":{"footnotes":""},"class_list":["post-14093","page","type-page","status-publish","hentry"],"acf":[],"yoast_head":"<!-- This site is optimized with the Yoast SEO plugin v23.4 - https:\/\/yoast.com\/wordpress\/plugins\/seo\/ -->\n<title>Loter\u00eda Daily 3 de Minnesota: Resultados y N\u00fameros Ganadores [Ayer + Hoy]<\/title>\n<meta name=\"description\" content=\"Obtenga los resultados del Daily 3 de Minnesota (MN), n\u00fameros ganadores m\u00e1s recientes, premio mayor vigente, probabilidades de ganar, pago de premios, calendario de sorteos y m\u00e1s.\" \/>\n<meta name=\"robots\" content=\"index, follow, max-snippet:-1, max-image-preview:large, max-video-preview:-1\" \/>\n<link rel=\"canonical\" href=\"https:\/\/www.lotterycritic.com\/es\/resultados-loteria\/minnesota\/daily-3\/\" \/>\n<meta property=\"og:locale\" content=\"es_ES\" \/>\n<meta property=\"og:type\" content=\"article\" \/>\n<meta property=\"og:title\" content=\"Loter\u00eda Daily 3 de Minnesota: Resultados y N\u00fameros Ganadores [Ayer + Hoy]\" \/>\n<meta property=\"og:description\" content=\"Obtenga los resultados del Daily 3 de Minnesota (MN), n\u00fameros ganadores m\u00e1s recientes, premio mayor vigente, probabilidades de ganar, pago de premios, calendario de sorteos y m\u00e1s.\" \/>\n<meta property=\"og:url\" content=\"https:\/\/www.lotterycritic.com\/es\/resultados-loteria\/minnesota\/daily-3\/\" \/>\n<meta property=\"og:site_name\" content=\"Lottery Critic\" \/>\n<meta property=\"article:modified_time\" content=\"2023-08-03T04:24:33+00:00\" \/>\n<meta property=\"og:image\" content=\"https:\/\/www.lotterycritic.com\/wp-content\/uploads\/2019\/11\/minnesota-lottery-daily-3-logo.png\" \/>\n<meta name=\"twitter:card\" content=\"summary_large_image\" \/>\n<meta name=\"twitter:label1\" content=\"Tiempo de lectura\" \/>\n\t<meta name=\"twitter:data1\" content=\"3 minutos\" \/>\n<script type=\"application\/ld+json\" class=\"yoast-schema-graph\">{\"@context\":\"https:\/\/schema.org\",\"@graph\":[{\"@type\":\"WebPage\",\"@id\":\"https:\/\/www.lotterycritic.com\/es\/resultados-loteria\/minnesota\/daily-3\/\",\"url\":\"https:\/\/www.lotterycritic.com\/es\/resultados-loteria\/minnesota\/daily-3\/\",\"name\":\"Loter\u00eda Daily 3 de Minnesota: Resultados y N\u00fameros Ganadores [Ayer + Hoy]\",\"isPartOf\":{\"@id\":\"https:\/\/www.lotterycritic.com\/es\/#website\"},\"primaryImageOfPage\":{\"@id\":\"https:\/\/www.lotterycritic.com\/es\/resultados-loteria\/minnesota\/daily-3\/#primaryimage\"},\"image\":{\"@id\":\"https:\/\/www.lotterycritic.com\/es\/resultados-loteria\/minnesota\/daily-3\/#primaryimage\"},\"thumbnailUrl\":\"https:\/\/www.lotterycritic.com\/wp-content\/uploads\/2019\/11\/minnesota-lottery-daily-3-logo.png\",\"datePublished\":\"2023-08-03T04:24:12+00:00\",\"dateModified\":\"2023-08-03T04:24:33+00:00\",\"description\":\"Obtenga los resultados del Daily 3 de Minnesota (MN), n\u00fameros ganadores m\u00e1s recientes, premio mayor vigente, probabilidades de ganar, pago de premios, calendario de sorteos y m\u00e1s.\",\"breadcrumb\":{\"@id\":\"https:\/\/www.lotterycritic.com\/es\/resultados-loteria\/minnesota\/daily-3\/#breadcrumb\"},\"inLanguage\":\"es\",\"potentialAction\":[{\"@type\":\"ReadAction\",\"target\":[\"https:\/\/www.lotterycritic.com\/es\/resultados-loteria\/minnesota\/daily-3\/\"]}]},{\"@type\":\"ImageObject\",\"inLanguage\":\"es\",\"@id\":\"https:\/\/www.lotterycritic.com\/es\/resultados-loteria\/minnesota\/daily-3\/#primaryimage\",\"url\":\"https:\/\/www.lotterycritic.com\/wp-content\/uploads\/2019\/11\/minnesota-lottery-daily-3-logo.png\",\"contentUrl\":\"https:\/\/www.lotterycritic.com\/wp-content\/uploads\/2019\/11\/minnesota-lottery-daily-3-logo.png\"},{\"@type\":\"BreadcrumbList\",\"@id\":\"https:\/\/www.lotterycritic.com\/es\/resultados-loteria\/minnesota\/daily-3\/#breadcrumb\",\"itemListElement\":[{\"@type\":\"ListItem\",\"position\":1,\"name\":\"Home\",\"item\":\"https:\/\/www.lotterycritic.com\/es\/\"},{\"@type\":\"ListItem\",\"position\":2,\"name\":\"Resultados de La Loter\u00eda Americana &#8211; Los \u00daltimos N\u00fameros Ganadores de La Loter\u00eda de Estados Unidos\",\"item\":\"https:\/\/www.lotterycritic.com\/es\/resultados-loteria\/\"},{\"@type\":\"ListItem\",\"position\":3,\"name\":\"Resultados de La Loter\u00eda de Minnesota (MN) &#8211; Comprueba Los N\u00fameros Ganadores de Hoy En Minnesota\",\"item\":\"https:\/\/www.lotterycritic.com\/es\/resultados-loteria\/minnesota\/\"},{\"@type\":\"ListItem\",\"position\":4,\"name\":\"Resultados de Loter\u00eda Daily 3 de Minnesota (MN) y N\u00fameros Ganadores [Ayer + Hoy]\"}]},{\"@type\":\"WebSite\",\"@id\":\"https:\/\/www.lotterycritic.com\/es\/#website\",\"url\":\"https:\/\/www.lotterycritic.com\/es\/\",\"name\":\"Lottery Critic\",\"description\":\"Your Guide to Lottery Results, Winning Numbers &amp; More\u2026\",\"potentialAction\":[{\"@type\":\"SearchAction\",\"target\":{\"@type\":\"EntryPoint\",\"urlTemplate\":\"https:\/\/www.lotterycritic.com\/es\/?s={search_term_string}\"},\"query-input\":{\"@type\":\"PropertyValueSpecification\",\"valueRequired\":true,\"valueName\":\"search_term_string\"}}],\"inLanguage\":\"es\"}]}<\/script>\n<!-- \/ Yoast SEO plugin. -->","yoast_head_json":{"title":"Loter\u00eda Daily 3 de Minnesota: Resultados y N\u00fameros Ganadores [Ayer + Hoy]","description":"Obtenga los resultados del Daily 3 de Minnesota (MN), n\u00fameros ganadores m\u00e1s recientes, premio mayor vigente, probabilidades de ganar, pago de premios, calendario de sorteos y m\u00e1s.","robots":{"index":"index","follow":"follow","max-snippet":"max-snippet:-1","max-image-preview":"max-image-preview:large","max-video-preview":"max-video-preview:-1"},"canonical":"https:\/\/www.lotterycritic.com\/es\/resultados-loteria\/minnesota\/daily-3\/","og_locale":"es_ES","og_type":"article","og_title":"Loter\u00eda Daily 3 de Minnesota: Resultados y N\u00fameros Ganadores [Ayer + Hoy]","og_description":"Obtenga los resultados del Daily 3 de Minnesota (MN), n\u00fameros ganadores m\u00e1s recientes, premio mayor vigente, probabilidades de ganar, pago de premios, calendario de sorteos y m\u00e1s.","og_url":"https:\/\/www.lotterycritic.com\/es\/resultados-loteria\/minnesota\/daily-3\/","og_site_name":"Lottery Critic","article_modified_time":"2023-08-03T04:24:33+00:00","og_image":[{"url":"https:\/\/www.lotterycritic.com\/wp-content\/uploads\/2019\/11\/minnesota-lottery-daily-3-logo.png"}],"twitter_card":"summary_large_image","twitter_misc":{"Tiempo de lectura":"3 minutos"},"schema":{"@context":"https:\/\/schema.org","@graph":[{"@type":"WebPage","@id":"https:\/\/www.lotterycritic.com\/es\/resultados-loteria\/minnesota\/daily-3\/","url":"https:\/\/www.lotterycritic.com\/es\/resultados-loteria\/minnesota\/daily-3\/","name":"Loter\u00eda Daily 3 de Minnesota: Resultados y N\u00fameros Ganadores [Ayer + Hoy]","isPartOf":{"@id":"https:\/\/www.lotterycritic.com\/es\/#website"},"primaryImageOfPage":{"@id":"https:\/\/www.lotterycritic.com\/es\/resultados-loteria\/minnesota\/daily-3\/#primaryimage"},"image":{"@id":"https:\/\/www.lotterycritic.com\/es\/resultados-loteria\/minnesota\/daily-3\/#primaryimage"},"thumbnailUrl":"https:\/\/www.lotterycritic.com\/wp-content\/uploads\/2019\/11\/minnesota-lottery-daily-3-logo.png","datePublished":"2023-08-03T04:24:12+00:00","dateModified":"2023-08-03T04:24:33+00:00","description":"Obtenga los resultados del Daily 3 de Minnesota (MN), n\u00fameros ganadores m\u00e1s recientes, premio mayor vigente, probabilidades de ganar, pago de premios, calendario de sorteos y m\u00e1s.","breadcrumb":{"@id":"https:\/\/www.lotterycritic.com\/es\/resultados-loteria\/minnesota\/daily-3\/#breadcrumb"},"inLanguage":"es","potentialAction":[{"@type":"ReadAction","target":["https:\/\/www.lotterycritic.com\/es\/resultados-loteria\/minnesota\/daily-3\/"]}]},{"@type":"ImageObject","inLanguage":"es","@id":"https:\/\/www.lotterycritic.com\/es\/resultados-loteria\/minnesota\/daily-3\/#primaryimage","url":"https:\/\/www.lotterycritic.com\/wp-content\/uploads\/2019\/11\/minnesota-lottery-daily-3-logo.png","contentUrl":"https:\/\/www.lotterycritic.com\/wp-content\/uploads\/2019\/11\/minnesota-lottery-daily-3-logo.png"},{"@type":"BreadcrumbList","@id":"https:\/\/www.lotterycritic.com\/es\/resultados-loteria\/minnesota\/daily-3\/#breadcrumb","itemListElement":[{"@type":"ListItem","position":1,"name":"Home","item":"https:\/\/www.lotterycritic.com\/es\/"},{"@type":"ListItem","position":2,"name":"Resultados de La Loter\u00eda Americana &#8211; Los \u00daltimos N\u00fameros Ganadores de La Loter\u00eda de Estados Unidos","item":"https:\/\/www.lotterycritic.com\/es\/resultados-loteria\/"},{"@type":"ListItem","position":3,"name":"Resultados de La Loter\u00eda de Minnesota (MN) &#8211; Comprueba Los N\u00fameros Ganadores de Hoy En Minnesota","item":"https:\/\/www.lotterycritic.com\/es\/resultados-loteria\/minnesota\/"},{"@type":"ListItem","position":4,"name":"Resultados de Loter\u00eda Daily 3 de Minnesota (MN) y N\u00fameros Ganadores [Ayer + Hoy]"}]},{"@type":"WebSite","@id":"https:\/\/www.lotterycritic.com\/es\/#website","url":"https:\/\/www.lotterycritic.com\/es\/","name":"Lottery Critic","description":"Your Guide to Lottery Results, Winning Numbers &amp; More\u2026","potentialAction":[{"@type":"SearchAction","target":{"@type":"EntryPoint","urlTemplate":"https:\/\/www.lotterycritic.com\/es\/?s={search_term_string}"},"query-input":{"@type":"PropertyValueSpecification","valueRequired":true,"valueName":"search_term_string"}}],"inLanguage":"es"}]}},"_links":{"self":[{"href":"https:\/\/www.lotterycritic.com\/es\/wp-json\/wp\/v2\/pages\/14093"}],"collection":[{"href":"https:\/\/www.lotterycritic.com\/es\/wp-json\/wp\/v2\/pages"}],"about":[{"href":"https:\/\/www.lotterycritic.com\/es\/wp-json\/wp\/v2\/types\/page"}],"author":[{"embeddable":true,"href":"https:\/\/www.lotterycritic.com\/es\/wp-json\/wp\/v2\/users\/6"}],"replies":[{"embeddable":true,"href":"https:\/\/www.lotterycritic.com\/es\/wp-json\/wp\/v2\/comments?post=14093"}],"version-history":[{"count":1,"href":"https:\/\/www.lotterycritic.com\/es\/wp-json\/wp\/v2\/pages\/14093\/revisions"}],"predecessor-version":[{"id":14094,"href":"https:\/\/www.lotterycritic.com\/es\/wp-json\/wp\/v2\/pages\/14093\/revisions\/14094"}],"up":[{"embeddable":true,"href":"https:\/\/www.lotterycritic.com\/es\/wp-json\/wp\/v2\/pages\/14087"}],"wp:attachment":[{"href":"https:\/\/www.lotterycritic.com\/es\/wp-json\/wp\/v2\/media?parent=14093"}],"curies":[{"name":"wp","href":"https:\/\/api.w.org\/{rel}","templated":true}]}}