{"id":14087,"date":"2023-08-03T03:50:07","date_gmt":"2023-08-03T03:50:07","guid":{"rendered":"https:\/\/www.lotterycritic.com\/resultados-loteria\/resultados-de-la-loteria-de-minnesota-mn-comprueba-los-numeros-ganadores-de-hoy-en-minnesota\/"},"modified":"2023-08-11T13:08:32","modified_gmt":"2023-08-11T13:08:32","slug":"minnesota","status":"publish","type":"page","link":"https:\/\/www.lotterycritic.com\/es\/resultados-loteria\/minnesota\/","title":{"rendered":"Resultados de La Loter\u00eda de Minnesota (MN) &#8211; Comprueba Los N\u00fameros Ganadores de Hoy En Minnesota"},"content":{"rendered":"<p><section><div class=\"section-anchor\" id=\"about-the-minnesota-lottery\"><\/div><\/p>\n<h2>Acerca de la Loter\u00eda de Minnesota<\/h2>\n<p><img decoding=\"async\" class=\"size-full wp-image-14088 alignleft\" src=\"https:\/\/www.lotterycritic.com\/wp-content\/uploads\/2019\/03\/minnesota-lottery-logo.png\" alt=\"Minnesota Lottery logo\" width=\"200\" height=\"200\" srcset=\"https:\/\/www.lotterycritic.com\/wp-content\/uploads\/2019\/03\/minnesota-lottery-logo.png 200w, https:\/\/www.lotterycritic.com\/wp-content\/uploads\/2019\/03\/minnesota-lottery-logo-150x150.png 150w\" sizes=\"(max-width: 200px) 100vw, 200px\" \/><\/p>\n<p>La Loter\u00eda de Minnesota es la \u00fanica loter\u00eda reconocida en todo el estado. Se estableci\u00f3 en 1988 despu\u00e9s de que se aprobara una <a href=\"https:\/\/www.naspl.org\/nasplmembers\/Minnesota#:~:text=History%20of%20Minnesota%20State%20Lottery,the%20instant%20game%20Match%20Three.\">legislaci\u00f3n<\/a> que hac\u00eda a los juegos locales legales en el estado. Parte de la legislaci\u00f3n era destinar los beneficios, actualmente m\u00e1s de $3 mil millones, al mantenimiento del medioambiente y recursos naturales del estado. Este sistema ha funcionado por m\u00e1s de 25 a\u00f1os, con una interrupci\u00f3n en 2011.<\/p>\n<h2>Reglas de la Loter\u00eda de Minnesota<\/h2>\n<ul>\n<li>Todo aquel que compre billetes de loter\u00eda deber\u00e1 tener 18 a\u00f1os de edad o m\u00e1s.<\/li>\n<li>Cualquier vendedor de loter\u00eda que venda o conceda billetes a menores, corre el riesgo de perder su licencia.<\/li>\n<li>Solo se pueden comprar billetes de loter\u00eda vendidos por personas autorizadas para ello en el estado.<\/li>\n<li>Un billete de loter\u00eda puede regalarse a otro jugador, pero nunca a un menor de edad.<\/li>\n<\/ul>\n<h2>Billetes de la Loter\u00eda de Minnesota<\/h2>\n<p>Todos los billetes de la Loter\u00eda de Minnesota se pueden comprar en puntos de venta registrados. Cualquier billete ganador es v\u00e1lido hasta por un a\u00f1o despu\u00e9s del juego o sorteo en cuesti\u00f3n. Si un billete ganador expira, los fondos se pierden.<\/p>\n<h2>\u00bfPuedo comprar billetes de la Loter\u00eda de MN en l\u00ednea?<\/h2>\n<p>No, desafortunadamente, no es posible. La legislatura del estado proh\u00edbe cualquier compra de billetes de loter\u00eda por internet.<\/p>\n<p>\n<\/section><\/p>\n<p><section><div class=\"section-anchor\" id=\"games-and-schedule\"><\/div><\/p>\n<h2>Calendario de sorteos y juegos de la Loter\u00eda de Minnesota<\/h2>\n<h3><a href=\"https:\/\/www.lotterycritic.com\/es\/resultados-loteria\/minnesota\/daily-3\/\">Daily 3<\/a><\/h3>\n<p>Uno de los mejores juegos de MN es el Daily 3, donde puede ganar hasta $500 si sus n\u00fameros le ayudan. Para jugar, indique su apuesta y el tipo de apuesta, elija un n\u00famero de 000 y 999 y deje que la m\u00e1quina haga lo suyo. Gana la cantidad m\u00e1xima si el n\u00famero elegido coincide con el n\u00famero sorteado por la m\u00e1quina. Para poder participar, la apuesta m\u00ednima es de $0.50. Tambi\u00e9n puede ganar si acierta en los primeros d\u00edgitos, si coincide en los 3 n\u00fameros en un orden diferente, y si acierta en el par delantero o trasero. La loter\u00eda comienza a las 6:17 pm todos los d\u00edas.<\/p>\n<h3><a href=\"https:\/\/www.lotterycritic.com\/lottery-results\/minnesota\/northstar-cash\/\">Northstar Cash<\/a><\/h3>\n<p>El Northstar Cash se sortea todas las noches a las 6:17 pm y consiste en seleccionar cinco n\u00fameros cualquiera del 1 al 31 para participar por el premio mayor. Los jugadores tienen la oportunidad de ganar un m\u00ednimo de $25,000. La apuesta es de $1.<\/p>\n<h3><a href=\"https:\/\/www.lotterycritic.com\/lottery-results\/minnesota\/lotto-america\/\">Lotto America<\/a><\/h3>\n<p>Para disfrutar lo que ofrece el Lotto America de la Loter\u00eda de MN, seleccione cinco n\u00fameros del 1 al 52, y un n\u00famero extra entre 1 y 10 para la Star Ball. Con esto estar\u00e1 participando por un acumulado que comienza en los $2 millones, y sigue creciendo hasta que alguien lo gana. Hay tambi\u00e9n una funci\u00f3n para premios que no son el premio mayor, en donde los jugadores pueden quedarse hasta con 5 veces el premio anunciado. Los sorteos se realizan cada mi\u00e9rcoles y s\u00e1bado a las 10:00 pm.<\/p>\n<h3><a href=\"https:\/\/www.lotterycritic.com\/lottery-results\/minnesota\/gopher-5\/\">Gopher 5<\/a><\/h3>\n<p>Para participar en este juego exclusivo para la Loter\u00eda de Minnesota, elija cinco n\u00fameros del 1 al 47. Gana si acierta entre dos y cinco n\u00fameros. Todos los sorteos se hacen a las 6:17 pm los lunes, mi\u00e9rcoles y viernes. Cada oportunidad cuesta $1.<\/p>\n<h3><a href=\"https:\/\/www.lotterycritic.com\/lottery-results\/minnesota\/lucky-for-life\/\">Lucky For Life<\/a><\/h3>\n<p>Jugando tiene la oportunidad de ganar un premio de $1,000 cada d\u00eda o $25,000 cada a\u00f1o de por vida. Deber\u00e1 coincidir en cinco n\u00fameros entre 1 y 48, adem\u00e1s de un n\u00famero adicional entre 1 y 18. Se sortea los lunes y jueves a las 9:38 pm, y la apuesta por juego es de $2.<\/p>\n<p><strong>Aqu\u00ed halla un resumen del <a href=\"https:\/\/www.lotteryusa.com\/minnesota\/#:~:text=What%20lottery%20games%20can%20I,Northstar%20Cash%2C%20and%20Mega%20Millions.\">calendario<\/a> de sorteos semanal para la Loter\u00eda de Minnesota:<\/strong><\/p>\n<table>\n<tbody>\n<tr>\n<td><span style=\"font-weight: 400;\">Daily 3<\/span><\/td>\n<td><span style=\"font-weight: 400;\">Todos los d\u00edas<\/span><\/td>\n<td><span style=\"font-weight: 400;\">6:17 pm<\/span><\/td>\n<\/tr>\n<tr>\n<td><span style=\"font-weight: 400;\">Northstar Cash<\/span><\/td>\n<td><span style=\"font-weight: 400;\">Todos los d\u00edas<\/span><\/td>\n<td><span style=\"font-weight: 400;\">6:17 pm<\/span><\/td>\n<\/tr>\n<tr>\n<td><span style=\"font-weight: 400;\">Lotto America<\/span><\/td>\n<td><span style=\"font-weight: 400;\">Todos los mi\u00e9rcoles y s\u00e1bados<\/span><\/td>\n<td><span style=\"font-weight: 400;\">10:00 pm<\/span><\/td>\n<\/tr>\n<tr>\n<td><span style=\"font-weight: 400;\">Gopher 5<\/span><\/td>\n<td><span style=\"font-weight: 400;\">Lunes, mi\u00e9rcoles y viernes<\/span><\/td>\n<td><span style=\"font-weight: 400;\">6:17 pm<\/span><\/td>\n<\/tr>\n<tr>\n<td><span style=\"font-weight: 400;\">Lucky for life<\/span><\/td>\n<td><span style=\"font-weight: 400;\">Lunes y jueves<\/span><\/td>\n<td><span style=\"font-weight: 400;\">9:38 pm<\/span><\/td>\n<\/tr>\n<\/tbody>\n<\/table>\n<p>\n<\/section><\/p>\n<p><section><div class=\"section-anchor\" id=\"how-to-claim\"><\/div><\/p>\n<h2>C\u00f3mo reclamar un premio de la loter\u00eda en Minnesota<\/h2>\n<p>Hay dos formas de reclamar un premio de la Loter\u00eda de Minnesota, dependiendo de la cantidad ganada, y luego de confirmar los resultados de la loter\u00eda:<\/p>\n<ol>\n<li>Para reclamar premios de $50,000 y menores, puede hacerlo por correo postal. Despu\u00e9s de confirmar los resultados de la loter\u00eda, todo lo que tiene que hacer es quedarse con una copia de su billete, y enviar el original a la siguiente direcci\u00f3n, junto con un formulario de reclamo que encuentre en el sitio web de la Loter\u00eda de Minnesota: Minnesota State Lottery P.O. Box 131000 Roseville, MN 55113. Se recomienda enviar el billete por correo certificado.<\/li>\n<li>Para premios por encima de los $50,000, tendr\u00e1 que programar una cita con la <a href=\"https:\/\/www.lotterycritic.com\/reviews\/the-lottery-office-review\/\">oficina de la loter\u00eda<\/a> en Roseville. Llame al 888-568-8379 o al 651-635-8273 para saber m\u00e1s sobre el proceso de reclamo y programar su cita con el Centro de Reclamo de la Loter\u00eda de Minnesota.<\/li>\n<\/ol>\n<p>\n<\/section><\/p>\n<p><section><div class=\"section-anchor\" id=\"past-winners\"><\/div><\/p>\n<h2>Ganadores destacados de las loter\u00edas de Minnesota<\/h2>\n<p>Algunos de los m\u00e1s grandes ganadores de la Loter\u00eda de Minnesota son:<\/p>\n<ul>\n<li>Debbie Kujava de Badger gan\u00f3 $6,754,253 a trav\u00e9s del Lotto America<\/li>\n<li>Stanley Hicks Jr. de West St. Paul gan\u00f3 $500,000 jugando al 50X The Money<\/li>\n<li>Virgil Ericson de Mora gan\u00f3 $744,131 del Gopher 5;<\/li>\n<li>Dennis Grotz de Austin, MN gan\u00f3 $390,000 con el Lucky for Life;<\/li>\n<li>Stephen Braun de Buffalo gan\u00f3 $1,869,493 con el Gopher 5.<\/li>\n<\/ul>\n<p>\n<\/section><\/p>\n<p><section><div class=\"section-anchor\" id=\"scratch-offs\"><\/div><\/p>\n<h2>Raspa-y-gana de la Loter\u00eda de Minnesota<\/h2>\n<p>Los raspables son las loter\u00edas con el menor valor pero con altas probabilidades de ganar.<\/p>\n<p>Puede comprar raspables en l\u00ednea por medio del sitio oficial de la Loter\u00eda de Minnesota. No es posible comprarlos en tiendas f\u00edsicas todav\u00eda.<\/p>\n<p>Algunos de los <a href=\"https:\/\/www.mnlottery.com\/games\/scratch\">mejores juegos<\/a> a elegir incluyen el Ca$h, 500x, The Game of Life, Premiere Play, $500,000 jackpot y m\u00e1s.<\/p>\n<p><img decoding=\"async\" class=\"aligncenter wp-image-14090 size-full\" src=\"https:\/\/www.lotterycritic.com\/wp-content\/uploads\/2019\/03\/minnesota-lottery-scratch-games.png\" alt=\"Minnesota Lottery scratch games\" width=\"772\" height=\"215\" srcset=\"https:\/\/www.lotterycritic.com\/wp-content\/uploads\/2019\/03\/minnesota-lottery-scratch-games.png 772w, https:\/\/www.lotterycritic.com\/wp-content\/uploads\/2019\/03\/minnesota-lottery-scratch-games-300x84.png 300w, https:\/\/www.lotterycritic.com\/wp-content\/uploads\/2019\/03\/minnesota-lottery-scratch-games-768x214.png 768w\" sizes=\"(max-width: 772px) 100vw, 772px\" \/><\/p>\n<p>\n<\/section><\/p>\n<p><section><div class=\"section-anchor\" id=\"second-chance\"><\/div><\/p>\n<h2>Segundas oportunidades con la Loter\u00eda de Minnesota &#8211; \u00bfQu\u00e9 es Second Chance?<\/h2>\n<p>Los <a href=\"https:\/\/www.mnlottery.com\/secondchance\">juegos Second Chance<\/a> son sorteos a los que la gente puede entrar si su billete no gan\u00f3 en el juego principal. Todos los billetes no ganadores son permitidos para participar del sorteo y no son reembolsables. Los jugadores con estos billetes pueden dirigirse a la p\u00e1gina de Second Chance en el sitio web oficial para entrar al sorteo.<\/p>\n<h2>\u00bfC\u00f3mo funcionan los sorteos Second Chance para la Loter\u00eda de MN?<\/h2>\n<p>Los jugadores que cualifican para un sorteo de segunda oportunidad, son aquellos con un billete instant\u00e1neo que no haya ganado. Para participar usted debe:<\/p>\n<ul>\n<li>Inicie sesi\u00f3n en su perfil y vaya al apartado de Second Chance<\/li>\n<li>Aseg\u00farese de que est\u00e1 entrando al sorteo correcto para su billete<\/li>\n<li>Revise que el billete utilizado no haya ganado. Para hacer esto, dir\u00edjase a una tienda autorizada cerca<\/li>\n<li>Confirme que los n\u00fameros ingresados sean los correctos. No escriba guiones o espacios al indicar los n\u00fameros<\/li>\n<li>Si surge alg\u00fan problema puede contactar al servicio al cliente<\/li>\n<\/ul>\n<p>\n<\/section><\/p>\n<p><section><div class=\"section-anchor\" id=\"contact-information\"><\/div><\/p>\n<h2>Informaci\u00f3n sobre la Loter\u00eda de Minnesota<\/h2>\n<h3>Oficina de la Loter\u00eda de Minnesota<\/h3>\n<p>A continuaci\u00f3n encuentra la direcci\u00f3n de la oficina principal de la Loter\u00eda de Minnesota y sus sucursales<\/p>\n<ul>\n<li>Oficina Principal: 2645 Long Lake Road, Roseville, MN 55113<\/li>\n<li>Sucursales: 205, Cedardale Drive Owatonna, MN (Lunea a viernes)\n<ul>\n<li>1641 Highway 10 W Detroit Lakes, MN 56501 (Lunea a viernes)<\/li>\n<li>130 Chestnut Street Virginia, MN 55792 (Lunea a viernes)<\/li>\n<li>750 West College Drive Marshall, MN 56258 (Lunea a viernes)<\/li>\n<\/ul>\n<\/li>\n<\/ul>\n<h3>Soporte al cliente de la Loter\u00eda de Minnesota<\/h3>\n<p>Si no desea ir hasta una de las oficinas, puede aprovechar las opciones que hay disponibles para el soporte al cliente:<\/p>\n<ul>\n<li>L\u00ednea directa: (651) 635-8273<\/li>\n<li>Email:\n<ul>\n<li>Consultas generales: <a href=\"mailto:lottery@mnlottery.com\">lottery@mnlottery.com<\/a><\/li>\n<li>Second Chance: <a href=\"mailto:cs.support@mnlottery.com\">cs.support@mnlottery.com<\/a><\/li>\n<li>Informaci\u00f3n de cuenta: <a href=\"mailto:cs.support@mnlottery.com\">cs.support@mnlottery.com<\/a><\/li>\n<\/ul>\n<\/li>\n<li>Chat en vivo<\/li>\n<\/ul>\n<h3>Redes sociales de la Loter\u00eda de Minnesota<\/h3>\n<p>Aqu\u00ed encuentra la lista de cuentas en redes sociales de la Loter\u00eda de MN<\/p>\n<ul>\n<li>Twitter: <a href=\"https:\/\/twitter.com\/mnlottery?ref_src=twsrc%5Egoogle%7Ctwcamp%5Eserp%7Ctwgr%5Eauthor\">https:\/\/twitter.com\/mnlottery?ref_src=twsrc%5Egoogle%7Ctwcamp%5Eserp%7Ctwgr%5Eauthor<\/a><\/li>\n<li>Instagram: <a href=\"https:\/\/www.mnlottery.com\/ig\">https:\/\/www.mnlottery.com\/ig<\/a><\/li>\n<li>LinkedIn: <a href=\"https:\/\/www.linkedin.com\/in\/tari-vannelli-7b96785\">https:\/\/www.linkedin.com\/in\/tari-vannelli-7b96785<\/a><\/li>\n<\/ul>\n<p>\n<\/section><\/p>\n<p><section><div class=\"section-anchor\" id=\"mobile-app\"><\/div><\/p>\n<h2>Aplicaciones y Tecnolog\u00eda de la Loter\u00eda de Minnesota<\/h2>\n<p>La Loter\u00eda de Minnesota tiene una aplicaci\u00f3n m\u00f3vil en donde puede enterarse de los \u00faltimos resultados en tiempo real. Sin embargo, la aplicaci\u00f3n no tiene la funci\u00f3n de <a href=\"https:\/\/www.online-gambling.com\/us\/minnesota\/lottery\/\">comprar billetes<\/a> para juegos con premio mayor. La aplicaci\u00f3n est\u00e1 disponible para dispositivos Android y Apple, y puede descargarse a trav\u00e9s de la Play Store y la App Store.<\/p>\n<h3>La aplicaci\u00f3n de la Loter\u00eda de Minnesota tiene las siguientes funciones clave:<\/h3>\n<ul>\n<li>Revisar y actualizar los resultados en tiempo real<\/li>\n<li>Ubicar puntos de venta<\/li>\n<li>Muestra los juegos actuales<\/li>\n<li>Reclame premios en efectivo<\/li>\n<li>Noticias y actualizaciones<\/li>\n<li>Confirmaci\u00f3n de billetes<\/li>\n<li>Compruebe si su billete es ganador<\/li>\n<\/ul>\n<p>\n<\/section><\/p>\n<p><section><div class=\"section-anchor\" id=\"tax-information\"><\/div><\/p>\n<h2>Informaci\u00f3n sobre impuestos en Minnesota<\/h2>\n<p>Para cada premio en efectivo de la loter\u00eda, las <a href=\"https:\/\/www.revenue.state.mn.us\/gambling-winnings\">leyes<\/a> federales y las leyes del estado de Minnesota requieren que se deduzca el 31.25 % para premios por encima de los $5,000 y m\u00e1s. Para el estado de Minnesota, la ley exige el pago del 7.25 %, mientras que las leyes federales dictaminan el 24 % en impuestos.<\/p>\n<p>\n<\/section><\/p>\n<p><section><div class=\"section-anchor\" id=\"faqs\"><\/div><\/p>\n<h2>Preguntas Frecuentes sobre la Loter\u00eda de Minnesota<\/h2>\n<h3>\u00bfLas reglas de la Loter\u00eda de Minnesota son diferentes si se juega en l\u00ednea?<\/h3>\n<p>No, las reglas no son diferentes para juegos en l\u00ednea y f\u00edsicos.<\/p>\n<h3>\u00bfC\u00f3mo s\u00e9 que las loter\u00edas listadas en Lottery Critic son leg\u00edtimas?<\/h3>\n<p>Todos los juegos mostrados en <a class=\"wpil_keyword_link\" title=\"Lottery Critic\" href=\"https:\/\/www.lotterycritic.com\/\" data-wpil-keyword-link=\"linked\">Lottery Critic<\/a> cuentan con licencia y est\u00e1n regulados en el estado que provee dichos juegos de loter\u00eda. Nos comprometemos en compartir con nuestros lectores, juegos de la Loter\u00eda de Minnesota leg\u00edtimos, y nos tomamos esta responsabilidad seriamente.<\/p>\n<h3>\u00bfCu\u00e1nto tiempo tarda en recibir su premio, si gana con la Loter\u00eda de Minnesota?<\/h3>\n<p>Toma alrededor de dos semanas en recibir un premio por correo postal, aunque puede tardar m\u00e1s para premios por encima de $50,000, que deber\u00e1n reclamarse en la oficina de la loter\u00eda del estado en Roseville, MN.<\/p>\n<h3>Eche un vistazo a los resultados de otras loter\u00edas de estado<\/h3>\n<ul>\n<li><a href=\"https:\/\/www.lotterycritic.com\/es\/resultados-loteria\/oregon\/\">Resultados de la Loter\u00eda de Oregon<\/a><\/li>\n<li><a href=\"https:\/\/www.lotterycritic.com\/lottery-results\/vermont\/\">Resultados de la Loter\u00eda de Vermont<\/a><\/li>\n<\/ul>\n<p>\n<\/section><\/p>\n","protected":false},"excerpt":{"rendered":"","protected":false},"author":6,"featured_media":0,"parent":13250,"menu_order":48,"comment_status":"closed","ping_status":"closed","template":"lottery-results-location-child-template.php","meta":{"footnotes":""},"class_list":["post-14087","page","type-page","status-publish","hentry"],"acf":[],"yoast_head":"<!-- This site is optimized with the Yoast SEO plugin v23.4 - https:\/\/yoast.com\/wordpress\/plugins\/seo\/ -->\n<title>Resultados Loter\u00eda de Minnesota - N\u00fameros Ganadores Hoy [mayo 2026 ]<\/title>\n<meta name=\"description\" content=\"Conozca lo \u00faltimo sobre la Loter\u00eda del estado de Minnesota 2023. Obtenga la informaci\u00f3n m\u00e1s reciente sobre juegos populares, probabilidades y c\u00f3mo jugar en l\u00ednea.\" \/>\n<meta name=\"robots\" content=\"index, follow, max-snippet:-1, max-image-preview:large, max-video-preview:-1\" \/>\n<link rel=\"canonical\" href=\"https:\/\/www.lotterycritic.com\/es\/resultados-loteria\/minnesota\/\" \/>\n<meta property=\"og:locale\" content=\"es_ES\" \/>\n<meta property=\"og:type\" content=\"article\" \/>\n<meta property=\"og:title\" content=\"Resultados Loter\u00eda de Minnesota - N\u00fameros Ganadores Hoy [mayo 2026 ]\" \/>\n<meta property=\"og:description\" content=\"Conozca lo \u00faltimo sobre la Loter\u00eda del estado de Minnesota 2023. Obtenga la informaci\u00f3n m\u00e1s reciente sobre juegos populares, probabilidades y c\u00f3mo jugar en l\u00ednea.\" \/>\n<meta property=\"og:url\" content=\"https:\/\/www.lotterycritic.com\/es\/resultados-loteria\/minnesota\/\" \/>\n<meta property=\"og:site_name\" content=\"Lottery Critic\" \/>\n<meta property=\"article:modified_time\" content=\"2023-08-11T13:08:32+00:00\" \/>\n<meta property=\"og:image\" content=\"https:\/\/www.lotterycritic.com\/wp-content\/uploads\/2019\/03\/minnesota-lottery-logo.png\" \/>\n<meta name=\"twitter:card\" content=\"summary_large_image\" \/>\n<meta name=\"twitter:label1\" content=\"Tiempo de lectura\" \/>\n\t<meta name=\"twitter:data1\" content=\"8 minutos\" \/>\n<script type=\"application\/ld+json\" class=\"yoast-schema-graph\">{\"@context\":\"https:\/\/schema.org\",\"@graph\":[{\"@type\":\"WebPage\",\"@id\":\"https:\/\/www.lotterycritic.com\/es\/resultados-loteria\/minnesota\/\",\"url\":\"https:\/\/www.lotterycritic.com\/es\/resultados-loteria\/minnesota\/\",\"name\":\"Resultados Loter\u00eda de Minnesota - N\u00fameros Ganadores Hoy [mayo 2026 ]\",\"isPartOf\":{\"@id\":\"https:\/\/www.lotterycritic.com\/es\/#website\"},\"primaryImageOfPage\":{\"@id\":\"https:\/\/www.lotterycritic.com\/es\/resultados-loteria\/minnesota\/#primaryimage\"},\"image\":{\"@id\":\"https:\/\/www.lotterycritic.com\/es\/resultados-loteria\/minnesota\/#primaryimage\"},\"thumbnailUrl\":\"https:\/\/www.lotterycritic.com\/wp-content\/uploads\/2019\/03\/minnesota-lottery-logo.png\",\"datePublished\":\"2023-08-03T03:50:07+00:00\",\"dateModified\":\"2023-08-11T13:08:32+00:00\",\"description\":\"Conozca lo \u00faltimo sobre la Loter\u00eda del estado de Minnesota 2023. Obtenga la informaci\u00f3n m\u00e1s reciente sobre juegos populares, probabilidades y c\u00f3mo jugar en l\u00ednea.\",\"breadcrumb\":{\"@id\":\"https:\/\/www.lotterycritic.com\/es\/resultados-loteria\/minnesota\/#breadcrumb\"},\"inLanguage\":\"es\",\"potentialAction\":[{\"@type\":\"ReadAction\",\"target\":[\"https:\/\/www.lotterycritic.com\/es\/resultados-loteria\/minnesota\/\"]}]},{\"@type\":\"ImageObject\",\"inLanguage\":\"es\",\"@id\":\"https:\/\/www.lotterycritic.com\/es\/resultados-loteria\/minnesota\/#primaryimage\",\"url\":\"https:\/\/www.lotterycritic.com\/wp-content\/uploads\/2019\/03\/minnesota-lottery-logo.png\",\"contentUrl\":\"https:\/\/www.lotterycritic.com\/wp-content\/uploads\/2019\/03\/minnesota-lottery-logo.png\"},{\"@type\":\"BreadcrumbList\",\"@id\":\"https:\/\/www.lotterycritic.com\/es\/resultados-loteria\/minnesota\/#breadcrumb\",\"itemListElement\":[{\"@type\":\"ListItem\",\"position\":1,\"name\":\"Home\",\"item\":\"https:\/\/www.lotterycritic.com\/es\/\"},{\"@type\":\"ListItem\",\"position\":2,\"name\":\"Resultados de La Loter\u00eda Americana &#8211; Los \u00daltimos N\u00fameros Ganadores de La Loter\u00eda de Estados Unidos\",\"item\":\"https:\/\/www.lotterycritic.com\/es\/resultados-loteria\/\"},{\"@type\":\"ListItem\",\"position\":3,\"name\":\"Resultados de La Loter\u00eda de Minnesota (MN) &#8211; Comprueba Los N\u00fameros Ganadores de Hoy En Minnesota\"}]},{\"@type\":\"WebSite\",\"@id\":\"https:\/\/www.lotterycritic.com\/es\/#website\",\"url\":\"https:\/\/www.lotterycritic.com\/es\/\",\"name\":\"Lottery Critic\",\"description\":\"Your Guide to Lottery Results, Winning Numbers &amp; More\u2026\",\"potentialAction\":[{\"@type\":\"SearchAction\",\"target\":{\"@type\":\"EntryPoint\",\"urlTemplate\":\"https:\/\/www.lotterycritic.com\/es\/?s={search_term_string}\"},\"query-input\":{\"@type\":\"PropertyValueSpecification\",\"valueRequired\":true,\"valueName\":\"search_term_string\"}}],\"inLanguage\":\"es\"}]}<\/script>\n<!-- \/ Yoast SEO plugin. -->","yoast_head_json":{"title":"Resultados Loter\u00eda de Minnesota - N\u00fameros Ganadores Hoy [mayo 2026 ]","description":"Conozca lo \u00faltimo sobre la Loter\u00eda del estado de Minnesota 2023. Obtenga la informaci\u00f3n m\u00e1s reciente sobre juegos populares, probabilidades y c\u00f3mo jugar en l\u00ednea.","robots":{"index":"index","follow":"follow","max-snippet":"max-snippet:-1","max-image-preview":"max-image-preview:large","max-video-preview":"max-video-preview:-1"},"canonical":"https:\/\/www.lotterycritic.com\/es\/resultados-loteria\/minnesota\/","og_locale":"es_ES","og_type":"article","og_title":"Resultados Loter\u00eda de Minnesota - N\u00fameros Ganadores Hoy [mayo 2026 ]","og_description":"Conozca lo \u00faltimo sobre la Loter\u00eda del estado de Minnesota 2023. Obtenga la informaci\u00f3n m\u00e1s reciente sobre juegos populares, probabilidades y c\u00f3mo jugar en l\u00ednea.","og_url":"https:\/\/www.lotterycritic.com\/es\/resultados-loteria\/minnesota\/","og_site_name":"Lottery Critic","article_modified_time":"2023-08-11T13:08:32+00:00","og_image":[{"url":"https:\/\/www.lotterycritic.com\/wp-content\/uploads\/2019\/03\/minnesota-lottery-logo.png"}],"twitter_card":"summary_large_image","twitter_misc":{"Tiempo de lectura":"8 minutos"},"schema":{"@context":"https:\/\/schema.org","@graph":[{"@type":"WebPage","@id":"https:\/\/www.lotterycritic.com\/es\/resultados-loteria\/minnesota\/","url":"https:\/\/www.lotterycritic.com\/es\/resultados-loteria\/minnesota\/","name":"Resultados Loter\u00eda de Minnesota - N\u00fameros Ganadores Hoy [mayo 2026 ]","isPartOf":{"@id":"https:\/\/www.lotterycritic.com\/es\/#website"},"primaryImageOfPage":{"@id":"https:\/\/www.lotterycritic.com\/es\/resultados-loteria\/minnesota\/#primaryimage"},"image":{"@id":"https:\/\/www.lotterycritic.com\/es\/resultados-loteria\/minnesota\/#primaryimage"},"thumbnailUrl":"https:\/\/www.lotterycritic.com\/wp-content\/uploads\/2019\/03\/minnesota-lottery-logo.png","datePublished":"2023-08-03T03:50:07+00:00","dateModified":"2023-08-11T13:08:32+00:00","description":"Conozca lo \u00faltimo sobre la Loter\u00eda del estado de Minnesota 2023. Obtenga la informaci\u00f3n m\u00e1s reciente sobre juegos populares, probabilidades y c\u00f3mo jugar en l\u00ednea.","breadcrumb":{"@id":"https:\/\/www.lotterycritic.com\/es\/resultados-loteria\/minnesota\/#breadcrumb"},"inLanguage":"es","potentialAction":[{"@type":"ReadAction","target":["https:\/\/www.lotterycritic.com\/es\/resultados-loteria\/minnesota\/"]}]},{"@type":"ImageObject","inLanguage":"es","@id":"https:\/\/www.lotterycritic.com\/es\/resultados-loteria\/minnesota\/#primaryimage","url":"https:\/\/www.lotterycritic.com\/wp-content\/uploads\/2019\/03\/minnesota-lottery-logo.png","contentUrl":"https:\/\/www.lotterycritic.com\/wp-content\/uploads\/2019\/03\/minnesota-lottery-logo.png"},{"@type":"BreadcrumbList","@id":"https:\/\/www.lotterycritic.com\/es\/resultados-loteria\/minnesota\/#breadcrumb","itemListElement":[{"@type":"ListItem","position":1,"name":"Home","item":"https:\/\/www.lotterycritic.com\/es\/"},{"@type":"ListItem","position":2,"name":"Resultados de La Loter\u00eda Americana &#8211; Los \u00daltimos N\u00fameros Ganadores de La Loter\u00eda de Estados Unidos","item":"https:\/\/www.lotterycritic.com\/es\/resultados-loteria\/"},{"@type":"ListItem","position":3,"name":"Resultados de La Loter\u00eda de Minnesota (MN) &#8211; Comprueba Los N\u00fameros Ganadores de Hoy En Minnesota"}]},{"@type":"WebSite","@id":"https:\/\/www.lotterycritic.com\/es\/#website","url":"https:\/\/www.lotterycritic.com\/es\/","name":"Lottery Critic","description":"Your Guide to Lottery Results, Winning Numbers &amp; More\u2026","potentialAction":[{"@type":"SearchAction","target":{"@type":"EntryPoint","urlTemplate":"https:\/\/www.lotterycritic.com\/es\/?s={search_term_string}"},"query-input":{"@type":"PropertyValueSpecification","valueRequired":true,"valueName":"search_term_string"}}],"inLanguage":"es"}]}},"_links":{"self":[{"href":"https:\/\/www.lotterycritic.com\/es\/wp-json\/wp\/v2\/pages\/14087"}],"collection":[{"href":"https:\/\/www.lotterycritic.com\/es\/wp-json\/wp\/v2\/pages"}],"about":[{"href":"https:\/\/www.lotterycritic.com\/es\/wp-json\/wp\/v2\/types\/page"}],"author":[{"embeddable":true,"href":"https:\/\/www.lotterycritic.com\/es\/wp-json\/wp\/v2\/users\/6"}],"replies":[{"embeddable":true,"href":"https:\/\/www.lotterycritic.com\/es\/wp-json\/wp\/v2\/comments?post=14087"}],"version-history":[{"count":1,"href":"https:\/\/www.lotterycritic.com\/es\/wp-json\/wp\/v2\/pages\/14087\/revisions"}],"predecessor-version":[{"id":14092,"href":"https:\/\/www.lotterycritic.com\/es\/wp-json\/wp\/v2\/pages\/14087\/revisions\/14092"}],"up":[{"embeddable":true,"href":"https:\/\/www.lotterycritic.com\/es\/wp-json\/wp\/v2\/pages\/13250"}],"wp:attachment":[{"href":"https:\/\/www.lotterycritic.com\/es\/wp-json\/wp\/v2\/media?parent=14087"}],"curies":[{"name":"wp","href":"https:\/\/api.w.org\/{rel}","templated":true}]}}