{"id":14081,"date":"2023-08-02T02:01:06","date_gmt":"2023-08-02T02:01:06","guid":{"rendered":"https:\/\/www.lotterycritic.com\/resultados-loteria\/michigan\/resultados-de-loteria-lotto-47-de-michigan-mi-y-numeros-ganadores-de-hoy-y-ayer\/"},"modified":"2023-08-02T02:01:49","modified_gmt":"2023-08-02T02:01:49","slug":"lotto-47","status":"publish","type":"page","link":"https:\/\/www.lotterycritic.com\/es\/resultados-loteria\/michigan\/lotto-47\/","title":{"rendered":"Resultados de Loter\u00eda Lotto 47 de Michigan (MI) y N\u00fameros Ganadores de Hoy y Ayer"},"content":{"rendered":"<p>&nbsp;<\/p>\n<p>&nbsp;<\/p>\n<p style=\"text-align: center;\"><span style=\"font-weight: 400;\"><a class=\"btn btn_primary lcPShortac\" rel=\"nofollow\" target=\"_blank\" href=\"http:\/\/wlmichiganlottery.adsrv.eacdn.com\/C.ashx?btag=a_288b_244c_&affid=163&siteid=288&adid=244&c=\">Juegue al Lotto 47<\/a><\/span><\/p>\n<p>&nbsp;<\/p>\n<p><\/p>\n<p><img decoding=\"async\" class=\"aligncenter wp-image-14082 size-full\" src=\"https:\/\/www.lotterycritic.com\/wp-content\/uploads\/2019\/01\/michigan-lottery-lotto-47-logo.png\" alt=\"Michigan Lottery Lotto 47 logo\" width=\"388\" height=\"188\" srcset=\"https:\/\/www.lotterycritic.com\/wp-content\/uploads\/2019\/01\/michigan-lottery-lotto-47-logo.png 388w, https:\/\/www.lotterycritic.com\/wp-content\/uploads\/2019\/01\/michigan-lottery-lotto-47-logo-300x145.png 300w\" sizes=\"(max-width: 388px) 100vw, 388px\" \/><\/p>\n<p>El Lotto 47 es el juego m\u00e1s grande de la Loter\u00eda de Michigan. Lleva a cabo sorteos dos veces por semana, los mi\u00e9rcoles y s\u00e1bados, con un premio mayor que comienza en $1,000,000.<\/p>\n<p>Compar\u00e1ndolo con el segundo m\u00e1s grande juego del estado, el Fantasy 5, este \u00faltimo tiene un premio m\u00e1s peque\u00f1o de $100,000.<\/p>\n<p>\n[\/section]<\/p>\n<p><section><div class=\"section-anchor\" id=\"michigan-lotto-47-winners\"><\/div><\/p>\n<h2>Ganadores del Lotto 47 de Michigan<\/h2>\n<p>Dos de los m\u00e1s grandes ganadores del Classic Lotto 47 de Michigan son:<\/p>\n<ul>\n<li><strong>$23.6 millones<\/strong>. El premio m\u00e1s grande jam\u00e1s ganado en el Lotto 47 de Michigan, fue para un an\u00f3nimo de Macomb County. Se llev\u00f3 este hist\u00f3rico premio mayor el 1 de marzo de 2008.<\/li>\n<li><strong>$22.6 millones<\/strong>. Un an\u00f3nimo de Montcalm County es el segundo m\u00e1s grande ganador del Lotto 47. Gan\u00f3 con el sorteo del 18 de febrero de 2017 con los n\u00fameros 12, 17, 19, 29, 36 y 39. Prefiri\u00f3 la opci\u00f3n de la suma total, llev\u00e1ndose un estimado de $14.3 millones. Cuando reclam\u00f3 su premio en marzo del mismo a\u00f1o, dijo que ya hab\u00eda renunciado a su trabajo, y que estaba planeando comprar una casa nueva.<\/li>\n<\/ul>\n<p>Tambi\u00e9n puede visitar la <a href=\"https:\/\/www.michiganlottery.com\/resources\/big-winners\">P\u00e1gina oficial de ganadores de la Loter\u00eda de Michigan<\/a> para ver una lista de los ganadores m\u00e1s recientes.<\/p>\n<h2>Reglas del Lotto 47 de Michigan<\/h2>\n<p>Las reglas del Lotto 47 son simples: Solo tiene que elegir 6 n\u00fameros del 1 al 47 y se llevar\u00e1 el premio mayor si acierta en todos. Como sucede con otros juegos, la opci\u00f3n de Easy Pick est\u00e1 disponible.<\/p>\n<p>El premio mayor comienza en $1,000,000 y se acumula hasta que alguien lo gana. Tambi\u00e9n se entregan premios secundarios por coincidir en una cantidad menor de n\u00fameros.<\/p>\n<p>Cada grupo de n\u00fameros jugados del Lotto 47 cuesta $1. Puede jugar al Lotto 47 en una tienda f\u00edsica o en l\u00ednea.<\/p>\n<p>\n<\/section><\/p>\n<p><section><div class=\"section-anchor\" id=\"payout-table\"><\/div><\/p>\n<h3>Pagos del Lotto 47 de Michigan<\/h3>\n<p>El Lotto 47 tiene cuatro niveles de premio. Estas son las cantidades para cada uno, as\u00ed como sus probabilidades de ganar.<\/p>\n<table>\n<tbody>\n<tr>\n<td><strong>N\u00fameros acertados<\/strong><\/td>\n<td><strong>Premio<\/strong><\/td>\n<td><strong>Probabilidad<\/strong><\/td>\n<\/tr>\n<tr>\n<td>6 de 6<\/td>\n<td>Premio mayor<\/td>\n<td>1 en 10,737,573<\/td>\n<\/tr>\n<tr>\n<td>5 de 6<\/td>\n<td>$2,500<\/td>\n<td>1 en 43,649<\/td>\n<\/tr>\n<tr>\n<td>4 de 6<\/td>\n<td>$100<\/td>\n<td>1 en 873<\/td>\n<\/tr>\n<tr>\n<td>3 de 6<\/td>\n<td>$5<\/td>\n<td>1 en 50<\/td>\n<\/tr>\n<\/tbody>\n<\/table>\n<p style=\"text-align: center;\"><span style=\"font-weight: 400;\"><a class=\"btn btn_primary lcPShortac\" rel=\"nofollow\" target=\"_blank\" href=\"http:\/\/wlmichiganlottery.adsrv.eacdn.com\/C.ashx?btag=a_288b_244c_&affid=163&siteid=288&adid=244&c=\">Juegue al Lotto 47<\/a><\/span><\/p>\n<p>\n<\/section><\/p>\n<p><section><div class=\"section-anchor\" id=\"game-rules\"><\/div><\/p>\n<h3>Hora de sorteo del Lotto 47 de Michigan<\/h3>\n<p>El Classic Lotto 47 tiene sorteos dos veces por semana, los mi\u00e9rcoles y s\u00e1bados a las <strong>7:29 PM EST<\/strong>.<\/p>\n<p>Los billetes para el sorteo vigente pueden comprarse en tiendas o por internet hasta las 7:08 PM. Si compra sus billetes despu\u00e9s de este horario, entrar\u00e1 en el siguiente sorteo. Se reanuda la venta de billetes a las 7:10 PM para compras en tiendas, y a las 7:08 PM para compras en l\u00ednea.<\/p>\n<h3>EZmatch<\/h3>\n<p>Por $1 adicional cada juego, tiene la oportunidad de ganar premios en efectivo de forma instant\u00e1nea con EZmatch. Cuando uno de sus n\u00fameros coinciden con un n\u00famero EZmatch, \u00a1gana! Los premios se determinan antes de cada sorteo, pero rondan entre los $2 y los $500.<\/p>\n<h3>Double Play<\/h3>\n<p>Por $1 adicional, los jugadores tambi\u00e9n puede incluir el Double Play para duplicar las probabilidades de ganar.<\/p>\n<p>Despu\u00e9s del sorteo principal, un segundo sorteo toma lugar donde solo podr\u00e1n participar los que tengan habilitado el Double Play.<\/p>\n<p>Los premios del Double Play se duplican, a excepci\u00f3n del premio mayor, que tiene un l\u00edmite de $1.5 millones.<\/p>\n<p>El Double Play solo est\u00e1 disponible en tiendas f\u00edsicas autorizadas por la Loter\u00eda de Michigan.<\/p>\n<ul>\n<li><a href=\"https:\/\/www.lotterycritic.com\/es\/resultados-loteria\/michigan\/\">M\u00e1s resultados de la Loter\u00eda de Michigan<\/a><\/li>\n<\/ul>\n<h3>Premio mayor del Lotto 47<\/h3>\n<p>Los ganadores del premio mayor del Lotto 47 tienen la opci\u00f3n de recibir su recompensa, ya sea como una suma total o anualmente por los pr\u00f3ximos 30 a\u00f1os. Tendr\u00e1n 60 d\u00edas despu\u00e9s del sorteo para decidir.<\/p>\n<p>Si dos o m\u00e1s personas aciertan todos los seis n\u00fameros ganadores, el premio mayor se comparte equitativamente.<\/p>\n<p>\n<\/section><\/p>\n<p style=\"text-align: center;\"><span style=\"font-weight: 400;\"><a class=\"btn btn_primary lcPShortac\" rel=\"nofollow\" target=\"_blank\" href=\"http:\/\/wlmichiganlottery.adsrv.eacdn.com\/C.ashx?btag=a_288b_244c_&affid=163&siteid=288&adid=244&c=\">Juegue al Lotto 47<\/a><\/span><\/p>\n","protected":false},"excerpt":{"rendered":"<p>&nbsp; &nbsp; &nbsp; [\/section]<\/p>\n","protected":false},"author":6,"featured_media":0,"parent":14067,"menu_order":0,"comment_status":"closed","ping_status":"closed","template":"lottery-results-game-child-template.php","meta":{"footnotes":""},"class_list":["post-14081","page","type-page","status-publish","hentry"],"acf":[],"yoast_head":"<!-- This site is optimized with the Yoast SEO plugin v23.4 - https:\/\/yoast.com\/wordpress\/plugins\/seo\/ -->\n<title>Loter\u00eda Lotto 47 de Michigan: Resultados y N\u00fameros Ganadores de Hoy y Ayer<\/title>\n<meta name=\"description\" content=\"Conozca los resultados m\u00e1s recientes, n\u00fameros ganadores, cantidades del premio mayor, reglas, pagos, probabilidades y m\u00e1s para el Classic Lotto 47, el juego m\u00e1s grande de Michigan.\" \/>\n<meta name=\"robots\" content=\"index, follow, max-snippet:-1, max-image-preview:large, max-video-preview:-1\" \/>\n<link rel=\"canonical\" href=\"https:\/\/www.lotterycritic.com\/es\/resultados-loteria\/michigan\/lotto-47\/\" \/>\n<meta property=\"og:locale\" content=\"es_ES\" \/>\n<meta property=\"og:type\" content=\"article\" \/>\n<meta property=\"og:title\" content=\"Loter\u00eda Lotto 47 de Michigan: Resultados y N\u00fameros Ganadores de Hoy y Ayer\" \/>\n<meta property=\"og:description\" content=\"Conozca los resultados m\u00e1s recientes, n\u00fameros ganadores, cantidades del premio mayor, reglas, pagos, probabilidades y m\u00e1s para el Classic Lotto 47, el juego m\u00e1s grande de Michigan.\" \/>\n<meta property=\"og:url\" content=\"https:\/\/www.lotterycritic.com\/es\/resultados-loteria\/michigan\/lotto-47\/\" \/>\n<meta property=\"og:site_name\" content=\"Lottery Critic\" \/>\n<meta property=\"article:modified_time\" content=\"2023-08-02T02:01:49+00:00\" \/>\n<meta property=\"og:image\" content=\"https:\/\/www.lotterycritic.com\/wp-content\/uploads\/2019\/01\/michigan-lottery-lotto-47-logo.png\" \/>\n<meta name=\"twitter:card\" content=\"summary_large_image\" \/>\n<meta name=\"twitter:label1\" content=\"Tiempo de lectura\" \/>\n\t<meta name=\"twitter:data1\" content=\"4 minutos\" \/>\n<script type=\"application\/ld+json\" class=\"yoast-schema-graph\">{\"@context\":\"https:\/\/schema.org\",\"@graph\":[{\"@type\":\"WebPage\",\"@id\":\"https:\/\/www.lotterycritic.com\/es\/resultados-loteria\/michigan\/lotto-47\/\",\"url\":\"https:\/\/www.lotterycritic.com\/es\/resultados-loteria\/michigan\/lotto-47\/\",\"name\":\"Loter\u00eda Lotto 47 de Michigan: Resultados y N\u00fameros Ganadores de Hoy y Ayer\",\"isPartOf\":{\"@id\":\"https:\/\/www.lotterycritic.com\/es\/#website\"},\"primaryImageOfPage\":{\"@id\":\"https:\/\/www.lotterycritic.com\/es\/resultados-loteria\/michigan\/lotto-47\/#primaryimage\"},\"image\":{\"@id\":\"https:\/\/www.lotterycritic.com\/es\/resultados-loteria\/michigan\/lotto-47\/#primaryimage\"},\"thumbnailUrl\":\"https:\/\/www.lotterycritic.com\/wp-content\/uploads\/2019\/01\/michigan-lottery-lotto-47-logo.png\",\"datePublished\":\"2023-08-02T02:01:06+00:00\",\"dateModified\":\"2023-08-02T02:01:49+00:00\",\"description\":\"Conozca los resultados m\u00e1s recientes, n\u00fameros ganadores, cantidades del premio mayor, reglas, pagos, probabilidades y m\u00e1s para el Classic Lotto 47, el juego m\u00e1s grande de Michigan.\",\"breadcrumb\":{\"@id\":\"https:\/\/www.lotterycritic.com\/es\/resultados-loteria\/michigan\/lotto-47\/#breadcrumb\"},\"inLanguage\":\"es\",\"potentialAction\":[{\"@type\":\"ReadAction\",\"target\":[\"https:\/\/www.lotterycritic.com\/es\/resultados-loteria\/michigan\/lotto-47\/\"]}]},{\"@type\":\"ImageObject\",\"inLanguage\":\"es\",\"@id\":\"https:\/\/www.lotterycritic.com\/es\/resultados-loteria\/michigan\/lotto-47\/#primaryimage\",\"url\":\"https:\/\/www.lotterycritic.com\/wp-content\/uploads\/2019\/01\/michigan-lottery-lotto-47-logo.png\",\"contentUrl\":\"https:\/\/www.lotterycritic.com\/wp-content\/uploads\/2019\/01\/michigan-lottery-lotto-47-logo.png\"},{\"@type\":\"BreadcrumbList\",\"@id\":\"https:\/\/www.lotterycritic.com\/es\/resultados-loteria\/michigan\/lotto-47\/#breadcrumb\",\"itemListElement\":[{\"@type\":\"ListItem\",\"position\":1,\"name\":\"Home\",\"item\":\"https:\/\/www.lotterycritic.com\/es\/\"},{\"@type\":\"ListItem\",\"position\":2,\"name\":\"Resultados de La Loter\u00eda Americana &#8211; Los \u00daltimos N\u00fameros Ganadores de La Loter\u00eda de Estados Unidos\",\"item\":\"https:\/\/www.lotterycritic.com\/es\/resultados-loteria\/\"},{\"@type\":\"ListItem\",\"position\":3,\"name\":\"Resultados de La Loter\u00eda de Michigan (MI) &#8211; Comprueba Los N\u00fameros Ganadores de Hoy En Michigan\",\"item\":\"https:\/\/www.lotterycritic.com\/es\/resultados-loteria\/michigan\/\"},{\"@type\":\"ListItem\",\"position\":4,\"name\":\"Resultados de Loter\u00eda Lotto 47 de Michigan (MI) y N\u00fameros Ganadores de Hoy y Ayer\"}]},{\"@type\":\"WebSite\",\"@id\":\"https:\/\/www.lotterycritic.com\/es\/#website\",\"url\":\"https:\/\/www.lotterycritic.com\/es\/\",\"name\":\"Lottery Critic\",\"description\":\"Your Guide to Lottery Results, Winning Numbers &amp; More\u2026\",\"potentialAction\":[{\"@type\":\"SearchAction\",\"target\":{\"@type\":\"EntryPoint\",\"urlTemplate\":\"https:\/\/www.lotterycritic.com\/es\/?s={search_term_string}\"},\"query-input\":{\"@type\":\"PropertyValueSpecification\",\"valueRequired\":true,\"valueName\":\"search_term_string\"}}],\"inLanguage\":\"es\"}]}<\/script>\n<!-- \/ Yoast SEO plugin. -->","yoast_head_json":{"title":"Loter\u00eda Lotto 47 de Michigan: Resultados y N\u00fameros Ganadores de Hoy y Ayer","description":"Conozca los resultados m\u00e1s recientes, n\u00fameros ganadores, cantidades del premio mayor, reglas, pagos, probabilidades y m\u00e1s para el Classic Lotto 47, el juego m\u00e1s grande de Michigan.","robots":{"index":"index","follow":"follow","max-snippet":"max-snippet:-1","max-image-preview":"max-image-preview:large","max-video-preview":"max-video-preview:-1"},"canonical":"https:\/\/www.lotterycritic.com\/es\/resultados-loteria\/michigan\/lotto-47\/","og_locale":"es_ES","og_type":"article","og_title":"Loter\u00eda Lotto 47 de Michigan: Resultados y N\u00fameros Ganadores de Hoy y Ayer","og_description":"Conozca los resultados m\u00e1s recientes, n\u00fameros ganadores, cantidades del premio mayor, reglas, pagos, probabilidades y m\u00e1s para el Classic Lotto 47, el juego m\u00e1s grande de Michigan.","og_url":"https:\/\/www.lotterycritic.com\/es\/resultados-loteria\/michigan\/lotto-47\/","og_site_name":"Lottery Critic","article_modified_time":"2023-08-02T02:01:49+00:00","og_image":[{"url":"https:\/\/www.lotterycritic.com\/wp-content\/uploads\/2019\/01\/michigan-lottery-lotto-47-logo.png"}],"twitter_card":"summary_large_image","twitter_misc":{"Tiempo de lectura":"4 minutos"},"schema":{"@context":"https:\/\/schema.org","@graph":[{"@type":"WebPage","@id":"https:\/\/www.lotterycritic.com\/es\/resultados-loteria\/michigan\/lotto-47\/","url":"https:\/\/www.lotterycritic.com\/es\/resultados-loteria\/michigan\/lotto-47\/","name":"Loter\u00eda Lotto 47 de Michigan: Resultados y N\u00fameros Ganadores de Hoy y Ayer","isPartOf":{"@id":"https:\/\/www.lotterycritic.com\/es\/#website"},"primaryImageOfPage":{"@id":"https:\/\/www.lotterycritic.com\/es\/resultados-loteria\/michigan\/lotto-47\/#primaryimage"},"image":{"@id":"https:\/\/www.lotterycritic.com\/es\/resultados-loteria\/michigan\/lotto-47\/#primaryimage"},"thumbnailUrl":"https:\/\/www.lotterycritic.com\/wp-content\/uploads\/2019\/01\/michigan-lottery-lotto-47-logo.png","datePublished":"2023-08-02T02:01:06+00:00","dateModified":"2023-08-02T02:01:49+00:00","description":"Conozca los resultados m\u00e1s recientes, n\u00fameros ganadores, cantidades del premio mayor, reglas, pagos, probabilidades y m\u00e1s para el Classic Lotto 47, el juego m\u00e1s grande de Michigan.","breadcrumb":{"@id":"https:\/\/www.lotterycritic.com\/es\/resultados-loteria\/michigan\/lotto-47\/#breadcrumb"},"inLanguage":"es","potentialAction":[{"@type":"ReadAction","target":["https:\/\/www.lotterycritic.com\/es\/resultados-loteria\/michigan\/lotto-47\/"]}]},{"@type":"ImageObject","inLanguage":"es","@id":"https:\/\/www.lotterycritic.com\/es\/resultados-loteria\/michigan\/lotto-47\/#primaryimage","url":"https:\/\/www.lotterycritic.com\/wp-content\/uploads\/2019\/01\/michigan-lottery-lotto-47-logo.png","contentUrl":"https:\/\/www.lotterycritic.com\/wp-content\/uploads\/2019\/01\/michigan-lottery-lotto-47-logo.png"},{"@type":"BreadcrumbList","@id":"https:\/\/www.lotterycritic.com\/es\/resultados-loteria\/michigan\/lotto-47\/#breadcrumb","itemListElement":[{"@type":"ListItem","position":1,"name":"Home","item":"https:\/\/www.lotterycritic.com\/es\/"},{"@type":"ListItem","position":2,"name":"Resultados de La Loter\u00eda Americana &#8211; Los \u00daltimos N\u00fameros Ganadores de La Loter\u00eda de Estados Unidos","item":"https:\/\/www.lotterycritic.com\/es\/resultados-loteria\/"},{"@type":"ListItem","position":3,"name":"Resultados de La Loter\u00eda de Michigan (MI) &#8211; Comprueba Los N\u00fameros Ganadores de Hoy En Michigan","item":"https:\/\/www.lotterycritic.com\/es\/resultados-loteria\/michigan\/"},{"@type":"ListItem","position":4,"name":"Resultados de Loter\u00eda Lotto 47 de Michigan (MI) y N\u00fameros Ganadores de Hoy y Ayer"}]},{"@type":"WebSite","@id":"https:\/\/www.lotterycritic.com\/es\/#website","url":"https:\/\/www.lotterycritic.com\/es\/","name":"Lottery Critic","description":"Your Guide to Lottery Results, Winning Numbers &amp; More\u2026","potentialAction":[{"@type":"SearchAction","target":{"@type":"EntryPoint","urlTemplate":"https:\/\/www.lotterycritic.com\/es\/?s={search_term_string}"},"query-input":{"@type":"PropertyValueSpecification","valueRequired":true,"valueName":"search_term_string"}}],"inLanguage":"es"}]}},"_links":{"self":[{"href":"https:\/\/www.lotterycritic.com\/es\/wp-json\/wp\/v2\/pages\/14081"}],"collection":[{"href":"https:\/\/www.lotterycritic.com\/es\/wp-json\/wp\/v2\/pages"}],"about":[{"href":"https:\/\/www.lotterycritic.com\/es\/wp-json\/wp\/v2\/types\/page"}],"author":[{"embeddable":true,"href":"https:\/\/www.lotterycritic.com\/es\/wp-json\/wp\/v2\/users\/6"}],"replies":[{"embeddable":true,"href":"https:\/\/www.lotterycritic.com\/es\/wp-json\/wp\/v2\/comments?post=14081"}],"version-history":[{"count":1,"href":"https:\/\/www.lotterycritic.com\/es\/wp-json\/wp\/v2\/pages\/14081\/revisions"}],"predecessor-version":[{"id":14084,"href":"https:\/\/www.lotterycritic.com\/es\/wp-json\/wp\/v2\/pages\/14081\/revisions\/14084"}],"up":[{"embeddable":true,"href":"https:\/\/www.lotterycritic.com\/es\/wp-json\/wp\/v2\/pages\/14067"}],"wp:attachment":[{"href":"https:\/\/www.lotterycritic.com\/es\/wp-json\/wp\/v2\/media?parent=14081"}],"curies":[{"name":"wp","href":"https:\/\/api.w.org\/{rel}","templated":true}]}}