{"id":14077,"date":"2023-08-01T22:43:41","date_gmt":"2023-08-01T22:43:41","guid":{"rendered":"https:\/\/www.lotterycritic.com\/resultados-loteria\/michigan\/resultados-del-daily-3-de-michigan-mi-y-numeros-ganadores-de-hoy-noche-dia\/"},"modified":"2023-08-01T22:44:29","modified_gmt":"2023-08-01T22:44:29","slug":"daily-3","status":"publish","type":"page","link":"https:\/\/www.lotterycritic.com\/es\/resultados-loteria\/michigan\/daily-3\/","title":{"rendered":"Resultados del Daily 3 de Michigan (MI) y N\u00fameros Ganadores de Hoy [Noche + D\u00eda]"},"content":{"rendered":"<p><\/p>\n<p><img decoding=\"async\" class=\"aligncenter wp-image-7639 size-full\" src=\"https:\/\/www.lotterycritic.com\/wp-content\/uploads\/2019\/06\/michigan-lottery-daily-3-logo.png\" alt=\"Michigan Lottery Daily 3 Logo\" width=\"438\" height=\"274\" srcset=\"https:\/\/www.lotterycritic.com\/wp-content\/uploads\/2019\/06\/michigan-lottery-daily-3-logo.png 438w, https:\/\/www.lotterycritic.com\/wp-content\/uploads\/2019\/06\/michigan-lottery-daily-3-logo-300x188.png 300w\" sizes=\"(max-width: 438px) 100vw, 438px\" \/><\/p>\n<p>El Daily 3 de Michigan ofrece varias formas de jugar y ganar. Su premio m\u00e1s alto es de $500 y se sortea dos veces al d\u00eda.<\/p>\n<p>Un juego similar al que tambi\u00e9n puede echarle un vistazo es el <a href=\"https:\/\/www.lotterycritic.com\/es\/resultados-loteria\/michigan\/daily-4\/\">Daily 4 de la Loter\u00eda de Michigan<\/a>. Sus mec\u00e1nicas son muy parecidas, pero los potenciales premios son m\u00e1s altos y deber\u00e1 escoger 4 d\u00edgitos en lugar de 3.<\/p>\n<p>\n<\/p>\n<p><section><div class=\"section-anchor\" id=\"daily-3-game-rules\"><\/div><\/p>\n<h2>Reglas del Daily 3 de la Loter\u00eda de Michigan<\/h2>\n<p>Para jugar al Daily 3 de la <a href=\"https:\/\/www.lotterycritic.com\/es\/resultados-loteria\/michigan\/\">Loter\u00eda de Michigan<\/a>, los jugadores tendr\u00e1n que hacer lo siguiente:<\/p>\n<ol>\n<li>Haga una apuesta, ya sea de $0.50 o de $1<\/li>\n<li>Seleccione 3 d\u00edgitos del 0 al 9. Tenga en cuenta que cualquier d\u00edgito puede usarse varias veces.<\/li>\n<li>Elija si jugar en el sorteo del mediod\u00eda o en el sorteo de la noche.<\/li>\n<li>Indique su estilo de juego: straight, box, wheel, 2-way o 1-off.<\/li>\n<\/ol>\n<ul>\n<li><strong>Straight:<\/strong> Tendr\u00e1 que acertar los n\u00fameros en el orden exacto<\/li>\n<li><strong>Box:<\/strong> En este tipo de apuesta puede coincidir con los n\u00fameros sorteados en cualquier orden. Las apuestas Box pueden ser 3-way o 6-way. En las apuestas Box 6-way se escogen 3 n\u00fameros \u00fanicos, mientras que en las apuestas Box 3-way, elige los mismos d\u00edgitos dos veces. Estas dos apuestas ofrecen premios diferentes.<\/li>\n<li><strong>Wheel:<\/strong> Es el equivalente a realizar m\u00faltiples apuestas Straight. Cada combinaci\u00f3n de sus n\u00fameros elegidos, requieren de una apuesta separada.<\/li>\n<li><strong>2-Way:<\/strong> Consiste en hacer una apuesta Straight y una apuesta Box al mismo tiempo. Una apuesta de $1 (no hay la opci\u00f3n de una apuesta $0.50) se reparte entre los dos tipos de apuesta. De manera similar, las apuestas 3-way y 6-way tienen diferentes premios.<\/li>\n<li><strong>1-Off:<\/strong> En este debe acertar en el orden exacto, o con un solo d\u00edgito, ya sea 1 n\u00famero por encima o 1 por debajo de los n\u00fameros sorteados.<\/li>\n<\/ul>\n<p>Puede jugar hasta 5 conjuntos de n\u00fameros por cada papeleta, y es posible participar hasta por 60 sorteos consecutivos con los mismos n\u00fameros.<\/p>\n<p>Los billetes cuestan $0.50 o $1, dependiendo de su apuesta. El Daily 3 no se puede jugar en l\u00ednea.<\/p>\n<p>\n<\/section><\/p>\n<p><section><div class=\"section-anchor\" id=\"payout-table\"><\/div><\/p>\n<h3>Pagos del Daily 3 de Michigan<\/h3>\n<p>A continuaci\u00f3n se halla la tabla de premios para el Daily 3 de la Loter\u00eda de Michigan, con sus correspondientes probabilidades de ganar.<\/p>\n<table>\n<tbody>\n<tr>\n<td><strong>Tipo de apuesta<\/strong><\/td>\n<td><strong>Premio con una apuesta de $0.50<\/strong><\/td>\n<td><strong>Premio con una apuesta de $1<\/strong><\/td>\n<td><strong>Probabilidades de ganar<\/strong><\/td>\n<\/tr>\n<tr>\n<td><strong>Straight<\/strong><\/td>\n<td>$250<\/td>\n<td>$500<\/td>\n<td>1 en 1,000<\/td>\n<\/tr>\n<tr>\n<td><strong>Box<\/strong><\/td>\n<td><\/td>\n<td><\/td>\n<td><\/td>\n<\/tr>\n<tr>\n<td>3-Way<\/td>\n<td>$83<\/td>\n<td>$166<\/td>\n<td>1 en 333<\/td>\n<\/tr>\n<tr>\n<td>6-Way<\/td>\n<td>$41<\/td>\n<td>$83<\/td>\n<td>1 en 167<\/td>\n<\/tr>\n<tr>\n<td><strong>Wheel<\/strong><\/td>\n<td><\/td>\n<td><\/td>\n<td><\/td>\n<\/tr>\n<tr>\n<td>3-Way<\/td>\n<td>$250<\/td>\n<td>$500<\/td>\n<td><\/td>\n<\/tr>\n<tr>\n<td>6-way<\/td>\n<td>$250<\/td>\n<td>$500<\/td>\n<td><\/td>\n<\/tr>\n<tr>\n<td><strong>2-Way<\/strong><\/td>\n<td><\/td>\n<td><\/td>\n<td><\/td>\n<\/tr>\n<tr>\n<td>3-Way Straight<\/td>\n<td>&#8211;<\/td>\n<td>$333<\/td>\n<td><\/td>\n<\/tr>\n<tr>\n<td>6-Way Straight<\/td>\n<td>&#8211;<\/td>\n<td>$291<\/td>\n<td><\/td>\n<\/tr>\n<tr>\n<td>3-Way Box<\/td>\n<td>&#8211;<\/td>\n<td>$83<\/td>\n<td><\/td>\n<\/tr>\n<tr>\n<td>6-Way Box<\/td>\n<td>&#8211;<\/td>\n<td>$41<\/td>\n<td><\/td>\n<\/tr>\n<tr>\n<td><strong>1-Off<\/strong><\/td>\n<td><\/td>\n<td><\/td>\n<td><\/td>\n<\/tr>\n<tr>\n<td>Straight<\/td>\n<td>$142<\/td>\n<td>$284<\/td>\n<td>1 en 1,000<\/td>\n<\/tr>\n<tr>\n<td>1-Off<\/td>\n<td>$18<\/td>\n<td>$36<\/td>\n<td>1 en 167<\/td>\n<\/tr>\n<\/tbody>\n<\/table>\n<p>\n<\/section><\/p>\n<p><section><div class=\"section-anchor\" id=\"drawing-time\"><\/div><\/p>\n<h3>Calendario de sorteos del Daily 3 de Michigan<\/h3>\n<p>El Daily 3 se sortea dos veces todos los d\u00edas, uno durante el mediod\u00eda y otro en la noche. <strong>Los sorteos del mediod\u00eda suceden todos los d\u00edas a las 12:59 PM. Los sorteos de la noche toman lugar a las 7:29 PM.<\/strong><\/p>\n<p>La venta de billetes est\u00e1 disponible hasta las 12:39 PM. para el sorteo del mediod\u00eda. Los billetes para el sorteo de la noche se venden hasta las 7:08 PM.<\/p>\n<p>\n<\/section><\/p>\n<p><section><div class=\"section-anchor\" id=\"michigan-daily-3-strategy\"><\/div><\/p>\n<h3>Estrategia para el Daily 3 de Michigan<\/h3>\n<p>Si est\u00e1 interesado en las estrategias que puede aplicar para mejorar sus probabilidades de ganar el Daily 3, puede echar un vistazo a nuestra gu\u00eda sobre la estrategia para el Pick 3. Dichas estrategias funcionan para cualquier juego de 3 n\u00fameros, incluyendo Pick 3, Play 3, Cash 3 y Daily 3.<\/p>\n<p>\n<\/section><\/p>\n","protected":false},"excerpt":{"rendered":"","protected":false},"author":6,"featured_media":0,"parent":14067,"menu_order":0,"comment_status":"closed","ping_status":"closed","template":"lottery-results-game-child-template.php","meta":{"footnotes":""},"class_list":["post-14077","page","type-page","status-publish","hentry"],"acf":[],"yoast_head":"<!-- This site is optimized with the Yoast SEO plugin v23.4 - https:\/\/yoast.com\/wordpress\/plugins\/seo\/ -->\n<title>Daily 3 de Michigan (MI): Resultados y N\u00fameros Ganadores de Hoy [Noche+D\u00eda]<\/title>\n<meta name=\"description\" content=\"Obtenga los resultados para el Daily 3 de la Loter\u00eda de Michigan, del mediod\u00eda y de la noche. Aprenda c\u00f3mo jugarlo y conozca las probabilidades de ganar.\" \/>\n<meta name=\"robots\" content=\"index, follow, max-snippet:-1, max-image-preview:large, max-video-preview:-1\" \/>\n<link rel=\"canonical\" href=\"https:\/\/www.lotterycritic.com\/es\/resultados-loteria\/michigan\/daily-3\/\" \/>\n<meta property=\"og:locale\" content=\"es_ES\" \/>\n<meta property=\"og:type\" content=\"article\" \/>\n<meta property=\"og:title\" content=\"Daily 3 de Michigan (MI): Resultados y N\u00fameros Ganadores de Hoy [Noche+D\u00eda]\" \/>\n<meta property=\"og:description\" content=\"Obtenga los resultados para el Daily 3 de la Loter\u00eda de Michigan, del mediod\u00eda y de la noche. Aprenda c\u00f3mo jugarlo y conozca las probabilidades de ganar.\" \/>\n<meta property=\"og:url\" content=\"https:\/\/www.lotterycritic.com\/es\/resultados-loteria\/michigan\/daily-3\/\" \/>\n<meta property=\"og:site_name\" content=\"Lottery Critic\" \/>\n<meta property=\"article:modified_time\" content=\"2023-08-01T22:44:29+00:00\" \/>\n<meta property=\"og:image\" content=\"https:\/\/www.lotterycritic.com\/wp-content\/uploads\/2019\/06\/michigan-lottery-daily-3-logo.png\" \/>\n<meta name=\"twitter:card\" content=\"summary_large_image\" \/>\n<meta name=\"twitter:label1\" content=\"Tiempo de lectura\" \/>\n\t<meta name=\"twitter:data1\" content=\"3 minutos\" \/>\n<script type=\"application\/ld+json\" class=\"yoast-schema-graph\">{\"@context\":\"https:\/\/schema.org\",\"@graph\":[{\"@type\":\"WebPage\",\"@id\":\"https:\/\/www.lotterycritic.com\/es\/resultados-loteria\/michigan\/daily-3\/\",\"url\":\"https:\/\/www.lotterycritic.com\/es\/resultados-loteria\/michigan\/daily-3\/\",\"name\":\"Daily 3 de Michigan (MI): Resultados y N\u00fameros Ganadores de Hoy [Noche+D\u00eda]\",\"isPartOf\":{\"@id\":\"https:\/\/www.lotterycritic.com\/es\/#website\"},\"primaryImageOfPage\":{\"@id\":\"https:\/\/www.lotterycritic.com\/es\/resultados-loteria\/michigan\/daily-3\/#primaryimage\"},\"image\":{\"@id\":\"https:\/\/www.lotterycritic.com\/es\/resultados-loteria\/michigan\/daily-3\/#primaryimage\"},\"thumbnailUrl\":\"https:\/\/www.lotterycritic.com\/wp-content\/uploads\/2019\/06\/michigan-lottery-daily-3-logo.png\",\"datePublished\":\"2023-08-01T22:43:41+00:00\",\"dateModified\":\"2023-08-01T22:44:29+00:00\",\"description\":\"Obtenga los resultados para el Daily 3 de la Loter\u00eda de Michigan, del mediod\u00eda y de la noche. Aprenda c\u00f3mo jugarlo y conozca las probabilidades de ganar.\",\"breadcrumb\":{\"@id\":\"https:\/\/www.lotterycritic.com\/es\/resultados-loteria\/michigan\/daily-3\/#breadcrumb\"},\"inLanguage\":\"es\",\"potentialAction\":[{\"@type\":\"ReadAction\",\"target\":[\"https:\/\/www.lotterycritic.com\/es\/resultados-loteria\/michigan\/daily-3\/\"]}]},{\"@type\":\"ImageObject\",\"inLanguage\":\"es\",\"@id\":\"https:\/\/www.lotterycritic.com\/es\/resultados-loteria\/michigan\/daily-3\/#primaryimage\",\"url\":\"https:\/\/www.lotterycritic.com\/wp-content\/uploads\/2019\/06\/michigan-lottery-daily-3-logo.png\",\"contentUrl\":\"https:\/\/www.lotterycritic.com\/wp-content\/uploads\/2019\/06\/michigan-lottery-daily-3-logo.png\"},{\"@type\":\"BreadcrumbList\",\"@id\":\"https:\/\/www.lotterycritic.com\/es\/resultados-loteria\/michigan\/daily-3\/#breadcrumb\",\"itemListElement\":[{\"@type\":\"ListItem\",\"position\":1,\"name\":\"Home\",\"item\":\"https:\/\/www.lotterycritic.com\/es\/\"},{\"@type\":\"ListItem\",\"position\":2,\"name\":\"Resultados de La Loter\u00eda Americana &#8211; Los \u00daltimos N\u00fameros Ganadores de La Loter\u00eda de Estados Unidos\",\"item\":\"https:\/\/www.lotterycritic.com\/es\/resultados-loteria\/\"},{\"@type\":\"ListItem\",\"position\":3,\"name\":\"Resultados de La Loter\u00eda de Michigan (MI) &#8211; Comprueba Los N\u00fameros Ganadores de Hoy En Michigan\",\"item\":\"https:\/\/www.lotterycritic.com\/es\/resultados-loteria\/michigan\/\"},{\"@type\":\"ListItem\",\"position\":4,\"name\":\"Resultados del Daily 3 de Michigan (MI) y N\u00fameros Ganadores de Hoy [Noche + D\u00eda]\"}]},{\"@type\":\"WebSite\",\"@id\":\"https:\/\/www.lotterycritic.com\/es\/#website\",\"url\":\"https:\/\/www.lotterycritic.com\/es\/\",\"name\":\"Lottery Critic\",\"description\":\"Your Guide to Lottery Results, Winning Numbers &amp; More\u2026\",\"potentialAction\":[{\"@type\":\"SearchAction\",\"target\":{\"@type\":\"EntryPoint\",\"urlTemplate\":\"https:\/\/www.lotterycritic.com\/es\/?s={search_term_string}\"},\"query-input\":{\"@type\":\"PropertyValueSpecification\",\"valueRequired\":true,\"valueName\":\"search_term_string\"}}],\"inLanguage\":\"es\"}]}<\/script>\n<!-- \/ Yoast SEO plugin. -->","yoast_head_json":{"title":"Daily 3 de Michigan (MI): Resultados y N\u00fameros Ganadores de Hoy [Noche+D\u00eda]","description":"Obtenga los resultados para el Daily 3 de la Loter\u00eda de Michigan, del mediod\u00eda y de la noche. Aprenda c\u00f3mo jugarlo y conozca las probabilidades de ganar.","robots":{"index":"index","follow":"follow","max-snippet":"max-snippet:-1","max-image-preview":"max-image-preview:large","max-video-preview":"max-video-preview:-1"},"canonical":"https:\/\/www.lotterycritic.com\/es\/resultados-loteria\/michigan\/daily-3\/","og_locale":"es_ES","og_type":"article","og_title":"Daily 3 de Michigan (MI): Resultados y N\u00fameros Ganadores de Hoy [Noche+D\u00eda]","og_description":"Obtenga los resultados para el Daily 3 de la Loter\u00eda de Michigan, del mediod\u00eda y de la noche. Aprenda c\u00f3mo jugarlo y conozca las probabilidades de ganar.","og_url":"https:\/\/www.lotterycritic.com\/es\/resultados-loteria\/michigan\/daily-3\/","og_site_name":"Lottery Critic","article_modified_time":"2023-08-01T22:44:29+00:00","og_image":[{"url":"https:\/\/www.lotterycritic.com\/wp-content\/uploads\/2019\/06\/michigan-lottery-daily-3-logo.png"}],"twitter_card":"summary_large_image","twitter_misc":{"Tiempo de lectura":"3 minutos"},"schema":{"@context":"https:\/\/schema.org","@graph":[{"@type":"WebPage","@id":"https:\/\/www.lotterycritic.com\/es\/resultados-loteria\/michigan\/daily-3\/","url":"https:\/\/www.lotterycritic.com\/es\/resultados-loteria\/michigan\/daily-3\/","name":"Daily 3 de Michigan (MI): Resultados y N\u00fameros Ganadores de Hoy [Noche+D\u00eda]","isPartOf":{"@id":"https:\/\/www.lotterycritic.com\/es\/#website"},"primaryImageOfPage":{"@id":"https:\/\/www.lotterycritic.com\/es\/resultados-loteria\/michigan\/daily-3\/#primaryimage"},"image":{"@id":"https:\/\/www.lotterycritic.com\/es\/resultados-loteria\/michigan\/daily-3\/#primaryimage"},"thumbnailUrl":"https:\/\/www.lotterycritic.com\/wp-content\/uploads\/2019\/06\/michigan-lottery-daily-3-logo.png","datePublished":"2023-08-01T22:43:41+00:00","dateModified":"2023-08-01T22:44:29+00:00","description":"Obtenga los resultados para el Daily 3 de la Loter\u00eda de Michigan, del mediod\u00eda y de la noche. Aprenda c\u00f3mo jugarlo y conozca las probabilidades de ganar.","breadcrumb":{"@id":"https:\/\/www.lotterycritic.com\/es\/resultados-loteria\/michigan\/daily-3\/#breadcrumb"},"inLanguage":"es","potentialAction":[{"@type":"ReadAction","target":["https:\/\/www.lotterycritic.com\/es\/resultados-loteria\/michigan\/daily-3\/"]}]},{"@type":"ImageObject","inLanguage":"es","@id":"https:\/\/www.lotterycritic.com\/es\/resultados-loteria\/michigan\/daily-3\/#primaryimage","url":"https:\/\/www.lotterycritic.com\/wp-content\/uploads\/2019\/06\/michigan-lottery-daily-3-logo.png","contentUrl":"https:\/\/www.lotterycritic.com\/wp-content\/uploads\/2019\/06\/michigan-lottery-daily-3-logo.png"},{"@type":"BreadcrumbList","@id":"https:\/\/www.lotterycritic.com\/es\/resultados-loteria\/michigan\/daily-3\/#breadcrumb","itemListElement":[{"@type":"ListItem","position":1,"name":"Home","item":"https:\/\/www.lotterycritic.com\/es\/"},{"@type":"ListItem","position":2,"name":"Resultados de La Loter\u00eda Americana &#8211; Los \u00daltimos N\u00fameros Ganadores de La Loter\u00eda de Estados Unidos","item":"https:\/\/www.lotterycritic.com\/es\/resultados-loteria\/"},{"@type":"ListItem","position":3,"name":"Resultados de La Loter\u00eda de Michigan (MI) &#8211; Comprueba Los N\u00fameros Ganadores de Hoy En Michigan","item":"https:\/\/www.lotterycritic.com\/es\/resultados-loteria\/michigan\/"},{"@type":"ListItem","position":4,"name":"Resultados del Daily 3 de Michigan (MI) y N\u00fameros Ganadores de Hoy [Noche + D\u00eda]"}]},{"@type":"WebSite","@id":"https:\/\/www.lotterycritic.com\/es\/#website","url":"https:\/\/www.lotterycritic.com\/es\/","name":"Lottery Critic","description":"Your Guide to Lottery Results, Winning Numbers &amp; More\u2026","potentialAction":[{"@type":"SearchAction","target":{"@type":"EntryPoint","urlTemplate":"https:\/\/www.lotterycritic.com\/es\/?s={search_term_string}"},"query-input":{"@type":"PropertyValueSpecification","valueRequired":true,"valueName":"search_term_string"}}],"inLanguage":"es"}]}},"_links":{"self":[{"href":"https:\/\/www.lotterycritic.com\/es\/wp-json\/wp\/v2\/pages\/14077"}],"collection":[{"href":"https:\/\/www.lotterycritic.com\/es\/wp-json\/wp\/v2\/pages"}],"about":[{"href":"https:\/\/www.lotterycritic.com\/es\/wp-json\/wp\/v2\/types\/page"}],"author":[{"embeddable":true,"href":"https:\/\/www.lotterycritic.com\/es\/wp-json\/wp\/v2\/users\/6"}],"replies":[{"embeddable":true,"href":"https:\/\/www.lotterycritic.com\/es\/wp-json\/wp\/v2\/comments?post=14077"}],"version-history":[{"count":1,"href":"https:\/\/www.lotterycritic.com\/es\/wp-json\/wp\/v2\/pages\/14077\/revisions"}],"predecessor-version":[{"id":14078,"href":"https:\/\/www.lotterycritic.com\/es\/wp-json\/wp\/v2\/pages\/14077\/revisions\/14078"}],"up":[{"embeddable":true,"href":"https:\/\/www.lotterycritic.com\/es\/wp-json\/wp\/v2\/pages\/14067"}],"wp:attachment":[{"href":"https:\/\/www.lotterycritic.com\/es\/wp-json\/wp\/v2\/media?parent=14077"}],"curies":[{"name":"wp","href":"https:\/\/api.w.org\/{rel}","templated":true}]}}