{"id":14063,"date":"2023-07-29T01:57:10","date_gmt":"2023-07-29T01:57:10","guid":{"rendered":"https:\/\/www.lotterycritic.com\/resultados-loteria\/massachusetts\/resultados-de-loteria-mass-cash-noche-de-massachusetts-ma-y-numeros-ganadores-de-hoy\/"},"modified":"2023-08-11T12:16:48","modified_gmt":"2023-08-11T12:16:48","slug":"mass-cash","status":"publish","type":"page","link":"https:\/\/www.lotterycritic.com\/es\/resultados-loteria\/massachusetts\/mass-cash\/","title":{"rendered":"Resultados de Loter\u00eda Mass Cash (Noche) de Massachusetts (MA) y N\u00fameros Ganadores de Hoy"},"content":{"rendered":"<p><section><div class=\"section-anchor\" id=\"game-rules\"><\/div><\/p>\n<p>La loter\u00eda Mass Cash de Massachusetts establece un premio mayor de $100,000 por sorteo. Debe elegir 5 n\u00fameros Mass Cash del 1 al 35 y acertar en todos para ganarse la recompensa m\u00e1s alta.<\/p>\n<p>\n<\/section><\/p>\n<p><section><div class=\"section-anchor\" id=\"drawing-schedule\"><\/div><\/p>\n<h2><span style=\"font-weight: 400;\">Calendario de sorteos del Mass Cash de Massachusetts<\/span><\/h2>\n<p>Los sorteos del Mass Cash se llevan a cabo todos los d\u00edas a las <span style=\"font-weight: 400;\">10 PM, hora del este. La venta de billetes para el Mass Cash se detiene a las 9:45 PM en el d\u00eda del sorteo. De manera similar, los sorteos de otra de las loter\u00edas conocida como <a href=\"https:\/\/www.lotterycritic.com\/es\/resultados-loteria\/massachusetts\/numbers-game\/\">Mass Lottery Numbers Game<\/a> suceden dos veces al d\u00eda.<\/span><\/p>\n<ul>\n<li><a href=\"https:\/\/www.lotterycritic.com\/es\/resultados-loteria\/massachusetts\/\">Resultados de la Loter\u00eda de Massachusetts<\/a><\/li>\n<\/ul>\n<p>\n<\/section><\/p>\n<p><section><div class=\"section-anchor\" id=\"payouts-and-odds\"><\/div><\/p>\n<h2><span style=\"font-weight: 400;\">Pagos y Probabilidades de ganar el Mass Cash de Massachusetts<\/span><\/h2>\n<table>\n<tbody>\n<tr>\n<td><b>N\u00fameros acertados<\/b><\/td>\n<td><b>Premio<\/b><\/td>\n<td><b>Probabilidades<\/b><\/td>\n<\/tr>\n<tr>\n<td><span style=\"font-weight: 400;\">5 de 5<\/span><\/td>\n<td><span style=\"font-weight: 400;\">Premio mayor ($100,000)<\/span><\/td>\n<td><span style=\"font-weight: 400;\">1 en 324,632<\/span><\/td>\n<\/tr>\n<tr>\n<td><span style=\"font-weight: 400;\">4 de 5<\/span><\/td>\n<td><span style=\"font-weight: 400;\">$250<\/span><\/td>\n<td><span style=\"font-weight: 400;\">1 en 2,164.21<\/span><\/td>\n<\/tr>\n<tr>\n<td><span style=\"font-weight: 400;\">3 de 5<\/span><\/td>\n<td><span style=\"font-weight: 400;\">$10<\/span><\/td>\n<td><span style=\"font-weight: 400;\">1 en 74.63<\/span><\/td>\n<\/tr>\n<\/tbody>\n<\/table>\n<p>\n<\/section><\/p>\n<div id=\"gtx-trans\" style=\"position: absolute; left: 223px; top: 620.625px;\">\n<div class=\"gtx-trans-icon\"><\/div>\n<\/div>\n","protected":false},"excerpt":{"rendered":"","protected":false},"author":2,"featured_media":0,"parent":14061,"menu_order":2,"comment_status":"closed","ping_status":"closed","template":"lottery-results-game-child-template.php","meta":{"footnotes":""},"class_list":["post-14063","page","type-page","status-publish","hentry"],"acf":[],"yoast_head":"<!-- This site is optimized with the Yoast SEO plugin v23.4 - https:\/\/yoast.com\/wordpress\/plugins\/seo\/ -->\n<title>Loter\u00eda Mass Cash (Noche) de Massachusetts: Resultados y N\u00fameros Ganadores<\/title>\n<meta name=\"description\" content=\"Todo lo que necesita saber sobre el juego Mass Cash de la Loter\u00eda de Massachusetts, desde los \u00faltimos resultados hasta las reglas, pagos, probabilidades de ganar y m\u00e1s.\" \/>\n<meta name=\"robots\" content=\"index, follow, max-snippet:-1, max-image-preview:large, max-video-preview:-1\" \/>\n<link rel=\"canonical\" href=\"https:\/\/www.lotterycritic.com\/es\/resultados-loteria\/massachusetts\/mass-cash\/\" \/>\n<meta property=\"og:locale\" content=\"es_ES\" \/>\n<meta property=\"og:type\" content=\"article\" \/>\n<meta property=\"og:title\" content=\"Loter\u00eda Mass Cash (Noche) de Massachusetts: Resultados y N\u00fameros Ganadores\" \/>\n<meta property=\"og:description\" content=\"Todo lo que necesita saber sobre el juego Mass Cash de la Loter\u00eda de Massachusetts, desde los \u00faltimos resultados hasta las reglas, pagos, probabilidades de ganar y m\u00e1s.\" \/>\n<meta property=\"og:url\" content=\"https:\/\/www.lotterycritic.com\/es\/resultados-loteria\/massachusetts\/mass-cash\/\" \/>\n<meta property=\"og:site_name\" content=\"Lottery Critic\" \/>\n<meta property=\"article:modified_time\" content=\"2023-08-11T12:16:48+00:00\" \/>\n<meta name=\"twitter:card\" content=\"summary_large_image\" \/>\n<meta name=\"twitter:label1\" content=\"Tiempo de lectura\" \/>\n\t<meta name=\"twitter:data1\" content=\"1 minuto\" \/>\n<script type=\"application\/ld+json\" class=\"yoast-schema-graph\">{\"@context\":\"https:\/\/schema.org\",\"@graph\":[{\"@type\":\"WebPage\",\"@id\":\"https:\/\/www.lotterycritic.com\/es\/resultados-loteria\/massachusetts\/mass-cash\/\",\"url\":\"https:\/\/www.lotterycritic.com\/es\/resultados-loteria\/massachusetts\/mass-cash\/\",\"name\":\"Loter\u00eda Mass Cash (Noche) de Massachusetts: Resultados y N\u00fameros Ganadores\",\"isPartOf\":{\"@id\":\"https:\/\/www.lotterycritic.com\/es\/#website\"},\"datePublished\":\"2023-07-29T01:57:10+00:00\",\"dateModified\":\"2023-08-11T12:16:48+00:00\",\"description\":\"Todo lo que necesita saber sobre el juego Mass Cash de la Loter\u00eda de Massachusetts, desde los \u00faltimos resultados hasta las reglas, pagos, probabilidades de ganar y m\u00e1s.\",\"breadcrumb\":{\"@id\":\"https:\/\/www.lotterycritic.com\/es\/resultados-loteria\/massachusetts\/mass-cash\/#breadcrumb\"},\"inLanguage\":\"es\",\"potentialAction\":[{\"@type\":\"ReadAction\",\"target\":[\"https:\/\/www.lotterycritic.com\/es\/resultados-loteria\/massachusetts\/mass-cash\/\"]}]},{\"@type\":\"BreadcrumbList\",\"@id\":\"https:\/\/www.lotterycritic.com\/es\/resultados-loteria\/massachusetts\/mass-cash\/#breadcrumb\",\"itemListElement\":[{\"@type\":\"ListItem\",\"position\":1,\"name\":\"Home\",\"item\":\"https:\/\/www.lotterycritic.com\/es\/\"},{\"@type\":\"ListItem\",\"position\":2,\"name\":\"Resultados de La Loter\u00eda Americana &#8211; Los \u00daltimos N\u00fameros Ganadores de La Loter\u00eda de Estados Unidos\",\"item\":\"https:\/\/www.lotterycritic.com\/es\/resultados-loteria\/\"},{\"@type\":\"ListItem\",\"position\":3,\"name\":\"Resultados de La Loter\u00eda de Massachusetts (MA) &#8211; Comprueba Los N\u00fameros Ganadores de Hoy En Massachusetts\",\"item\":\"https:\/\/www.lotterycritic.com\/es\/resultados-loteria\/massachusetts\/\"},{\"@type\":\"ListItem\",\"position\":4,\"name\":\"Resultados de Loter\u00eda Mass Cash (Noche) de Massachusetts (MA) y N\u00fameros Ganadores de Hoy\"}]},{\"@type\":\"WebSite\",\"@id\":\"https:\/\/www.lotterycritic.com\/es\/#website\",\"url\":\"https:\/\/www.lotterycritic.com\/es\/\",\"name\":\"Lottery Critic\",\"description\":\"Your Guide to Lottery Results, Winning Numbers &amp; More\u2026\",\"potentialAction\":[{\"@type\":\"SearchAction\",\"target\":{\"@type\":\"EntryPoint\",\"urlTemplate\":\"https:\/\/www.lotterycritic.com\/es\/?s={search_term_string}\"},\"query-input\":{\"@type\":\"PropertyValueSpecification\",\"valueRequired\":true,\"valueName\":\"search_term_string\"}}],\"inLanguage\":\"es\"}]}<\/script>\n<!-- \/ Yoast SEO plugin. -->","yoast_head_json":{"title":"Loter\u00eda Mass Cash (Noche) de Massachusetts: Resultados y N\u00fameros Ganadores","description":"Todo lo que necesita saber sobre el juego Mass Cash de la Loter\u00eda de Massachusetts, desde los \u00faltimos resultados hasta las reglas, pagos, probabilidades de ganar y m\u00e1s.","robots":{"index":"index","follow":"follow","max-snippet":"max-snippet:-1","max-image-preview":"max-image-preview:large","max-video-preview":"max-video-preview:-1"},"canonical":"https:\/\/www.lotterycritic.com\/es\/resultados-loteria\/massachusetts\/mass-cash\/","og_locale":"es_ES","og_type":"article","og_title":"Loter\u00eda Mass Cash (Noche) de Massachusetts: Resultados y N\u00fameros Ganadores","og_description":"Todo lo que necesita saber sobre el juego Mass Cash de la Loter\u00eda de Massachusetts, desde los \u00faltimos resultados hasta las reglas, pagos, probabilidades de ganar y m\u00e1s.","og_url":"https:\/\/www.lotterycritic.com\/es\/resultados-loteria\/massachusetts\/mass-cash\/","og_site_name":"Lottery Critic","article_modified_time":"2023-08-11T12:16:48+00:00","twitter_card":"summary_large_image","twitter_misc":{"Tiempo de lectura":"1 minuto"},"schema":{"@context":"https:\/\/schema.org","@graph":[{"@type":"WebPage","@id":"https:\/\/www.lotterycritic.com\/es\/resultados-loteria\/massachusetts\/mass-cash\/","url":"https:\/\/www.lotterycritic.com\/es\/resultados-loteria\/massachusetts\/mass-cash\/","name":"Loter\u00eda Mass Cash (Noche) de Massachusetts: Resultados y N\u00fameros Ganadores","isPartOf":{"@id":"https:\/\/www.lotterycritic.com\/es\/#website"},"datePublished":"2023-07-29T01:57:10+00:00","dateModified":"2023-08-11T12:16:48+00:00","description":"Todo lo que necesita saber sobre el juego Mass Cash de la Loter\u00eda de Massachusetts, desde los \u00faltimos resultados hasta las reglas, pagos, probabilidades de ganar y m\u00e1s.","breadcrumb":{"@id":"https:\/\/www.lotterycritic.com\/es\/resultados-loteria\/massachusetts\/mass-cash\/#breadcrumb"},"inLanguage":"es","potentialAction":[{"@type":"ReadAction","target":["https:\/\/www.lotterycritic.com\/es\/resultados-loteria\/massachusetts\/mass-cash\/"]}]},{"@type":"BreadcrumbList","@id":"https:\/\/www.lotterycritic.com\/es\/resultados-loteria\/massachusetts\/mass-cash\/#breadcrumb","itemListElement":[{"@type":"ListItem","position":1,"name":"Home","item":"https:\/\/www.lotterycritic.com\/es\/"},{"@type":"ListItem","position":2,"name":"Resultados de La Loter\u00eda Americana &#8211; Los \u00daltimos N\u00fameros Ganadores de La Loter\u00eda de Estados Unidos","item":"https:\/\/www.lotterycritic.com\/es\/resultados-loteria\/"},{"@type":"ListItem","position":3,"name":"Resultados de La Loter\u00eda de Massachusetts (MA) &#8211; Comprueba Los N\u00fameros Ganadores de Hoy En Massachusetts","item":"https:\/\/www.lotterycritic.com\/es\/resultados-loteria\/massachusetts\/"},{"@type":"ListItem","position":4,"name":"Resultados de Loter\u00eda Mass Cash (Noche) de Massachusetts (MA) y N\u00fameros Ganadores de Hoy"}]},{"@type":"WebSite","@id":"https:\/\/www.lotterycritic.com\/es\/#website","url":"https:\/\/www.lotterycritic.com\/es\/","name":"Lottery Critic","description":"Your Guide to Lottery Results, Winning Numbers &amp; More\u2026","potentialAction":[{"@type":"SearchAction","target":{"@type":"EntryPoint","urlTemplate":"https:\/\/www.lotterycritic.com\/es\/?s={search_term_string}"},"query-input":{"@type":"PropertyValueSpecification","valueRequired":true,"valueName":"search_term_string"}}],"inLanguage":"es"}]}},"_links":{"self":[{"href":"https:\/\/www.lotterycritic.com\/es\/wp-json\/wp\/v2\/pages\/14063"}],"collection":[{"href":"https:\/\/www.lotterycritic.com\/es\/wp-json\/wp\/v2\/pages"}],"about":[{"href":"https:\/\/www.lotterycritic.com\/es\/wp-json\/wp\/v2\/types\/page"}],"author":[{"embeddable":true,"href":"https:\/\/www.lotterycritic.com\/es\/wp-json\/wp\/v2\/users\/2"}],"replies":[{"embeddable":true,"href":"https:\/\/www.lotterycritic.com\/es\/wp-json\/wp\/v2\/comments?post=14063"}],"version-history":[{"count":1,"href":"https:\/\/www.lotterycritic.com\/es\/wp-json\/wp\/v2\/pages\/14063\/revisions"}],"predecessor-version":[{"id":14064,"href":"https:\/\/www.lotterycritic.com\/es\/wp-json\/wp\/v2\/pages\/14063\/revisions\/14064"}],"up":[{"embeddable":true,"href":"https:\/\/www.lotterycritic.com\/es\/wp-json\/wp\/v2\/pages\/14061"}],"wp:attachment":[{"href":"https:\/\/www.lotterycritic.com\/es\/wp-json\/wp\/v2\/media?parent=14063"}],"curies":[{"name":"wp","href":"https:\/\/api.w.org\/{rel}","templated":true}]}}