{"id":14058,"date":"2023-07-28T23:42:31","date_gmt":"2023-07-28T23:42:31","guid":{"rendered":"https:\/\/www.lotterycritic.com\/resultados-loteria\/maryland\/resultados-del-pick-4-de-maryland-md-y-numeros-ganadores-de-hoy-tarde-dia-noche\/"},"modified":"2023-08-11T12:12:08","modified_gmt":"2023-08-11T12:12:08","slug":"pick-4","status":"publish","type":"page","link":"https:\/\/www.lotterycritic.com\/es\/resultados-loteria\/maryland\/pick-4\/","title":{"rendered":"Resultados del Pick 4 de Maryland (MD) y N\u00fameros Ganadores de Hoy [Tarde + D\u00eda + Noche]"},"content":{"rendered":"<p><section><div class=\"section-anchor\" id=\"game-rules\"><\/div><\/p>\n<h2><span style=\"font-weight: 400;\">C\u00f3mo jugar al Pick 4 de la Loter\u00eda de Maryland<\/span><\/h2>\n<p>El juego Pick 4 de la <a href=\"https:\/\/www.lotterycritic.com\/es\/resultados-loteria\/maryland\/\">Loter\u00eda de Maryland<\/a> se sortea dos veces al d\u00eda, con un premio mayor de $5,000 para cada sorteo. El premio que puede alcanzar depende de la cantidad que apueste y el estilo de juego que elija. Gana el premio mayor del Pick 4 de la Loter\u00eda de Maryland si sus n\u00fameros coinciden con los ganadores en el orden exacto.<\/p>\n<p>Para jugar al Pick 4 de Maryland, deber\u00e1 elegir 4 n\u00fameros, cada uno del 0 al 9, e inclinarse por alguno de estos estilo de juego:<\/p>\n<ul>\n<li><b>Straight: <\/b><span style=\"font-weight: 400;\">Tendr\u00e1 que acertar los n\u00fameros ganadores del Pick 4 en el orden exacto.<\/span><\/li>\n<li><b>Box: <\/b><span style=\"font-weight: 400;\">Puede coincidir con los n\u00fameros sorteados en cualquier orden.<\/span><\/li>\n<li><b>Straight & Box: <\/b><span style=\"font-weight: 400;\">Puede coincidir con los n\u00fameros ganadores en cualquier orden o en el orden exacto. Disponible solo para billetes de $1.<\/span><\/li>\n<li><b>Combo: <\/b><span style=\"font-weight: 400;\">Con este estilo, estar\u00e1 jugando apuestas Straight para todas las posibles combinaciones que surgen de sus n\u00fameros elegidos, aumentando sus probabilidades de ganar el premio mayor del Pick 4 de la Loter\u00eda de Maryland.<\/span><\/li>\n<\/ul>\n<p>\n<\/section><\/p>\n<p><section><div class=\"section-anchor\" id=\"drawing-schedule\"><\/div><\/p>\n<h2><span style=\"font-weight: 400;\">Calendario de sorteos del Pick 4 de Maryland<\/span><\/h2>\n<p>Los sorteos del Pick 4 de Maryland suceden dos veces al d\u00eda, al mediod\u00eda y en la noche.<\/p>\n<p>\n<\/section><\/p>\n<p><section><div class=\"section-anchor\" id=\"payouts-and-odds\"><\/div><\/p>\n<h2><span style=\"font-weight: 400;\">Premios y Probabilidades de ganar el Pick 4 de Maryland<\/span><\/h2>\n<table>\n<tbody>\n<tr>\n<td><b>Estilo de juego<\/b><\/td>\n<td><b>Selecci\u00f3n<\/b><\/td>\n<td><b>Aciertos<\/b><\/td>\n<td><b>Premio con una apuesta de $0.50<\/b><\/td>\n<td><b>Premio con una apuesta de $1<\/b><\/td>\n<td><b>Probabilidades<\/b><\/td>\n<\/tr>\n<tr>\n<td><span style=\"font-weight: 400;\">Straight<\/span><\/td>\n<td><span style=\"font-weight: 400;\">4 d\u00edgitos cualquiera<\/span><\/td>\n<td><span style=\"font-weight: 400;\">4 d\u00edgitos en el orden exacto<\/span><\/td>\n<td><span style=\"font-weight: 400;\">$2,500<\/span><\/td>\n<td><span style=\"font-weight: 400;\">$5,000<\/span><\/td>\n<td><span style=\"font-weight: 400;\">1 en 10,000<\/span><\/td>\n<\/tr>\n<tr>\n<td><span style=\"font-weight: 400;\">Box: 3-Way<\/span><\/td>\n<td><span style=\"font-weight: 400;\">3 d\u00edgitos de un mismo n\u00famero y 1 n\u00famero diferente<\/span><\/td>\n<td><span style=\"font-weight: 400;\">4 d\u00edgitos en cualquier orden<\/span><\/td>\n<td><span style=\"font-weight: 400;\">$600<\/span><\/td>\n<td><span style=\"font-weight: 400;\">$1,200<\/span><\/td>\n<td><span style=\"font-weight: 400;\">1 en 2,500<\/span><\/td>\n<\/tr>\n<tr>\n<td><span style=\"font-weight: 400;\">Box: 6-Way<\/span><\/td>\n<td><span style=\"font-weight: 400;\">2 pares diferentes<\/span><\/td>\n<td><span style=\"font-weight: 400;\">4 d\u00edgitos en cualquier orden<\/span><\/td>\n<td><span style=\"font-weight: 400;\">$400<\/span><\/td>\n<td><span style=\"font-weight: 400;\">$800<\/span><\/td>\n<td><span style=\"font-weight: 400;\">1 en 1,667<\/span><\/td>\n<\/tr>\n<tr>\n<td><span style=\"font-weight: 400;\">Box: 12-Way<\/span><\/td>\n<td><span style=\"font-weight: 400;\">1 par y 2 n\u00fameros distintos<\/span><\/td>\n<td><span style=\"font-weight: 400;\">4 d\u00edgitos en cualquier orden<\/span><\/td>\n<td><span style=\"font-weight: 400;\">$200<\/span><\/td>\n<td><span style=\"font-weight: 400;\">$400<\/span><\/td>\n<td><span style=\"font-weight: 400;\">1 en 833<\/span><\/td>\n<\/tr>\n<tr>\n<td><span style=\"font-weight: 400;\">Box: 24-Way<\/span><\/td>\n<td><span style=\"font-weight: 400;\">4 n\u00fameros distintos cualquiera<\/span><\/td>\n<td><span style=\"font-weight: 400;\">4 d\u00edgitos en cualquier orden<\/span><\/td>\n<td><span style=\"font-weight: 400;\">$100<\/span><\/td>\n<td><span style=\"font-weight: 400;\">$200<\/span><\/td>\n<td><span style=\"font-weight: 400;\">1 en 417<\/span><\/td>\n<\/tr>\n<tr>\n<td><span style=\"font-weight: 400;\">Straight\/Box: 24-Way<\/span><\/td>\n<td><span style=\"font-weight: 400;\">4 n\u00fameros distintos cualquiera<\/span><\/td>\n<td><span style=\"font-weight: 400;\">4 d\u00edgitos en cualquier orden o en el orden exacto<\/span><\/td>\n<td><\/td>\n<td><span style=\"font-weight: 400;\">$2600 (orden exacto)<\/span><span style=\"font-weight: 400;\"><br \/>\n<\/span><span style=\"font-weight: 400;\">$100 (cualquier orden)<\/span><\/td>\n<td><span style=\"font-weight: 400;\">1 en 10,000<\/span><span style=\"font-weight: 400;\"><br \/>\n<\/span><span style=\"font-weight: 400;\">1 en 417<\/span><\/td>\n<\/tr>\n<tr>\n<td><span style=\"font-weight: 400;\">Straight\/Box: 12-Way<\/span><\/td>\n<td><span style=\"font-weight: 400;\">1 par y 2 n\u00fameros distintos<\/span><\/td>\n<td><span style=\"font-weight: 400;\">4 d\u00edgitos en cualquier orden o en el orden exacto<\/span><\/td>\n<td><\/td>\n<td><span style=\"font-weight: 400;\">$2,700 (orden exacto)<\/span><span style=\"font-weight: 400;\"><br \/>\n<\/span><span style=\"font-weight: 400;\">$200 (cualquier orden)<\/span><\/td>\n<td><span style=\"font-weight: 400;\">1 en 10,000<\/span><span style=\"font-weight: 400;\"><br \/>\n<\/span><span style=\"font-weight: 400;\">1 en 833<\/span><\/td>\n<\/tr>\n<tr>\n<td><span style=\"font-weight: 400;\">Straight\/Box: 6-Way<\/span><\/td>\n<td><span style=\"font-weight: 400;\">2 pares diferentes<\/span><\/td>\n<td><span style=\"font-weight: 400;\">4 d\u00edgitos en cualquier orden o en el orden exacto<\/span><\/td>\n<td><\/td>\n<td><span style=\"font-weight: 400;\">$2900 (orden exacto)<\/span><span style=\"font-weight: 400;\"><br \/>\n<\/span><span style=\"font-weight: 400;\">$400 (cualquier orden)<\/span><\/td>\n<td><span style=\"font-weight: 400;\">1 en 10,000<\/span><span style=\"font-weight: 400;\"><br \/>\n<\/span><span style=\"font-weight: 400;\">1 en 1,667<\/span><\/td>\n<\/tr>\n<tr>\n<td><span style=\"font-weight: 400;\">Straight\/Box: 4-Way<\/span><\/td>\n<td><span style=\"font-weight: 400;\">3 d\u00edgitos de un mismo n\u00famero y 1 n\u00famero diferente<\/span><\/td>\n<td><span style=\"font-weight: 400;\">4 d\u00edgitos en cualquier orden o en el orden exacto<\/span><\/td>\n<td><\/td>\n<td><span style=\"font-weight: 400;\">$3,100 (orden exacto)<\/span><span style=\"font-weight: 400;\"><br \/>\n<\/span><span style=\"font-weight: 400;\">$600 (cualquier orden)<\/span><\/td>\n<td><span style=\"font-weight: 400;\">1 en 10,000<\/span><span style=\"font-weight: 400;\"><br \/>\n<\/span><span style=\"font-weight: 400;\">1 en 2,500<\/span><\/td>\n<\/tr>\n<tr>\n<td><span style=\"font-weight: 400;\">Combo: 24-Way<\/span><\/td>\n<td><span style=\"font-weight: 400;\">4 n\u00fameros distintos cualquiera<\/span><\/td>\n<td><span style=\"font-weight: 400;\">4 d\u00edgitos en el orden exacto<\/span><\/td>\n<td><\/td>\n<td><span style=\"font-weight: 400;\">Billete de $4: $5000;<\/span><span style=\"font-weight: 400;\"><br \/>\n<\/span><span style=\"font-weight: 400;\">Billete de $2: $2,500;<\/span><span style=\"font-weight: 400;\"><br \/>\n<\/span><span style=\"font-weight: 400;\">Billete de $1: $1,250<\/span><\/td>\n<td><span style=\"font-weight: 400;\">1 en 417<\/span><\/td>\n<\/tr>\n<tr>\n<td><span style=\"font-weight: 400;\">Combo: 12-Way<\/span><\/td>\n<td><span style=\"font-weight: 400;\">1 par y 2 n\u00fameros distintos<\/span><\/td>\n<td><span style=\"font-weight: 400;\">4 d\u00edgitos en el orden exacto<\/span><\/td>\n<td><\/td>\n<td><span style=\"font-weight: 400;\">Billete de $4: $5000;<\/span><span style=\"font-weight: 400;\"><br \/>\n<\/span><span style=\"font-weight: 400;\">Billete de $2: $2,500;<\/span><span style=\"font-weight: 400;\"><br \/>\n<\/span><span style=\"font-weight: 400;\">Billete de $1: $1,250<\/span><\/td>\n<td><span style=\"font-weight: 400;\">1 en 833<\/span><\/td>\n<\/tr>\n<tr>\n<td><span style=\"font-weight: 400;\">Combo: 6-Way<\/span><\/td>\n<td><span style=\"font-weight: 400;\">2 pares diferentes<\/span><\/td>\n<td><span style=\"font-weight: 400;\">4 d\u00edgitos en el orden exacto<\/span><\/td>\n<td><\/td>\n<td><span style=\"font-weight: 400;\">Billete de $4: $5000;<\/span><span style=\"font-weight: 400;\"><br \/>\n<\/span><span style=\"font-weight: 400;\">Billete de $2: $2,500;<\/span><span style=\"font-weight: 400;\"><br \/>\n<\/span><span style=\"font-weight: 400;\">Billete de $1: $1,250<\/span><\/td>\n<td><span style=\"font-weight: 400;\">1 en 1,667<\/span><\/td>\n<\/tr>\n<tr>\n<td><span style=\"font-weight: 400;\">Combo: 4-Way<\/span><\/td>\n<td><span style=\"font-weight: 400;\">3 d\u00edgitos de un mismo n\u00famero y 1 n\u00famero diferente<\/span><\/td>\n<td><span style=\"font-weight: 400;\">4 d\u00edgitos en el orden exacto<\/span><\/td>\n<td><\/td>\n<td><span style=\"font-weight: 400;\">Billete de $4: $5000;<\/span><span style=\"font-weight: 400;\"><br \/>\n<\/span><span style=\"font-weight: 400;\">Billete de $2: $2,500;<\/span><span style=\"font-weight: 400;\"><br \/>\n<\/span><span style=\"font-weight: 400;\">Billete de $1: $1,250<\/span><\/td>\n<td><span style=\"font-weight: 400;\">1 en 2,500<\/span><\/td>\n<\/tr>\n<\/tbody>\n<\/table>\n<p>\n<\/section><\/p>\n","protected":false},"excerpt":{"rendered":"","protected":false},"author":2,"featured_media":0,"parent":14051,"menu_order":4,"comment_status":"closed","ping_status":"closed","template":"lottery-results-game-child-template.php","meta":{"footnotes":""},"class_list":["post-14058","page","type-page","status-publish","hentry"],"acf":[],"yoast_head":"<!-- This site is optimized with the Yoast SEO plugin v23.4 - https:\/\/yoast.com\/wordpress\/plugins\/seo\/ -->\n<title>Pick 4 de Maryland: Resultados y N\u00fameros Ganadores de Hoy [Tarde+D\u00eda+Noche]<\/title>\n<meta name=\"description\" content=\"Conozca los \u00faltimos resultados, n\u00fameros ganadores y premio mayor del Pick 4 de Maryland. Tambi\u00e9n, aprenda las reglas, pagos, probabilidades y m\u00e1s.\" \/>\n<meta name=\"robots\" content=\"index, follow, max-snippet:-1, max-image-preview:large, max-video-preview:-1\" \/>\n<link rel=\"canonical\" href=\"https:\/\/www.lotterycritic.com\/es\/resultados-loteria\/maryland\/pick-4\/\" \/>\n<meta property=\"og:locale\" content=\"es_ES\" \/>\n<meta property=\"og:type\" content=\"article\" \/>\n<meta property=\"og:title\" content=\"Pick 4 de Maryland: Resultados y N\u00fameros Ganadores de Hoy [Tarde+D\u00eda+Noche]\" \/>\n<meta property=\"og:description\" content=\"Conozca los \u00faltimos resultados, n\u00fameros ganadores y premio mayor del Pick 4 de Maryland. Tambi\u00e9n, aprenda las reglas, pagos, probabilidades y m\u00e1s.\" \/>\n<meta property=\"og:url\" content=\"https:\/\/www.lotterycritic.com\/es\/resultados-loteria\/maryland\/pick-4\/\" \/>\n<meta property=\"og:site_name\" content=\"Lottery Critic\" \/>\n<meta property=\"article:modified_time\" content=\"2023-08-11T12:12:08+00:00\" \/>\n<meta name=\"twitter:card\" content=\"summary_large_image\" \/>\n<meta name=\"twitter:label1\" content=\"Tiempo de lectura\" \/>\n\t<meta name=\"twitter:data1\" content=\"3 minutos\" \/>\n<script type=\"application\/ld+json\" class=\"yoast-schema-graph\">{\"@context\":\"https:\/\/schema.org\",\"@graph\":[{\"@type\":\"WebPage\",\"@id\":\"https:\/\/www.lotterycritic.com\/es\/resultados-loteria\/maryland\/pick-4\/\",\"url\":\"https:\/\/www.lotterycritic.com\/es\/resultados-loteria\/maryland\/pick-4\/\",\"name\":\"Pick 4 de Maryland: Resultados y N\u00fameros Ganadores de Hoy [Tarde+D\u00eda+Noche]\",\"isPartOf\":{\"@id\":\"https:\/\/www.lotterycritic.com\/es\/#website\"},\"datePublished\":\"2023-07-28T23:42:31+00:00\",\"dateModified\":\"2023-08-11T12:12:08+00:00\",\"description\":\"Conozca los \u00faltimos resultados, n\u00fameros ganadores y premio mayor del Pick 4 de Maryland. Tambi\u00e9n, aprenda las reglas, pagos, probabilidades y m\u00e1s.\",\"breadcrumb\":{\"@id\":\"https:\/\/www.lotterycritic.com\/es\/resultados-loteria\/maryland\/pick-4\/#breadcrumb\"},\"inLanguage\":\"es\",\"potentialAction\":[{\"@type\":\"ReadAction\",\"target\":[\"https:\/\/www.lotterycritic.com\/es\/resultados-loteria\/maryland\/pick-4\/\"]}]},{\"@type\":\"BreadcrumbList\",\"@id\":\"https:\/\/www.lotterycritic.com\/es\/resultados-loteria\/maryland\/pick-4\/#breadcrumb\",\"itemListElement\":[{\"@type\":\"ListItem\",\"position\":1,\"name\":\"Home\",\"item\":\"https:\/\/www.lotterycritic.com\/es\/\"},{\"@type\":\"ListItem\",\"position\":2,\"name\":\"Resultados de La Loter\u00eda Americana &#8211; Los \u00daltimos N\u00fameros Ganadores de La Loter\u00eda de Estados Unidos\",\"item\":\"https:\/\/www.lotterycritic.com\/es\/resultados-loteria\/\"},{\"@type\":\"ListItem\",\"position\":3,\"name\":\"Resultados de La Loter\u00eda de Maryland (MD) &#8211; Comprueba Los N\u00fameros Ganadores de Hoy En Maryland\",\"item\":\"https:\/\/www.lotterycritic.com\/es\/resultados-loteria\/maryland\/\"},{\"@type\":\"ListItem\",\"position\":4,\"name\":\"Resultados del Pick 4 de Maryland (MD) y N\u00fameros Ganadores de Hoy [Tarde + D\u00eda + Noche]\"}]},{\"@type\":\"WebSite\",\"@id\":\"https:\/\/www.lotterycritic.com\/es\/#website\",\"url\":\"https:\/\/www.lotterycritic.com\/es\/\",\"name\":\"Lottery Critic\",\"description\":\"Your Guide to Lottery Results, Winning Numbers &amp; More\u2026\",\"potentialAction\":[{\"@type\":\"SearchAction\",\"target\":{\"@type\":\"EntryPoint\",\"urlTemplate\":\"https:\/\/www.lotterycritic.com\/es\/?s={search_term_string}\"},\"query-input\":{\"@type\":\"PropertyValueSpecification\",\"valueRequired\":true,\"valueName\":\"search_term_string\"}}],\"inLanguage\":\"es\"}]}<\/script>\n<!-- \/ Yoast SEO plugin. -->","yoast_head_json":{"title":"Pick 4 de Maryland: Resultados y N\u00fameros Ganadores de Hoy [Tarde+D\u00eda+Noche]","description":"Conozca los \u00faltimos resultados, n\u00fameros ganadores y premio mayor del Pick 4 de Maryland. Tambi\u00e9n, aprenda las reglas, pagos, probabilidades y m\u00e1s.","robots":{"index":"index","follow":"follow","max-snippet":"max-snippet:-1","max-image-preview":"max-image-preview:large","max-video-preview":"max-video-preview:-1"},"canonical":"https:\/\/www.lotterycritic.com\/es\/resultados-loteria\/maryland\/pick-4\/","og_locale":"es_ES","og_type":"article","og_title":"Pick 4 de Maryland: Resultados y N\u00fameros Ganadores de Hoy [Tarde+D\u00eda+Noche]","og_description":"Conozca los \u00faltimos resultados, n\u00fameros ganadores y premio mayor del Pick 4 de Maryland. Tambi\u00e9n, aprenda las reglas, pagos, probabilidades y m\u00e1s.","og_url":"https:\/\/www.lotterycritic.com\/es\/resultados-loteria\/maryland\/pick-4\/","og_site_name":"Lottery Critic","article_modified_time":"2023-08-11T12:12:08+00:00","twitter_card":"summary_large_image","twitter_misc":{"Tiempo de lectura":"3 minutos"},"schema":{"@context":"https:\/\/schema.org","@graph":[{"@type":"WebPage","@id":"https:\/\/www.lotterycritic.com\/es\/resultados-loteria\/maryland\/pick-4\/","url":"https:\/\/www.lotterycritic.com\/es\/resultados-loteria\/maryland\/pick-4\/","name":"Pick 4 de Maryland: Resultados y N\u00fameros Ganadores de Hoy [Tarde+D\u00eda+Noche]","isPartOf":{"@id":"https:\/\/www.lotterycritic.com\/es\/#website"},"datePublished":"2023-07-28T23:42:31+00:00","dateModified":"2023-08-11T12:12:08+00:00","description":"Conozca los \u00faltimos resultados, n\u00fameros ganadores y premio mayor del Pick 4 de Maryland. Tambi\u00e9n, aprenda las reglas, pagos, probabilidades y m\u00e1s.","breadcrumb":{"@id":"https:\/\/www.lotterycritic.com\/es\/resultados-loteria\/maryland\/pick-4\/#breadcrumb"},"inLanguage":"es","potentialAction":[{"@type":"ReadAction","target":["https:\/\/www.lotterycritic.com\/es\/resultados-loteria\/maryland\/pick-4\/"]}]},{"@type":"BreadcrumbList","@id":"https:\/\/www.lotterycritic.com\/es\/resultados-loteria\/maryland\/pick-4\/#breadcrumb","itemListElement":[{"@type":"ListItem","position":1,"name":"Home","item":"https:\/\/www.lotterycritic.com\/es\/"},{"@type":"ListItem","position":2,"name":"Resultados de La Loter\u00eda Americana &#8211; Los \u00daltimos N\u00fameros Ganadores de La Loter\u00eda de Estados Unidos","item":"https:\/\/www.lotterycritic.com\/es\/resultados-loteria\/"},{"@type":"ListItem","position":3,"name":"Resultados de La Loter\u00eda de Maryland (MD) &#8211; Comprueba Los N\u00fameros Ganadores de Hoy En Maryland","item":"https:\/\/www.lotterycritic.com\/es\/resultados-loteria\/maryland\/"},{"@type":"ListItem","position":4,"name":"Resultados del Pick 4 de Maryland (MD) y N\u00fameros Ganadores de Hoy [Tarde + D\u00eda + Noche]"}]},{"@type":"WebSite","@id":"https:\/\/www.lotterycritic.com\/es\/#website","url":"https:\/\/www.lotterycritic.com\/es\/","name":"Lottery Critic","description":"Your Guide to Lottery Results, Winning Numbers &amp; More\u2026","potentialAction":[{"@type":"SearchAction","target":{"@type":"EntryPoint","urlTemplate":"https:\/\/www.lotterycritic.com\/es\/?s={search_term_string}"},"query-input":{"@type":"PropertyValueSpecification","valueRequired":true,"valueName":"search_term_string"}}],"inLanguage":"es"}]}},"_links":{"self":[{"href":"https:\/\/www.lotterycritic.com\/es\/wp-json\/wp\/v2\/pages\/14058"}],"collection":[{"href":"https:\/\/www.lotterycritic.com\/es\/wp-json\/wp\/v2\/pages"}],"about":[{"href":"https:\/\/www.lotterycritic.com\/es\/wp-json\/wp\/v2\/types\/page"}],"author":[{"embeddable":true,"href":"https:\/\/www.lotterycritic.com\/es\/wp-json\/wp\/v2\/users\/2"}],"replies":[{"embeddable":true,"href":"https:\/\/www.lotterycritic.com\/es\/wp-json\/wp\/v2\/comments?post=14058"}],"version-history":[{"count":1,"href":"https:\/\/www.lotterycritic.com\/es\/wp-json\/wp\/v2\/pages\/14058\/revisions"}],"predecessor-version":[{"id":14059,"href":"https:\/\/www.lotterycritic.com\/es\/wp-json\/wp\/v2\/pages\/14058\/revisions\/14059"}],"up":[{"embeddable":true,"href":"https:\/\/www.lotterycritic.com\/es\/wp-json\/wp\/v2\/pages\/14051"}],"wp:attachment":[{"href":"https:\/\/www.lotterycritic.com\/es\/wp-json\/wp\/v2\/media?parent=14058"}],"curies":[{"name":"wp","href":"https:\/\/api.w.org\/{rel}","templated":true}]}}