{"id":14047,"date":"2023-07-27T04:53:58","date_gmt":"2023-07-27T04:53:58","guid":{"rendered":"https:\/\/www.lotterycritic.com\/resultados-loteria\/luisiana\/resultados-de-loteria-pick-3-de-louisiana-la-y-numeros-ganadores-ayer-hoy\/"},"modified":"2023-07-27T04:54:33","modified_gmt":"2023-07-27T04:54:33","slug":"pick-3","status":"publish","type":"page","link":"https:\/\/www.lotterycritic.com\/es\/resultados-loteria\/luisiana\/pick-3\/","title":{"rendered":"Resultados de Loter\u00eda Pick 3 de Louisiana (LA) y N\u00fameros Ganadores [Ayer + Hoy]"},"content":{"rendered":"<p><section><div class=\"section-anchor\" id=\"game-rules\"><\/div><\/p>\n<h2><span style=\"font-weight: 400;\">C\u00f3mo jugar al Pick 3 de la Loter\u00eda de Luisiana<\/span><\/h2>\n<p>El Pick 3 de la<a href=\"https:\/\/www.lotterycritic.com\/es\/resultados-loteria\/luisiana\/\"> Loter\u00eda de Luisiana<\/a> se juega todos los d\u00edas. Cada sorteo tiene un premio fijo de $500. Al igual que el Pick 4, su premio m\u00e1ximo depende del estilo de juego elegido y la cantidad apostada.<\/p>\n<p>Para jugar, tendr\u00e1 que escoger un n\u00famero del 000 al 999, un estilo de juego y un valor de apuesta. Gana el premio mayor si su combinaci\u00f3n coincide con los n\u00fameros sorteados en el orden exacto.<\/p>\n<p><span style=\"font-weight: 400;\">Puede elegir entre los siguientes estilos de juego:<\/span><\/p>\n<ul>\n<li><b>Straight: <\/b><span style=\"font-weight: 400;\">Tendr\u00e1 que acertar los n\u00fameros ganadores en el orden exacto.<\/span><\/li>\n<li><b>Box: <\/b><span style=\"font-weight: 400;\">Es posible acertar los n\u00fameros ganadores en cualquier orden.<\/span><\/li>\n<li><b>Straight \/ Box: <\/b><span style=\"font-weight: 400;\">Puede acertar los n\u00fameros ganadores en cualquier orden o en el orden exacto.<\/span><\/li>\n<li><b>Combo: <\/b><span style=\"font-weight: 400;\">Con este estilo de juego estar\u00e1 realizando apuestas Straight para todas las posibles combinaciones de sus n\u00fameros elegidos, aumentando sus probabilidades de ganar.<\/span><\/li>\n<\/ul>\n<p>\n<\/section><\/p>\n<p><section><div class=\"section-anchor\" id=\"drawing-schedule\"><\/div><\/p>\n<h2><span style=\"font-weight: 400;\">Calendario de sorteos del Pick de Luisiana<\/span><\/h2>\n<p><span style=\"font-weight: 400;\">El sorteo del Pick 3 de Luisiana toma lugar cada noche a las 9:59 PM.<\/span><\/p>\n<p>\n<\/section><\/p>\n<p><section><div class=\"section-anchor\" id=\"payouts-and-odds\"><\/div><\/p>\n<h2><span style=\"font-weight: 400;\">Pagos y Probabilidades de ganar el Pick 3 de Luisiana<\/span><\/h2>\n<table>\n<tbody>\n<tr>\n<td><b>Estilo de juego<\/b><\/td>\n<td><b>Selecci\u00f3n<\/b><\/td>\n<td><b>Aciertos<\/b><\/td>\n<td><b>Premio para una apuesta de $0.50<\/b><\/td>\n<td><b>Premio para una apuesta de $1<\/b><\/td>\n<td><b>Probabilidades<\/b><\/td>\n<\/tr>\n<tr>\n<td><span style=\"font-weight: 400;\">Straight<\/span><\/td>\n<td>3 d\u00edgitos cualquiera<\/td>\n<td><span style=\"font-weight: 400;\">3 d\u00edgitos en el orden exacto<\/span><\/td>\n<td><span style=\"font-weight: 400;\">$250<\/span><\/td>\n<td><span style=\"font-weight: 400;\">$500<\/span><\/td>\n<td><span style=\"font-weight: 400;\">1 en 1,000<\/span><\/td>\n<\/tr>\n<tr>\n<td><span style=\"font-weight: 400;\">Box: 3-Way<\/span><\/td>\n<td><span style=\"font-weight: 400;\">1 par m\u00e1s 1 n\u00famero diferente<\/span><\/td>\n<td><span style=\"font-weight: 400;\">3 d\u00edgitos en cualquier orden<\/span><\/td>\n<td><span style=\"font-weight: 400;\">$80<\/span><\/td>\n<td><span style=\"font-weight: 400;\">$160<\/span><\/td>\n<td><span style=\"font-weight: 400;\">1 en 333<\/span><\/td>\n<\/tr>\n<tr>\n<td><span style=\"font-weight: 400;\">Box: 6-Way<\/span><\/td>\n<td><span style=\"font-weight: 400;\">3 n\u00fameros distintos cualquiera<\/span><\/td>\n<td><span style=\"font-weight: 400;\">3 d\u00edgitos en cualquier orden<\/span><\/td>\n<td><span style=\"font-weight: 400;\">$40<\/span><\/td>\n<td><span style=\"font-weight: 400;\">$80<\/span><\/td>\n<td><span style=\"font-weight: 400;\">1 en 167<\/span><\/td>\n<\/tr>\n<tr>\n<td><span style=\"font-weight: 400;\">Straight\/Box: 3-Way<\/span><\/td>\n<td><span style=\"font-weight: 400;\">1 par m\u00e1s 1 n\u00famero diferente<\/span><\/td>\n<td><span style=\"font-weight: 400;\">3 d\u00edgitos en cualquier orden o en el orden exacto<\/span><\/td>\n<td><\/td>\n<td><span style=\"font-weight: 400;\">$330 (orden exacto)<\/span><\/p>\n<p><span style=\"font-weight: 400;\">$80 (cualquier orden)<\/span><\/td>\n<td><span style=\"font-weight: 400;\">1 en 1,000<\/span><\/p>\n<p><span style=\"font-weight: 400;\">1 en 333<\/span><\/td>\n<\/tr>\n<tr>\n<td><span style=\"font-weight: 400;\">Straight\/Box: 6-Way<\/span><\/td>\n<td><span style=\"font-weight: 400;\">3 n\u00fameros distintos cualquiera<\/span><\/td>\n<td><span style=\"font-weight: 400;\">3 d\u00edgitos en cualquier orden o en el orden exacto<\/span><\/td>\n<td><\/td>\n<td><span style=\"font-weight: 400;\">$290 (orden exacto)<\/span><\/p>\n<p><span style=\"font-weight: 400;\">$40 (cualquier orden)<\/span><\/td>\n<td><span style=\"font-weight: 400;\">1 en 1,000<\/span><\/p>\n<p><span style=\"font-weight: 400;\">1 en 167<\/span><\/td>\n<\/tr>\n<tr>\n<td><span style=\"font-weight: 400;\">Combo: 6-Way<\/span><\/td>\n<td><span style=\"font-weight: 400;\">3 n\u00fameros distintos cualquiera<\/span><\/td>\n<td><span style=\"font-weight: 400;\">Todos los posibles juegos Straight<\/span><\/td>\n<td><span style=\"font-weight: 400;\">$250 (apuesta de $1.50)<\/span><\/td>\n<td><span style=\"font-weight: 400;\">$500 (apuesta de $3)<\/span><\/td>\n<td><span style=\"font-weight: 400;\">1 en 167<\/span><\/td>\n<\/tr>\n<tr>\n<td><span style=\"font-weight: 400;\">Combo: 3-Way<\/span><\/td>\n<td><span style=\"font-weight: 400;\">1 par m\u00e1s 1 n\u00famero diferente<\/span><\/td>\n<td><span style=\"font-weight: 400;\">Todos los posibles juegos Straight<\/span><\/td>\n<td><span style=\"font-weight: 400;\">$250 (apuesta de $1.50)<\/span><\/td>\n<td><span style=\"font-weight: 400;\">$500 (apuesta de $3)<\/span><\/td>\n<td><span style=\"font-weight: 400;\">1 en 333<\/span><\/td>\n<\/tr>\n<\/tbody>\n<\/table>\n<p>\n<\/section><\/p>\n<p><section><div class=\"section-anchor\" id=\"louisiana-pick-3-strategy\"><\/div><\/p>\n<h2><span style=\"font-weight: 400;\">Estrategia para el Pick 3 de Luisiana<\/span><\/h2>\n<p>Eche un vistazo a nuestra completa gu\u00eda sobre estrategias para el Pick 3 que puede aplicar en el Pick 3 de Luisiana, con el fin de ayudarle a incrementar sus probabilidades de ganar.<\/p>\n<p>\n<\/section><\/p>\n<p>&nbsp;<\/p>\n","protected":false},"excerpt":{"rendered":"<p>&nbsp;<\/p>\n","protected":false},"author":2,"featured_media":0,"parent":14042,"menu_order":3,"comment_status":"closed","ping_status":"closed","template":"lottery-results-game-child-template.php","meta":{"footnotes":""},"class_list":["post-14047","page","type-page","status-publish","hentry"],"acf":[],"yoast_head":"<!-- This site is optimized with the Yoast SEO plugin v23.4 - https:\/\/yoast.com\/wordpress\/plugins\/seo\/ -->\n<title>Loter\u00eda Pick 3 de Louisiana: Resultados y N\u00fameros Ganadores [Ayer + Hoy]<\/title>\n<meta name=\"description\" content=\"Todo lo que necesita saber sobre el juego Pick 3 de la Loter\u00eda de Luisiana: sus resultados m\u00e1s recientes, n\u00fameros ganadores, pagos, probabilidades y m\u00e1s.\" \/>\n<meta name=\"robots\" content=\"index, follow, max-snippet:-1, max-image-preview:large, max-video-preview:-1\" \/>\n<link rel=\"canonical\" href=\"https:\/\/www.lotterycritic.com\/es\/resultados-loteria\/luisiana\/pick-3\/\" \/>\n<meta property=\"og:locale\" content=\"es_ES\" \/>\n<meta property=\"og:type\" content=\"article\" \/>\n<meta property=\"og:title\" content=\"Loter\u00eda Pick 3 de Louisiana: Resultados y N\u00fameros Ganadores [Ayer + Hoy]\" \/>\n<meta property=\"og:description\" content=\"Todo lo que necesita saber sobre el juego Pick 3 de la Loter\u00eda de Luisiana: sus resultados m\u00e1s recientes, n\u00fameros ganadores, pagos, probabilidades y m\u00e1s.\" \/>\n<meta property=\"og:url\" content=\"https:\/\/www.lotterycritic.com\/es\/resultados-loteria\/luisiana\/pick-3\/\" \/>\n<meta property=\"og:site_name\" content=\"Lottery Critic\" \/>\n<meta property=\"article:modified_time\" content=\"2023-07-27T04:54:33+00:00\" \/>\n<meta name=\"twitter:card\" content=\"summary_large_image\" \/>\n<meta name=\"twitter:label1\" content=\"Tiempo de lectura\" \/>\n\t<meta name=\"twitter:data1\" content=\"2 minutos\" \/>\n<script type=\"application\/ld+json\" class=\"yoast-schema-graph\">{\"@context\":\"https:\/\/schema.org\",\"@graph\":[{\"@type\":\"WebPage\",\"@id\":\"https:\/\/www.lotterycritic.com\/es\/resultados-loteria\/luisiana\/pick-3\/\",\"url\":\"https:\/\/www.lotterycritic.com\/es\/resultados-loteria\/luisiana\/pick-3\/\",\"name\":\"Loter\u00eda Pick 3 de Louisiana: Resultados y N\u00fameros Ganadores [Ayer + Hoy]\",\"isPartOf\":{\"@id\":\"https:\/\/www.lotterycritic.com\/es\/#website\"},\"datePublished\":\"2023-07-27T04:53:58+00:00\",\"dateModified\":\"2023-07-27T04:54:33+00:00\",\"description\":\"Todo lo que necesita saber sobre el juego Pick 3 de la Loter\u00eda de Luisiana: sus resultados m\u00e1s recientes, n\u00fameros ganadores, pagos, probabilidades y m\u00e1s.\",\"breadcrumb\":{\"@id\":\"https:\/\/www.lotterycritic.com\/es\/resultados-loteria\/luisiana\/pick-3\/#breadcrumb\"},\"inLanguage\":\"es\",\"potentialAction\":[{\"@type\":\"ReadAction\",\"target\":[\"https:\/\/www.lotterycritic.com\/es\/resultados-loteria\/luisiana\/pick-3\/\"]}]},{\"@type\":\"BreadcrumbList\",\"@id\":\"https:\/\/www.lotterycritic.com\/es\/resultados-loteria\/luisiana\/pick-3\/#breadcrumb\",\"itemListElement\":[{\"@type\":\"ListItem\",\"position\":1,\"name\":\"Home\",\"item\":\"https:\/\/www.lotterycritic.com\/es\/\"},{\"@type\":\"ListItem\",\"position\":2,\"name\":\"Resultados de La Loter\u00eda Americana &#8211; Los \u00daltimos N\u00fameros Ganadores de La Loter\u00eda de Estados Unidos\",\"item\":\"https:\/\/www.lotterycritic.com\/es\/resultados-loteria\/\"},{\"@type\":\"ListItem\",\"position\":3,\"name\":\"Resultados de La Loter\u00eda de Louisiana (LA) &#8211; Comprueba Los N\u00fameros Ganadores de Hoy En Luisiana\",\"item\":\"https:\/\/www.lotterycritic.com\/es\/resultados-loteria\/luisiana\/\"},{\"@type\":\"ListItem\",\"position\":4,\"name\":\"Resultados de Loter\u00eda Pick 3 de Louisiana (LA) y N\u00fameros Ganadores [Ayer + Hoy]\"}]},{\"@type\":\"WebSite\",\"@id\":\"https:\/\/www.lotterycritic.com\/es\/#website\",\"url\":\"https:\/\/www.lotterycritic.com\/es\/\",\"name\":\"Lottery Critic\",\"description\":\"Your Guide to Lottery Results, Winning Numbers &amp; More\u2026\",\"potentialAction\":[{\"@type\":\"SearchAction\",\"target\":{\"@type\":\"EntryPoint\",\"urlTemplate\":\"https:\/\/www.lotterycritic.com\/es\/?s={search_term_string}\"},\"query-input\":{\"@type\":\"PropertyValueSpecification\",\"valueRequired\":true,\"valueName\":\"search_term_string\"}}],\"inLanguage\":\"es\"}]}<\/script>\n<!-- \/ Yoast SEO plugin. -->","yoast_head_json":{"title":"Loter\u00eda Pick 3 de Louisiana: Resultados y N\u00fameros Ganadores [Ayer + Hoy]","description":"Todo lo que necesita saber sobre el juego Pick 3 de la Loter\u00eda de Luisiana: sus resultados m\u00e1s recientes, n\u00fameros ganadores, pagos, probabilidades y m\u00e1s.","robots":{"index":"index","follow":"follow","max-snippet":"max-snippet:-1","max-image-preview":"max-image-preview:large","max-video-preview":"max-video-preview:-1"},"canonical":"https:\/\/www.lotterycritic.com\/es\/resultados-loteria\/luisiana\/pick-3\/","og_locale":"es_ES","og_type":"article","og_title":"Loter\u00eda Pick 3 de Louisiana: Resultados y N\u00fameros Ganadores [Ayer + Hoy]","og_description":"Todo lo que necesita saber sobre el juego Pick 3 de la Loter\u00eda de Luisiana: sus resultados m\u00e1s recientes, n\u00fameros ganadores, pagos, probabilidades y m\u00e1s.","og_url":"https:\/\/www.lotterycritic.com\/es\/resultados-loteria\/luisiana\/pick-3\/","og_site_name":"Lottery Critic","article_modified_time":"2023-07-27T04:54:33+00:00","twitter_card":"summary_large_image","twitter_misc":{"Tiempo de lectura":"2 minutos"},"schema":{"@context":"https:\/\/schema.org","@graph":[{"@type":"WebPage","@id":"https:\/\/www.lotterycritic.com\/es\/resultados-loteria\/luisiana\/pick-3\/","url":"https:\/\/www.lotterycritic.com\/es\/resultados-loteria\/luisiana\/pick-3\/","name":"Loter\u00eda Pick 3 de Louisiana: Resultados y N\u00fameros Ganadores [Ayer + Hoy]","isPartOf":{"@id":"https:\/\/www.lotterycritic.com\/es\/#website"},"datePublished":"2023-07-27T04:53:58+00:00","dateModified":"2023-07-27T04:54:33+00:00","description":"Todo lo que necesita saber sobre el juego Pick 3 de la Loter\u00eda de Luisiana: sus resultados m\u00e1s recientes, n\u00fameros ganadores, pagos, probabilidades y m\u00e1s.","breadcrumb":{"@id":"https:\/\/www.lotterycritic.com\/es\/resultados-loteria\/luisiana\/pick-3\/#breadcrumb"},"inLanguage":"es","potentialAction":[{"@type":"ReadAction","target":["https:\/\/www.lotterycritic.com\/es\/resultados-loteria\/luisiana\/pick-3\/"]}]},{"@type":"BreadcrumbList","@id":"https:\/\/www.lotterycritic.com\/es\/resultados-loteria\/luisiana\/pick-3\/#breadcrumb","itemListElement":[{"@type":"ListItem","position":1,"name":"Home","item":"https:\/\/www.lotterycritic.com\/es\/"},{"@type":"ListItem","position":2,"name":"Resultados de La Loter\u00eda Americana &#8211; Los \u00daltimos N\u00fameros Ganadores de La Loter\u00eda de Estados Unidos","item":"https:\/\/www.lotterycritic.com\/es\/resultados-loteria\/"},{"@type":"ListItem","position":3,"name":"Resultados de La Loter\u00eda de Louisiana (LA) &#8211; Comprueba Los N\u00fameros Ganadores de Hoy En Luisiana","item":"https:\/\/www.lotterycritic.com\/es\/resultados-loteria\/luisiana\/"},{"@type":"ListItem","position":4,"name":"Resultados de Loter\u00eda Pick 3 de Louisiana (LA) y N\u00fameros Ganadores [Ayer + Hoy]"}]},{"@type":"WebSite","@id":"https:\/\/www.lotterycritic.com\/es\/#website","url":"https:\/\/www.lotterycritic.com\/es\/","name":"Lottery Critic","description":"Your Guide to Lottery Results, Winning Numbers &amp; More\u2026","potentialAction":[{"@type":"SearchAction","target":{"@type":"EntryPoint","urlTemplate":"https:\/\/www.lotterycritic.com\/es\/?s={search_term_string}"},"query-input":{"@type":"PropertyValueSpecification","valueRequired":true,"valueName":"search_term_string"}}],"inLanguage":"es"}]}},"_links":{"self":[{"href":"https:\/\/www.lotterycritic.com\/es\/wp-json\/wp\/v2\/pages\/14047"}],"collection":[{"href":"https:\/\/www.lotterycritic.com\/es\/wp-json\/wp\/v2\/pages"}],"about":[{"href":"https:\/\/www.lotterycritic.com\/es\/wp-json\/wp\/v2\/types\/page"}],"author":[{"embeddable":true,"href":"https:\/\/www.lotterycritic.com\/es\/wp-json\/wp\/v2\/users\/2"}],"replies":[{"embeddable":true,"href":"https:\/\/www.lotterycritic.com\/es\/wp-json\/wp\/v2\/comments?post=14047"}],"version-history":[{"count":1,"href":"https:\/\/www.lotterycritic.com\/es\/wp-json\/wp\/v2\/pages\/14047\/revisions"}],"predecessor-version":[{"id":14048,"href":"https:\/\/www.lotterycritic.com\/es\/wp-json\/wp\/v2\/pages\/14047\/revisions\/14048"}],"up":[{"embeddable":true,"href":"https:\/\/www.lotterycritic.com\/es\/wp-json\/wp\/v2\/pages\/14042"}],"wp:attachment":[{"href":"https:\/\/www.lotterycritic.com\/es\/wp-json\/wp\/v2\/media?parent=14047"}],"curies":[{"name":"wp","href":"https:\/\/api.w.org\/{rel}","templated":true}]}}