{"id":14040,"date":"2023-07-26T01:09:09","date_gmt":"2023-07-26T01:09:09","guid":{"rendered":"https:\/\/www.lotterycritic.com\/resultados-loteria\/kentucky\/resultados-de-loteria-pick-3-de-kentucky-ky-y-numeros-ganadores-de-hoy-noche-dia\/"},"modified":"2023-07-26T01:09:52","modified_gmt":"2023-07-26T01:09:52","slug":"pick-3","status":"publish","type":"page","link":"https:\/\/www.lotterycritic.com\/es\/resultados-loteria\/kentucky\/pick-3\/","title":{"rendered":"Resultados de Loter\u00eda Pick 3 de Kentucky (KY) y N\u00fameros Ganadores de Hoy [Noche + D\u00eda]"},"content":{"rendered":"<p><img decoding=\"async\" class=\"aligncenter wp-image-9194 size-full\" src=\"https:\/\/www.lotterycritic.com\/wp-content\/uploads\/2019\/11\/kentucky-lottery-pick-3-logo.png\" alt=\"Kentucky Pick 3\" width=\"180\" height=\"180\" srcset=\"https:\/\/www.lotterycritic.com\/wp-content\/uploads\/2019\/11\/kentucky-lottery-pick-3-logo.png 180w, https:\/\/www.lotterycritic.com\/wp-content\/uploads\/2019\/11\/kentucky-lottery-pick-3-logo-150x150.png 150w\" sizes=\"(max-width: 180px) 100vw, 180px\" \/><\/p>\n<p><section><div class=\"section-anchor\" id=\"how-to-play\"><\/div><\/p>\n<h2>C\u00f3mo jugar al Pick 3 de Kentucky<\/h2>\n<h3>Elija sus n\u00fameros<\/h3>\n<p>Puede hacer uso de la opci\u00f3n Quick Pick para que la computadora escoja sus n\u00fameros de manera autom\u00e1tica, o puede seleccionarlos llenando una papeleta con sus tres d\u00edgitos elegidos del 000 al 999.<\/p>\n<h3>Compre su billete<\/h3>\n<p>Puede comprar billetes del Pick 3 en puntos de venta autorizados en Kentucky. No es posible jugar al Pick 3 de Kentucky en l\u00ednea.<\/p>\n<p>\n<\/section><\/p>\n<p><section><div class=\"section-anchor\" id=\"drawing-schedule\"><\/div><\/p>\n<h2>Calendario de sorteos del Pick 3 de Kentucky<\/h2>\n<p>El Pick 3 tiene <strong>dos sorteos por d\u00eda<\/strong>, el primero a la <strong>1:20 PM ET<\/strong>, y el segundo a las <strong>11:00 PM ET<\/strong>.<\/p>\n<p>\n<\/section><\/p>\n<p><section><div class=\"section-anchor\" id=\"payouts-odds-and-rules\"><\/div><\/p>\n<h2>Premios y Reglas del Pick 3 de Kentucky<\/h2>\n<p>La versi\u00f3n del Pick 3 para la Loter\u00eda de Kentucky, incluye 6 tipos de juego: straight, box, straight\/box, super straight, 1-off, y pares. El jugador debe elegir primero su estilo de juego preferido, para luego apostar una cantidad entre $0.50 y $5. Despu\u00e9s, podr\u00e1 elegir sus n\u00fameros, el sorteo en el cual desea participar, y a cu\u00e1ntos de estos sorteos consecutivos entrar\u00e1.<\/p>\n<h3>Pagos y Probabilidades del Pick 3 de Kentucky<\/h3>\n<table>\n<tbody>\n<tr>\n<td><strong>Tipo de juego y aciertos<\/strong><\/td>\n<td><strong>Premio con una apuesta de $1<\/strong><\/td>\n<td><strong>Probabilidades<\/strong><\/td>\n<\/tr>\n<tr>\n<td>Straight<\/td>\n<td>$600<\/td>\n<td>1 en 1,000<\/td>\n<\/tr>\n<tr>\n<td>Box 3-way<\/td>\n<td>$200<\/td>\n<td>1 en 333<\/td>\n<\/tr>\n<tr>\n<td>Box 6-way<\/td>\n<td>$100<\/td>\n<td>1 en 167<\/td>\n<\/tr>\n<tr>\n<td>Straight\/Box 3-way (orden exacto)<\/td>\n<td>$400<\/td>\n<td>1 en 1,000<\/td>\n<\/tr>\n<tr>\n<td>Straight\/Box 3-way (cualquier orden)<\/td>\n<td>$100<\/td>\n<td>1 en 333<\/td>\n<\/tr>\n<tr>\n<td>Straight\/Box 6-way (orden exacto)<\/td>\n<td>$350<\/td>\n<td>1 en 1,000<\/td>\n<\/tr>\n<tr>\n<td>Straight-Box 6-way (cualquier orden)<\/td>\n<td>$50<\/td>\n<td>1 en 167<\/td>\n<\/tr>\n<tr>\n<td>Super Straight 3-way<\/td>\n<td>$600 (apuesta de $3)<\/td>\n<td>1 en 333<\/td>\n<\/tr>\n<tr>\n<td>Super Straight 6-way<\/td>\n<td>$600 (apuesta de $6)<\/td>\n<td>1 en 167<\/td>\n<\/tr>\n<tr>\n<td>1-off Straight<\/td>\n<td>$300<\/td>\n<td>1 en 1,000<\/td>\n<\/tr>\n<tr>\n<td>1-off (1 D\u00edgito)<\/td>\n<td>$29<\/td>\n<td>1 en 167<\/td>\n<\/tr>\n<tr>\n<td>1-off (2 D\u00edgitos)<\/td>\n<td>$4<\/td>\n<td>1 en 84<\/td>\n<\/tr>\n<tr>\n<td>1-off (3 D\u00edgitos)<\/td>\n<td>$9<\/td>\n<td>1 en 125<\/td>\n<\/tr>\n<tr>\n<td>Front Pair<\/td>\n<td>$60<\/td>\n<td>1 en 100<\/td>\n<\/tr>\n<tr>\n<td>Back Pair<\/td>\n<td>$60<\/td>\n<td>1 en 100<\/td>\n<\/tr>\n<tr>\n<td>Split Pair<\/td>\n<td>$60<\/td>\n<td>1 en 100<\/td>\n<\/tr>\n<\/tbody>\n<\/table>\n<p>*Una apuesta de $0.50 supone un pago de la mitad (a excepci\u00f3n de 1-off y Straight\/Box donde la apuesta m\u00ednima es de $1). Una apuesta por encima de $1 multiplicar\u00e1 el premio por la misma cantidad de d\u00f3lares.<\/p>\n<p>\n<\/section><\/p>\n<p><section><div class=\"section-anchor\" id=\"claim-your-prize\"><\/div><\/p>\n<h2>C\u00f3mo reclamar su premio del Pick 3 de Kentucky<\/h2>\n<p>Los premios hasta $600 pueden reclamarse en cualquier punto de venta de la Loter\u00eda de Kentucky, y no requiere de un formulario de reclamo.<\/p>\n<p>Los premios por encima de $600 requiere completar un formulario de reclamo para que sea entregado. Para premios superiores a $600 hasta $25,000, puede reclamarlo en Cashing Agents autorizados, Oficina Regional de Lexington, o la Oficina Principal de la Loter\u00eda de Kentucky en Louisville.<\/p>\n<p>Tambi\u00e9n puede reclamar su premio por debajo de $50,000 por correo postal.<\/p>\n<p>Todos los ganadores tienen 180 d\u00edas despu\u00e9s del sorteo para reclamar su premio.<\/p>\n<p>\n<\/section><\/p>\n<p><section><div class=\"section-anchor\" id=\"kentucky-pick-3-strategy\"><\/div><\/p>\n<h2>Estrategia para el Pick 3 de Kentucky<\/h2>\n<p>Si est\u00e1 interesado en aprender las diferentes estrategias que puede aplicar para incrementar sus probabilidades de ganar el Pick 3, aseg\u00farese de echar un vistazo a nuestra completa gu\u00eda sobre la Estrategia para el Pick 3, la cual contiene estrategias populares con ejemplos detallados.<\/p>\n<p>\n<\/section><\/p>\n<p><section><div class=\"section-anchor\" id=\"other-kentucky-lotteries\"><\/div><\/p>\n<h2>Otras loter\u00edas de Kentucky<\/h2>\n<p>Conozca los \u00faltimos resultados de la Loter\u00eda de Kentucky, montos del premio mayor, probabilidades de ganar, pago de premios, calendario de sorteos y m\u00e1s informaci\u00f3n \u00fatil para <a href=\"https:\/\/www.lotterycritic.com\/es\/resultados-loteria\/kentucky\/\">todas las loter\u00edas de Kentucky (KY)<\/a>, incluyendo <a href=\"https:\/\/www.lotterycritic.com\/lottery-results\/kentucky\/cash-ball-225\/\">Cash Ball 225<\/a>, <a href=\"https:\/\/www.lotterycritic.com\/lottery-results\/kentucky\/lucky-for-life\/\">Lucky For Life<\/a>, <a href=\"https:\/\/www.lotterycritic.com\/lottery-results\/kentucky\/quick-bucks\/\">Quick Bucks<\/a>, <a href=\"https:\/\/www.lotterycritic.com\/lottery-results\/kentucky\/5-card-cash\/\">5 Card Cash<\/a>, <a href=\"https:\/\/www.lotterycritic.com\/es\/resultados-loteria\/florida\/pick-4\/\">Pick 4<\/a>, Raspables, y las loter\u00edas m\u00e1s populares en varios estados, <a href=\"https:\/\/www.lotterycritic.com\/lottery-results\/powerball\/\" rel=\"\">Powerball<\/a>\u00a0&\u00a0<a href=\"https:\/\/www.lotterycritic.com\/lottery-results\/mega-millions\/\" rel=\"\">Mega Millions<\/a><\/p>\n<p>\n<\/section><\/p>\n","protected":false},"excerpt":{"rendered":"","protected":false},"author":6,"featured_media":0,"parent":13920,"menu_order":0,"comment_status":"closed","ping_status":"closed","template":"lottery-results-game-child-template.php","meta":{"footnotes":""},"class_list":["post-14040","page","type-page","status-publish","hentry"],"acf":[],"yoast_head":"<!-- This site is optimized with the Yoast SEO plugin v23.4 - https:\/\/yoast.com\/wordpress\/plugins\/seo\/ -->\n<title>Pick 3 de Kentucky (KY): Resultados y N\u00fameros Ganadores de Hoy [Noche+D\u00eda]<\/title>\n<meta name=\"description\" content=\"Conozca los resultados del Pick 3 de la Loter\u00eda de Kentucky (KY), \u00faltimos n\u00fameros ganadores, premio mayor vigente, probabilidades de ganar, pago de premios, calendario de sorteos y m\u00e1s.\" \/>\n<meta name=\"robots\" content=\"index, follow, max-snippet:-1, max-image-preview:large, max-video-preview:-1\" \/>\n<link rel=\"canonical\" href=\"https:\/\/www.lotterycritic.com\/es\/resultados-loteria\/kentucky\/pick-3\/\" \/>\n<meta property=\"og:locale\" content=\"es_ES\" \/>\n<meta property=\"og:type\" content=\"article\" \/>\n<meta property=\"og:title\" content=\"Pick 3 de Kentucky (KY): Resultados y N\u00fameros Ganadores de Hoy [Noche+D\u00eda]\" \/>\n<meta property=\"og:description\" content=\"Conozca los resultados del Pick 3 de la Loter\u00eda de Kentucky (KY), \u00faltimos n\u00fameros ganadores, premio mayor vigente, probabilidades de ganar, pago de premios, calendario de sorteos y m\u00e1s.\" \/>\n<meta property=\"og:url\" content=\"https:\/\/www.lotterycritic.com\/es\/resultados-loteria\/kentucky\/pick-3\/\" \/>\n<meta property=\"og:site_name\" content=\"Lottery Critic\" \/>\n<meta property=\"article:modified_time\" content=\"2023-07-26T01:09:52+00:00\" \/>\n<meta property=\"og:image\" content=\"https:\/\/www.lotterycritic.com\/wp-content\/uploads\/2019\/11\/kentucky-lottery-pick-3-logo.png\" \/>\n<meta name=\"twitter:card\" content=\"summary_large_image\" \/>\n<meta name=\"twitter:label1\" content=\"Tiempo de lectura\" \/>\n\t<meta name=\"twitter:data1\" content=\"3 minutos\" \/>\n<script type=\"application\/ld+json\" class=\"yoast-schema-graph\">{\"@context\":\"https:\/\/schema.org\",\"@graph\":[{\"@type\":\"WebPage\",\"@id\":\"https:\/\/www.lotterycritic.com\/es\/resultados-loteria\/kentucky\/pick-3\/\",\"url\":\"https:\/\/www.lotterycritic.com\/es\/resultados-loteria\/kentucky\/pick-3\/\",\"name\":\"Pick 3 de Kentucky (KY): Resultados y N\u00fameros Ganadores de Hoy [Noche+D\u00eda]\",\"isPartOf\":{\"@id\":\"https:\/\/www.lotterycritic.com\/es\/#website\"},\"primaryImageOfPage\":{\"@id\":\"https:\/\/www.lotterycritic.com\/es\/resultados-loteria\/kentucky\/pick-3\/#primaryimage\"},\"image\":{\"@id\":\"https:\/\/www.lotterycritic.com\/es\/resultados-loteria\/kentucky\/pick-3\/#primaryimage\"},\"thumbnailUrl\":\"https:\/\/www.lotterycritic.com\/wp-content\/uploads\/2019\/11\/kentucky-lottery-pick-3-logo.png\",\"datePublished\":\"2023-07-26T01:09:09+00:00\",\"dateModified\":\"2023-07-26T01:09:52+00:00\",\"description\":\"Conozca los resultados del Pick 3 de la Loter\u00eda de Kentucky (KY), \u00faltimos n\u00fameros ganadores, premio mayor vigente, probabilidades de ganar, pago de premios, calendario de sorteos y m\u00e1s.\",\"breadcrumb\":{\"@id\":\"https:\/\/www.lotterycritic.com\/es\/resultados-loteria\/kentucky\/pick-3\/#breadcrumb\"},\"inLanguage\":\"es\",\"potentialAction\":[{\"@type\":\"ReadAction\",\"target\":[\"https:\/\/www.lotterycritic.com\/es\/resultados-loteria\/kentucky\/pick-3\/\"]}]},{\"@type\":\"ImageObject\",\"inLanguage\":\"es\",\"@id\":\"https:\/\/www.lotterycritic.com\/es\/resultados-loteria\/kentucky\/pick-3\/#primaryimage\",\"url\":\"https:\/\/www.lotterycritic.com\/wp-content\/uploads\/2019\/11\/kentucky-lottery-pick-3-logo.png\",\"contentUrl\":\"https:\/\/www.lotterycritic.com\/wp-content\/uploads\/2019\/11\/kentucky-lottery-pick-3-logo.png\"},{\"@type\":\"BreadcrumbList\",\"@id\":\"https:\/\/www.lotterycritic.com\/es\/resultados-loteria\/kentucky\/pick-3\/#breadcrumb\",\"itemListElement\":[{\"@type\":\"ListItem\",\"position\":1,\"name\":\"Home\",\"item\":\"https:\/\/www.lotterycritic.com\/es\/\"},{\"@type\":\"ListItem\",\"position\":2,\"name\":\"Resultados de La Loter\u00eda Americana &#8211; Los \u00daltimos N\u00fameros Ganadores de La Loter\u00eda de Estados Unidos\",\"item\":\"https:\/\/www.lotterycritic.com\/es\/resultados-loteria\/\"},{\"@type\":\"ListItem\",\"position\":3,\"name\":\"Resultados de La Loter\u00eda de Kentucky (KY) &#8211; Comprueba Los N\u00fameros Ganadores de Hoy En Kentucky\",\"item\":\"https:\/\/www.lotterycritic.com\/es\/resultados-loteria\/kentucky\/\"},{\"@type\":\"ListItem\",\"position\":4,\"name\":\"Resultados de Loter\u00eda Pick 3 de Kentucky (KY) y N\u00fameros Ganadores de Hoy [Noche + D\u00eda]\"}]},{\"@type\":\"WebSite\",\"@id\":\"https:\/\/www.lotterycritic.com\/es\/#website\",\"url\":\"https:\/\/www.lotterycritic.com\/es\/\",\"name\":\"Lottery Critic\",\"description\":\"Your Guide to Lottery Results, Winning Numbers &amp; More\u2026\",\"potentialAction\":[{\"@type\":\"SearchAction\",\"target\":{\"@type\":\"EntryPoint\",\"urlTemplate\":\"https:\/\/www.lotterycritic.com\/es\/?s={search_term_string}\"},\"query-input\":{\"@type\":\"PropertyValueSpecification\",\"valueRequired\":true,\"valueName\":\"search_term_string\"}}],\"inLanguage\":\"es\"}]}<\/script>\n<!-- \/ Yoast SEO plugin. -->","yoast_head_json":{"title":"Pick 3 de Kentucky (KY): Resultados y N\u00fameros Ganadores de Hoy [Noche+D\u00eda]","description":"Conozca los resultados del Pick 3 de la Loter\u00eda de Kentucky (KY), \u00faltimos n\u00fameros ganadores, premio mayor vigente, probabilidades de ganar, pago de premios, calendario de sorteos y m\u00e1s.","robots":{"index":"index","follow":"follow","max-snippet":"max-snippet:-1","max-image-preview":"max-image-preview:large","max-video-preview":"max-video-preview:-1"},"canonical":"https:\/\/www.lotterycritic.com\/es\/resultados-loteria\/kentucky\/pick-3\/","og_locale":"es_ES","og_type":"article","og_title":"Pick 3 de Kentucky (KY): Resultados y N\u00fameros Ganadores de Hoy [Noche+D\u00eda]","og_description":"Conozca los resultados del Pick 3 de la Loter\u00eda de Kentucky (KY), \u00faltimos n\u00fameros ganadores, premio mayor vigente, probabilidades de ganar, pago de premios, calendario de sorteos y m\u00e1s.","og_url":"https:\/\/www.lotterycritic.com\/es\/resultados-loteria\/kentucky\/pick-3\/","og_site_name":"Lottery Critic","article_modified_time":"2023-07-26T01:09:52+00:00","og_image":[{"url":"https:\/\/www.lotterycritic.com\/wp-content\/uploads\/2019\/11\/kentucky-lottery-pick-3-logo.png"}],"twitter_card":"summary_large_image","twitter_misc":{"Tiempo de lectura":"3 minutos"},"schema":{"@context":"https:\/\/schema.org","@graph":[{"@type":"WebPage","@id":"https:\/\/www.lotterycritic.com\/es\/resultados-loteria\/kentucky\/pick-3\/","url":"https:\/\/www.lotterycritic.com\/es\/resultados-loteria\/kentucky\/pick-3\/","name":"Pick 3 de Kentucky (KY): Resultados y N\u00fameros Ganadores de Hoy [Noche+D\u00eda]","isPartOf":{"@id":"https:\/\/www.lotterycritic.com\/es\/#website"},"primaryImageOfPage":{"@id":"https:\/\/www.lotterycritic.com\/es\/resultados-loteria\/kentucky\/pick-3\/#primaryimage"},"image":{"@id":"https:\/\/www.lotterycritic.com\/es\/resultados-loteria\/kentucky\/pick-3\/#primaryimage"},"thumbnailUrl":"https:\/\/www.lotterycritic.com\/wp-content\/uploads\/2019\/11\/kentucky-lottery-pick-3-logo.png","datePublished":"2023-07-26T01:09:09+00:00","dateModified":"2023-07-26T01:09:52+00:00","description":"Conozca los resultados del Pick 3 de la Loter\u00eda de Kentucky (KY), \u00faltimos n\u00fameros ganadores, premio mayor vigente, probabilidades de ganar, pago de premios, calendario de sorteos y m\u00e1s.","breadcrumb":{"@id":"https:\/\/www.lotterycritic.com\/es\/resultados-loteria\/kentucky\/pick-3\/#breadcrumb"},"inLanguage":"es","potentialAction":[{"@type":"ReadAction","target":["https:\/\/www.lotterycritic.com\/es\/resultados-loteria\/kentucky\/pick-3\/"]}]},{"@type":"ImageObject","inLanguage":"es","@id":"https:\/\/www.lotterycritic.com\/es\/resultados-loteria\/kentucky\/pick-3\/#primaryimage","url":"https:\/\/www.lotterycritic.com\/wp-content\/uploads\/2019\/11\/kentucky-lottery-pick-3-logo.png","contentUrl":"https:\/\/www.lotterycritic.com\/wp-content\/uploads\/2019\/11\/kentucky-lottery-pick-3-logo.png"},{"@type":"BreadcrumbList","@id":"https:\/\/www.lotterycritic.com\/es\/resultados-loteria\/kentucky\/pick-3\/#breadcrumb","itemListElement":[{"@type":"ListItem","position":1,"name":"Home","item":"https:\/\/www.lotterycritic.com\/es\/"},{"@type":"ListItem","position":2,"name":"Resultados de La Loter\u00eda Americana &#8211; Los \u00daltimos N\u00fameros Ganadores de La Loter\u00eda de Estados Unidos","item":"https:\/\/www.lotterycritic.com\/es\/resultados-loteria\/"},{"@type":"ListItem","position":3,"name":"Resultados de La Loter\u00eda de Kentucky (KY) &#8211; Comprueba Los N\u00fameros Ganadores de Hoy En Kentucky","item":"https:\/\/www.lotterycritic.com\/es\/resultados-loteria\/kentucky\/"},{"@type":"ListItem","position":4,"name":"Resultados de Loter\u00eda Pick 3 de Kentucky (KY) y N\u00fameros Ganadores de Hoy [Noche + D\u00eda]"}]},{"@type":"WebSite","@id":"https:\/\/www.lotterycritic.com\/es\/#website","url":"https:\/\/www.lotterycritic.com\/es\/","name":"Lottery Critic","description":"Your Guide to Lottery Results, Winning Numbers &amp; More\u2026","potentialAction":[{"@type":"SearchAction","target":{"@type":"EntryPoint","urlTemplate":"https:\/\/www.lotterycritic.com\/es\/?s={search_term_string}"},"query-input":{"@type":"PropertyValueSpecification","valueRequired":true,"valueName":"search_term_string"}}],"inLanguage":"es"}]}},"_links":{"self":[{"href":"https:\/\/www.lotterycritic.com\/es\/wp-json\/wp\/v2\/pages\/14040"}],"collection":[{"href":"https:\/\/www.lotterycritic.com\/es\/wp-json\/wp\/v2\/pages"}],"about":[{"href":"https:\/\/www.lotterycritic.com\/es\/wp-json\/wp\/v2\/types\/page"}],"author":[{"embeddable":true,"href":"https:\/\/www.lotterycritic.com\/es\/wp-json\/wp\/v2\/users\/6"}],"replies":[{"embeddable":true,"href":"https:\/\/www.lotterycritic.com\/es\/wp-json\/wp\/v2\/comments?post=14040"}],"version-history":[{"count":1,"href":"https:\/\/www.lotterycritic.com\/es\/wp-json\/wp\/v2\/pages\/14040\/revisions"}],"predecessor-version":[{"id":14041,"href":"https:\/\/www.lotterycritic.com\/es\/wp-json\/wp\/v2\/pages\/14040\/revisions\/14041"}],"up":[{"embeddable":true,"href":"https:\/\/www.lotterycritic.com\/es\/wp-json\/wp\/v2\/pages\/13920"}],"wp:attachment":[{"href":"https:\/\/www.lotterycritic.com\/es\/wp-json\/wp\/v2\/media?parent=14040"}],"curies":[{"name":"wp","href":"https:\/\/api.w.org\/{rel}","templated":true}]}}