{"id":13918,"date":"2023-07-25T02:47:43","date_gmt":"2023-07-25T02:47:43","guid":{"rendered":"https:\/\/www.lotterycritic.com\/resultados-loteria\/indiana\/resultados-del-daily-4-de-indiana-in-y-numeros-ganadores-de-hoy-noche-dia\/"},"modified":"2023-08-11T12:08:51","modified_gmt":"2023-08-11T12:08:51","slug":"daily-4","status":"publish","type":"page","link":"https:\/\/www.lotterycritic.com\/es\/resultados-loteria\/indiana\/daily-4\/","title":{"rendered":"Resultados del Daily 4 de Indiana (IN) y N\u00fameros Ganadores de Hoy [Noche + D\u00eda]"},"content":{"rendered":"<p><section><div class=\"section-anchor\" id=\"c--mo-jugar\"><\/div><\/p>\n<h2><span style=\"font-weight: 400;\">C\u00f3mo jugar al Daily 4 de la Loter\u00eda de Indiana<\/span><\/h2>\n<p>El Pick 4 de la Loter\u00eda de Indiana Hoosier se sortea dos veces al d\u00eda y ofrece un premio mayor de $5,000 por cada sorteo. La cantidad m\u00e1xima que puede ganar, depende de la apuesta realizada y el estilo de juego elegido. Gana el premio mayor cuando sus n\u00fameros coinciden con los ganadores sorteados en el orden exacto. Encuentre m\u00e1s resultados de la <a href=\"https:\/\/www.lotterycritic.com\/es\/resultados-loteria\/indiana\/\">Loter\u00eda de Indiana y sus premios<\/a>.<\/p>\n<p>Para jugar, deber\u00e1 elegir 4 n\u00fameros, cada uno del 0 al 9, y decidirse por uno de los siguientes estilos de juego:<\/p>\n<ul>\n<li><b>Straight: <\/b><span style=\"font-weight: 400;\">Tendr\u00e1 que coincidir con los n\u00fameros ganadores en el orden exacto.<\/span><\/li>\n<li><b>Box: <\/b><span style=\"font-weight: 400;\">Puede acertar los n\u00fameros sorteados en cualquier orden.<\/span><\/li>\n<li><b>Combo: <\/b><span style=\"font-weight: 400;\">La coincidencia con los n\u00fameros ganadores puede darse en cualquier orden o en el orden exacto. Disponible para billetes de $1.<\/span><\/li>\n<li><b>Wheel: <\/b><span style=\"font-weight: 400;\">Con este estilo de juego, estar\u00e1 realizando apuestas Straight para todas las posibles combinaciones resultantes de sus n\u00fameros elegidos, aumentando sus posibilidades de ganar.<\/span><\/li>\n<li><b>Front 3\/Back 3: <\/b><span style=\"font-weight: 400;\">Se seleccionan 3 n\u00fameros (en lugar de 4). Estos tendr\u00e1n que coincidir con los 3 primeros o los 3 \u00faltimos n\u00fameros ganadores en el orden exacto.<\/span><\/li>\n<li><b>1-OFF: <\/b><span style=\"font-weight: 400;\">Puede elegir entre 1 y 4 d\u00edgitos que pueden estar uno por arriba o uno por debajo de los n\u00fameros sorteados. Esta opci\u00f3n no aplica para una coincidencia Straight.<\/span><\/li>\n<\/ul>\n<p>A excepci\u00f3n del 1-OFF, en todos los juegos es posible a\u00f1adir la opci\u00f3n de Superball para obtener m\u00e1s oportunidades de ganar. Esta opci\u00f3n le permite intercambiar el Superball (un n\u00famero aleatorio elegido para cada juego) por uno de los n\u00fameros ganadores para lograr una coincidencia.<\/p>\n<p>\n<\/section><\/p>\n<p><section><div class=\"section-anchor\" id=\"calendario-de-sorteos\"><\/div><\/p>\n<h2><span style=\"font-weight: 400;\">Calendario de sorteos para el Daily 4 de Indiana<\/span><\/h2>\n<p>Los sorteos del Daily 4 de Indiana suceden dos veces al d\u00eda a la <span style=\"font-weight: 400;\">1:20 PM y 11 PM, hora del este. La venta de billetes va hasta la 1:10 PM para el sorteo del d\u00eda y 10:39 PM para el sorteo de la noche. Una hora despu\u00e9s, toma lugar el <a href=\"https:\/\/www.lotterycritic.com\/es\/resultados-loteria\/michigan\/daily-4\/\">Daily 4 de la Loter\u00eda de Michigan<\/a>.<\/span><\/p>\n<p>\n<\/section><\/p>\n<p><section><div class=\"section-anchor\" id=\"pagos-y-probabilidades\"><\/div><\/p>\n<h2><span style=\"font-weight: 400;\">Pagos y Probabilidades de ganar el Daily 4 de Indiana<\/span><\/h2>\n<table>\n<tbody>\n<tr>\n<td><b>Estilo de juego<\/b><\/td>\n<td><b>Selecci\u00f3n<\/b><\/td>\n<td><b>Aciertos<\/b><\/td>\n<td><b>Premio para una apuesta de $0.50<\/b><\/td>\n<td><b>Premio para una apuesta de $1<\/b><\/td>\n<td><b>Probabilidades<\/b><\/td>\n<\/tr>\n<tr>\n<td><span style=\"font-weight: 400;\">Straight<\/span><\/td>\n<td>4 d\u00edgitos cualquiera<\/td>\n<td><span style=\"font-weight: 400;\">4 d\u00edgitos en el orden exacto<\/span><\/td>\n<td><span style=\"font-weight: 400;\">$2,500<\/span><\/td>\n<td><span style=\"font-weight: 400;\">$5,000<\/span><\/td>\n<td><span style=\"font-weight: 400;\">1 en 10,000<\/span><\/td>\n<\/tr>\n<tr>\n<td><span style=\"font-weight: 400;\">Box: 12-Way<\/span><\/td>\n<td><span style=\"font-weight: 400;\">3 d\u00edgitos del mismo n\u00famero y 1 un n\u00famero diferente<\/span><\/td>\n<td><span style=\"font-weight: 400;\">4 d\u00edgitos en cualquier orden<\/span><\/td>\n<td><span style=\"font-weight: 400;\">$600<\/span><\/td>\n<td><span style=\"font-weight: 400;\">$1,200<\/span><\/td>\n<td><span style=\"font-weight: 400;\">1 en 2,500<\/span><\/td>\n<\/tr>\n<tr>\n<td><span style=\"font-weight: 400;\">Box: 6-Way<\/span><\/td>\n<td><span style=\"font-weight: 400;\">2 pares diferentes<\/span><\/td>\n<td><span style=\"font-weight: 400;\">4 d\u00edgitos en cualquier orden<\/span><\/td>\n<td><span style=\"font-weight: 400;\">$400<\/span><\/td>\n<td><span style=\"font-weight: 400;\">$800<\/span><\/td>\n<td><span style=\"font-weight: 400;\">1 en 1,667<\/span><\/td>\n<\/tr>\n<tr>\n<td><span style=\"font-weight: 400;\">Box: 4-Way<\/span><\/td>\n<td><span style=\"font-weight: 400;\">1 par y 2 n\u00fameros distintos<\/span><\/td>\n<td><span style=\"font-weight: 400;\">4 d\u00edgitos en cualquier orden<\/span><\/td>\n<td><span style=\"font-weight: 400;\">$200<\/span><\/td>\n<td><span style=\"font-weight: 400;\">$400<\/span><\/td>\n<td><span style=\"font-weight: 400;\">1 en 833<\/span><\/td>\n<\/tr>\n<tr>\n<td><span style=\"font-weight: 400;\">Box: 24-Way<\/span><\/td>\n<td><span style=\"font-weight: 400;\">4 n\u00fameros distintos cualquiera<\/span><\/td>\n<td><span style=\"font-weight: 400;\">4 d\u00edgitos en cualquier orden<\/span><\/td>\n<td><span style=\"font-weight: 400;\">$100<\/span><\/td>\n<td><span style=\"font-weight: 400;\">$200<\/span><\/td>\n<td><span style=\"font-weight: 400;\">1 en 417<\/span><\/td>\n<\/tr>\n<tr>\n<td><span style=\"font-weight: 400;\">Combo: 24-Way<\/span><\/td>\n<td><span style=\"font-weight: 400;\">4 n\u00fameros distintos cualquiera<\/span><\/td>\n<td><span style=\"font-weight: 400;\">4 d\u00edgitos en cualquier orden o en el orden exacto<\/span><\/td>\n<td><\/td>\n<td><span style=\"font-weight: 400;\">$2600 (orden exacto)<\/span><span style=\"font-weight: 400;\"><br \/>\n<\/span><span style=\"font-weight: 400;\">$100 (cualquier orden)<\/span><\/td>\n<td><span style=\"font-weight: 400;\">1 en 10,000<\/span><span style=\"font-weight: 400;\"><br \/>\n<\/span><span style=\"font-weight: 400;\">1 en 417<\/span><\/td>\n<\/tr>\n<tr>\n<td><span style=\"font-weight: 400;\">Combo: 4-Way<\/span><\/td>\n<td><span style=\"font-weight: 400;\">1 par y 2 n\u00fameros distintos<\/span><\/td>\n<td><span style=\"font-weight: 400;\">4 d\u00edgitos en cualquier orden o en el orden exacto<\/span><\/td>\n<td><\/td>\n<td><span style=\"font-weight: 400;\">$3,100 (orden exacto)<\/span><span style=\"font-weight: 400;\"><br \/>\n<\/span><span style=\"font-weight: 400;\">$600 (cualquier orden)<\/span><\/td>\n<td><span style=\"font-weight: 400;\">1 en 10,000<\/span><span style=\"font-weight: 400;\"><br \/>\n<\/span><span style=\"font-weight: 400;\">1 en 2,500<\/span><\/td>\n<\/tr>\n<tr>\n<td><span style=\"font-weight: 400;\">Combo: 6-Way<\/span><\/td>\n<td><span style=\"font-weight: 400;\">2 pares diferentes<\/span><\/td>\n<td><span style=\"font-weight: 400;\">4 d\u00edgitos en cualquier orden o en el orden exacto<\/span><\/td>\n<td><\/td>\n<td><span style=\"font-weight: 400;\">$2900 (orden exacto)<\/span><span style=\"font-weight: 400;\"><br \/>\n<\/span><span style=\"font-weight: 400;\">$400 (cualquier orden)<\/span><\/td>\n<td><span style=\"font-weight: 400;\">1 en 10,000<\/span><span style=\"font-weight: 400;\"><br \/>\n<\/span><span style=\"font-weight: 400;\">1 en 1,667<\/span><\/td>\n<\/tr>\n<tr>\n<td><span style=\"font-weight: 400;\">Combo: 12-Way<\/span><\/td>\n<td><span style=\"font-weight: 400;\">3 d\u00edgitos del mismo n\u00famero y 1 un n\u00famero diferente<\/span><\/td>\n<td><span style=\"font-weight: 400;\">4 d\u00edgitos en cualquier orden o en el orden exacto<\/span><\/td>\n<td><\/td>\n<td><span style=\"font-weight: 400;\">$2,700 (orden exacto)<\/span><span style=\"font-weight: 400;\"><br \/>\n<\/span><span style=\"font-weight: 400;\">$300 (cualquier orden)<\/span><\/td>\n<td><span style=\"font-weight: 400;\">1 en 10,000<\/span><span style=\"font-weight: 400;\"><br \/>\n<\/span><span style=\"font-weight: 400;\">1 en 833<\/span><\/td>\n<\/tr>\n<tr>\n<td><span style=\"font-weight: 400;\">Wheel: 24-Way<\/span><\/td>\n<td><span style=\"font-weight: 400;\">4 n\u00fameros distintos cualquiera<\/span><\/td>\n<td><span style=\"font-weight: 400;\">4 d\u00edgitos en el orden exacto<\/span><\/td>\n<td><\/td>\n<td><span style=\"font-weight: 400;\">$5000<\/span><\/td>\n<td><span style=\"font-weight: 400;\">1 en 417<\/span><\/td>\n<\/tr>\n<tr>\n<td><span style=\"font-weight: 400;\">Wheel: 4-Way<\/span><\/td>\n<td><span style=\"font-weight: 400;\">1 par y 2 n\u00fameros distintos<\/span><\/td>\n<td><span style=\"font-weight: 400;\">4 d\u00edgitos en el orden exacto<\/span><\/td>\n<td><\/td>\n<td><span style=\"font-weight: 400;\">$5000<\/span><\/td>\n<td><span style=\"font-weight: 400;\">1 en 2,500<\/span><\/td>\n<\/tr>\n<tr>\n<td><span style=\"font-weight: 400;\">Wheel: 6-Way<\/span><\/td>\n<td><span style=\"font-weight: 400;\">2 pares diferentes<\/span><\/td>\n<td><span style=\"font-weight: 400;\">4 d\u00edgitos en el orden exacto<\/span><\/td>\n<td><\/td>\n<td><span style=\"font-weight: 400;\">$5000<\/span><\/td>\n<td><span style=\"font-weight: 400;\">1 en 1,667<\/span><\/td>\n<\/tr>\n<tr>\n<td><span style=\"font-weight: 400;\">Wheel: 12-Way<\/span><\/td>\n<td><span style=\"font-weight: 400;\">3 d\u00edgitos del mismo n\u00famero y 1 un n\u00famero diferente<\/span><\/td>\n<td><span style=\"font-weight: 400;\">4 d\u00edgitos en el orden exacto<\/span><\/td>\n<td><\/td>\n<td><span style=\"font-weight: 400;\">$5000<\/span><\/td>\n<td><span style=\"font-weight: 400;\">1 en 833<\/span><\/td>\n<\/tr>\n<tr>\n<td><span style=\"font-weight: 400;\">Front 3\/Back 3: Straight<\/span><\/td>\n<td><span style=\"font-weight: 400;\">3 n\u00fameros cualquiera<\/span><\/td>\n<td><span style=\"font-weight: 400;\">Primeros o \u00faltimos 3 d\u00edgitos en el orden exacto<\/span><\/td>\n<td><\/td>\n<td><span style=\"font-weight: 400;\">$500<\/span><\/td>\n<td><span style=\"font-weight: 400;\">1 en 1,000<\/span><\/td>\n<\/tr>\n<tr>\n<td><span style=\"font-weight: 400;\">Front 3\/Back 3: Box &#8211; 3-Way<\/span><\/td>\n<td><span style=\"font-weight: 400;\">1 par y 1 n\u00famero distinto<\/span><\/td>\n<td><span style=\"font-weight: 400;\">Primeros o \u00faltimos 3 d\u00edgitos en cualquier orden<\/span><\/td>\n<td><\/td>\n<td><span style=\"font-weight: 400;\">$160<\/span><\/td>\n<td><span style=\"font-weight: 400;\">1 en 333<\/span><\/td>\n<\/tr>\n<tr>\n<td><span style=\"font-weight: 400;\">Front 3\/Back 3: Box &#8211; 6-Way<\/span><\/td>\n<td><span style=\"font-weight: 400;\">3 n\u00fameros no repetidos<\/span><\/td>\n<td><span style=\"font-weight: 400;\">Primeros o \u00faltimos 3 d\u00edgitos en cualquier orden<\/span><\/td>\n<td><\/td>\n<td><span style=\"font-weight: 400;\">$80<\/span><\/td>\n<td><span style=\"font-weight: 400;\">1 en 167<\/span><\/td>\n<\/tr>\n<tr>\n<td><span style=\"font-weight: 400;\">Front 3\/Back 3: Combo &#8211; 3-Way<\/span><\/td>\n<td><span style=\"font-weight: 400;\">1 par y 1 n\u00famero distinto<\/span><\/td>\n<td><span style=\"font-weight: 400;\">Primeros o \u00faltimos 3 d\u00edgitos en cualquier orden o en el orden exacto<\/span><\/td>\n<td><\/td>\n<td><span style=\"font-weight: 400;\">$330 (orden exacto)<\/span><\/p>\n<p><span style=\"font-weight: 400;\">$80 (cualquier orden)<\/span><\/td>\n<td><span style=\"font-weight: 400;\">1 en 1,000<\/span><\/p>\n<p><span style=\"font-weight: 400;\">1 en 333<\/span><\/td>\n<\/tr>\n<tr>\n<td><span style=\"font-weight: 400;\">Front 3\/Back 3: Combo &#8211; 6-Way<\/span><\/td>\n<td><span style=\"font-weight: 400;\">3 n\u00fameros no repetidos<\/span><\/td>\n<td><span style=\"font-weight: 400;\">Primeros o \u00faltimos 3 d\u00edgitos en cualquier orden o en el orden exacto<\/span><\/td>\n<td><\/td>\n<td><span style=\"font-weight: 400;\">$290 (orden exacto)<\/span><\/p>\n<p><span style=\"font-weight: 400;\">$40 (cualquier orden)<\/span><\/td>\n<td><span style=\"font-weight: 400;\">1 en 1,000<\/span><\/p>\n<p><span style=\"font-weight: 400;\">1 en 167<\/span><\/td>\n<\/tr>\n<tr>\n<td><span style=\"font-weight: 400;\">Front 3\/Back 3: Wheel &#8211; 3-Way<\/span><\/td>\n<td><span style=\"font-weight: 400;\">1 par y 1 n\u00famero distinto<\/span><\/td>\n<td><span style=\"font-weight: 400;\">Primeros o \u00faltimos 3 d\u00edgitos en el orden exacto<\/span><\/td>\n<td><\/td>\n<td><span style=\"font-weight: 400;\">$500<\/span><\/td>\n<td><span style=\"font-weight: 400;\">1 en 333<\/span><\/td>\n<\/tr>\n<tr>\n<td><span style=\"font-weight: 400;\">Front 3\/Back 3: Wheel &#8211; 6-Way<\/span><\/td>\n<td><span style=\"font-weight: 400;\">3 n\u00fameros no repetidos<\/span><\/td>\n<td><span style=\"font-weight: 400;\">Primeros o \u00faltimos 3 d\u00edgitos en el orden exacto<\/span><\/td>\n<td><\/td>\n<td><span style=\"font-weight: 400;\">$500<\/span><\/td>\n<td><span style=\"font-weight: 400;\">1 en 167<\/span><\/td>\n<\/tr>\n<\/tbody>\n<\/table>\n<p>\n<\/section><\/p>\n","protected":false},"excerpt":{"rendered":"","protected":false},"author":2,"featured_media":0,"parent":13885,"menu_order":4,"comment_status":"closed","ping_status":"closed","template":"lottery-results-game-child-template.php","meta":{"footnotes":""},"class_list":["post-13918","page","type-page","status-publish","hentry"],"acf":[],"yoast_head":"<!-- This site is optimized with the Yoast SEO plugin v23.4 - https:\/\/yoast.com\/wordpress\/plugins\/seo\/ -->\n<title>Daily 4 de Indiana (IN): Resultados y N\u00fameros Ganadores de Hoy [Noche+D\u00eda]<\/title>\n<meta name=\"description\" content=\"Conozca los \u00faltimos resultados, n\u00fameros ganadores y premio mayor del Daily 4 de Indiana. Tambi\u00e9n, aprenda sobre sus reglas, pagos, probabilidades y m\u00e1s.\" \/>\n<meta name=\"robots\" content=\"index, follow, max-snippet:-1, max-image-preview:large, max-video-preview:-1\" \/>\n<link rel=\"canonical\" href=\"https:\/\/www.lotterycritic.com\/es\/resultados-loteria\/indiana\/daily-4\/\" \/>\n<meta property=\"og:locale\" content=\"es_ES\" \/>\n<meta property=\"og:type\" content=\"article\" \/>\n<meta property=\"og:title\" content=\"Daily 4 de Indiana (IN): Resultados y N\u00fameros Ganadores de Hoy [Noche+D\u00eda]\" \/>\n<meta property=\"og:description\" content=\"Conozca los \u00faltimos resultados, n\u00fameros ganadores y premio mayor del Daily 4 de Indiana. Tambi\u00e9n, aprenda sobre sus reglas, pagos, probabilidades y m\u00e1s.\" \/>\n<meta property=\"og:url\" content=\"https:\/\/www.lotterycritic.com\/es\/resultados-loteria\/indiana\/daily-4\/\" \/>\n<meta property=\"og:site_name\" content=\"Lottery Critic\" \/>\n<meta property=\"article:modified_time\" content=\"2023-08-11T12:08:51+00:00\" \/>\n<meta name=\"twitter:card\" content=\"summary_large_image\" \/>\n<meta name=\"twitter:label1\" content=\"Tiempo de lectura\" \/>\n\t<meta name=\"twitter:data1\" content=\"4 minutos\" \/>\n<script type=\"application\/ld+json\" class=\"yoast-schema-graph\">{\"@context\":\"https:\/\/schema.org\",\"@graph\":[{\"@type\":\"WebPage\",\"@id\":\"https:\/\/www.lotterycritic.com\/es\/resultados-loteria\/indiana\/daily-4\/\",\"url\":\"https:\/\/www.lotterycritic.com\/es\/resultados-loteria\/indiana\/daily-4\/\",\"name\":\"Daily 4 de Indiana (IN): Resultados y N\u00fameros Ganadores de Hoy [Noche+D\u00eda]\",\"isPartOf\":{\"@id\":\"https:\/\/www.lotterycritic.com\/es\/#website\"},\"datePublished\":\"2023-07-25T02:47:43+00:00\",\"dateModified\":\"2023-08-11T12:08:51+00:00\",\"description\":\"Conozca los \u00faltimos resultados, n\u00fameros ganadores y premio mayor del Daily 4 de Indiana. Tambi\u00e9n, aprenda sobre sus reglas, pagos, probabilidades y m\u00e1s.\",\"breadcrumb\":{\"@id\":\"https:\/\/www.lotterycritic.com\/es\/resultados-loteria\/indiana\/daily-4\/#breadcrumb\"},\"inLanguage\":\"es\",\"potentialAction\":[{\"@type\":\"ReadAction\",\"target\":[\"https:\/\/www.lotterycritic.com\/es\/resultados-loteria\/indiana\/daily-4\/\"]}]},{\"@type\":\"BreadcrumbList\",\"@id\":\"https:\/\/www.lotterycritic.com\/es\/resultados-loteria\/indiana\/daily-4\/#breadcrumb\",\"itemListElement\":[{\"@type\":\"ListItem\",\"position\":1,\"name\":\"Home\",\"item\":\"https:\/\/www.lotterycritic.com\/es\/\"},{\"@type\":\"ListItem\",\"position\":2,\"name\":\"Resultados de La Loter\u00eda Americana &#8211; Los \u00daltimos N\u00fameros Ganadores de La Loter\u00eda de Estados Unidos\",\"item\":\"https:\/\/www.lotterycritic.com\/es\/resultados-loteria\/\"},{\"@type\":\"ListItem\",\"position\":3,\"name\":\"Resultados del Daily 3 de Indiana (IN) y N\u00fameros Ganadores de Hoy [Noche + D\u00eda]\",\"item\":\"https:\/\/www.lotterycritic.com\/es\/resultados-loteria\/indiana\/\"},{\"@type\":\"ListItem\",\"position\":4,\"name\":\"Resultados del Daily 4 de Indiana (IN) y N\u00fameros Ganadores de Hoy [Noche + D\u00eda]\"}]},{\"@type\":\"WebSite\",\"@id\":\"https:\/\/www.lotterycritic.com\/es\/#website\",\"url\":\"https:\/\/www.lotterycritic.com\/es\/\",\"name\":\"Lottery Critic\",\"description\":\"Your Guide to Lottery Results, Winning Numbers &amp; More\u2026\",\"potentialAction\":[{\"@type\":\"SearchAction\",\"target\":{\"@type\":\"EntryPoint\",\"urlTemplate\":\"https:\/\/www.lotterycritic.com\/es\/?s={search_term_string}\"},\"query-input\":{\"@type\":\"PropertyValueSpecification\",\"valueRequired\":true,\"valueName\":\"search_term_string\"}}],\"inLanguage\":\"es\"}]}<\/script>\n<!-- \/ Yoast SEO plugin. -->","yoast_head_json":{"title":"Daily 4 de Indiana (IN): Resultados y N\u00fameros Ganadores de Hoy [Noche+D\u00eda]","description":"Conozca los \u00faltimos resultados, n\u00fameros ganadores y premio mayor del Daily 4 de Indiana. Tambi\u00e9n, aprenda sobre sus reglas, pagos, probabilidades y m\u00e1s.","robots":{"index":"index","follow":"follow","max-snippet":"max-snippet:-1","max-image-preview":"max-image-preview:large","max-video-preview":"max-video-preview:-1"},"canonical":"https:\/\/www.lotterycritic.com\/es\/resultados-loteria\/indiana\/daily-4\/","og_locale":"es_ES","og_type":"article","og_title":"Daily 4 de Indiana (IN): Resultados y N\u00fameros Ganadores de Hoy [Noche+D\u00eda]","og_description":"Conozca los \u00faltimos resultados, n\u00fameros ganadores y premio mayor del Daily 4 de Indiana. Tambi\u00e9n, aprenda sobre sus reglas, pagos, probabilidades y m\u00e1s.","og_url":"https:\/\/www.lotterycritic.com\/es\/resultados-loteria\/indiana\/daily-4\/","og_site_name":"Lottery Critic","article_modified_time":"2023-08-11T12:08:51+00:00","twitter_card":"summary_large_image","twitter_misc":{"Tiempo de lectura":"4 minutos"},"schema":{"@context":"https:\/\/schema.org","@graph":[{"@type":"WebPage","@id":"https:\/\/www.lotterycritic.com\/es\/resultados-loteria\/indiana\/daily-4\/","url":"https:\/\/www.lotterycritic.com\/es\/resultados-loteria\/indiana\/daily-4\/","name":"Daily 4 de Indiana (IN): Resultados y N\u00fameros Ganadores de Hoy [Noche+D\u00eda]","isPartOf":{"@id":"https:\/\/www.lotterycritic.com\/es\/#website"},"datePublished":"2023-07-25T02:47:43+00:00","dateModified":"2023-08-11T12:08:51+00:00","description":"Conozca los \u00faltimos resultados, n\u00fameros ganadores y premio mayor del Daily 4 de Indiana. Tambi\u00e9n, aprenda sobre sus reglas, pagos, probabilidades y m\u00e1s.","breadcrumb":{"@id":"https:\/\/www.lotterycritic.com\/es\/resultados-loteria\/indiana\/daily-4\/#breadcrumb"},"inLanguage":"es","potentialAction":[{"@type":"ReadAction","target":["https:\/\/www.lotterycritic.com\/es\/resultados-loteria\/indiana\/daily-4\/"]}]},{"@type":"BreadcrumbList","@id":"https:\/\/www.lotterycritic.com\/es\/resultados-loteria\/indiana\/daily-4\/#breadcrumb","itemListElement":[{"@type":"ListItem","position":1,"name":"Home","item":"https:\/\/www.lotterycritic.com\/es\/"},{"@type":"ListItem","position":2,"name":"Resultados de La Loter\u00eda Americana &#8211; Los \u00daltimos N\u00fameros Ganadores de La Loter\u00eda de Estados Unidos","item":"https:\/\/www.lotterycritic.com\/es\/resultados-loteria\/"},{"@type":"ListItem","position":3,"name":"Resultados del Daily 3 de Indiana (IN) y N\u00fameros Ganadores de Hoy [Noche + D\u00eda]","item":"https:\/\/www.lotterycritic.com\/es\/resultados-loteria\/indiana\/"},{"@type":"ListItem","position":4,"name":"Resultados del Daily 4 de Indiana (IN) y N\u00fameros Ganadores de Hoy [Noche + D\u00eda]"}]},{"@type":"WebSite","@id":"https:\/\/www.lotterycritic.com\/es\/#website","url":"https:\/\/www.lotterycritic.com\/es\/","name":"Lottery Critic","description":"Your Guide to Lottery Results, Winning Numbers &amp; More\u2026","potentialAction":[{"@type":"SearchAction","target":{"@type":"EntryPoint","urlTemplate":"https:\/\/www.lotterycritic.com\/es\/?s={search_term_string}"},"query-input":{"@type":"PropertyValueSpecification","valueRequired":true,"valueName":"search_term_string"}}],"inLanguage":"es"}]}},"_links":{"self":[{"href":"https:\/\/www.lotterycritic.com\/es\/wp-json\/wp\/v2\/pages\/13918"}],"collection":[{"href":"https:\/\/www.lotterycritic.com\/es\/wp-json\/wp\/v2\/pages"}],"about":[{"href":"https:\/\/www.lotterycritic.com\/es\/wp-json\/wp\/v2\/types\/page"}],"author":[{"embeddable":true,"href":"https:\/\/www.lotterycritic.com\/es\/wp-json\/wp\/v2\/users\/2"}],"replies":[{"embeddable":true,"href":"https:\/\/www.lotterycritic.com\/es\/wp-json\/wp\/v2\/comments?post=13918"}],"version-history":[{"count":3,"href":"https:\/\/www.lotterycritic.com\/es\/wp-json\/wp\/v2\/pages\/13918\/revisions"}],"predecessor-version":[{"id":14009,"href":"https:\/\/www.lotterycritic.com\/es\/wp-json\/wp\/v2\/pages\/13918\/revisions\/14009"}],"up":[{"embeddable":true,"href":"https:\/\/www.lotterycritic.com\/es\/wp-json\/wp\/v2\/pages\/13885"}],"wp:attachment":[{"href":"https:\/\/www.lotterycritic.com\/es\/wp-json\/wp\/v2\/media?parent=13918"}],"curies":[{"name":"wp","href":"https:\/\/api.w.org\/{rel}","templated":true}]}}