{"id":13887,"date":"2023-07-22T23:43:02","date_gmt":"2023-07-22T23:43:02","guid":{"rendered":"https:\/\/www.lotterycritic.com\/resultados-loteria\/indiana\/resultados-daily-3-de-la-loteria-de-indiana-in-y-numeros-ganadores-noche-mediodia\/"},"modified":"2023-07-25T16:24:23","modified_gmt":"2023-07-25T16:24:23","slug":"daily-3","status":"publish","type":"page","link":"https:\/\/www.lotterycritic.com\/es\/resultados-loteria\/indiana\/daily-3\/","title":{"rendered":"Resultados Daily 3 de la Loter\u00eda de Indiana (IN) y N\u00fameros ganadores [Noche + Mediod\u00eda]"},"content":{"rendered":"<p><section><div class=\"section-anchor\" id=\"c--mo-jugar\"><\/div><\/p>\n<h2><span style=\"font-weight: 400;\">C\u00f3mo jugar al Daily 3 de la Loter\u00eda de Indiana<\/span><\/h2>\n<p>Al igual que el Daily 4 de Indiana, el Daily 3 se sortea dos veces al d\u00eda. Para este juego, existe un premio mayor fijo de $500 por cada sorteo. La cantidad que puede ganar depende de su estilo de juego escogido y el valor de la apuesta. Puede conocer m\u00e1s<a href=\"https:\/\/www.lotterycritic.com\/es\/resultados-loteria\/indiana\/\"> resultados de la Loter\u00eda de Indiana aqu\u00ed<\/a>.<\/p>\n<p>Para jugar debe elegir un n\u00famero del 000 al 999. Luego, elija un estilo de juego y apueste una cantidad, adem\u00e1s de escoger un horario de sorteo (d\u00eda, noche o ambos). Gana el premio mayor cuando su combinaci\u00f3n coincide con los n\u00fameros sorteados en el orden exacto.<\/p>\n<p>Puede elegir de entre los siguientes estilos de juego:<\/p>\n<ul>\n<li><b>Straight: <\/b><span style=\"font-weight: 400;\">Tendr\u00e1 que acertar los n\u00fameros en el orden exacto.<\/span><\/li>\n<li><b>Box: <\/b><span style=\"font-weight: 400;\">Puede coincidir en los n\u00fameros ganadores en cualquier orden.<\/span><\/li>\n<li><b>Combo: <\/b><span style=\"font-weight: 400;\">Es posible acertar los n\u00fameros ganadores en cualquier orden o en el orden exacto. Disponible para billetes de $1.<\/span><\/li>\n<li><b>Wheel: <\/b><span style=\"font-weight: 400;\">Con este estilo de juego, estar\u00e1 realizando apuestas Straight para todas las posibles combinaciones que surgen de su n\u00famero elegido, aumentando sus probabilidades de ganar.<\/span><\/li>\n<li><b>Front Pair\/Back Pair: <\/b><span style=\"font-weight: 400;\">Seleccione 2 n\u00fameros (en lugar de 3). Estos deber\u00e1n coincidir con los dos primeros o los dos \u00faltimos n\u00fameros ganadores en el orden exacto.<\/span><\/li>\n<li><b>1-OFF: <\/b><span style=\"font-weight: 400;\">Puede seleccionar entre 1 y 4 d\u00edgitos que pueden estar uno por arriba o uno por debajo de los n\u00fameros sorteados. Esta opci\u00f3n no aplica si acierta un Straight.<\/span><\/li>\n<\/ul>\n<p>Para todos los juegos, a excepci\u00f3n del 1-OFF, puede a\u00f1adir la opci\u00f3n Superball para obtener mejores probabilidades de ganar. Esta opci\u00f3n le permite intercambiar el Superball (un n\u00famero aleatorio elegido para cada sorteo) por uno de los n\u00fameros ganadores, para as\u00ed conseguir una coincidencia.<\/p>\n<p>\n<\/section><\/p>\n<p><section><div class=\"section-anchor\" id=\"calendario-de-sorteos\"><\/div><\/p>\n<h2><span style=\"font-weight: 400;\">Calendario de sorteos del Daily 3 de Indiana<\/span><\/h2>\n<p>El juego Daily 3 de Indiana se sortea a la <span style=\"font-weight: 400;\">1:20 PM y 11 PM, hora del este, todos los d\u00edas. Los billetes se venden hasta la 1:10 PM para el sorteo del d\u00eda, y hasta las 10:39 PM para el sorteo de la noche.<\/span><\/p>\n<p>\n<\/section><\/p>\n<p><section><div class=\"section-anchor\" id=\"pagos-y-probabilidades\"><\/div><\/p>\n<h2><span style=\"font-weight: 400;\">Pagos y Probabilidades de ganar el Daily 3 de Indiana<\/span><\/h2>\n<table>\n<tbody>\n<tr>\n<td><b>Estilo de juego<\/b><\/td>\n<td><b>Selecci\u00f3n<\/b><\/td>\n<td><b>Aciertos<\/b><\/td>\n<td><b>Premio para una apuesta de $0.50<\/b><\/td>\n<td><b>Premio para una apuesta de $1<\/b><\/td>\n<td><b>Probabilidades<\/b><\/td>\n<\/tr>\n<tr>\n<td><span style=\"font-weight: 400;\">Straight<\/span><\/td>\n<td><span style=\"font-weight: 400;\">3 d\u00edgitos cualquiera<\/span><\/td>\n<td><span style=\"font-weight: 400;\">3 d\u00edgitos en el orden exacto<\/span><\/td>\n<td><span style=\"font-weight: 400;\">$250<\/span><\/td>\n<td><span style=\"font-weight: 400;\">$500<\/span><\/td>\n<td><span style=\"font-weight: 400;\">1 en 1,000<\/span><\/td>\n<\/tr>\n<tr>\n<td><span style=\"font-weight: 400;\">Box: 3-Way<\/span><\/td>\n<td><span style=\"font-weight: 400;\">1 par y 1 n\u00famero diferente<\/span><\/td>\n<td><span style=\"font-weight: 400;\">3 d\u00edgitos en cualquier orden<\/span><\/td>\n<td><span style=\"font-weight: 400;\">$80<\/span><\/td>\n<td><span style=\"font-weight: 400;\">$160<\/span><\/td>\n<td><span style=\"font-weight: 400;\">1 en 333<\/span><\/td>\n<\/tr>\n<tr>\n<td><span style=\"font-weight: 400;\">Box: 6-Way<\/span><\/td>\n<td><span style=\"font-weight: 400;\">3 n\u00fameros cualquiera distintos<\/span><\/td>\n<td><span style=\"font-weight: 400;\">3 d\u00edgitos en cualquier orden<\/span><\/td>\n<td><span style=\"font-weight: 400;\">$40<\/span><\/td>\n<td><span style=\"font-weight: 400;\">$80<\/span><\/td>\n<td><span style=\"font-weight: 400;\">1 en 167<\/span><\/td>\n<\/tr>\n<tr>\n<td><span style=\"font-weight: 400;\">Combo: 3-Way<\/span><\/td>\n<td><span style=\"font-weight: 400;\">1 par y 1 n\u00famero diferente<\/span><\/td>\n<td><span style=\"font-weight: 400;\">3 d\u00edgitos en cualquier orden o en el orden exacto<\/span><\/td>\n<td><\/td>\n<td><span style=\"font-weight: 400;\">$330 (orden exacto)<\/span><\/p>\n<p><span style=\"font-weight: 400;\">$80 (cualquier orden)<\/span><\/td>\n<td><span style=\"font-weight: 400;\">1 en 1,000<\/span><\/p>\n<p><span style=\"font-weight: 400;\">1 en 333<\/span><\/td>\n<\/tr>\n<tr>\n<td><span style=\"font-weight: 400;\">Combo: 6-Way<\/span><\/td>\n<td><span style=\"font-weight: 400;\">3 n\u00fameros cualquiera distintos<\/span><\/td>\n<td><span style=\"font-weight: 400;\">3 d\u00edgitos en cualquier orden o en el orden exacto<\/span><\/td>\n<td><\/td>\n<td><span style=\"font-weight: 400;\">$290 (orden exacto)<\/span><\/p>\n<p><span style=\"font-weight: 400;\">$40 (cualquier orden)<\/span><\/td>\n<td><span style=\"font-weight: 400;\">1 en 1,000<\/span><\/p>\n<p><span style=\"font-weight: 400;\">1 en 167<\/span><\/td>\n<\/tr>\n<tr>\n<td><span style=\"font-weight: 400;\">Front Pair<\/span><\/td>\n<td><span style=\"font-weight: 400;\">2 n\u00fameros cualquiera<\/span><\/td>\n<td><span style=\"font-weight: 400;\">Primeros 2 d\u00edgitos en el orden exacto<\/span><\/td>\n<td><span style=\"font-weight: 400;\">$25<\/span><\/td>\n<td><span style=\"font-weight: 400;\">$50<\/span><\/td>\n<td><span style=\"font-weight: 400;\">1 en 100<\/span><\/td>\n<\/tr>\n<tr>\n<td><span style=\"font-weight: 400;\">Back Pair<\/span><\/td>\n<td><span style=\"font-weight: 400;\">2 n\u00fameros cualquiera<\/span><\/td>\n<td><span style=\"font-weight: 400;\">\u00daltimos 2 d\u00edgitos en el orden exacto<\/span><\/td>\n<td><span style=\"font-weight: 400;\">$25<\/span><\/td>\n<td><span style=\"font-weight: 400;\">$50<\/span><\/td>\n<td><span style=\"font-weight: 400;\">1 en 100<\/span><\/td>\n<\/tr>\n<tr>\n<td><span style=\"font-weight: 400;\">Wheel: 6-Way<\/span><\/td>\n<td><span style=\"font-weight: 400;\">3 n\u00fameros cualquiera distintos<\/span><\/td>\n<td><span style=\"font-weight: 400;\">Todos los posibles juegos Straight<\/span><\/td>\n<td><\/td>\n<td><span style=\"font-weight: 400;\">$500<\/span><\/td>\n<td><span style=\"font-weight: 400;\">1 en 167<\/span><\/td>\n<\/tr>\n<tr>\n<td><span style=\"font-weight: 400;\">Wheel: 3-Way<\/span><\/td>\n<td><span style=\"font-weight: 400;\">1 par y 1 n\u00famero diferente<\/span><\/td>\n<td><span style=\"font-weight: 400;\">Todos los posibles juegos Straight<\/span><\/td>\n<td><\/td>\n<td><span style=\"font-weight: 400;\">$500<\/span><\/td>\n<td><span style=\"font-weight: 400;\">1 en 333<\/span><\/td>\n<\/tr>\n<\/tbody>\n<\/table>\n<p>\n<\/section><\/p>\n<p><section><div class=\"section-anchor\" id=\"estrategia-para-el-daily-3-de-indiana\"><\/div><\/p>\n<h2><span style=\"font-weight: 400;\">Estrategia para el Daily 3 de Indiana<\/span><\/h2>\n<p>\u00bfLe interesa aprender sobre las estrategias que puede aplicar para obtener m\u00e1s probabilidades de ganar el Daily 3? Eche un vistazo a nuestra gu\u00eda sobre la estrategia para el Pick 3. Estas estrategias funcionan para todos los juegos de 3 n\u00fameros, incluido el Pick 3, Play 3, Cash 3 o Daily 3.<\/p>\n<p>\n<\/section><\/p>\n","protected":false},"excerpt":{"rendered":"","protected":false},"author":2,"featured_media":0,"parent":13885,"menu_order":5,"comment_status":"closed","ping_status":"closed","template":"lottery-results-game-child-template.php","meta":{"footnotes":""},"class_list":["post-13887","page","type-page","status-publish","hentry"],"acf":[],"yoast_head":"<!-- This site is optimized with the Yoast SEO plugin v23.4 - https:\/\/yoast.com\/wordpress\/plugins\/seo\/ -->\n<title>Daily 3 de Indiana (IN): Resultados y N\u00fameros Ganadores de Hoy [Noche+D\u00eda]<\/title>\n<meta name=\"description\" content=\"Obtenga los resultados m\u00e1s recientes, n\u00fameros ganadores y cantidades del premio mayor para el juego Daily 3 de la Loter\u00eda Hoosier. Adem\u00e1s, lea sobre sus reglas, pagos, probabilidades y m\u00e1s.\" \/>\n<meta name=\"robots\" content=\"index, follow, max-snippet:-1, max-image-preview:large, max-video-preview:-1\" \/>\n<link rel=\"canonical\" href=\"https:\/\/www.lotterycritic.com\/es\/resultados-loteria\/indiana\/daily-3\/\" \/>\n<meta property=\"og:locale\" content=\"es_ES\" \/>\n<meta property=\"og:type\" content=\"article\" \/>\n<meta property=\"og:title\" content=\"Daily 3 de Indiana (IN): Resultados y N\u00fameros Ganadores de Hoy [Noche+D\u00eda]\" \/>\n<meta property=\"og:description\" content=\"Obtenga los resultados m\u00e1s recientes, n\u00fameros ganadores y cantidades del premio mayor para el juego Daily 3 de la Loter\u00eda Hoosier. Adem\u00e1s, lea sobre sus reglas, pagos, probabilidades y m\u00e1s.\" \/>\n<meta property=\"og:url\" content=\"https:\/\/www.lotterycritic.com\/es\/resultados-loteria\/indiana\/daily-3\/\" \/>\n<meta property=\"og:site_name\" content=\"Lottery Critic\" \/>\n<meta property=\"article:modified_time\" content=\"2023-07-25T16:24:23+00:00\" \/>\n<meta name=\"twitter:card\" content=\"summary_large_image\" \/>\n<meta name=\"twitter:label1\" content=\"Tiempo de lectura\" \/>\n\t<meta name=\"twitter:data1\" content=\"3 minutos\" \/>\n<script type=\"application\/ld+json\" class=\"yoast-schema-graph\">{\"@context\":\"https:\/\/schema.org\",\"@graph\":[{\"@type\":\"WebPage\",\"@id\":\"https:\/\/www.lotterycritic.com\/es\/resultados-loteria\/indiana\/daily-3\/\",\"url\":\"https:\/\/www.lotterycritic.com\/es\/resultados-loteria\/indiana\/daily-3\/\",\"name\":\"Daily 3 de Indiana (IN): Resultados y N\u00fameros Ganadores de Hoy [Noche+D\u00eda]\",\"isPartOf\":{\"@id\":\"https:\/\/www.lotterycritic.com\/es\/#website\"},\"datePublished\":\"2023-07-22T23:43:02+00:00\",\"dateModified\":\"2023-07-25T16:24:23+00:00\",\"description\":\"Obtenga los resultados m\u00e1s recientes, n\u00fameros ganadores y cantidades del premio mayor para el juego Daily 3 de la Loter\u00eda Hoosier. Adem\u00e1s, lea sobre sus reglas, pagos, probabilidades y m\u00e1s.\",\"breadcrumb\":{\"@id\":\"https:\/\/www.lotterycritic.com\/es\/resultados-loteria\/indiana\/daily-3\/#breadcrumb\"},\"inLanguage\":\"es\",\"potentialAction\":[{\"@type\":\"ReadAction\",\"target\":[\"https:\/\/www.lotterycritic.com\/es\/resultados-loteria\/indiana\/daily-3\/\"]}]},{\"@type\":\"BreadcrumbList\",\"@id\":\"https:\/\/www.lotterycritic.com\/es\/resultados-loteria\/indiana\/daily-3\/#breadcrumb\",\"itemListElement\":[{\"@type\":\"ListItem\",\"position\":1,\"name\":\"Home\",\"item\":\"https:\/\/www.lotterycritic.com\/es\/\"},{\"@type\":\"ListItem\",\"position\":2,\"name\":\"Resultados de La Loter\u00eda Americana &#8211; Los \u00daltimos N\u00fameros Ganadores de La Loter\u00eda de Estados Unidos\",\"item\":\"https:\/\/www.lotterycritic.com\/es\/resultados-loteria\/\"},{\"@type\":\"ListItem\",\"position\":3,\"name\":\"Resultados del Daily 3 de Indiana (IN) y N\u00fameros Ganadores de Hoy [Noche + D\u00eda]\",\"item\":\"https:\/\/www.lotterycritic.com\/es\/resultados-loteria\/indiana\/\"},{\"@type\":\"ListItem\",\"position\":4,\"name\":\"Resultados Daily 3 de la Loter\u00eda de Indiana (IN) y N\u00fameros ganadores [Noche + Mediod\u00eda]\"}]},{\"@type\":\"WebSite\",\"@id\":\"https:\/\/www.lotterycritic.com\/es\/#website\",\"url\":\"https:\/\/www.lotterycritic.com\/es\/\",\"name\":\"Lottery Critic\",\"description\":\"Your Guide to Lottery Results, Winning Numbers &amp; More\u2026\",\"potentialAction\":[{\"@type\":\"SearchAction\",\"target\":{\"@type\":\"EntryPoint\",\"urlTemplate\":\"https:\/\/www.lotterycritic.com\/es\/?s={search_term_string}\"},\"query-input\":{\"@type\":\"PropertyValueSpecification\",\"valueRequired\":true,\"valueName\":\"search_term_string\"}}],\"inLanguage\":\"es\"}]}<\/script>\n<!-- \/ Yoast SEO plugin. -->","yoast_head_json":{"title":"Daily 3 de Indiana (IN): Resultados y N\u00fameros Ganadores de Hoy [Noche+D\u00eda]","description":"Obtenga los resultados m\u00e1s recientes, n\u00fameros ganadores y cantidades del premio mayor para el juego Daily 3 de la Loter\u00eda Hoosier. Adem\u00e1s, lea sobre sus reglas, pagos, probabilidades y m\u00e1s.","robots":{"index":"index","follow":"follow","max-snippet":"max-snippet:-1","max-image-preview":"max-image-preview:large","max-video-preview":"max-video-preview:-1"},"canonical":"https:\/\/www.lotterycritic.com\/es\/resultados-loteria\/indiana\/daily-3\/","og_locale":"es_ES","og_type":"article","og_title":"Daily 3 de Indiana (IN): Resultados y N\u00fameros Ganadores de Hoy [Noche+D\u00eda]","og_description":"Obtenga los resultados m\u00e1s recientes, n\u00fameros ganadores y cantidades del premio mayor para el juego Daily 3 de la Loter\u00eda Hoosier. Adem\u00e1s, lea sobre sus reglas, pagos, probabilidades y m\u00e1s.","og_url":"https:\/\/www.lotterycritic.com\/es\/resultados-loteria\/indiana\/daily-3\/","og_site_name":"Lottery Critic","article_modified_time":"2023-07-25T16:24:23+00:00","twitter_card":"summary_large_image","twitter_misc":{"Tiempo de lectura":"3 minutos"},"schema":{"@context":"https:\/\/schema.org","@graph":[{"@type":"WebPage","@id":"https:\/\/www.lotterycritic.com\/es\/resultados-loteria\/indiana\/daily-3\/","url":"https:\/\/www.lotterycritic.com\/es\/resultados-loteria\/indiana\/daily-3\/","name":"Daily 3 de Indiana (IN): Resultados y N\u00fameros Ganadores de Hoy [Noche+D\u00eda]","isPartOf":{"@id":"https:\/\/www.lotterycritic.com\/es\/#website"},"datePublished":"2023-07-22T23:43:02+00:00","dateModified":"2023-07-25T16:24:23+00:00","description":"Obtenga los resultados m\u00e1s recientes, n\u00fameros ganadores y cantidades del premio mayor para el juego Daily 3 de la Loter\u00eda Hoosier. Adem\u00e1s, lea sobre sus reglas, pagos, probabilidades y m\u00e1s.","breadcrumb":{"@id":"https:\/\/www.lotterycritic.com\/es\/resultados-loteria\/indiana\/daily-3\/#breadcrumb"},"inLanguage":"es","potentialAction":[{"@type":"ReadAction","target":["https:\/\/www.lotterycritic.com\/es\/resultados-loteria\/indiana\/daily-3\/"]}]},{"@type":"BreadcrumbList","@id":"https:\/\/www.lotterycritic.com\/es\/resultados-loteria\/indiana\/daily-3\/#breadcrumb","itemListElement":[{"@type":"ListItem","position":1,"name":"Home","item":"https:\/\/www.lotterycritic.com\/es\/"},{"@type":"ListItem","position":2,"name":"Resultados de La Loter\u00eda Americana &#8211; Los \u00daltimos N\u00fameros Ganadores de La Loter\u00eda de Estados Unidos","item":"https:\/\/www.lotterycritic.com\/es\/resultados-loteria\/"},{"@type":"ListItem","position":3,"name":"Resultados del Daily 3 de Indiana (IN) y N\u00fameros Ganadores de Hoy [Noche + D\u00eda]","item":"https:\/\/www.lotterycritic.com\/es\/resultados-loteria\/indiana\/"},{"@type":"ListItem","position":4,"name":"Resultados Daily 3 de la Loter\u00eda de Indiana (IN) y N\u00fameros ganadores [Noche + Mediod\u00eda]"}]},{"@type":"WebSite","@id":"https:\/\/www.lotterycritic.com\/es\/#website","url":"https:\/\/www.lotterycritic.com\/es\/","name":"Lottery Critic","description":"Your Guide to Lottery Results, Winning Numbers &amp; More\u2026","potentialAction":[{"@type":"SearchAction","target":{"@type":"EntryPoint","urlTemplate":"https:\/\/www.lotterycritic.com\/es\/?s={search_term_string}"},"query-input":{"@type":"PropertyValueSpecification","valueRequired":true,"valueName":"search_term_string"}}],"inLanguage":"es"}]}},"_links":{"self":[{"href":"https:\/\/www.lotterycritic.com\/es\/wp-json\/wp\/v2\/pages\/13887"}],"collection":[{"href":"https:\/\/www.lotterycritic.com\/es\/wp-json\/wp\/v2\/pages"}],"about":[{"href":"https:\/\/www.lotterycritic.com\/es\/wp-json\/wp\/v2\/types\/page"}],"author":[{"embeddable":true,"href":"https:\/\/www.lotterycritic.com\/es\/wp-json\/wp\/v2\/users\/2"}],"replies":[{"embeddable":true,"href":"https:\/\/www.lotterycritic.com\/es\/wp-json\/wp\/v2\/comments?post=13887"}],"version-history":[{"count":3,"href":"https:\/\/www.lotterycritic.com\/es\/wp-json\/wp\/v2\/pages\/13887\/revisions"}],"predecessor-version":[{"id":14011,"href":"https:\/\/www.lotterycritic.com\/es\/wp-json\/wp\/v2\/pages\/13887\/revisions\/14011"}],"up":[{"embeddable":true,"href":"https:\/\/www.lotterycritic.com\/es\/wp-json\/wp\/v2\/pages\/13885"}],"wp:attachment":[{"href":"https:\/\/www.lotterycritic.com\/es\/wp-json\/wp\/v2\/media?parent=13887"}],"curies":[{"name":"wp","href":"https:\/\/api.w.org\/{rel}","templated":true}]}}