{"id":13883,"date":"2023-07-21T23:49:28","date_gmt":"2023-07-21T23:49:28","guid":{"rendered":"https:\/\/www.lotterycritic.com\/resultados-loteria\/illinois\/resultados-del-pick-4-de-la-loteria-de-illinois-il-y-numeros-ganadores-noche-dia\/"},"modified":"2023-07-25T15:23:19","modified_gmt":"2023-07-25T15:23:19","slug":"pick-4","status":"publish","type":"page","link":"https:\/\/www.lotterycritic.com\/es\/resultados-loteria\/illinois\/pick-4\/","title":{"rendered":"Resultados del Pick 4 de la Loter\u00eda de Illinois (IL) y N\u00fameros ganadores [Noche + D\u00eda]"},"content":{"rendered":"<p><section><div class=\"section-anchor\" id=\"c--mo-jugar\"><\/div><\/p>\n<h2>C\u00f3mo jugar al Pick 4 de Illinois<\/h2>\n<h3>Elija sus n\u00fameros<\/h3>\n<p>Puede usar la opci\u00f3n Quick Pick para que la computadora escoja sus n\u00fameros autom\u00e1ticamente por usted, o puede seleccionar sus n\u00fameros llenando la papeleta y eligiendo un n\u00famero de cuatro d\u00edgitos del 0000 al 9999.<\/p>\n<h3>Compre su billete<\/h3>\n<p>Puede comprar billetes para el Pick 4 en puntos de venta autorizados en Illinois. Tambi\u00e9n est\u00e1 disponible la opci\u00f3n de jugar en l\u00ednea por medio del sitio web oficial de la loter\u00eda o su aplicaci\u00f3n m\u00f3vil.<\/p>\n<p>\n<\/section><\/p>\n<p><section><div class=\"section-anchor\" id=\"calendario-de-sorteos\"><\/div><\/p>\n<h2>Calendario de sorteos del Pick 4 en Illinois<\/h2>\n<p>Los sorteos del Pick 4 se llevan a cabo <strong>dos veces al d\u00eda a las 12:40 PM y 9:22 PM CST<\/strong>.<\/p>\n<p>\n<\/section><\/p>\n<p><section><div class=\"section-anchor\" id=\"pagos-y-reglas\"><\/div><\/p>\n<h2>Pagos y Reglas del Pick 4 de Illinois<\/h2>\n<p>El Pick 4 de Illinois ofrece 6 estilos de juego. Puede escoger entre straight, box, straight\/box, combo, front pair, o back pair. Elija tambi\u00e9n la cantidad a apostar, desde $0.50 hasta $5. Luego, escoja sus n\u00fameros, y los sorteos a los cuales le gustar\u00eda entrar.<\/p>\n<h3>FIREBALL<\/h3>\n<p>Pick 4 con la FIREBALL le brinda un n\u00famero extra y m\u00e1s oportunidades de ganar. Con este, duplica su apuesta en cada juego.<\/p>\n<h3>Premios y Probabilidades del Pick 4 de Illinois<\/h3>\n<table>\n<tbody>\n<tr>\n<td><strong>Tipo de juego y aciertos<\/strong><\/td>\n<td><strong>Premio con una apuesta de $0.50<\/strong><\/td>\n<td><strong>Premio con una apuesta de $0.50 + FIREBALL<\/strong><\/td>\n<td><strong>Premio con una apuesta de $1<\/strong><\/td>\n<td><strong>Premio con una apuesta de $1 + FIREBALL<\/strong><\/td>\n<td><strong>Probabilidades de ganar<\/strong><\/td>\n<td><strong>Probabilidades con la FIREBALL<\/strong><\/td>\n<\/tr>\n<tr>\n<td>Straight<\/td>\n<td>$2,500<\/td>\n<td>$1,000<\/td>\n<td>$5,000<\/td>\n<td>$2,500<\/td>\n<td>1 en 10,000<\/td>\n<td>1 en 2,500<\/td>\n<\/tr>\n<tr>\n<td>Box 4-way<\/td>\n<td>$600<\/td>\n<td>$240<\/td>\n<td>$1,200<\/td>\n<td>$480<\/td>\n<td>1 en 2,500<\/td>\n<td>1 en 625<\/td>\n<\/tr>\n<tr>\n<td>Box 6-way<\/td>\n<td>$400<\/td>\n<td>$180<\/td>\n<td>$800<\/td>\n<td>$320<\/td>\n<td>1 en 1,667<\/td>\n<td>1 en 417<\/td>\n<\/tr>\n<tr>\n<td>Box 12-way<\/td>\n<td>$200<\/td>\n<td>$80<\/td>\n<td>$400<\/td>\n<td>$160<\/td>\n<td>1 en 833<\/td>\n<td>1 en 208<\/td>\n<\/tr>\n<tr>\n<td>Box 24-way<\/td>\n<td>$100<\/td>\n<td>$40<\/td>\n<td>$200<\/td>\n<td>$80<\/td>\n<td>1 en 417<\/td>\n<td>1 en 104<\/td>\n<\/tr>\n<tr>\n<td>Combo 4-way<\/td>\n<td>$2,500 (apuesta de $2)<\/td>\n<td>$1,000<\/td>\n<td>$5,000 (apuesta de $4)<\/td>\n<td>$2,000<\/td>\n<td>1 en 10,000<\/td>\n<td>1 en 625<\/td>\n<\/tr>\n<tr>\n<td>Combo 6-way<\/td>\n<td>$2,500 (apuesta de $3)<\/td>\n<td>$1,000<\/td>\n<td>$5,000 (apuesta de $6)<\/td>\n<td>$2,000<\/td>\n<td>1 en 10,000<\/td>\n<td>1 en 417<\/td>\n<\/tr>\n<tr>\n<td>Combo 12-way<\/td>\n<td>$2,500 (apuesta de $6)<\/td>\n<td>$1,000<\/td>\n<td>$5,000 (apuesta de $12)<\/td>\n<td>$2,000<\/td>\n<td>1 en 10,000<\/td>\n<td>1 en 208<\/td>\n<\/tr>\n<tr>\n<td>Combo 24-way<\/td>\n<td>$2,500 (apuesta de $12)<\/td>\n<td>$1,000<\/td>\n<td>$5,000 (apuesta de $24)<\/td>\n<td>$2,000<\/td>\n<td>1 en 10,000<\/td>\n<td>1 en 104<\/td>\n<\/tr>\n<tr>\n<td>Straight\/Box 4-way<\/td>\n<td>&#8211;<\/td>\n<td>&#8211;<\/td>\n<td>$3,100 (straight)<br \/>\n$600 (box)<\/td>\n<td>$1,240 (straight)<br \/>\n$240 (box)<\/td>\n<td>1 en 10,000 (straight)<br \/>\n1 en 2,500 (box)<\/td>\n<td>1 en 2,500 (straight)<br \/>\n1 en 625 (box)<\/td>\n<\/tr>\n<tr>\n<td>Straight\/Box 6-way<\/td>\n<td>&#8211;<\/td>\n<td>&#8211;<\/td>\n<td>$2,900 (straight)<br \/>\n$400 (box)<\/td>\n<td>$1,160 (straight)<br \/>\n$160 (box)<\/td>\n<td>1 en 10,000 (straight)<br \/>\n1 en 1,667 (box)<\/td>\n<td>1 en 2,500 (straight)<br \/>\n1 en 417 (box)<\/td>\n<\/tr>\n<tr>\n<td>Straight\/Box 12-way<\/td>\n<td>&#8211;<\/td>\n<td>&#8211;<\/td>\n<td>$2,700 (straight)<br \/>\n$200 (box)<\/td>\n<td>$1,080 (straight)<br \/>\n$80 (box)<\/td>\n<td>1 en 10,000 (straight)<br \/>\n1 en 833 (box)<\/td>\n<td>1 en 2,500 (straight)<br \/>\n1 en 208 (box)<\/td>\n<\/tr>\n<tr>\n<td>Straight\/Box 24-way<\/td>\n<td>&#8211;<\/td>\n<td>&#8211;<\/td>\n<td>$2,600 (straight)<br \/>\n$100 (box)<\/td>\n<td>$1,040 (straight)<br \/>\n$40 (box)<\/td>\n<td>1 en 10,000 (straight)<br \/>\n1 en 417 (box)<\/td>\n<td>1 en 2,500 (straight)<br \/>\n1 en 104 (box)<\/td>\n<\/tr>\n<\/tbody>\n<\/table>\n<p>\n<\/section><\/p>\n<p><section><div class=\"section-anchor\" id=\"c--mo-reclamar-su-premio\"><\/div><\/p>\n<h2>C\u00f3mo reclamar su premio del Pick 4 en Illinois<\/h2>\n<p><strong>Para premios hasta los $600:<\/strong><\/p>\n<ul>\n<li>Puede recoger en efectivo en la mayor\u00eda de los puntos de venta.<\/li>\n<li>Si juega en l\u00ednea, su premio ser\u00e1 enviado autom\u00e1ticamente a su cuenta.<\/li>\n<\/ul>\n<p><strong>Para premios por encima de $600:<\/strong><\/p>\n<ul>\n<li>Tendr\u00e1 que llenar un formulario de reclamo y enviarlo por correo postal junto con su billete ganador a la oficina de la Loter\u00eda de Illinois en Springfield.<\/li>\n<li>Puede tambi\u00e9n dirigirse a cualquier centro de reclamo de premios, para cantidades hasta los $25,000, que recibir\u00e1 inmediatamente. Si su premio se halla por encima de esta cantidad, su reclamo se remitir\u00e1 a la oficina en Springfield.<\/li>\n<\/ul>\n<p><strong>Para juegos en l\u00ednea:<\/strong><\/p>\n<ul>\n<li>Premios de $600 y menos son acreditadas autom\u00e1ticamente a la cuenta del jugador.<\/li>\n<li>Si gana una cantidad superior, ser\u00e1 contactado por la loter\u00eda con las instrucciones para reclamar su premio.<\/li>\n<\/ul>\n<p>Todos los ganadores tendr\u00e1n hasta 1 a\u00f1o despu\u00e9s del sorteo para reclamar su premio.<\/p>\n<p>\n<\/section><\/p>\n<p><section><div class=\"section-anchor\" id=\"otras-loter--as-de-illinois\"><\/div><\/p>\n<h2>Otras Loter\u00edas de Illinois<\/h2>\n<p>Conozca los resultados de la loter\u00eda m\u00e1s recientes, premio mayor, probabilidades de ganar, pago de premios, calendario de sorteos semanales y dem\u00e1s informaci\u00f3n \u00fatil para <a href=\"https:\/\/www.lotterycritic.com\/es\/resultados-loteria\/illinois\/\">todas las loter\u00edas de Illinois (IL)<\/a> como <a href=\"https:\/\/www.lotterycritic.com\/lottery-results\/illinois\/lotto\/\">Lotto<\/a>, <a href=\"https:\/\/www.lotterycritic.com\/lottery-results\/illinois\/lucky-day-lotto\/\">Lucky Day Lotto<\/a>, <a href=\"https:\/\/www.lotterycritic.com\/es\/resultados-loteria\/virginia\/pick-3\/\">Pick 3<\/a>, Raspables, y las loter\u00edas m\u00e1s populares que se juegan en m\u00faltiples estados <a href=\"https:\/\/www.lotterycritic.com\/es\/resultados-loteria\/carolina-del-sur\/powerball\/\" rel=\"\">Powerball<\/a>\u00a0&\u00a0<a href=\"https:\/\/www.lotterycritic.com\/es\/resultados-loteria\/tennessee\/mega-millions\/\" rel=\"\">Mega Millions<\/a>.<\/p>\n<p>\n<\/section><\/p>\n","protected":false},"excerpt":{"rendered":"","protected":false},"author":6,"featured_media":0,"parent":13872,"menu_order":0,"comment_status":"closed","ping_status":"closed","template":"lottery-results-game-child-template.php","meta":{"footnotes":""},"class_list":["post-13883","page","type-page","status-publish","hentry"],"acf":[],"yoast_head":"<!-- This site is optimized with the Yoast SEO plugin v23.4 - https:\/\/yoast.com\/wordpress\/plugins\/seo\/ -->\n<title>Loter\u00eda Pick 4 de Illinois: Resultados y N\u00fameros Ganadores [Noche + D\u00eda]<\/title>\n<meta name=\"description\" content=\"Conozca los resultados del Pick 4 para la Loter\u00eda de Illinois, n\u00fameros ganadores m\u00e1s recientes, premio mayor vigente, probabilidades de ganar, pago de premios, calendario de sorteos y m\u00e1s.\" \/>\n<meta name=\"robots\" content=\"index, follow, max-snippet:-1, max-image-preview:large, max-video-preview:-1\" \/>\n<link rel=\"canonical\" href=\"https:\/\/www.lotterycritic.com\/es\/resultados-loteria\/illinois\/pick-4\/\" \/>\n<meta property=\"og:locale\" content=\"es_ES\" \/>\n<meta property=\"og:type\" content=\"article\" \/>\n<meta property=\"og:title\" content=\"Loter\u00eda Pick 4 de Illinois: Resultados y N\u00fameros Ganadores [Noche + D\u00eda]\" \/>\n<meta property=\"og:description\" content=\"Conozca los resultados del Pick 4 para la Loter\u00eda de Illinois, n\u00fameros ganadores m\u00e1s recientes, premio mayor vigente, probabilidades de ganar, pago de premios, calendario de sorteos y m\u00e1s.\" \/>\n<meta property=\"og:url\" content=\"https:\/\/www.lotterycritic.com\/es\/resultados-loteria\/illinois\/pick-4\/\" \/>\n<meta property=\"og:site_name\" content=\"Lottery Critic\" \/>\n<meta property=\"article:modified_time\" content=\"2023-07-25T15:23:19+00:00\" \/>\n<meta name=\"twitter:card\" content=\"summary_large_image\" \/>\n<meta name=\"twitter:label1\" content=\"Tiempo de lectura\" \/>\n\t<meta name=\"twitter:data1\" content=\"4 minutos\" \/>\n<script type=\"application\/ld+json\" class=\"yoast-schema-graph\">{\"@context\":\"https:\/\/schema.org\",\"@graph\":[{\"@type\":\"WebPage\",\"@id\":\"https:\/\/www.lotterycritic.com\/es\/resultados-loteria\/illinois\/pick-4\/\",\"url\":\"https:\/\/www.lotterycritic.com\/es\/resultados-loteria\/illinois\/pick-4\/\",\"name\":\"Loter\u00eda Pick 4 de Illinois: Resultados y N\u00fameros Ganadores [Noche + D\u00eda]\",\"isPartOf\":{\"@id\":\"https:\/\/www.lotterycritic.com\/es\/#website\"},\"datePublished\":\"2023-07-21T23:49:28+00:00\",\"dateModified\":\"2023-07-25T15:23:19+00:00\",\"description\":\"Conozca los resultados del Pick 4 para la Loter\u00eda de Illinois, n\u00fameros ganadores m\u00e1s recientes, premio mayor vigente, probabilidades de ganar, pago de premios, calendario de sorteos y m\u00e1s.\",\"breadcrumb\":{\"@id\":\"https:\/\/www.lotterycritic.com\/es\/resultados-loteria\/illinois\/pick-4\/#breadcrumb\"},\"inLanguage\":\"es\",\"potentialAction\":[{\"@type\":\"ReadAction\",\"target\":[\"https:\/\/www.lotterycritic.com\/es\/resultados-loteria\/illinois\/pick-4\/\"]}]},{\"@type\":\"BreadcrumbList\",\"@id\":\"https:\/\/www.lotterycritic.com\/es\/resultados-loteria\/illinois\/pick-4\/#breadcrumb\",\"itemListElement\":[{\"@type\":\"ListItem\",\"position\":1,\"name\":\"Home\",\"item\":\"https:\/\/www.lotterycritic.com\/es\/\"},{\"@type\":\"ListItem\",\"position\":2,\"name\":\"Resultados de La Loter\u00eda Americana &#8211; Los \u00daltimos N\u00fameros Ganadores de La Loter\u00eda de Estados Unidos\",\"item\":\"https:\/\/www.lotterycritic.com\/es\/resultados-loteria\/\"},{\"@type\":\"ListItem\",\"position\":3,\"name\":\"Resultados de Loter\u00eda Pick 4 de Illinois (IL) y N\u00fameros Ganadores de Hoy [Noche + D\u00eda]\",\"item\":\"https:\/\/www.lotterycritic.com\/es\/resultados-loteria\/illinois\/\"},{\"@type\":\"ListItem\",\"position\":4,\"name\":\"Resultados del Pick 4 de la Loter\u00eda de Illinois (IL) y N\u00fameros ganadores [Noche + D\u00eda]\"}]},{\"@type\":\"WebSite\",\"@id\":\"https:\/\/www.lotterycritic.com\/es\/#website\",\"url\":\"https:\/\/www.lotterycritic.com\/es\/\",\"name\":\"Lottery Critic\",\"description\":\"Your Guide to Lottery Results, Winning Numbers &amp; More\u2026\",\"potentialAction\":[{\"@type\":\"SearchAction\",\"target\":{\"@type\":\"EntryPoint\",\"urlTemplate\":\"https:\/\/www.lotterycritic.com\/es\/?s={search_term_string}\"},\"query-input\":{\"@type\":\"PropertyValueSpecification\",\"valueRequired\":true,\"valueName\":\"search_term_string\"}}],\"inLanguage\":\"es\"}]}<\/script>\n<!-- \/ Yoast SEO plugin. -->","yoast_head_json":{"title":"Loter\u00eda Pick 4 de Illinois: Resultados y N\u00fameros Ganadores [Noche + D\u00eda]","description":"Conozca los resultados del Pick 4 para la Loter\u00eda de Illinois, n\u00fameros ganadores m\u00e1s recientes, premio mayor vigente, probabilidades de ganar, pago de premios, calendario de sorteos y m\u00e1s.","robots":{"index":"index","follow":"follow","max-snippet":"max-snippet:-1","max-image-preview":"max-image-preview:large","max-video-preview":"max-video-preview:-1"},"canonical":"https:\/\/www.lotterycritic.com\/es\/resultados-loteria\/illinois\/pick-4\/","og_locale":"es_ES","og_type":"article","og_title":"Loter\u00eda Pick 4 de Illinois: Resultados y N\u00fameros Ganadores [Noche + D\u00eda]","og_description":"Conozca los resultados del Pick 4 para la Loter\u00eda de Illinois, n\u00fameros ganadores m\u00e1s recientes, premio mayor vigente, probabilidades de ganar, pago de premios, calendario de sorteos y m\u00e1s.","og_url":"https:\/\/www.lotterycritic.com\/es\/resultados-loteria\/illinois\/pick-4\/","og_site_name":"Lottery Critic","article_modified_time":"2023-07-25T15:23:19+00:00","twitter_card":"summary_large_image","twitter_misc":{"Tiempo de lectura":"4 minutos"},"schema":{"@context":"https:\/\/schema.org","@graph":[{"@type":"WebPage","@id":"https:\/\/www.lotterycritic.com\/es\/resultados-loteria\/illinois\/pick-4\/","url":"https:\/\/www.lotterycritic.com\/es\/resultados-loteria\/illinois\/pick-4\/","name":"Loter\u00eda Pick 4 de Illinois: Resultados y N\u00fameros Ganadores [Noche + D\u00eda]","isPartOf":{"@id":"https:\/\/www.lotterycritic.com\/es\/#website"},"datePublished":"2023-07-21T23:49:28+00:00","dateModified":"2023-07-25T15:23:19+00:00","description":"Conozca los resultados del Pick 4 para la Loter\u00eda de Illinois, n\u00fameros ganadores m\u00e1s recientes, premio mayor vigente, probabilidades de ganar, pago de premios, calendario de sorteos y m\u00e1s.","breadcrumb":{"@id":"https:\/\/www.lotterycritic.com\/es\/resultados-loteria\/illinois\/pick-4\/#breadcrumb"},"inLanguage":"es","potentialAction":[{"@type":"ReadAction","target":["https:\/\/www.lotterycritic.com\/es\/resultados-loteria\/illinois\/pick-4\/"]}]},{"@type":"BreadcrumbList","@id":"https:\/\/www.lotterycritic.com\/es\/resultados-loteria\/illinois\/pick-4\/#breadcrumb","itemListElement":[{"@type":"ListItem","position":1,"name":"Home","item":"https:\/\/www.lotterycritic.com\/es\/"},{"@type":"ListItem","position":2,"name":"Resultados de La Loter\u00eda Americana &#8211; Los \u00daltimos N\u00fameros Ganadores de La Loter\u00eda de Estados Unidos","item":"https:\/\/www.lotterycritic.com\/es\/resultados-loteria\/"},{"@type":"ListItem","position":3,"name":"Resultados de Loter\u00eda Pick 4 de Illinois (IL) y N\u00fameros Ganadores de Hoy [Noche + D\u00eda]","item":"https:\/\/www.lotterycritic.com\/es\/resultados-loteria\/illinois\/"},{"@type":"ListItem","position":4,"name":"Resultados del Pick 4 de la Loter\u00eda de Illinois (IL) y N\u00fameros ganadores [Noche + D\u00eda]"}]},{"@type":"WebSite","@id":"https:\/\/www.lotterycritic.com\/es\/#website","url":"https:\/\/www.lotterycritic.com\/es\/","name":"Lottery Critic","description":"Your Guide to Lottery Results, Winning Numbers &amp; More\u2026","potentialAction":[{"@type":"SearchAction","target":{"@type":"EntryPoint","urlTemplate":"https:\/\/www.lotterycritic.com\/es\/?s={search_term_string}"},"query-input":{"@type":"PropertyValueSpecification","valueRequired":true,"valueName":"search_term_string"}}],"inLanguage":"es"}]}},"_links":{"self":[{"href":"https:\/\/www.lotterycritic.com\/es\/wp-json\/wp\/v2\/pages\/13883"}],"collection":[{"href":"https:\/\/www.lotterycritic.com\/es\/wp-json\/wp\/v2\/pages"}],"about":[{"href":"https:\/\/www.lotterycritic.com\/es\/wp-json\/wp\/v2\/types\/page"}],"author":[{"embeddable":true,"href":"https:\/\/www.lotterycritic.com\/es\/wp-json\/wp\/v2\/users\/6"}],"replies":[{"embeddable":true,"href":"https:\/\/www.lotterycritic.com\/es\/wp-json\/wp\/v2\/comments?post=13883"}],"version-history":[{"count":3,"href":"https:\/\/www.lotterycritic.com\/es\/wp-json\/wp\/v2\/pages\/13883\/revisions"}],"predecessor-version":[{"id":13991,"href":"https:\/\/www.lotterycritic.com\/es\/wp-json\/wp\/v2\/pages\/13883\/revisions\/13991"}],"up":[{"embeddable":true,"href":"https:\/\/www.lotterycritic.com\/es\/wp-json\/wp\/v2\/pages\/13872"}],"wp:attachment":[{"href":"https:\/\/www.lotterycritic.com\/es\/wp-json\/wp\/v2\/media?parent=13883"}],"curies":[{"name":"wp","href":"https:\/\/api.w.org\/{rel}","templated":true}]}}