{"id":13870,"date":"2023-07-20T22:58:32","date_gmt":"2023-07-20T22:58:32","guid":{"rendered":"https:\/\/www.lotterycritic.com\/resultados-loteria\/georgia\/resultados-del-powerball-para-georgia-ga-y-numeros-ganadores-ayer-hoy\/"},"modified":"2023-07-25T16:16:11","modified_gmt":"2023-07-25T16:16:11","slug":"powerball","status":"publish","type":"page","link":"https:\/\/www.lotterycritic.com\/es\/resultados-loteria\/georgia\/powerball\/","title":{"rendered":"Resultados del Powerball para Georgia (GA) y N\u00fameros ganadores [Ayer + Hoy]"},"content":{"rendered":"<p>El Powerball es un juego con premio mayor que se juega en m\u00faltiples estados, y que ofrece premios impresionantes que llegan a los millones de d\u00f3lares. Si est\u00e1 ubicado en Georgia y se siente con suerte, este art\u00edculo le mostrar\u00e1 todo lo que se necesita saber sobre el Powerball de GA; desde el calendario de sorteos y pagos, hasta gu\u00edas de c\u00f3mo jugar y recoger su premio.<\/p>\n<p><section><div class=\"section-anchor\" id=\"probabilidades\"><\/div><\/p>\n<h2>Probabilidades del Powerball de Georgia<\/h2>\n<table>\n<tbody>\n<tr>\n<td style=\"text-align: center;\"><strong>N\u00fameros acertados<\/strong><\/td>\n<td style=\"text-align: center;\"><strong>Probabilidades de ganar<\/strong><\/td>\n<\/tr>\n<tr>\n<td style=\"text-align: center;\">5 +1<\/td>\n<td style=\"text-align: center;\" width=\"312\">1 en 292,201,338.00<\/td>\n<\/tr>\n<tr>\n<td style=\"text-align: center;\">5<\/td>\n<td style=\"text-align: center;\">1 en 11,688,053.52<\/td>\n<\/tr>\n<tr>\n<td style=\"text-align: center;\">4 + 1<\/td>\n<td style=\"text-align: center;\" width=\"312\">1 en 913,129.18<\/td>\n<\/tr>\n<tr>\n<td style=\"text-align: center;\" width=\"312\">4<\/td>\n<td style=\"text-align: center;\">1 en 36,525.17<\/td>\n<\/tr>\n<tr>\n<td style=\"text-align: center;\">3 + 1<\/td>\n<td style=\"text-align: center;\" width=\"312\">1 en 14,494.11<\/td>\n<\/tr>\n<tr>\n<td style=\"text-align: center;\" width=\"312\">3<\/td>\n<td style=\"text-align: center;\">1 en 579.76<\/td>\n<\/tr>\n<tr>\n<td style=\"text-align: center;\">2 + 1<\/td>\n<td style=\"text-align: center;\">1 en 701.33<\/td>\n<\/tr>\n<tr>\n<td style=\"text-align: center;\" width=\"312\">1 + 1<\/td>\n<td style=\"text-align: center;\">1 en 91.98<\/td>\n<\/tr>\n<tr>\n<td style=\"text-align: center;\" width=\"312\">0 + 1<\/td>\n<td style=\"text-align: center;\">1 en 38.32<\/td>\n<\/tr>\n<\/tbody>\n<\/table>\n<p>\n<\/section><\/p>\n<p><section><div class=\"section-anchor\" id=\"c--mo-jugar\"><\/div><\/p>\n<h2><strong>C\u00f3mo jugar al Powerball de Georgia<\/strong><\/h2>\n<p>Las reglas del Powerball de Georgia son simples: coincidir todas las cinco pelotas blancas y la Powerball roja para llevarse el premio mayor. Para hacerlo, necesita comprar billetes y participar del sorteo, que puede ser de forma f\u00edsica o en l\u00ednea.<\/p>\n<p>Primero, abordemos el proceso de jugar el Powerball en GA a trav\u00e9s de un punto de venta f\u00edsico:<\/p>\n<ul>\n<li style=\"font-weight: 400;\" aria-level=\"1\"><span style=\"font-weight: 400;\">Visite una tienda de la Loter\u00eda de GA y compre un billete del Powerball.<\/span><\/li>\n<li style=\"font-weight: 400;\" aria-level=\"1\"><span style=\"font-weight: 400;\">Escoja cinco n\u00fameros de pelota blanca entre un rango del 1 al 69, y una Powerball roja del 1 al 26.<\/span><\/li>\n<li style=\"font-weight: 400;\" aria-level=\"1\"><span style=\"font-weight: 400;\">Elija el n\u00famero de juegos en los que le gustar\u00eda participar. El m\u00e1ximo es cinco, y cada uno cuesta $2.<\/span><\/li>\n<li style=\"font-weight: 400;\" aria-level=\"1\"><span style=\"font-weight: 400;\">Seleccione el n\u00famero de sorteos consecutivos de los cuales ser\u00e1 parte. Puede elegir hasta 26 sorteos y jugar con los mismos n\u00fameros en cada uno de ellos.<\/span><\/li>\n<li style=\"font-weight: 400;\" aria-level=\"1\"><span style=\"font-weight: 400;\">El billete del Powerball le permite usar la opci\u00f3n de Power Play para multiplicar sus ganancias por fuera del premio mayor en 2, 3, 4, 5 o 10 veces.<\/span><\/li>\n<li style=\"font-weight: 400;\" aria-level=\"1\"><span style=\"font-weight: 400;\">Despu\u00e9s de llenar por completo el billete, f\u00edrmelo con su nombre al respaldo para asegurar su legitimidad.<\/span><\/li>\n<li style=\"font-weight: 400;\" aria-level=\"1\"><span style=\"font-weight: 400;\">Siga los resultados en vivo en la aplicaci\u00f3n de la Loter\u00eda de GA o en el sitio web oficial.<\/span><\/li>\n<\/ul>\n<p>Por otra parte, si planea jugar en l\u00ednea, estos son los pasos a seguir:<\/p>\n<ul>\n<li style=\"font-weight: 400;\" aria-level=\"1\"><span style=\"font-weight: 400;\">Seleccione el n\u00famero de billetes a comprar y luego indique las veces que quiere jugar con cada uno.<\/span><\/li>\n<li style=\"font-weight: 400;\" aria-level=\"1\"><span style=\"font-weight: 400;\">Escoja cinco n\u00fameros del 1 al 69 y a\u00f1ade el n\u00famero Powerball que deber\u00e1 escoger entre el 1 y el 26. La opci\u00f3n de Quick Pick genera n\u00fameros aleatorios y le ayuda a completar el billete por usted.<\/span><\/li>\n<li style=\"font-weight: 400;\" aria-level=\"1\"><span style=\"font-weight: 400;\">Puede seleccionar la opci\u00f3n de Power Play para incrementar los premios por fuera del premio mayor, incluso si juega en l\u00ednea.<\/span><\/li>\n<li style=\"font-weight: 400;\" aria-level=\"1\"><span style=\"font-weight: 400;\">Una vez completados los billetes, revise los detalles y confirme la compra.<\/span><\/li>\n<li style=\"font-weight: 400;\" aria-level=\"1\"><span style=\"font-weight: 400;\">Los billetes entrar\u00e1n al siguiente sorteo. Si gana menos de $600, el dinero se transferir\u00e1 directamente a su cuenta.<\/span><\/li>\n<\/ul>\n<p>\n<\/section><\/p>\n<p><section><div class=\"section-anchor\" id=\"calendario-de-sorteos-del-powerball-en-ga\"><\/div><\/p>\n<h2><strong>Calendario de sorteos del Powerball en GA<\/strong><\/h2>\n<p>La <a href=\"https:\/\/www.lotterycritic.com\/es\/resultados-loteria\/georgia\/\">Loter\u00eda de Georgia<\/a> organiza los sorteos del Powerball cada mi\u00e9rcoles y s\u00e1bado a las <span style=\"font-weight: 400;\">11 PM EST. Si quiere participar, puede comprar su billete hasta las 10 PM en la noche del sorteo.<\/span><\/p>\n<p>\n<\/section><\/p>\n<p><section><div class=\"section-anchor\" id=\"pagos--premios-y-reglas\"><\/div><\/p>\n<h2>Pagos, Premios y Reglas del Powerball de Georgia<\/h2>\n<p>Como se ha mencionado, el Powerball tiene reglas simples, similares a cualquier otra loter\u00eda. Elija cinco n\u00fameros del 1 al 69 para las pelotas blancas, y otro n\u00famero del 1 al 26 que ser\u00e1 el Powerball de pelota roja.<\/p>\n<p>Para ganar el premio mayor, necesita coincidir en los cinco n\u00fameros de pelota blanca y acertar en la Powerball. El sorteo sucede dos veces a la semana, en donde el premio mayor crece hasta que alguien lo gana.<\/p>\n<p>Aquellos que acierten en los cinco n\u00fameros de balota blanca, pero no en la roja, obtienen un premio de segundo nivel de <span style=\"font-weight: 400;\">$1,000,000. Adicionalmente, el Powerball de GA cuenta con otros siete niveles que tambi\u00e9n suponen un premio. La tabla a continuaci\u00f3n muestra las probabilidades, pagos y reglas del Powerball en GA.<\/span><\/p>\n<table>\n<tbody>\n<tr>\n<td><b>N\u00fameros acertados<\/b><\/td>\n<td><b>Premio<\/b><\/td>\n<td><b>Probabilidades de ganar<\/b><\/td>\n<\/tr>\n<tr>\n<td><span style=\"font-weight: 400;\">5 blancas + 1 roja<\/span><\/td>\n<td><span style=\"font-weight: 400;\">Premio mayor<\/span><\/td>\n<td><span style=\"font-weight: 400;\">1: 292,201,338.00<\/span><\/td>\n<\/tr>\n<tr>\n<td><span style=\"font-weight: 400;\">5 blancas<\/span><\/td>\n<td><span style=\"font-weight: 400;\">$1,000,000<\/span><\/td>\n<td><span style=\"font-weight: 400;\">1: 11,688,053.52<\/span><\/td>\n<\/tr>\n<tr>\n<td><span style=\"font-weight: 400;\">4 blancas + 1 roja<\/span><\/td>\n<td><span style=\"font-weight: 400;\">$50,000<\/span><\/td>\n<td><span style=\"font-weight: 400;\">1: 913,129.18<\/span><\/td>\n<\/tr>\n<tr>\n<td><span style=\"font-weight: 400;\">4 blancas<\/span><\/td>\n<td><span style=\"font-weight: 400;\">$100<\/span><\/td>\n<td><span style=\"font-weight: 400;\">1: 36,525.17<\/span><\/td>\n<\/tr>\n<tr>\n<td><span style=\"font-weight: 400;\">3 blancas + 1 roja<\/span><\/td>\n<td><span style=\"font-weight: 400;\">$100<\/span><\/td>\n<td><span style=\"font-weight: 400;\">1: 14,494.11<\/span><\/td>\n<\/tr>\n<tr>\n<td><span style=\"font-weight: 400;\">3 blancas<\/span><\/td>\n<td><span style=\"font-weight: 400;\">$7<\/span><\/td>\n<td><span style=\"font-weight: 400;\">1: 579.76<\/span><\/td>\n<\/tr>\n<tr>\n<td><span style=\"font-weight: 400;\">2 blancas + 1 roja<\/span><\/td>\n<td><span style=\"font-weight: 400;\">$7<\/span><\/td>\n<td><span style=\"font-weight: 400;\">1: 701.33<\/span><\/td>\n<\/tr>\n<tr>\n<td><span style=\"font-weight: 400;\">1 blancas + 1 roja<\/span><\/td>\n<td><span style=\"font-weight: 400;\">$4<\/span><\/td>\n<td><span style=\"font-weight: 400;\">1: 91.98<\/span><\/td>\n<\/tr>\n<tr>\n<td><span style=\"font-weight: 400;\">Powerball roja<\/span><\/td>\n<td><span style=\"font-weight: 400;\">$4<\/span><\/td>\n<td><span style=\"font-weight: 400;\">1: 38.32<\/span><\/td>\n<\/tr>\n<\/tbody>\n<\/table>\n<p>\n<\/section><\/p>\n<p><section><div class=\"section-anchor\" id=\"c--mo-reclamar-un-premio\"><\/div><\/p>\n<h2><strong>C\u00f3mo reclamar un premio del Powerball en Georgia<\/strong><\/h2>\n<p>Con respecto a los premios, los habitantes de Georgia pueden recoger sus ganancias de las siguientes formas:<\/p>\n<ul>\n<li style=\"font-weight: 400;\" aria-level=\"1\"><span style=\"font-weight: 400;\">Premios por debajo de $600 pueden reclamarse en cualquier punto de venta de la Loter\u00eda de GA, ya sea por correo postal o en la oficina de la <a href=\"https:\/\/www.lotterycritic.com\/es\/resultados-loteria\/georgia\/\">Loter\u00eda de Georgia<\/a>.<\/span><\/li>\n<li style=\"font-weight: 400;\" aria-level=\"1\"><span style=\"font-weight: 400;\">Para premios por encima de los $600, tendr\u00e1 que reclamarlos en la Oficina Principal de la Loter\u00eda de Georgia o en alguna de sus sucursales. Tambi\u00e9n es posible enviar un correo postal con la informaci\u00f3n a la Loter\u00eda de GA.<\/span><\/li>\n<\/ul>\n<p>Para reclamar su premio, que sobrepasa los $600, tendr\u00e1 que llenar un formulario de reclamo y presentar dos identificaciones, como licencia de conducir, pasaporte, o alguna otra identificaci\u00f3n. Tambi\u00e9n deber\u00e1 entregar documentos que muestren su n\u00famero de Seguro Social, para recibir sus ganancias sin complicaciones.<\/p>\n<p>Las personas que hayan ganado jugando el Powerball en l\u00ednea, recibir\u00e1n un correo electr\u00f3nico con las instrucciones para reclamar su premio. Los jugadores que hayan comprado billetes en l\u00ednea, tienen 180 d\u00edas para recoger el premio, mientras que los billetes instant\u00e1neos permiten un plazo de 90 d\u00edas.<\/p>\n<p>\n<\/section><\/p>\n<p><section><div class=\"section-anchor\" id=\"los-mayores-ganadores\"><\/div><\/p>\n<h2><strong>Los mayores ganadores del Powerball en Georgia<\/strong><\/h2>\n<p>Aunque parezca imposible hacerse con el premio mayor, existen algunos ganadores destacados del Powerball de Georgia. Estos son algunos de los afortunados habitantes de este estado:<\/p>\n<ul>\n<li style=\"font-weight: 400;\" aria-level=\"1\"><span style=\"font-weight: 400;\">En 2010, <\/span><b>Gerald L. Render<\/b><span style=\"font-weight: 400;\"> de Mableton compr\u00f3 un billete y gan\u00f3 $116 millones.<\/span><\/li>\n<li style=\"font-weight: 400;\" aria-level=\"1\"><span style=\"font-weight: 400;\">Un a\u00f1o despu\u00e9s, en 2011, hubo <\/span><b>dos ganadores<\/b><span style=\"font-weight: 400;\">. Uno de ellos fue <\/span><b>Kathy Scruggs <\/b><span style=\"font-weight: 400;\">de Decatur, que se llev\u00f3 $25 millones. El otro premio de $77.1 millones <\/span><b>nunca fue reclamado<\/b><span style=\"font-weight: 400;\">. \u00bfPerder esa cantidad de dinero?<\/span><\/li>\n<\/ul>\n<p>Recientemente, una pareja de <span style=\"font-weight: 400;\">Brookhaven, <\/span><b>William y Heather ten Broeke<\/b><span style=\"font-weight: 400;\">, gan\u00f3 un premio mayor alucinante de $246 millones. Compraron el billete ganador en un Publix Super Market.<\/span><\/p>\n<p>\n<\/section><\/p>\n<p><section><div class=\"section-anchor\" id=\"historia-y-datos\"><\/div><\/p>\n<h2><strong>Historia y Datos sobre el Powerball de Georgia<\/strong><\/h2>\n<ul>\n<li style=\"font-weight: 400;\" aria-level=\"1\"><span style=\"font-weight: 400;\">Georgia comenz\u00f3 con los sorteos del Powerball en 1995. Sin embargo, fue expulsado en 1996 por vender boletos para el Powerball y el The Big Game.<\/span><\/li>\n<li style=\"font-weight: 400;\" aria-level=\"1\"><span style=\"font-weight: 400;\">El estado volvi\u00f3 a ser parte del Powerball en 2010.<\/span><\/li>\n<li style=\"font-weight: 400;\" aria-level=\"1\"><span style=\"font-weight: 400;\">El Estado Durazno recoge fondos de las loter\u00edas, incluido el Powerball, y los invierte en educaci\u00f3n.<\/span><\/li>\n<\/ul>\n<p>\n<\/section><\/p>\n<p><section><div class=\"section-anchor\" id=\"otras-loter--as-de-georgia\"><\/div><\/p>\n<h2><strong>Otras Loter\u00edas de Georgia<\/strong><\/h2>\n<p>La <a href=\"https:\/\/www.lotterycritic.com\/es\/resultados-loteria\/georgia\/#top\">Loter\u00eda de Georgia<\/a> incluye varios eventos para atraer a todo tipo de jugadores en el estado. Dependiendo de sus preferencias, puede elegir entre <a href=\"https:\/\/www.lotterycritic.com\/es\/resultados-loteria\/georgia\/mega-millions\/\"><span style=\"font-weight: 400;\">Mega Millions<\/span><\/a><span style=\"font-weight: 400;\">, <\/span><a href=\"https:\/\/www.lotterycritic.com\/lottery-results\/georgia\/jumbo-bucks-lotto\/\"><span style=\"font-weight: 400;\">Jumbo Bucks Lotto<\/span><\/a><span style=\"font-weight: 400;\">, <\/span><a href=\"https:\/\/www.lotterycritic.com\/es\/resultados-loteria\/california\/fantasy-5\/\"><span style=\"font-weight: 400;\">Fantasy 5,<\/span><\/a> <a href=\"https:\/\/www.lotterycritic.com\/es\/resultados-loteria\/georgia\/cash-3\/\"><span style=\"font-weight: 400;\">Cash 3 Noche<\/span><\/a><span style=\"font-weight: 400;\">, <\/span><a href=\"https:\/\/www.lotterycritic.com\/es\/resultados-loteria\/georgia\/cash-3\/\"><span style=\"font-weight: 400;\">Cash 3 Mediod\u00eda<\/span><\/a><span style=\"font-weight: 400;\">, <\/span><a href=\"https:\/\/www.lotterycritic.com\/es\/resultados-loteria\/georgia\/cash-3\/\"><span style=\"font-weight: 400;\">Cash 3 Tarde<\/span><\/a><span style=\"font-weight: 400;\">, <\/span><a href=\"https:\/\/www.lotterycritic.com\/es\/resultados-loteria\/nueva-jersey\/cash4life\/\"><span style=\"font-weight: 400;\">Cash4Life<\/span><\/a><span style=\"font-weight: 400;\">, <\/span><a href=\"https:\/\/www.lotterycritic.com\/lottery-results\/georgia\/georgia-five\/\"><span style=\"font-weight: 400;\">Georgia FIVE<\/span><\/a><span style=\"font-weight: 400;\">, y muchos m\u00e1s.<\/span><\/p>\n<p>\n<\/section><\/p>\n<p><section><div class=\"section-anchor\" id=\"preguntas-frecuentes\"><\/div><\/p>\n<h2>Preguntas frecuentes sobre el Powerball de Georgia<\/h2>\n<h3><strong>\u00bfC\u00f3mo se gana el Powerball?<\/strong><\/h3>\n<p>La clave con el Powerball es que necesita coincidir en las cinco balotas blancas y el n\u00famero Powerball de balota roja para ganar el premio mayor. Aquellos que acierten los cinco n\u00fameros obtendr\u00e1n un premio de segundo nivel de <span style=\"font-weight: 400;\">$1,000,000.\u00a0<\/span><\/p>\n<p>Si quiere aumentar los premios que no sean el premio mayor, puede optar por la opci\u00f3n de Power Play y escoger un multiplicador de 2, 3, 4, 5, o 10 veces.<\/p>\n<h3><strong>\u00bfCu\u00e1ndo se sortea el Powerball?<\/strong><\/h3>\n<p><span style=\"font-weight: 400;\">Los sorteos del Powerball de Georgia suceden cada mi\u00e9rcoles y s\u00e1bado a las 11 PM EST.<\/span><\/p>\n<h3><strong>\u00bfHasta qu\u00e9 hora puede comprar billetes del Powerball?<\/strong><\/h3>\n<p><span style=\"font-weight: 400;\">Puede comprar billetes del Powerball hasta las 10 PM, aproximadamente una hora antes del sorteo.<\/span><\/p>\n<h3><strong>\u00bfCu\u00e1nto paga en impuestos sobre las ganancias con la Loter\u00eda de GA?<\/strong><\/h3>\n<p>Por ley, el 24 % del premio se retiene por concepto de impuestos federales, mientras que el 6 % se paga en impuestos de renta estatales. Si necesita calcularlos, use la <a href=\"https:\/\/www.lotterycritic.com\/es\/calculadoras-loteria\/calculadora-pagos-impuestos-powerball\/\">Calculadora de Pagos e Impuestos para el Powerball<\/a>.<\/p>\n<p>Utilice nuestra <a href=\"https:\/\/www.lotterycritic.com\/es\/calculadoras-loteria\/calculadora-pagos-impuestos-powerball\/\">calculadora de pagos e impuestos del Powerball<\/a> para averiguar cu\u00e1nto necesita pagar en impuestos, si gana el premio mayor del Powerball, tanto para entrega en efectivo como para la opci\u00f3n de anualidad.<\/p>\n<p>\n<\/section><\/p>\n","protected":false},"excerpt":{"rendered":"<p>El Powerball es un juego con premio mayor que se juega en m\u00faltiples estados, y que ofrece premios impresionantes que llegan a los millones de d\u00f3lares. Si est\u00e1 ubicado en Georgia y se siente con suerte, este art\u00edculo le mostrar\u00e1 todo lo que se necesita saber sobre el Powerball de GA; desde el calendario de [&hellip;]<\/p>\n","protected":false},"author":1,"featured_media":0,"parent":13844,"menu_order":1,"comment_status":"closed","ping_status":"closed","template":"lottery-results-game-child-template.php","meta":{"footnotes":""},"class_list":["post-13870","page","type-page","status-publish","hentry"],"acf":[],"yoast_head":"<!-- This site is optimized with the Yoast SEO plugin v23.4 - https:\/\/yoast.com\/wordpress\/plugins\/seo\/ -->\n<title>Loter\u00eda Powerball de Georgia: Resultados y N\u00fameros Ganadores [Ayer + Hoy]<\/title>\n<meta name=\"description\" content=\"Conozca las \u00faltimas noticias sobre el Powerball de Georgia, y aprenda sobre el premio mayor actual, las probabilidades de ganar, calendario de sorteos, y resultados de la loter\u00eda.\" \/>\n<meta name=\"robots\" content=\"index, follow, max-snippet:-1, max-image-preview:large, max-video-preview:-1\" \/>\n<link rel=\"canonical\" href=\"https:\/\/www.lotterycritic.com\/es\/resultados-loteria\/georgia\/powerball\/\" \/>\n<meta property=\"og:locale\" content=\"es_ES\" \/>\n<meta property=\"og:type\" content=\"article\" \/>\n<meta property=\"og:title\" content=\"Loter\u00eda Powerball de Georgia: Resultados y N\u00fameros Ganadores [Ayer + Hoy]\" \/>\n<meta property=\"og:description\" content=\"Conozca las \u00faltimas noticias sobre el Powerball de Georgia, y aprenda sobre el premio mayor actual, las probabilidades de ganar, calendario de sorteos, y resultados de la loter\u00eda.\" \/>\n<meta property=\"og:url\" content=\"https:\/\/www.lotterycritic.com\/es\/resultados-loteria\/georgia\/powerball\/\" \/>\n<meta property=\"og:site_name\" content=\"Lottery Critic\" \/>\n<meta property=\"article:modified_time\" content=\"2023-07-25T16:16:11+00:00\" \/>\n<meta name=\"twitter:card\" content=\"summary_large_image\" \/>\n<meta name=\"twitter:label1\" content=\"Tiempo de lectura\" \/>\n\t<meta name=\"twitter:data1\" content=\"7 minutos\" \/>\n<script type=\"application\/ld+json\" class=\"yoast-schema-graph\">{\"@context\":\"https:\/\/schema.org\",\"@graph\":[{\"@type\":\"WebPage\",\"@id\":\"https:\/\/www.lotterycritic.com\/es\/resultados-loteria\/georgia\/powerball\/\",\"url\":\"https:\/\/www.lotterycritic.com\/es\/resultados-loteria\/georgia\/powerball\/\",\"name\":\"Loter\u00eda Powerball de Georgia: Resultados y N\u00fameros Ganadores [Ayer + Hoy]\",\"isPartOf\":{\"@id\":\"https:\/\/www.lotterycritic.com\/es\/#website\"},\"datePublished\":\"2023-07-20T22:58:32+00:00\",\"dateModified\":\"2023-07-25T16:16:11+00:00\",\"description\":\"Conozca las \u00faltimas noticias sobre el Powerball de Georgia, y aprenda sobre el premio mayor actual, las probabilidades de ganar, calendario de sorteos, y resultados de la loter\u00eda.\",\"breadcrumb\":{\"@id\":\"https:\/\/www.lotterycritic.com\/es\/resultados-loteria\/georgia\/powerball\/#breadcrumb\"},\"inLanguage\":\"es\",\"potentialAction\":[{\"@type\":\"ReadAction\",\"target\":[\"https:\/\/www.lotterycritic.com\/es\/resultados-loteria\/georgia\/powerball\/\"]}]},{\"@type\":\"BreadcrumbList\",\"@id\":\"https:\/\/www.lotterycritic.com\/es\/resultados-loteria\/georgia\/powerball\/#breadcrumb\",\"itemListElement\":[{\"@type\":\"ListItem\",\"position\":1,\"name\":\"Home\",\"item\":\"https:\/\/www.lotterycritic.com\/es\/\"},{\"@type\":\"ListItem\",\"position\":2,\"name\":\"Resultados de La Loter\u00eda Americana &#8211; Los \u00daltimos N\u00fameros Ganadores de La Loter\u00eda de Estados Unidos\",\"item\":\"https:\/\/www.lotterycritic.com\/es\/resultados-loteria\/\"},{\"@type\":\"ListItem\",\"position\":3,\"name\":\"Resultados del Powerball de Georgia (GA) y N\u00fameros Ganadores [Ayer + Hoy]\",\"item\":\"https:\/\/www.lotterycritic.com\/es\/resultados-loteria\/georgia\/\"},{\"@type\":\"ListItem\",\"position\":4,\"name\":\"Resultados del Powerball para Georgia (GA) y N\u00fameros ganadores [Ayer + Hoy]\"}]},{\"@type\":\"WebSite\",\"@id\":\"https:\/\/www.lotterycritic.com\/es\/#website\",\"url\":\"https:\/\/www.lotterycritic.com\/es\/\",\"name\":\"Lottery Critic\",\"description\":\"Your Guide to Lottery Results, Winning Numbers &amp; More\u2026\",\"potentialAction\":[{\"@type\":\"SearchAction\",\"target\":{\"@type\":\"EntryPoint\",\"urlTemplate\":\"https:\/\/www.lotterycritic.com\/es\/?s={search_term_string}\"},\"query-input\":{\"@type\":\"PropertyValueSpecification\",\"valueRequired\":true,\"valueName\":\"search_term_string\"}}],\"inLanguage\":\"es\"}]}<\/script>\n<!-- \/ Yoast SEO plugin. -->","yoast_head_json":{"title":"Loter\u00eda Powerball de Georgia: Resultados y N\u00fameros Ganadores [Ayer + Hoy]","description":"Conozca las \u00faltimas noticias sobre el Powerball de Georgia, y aprenda sobre el premio mayor actual, las probabilidades de ganar, calendario de sorteos, y resultados de la loter\u00eda.","robots":{"index":"index","follow":"follow","max-snippet":"max-snippet:-1","max-image-preview":"max-image-preview:large","max-video-preview":"max-video-preview:-1"},"canonical":"https:\/\/www.lotterycritic.com\/es\/resultados-loteria\/georgia\/powerball\/","og_locale":"es_ES","og_type":"article","og_title":"Loter\u00eda Powerball de Georgia: Resultados y N\u00fameros Ganadores [Ayer + Hoy]","og_description":"Conozca las \u00faltimas noticias sobre el Powerball de Georgia, y aprenda sobre el premio mayor actual, las probabilidades de ganar, calendario de sorteos, y resultados de la loter\u00eda.","og_url":"https:\/\/www.lotterycritic.com\/es\/resultados-loteria\/georgia\/powerball\/","og_site_name":"Lottery Critic","article_modified_time":"2023-07-25T16:16:11+00:00","twitter_card":"summary_large_image","twitter_misc":{"Tiempo de lectura":"7 minutos"},"schema":{"@context":"https:\/\/schema.org","@graph":[{"@type":"WebPage","@id":"https:\/\/www.lotterycritic.com\/es\/resultados-loteria\/georgia\/powerball\/","url":"https:\/\/www.lotterycritic.com\/es\/resultados-loteria\/georgia\/powerball\/","name":"Loter\u00eda Powerball de Georgia: Resultados y N\u00fameros Ganadores [Ayer + Hoy]","isPartOf":{"@id":"https:\/\/www.lotterycritic.com\/es\/#website"},"datePublished":"2023-07-20T22:58:32+00:00","dateModified":"2023-07-25T16:16:11+00:00","description":"Conozca las \u00faltimas noticias sobre el Powerball de Georgia, y aprenda sobre el premio mayor actual, las probabilidades de ganar, calendario de sorteos, y resultados de la loter\u00eda.","breadcrumb":{"@id":"https:\/\/www.lotterycritic.com\/es\/resultados-loteria\/georgia\/powerball\/#breadcrumb"},"inLanguage":"es","potentialAction":[{"@type":"ReadAction","target":["https:\/\/www.lotterycritic.com\/es\/resultados-loteria\/georgia\/powerball\/"]}]},{"@type":"BreadcrumbList","@id":"https:\/\/www.lotterycritic.com\/es\/resultados-loteria\/georgia\/powerball\/#breadcrumb","itemListElement":[{"@type":"ListItem","position":1,"name":"Home","item":"https:\/\/www.lotterycritic.com\/es\/"},{"@type":"ListItem","position":2,"name":"Resultados de La Loter\u00eda Americana &#8211; Los \u00daltimos N\u00fameros Ganadores de La Loter\u00eda de Estados Unidos","item":"https:\/\/www.lotterycritic.com\/es\/resultados-loteria\/"},{"@type":"ListItem","position":3,"name":"Resultados del Powerball de Georgia (GA) y N\u00fameros Ganadores [Ayer + Hoy]","item":"https:\/\/www.lotterycritic.com\/es\/resultados-loteria\/georgia\/"},{"@type":"ListItem","position":4,"name":"Resultados del Powerball para Georgia (GA) y N\u00fameros ganadores [Ayer + Hoy]"}]},{"@type":"WebSite","@id":"https:\/\/www.lotterycritic.com\/es\/#website","url":"https:\/\/www.lotterycritic.com\/es\/","name":"Lottery Critic","description":"Your Guide to Lottery Results, Winning Numbers &amp; More\u2026","potentialAction":[{"@type":"SearchAction","target":{"@type":"EntryPoint","urlTemplate":"https:\/\/www.lotterycritic.com\/es\/?s={search_term_string}"},"query-input":{"@type":"PropertyValueSpecification","valueRequired":true,"valueName":"search_term_string"}}],"inLanguage":"es"}]}},"_links":{"self":[{"href":"https:\/\/www.lotterycritic.com\/es\/wp-json\/wp\/v2\/pages\/13870"}],"collection":[{"href":"https:\/\/www.lotterycritic.com\/es\/wp-json\/wp\/v2\/pages"}],"about":[{"href":"https:\/\/www.lotterycritic.com\/es\/wp-json\/wp\/v2\/types\/page"}],"author":[{"embeddable":true,"href":"https:\/\/www.lotterycritic.com\/es\/wp-json\/wp\/v2\/users\/1"}],"replies":[{"embeddable":true,"href":"https:\/\/www.lotterycritic.com\/es\/wp-json\/wp\/v2\/comments?post=13870"}],"version-history":[{"count":3,"href":"https:\/\/www.lotterycritic.com\/es\/wp-json\/wp\/v2\/pages\/13870\/revisions"}],"predecessor-version":[{"id":14001,"href":"https:\/\/www.lotterycritic.com\/es\/wp-json\/wp\/v2\/pages\/13870\/revisions\/14001"}],"up":[{"embeddable":true,"href":"https:\/\/www.lotterycritic.com\/es\/wp-json\/wp\/v2\/pages\/13844"}],"wp:attachment":[{"href":"https:\/\/www.lotterycritic.com\/es\/wp-json\/wp\/v2\/media?parent=13870"}],"curies":[{"name":"wp","href":"https:\/\/api.w.org\/{rel}","templated":true}]}}