{"id":13867,"date":"2023-07-19T01:37:04","date_gmt":"2023-07-19T01:37:04","guid":{"rendered":"https:\/\/www.lotterycritic.com\/resultados-loteria\/georgia\/resultados-del-mega-millions-para-la-loteria-de-georgia-ga-y-numeros-ganadores-ayer-hoy\/"},"modified":"2023-07-25T16:13:11","modified_gmt":"2023-07-25T16:13:11","slug":"mega-millions","status":"publish","type":"page","link":"https:\/\/www.lotterycritic.com\/es\/resultados-loteria\/georgia\/mega-millions\/","title":{"rendered":"Resultados del Mega Millions para la Loter\u00eda de Georgia (GA) y N\u00fameros ganadores [Ayer + Hoy]"},"content":{"rendered":"<p><section><div class=\"section-anchor\" id=\"pagos-y-premios\"><\/div><\/p>\n<h2>Pagos y Premios del Mega Millions de Georgia<\/h2>\n<table>\n<tbody>\n<tr>\n<td style=\"text-align: center;\" rowspan=\"2\" width=\"104\"><strong>Aciertos<\/strong><\/td>\n<td style=\"text-align: center;\" rowspan=\"2\" width=\"104\"><strong>Premio<\/strong><\/td>\n<td style=\"text-align: center;\" colspan=\"4\" width=\"416\"><strong>Premio con MegaPlier<\/strong><\/td>\n<\/tr>\n<tr>\n<td style=\"text-align: center;\" width=\"104\"><strong>2x<\/strong><\/td>\n<td style=\"text-align: center;\" width=\"104\"><strong>3x<\/strong><\/td>\n<td style=\"text-align: center;\" width=\"104\"><strong>4x<\/strong><\/td>\n<td style=\"text-align: center;\" width=\"104\"><strong>5x<\/strong><\/td>\n<\/tr>\n<tr>\n<td width=\"104\">5+1<\/td>\n<td width=\"104\">Premio mayor<\/td>\n<td width=\"104\">&#8211;<\/td>\n<td width=\"104\">&#8211;<\/td>\n<td width=\"104\">&#8211;<\/td>\n<td width=\"104\">&#8211;<\/td>\n<\/tr>\n<tr>\n<td width=\"104\">5+0<\/td>\n<td width=\"104\">$1,000,000<\/td>\n<td width=\"104\">$2,000,000<\/td>\n<td width=\"104\">$3,000,000<\/td>\n<td width=\"104\">$4,000,000<\/td>\n<td width=\"104\">$5,000,000<\/td>\n<\/tr>\n<tr>\n<td width=\"104\">4+1<\/td>\n<td width=\"104\">$5,000<\/td>\n<td width=\"104\">$10,000<\/td>\n<td width=\"104\">$15,000<\/td>\n<td width=\"104\">$20,000<\/td>\n<td width=\"104\">$25,000<\/td>\n<\/tr>\n<tr>\n<td width=\"104\">4+0<\/td>\n<td width=\"104\">$500<\/td>\n<td width=\"104\">$1,000<\/td>\n<td width=\"104\">$1,500<\/td>\n<td width=\"104\">$2,000<\/td>\n<td width=\"104\">$2,500<\/td>\n<\/tr>\n<tr>\n<td width=\"104\">3+1<\/td>\n<td width=\"104\">$50<\/td>\n<td width=\"104\">$100<\/td>\n<td width=\"104\">$150<\/td>\n<td width=\"104\">$200<\/td>\n<td width=\"104\">$250<\/td>\n<\/tr>\n<tr>\n<td width=\"104\">3+0<\/td>\n<td width=\"104\">$5<\/td>\n<td width=\"104\">$10<\/td>\n<td width=\"104\">$15<\/td>\n<td width=\"104\">$20<\/td>\n<td width=\"104\">$25<\/td>\n<\/tr>\n<tr>\n<td width=\"104\">2+1<\/td>\n<td width=\"104\">$5<\/td>\n<td width=\"104\">$10<\/td>\n<td width=\"104\">$15<\/td>\n<td width=\"104\">$20<\/td>\n<td width=\"104\">$25<\/td>\n<\/tr>\n<tr>\n<td width=\"104\">1+1<\/td>\n<td width=\"104\">$2<\/td>\n<td width=\"104\">$4<\/td>\n<td width=\"104\">$6<\/td>\n<td width=\"104\">$8<\/td>\n<td width=\"104\">$10<\/td>\n<\/tr>\n<tr>\n<td width=\"104\">0+1<\/td>\n<td width=\"104\">$1<\/td>\n<td width=\"104\">$2<\/td>\n<td width=\"104\">$3<\/td>\n<td width=\"104\">$4<\/td>\n<td width=\"104\">$5<\/td>\n<\/tr>\n<\/tbody>\n<\/table>\n<p>\n<\/section><\/p>\n<p><section><div class=\"section-anchor\" id=\"probabilidades\"><\/div><\/p>\n<h2>Probabilidades del Mega Millions de Georgia<\/h2>\n<table>\n<tbody>\n<tr>\n<td width=\"312\"><strong>N\u00fameros acertados<\/strong><\/td>\n<td width=\"312\"><strong>Probabilidades de ganar<\/strong><\/td>\n<\/tr>\n<tr>\n<td width=\"312\">5+1<\/td>\n<td width=\"312\">1 en 259,890,850<\/td>\n<\/tr>\n<tr>\n<td width=\"312\">5+0<\/td>\n<td width=\"312\">1 en 18,492,203.57<\/td>\n<\/tr>\n<tr>\n<td width=\"312\">4+1<\/td>\n<td width=\"312\">1 en 739,688.14<\/td>\n<\/tr>\n<tr>\n<td width=\"312\">4+0<\/td>\n<td width=\"312\">1 en 52,834.87<\/td>\n<\/tr>\n<tr>\n<td width=\"312\">3+1<\/td>\n<td width=\"312\">1 en 10,720.12<\/td>\n<\/tr>\n<tr>\n<td width=\"312\">3+0<\/td>\n<td width=\"312\">1 en 765.72<\/td>\n<\/tr>\n<tr>\n<td width=\"312\">2+1<\/td>\n<td width=\"312\">1 en 472.95<\/td>\n<\/tr>\n<tr>\n<td width=\"312\">1+1<\/td>\n<td width=\"312\">1 en 56.47<\/td>\n<\/tr>\n<tr>\n<td width=\"312\">0+1<\/td>\n<td width=\"312\">1 en 21.39<\/td>\n<\/tr>\n<tr>\n<td width=\"312\">Cualquier premio<\/td>\n<td width=\"312\">1 en 14.71<\/td>\n<\/tr>\n<\/tbody>\n<\/table>\n<p>\n<\/section><\/p>\n<p><section><div class=\"section-anchor\" id=\"preguntas-frecuentes\"><\/div><\/p>\n<h2>Preguntas frecuentes sobre el Mega Millions de Georgia<\/h2>\n<h3>\u00bfC\u00f3mo se gana el Mega Millions de Georgia?<\/h3>\n<p>Gana el premio mayor del Mega Millions al coincidir todos los seis n\u00fameros sorteados. Tambi\u00e9n puede ganar premios por fuera del premio mayor, que van desde $1 hasta $1 mill\u00f3n, acertando en uno o m\u00e1s n\u00fameros, como se detalla en la tabla de pagos y premios del Mega Millions de Georgia que encuentra m\u00e1s arriba.<\/p>\n<p>Georgia es uno de los estados que ofrece el MegaPly<sup>\u00ae<\/sup>, que puede ayudarle a multiplicar los premios por fuera del premio mayor, 2, 3, 4 o 5 veces, por $1 adicional.<\/p>\n<h3>\u00bfCu\u00e1ndo se sortea el Mega Millions de Georgia?<\/h3>\n<p>Los sorteos del Mega Millions suceden cada martes y viernes a las 11:00 p.m. hora del este.<\/p>\n<h3>\u00bfCu\u00e1l es la hora l\u00edmite para comprar billetes del Mega Millions en Georgia?<\/h3>\n<p>La venta de billetes del Mega Millions se detiene a las 10:45 p.m. hora del este, en los d\u00edas de sorteo.<\/p>\n<h3>\u00bfCu\u00e1nto paga en impuestos por ganancias del Mega Millions en Georgia?<\/h3>\n<p>Por ley, la <a href=\"https:\/\/www.lotterycritic.com\/es\/resultados-loteria\/georgia\/\">loter\u00eda de Georgia<\/a> retendr\u00e1 el 24 % de las ganancias por concepto de impuestos federales, y el 6 % por impuestos de renta estatales.<\/p>\n<p>Utilice nuestra <a href=\"https:\/\/www.lotterycritic.com\/es\/calculadoras-loteria\/calculadora-pagos-impuestos-mega-millions\/\">calculadora de pagos e impuestos del Mega Millions<\/a>, para averiguar cu\u00e1nto necesita pagar en impuestos, en caso de ganar el premio mayor del Mega Millions, ya sea para una entrega en efectivo o la opci\u00f3n de anualidad.<\/p>\n<p>\n<\/section><\/p>\n","protected":false},"excerpt":{"rendered":"","protected":false},"author":1,"featured_media":0,"parent":13844,"menu_order":1,"comment_status":"closed","ping_status":"closed","template":"lottery-results-game-child-template.php","meta":{"footnotes":""},"class_list":["post-13867","page","type-page","status-publish","hentry"],"acf":[],"yoast_head":"<!-- This site is optimized with the Yoast SEO plugin v23.4 - https:\/\/yoast.com\/wordpress\/plugins\/seo\/ -->\n<title>Mega Millions de Georgia (GA): Resultados y N\u00fameros Ganadores [Ayer + Hoy]<\/title>\n<meta name=\"description\" content=\"Obtenga los resultados m\u00e1s recientes, n\u00fameros ganadores, montos del premio mayor, n\u00fameros calientes y fr\u00edos, pagos, probabilidades, y m\u00e1s, para el Mega Millions de Georgia.\" \/>\n<meta name=\"robots\" content=\"index, follow, max-snippet:-1, max-image-preview:large, max-video-preview:-1\" \/>\n<link rel=\"canonical\" href=\"https:\/\/www.lotterycritic.com\/es\/resultados-loteria\/georgia\/mega-millions\/\" \/>\n<meta property=\"og:locale\" content=\"es_ES\" \/>\n<meta property=\"og:type\" content=\"article\" \/>\n<meta property=\"og:title\" content=\"Mega Millions de Georgia (GA): Resultados y N\u00fameros Ganadores [Ayer + Hoy]\" \/>\n<meta property=\"og:description\" content=\"Obtenga los resultados m\u00e1s recientes, n\u00fameros ganadores, montos del premio mayor, n\u00fameros calientes y fr\u00edos, pagos, probabilidades, y m\u00e1s, para el Mega Millions de Georgia.\" \/>\n<meta property=\"og:url\" content=\"https:\/\/www.lotterycritic.com\/es\/resultados-loteria\/georgia\/mega-millions\/\" \/>\n<meta property=\"og:site_name\" content=\"Lottery Critic\" \/>\n<meta property=\"article:modified_time\" content=\"2023-07-25T16:13:11+00:00\" \/>\n<meta name=\"twitter:card\" content=\"summary_large_image\" \/>\n<meta name=\"twitter:label1\" content=\"Tiempo de lectura\" \/>\n\t<meta name=\"twitter:data1\" content=\"2 minutos\" \/>\n<script type=\"application\/ld+json\" class=\"yoast-schema-graph\">{\"@context\":\"https:\/\/schema.org\",\"@graph\":[{\"@type\":\"WebPage\",\"@id\":\"https:\/\/www.lotterycritic.com\/es\/resultados-loteria\/georgia\/mega-millions\/\",\"url\":\"https:\/\/www.lotterycritic.com\/es\/resultados-loteria\/georgia\/mega-millions\/\",\"name\":\"Mega Millions de Georgia (GA): Resultados y N\u00fameros Ganadores [Ayer + Hoy]\",\"isPartOf\":{\"@id\":\"https:\/\/www.lotterycritic.com\/es\/#website\"},\"datePublished\":\"2023-07-19T01:37:04+00:00\",\"dateModified\":\"2023-07-25T16:13:11+00:00\",\"description\":\"Obtenga los resultados m\u00e1s recientes, n\u00fameros ganadores, montos del premio mayor, n\u00fameros calientes y fr\u00edos, pagos, probabilidades, y m\u00e1s, para el Mega Millions de Georgia.\",\"breadcrumb\":{\"@id\":\"https:\/\/www.lotterycritic.com\/es\/resultados-loteria\/georgia\/mega-millions\/#breadcrumb\"},\"inLanguage\":\"es\",\"potentialAction\":[{\"@type\":\"ReadAction\",\"target\":[\"https:\/\/www.lotterycritic.com\/es\/resultados-loteria\/georgia\/mega-millions\/\"]}]},{\"@type\":\"BreadcrumbList\",\"@id\":\"https:\/\/www.lotterycritic.com\/es\/resultados-loteria\/georgia\/mega-millions\/#breadcrumb\",\"itemListElement\":[{\"@type\":\"ListItem\",\"position\":1,\"name\":\"Home\",\"item\":\"https:\/\/www.lotterycritic.com\/es\/\"},{\"@type\":\"ListItem\",\"position\":2,\"name\":\"Resultados de La Loter\u00eda Americana &#8211; Los \u00daltimos N\u00fameros Ganadores de La Loter\u00eda de Estados Unidos\",\"item\":\"https:\/\/www.lotterycritic.com\/es\/resultados-loteria\/\"},{\"@type\":\"ListItem\",\"position\":3,\"name\":\"Resultados del Powerball de Georgia (GA) y N\u00fameros Ganadores [Ayer + Hoy]\",\"item\":\"https:\/\/www.lotterycritic.com\/es\/resultados-loteria\/georgia\/\"},{\"@type\":\"ListItem\",\"position\":4,\"name\":\"Resultados del Mega Millions para la Loter\u00eda de Georgia (GA) y N\u00fameros ganadores [Ayer + Hoy]\"}]},{\"@type\":\"WebSite\",\"@id\":\"https:\/\/www.lotterycritic.com\/es\/#website\",\"url\":\"https:\/\/www.lotterycritic.com\/es\/\",\"name\":\"Lottery Critic\",\"description\":\"Your Guide to Lottery Results, Winning Numbers &amp; More\u2026\",\"potentialAction\":[{\"@type\":\"SearchAction\",\"target\":{\"@type\":\"EntryPoint\",\"urlTemplate\":\"https:\/\/www.lotterycritic.com\/es\/?s={search_term_string}\"},\"query-input\":{\"@type\":\"PropertyValueSpecification\",\"valueRequired\":true,\"valueName\":\"search_term_string\"}}],\"inLanguage\":\"es\"}]}<\/script>\n<!-- \/ Yoast SEO plugin. -->","yoast_head_json":{"title":"Mega Millions de Georgia (GA): Resultados y N\u00fameros Ganadores [Ayer + Hoy]","description":"Obtenga los resultados m\u00e1s recientes, n\u00fameros ganadores, montos del premio mayor, n\u00fameros calientes y fr\u00edos, pagos, probabilidades, y m\u00e1s, para el Mega Millions de Georgia.","robots":{"index":"index","follow":"follow","max-snippet":"max-snippet:-1","max-image-preview":"max-image-preview:large","max-video-preview":"max-video-preview:-1"},"canonical":"https:\/\/www.lotterycritic.com\/es\/resultados-loteria\/georgia\/mega-millions\/","og_locale":"es_ES","og_type":"article","og_title":"Mega Millions de Georgia (GA): Resultados y N\u00fameros Ganadores [Ayer + Hoy]","og_description":"Obtenga los resultados m\u00e1s recientes, n\u00fameros ganadores, montos del premio mayor, n\u00fameros calientes y fr\u00edos, pagos, probabilidades, y m\u00e1s, para el Mega Millions de Georgia.","og_url":"https:\/\/www.lotterycritic.com\/es\/resultados-loteria\/georgia\/mega-millions\/","og_site_name":"Lottery Critic","article_modified_time":"2023-07-25T16:13:11+00:00","twitter_card":"summary_large_image","twitter_misc":{"Tiempo de lectura":"2 minutos"},"schema":{"@context":"https:\/\/schema.org","@graph":[{"@type":"WebPage","@id":"https:\/\/www.lotterycritic.com\/es\/resultados-loteria\/georgia\/mega-millions\/","url":"https:\/\/www.lotterycritic.com\/es\/resultados-loteria\/georgia\/mega-millions\/","name":"Mega Millions de Georgia (GA): Resultados y N\u00fameros Ganadores [Ayer + Hoy]","isPartOf":{"@id":"https:\/\/www.lotterycritic.com\/es\/#website"},"datePublished":"2023-07-19T01:37:04+00:00","dateModified":"2023-07-25T16:13:11+00:00","description":"Obtenga los resultados m\u00e1s recientes, n\u00fameros ganadores, montos del premio mayor, n\u00fameros calientes y fr\u00edos, pagos, probabilidades, y m\u00e1s, para el Mega Millions de Georgia.","breadcrumb":{"@id":"https:\/\/www.lotterycritic.com\/es\/resultados-loteria\/georgia\/mega-millions\/#breadcrumb"},"inLanguage":"es","potentialAction":[{"@type":"ReadAction","target":["https:\/\/www.lotterycritic.com\/es\/resultados-loteria\/georgia\/mega-millions\/"]}]},{"@type":"BreadcrumbList","@id":"https:\/\/www.lotterycritic.com\/es\/resultados-loteria\/georgia\/mega-millions\/#breadcrumb","itemListElement":[{"@type":"ListItem","position":1,"name":"Home","item":"https:\/\/www.lotterycritic.com\/es\/"},{"@type":"ListItem","position":2,"name":"Resultados de La Loter\u00eda Americana &#8211; Los \u00daltimos N\u00fameros Ganadores de La Loter\u00eda de Estados Unidos","item":"https:\/\/www.lotterycritic.com\/es\/resultados-loteria\/"},{"@type":"ListItem","position":3,"name":"Resultados del Powerball de Georgia (GA) y N\u00fameros Ganadores [Ayer + Hoy]","item":"https:\/\/www.lotterycritic.com\/es\/resultados-loteria\/georgia\/"},{"@type":"ListItem","position":4,"name":"Resultados del Mega Millions para la Loter\u00eda de Georgia (GA) y N\u00fameros ganadores [Ayer + Hoy]"}]},{"@type":"WebSite","@id":"https:\/\/www.lotterycritic.com\/es\/#website","url":"https:\/\/www.lotterycritic.com\/es\/","name":"Lottery Critic","description":"Your Guide to Lottery Results, Winning Numbers &amp; More\u2026","potentialAction":[{"@type":"SearchAction","target":{"@type":"EntryPoint","urlTemplate":"https:\/\/www.lotterycritic.com\/es\/?s={search_term_string}"},"query-input":{"@type":"PropertyValueSpecification","valueRequired":true,"valueName":"search_term_string"}}],"inLanguage":"es"}]}},"_links":{"self":[{"href":"https:\/\/www.lotterycritic.com\/es\/wp-json\/wp\/v2\/pages\/13867"}],"collection":[{"href":"https:\/\/www.lotterycritic.com\/es\/wp-json\/wp\/v2\/pages"}],"about":[{"href":"https:\/\/www.lotterycritic.com\/es\/wp-json\/wp\/v2\/types\/page"}],"author":[{"embeddable":true,"href":"https:\/\/www.lotterycritic.com\/es\/wp-json\/wp\/v2\/users\/1"}],"replies":[{"embeddable":true,"href":"https:\/\/www.lotterycritic.com\/es\/wp-json\/wp\/v2\/comments?post=13867"}],"version-history":[{"count":3,"href":"https:\/\/www.lotterycritic.com\/es\/wp-json\/wp\/v2\/pages\/13867\/revisions"}],"predecessor-version":[{"id":13999,"href":"https:\/\/www.lotterycritic.com\/es\/wp-json\/wp\/v2\/pages\/13867\/revisions\/13999"}],"up":[{"embeddable":true,"href":"https:\/\/www.lotterycritic.com\/es\/wp-json\/wp\/v2\/pages\/13844"}],"wp:attachment":[{"href":"https:\/\/www.lotterycritic.com\/es\/wp-json\/wp\/v2\/media?parent=13867"}],"curies":[{"name":"wp","href":"https:\/\/api.w.org\/{rel}","templated":true}]}}