{"id":13865,"date":"2023-07-19T01:19:10","date_gmt":"2023-07-19T01:19:10","guid":{"rendered":"https:\/\/www.lotterycritic.com\/resultados-loteria\/georgia\/resultados-del-cash-4-de-georgia-ga-y-numeros-ganadores-tarde-mediodia-noche\/"},"modified":"2023-08-11T12:04:58","modified_gmt":"2023-08-11T12:04:58","slug":"cash-4","status":"publish","type":"page","link":"https:\/\/www.lotterycritic.com\/es\/resultados-loteria\/georgia\/cash-4\/","title":{"rendered":"Resultados de Loter\u00eda Cash 4 de Georgia (GA) y N\u00fameros Ganadores de Hoy [Tarde + Noche + D\u00eda]"},"content":{"rendered":"<p><section><div class=\"section-anchor\" id=\"c--mo-jugar\"><\/div><\/p>\n<h2>C\u00f3mo jugar al Cash 4 de Georgia<\/h2>\n<h3>Escoja sus n\u00fameros<\/h3>\n<p>Puede usar la opci\u00f3n de Quick Pick para que la computadora escoja sus n\u00fameros autom\u00e1ticamente, o puede elegirlos por usted mismo, seleccionando en la papeleta un n\u00famero de cuatro d\u00edgitos del 0000 al 9999.<\/p>\n<h3>Compre su billete<\/h3>\n<p>Puede comprar sus billetes de la Corporaci\u00f3n de la Loter\u00eda de Georgia en cualquiera de los m\u00e1s de 8,700 puntos autorizados en Georgia. No est\u00e1 disponible la posibilidad de jugar el Cash 4 de Georgia en l\u00ednea.<\/p>\n<p>\n<\/section><\/p>\n<p><section><div class=\"section-anchor\" id=\"calendario-de-sorteos\"><\/div><\/p>\n<h2>Calendario de sorteos del Cash 4 de Georgia<\/h2>\n<p>El sorteo de Cash 4 de la Loter\u00eda de Georgia se juega tres veces al d\u00eda, <strong>siete d\u00edas a la semana a las 12:29 PM, 6:59 PM, y 11:34 PM ET<\/strong>.<\/p>\n<p>\n<\/section><\/p>\n<p><section><div class=\"section-anchor\" id=\"pagos-y-reglas\"><\/div><\/p>\n<h2>Pagos y Reglas del Cash 4 de Georgia<\/h2>\n<p>El juego Cash 4 de la Loter\u00eda de Georgia es similar a otros juegos Pick 4 que encuentra en otros estados. Una vez escogidos sus n\u00fameros, tendr\u00e1 que seleccionar un tipo de juego; straight, box, straight\/box, combinaci\u00f3n, o 1-off.<\/p>\n<p>Luego, apueste una cantidad, ya sea $0.50 o $1, y seleccione en cu\u00e1l de los 3 sorteos diarios quiere entrar.<\/p>\n<h3>Premios y Probabilidades del Cash 4 de la Loter\u00eda de Georgia<\/h3>\n<table>\n<tbody>\n<tr>\n<td><strong>Tipo de juego<\/strong><\/td>\n<td><strong>Premio con una apuesta de $0.50<\/strong><\/td>\n<td><strong>Premio con una apuesta de $1<\/strong><\/td>\n<td><strong>Probabilidades de ganar<\/strong><\/td>\n<\/tr>\n<tr>\n<td><strong>Straight<\/strong><\/td>\n<td>$2,500<\/td>\n<td>$5,000<\/td>\n<td>1 en 10,000<\/td>\n<\/tr>\n<tr>\n<td colspan=\"4\"><strong>Box<\/strong><\/td>\n<\/tr>\n<tr>\n<td>4-Way<\/td>\n<td>$600<\/td>\n<td>$1,200<\/td>\n<td>1 en 2,500<\/td>\n<\/tr>\n<tr>\n<td>6-Way<\/td>\n<td>$400<\/td>\n<td>$80<\/td>\n<td>1 en 1,667<\/td>\n<\/tr>\n<tr>\n<td>12-Way<\/td>\n<td>$200<\/td>\n<td>$400<\/td>\n<td>1 en 833<\/td>\n<\/tr>\n<tr>\n<td>24-Way<\/td>\n<td>$100<\/td>\n<td>$200<\/td>\n<td>1 en 417<\/td>\n<\/tr>\n<tr>\n<td colspan=\"4\"><strong>1-Off<\/strong><\/td>\n<\/tr>\n<tr>\n<td>Coincidencia Straight<\/td>\n<td>$1,250<\/td>\n<td>$2,500<\/td>\n<td>1 en 10,000<\/td>\n<\/tr>\n<tr>\n<td>1 d\u00edgito<\/td>\n<td>$62<\/td>\n<td>$124<\/td>\n<td>1 en 1,250<\/td>\n<\/tr>\n<tr>\n<td>2 d\u00edgitos<\/td>\n<td>$12<\/td>\n<td>$24<\/td>\n<td>1 en 417<\/td>\n<\/tr>\n<tr>\n<td>3 d\u00edgitos<\/td>\n<td>$7<\/td>\n<td>$14<\/td>\n<td>1 en 313<\/td>\n<\/tr>\n<tr>\n<td>4 d\u00edgitos<\/td>\n<td>$16<\/td>\n<td>$32<\/td>\n<td>1 en 625<\/td>\n<\/tr>\n<tr>\n<td><strong>Straight\/Box<\/strong><\/td>\n<td><strong>Premio con una coincidencia exacta<\/strong><\/td>\n<td><strong>Premio con coincidencia en cualquier orden<\/strong><\/td>\n<td><strong>Probabilidades de ganar<\/strong><\/td>\n<\/tr>\n<tr>\n<td>4-Way<\/td>\n<td>$3,100<\/td>\n<td>$600<\/td>\n<td>1 en 2,500<\/td>\n<\/tr>\n<tr>\n<td>6-Way<\/td>\n<td>$2,900<\/td>\n<td>$400<\/td>\n<td>1 en 1,667<\/td>\n<\/tr>\n<tr>\n<td>12-Way<\/td>\n<td>$2,700<\/td>\n<td>$200<\/td>\n<td>1 en 833<\/td>\n<\/tr>\n<tr>\n<td>24-Way<\/td>\n<td>$2,600<\/td>\n<td>$100<\/td>\n<td>1 en 417<\/td>\n<\/tr>\n<tr>\n<td><b>Combinaci\u00f3n<\/b><\/td>\n<td><\/td>\n<td><strong>Premio con una apuesta de $4<\/strong><\/td>\n<td><strong>Probabilidades de ganar<\/strong><\/td>\n<\/tr>\n<tr>\n<td>4-Way<\/td>\n<td><\/td>\n<td>$5,000<\/td>\n<td>1 en 2,500<\/td>\n<\/tr>\n<tr>\n<td><\/td>\n<td><\/td>\n<td><strong>Premio con una apuesta de $6<\/strong><\/td>\n<td><\/td>\n<\/tr>\n<tr>\n<td>6-Way<\/td>\n<td><\/td>\n<td>$5,000<\/td>\n<td>1 en 1,667<\/td>\n<\/tr>\n<tr>\n<td><\/td>\n<td><\/td>\n<td><strong>Premio con una apuesta de $12<\/strong><\/td>\n<td><\/td>\n<\/tr>\n<tr>\n<td>12-Way<\/td>\n<td><\/td>\n<td>$5,000<\/td>\n<td>1 en 833<\/td>\n<\/tr>\n<tr>\n<td><\/td>\n<td><\/td>\n<td><strong>Premio con una apuesta de $24<\/strong><\/td>\n<td><\/td>\n<\/tr>\n<tr>\n<td>24-Way<\/td>\n<td><\/td>\n<td>$5,000<\/td>\n<td>1 en 417<\/td>\n<\/tr>\n<\/tbody>\n<\/table>\n<p>\n<\/section><\/p>\n<p><section><div class=\"section-anchor\" id=\"c--mo-reclamar\"><\/div><\/p>\n<h2>C\u00f3mo reclamar un premio del Cash 4 en Georgia<\/h2>\n<p>Los premios de $600 y menos, pueden ser reclamados en cualquier punto de venta de la Loter\u00eda de Georgia autorizado. Tambi\u00e9n puede recoger su premio en cualquier sucursal de la Loter\u00eda de Georgia u oficina principal, o en centros de reclamo de la loter\u00eda.<\/p>\n<p>Los premios tendr\u00e1n que ser reclamados en los siguientes 180 d\u00edas a partir del sorteo en cuesti\u00f3n.<\/p>\n<p>\n<\/section><\/p>\n<p><section><div class=\"section-anchor\" id=\"otras-loter--as-de-georgia\"><\/div><\/p>\n<h2>Otras loter\u00edas de Georgia<\/h2>\n<p>Eche un vistazo a los resultados m\u00e1s recientes, montos del premio mayor, probabilidades de ganar, pago de premios, calendario de sorteos semanales, y dem\u00e1s informaci\u00f3n \u00fatil sobre <a href=\"https:\/\/www.lotterycritic.com\/es\/resultados-loteria\/georgia\/\">todas las loter\u00edas de Georgia (GA)<\/a>. Estas incluyen\u00a0<a href=\"https:\/\/www.lotterycritic.com\/es\/resultados-loteria\/california\/fantasy-5\/\">Fantasy 5<\/a>,\u00a0<a href=\"https:\/\/www.lotterycritic.com\/lottery-results\/georgia\/jumbo-bucks-lotto\/\">Jumbo Bucks Lotto<\/a>, Cash4Life,\u00a0<a href=\"https:\/\/www.lotterycritic.com\/es\/resultados-loteria\/georgia\/cash-4\/\">Cash 4 de la Loter\u00eda de Georgia<\/a>,\u00a0<a href=\"https:\/\/www.lotterycritic.com\/lottery-results\/georgia\/georgia-five\/\">Georgia FIVE<\/a>,\u00a0<a href=\"https:\/\/www.lotterycritic.com\/es\/resultados-loteria\/texas\/all-or-nothing\/\">All or Nothing<\/a>,\u00a0<a href=\"https:\/\/www.lotterycritic.com\/lottery-results\/georgia\/5-card-cash\/\">5 Card Cash<\/a>, Raspables, y las populares loter\u00edas que se juegan en m\u00faltiples estados,\u00a0<a href=\"https:\/\/www.lotterycritic.com\/es\/resultados-loteria\/carolina-del-sur\/powerball\/\" rel=\"\">Powerball<\/a>\u00a0y\u00a0<a href=\"https:\/\/www.lotterycritic.com\/es\/resultados-loteria\/tennessee\/mega-millions\/\" rel=\"\">Mega Millions<\/a><\/p>\n<p>\n<\/section><\/p>\n","protected":false},"excerpt":{"rendered":"","protected":false},"author":6,"featured_media":0,"parent":13844,"menu_order":0,"comment_status":"closed","ping_status":"closed","template":"lottery-results-game-child-template.php","meta":{"footnotes":""},"class_list":["post-13865","page","type-page","status-publish","hentry"],"acf":[],"yoast_head":"<!-- This site is optimized with the Yoast SEO plugin v23.4 - https:\/\/yoast.com\/wordpress\/plugins\/seo\/ -->\n<title>Cash 4 de Georgia: Resultados y N\u00fameros Ganadores de Hoy [Tarde+D\u00eda+Noche]<\/title>\n<meta name=\"description\" content=\"Conozca los resultados para la loter\u00eda Cash 4 de Georgia, los n\u00fameros ganadores m\u00e1s recientes, premio mayor, probabilidades de ganar, pago de premios, calendario de sorteos y m\u00e1s.\" \/>\n<meta name=\"robots\" content=\"index, follow, max-snippet:-1, max-image-preview:large, max-video-preview:-1\" \/>\n<link rel=\"canonical\" href=\"https:\/\/www.lotterycritic.com\/es\/resultados-loteria\/georgia\/cash-4\/\" \/>\n<meta property=\"og:locale\" content=\"es_ES\" \/>\n<meta property=\"og:type\" content=\"article\" \/>\n<meta property=\"og:title\" content=\"Cash 4 de Georgia: Resultados y N\u00fameros Ganadores de Hoy [Tarde+D\u00eda+Noche]\" \/>\n<meta property=\"og:description\" content=\"Conozca los resultados para la loter\u00eda Cash 4 de Georgia, los n\u00fameros ganadores m\u00e1s recientes, premio mayor, probabilidades de ganar, pago de premios, calendario de sorteos y m\u00e1s.\" \/>\n<meta property=\"og:url\" content=\"https:\/\/www.lotterycritic.com\/es\/resultados-loteria\/georgia\/cash-4\/\" \/>\n<meta property=\"og:site_name\" content=\"Lottery Critic\" \/>\n<meta property=\"article:modified_time\" content=\"2023-08-11T12:04:58+00:00\" \/>\n<meta name=\"twitter:card\" content=\"summary_large_image\" \/>\n<meta name=\"twitter:label1\" content=\"Tiempo de lectura\" \/>\n\t<meta name=\"twitter:data1\" content=\"3 minutos\" \/>\n<script type=\"application\/ld+json\" class=\"yoast-schema-graph\">{\"@context\":\"https:\/\/schema.org\",\"@graph\":[{\"@type\":\"WebPage\",\"@id\":\"https:\/\/www.lotterycritic.com\/es\/resultados-loteria\/georgia\/cash-4\/\",\"url\":\"https:\/\/www.lotterycritic.com\/es\/resultados-loteria\/georgia\/cash-4\/\",\"name\":\"Cash 4 de Georgia: Resultados y N\u00fameros Ganadores de Hoy [Tarde+D\u00eda+Noche]\",\"isPartOf\":{\"@id\":\"https:\/\/www.lotterycritic.com\/es\/#website\"},\"datePublished\":\"2023-07-19T01:19:10+00:00\",\"dateModified\":\"2023-08-11T12:04:58+00:00\",\"description\":\"Conozca los resultados para la loter\u00eda Cash 4 de Georgia, los n\u00fameros ganadores m\u00e1s recientes, premio mayor, probabilidades de ganar, pago de premios, calendario de sorteos y m\u00e1s.\",\"breadcrumb\":{\"@id\":\"https:\/\/www.lotterycritic.com\/es\/resultados-loteria\/georgia\/cash-4\/#breadcrumb\"},\"inLanguage\":\"es\",\"potentialAction\":[{\"@type\":\"ReadAction\",\"target\":[\"https:\/\/www.lotterycritic.com\/es\/resultados-loteria\/georgia\/cash-4\/\"]}]},{\"@type\":\"BreadcrumbList\",\"@id\":\"https:\/\/www.lotterycritic.com\/es\/resultados-loteria\/georgia\/cash-4\/#breadcrumb\",\"itemListElement\":[{\"@type\":\"ListItem\",\"position\":1,\"name\":\"Home\",\"item\":\"https:\/\/www.lotterycritic.com\/es\/\"},{\"@type\":\"ListItem\",\"position\":2,\"name\":\"Resultados de La Loter\u00eda Americana &#8211; Los \u00daltimos N\u00fameros Ganadores de La Loter\u00eda de Estados Unidos\",\"item\":\"https:\/\/www.lotterycritic.com\/es\/resultados-loteria\/\"},{\"@type\":\"ListItem\",\"position\":3,\"name\":\"Resultados del Powerball de Georgia (GA) y N\u00fameros Ganadores [Ayer + Hoy]\",\"item\":\"https:\/\/www.lotterycritic.com\/es\/resultados-loteria\/georgia\/\"},{\"@type\":\"ListItem\",\"position\":4,\"name\":\"Resultados de Loter\u00eda Cash 4 de Georgia (GA) y N\u00fameros Ganadores de Hoy [Tarde + Noche + D\u00eda]\"}]},{\"@type\":\"WebSite\",\"@id\":\"https:\/\/www.lotterycritic.com\/es\/#website\",\"url\":\"https:\/\/www.lotterycritic.com\/es\/\",\"name\":\"Lottery Critic\",\"description\":\"Your Guide to Lottery Results, Winning Numbers &amp; More\u2026\",\"potentialAction\":[{\"@type\":\"SearchAction\",\"target\":{\"@type\":\"EntryPoint\",\"urlTemplate\":\"https:\/\/www.lotterycritic.com\/es\/?s={search_term_string}\"},\"query-input\":{\"@type\":\"PropertyValueSpecification\",\"valueRequired\":true,\"valueName\":\"search_term_string\"}}],\"inLanguage\":\"es\"}]}<\/script>\n<!-- \/ Yoast SEO plugin. -->","yoast_head_json":{"title":"Cash 4 de Georgia: Resultados y N\u00fameros Ganadores de Hoy [Tarde+D\u00eda+Noche]","description":"Conozca los resultados para la loter\u00eda Cash 4 de Georgia, los n\u00fameros ganadores m\u00e1s recientes, premio mayor, probabilidades de ganar, pago de premios, calendario de sorteos y m\u00e1s.","robots":{"index":"index","follow":"follow","max-snippet":"max-snippet:-1","max-image-preview":"max-image-preview:large","max-video-preview":"max-video-preview:-1"},"canonical":"https:\/\/www.lotterycritic.com\/es\/resultados-loteria\/georgia\/cash-4\/","og_locale":"es_ES","og_type":"article","og_title":"Cash 4 de Georgia: Resultados y N\u00fameros Ganadores de Hoy [Tarde+D\u00eda+Noche]","og_description":"Conozca los resultados para la loter\u00eda Cash 4 de Georgia, los n\u00fameros ganadores m\u00e1s recientes, premio mayor, probabilidades de ganar, pago de premios, calendario de sorteos y m\u00e1s.","og_url":"https:\/\/www.lotterycritic.com\/es\/resultados-loteria\/georgia\/cash-4\/","og_site_name":"Lottery Critic","article_modified_time":"2023-08-11T12:04:58+00:00","twitter_card":"summary_large_image","twitter_misc":{"Tiempo de lectura":"3 minutos"},"schema":{"@context":"https:\/\/schema.org","@graph":[{"@type":"WebPage","@id":"https:\/\/www.lotterycritic.com\/es\/resultados-loteria\/georgia\/cash-4\/","url":"https:\/\/www.lotterycritic.com\/es\/resultados-loteria\/georgia\/cash-4\/","name":"Cash 4 de Georgia: Resultados y N\u00fameros Ganadores de Hoy [Tarde+D\u00eda+Noche]","isPartOf":{"@id":"https:\/\/www.lotterycritic.com\/es\/#website"},"datePublished":"2023-07-19T01:19:10+00:00","dateModified":"2023-08-11T12:04:58+00:00","description":"Conozca los resultados para la loter\u00eda Cash 4 de Georgia, los n\u00fameros ganadores m\u00e1s recientes, premio mayor, probabilidades de ganar, pago de premios, calendario de sorteos y m\u00e1s.","breadcrumb":{"@id":"https:\/\/www.lotterycritic.com\/es\/resultados-loteria\/georgia\/cash-4\/#breadcrumb"},"inLanguage":"es","potentialAction":[{"@type":"ReadAction","target":["https:\/\/www.lotterycritic.com\/es\/resultados-loteria\/georgia\/cash-4\/"]}]},{"@type":"BreadcrumbList","@id":"https:\/\/www.lotterycritic.com\/es\/resultados-loteria\/georgia\/cash-4\/#breadcrumb","itemListElement":[{"@type":"ListItem","position":1,"name":"Home","item":"https:\/\/www.lotterycritic.com\/es\/"},{"@type":"ListItem","position":2,"name":"Resultados de La Loter\u00eda Americana &#8211; Los \u00daltimos N\u00fameros Ganadores de La Loter\u00eda de Estados Unidos","item":"https:\/\/www.lotterycritic.com\/es\/resultados-loteria\/"},{"@type":"ListItem","position":3,"name":"Resultados del Powerball de Georgia (GA) y N\u00fameros Ganadores [Ayer + Hoy]","item":"https:\/\/www.lotterycritic.com\/es\/resultados-loteria\/georgia\/"},{"@type":"ListItem","position":4,"name":"Resultados de Loter\u00eda Cash 4 de Georgia (GA) y N\u00fameros Ganadores de Hoy [Tarde + Noche + D\u00eda]"}]},{"@type":"WebSite","@id":"https:\/\/www.lotterycritic.com\/es\/#website","url":"https:\/\/www.lotterycritic.com\/es\/","name":"Lottery Critic","description":"Your Guide to Lottery Results, Winning Numbers &amp; More\u2026","potentialAction":[{"@type":"SearchAction","target":{"@type":"EntryPoint","urlTemplate":"https:\/\/www.lotterycritic.com\/es\/?s={search_term_string}"},"query-input":{"@type":"PropertyValueSpecification","valueRequired":true,"valueName":"search_term_string"}}],"inLanguage":"es"}]}},"_links":{"self":[{"href":"https:\/\/www.lotterycritic.com\/es\/wp-json\/wp\/v2\/pages\/13865"}],"collection":[{"href":"https:\/\/www.lotterycritic.com\/es\/wp-json\/wp\/v2\/pages"}],"about":[{"href":"https:\/\/www.lotterycritic.com\/es\/wp-json\/wp\/v2\/types\/page"}],"author":[{"embeddable":true,"href":"https:\/\/www.lotterycritic.com\/es\/wp-json\/wp\/v2\/users\/6"}],"replies":[{"embeddable":true,"href":"https:\/\/www.lotterycritic.com\/es\/wp-json\/wp\/v2\/comments?post=13865"}],"version-history":[{"count":4,"href":"https:\/\/www.lotterycritic.com\/es\/wp-json\/wp\/v2\/pages\/13865\/revisions"}],"predecessor-version":[{"id":13997,"href":"https:\/\/www.lotterycritic.com\/es\/wp-json\/wp\/v2\/pages\/13865\/revisions\/13997"}],"up":[{"embeddable":true,"href":"https:\/\/www.lotterycritic.com\/es\/wp-json\/wp\/v2\/pages\/13844"}],"wp:attachment":[{"href":"https:\/\/www.lotterycritic.com\/es\/wp-json\/wp\/v2\/media?parent=13865"}],"curies":[{"name":"wp","href":"https:\/\/api.w.org\/{rel}","templated":true}]}}