{"id":13852,"date":"2023-07-19T00:30:11","date_gmt":"2023-07-19T00:30:11","guid":{"rendered":"https:\/\/www.lotterycritic.com\/resultados-loteria\/georgia\/resultados-del-cash-3-para-la-loteria-de-georgia-ga-y-numeros-ganadores-noche-tarde-mediodia\/"},"modified":"2023-08-11T12:03:52","modified_gmt":"2023-08-11T12:03:52","slug":"cash-3","status":"publish","type":"page","link":"https:\/\/www.lotterycritic.com\/es\/resultados-loteria\/georgia\/cash-3\/","title":{"rendered":"Resultados de Loter\u00eda Cash 3 de Georgia (GA) y N\u00fameros Ganadores de Hoy [Noche + Tarde + D\u00eda]"},"content":{"rendered":"<p><section><div class=\"section-anchor\" id=\"c--mo-jugar\"><\/div><\/p>\n<h2>C\u00f3mo jugar al Cash 3 de la Loter\u00eda de Georgia<\/h2>\n<h3>Elija sus n\u00fameros<\/h3>\n<p>Puede usar la opci\u00f3n de Quick Pick para que la computadora escoja sus n\u00fameros autom\u00e1ticamente, o puede elegirlos por usted mismo, seleccionando en la papeleta un n\u00famero de tres d\u00edgitos del 000 al 999.<\/p>\n<h3>Compre su billete de loter\u00eda<\/h3>\n<p>Puede comprar billetes de loter\u00eda en cualquiera de los m\u00e1s de 8,700 puntos de venta autorizados en Georgia. El Cash 3 no se puede jugar en l\u00ednea.<\/p>\n<p>\n<\/section><\/p>\n<p><section><div class=\"section-anchor\" id=\"calendario-de-sorteos\"><\/div><\/p>\n<h2>Calendario de sorteos del Cash 3 de Georgia<\/h2>\n<p>Los sorteos de la loter\u00eda Cash 3 en Georgia suceden tres veces al d\u00eda, <strong>siete d\u00edas a la semana a las 2:29 PM, 6:59 PM, y 11:34 PM ET<\/strong>.<\/p>\n<p>\n<\/section><\/p>\n<p><section><div class=\"section-anchor\" id=\"pagos-y-reglas\"><\/div><\/p>\n<h2>Pagos y Reglas del Cash 3 de la Loter\u00eda de Georgia<\/h2>\n<p>El Cash 3 de Georgia es similar a otros juegos Pick 3 presentes en otros estados. Una vez haya escogido su combinaci\u00f3n de n\u00fameros, tendr\u00e1 que seleccionar su estilo de juego; straight, box, straight\/box, combinaci\u00f3n, 1-off, o pares.<\/p>\n<p>Luego, indique su apuesta, ya sea $0.50 o $1, y en cu\u00e1l de los 3 sorteos diarios le gustar\u00eda participar.<\/p>\n<h3>Premios y Probabilidades del Cash 3 de Georgia<\/h3>\n<table>\n<tbody>\n<tr>\n<td><strong>Tipo de juego<\/strong><\/td>\n<td><strong>Premio con una apuesta de $0.50<\/strong><\/td>\n<td><strong>Premio con una apuesta de $1<\/strong><\/td>\n<td><strong>Probabilidades de ganar<\/strong><\/td>\n<\/tr>\n<tr>\n<td><strong>Straight<\/strong><\/td>\n<td>$250<\/td>\n<td>$500<\/td>\n<td>1 en 1,000<\/td>\n<\/tr>\n<tr>\n<td colspan=\"4\"><strong>Box<\/strong><\/td>\n<\/tr>\n<tr>\n<td>3-Way<\/td>\n<td>$80<\/td>\n<td>$160<\/td>\n<td>1 en 333<\/td>\n<\/tr>\n<tr>\n<td>6-Way<\/td>\n<td>$40<\/td>\n<td>$80<\/td>\n<td>1 en 167<\/td>\n<\/tr>\n<tr>\n<td colspan=\"4\"><strong>1-Off<\/strong><\/td>\n<\/tr>\n<tr>\n<td>Straight<\/td>\n<td>$125<\/td>\n<td>$2500<\/td>\n<td>1 en 1,000<\/td>\n<\/tr>\n<tr>\n<td>1 d\u00edgito<\/td>\n<td>$12<\/td>\n<td>$24<\/td>\n<td>1 en 167<\/td>\n<\/tr>\n<tr>\n<td>2 d\u00edgitos<\/td>\n<td>$2<\/td>\n<td>$4<\/td>\n<td>1 en 83<\/td>\n<\/tr>\n<tr>\n<td>3 d\u00edgitos<\/td>\n<td>$4<\/td>\n<td>$8<\/td>\n<td>1 en 125<\/td>\n<\/tr>\n<tr>\n<td><strong>Straight\/Box<\/strong><\/td>\n<td><strong>Premio con coincidencia exacta<\/strong><\/td>\n<td><strong>Premio con cualquier otra coincidencia<\/strong><\/td>\n<td><strong>Probabilidades de ganar<\/strong><\/td>\n<\/tr>\n<tr>\n<td>3-Way<\/td>\n<td>$330<\/td>\n<td>$80<\/td>\n<td>1 en 333<\/td>\n<\/tr>\n<tr>\n<td>6-Way<\/td>\n<td>$290<\/td>\n<td>$40<\/td>\n<td>1 en 167<\/td>\n<\/tr>\n<tr>\n<td><b>Combinaci\u00f3n<\/b><\/td>\n<td><\/td>\n<td><strong>Premio con una apuesta de $3<\/strong><\/td>\n<td><strong>Probabilidades de ganar<\/strong><\/td>\n<\/tr>\n<tr>\n<td>3-Way<\/td>\n<td><\/td>\n<td>$500<\/td>\n<td>1 en 333<\/td>\n<\/tr>\n<tr>\n<td><\/td>\n<td><\/td>\n<td><strong>Premio con una apuesta de $6<\/strong><\/td>\n<td><\/td>\n<\/tr>\n<tr>\n<td>6-Way<\/td>\n<td><\/td>\n<td>$500<\/td>\n<td>1 en 167<\/td>\n<\/tr>\n<\/tbody>\n<\/table>\n<p>\n<\/section><\/p>\n<p><section><div class=\"section-anchor\" id=\"reclamo-de-premios\"><\/div><\/p>\n<h2>Reclamo de premios del Cash 3 en Georgia<\/h2>\n<p>Los premios del Cash 3 de la Loter\u00eda de Georgia de $600 o menos, pueden reclamarse directamente en cualquier punto de venta autorizado por la Loter\u00eda de Georgia. Puede hacerlo tambi\u00e9n en cualquier sucursal de la Loter\u00eda de Georgia u oficina principal.<\/p>\n<p>Los premios de la Loter\u00eda de Georgia se deben reclamar dentro de los 180 d\u00edas siguientes al sorteo en cuesti\u00f3n.<\/p>\n<p>\n<\/section><\/p>\n<p><section><div class=\"section-anchor\" id=\"estrategia-para-el-cash-3\"><\/div><\/p>\n<h2>Estrategia para el Cash 3 de Georgia<\/h2>\n<p>Si est\u00e1 interesado en aprender las estrategias que puede aplicar para obtener mejores probabilidades de ganar el Cash 3, eche un vistazo a nuestra gu\u00eda sobre la estrategia para el Pick 3. Las estrategias compartidas en esta gu\u00eda, funcionan para todos los juegos de 3 n\u00fameros, incluido el Pick 3, Play 3 y Cash 3.<\/p>\n<p>\n<\/section><\/p>\n<p><section><div class=\"section-anchor\" id=\"otras-loter--as-de-georgia\"><\/div><\/p>\n<h2>Otras loter\u00edas de Georgia<\/h2>\n<p>Ent\u00e9rese de los \u00faltimos resultados de la Loter\u00eda de Georgia, cantidades del premio mayor, probabilidades de ganar, pago de premios, calendario de sorteos semanales, y dem\u00e1s informaci\u00f3n \u00fatil sobre <a href=\"https:\/\/www.lotterycritic.com\/es\/resultados-loteria\/georgia\/\">todas las loter\u00edas de Georgia (GA)<\/a>. Incluyendo <a href=\"https:\/\/www.lotterycritic.com\/es\/resultados-loteria\/california\/fantasy-5\/\">Fantasy 5<\/a>, <a href=\"https:\/\/www.lotterycritic.com\/lottery-results\/georgia\/jumbo-bucks-lotto\/\">Jumbo Bucks Lotto<\/a>, Cash4Life, <a href=\"https:\/\/www.lotterycritic.com\/es\/resultados-loteria\/georgia\/cash-4\/\">Cash 4 de la Loter\u00eda de Georgia<\/a>, <a href=\"https:\/\/www.lotterycritic.com\/lottery-results\/georgia\/georgia-five\/\">Georgia FIVE<\/a>, <a href=\"https:\/\/www.lotterycritic.com\/es\/resultados-loteria\/texas\/all-or-nothing\/\">All or Nothing<\/a>, <a href=\"https:\/\/www.lotterycritic.com\/lottery-results\/georgia\/5-card-cash\/\">5 Card Cash<\/a>, Raspables, y las populares loter\u00edas que se juegan en m\u00faltiples estados, <a href=\"https:\/\/www.lotterycritic.com\/es\/resultados-loteria\/carolina-del-sur\/powerball\/\" rel=\"\">Powerball<\/a> y\u00a0<a href=\"https:\/\/www.lotterycritic.com\/es\/resultados-loteria\/tennessee\/mega-millions\/\" rel=\"\">Mega Millions<\/a><\/p>\n<p>\n<\/section><\/p>\n","protected":false},"excerpt":{"rendered":"","protected":false},"author":6,"featured_media":0,"parent":13844,"menu_order":0,"comment_status":"closed","ping_status":"closed","template":"lottery-results-game-child-template.php","meta":{"footnotes":""},"class_list":["post-13852","page","type-page","status-publish","hentry"],"acf":[],"yoast_head":"<!-- This site is optimized with the Yoast SEO plugin v23.4 - https:\/\/yoast.com\/wordpress\/plugins\/seo\/ -->\n<title>Cash 3 de Georgia: Resultados y N\u00fameros Ganadores de Hoy [Noche+Tarde+D\u00eda]<\/title>\n<meta name=\"description\" content=\"Obtenga los resultados del Cash 3 de la loter\u00eda de Georgia, n\u00fameros ganadores m\u00e1s recientes, premio mayor actual, probabilidades de ganar, pago de premios, calendario de sorteos y m\u00e1s.\" \/>\n<meta name=\"robots\" content=\"index, follow, max-snippet:-1, max-image-preview:large, max-video-preview:-1\" \/>\n<link rel=\"canonical\" href=\"https:\/\/www.lotterycritic.com\/es\/resultados-loteria\/georgia\/cash-3\/\" \/>\n<meta property=\"og:locale\" content=\"es_ES\" \/>\n<meta property=\"og:type\" content=\"article\" \/>\n<meta property=\"og:title\" content=\"Cash 3 de Georgia: Resultados y N\u00fameros Ganadores de Hoy [Noche+Tarde+D\u00eda]\" \/>\n<meta property=\"og:description\" content=\"Obtenga los resultados del Cash 3 de la loter\u00eda de Georgia, n\u00fameros ganadores m\u00e1s recientes, premio mayor actual, probabilidades de ganar, pago de premios, calendario de sorteos y m\u00e1s.\" \/>\n<meta property=\"og:url\" content=\"https:\/\/www.lotterycritic.com\/es\/resultados-loteria\/georgia\/cash-3\/\" \/>\n<meta property=\"og:site_name\" content=\"Lottery Critic\" \/>\n<meta property=\"article:modified_time\" content=\"2023-08-11T12:03:52+00:00\" \/>\n<meta name=\"twitter:card\" content=\"summary_large_image\" \/>\n<meta name=\"twitter:label1\" content=\"Tiempo de lectura\" \/>\n\t<meta name=\"twitter:data1\" content=\"3 minutos\" \/>\n<script type=\"application\/ld+json\" class=\"yoast-schema-graph\">{\"@context\":\"https:\/\/schema.org\",\"@graph\":[{\"@type\":\"WebPage\",\"@id\":\"https:\/\/www.lotterycritic.com\/es\/resultados-loteria\/georgia\/cash-3\/\",\"url\":\"https:\/\/www.lotterycritic.com\/es\/resultados-loteria\/georgia\/cash-3\/\",\"name\":\"Cash 3 de Georgia: Resultados y N\u00fameros Ganadores de Hoy [Noche+Tarde+D\u00eda]\",\"isPartOf\":{\"@id\":\"https:\/\/www.lotterycritic.com\/es\/#website\"},\"datePublished\":\"2023-07-19T00:30:11+00:00\",\"dateModified\":\"2023-08-11T12:03:52+00:00\",\"description\":\"Obtenga los resultados del Cash 3 de la loter\u00eda de Georgia, n\u00fameros ganadores m\u00e1s recientes, premio mayor actual, probabilidades de ganar, pago de premios, calendario de sorteos y m\u00e1s.\",\"breadcrumb\":{\"@id\":\"https:\/\/www.lotterycritic.com\/es\/resultados-loteria\/georgia\/cash-3\/#breadcrumb\"},\"inLanguage\":\"es\",\"potentialAction\":[{\"@type\":\"ReadAction\",\"target\":[\"https:\/\/www.lotterycritic.com\/es\/resultados-loteria\/georgia\/cash-3\/\"]}]},{\"@type\":\"BreadcrumbList\",\"@id\":\"https:\/\/www.lotterycritic.com\/es\/resultados-loteria\/georgia\/cash-3\/#breadcrumb\",\"itemListElement\":[{\"@type\":\"ListItem\",\"position\":1,\"name\":\"Home\",\"item\":\"https:\/\/www.lotterycritic.com\/es\/\"},{\"@type\":\"ListItem\",\"position\":2,\"name\":\"Resultados de La Loter\u00eda Americana &#8211; Los \u00daltimos N\u00fameros Ganadores de La Loter\u00eda de Estados Unidos\",\"item\":\"https:\/\/www.lotterycritic.com\/es\/resultados-loteria\/\"},{\"@type\":\"ListItem\",\"position\":3,\"name\":\"Resultados del Powerball de Georgia (GA) y N\u00fameros Ganadores [Ayer + Hoy]\",\"item\":\"https:\/\/www.lotterycritic.com\/es\/resultados-loteria\/georgia\/\"},{\"@type\":\"ListItem\",\"position\":4,\"name\":\"Resultados de Loter\u00eda Cash 3 de Georgia (GA) y N\u00fameros Ganadores de Hoy [Noche + Tarde + D\u00eda]\"}]},{\"@type\":\"WebSite\",\"@id\":\"https:\/\/www.lotterycritic.com\/es\/#website\",\"url\":\"https:\/\/www.lotterycritic.com\/es\/\",\"name\":\"Lottery Critic\",\"description\":\"Your Guide to Lottery Results, Winning Numbers &amp; More\u2026\",\"potentialAction\":[{\"@type\":\"SearchAction\",\"target\":{\"@type\":\"EntryPoint\",\"urlTemplate\":\"https:\/\/www.lotterycritic.com\/es\/?s={search_term_string}\"},\"query-input\":{\"@type\":\"PropertyValueSpecification\",\"valueRequired\":true,\"valueName\":\"search_term_string\"}}],\"inLanguage\":\"es\"}]}<\/script>\n<!-- \/ Yoast SEO plugin. -->","yoast_head_json":{"title":"Cash 3 de Georgia: Resultados y N\u00fameros Ganadores de Hoy [Noche+Tarde+D\u00eda]","description":"Obtenga los resultados del Cash 3 de la loter\u00eda de Georgia, n\u00fameros ganadores m\u00e1s recientes, premio mayor actual, probabilidades de ganar, pago de premios, calendario de sorteos y m\u00e1s.","robots":{"index":"index","follow":"follow","max-snippet":"max-snippet:-1","max-image-preview":"max-image-preview:large","max-video-preview":"max-video-preview:-1"},"canonical":"https:\/\/www.lotterycritic.com\/es\/resultados-loteria\/georgia\/cash-3\/","og_locale":"es_ES","og_type":"article","og_title":"Cash 3 de Georgia: Resultados y N\u00fameros Ganadores de Hoy [Noche+Tarde+D\u00eda]","og_description":"Obtenga los resultados del Cash 3 de la loter\u00eda de Georgia, n\u00fameros ganadores m\u00e1s recientes, premio mayor actual, probabilidades de ganar, pago de premios, calendario de sorteos y m\u00e1s.","og_url":"https:\/\/www.lotterycritic.com\/es\/resultados-loteria\/georgia\/cash-3\/","og_site_name":"Lottery Critic","article_modified_time":"2023-08-11T12:03:52+00:00","twitter_card":"summary_large_image","twitter_misc":{"Tiempo de lectura":"3 minutos"},"schema":{"@context":"https:\/\/schema.org","@graph":[{"@type":"WebPage","@id":"https:\/\/www.lotterycritic.com\/es\/resultados-loteria\/georgia\/cash-3\/","url":"https:\/\/www.lotterycritic.com\/es\/resultados-loteria\/georgia\/cash-3\/","name":"Cash 3 de Georgia: Resultados y N\u00fameros Ganadores de Hoy [Noche+Tarde+D\u00eda]","isPartOf":{"@id":"https:\/\/www.lotterycritic.com\/es\/#website"},"datePublished":"2023-07-19T00:30:11+00:00","dateModified":"2023-08-11T12:03:52+00:00","description":"Obtenga los resultados del Cash 3 de la loter\u00eda de Georgia, n\u00fameros ganadores m\u00e1s recientes, premio mayor actual, probabilidades de ganar, pago de premios, calendario de sorteos y m\u00e1s.","breadcrumb":{"@id":"https:\/\/www.lotterycritic.com\/es\/resultados-loteria\/georgia\/cash-3\/#breadcrumb"},"inLanguage":"es","potentialAction":[{"@type":"ReadAction","target":["https:\/\/www.lotterycritic.com\/es\/resultados-loteria\/georgia\/cash-3\/"]}]},{"@type":"BreadcrumbList","@id":"https:\/\/www.lotterycritic.com\/es\/resultados-loteria\/georgia\/cash-3\/#breadcrumb","itemListElement":[{"@type":"ListItem","position":1,"name":"Home","item":"https:\/\/www.lotterycritic.com\/es\/"},{"@type":"ListItem","position":2,"name":"Resultados de La Loter\u00eda Americana &#8211; Los \u00daltimos N\u00fameros Ganadores de La Loter\u00eda de Estados Unidos","item":"https:\/\/www.lotterycritic.com\/es\/resultados-loteria\/"},{"@type":"ListItem","position":3,"name":"Resultados del Powerball de Georgia (GA) y N\u00fameros Ganadores [Ayer + Hoy]","item":"https:\/\/www.lotterycritic.com\/es\/resultados-loteria\/georgia\/"},{"@type":"ListItem","position":4,"name":"Resultados de Loter\u00eda Cash 3 de Georgia (GA) y N\u00fameros Ganadores de Hoy [Noche + Tarde + D\u00eda]"}]},{"@type":"WebSite","@id":"https:\/\/www.lotterycritic.com\/es\/#website","url":"https:\/\/www.lotterycritic.com\/es\/","name":"Lottery Critic","description":"Your Guide to Lottery Results, Winning Numbers &amp; More\u2026","potentialAction":[{"@type":"SearchAction","target":{"@type":"EntryPoint","urlTemplate":"https:\/\/www.lotterycritic.com\/es\/?s={search_term_string}"},"query-input":{"@type":"PropertyValueSpecification","valueRequired":true,"valueName":"search_term_string"}}],"inLanguage":"es"}]}},"_links":{"self":[{"href":"https:\/\/www.lotterycritic.com\/es\/wp-json\/wp\/v2\/pages\/13852"}],"collection":[{"href":"https:\/\/www.lotterycritic.com\/es\/wp-json\/wp\/v2\/pages"}],"about":[{"href":"https:\/\/www.lotterycritic.com\/es\/wp-json\/wp\/v2\/types\/page"}],"author":[{"embeddable":true,"href":"https:\/\/www.lotterycritic.com\/es\/wp-json\/wp\/v2\/users\/6"}],"replies":[{"embeddable":true,"href":"https:\/\/www.lotterycritic.com\/es\/wp-json\/wp\/v2\/comments?post=13852"}],"version-history":[{"count":5,"href":"https:\/\/www.lotterycritic.com\/es\/wp-json\/wp\/v2\/pages\/13852\/revisions"}],"predecessor-version":[{"id":13995,"href":"https:\/\/www.lotterycritic.com\/es\/wp-json\/wp\/v2\/pages\/13852\/revisions\/13995"}],"up":[{"embeddable":true,"href":"https:\/\/www.lotterycritic.com\/es\/wp-json\/wp\/v2\/pages\/13844"}],"wp:attachment":[{"href":"https:\/\/www.lotterycritic.com\/es\/wp-json\/wp\/v2\/media?parent=13852"}],"curies":[{"name":"wp","href":"https:\/\/api.w.org\/{rel}","templated":true}]}}