{"id":13841,"date":"2023-07-18T01:51:07","date_gmt":"2023-07-18T01:51:07","guid":{"rendered":"https:\/\/www.lotterycritic.com\/resultados-loteria\/florida\/resultados-del-powerball-de-la-loteria-de-la-florida-numeros-ganadores-anoche-esta-noche\/"},"modified":"2023-07-25T15:12:12","modified_gmt":"2023-07-25T15:12:12","slug":"powerball","status":"publish","type":"page","link":"https:\/\/www.lotterycritic.com\/es\/resultados-loteria\/florida\/powerball\/","title":{"rendered":"Resultados del Powerball de la Loter\u00eda de la Florida &#038; N\u00fameros ganadores [Anoche + Esta noche]"},"content":{"rendered":"<p>El Powerball de la Florida representa una oportunidad de ganar un premio masivo, mientras contribuye en proyectos y servicios alojados en Florida. Para participar en esta loter\u00eda, no necesita invertir mucho dinero, ya que los billetes solo cuestan $2. Siga leyendo para averiguar c\u00f3mo apuntarse, cu\u00e1ndo sucede, y todo lo que necesita saber.<\/p>\n<p><section><div class=\"section-anchor\" id=\"probabilidades\"><\/div><\/p>\n<h2>Probabilidades del Powerball de la Florida<\/h2>\n<table>\n<tbody>\n<tr>\n<td style=\"text-align: center;\"><strong>N\u00fameros acertados<\/strong><\/td>\n<td style=\"text-align: center;\"><strong>Probabilidades de ganar<\/strong><\/td>\n<\/tr>\n<tr>\n<td style=\"text-align: center;\">5 +1<\/td>\n<td style=\"text-align: center;\" width=\"312\">1 en 292,201,338.00<\/td>\n<\/tr>\n<tr>\n<td style=\"text-align: center;\">5<\/td>\n<td style=\"text-align: center;\">1 en 11,688,053.52<\/td>\n<\/tr>\n<tr>\n<td style=\"text-align: center;\">4 + 1<\/td>\n<td style=\"text-align: center;\" width=\"312\">1 en 913,129.18<\/td>\n<\/tr>\n<tr>\n<td style=\"text-align: center;\" width=\"312\">4<\/td>\n<td style=\"text-align: center;\">1 en 36,525.17<\/td>\n<\/tr>\n<tr>\n<td style=\"text-align: center;\">3 + 1<\/td>\n<td style=\"text-align: center;\" width=\"312\">1 en 14,494.11<\/td>\n<\/tr>\n<tr>\n<td style=\"text-align: center;\" width=\"312\">3<\/td>\n<td style=\"text-align: center;\">1 en 579.76<\/td>\n<\/tr>\n<tr>\n<td style=\"text-align: center;\">2 + 1<\/td>\n<td style=\"text-align: center;\">1 en 701.33<\/td>\n<\/tr>\n<tr>\n<td style=\"text-align: center;\" width=\"312\">1 + 1<\/td>\n<td style=\"text-align: center;\">1 en 91.98<\/td>\n<\/tr>\n<tr>\n<td style=\"text-align: center;\" width=\"312\">0 + 1<\/td>\n<td style=\"text-align: center;\">1 en 38.32<\/td>\n<\/tr>\n<\/tbody>\n<\/table>\n<p>\n<\/section><\/p>\n<p><section><div class=\"section-anchor\" id=\"c--mo-jugar\"><\/div><\/p>\n<h2><strong>C\u00f3mo jugar el Powerball de la Florida<\/strong><\/h2>\n<p>Para llevarse el premio mayor del Powerball de la Florida, primero tendr\u00e1 que comprar una papeleta en un punto de venta autorizado. En la papeleta, ver\u00e1 cinco paneles marcados por letras de la A a la E, indicando que podr\u00e1 ser parte de hasta cinco juegos. Esto es lo que tiene que hacer en cada panel:<\/p>\n<ol>\n<li style=\"font-weight: 400;\" aria-level=\"1\"><span style=\"font-weight: 400;\">En la parte superior, escoja cinco n\u00fameros del 1 al 69 en cada uno de los paneles. Si le parece complicado seleccionar sus n\u00fameros, puede marcar la casilla de Quick Pick y la terminal escoger\u00e1 n\u00fameros aleatorios por usted.<\/span><\/li>\n<li style=\"font-weight: 400;\" aria-level=\"1\"><span style=\"font-weight: 400;\">En el \u00e1rea inferior, seleccione un solo n\u00famero Powerball en cada panel. De nuevo, puede dejar que el destino decida, marcando la opci\u00f3n Quick Pick.<\/span><\/li>\n<li style=\"font-weight: 400;\" aria-level=\"1\"><span style=\"font-weight: 400;\">Si quiere usar los mismos n\u00fameros en m\u00e1s de un sorteo, puede hacerlo de dos maneras. Ya sea seleccionando el n\u00famero de sorteos deseado en la secci\u00f3n de Advance Play de la papeleta, o informando al vendedor el n\u00famero de sorteos en los cuales le gustar\u00eda participar.<\/span><\/li>\n<li style=\"font-weight: 400;\" aria-level=\"1\"><span style=\"font-weight: 400;\">Revise sus n\u00fameros elegidos para asegurarse de que est\u00e1 satisfecho con ellos. Powerball no cancelar\u00e1 o devolver\u00e1 el dinero de su billete si comete alg\u00fan error.<\/span><\/li>\n<li style=\"font-weight: 400;\" aria-level=\"1\"><span style=\"font-weight: 400;\">Una vez se asegure de que el billete es el correcto, entr\u00e9guelo al vendedor, que proceder\u00e1 a imprimirlo.<\/span><\/li>\n<li style=\"font-weight: 400;\" aria-level=\"1\"><span style=\"font-weight: 400;\">Espere a que el sorteo se realice, para saber si su billete es el ganador.<\/span><\/li>\n<\/ol>\n<p>Por un costo de $1 adicional, los jugadores del Powerball pueden multiplicar sus posibles ganancias por fuera del premio mayor, marcando la opci\u00f3n de Power Play, que se aplicar\u00e1 a todos los paneles y Quick Pick de su papeleta. Estos multiplicadores ayudan a alcanzar ganancias de hasta 2, 3, 5 o 10 veces.<\/p>\n<p>Para conocer los resultados del sorteo, dir\u00edjase al sitio oficial de la Loter\u00eda de la Florida o, visite cualquier punto de venta de loter\u00eda autorizado. Los jugadores tambi\u00e9n pueden obtener toda la informaci\u00f3n necesaria llamando al <span style=\"font-weight: 400;\">(850) 921-PLAY (7529), o viendo el sorteo en l\u00ednea.<\/span><\/p>\n<p>\n<\/section><\/p>\n<p><section><div class=\"section-anchor\" id=\"calendario-de-sorteos-del-powerball\"><\/div><\/p>\n<h2><strong>Calendario de sorteos del Powerball<\/strong><\/h2>\n<p>Los sorteos del Powerball para Florida est\u00e1n previstos para la noche de los mi\u00e9rcoles y s\u00e1bados a las <span style=\"font-weight: 400;\">10:59 PM EST. Se tendr\u00e1 en cuenta su billete si lo compra antes de las 10:00 PM EST la noche del sorteo. Si compra su billete despu\u00e9s de esta hora, entrar\u00e1 al siguiente sorteo.<\/span><\/p>\n<p>\n<\/section><\/p>\n<p><section><div class=\"section-anchor\" id=\"premios--probabilidades-y-reglas\"><\/div><\/p>\n<h2><strong>Premios, Probabilidades y Reglas del Powerball de FL<\/strong><\/h2>\n<p>Las reglas del Powerball para Florida no son muy complicadas. Todo lo que tiene que hacer es comprar un billete, seleccionar sus n\u00fameros o dejar que la m\u00e1quina los escoja por usted, y esperar al sorteo.<\/p>\n<ul>\n<li><a href=\"https:\/\/www.lotterycritic.com\/es\/resultados-loteria\/florida\/\">Descubra m\u00e1s resultados y premios de la Loter\u00eda de FL<\/a><\/li>\n<\/ul>\n<p>Los poseedores de cualquier billete ganador recibir\u00e1n un premio dependiendo de los n\u00fameros en los que haya coincidido. La cantidad m\u00ednima para el premio mayor es de $20 millones, el cual lo ganan los jugadores que acierten en todos los seis n\u00fameros. Este premio mayor se incrementa si no hay ganadores, acumul\u00e1ndose para el siguiente sorteo del Powerball. A continuaci\u00f3n encuentra una tabla con los detalles de cada premio, y la cantidad de pelotas que tendr\u00e1 que coincidir para ganarlos.<\/p>\n<table>\n<tbody>\n<tr>\n<td><b>N\u00fameros acertados<\/b><\/td>\n<td><b>Premio<\/b><\/td>\n<td><b>Probabilidades<\/b><\/td>\n<\/tr>\n<tr>\n<td><span style=\"font-weight: 400;\">5 de 5 n\u00fameros + 1 Powerball<\/span><\/td>\n<td><span style=\"font-weight: 400;\">Premio mayor<\/span><\/td>\n<td><span style=\"font-weight: 400;\">1: 292,201,338.00<\/span><\/td>\n<\/tr>\n<tr>\n<td><span style=\"font-weight: 400;\">5 de 5 n\u00fameros<\/span><\/td>\n<td><span style=\"font-weight: 400;\">$1 mill\u00f3n<\/span><\/td>\n<td><span style=\"font-weight: 400;\">1: 11,688,053.52<\/span><\/td>\n<\/tr>\n<tr>\n<td><span style=\"font-weight: 400;\"> 4 de 5 n\u00fameros + 1 Powerball<\/span><\/td>\n<td><span style=\"font-weight: 400;\">$50,000<\/span><\/td>\n<td><span style=\"font-weight: 400;\">1: 913,129.18<\/span><\/td>\n<\/tr>\n<tr>\n<td><span style=\"font-weight: 400;\">4 de 5 n\u00fameros<\/span><\/td>\n<td><span style=\"font-weight: 400;\">$100<\/span><\/td>\n<td><span style=\"font-weight: 400;\">1: 36,525.17<\/span><\/td>\n<\/tr>\n<tr>\n<td><span style=\"font-weight: 400;\">3 de 5 n\u00fameros + 1 Powerball<\/span><\/td>\n<td><span style=\"font-weight: 400;\">$100<\/span><\/td>\n<td><span style=\"font-weight: 400;\">1: 14,494.11<\/span><\/td>\n<\/tr>\n<tr>\n<td><span style=\"font-weight: 400;\">3 de 5 n\u00fameros<\/span><\/td>\n<td><span style=\"font-weight: 400;\">$7<\/span><\/td>\n<td><span style=\"font-weight: 400;\">1: 579.76<\/span><\/td>\n<\/tr>\n<tr>\n<td><span style=\"font-weight: 400;\">2 de 5 n\u00fameros + 1 Powerball<\/span><\/td>\n<td><span style=\"font-weight: 400;\">$7<\/span><\/td>\n<td><span style=\"font-weight: 400;\">1: 701.33<\/span><\/td>\n<\/tr>\n<tr>\n<td><span style=\"font-weight: 400;\">1 de 5 n\u00fameros + 1 Powerball<\/span><\/td>\n<td><span style=\"font-weight: 400;\">$4<\/span><\/td>\n<td><span style=\"font-weight: 400;\">1: 91.98<\/span><\/td>\n<\/tr>\n<tr>\n<td><span style=\"font-weight: 400;\">Powerball<\/span><\/td>\n<td><span style=\"font-weight: 400;\">$4<\/span><\/td>\n<td><span style=\"font-weight: 400;\">1: 38.32<\/span><\/td>\n<\/tr>\n<\/tbody>\n<\/table>\n<p>\n<\/section><\/p>\n<p><section><div class=\"section-anchor\" id=\"reclamar-premios\"><\/div><\/p>\n<h2><strong>C\u00f3mo reclamar un premio del Powerball en Florida<\/strong><\/h2>\n<p>Todos los premios hasta $600 pueden ser reclamados en cualquier punto de venta de la Loter\u00eda de Florida. Sin embargo, si su premio del Powerball est\u00e1 entre $600 y <span style=\"font-weight: 400;\">$99,999.99, tendr\u00e1 que reclamarlo en una de estas tres formas:<\/span><\/p>\n<ul>\n<li style=\"font-weight: 400;\" aria-level=\"1\"><span style=\"font-weight: 400;\">En persona visitando la Oficina Principal de la Loter\u00eda en cualquier sucursal (tambi\u00e9n puede acordar una cita por adelantado).<\/span><\/li>\n<li style=\"font-weight: 400;\" aria-level=\"1\"><span style=\"font-weight: 400;\">Por entrega<\/span><\/li>\n<li style=\"font-weight: 400;\" aria-level=\"1\"><span style=\"font-weight: 400;\">Por correo postal<\/span><\/li>\n<\/ul>\n<p><span style=\"font-weight: 400;\">Recuerde que tendr\u00e1 que reclamar su premio dentro de un periodo de tiempo espec\u00edfico, que difiere seg\u00fan el tipo de juego en el que haya participado; para el sorteo del Powerball, ese periodo es de 180 d\u00edas. Para reclamar cualquier premio por encima de $600, debe llenar un Formulario de Reclamo de Ganador de la Loter\u00eda de la Florida, y proveer alg\u00fan tipo de identificaci\u00f3n, incluyendo:<\/span><\/p>\n<ul>\n<li style=\"font-weight: 400;\" aria-level=\"1\"><span style=\"font-weight: 400;\">Tarjeta de identificaci\u00f3n<\/span><\/li>\n<li style=\"font-weight: 400;\" aria-level=\"1\"><span style=\"font-weight: 400;\">Licencia de conducir<\/span><\/li>\n<li style=\"font-weight: 400;\" aria-level=\"1\"><span style=\"font-weight: 400;\">Pasaporte<\/span><\/li>\n<\/ul>\n<p>\n<\/section><\/p>\n<p><section><div class=\"section-anchor\" id=\"mayores-ganadores\"><\/div><\/p>\n<h2><strong>Mayores ganadores del Powerball en la Florida<\/strong><\/h2>\n<p>Aunque las probabilidades de ganar el premio mayor son cercanas a cero, hay algunos habitantes de la Florida que lo han hecho. Estos son algunos de los ganadores m\u00e1s recientes:<\/p>\n<ul>\n<li style=\"font-weight: 400;\" aria-level=\"1\"><span style=\"font-weight: 400;\">El ganador m\u00e1s reciente del premio mayor del Powerball de la Florida, compr\u00f3 su billete en un Circle K en Chaffee Road South en Jacksonville, ganando $285.6 millones.<\/span><\/li>\n<li style=\"font-weight: 400;\" aria-level=\"1\"><span style=\"font-weight: 400;\">Thomas Yi (23) es el ganador del premio mayor m\u00e1s joven de la Florida, llev\u00e1ndose $160,038,447.27.\u00a0<\/span><\/li>\n<li style=\"font-weight: 400;\" aria-level=\"1\"><span style=\"font-weight: 400;\">Antes de Thomas Yi, en 2020, William Richard Kruger recibi\u00f3 un pago en efectivo de $140,145,006.<\/span><\/li>\n<li style=\"font-weight: 400;\" aria-level=\"1\"><span style=\"font-weight: 400;\">Una suma a\u00fan m\u00e1s considerable se la gan\u00f3 Gloria Charline Mackenzie en 2012, cuando se qued\u00f3 con $370,896,780.54 del premio mayor de $600,000,000.<\/span><\/li>\n<\/ul>\n<p>\n<\/section><\/p>\n<p><section><div class=\"section-anchor\" id=\"historia\"><\/div><\/p>\n<h2><strong>Historia del Powerball y datos destacados<\/strong><\/h2>\n<ul>\n<li style=\"font-weight: 400;\" aria-level=\"1\"><span style=\"font-weight: 400;\">La Florida empez\u00f3 a vender billetes del Powerball en 2009.<\/span><\/li>\n<li style=\"font-weight: 400;\" aria-level=\"1\"><span style=\"font-weight: 400;\">La Loter\u00eda de la Florida a\u00fan no ha implementado la opci\u00f3n de comprar billetes en l\u00ednea. Si quiere participar en el sorteo, tendr\u00e1 que visitar uno de los puntos de venta autorizados.<\/span><\/li>\n<li style=\"font-weight: 400;\" aria-level=\"1\"><span style=\"font-weight: 400;\">Puede elegir entre recibir su premio en 30 pagos anuales o en un solo pago en efectivo.<\/span><\/li>\n<li style=\"font-weight: 400;\" aria-level=\"1\"><span style=\"font-weight: 400;\">La Loter\u00eda de la Florida entrega los beneficios de cada d\u00f3lar gastado en boletos a los ni\u00f1os en edad escolar de la Florida.<\/span><\/li>\n<li style=\"font-weight: 400;\" aria-level=\"1\"><span style=\"font-weight: 400;\">La Loter\u00eda de la Florida est\u00e1 obligada por ley a proveer la informaci\u00f3n de cada ganador del Powerball.<\/span><\/li>\n<\/ul>\n<p>\n<\/section><\/p>\n<p><section><div class=\"section-anchor\" id=\"otras-loter--as-de-la-florida\"><\/div><\/p>\n<h2><strong>Otras Loter\u00edas de la Florida<\/strong><\/h2>\n<p>Los jugadores de la Loter\u00eda de la Florida pueden jugar una gama de juegos diferentes, incluyendo el <a href=\"https:\/\/www.lotterycritic.com\/es\/resultados-loteria\/florida\/mega-millions\/\"><span style=\"font-weight: 400;\">Mega Millions<\/span><\/a><span style=\"font-weight: 400;\">, <\/span><a href=\"https:\/\/www.lotterycritic.com\/es\/resultados-loteria\/florida\/florida-lotto\/\"><span style=\"font-weight: 400;\">Lotto<\/span><\/a><span style=\"font-weight: 400;\">, <\/span><a href=\"https:\/\/www.lotterycritic.com\/es\/resultados-loteria\/nueva-jersey\/cash4life\/\"><span style=\"font-weight: 400;\">Cash4Life<\/span><\/a><span style=\"font-weight: 400;\">, y <\/span><a href=\"https:\/\/www.lotterycritic.com\/es\/resultados-loteria\/florida\/fantasy-5\/\"><span style=\"font-weight: 400;\">Fantasy 5<\/span><\/a><span style=\"font-weight: 400;\">. Adem\u00e1s, en el Estado del Sol tambi\u00e9n se ofrecen sorteos diarios como el <a href=\"https:\/\/www.lotterycritic.com\/es\/resultados-loteria\/florida\/pick-3\/\">Pick 3 en la Noche<\/a>, <a href=\"https:\/\/www.lotterycritic.com\/es\/resultados-loteria\/florida\/pick-5\/\">Pick 5 al Mediod\u00eda<\/a>, <a href=\"https:\/\/www.lotterycritic.com\/es\/resultados-loteria\/florida\/pick-4\/\">Pick 4 en la Noche<\/a>, <a href=\"https:\/\/www.lotterycritic.com\/lottery-results\/florida\/pick-2\/\">Pick 2 en la Noche<\/a>, y m\u00e1s.<\/span><\/p>\n<p>\n<\/section><\/p>\n<p><section><div class=\"section-anchor\" id=\"preguntas-frecuentes\"><\/div><\/p>\n<h2>Preguntas frecuentes sobre el Powerball de la Florida<\/h2>\n<h3><strong>\u00bfC\u00f3mo puedo ganar el premio mayor del Powerball de la Florida?<\/strong><\/h3>\n<p><span style=\"font-weight: 400;\">Para ganar el premio mayor del Powerball de la Florida, los jugadores deben acertar todos los seis n\u00fameros sorteados.<\/span><\/p>\n<h3><strong>\u00bfCu\u00e1ndo se sortea el Powerball?<\/strong><\/h3>\n<p><span style=\"font-weight: 400;\">Los sorteos del Powerball de la Florida toman lugar cada mi\u00e9rcoles y s\u00e1bado a las 10:59 PM EST.<\/span><\/p>\n<h3><strong>\u00bfQu\u00e9 pasa con los premios que no son reclamados?<\/strong><\/h3>\n<p>La ley de la Florida indica que el 80 % de la cantidad de un premio sin reclamar, se destina al Fondo Fiduciario para la Mejora de la Educaci\u00f3n, mientras que el 20 % se queda en la bolsa de premios para futuros sorteos.<\/p>\n<h3><strong>\u00bfC\u00f3mo puedo ser parte del Powerball de la Florida?<\/strong><\/h3>\n<p>Cualquier jugador que tenga por lo menos 18 a\u00f1os, puede probar suerte en el Powerball de la Florida.<\/p>\n<p>Utilice nuestra <a href=\"https:\/\/www.lotterycritic.com\/es\/calculadoras-loteria\/calculadora-pagos-impuestos-powerball\/\">calculadora de pagos e impuestos del Powerball<\/a>, para averiguar los impuestos que tendr\u00e1 que pagar si gana el premio mayor del Powerball, tanto para la opci\u00f3n de entrega en efectivo, como la opci\u00f3n de anualidad.<\/p>\n<p>\n<\/section><\/p>\n","protected":false},"excerpt":{"rendered":"<p>El Powerball de la Florida representa una oportunidad de ganar un premio masivo, mientras contribuye en proyectos y servicios alojados en Florida. Para participar en esta loter\u00eda, no necesita invertir mucho dinero, ya que los billetes solo cuestan $2. Siga leyendo para averiguar c\u00f3mo apuntarse, cu\u00e1ndo sucede, y todo lo que necesita saber.<\/p>\n","protected":false},"author":1,"featured_media":0,"parent":13816,"menu_order":1,"comment_status":"closed","ping_status":"closed","template":"lottery-results-game-child-template.php","meta":{"footnotes":""},"class_list":["post-13841","page","type-page","status-publish","hentry"],"acf":[],"yoast_head":"<!-- This site is optimized with the Yoast SEO plugin v23.4 - https:\/\/yoast.com\/wordpress\/plugins\/seo\/ -->\n<title>Resultados del Powerball para la Loter\u00eda de la Florida (FL) y N\u00fameros ganadores de esta noche y de anoche.<\/title>\n<meta name=\"description\" content=\"Aprenda todo lo que hay que saber sobre el Powerball de la Florida, incluyendo el calendario, probabilidades de ganar, los ganadores del premio mayor m\u00e1s recientes, y m\u00e1s.\" \/>\n<meta name=\"robots\" content=\"index, follow, max-snippet:-1, max-image-preview:large, max-video-preview:-1\" \/>\n<link rel=\"canonical\" href=\"https:\/\/www.lotterycritic.com\/es\/resultados-loteria\/florida\/powerball\/\" \/>\n<meta property=\"og:locale\" content=\"es_ES\" \/>\n<meta property=\"og:type\" content=\"article\" \/>\n<meta property=\"og:title\" content=\"Resultados del Powerball para la Loter\u00eda de la Florida (FL) y N\u00fameros ganadores de esta noche y de anoche.\" \/>\n<meta property=\"og:description\" content=\"Aprenda todo lo que hay que saber sobre el Powerball de la Florida, incluyendo el calendario, probabilidades de ganar, los ganadores del premio mayor m\u00e1s recientes, y m\u00e1s.\" \/>\n<meta property=\"og:url\" content=\"https:\/\/www.lotterycritic.com\/es\/resultados-loteria\/florida\/powerball\/\" \/>\n<meta property=\"og:site_name\" content=\"Lottery Critic\" \/>\n<meta property=\"article:modified_time\" content=\"2023-07-25T15:12:12+00:00\" \/>\n<meta name=\"twitter:card\" content=\"summary_large_image\" \/>\n<meta name=\"twitter:label1\" content=\"Tiempo de lectura\" \/>\n\t<meta name=\"twitter:data1\" content=\"7 minutos\" \/>\n<script type=\"application\/ld+json\" class=\"yoast-schema-graph\">{\"@context\":\"https:\/\/schema.org\",\"@graph\":[{\"@type\":\"WebPage\",\"@id\":\"https:\/\/www.lotterycritic.com\/es\/resultados-loteria\/florida\/powerball\/\",\"url\":\"https:\/\/www.lotterycritic.com\/es\/resultados-loteria\/florida\/powerball\/\",\"name\":\"Resultados del Powerball para la Loter\u00eda de la Florida (FL) y N\u00fameros ganadores de esta noche y de anoche.\",\"isPartOf\":{\"@id\":\"https:\/\/www.lotterycritic.com\/es\/#website\"},\"datePublished\":\"2023-07-18T01:51:07+00:00\",\"dateModified\":\"2023-07-25T15:12:12+00:00\",\"description\":\"Aprenda todo lo que hay que saber sobre el Powerball de la Florida, incluyendo el calendario, probabilidades de ganar, los ganadores del premio mayor m\u00e1s recientes, y m\u00e1s.\",\"breadcrumb\":{\"@id\":\"https:\/\/www.lotterycritic.com\/es\/resultados-loteria\/florida\/powerball\/#breadcrumb\"},\"inLanguage\":\"es\",\"potentialAction\":[{\"@type\":\"ReadAction\",\"target\":[\"https:\/\/www.lotterycritic.com\/es\/resultados-loteria\/florida\/powerball\/\"]}]},{\"@type\":\"BreadcrumbList\",\"@id\":\"https:\/\/www.lotterycritic.com\/es\/resultados-loteria\/florida\/powerball\/#breadcrumb\",\"itemListElement\":[{\"@type\":\"ListItem\",\"position\":1,\"name\":\"Home\",\"item\":\"https:\/\/www.lotterycritic.com\/es\/\"},{\"@type\":\"ListItem\",\"position\":2,\"name\":\"Resultados de La Loter\u00eda Americana &#8211; Los \u00daltimos N\u00fameros Ganadores de La Loter\u00eda de Estados Unidos\",\"item\":\"https:\/\/www.lotterycritic.com\/es\/resultados-loteria\/\"},{\"@type\":\"ListItem\",\"position\":3,\"name\":\"Resultados del Powerball de Florida (FL) y N\u00fameros Ganadores [Ayer + Hoy]\",\"item\":\"https:\/\/www.lotterycritic.com\/es\/resultados-loteria\/florida\/\"},{\"@type\":\"ListItem\",\"position\":4,\"name\":\"Resultados del Powerball de la Loter\u00eda de la Florida &#038; N\u00fameros ganadores [Anoche + Esta noche]\"}]},{\"@type\":\"WebSite\",\"@id\":\"https:\/\/www.lotterycritic.com\/es\/#website\",\"url\":\"https:\/\/www.lotterycritic.com\/es\/\",\"name\":\"Lottery Critic\",\"description\":\"Your Guide to Lottery Results, Winning Numbers &amp; More\u2026\",\"potentialAction\":[{\"@type\":\"SearchAction\",\"target\":{\"@type\":\"EntryPoint\",\"urlTemplate\":\"https:\/\/www.lotterycritic.com\/es\/?s={search_term_string}\"},\"query-input\":{\"@type\":\"PropertyValueSpecification\",\"valueRequired\":true,\"valueName\":\"search_term_string\"}}],\"inLanguage\":\"es\"}]}<\/script>\n<!-- \/ Yoast SEO plugin. -->","yoast_head_json":{"title":"Resultados del Powerball para la Loter\u00eda de la Florida (FL) y N\u00fameros ganadores de esta noche y de anoche.","description":"Aprenda todo lo que hay que saber sobre el Powerball de la Florida, incluyendo el calendario, probabilidades de ganar, los ganadores del premio mayor m\u00e1s recientes, y m\u00e1s.","robots":{"index":"index","follow":"follow","max-snippet":"max-snippet:-1","max-image-preview":"max-image-preview:large","max-video-preview":"max-video-preview:-1"},"canonical":"https:\/\/www.lotterycritic.com\/es\/resultados-loteria\/florida\/powerball\/","og_locale":"es_ES","og_type":"article","og_title":"Resultados del Powerball para la Loter\u00eda de la Florida (FL) y N\u00fameros ganadores de esta noche y de anoche.","og_description":"Aprenda todo lo que hay que saber sobre el Powerball de la Florida, incluyendo el calendario, probabilidades de ganar, los ganadores del premio mayor m\u00e1s recientes, y m\u00e1s.","og_url":"https:\/\/www.lotterycritic.com\/es\/resultados-loteria\/florida\/powerball\/","og_site_name":"Lottery Critic","article_modified_time":"2023-07-25T15:12:12+00:00","twitter_card":"summary_large_image","twitter_misc":{"Tiempo de lectura":"7 minutos"},"schema":{"@context":"https:\/\/schema.org","@graph":[{"@type":"WebPage","@id":"https:\/\/www.lotterycritic.com\/es\/resultados-loteria\/florida\/powerball\/","url":"https:\/\/www.lotterycritic.com\/es\/resultados-loteria\/florida\/powerball\/","name":"Resultados del Powerball para la Loter\u00eda de la Florida (FL) y N\u00fameros ganadores de esta noche y de anoche.","isPartOf":{"@id":"https:\/\/www.lotterycritic.com\/es\/#website"},"datePublished":"2023-07-18T01:51:07+00:00","dateModified":"2023-07-25T15:12:12+00:00","description":"Aprenda todo lo que hay que saber sobre el Powerball de la Florida, incluyendo el calendario, probabilidades de ganar, los ganadores del premio mayor m\u00e1s recientes, y m\u00e1s.","breadcrumb":{"@id":"https:\/\/www.lotterycritic.com\/es\/resultados-loteria\/florida\/powerball\/#breadcrumb"},"inLanguage":"es","potentialAction":[{"@type":"ReadAction","target":["https:\/\/www.lotterycritic.com\/es\/resultados-loteria\/florida\/powerball\/"]}]},{"@type":"BreadcrumbList","@id":"https:\/\/www.lotterycritic.com\/es\/resultados-loteria\/florida\/powerball\/#breadcrumb","itemListElement":[{"@type":"ListItem","position":1,"name":"Home","item":"https:\/\/www.lotterycritic.com\/es\/"},{"@type":"ListItem","position":2,"name":"Resultados de La Loter\u00eda Americana &#8211; Los \u00daltimos N\u00fameros Ganadores de La Loter\u00eda de Estados Unidos","item":"https:\/\/www.lotterycritic.com\/es\/resultados-loteria\/"},{"@type":"ListItem","position":3,"name":"Resultados del Powerball de Florida (FL) y N\u00fameros Ganadores [Ayer + Hoy]","item":"https:\/\/www.lotterycritic.com\/es\/resultados-loteria\/florida\/"},{"@type":"ListItem","position":4,"name":"Resultados del Powerball de la Loter\u00eda de la Florida &#038; N\u00fameros ganadores [Anoche + Esta noche]"}]},{"@type":"WebSite","@id":"https:\/\/www.lotterycritic.com\/es\/#website","url":"https:\/\/www.lotterycritic.com\/es\/","name":"Lottery Critic","description":"Your Guide to Lottery Results, Winning Numbers &amp; More\u2026","potentialAction":[{"@type":"SearchAction","target":{"@type":"EntryPoint","urlTemplate":"https:\/\/www.lotterycritic.com\/es\/?s={search_term_string}"},"query-input":{"@type":"PropertyValueSpecification","valueRequired":true,"valueName":"search_term_string"}}],"inLanguage":"es"}]}},"_links":{"self":[{"href":"https:\/\/www.lotterycritic.com\/es\/wp-json\/wp\/v2\/pages\/13841"}],"collection":[{"href":"https:\/\/www.lotterycritic.com\/es\/wp-json\/wp\/v2\/pages"}],"about":[{"href":"https:\/\/www.lotterycritic.com\/es\/wp-json\/wp\/v2\/types\/page"}],"author":[{"embeddable":true,"href":"https:\/\/www.lotterycritic.com\/es\/wp-json\/wp\/v2\/users\/1"}],"replies":[{"embeddable":true,"href":"https:\/\/www.lotterycritic.com\/es\/wp-json\/wp\/v2\/comments?post=13841"}],"version-history":[{"count":3,"href":"https:\/\/www.lotterycritic.com\/es\/wp-json\/wp\/v2\/pages\/13841\/revisions"}],"predecessor-version":[{"id":13979,"href":"https:\/\/www.lotterycritic.com\/es\/wp-json\/wp\/v2\/pages\/13841\/revisions\/13979"}],"up":[{"embeddable":true,"href":"https:\/\/www.lotterycritic.com\/es\/wp-json\/wp\/v2\/pages\/13816"}],"wp:attachment":[{"href":"https:\/\/www.lotterycritic.com\/es\/wp-json\/wp\/v2\/media?parent=13841"}],"curies":[{"name":"wp","href":"https:\/\/api.w.org\/{rel}","templated":true}]}}