{"id":13839,"date":"2023-07-17T23:53:19","date_gmt":"2023-07-17T23:53:19","guid":{"rendered":"https:\/\/www.lotterycritic.com\/resultados-loteria\/florida\/resultados-del-pick-5-de-la-loteria-de-la-florida-numeros-ganadores-noche-mediodia\/"},"modified":"2023-07-25T15:14:36","modified_gmt":"2023-07-25T15:14:36","slug":"pick-5","status":"publish","type":"page","link":"https:\/\/www.lotterycritic.com\/es\/resultados-loteria\/florida\/pick-5\/","title":{"rendered":"Resultados del Pick 5 de la Loter\u00eda de la Florida &#038; N\u00fameros ganadores [Noche + Mediod\u00eda]"},"content":{"rendered":"<p><section><div class=\"section-anchor\"><\/div><\/p>\n<h2>C\u00f3mo jugar al Pick 5 de la Loter\u00eda de la Florida<\/h2>\n<p>Los sorteos del Pick 5 toman lugar dos veces al d\u00eda, d\u00e1ndole m\u00e1s posibilidades de ganar. Tendr\u00e1 que seleccionar 5 n\u00fameros del 0 al 9, luego, seleccionar un estilo de juego, apostar una cantidad, y elegir un calendario de sorteo.<\/p>\n<p>Puede escoger entre 4 diferentes estilos de juego:<\/p>\n<ul>\n<li><b>Straight: <\/b>Debe acertar los n\u00fameros ganadores en el orden exacto. Disponible para billetes de $0.50 o $1.<\/li>\n<li><strong>Box:<\/strong> Puede coincidir en los n\u00fameros ganadores en cualquier orden. El billete cuesta $0.50 y $1.<\/li>\n<li><b>Straight\/Box: <\/b>Puede acertar los n\u00fameros ganadores en cualquier orden o en el orden exacto. Solo disponible para billetes de $1.<\/li>\n<li><b><\/b><b>1-OFF:<\/b> Su billete viene con n\u00fameros 1-OFF que son 1 por debajo y 1 por encima de cada uno de los 5 d\u00edgitos escogidos. Si cualquiera de estos n\u00fameros 1-OFF coincide con los sorteados, puede ganar un premio. Disponible para billetes de $1.<\/li>\n<\/ul>\n<p>\n<\/section><\/p>\n<p><section><div class=\"section-anchor\"><\/div><\/p>\n<h2>Calendario de sorteos del Pick 5 de la Florida<\/h2>\n<p>Los sorteos del Pick 5 se realizan todos los d\u00edas alrededor de las 1:30 PM y 9:45 PM, hora del este. A diferencia del <a href=\"https:\/\/www.lotterycritic.com\/es\/resultados-loteria\/florida\/fantasy-5\/\">Fantasy 5 de la Florida<\/a>, puede comprar billetes hasta 12 minutos antes de cada sorteo (1:18 PM y 9:33 PM, respectivamente). De la misma forma, el <a href=\"https:\/\/www.lotterycritic.com\/es\/resultados-loteria\/florida\/pick-4\/\">Pick 4 de la Florida<\/a> se juega cada d\u00eda.<\/p>\n<p>\n<\/section><\/p>\n<p><section><div class=\"section-anchor\" id=\"payouts-and-odds\"><\/div><\/p>\n<h2>Pagos y Probabilidades de ganar el Pick 5 de Florida<\/h2>\n<p>A diferencia de otras <a href=\"https:\/\/www.lotterycritic.com\/es\/resultados-loteria\/florida\/\">loter\u00edas de la Florida<\/a>, los juegos Pick tienen premios para cada nivel. La cantidad que puede ganar depende del estilo de juego elegido, y los n\u00fameros escogidos.<\/p>\n<table>\n<tbody>\n<tr>\n<td><b>Tipo de juego<\/b><\/td>\n<td><b>Ejemplo<\/b><\/td>\n<td><b>Probabilidades<\/b><\/td>\n<td colspan=\"2\"><b>Pagos<\/b><\/td>\n<\/tr>\n<tr>\n<td colspan=\"3\"><b>STRAIGHT<\/b><\/td>\n<td><b>Juego de $0.50<\/b><\/td>\n<td><b>Juego de $1<\/b><\/td>\n<\/tr>\n<tr>\n<td><\/td>\n<td>12345<\/td>\n<td>1:100,000<\/td>\n<td>$25,000<\/td>\n<td>$50,000<\/td>\n<\/tr>\n<tr>\n<td colspan=\"3\"><b>BOX<\/b><\/td>\n<td><b>Juego de $0.50<\/b><\/td>\n<td><b>Juego de $1<\/b><\/td>\n<\/tr>\n<tr>\n<td>5-way<\/td>\n<td>11112<\/td>\n<td>1:20,000<\/td>\n<td>$5,000<\/td>\n<td>$10,000<\/td>\n<\/tr>\n<tr>\n<td>10-way<\/td>\n<td>11122<\/td>\n<td>1:10,000<\/td>\n<td>$2,500<\/td>\n<td>$5,000<\/td>\n<\/tr>\n<tr>\n<td>20-way<\/td>\n<td>11123<\/td>\n<td>1:5,000<\/td>\n<td>$1,250<\/td>\n<td>$2,500<\/td>\n<\/tr>\n<tr>\n<td>30-way<\/td>\n<td>11223<\/td>\n<td>1:3,333.33<\/td>\n<td>$830<\/td>\n<td>$1,660<\/td>\n<\/tr>\n<tr>\n<td>60-way<\/td>\n<td>11234<\/td>\n<td>1:1,666.67<\/td>\n<td>$415<\/td>\n<td>$830<\/td>\n<\/tr>\n<tr>\n<td>120-way<\/td>\n<td>12345<\/td>\n<td>1:833.33<\/td>\n<td>$208<\/td>\n<td>$416<\/td>\n<\/tr>\n<tr>\n<td colspan=\"3\"><b>STRAIGHT\/BOX<\/b><\/td>\n<td><b>BOX<\/b><\/td>\n<td><b>STRAIGHT<\/b><\/td>\n<\/tr>\n<tr>\n<td>5-way<\/td>\n<td>11112<\/td>\n<td>1:100,000 y 1:20,000<\/td>\n<td>$5,000<\/td>\n<td>$30,000<\/td>\n<\/tr>\n<tr>\n<td>10-way<\/td>\n<td>11122<\/td>\n<td>1:100,000 y 1:10,000<\/td>\n<td>$2,500<\/td>\n<td>$27,500<\/td>\n<\/tr>\n<tr>\n<td>20-way<\/td>\n<td>11123<\/td>\n<td>1:100,000 y 1:5,000<\/td>\n<td>$1,250<\/td>\n<td>$26,250<\/td>\n<\/tr>\n<tr>\n<td>30-way<\/td>\n<td>11223<\/td>\n<td>1:100,000 y 1:3,333.33<\/td>\n<td>$830<\/td>\n<td>$25,830<\/td>\n<\/tr>\n<tr>\n<td>60-way<\/td>\n<td>11234<\/td>\n<td>1:100,000 y 1:1,666.67<\/td>\n<td>$415<\/td>\n<td>$25,415<\/td>\n<\/tr>\n<tr>\n<td>120-way<\/td>\n<td>12345<\/td>\n<td>1:100,000 y 1:833.33<\/td>\n<td>$208<\/td>\n<td>$25,208<\/td>\n<\/tr>\n<tr>\n<td colspan=\"4\"><b>1-OFF<\/b><\/td>\n<td>Juego de $1<\/td>\n<\/tr>\n<tr>\n<td>STRAIGHT<\/td>\n<td>12345<\/td>\n<td>1:100,000<\/td>\n<td><\/td>\n<td>$25,000<\/td>\n<\/tr>\n<tr>\n<td>1-OFF en 1 d\u00edgito<\/td>\n<td>02345<\/td>\n<td>1:10,000<\/td>\n<td><\/td>\n<td>$500<\/td>\n<\/tr>\n<tr>\n<td>1-OFF en 5 d\u00edgitos<\/td>\n<td>01234<\/td>\n<td>1:3,125<\/td>\n<td><\/td>\n<td>$150<\/td>\n<\/tr>\n<tr>\n<td>1-OFF en 2 d\u00edgitos<\/td>\n<td>01345<\/td>\n<td>1:2,500<\/td>\n<td><\/td>\n<td>$100<\/td>\n<\/tr>\n<tr>\n<td>1-OFF en 3 d\u00edgitos<\/td>\n<td>01245<\/td>\n<td>1:1,250<\/td>\n<td><\/td>\n<td>$75<\/td>\n<\/tr>\n<tr>\n<td>1-OFF en 4 d\u00edgitos<\/td>\n<td>01235<\/td>\n<td>1:1,250<\/td>\n<td><\/td>\n<td>$75<\/td>\n<\/tr>\n<\/tbody>\n<\/table>\n<p>\n<\/section><\/p>\n","protected":false},"excerpt":{"rendered":"","protected":false},"author":2,"featured_media":0,"parent":13816,"menu_order":4,"comment_status":"closed","ping_status":"closed","template":"lottery-results-game-child-template.php","meta":{"footnotes":""},"class_list":["post-13839","page","type-page","status-publish","hentry"],"acf":[],"yoast_head":"<!-- This site is optimized with the Yoast SEO plugin v23.4 - https:\/\/yoast.com\/wordpress\/plugins\/seo\/ -->\n<title>Resultados del Pick 5 de la Loter\u00eda de Florida (FL) [Tarde + Mediod\u00eda] &amp; N\u00fameros ganadores.<\/title>\n<meta name=\"description\" content=\"Todo lo que necesita saber sobre el juego de loter\u00eda Pick 5 de Florida; sus resultados m\u00e1s recientes, n\u00fameros ganadores, pagos, probabilidades, hora de sorteos, y m\u00e1s.\" \/>\n<meta name=\"robots\" content=\"index, follow, max-snippet:-1, max-image-preview:large, max-video-preview:-1\" \/>\n<link rel=\"canonical\" href=\"https:\/\/www.lotterycritic.com\/es\/resultados-loteria\/florida\/pick-5\/\" \/>\n<meta property=\"og:locale\" content=\"es_ES\" \/>\n<meta property=\"og:type\" content=\"article\" \/>\n<meta property=\"og:title\" content=\"Resultados del Pick 5 de la Loter\u00eda de Florida (FL) [Tarde + Mediod\u00eda] &amp; N\u00fameros ganadores.\" \/>\n<meta property=\"og:description\" content=\"Todo lo que necesita saber sobre el juego de loter\u00eda Pick 5 de Florida; sus resultados m\u00e1s recientes, n\u00fameros ganadores, pagos, probabilidades, hora de sorteos, y m\u00e1s.\" \/>\n<meta property=\"og:url\" content=\"https:\/\/www.lotterycritic.com\/es\/resultados-loteria\/florida\/pick-5\/\" \/>\n<meta property=\"og:site_name\" content=\"Lottery Critic\" \/>\n<meta property=\"article:modified_time\" content=\"2023-07-25T15:14:36+00:00\" \/>\n<meta name=\"twitter:card\" content=\"summary_large_image\" \/>\n<meta name=\"twitter:label1\" content=\"Tiempo de lectura\" \/>\n\t<meta name=\"twitter:data1\" content=\"2 minutos\" \/>\n<script type=\"application\/ld+json\" class=\"yoast-schema-graph\">{\"@context\":\"https:\/\/schema.org\",\"@graph\":[{\"@type\":\"WebPage\",\"@id\":\"https:\/\/www.lotterycritic.com\/es\/resultados-loteria\/florida\/pick-5\/\",\"url\":\"https:\/\/www.lotterycritic.com\/es\/resultados-loteria\/florida\/pick-5\/\",\"name\":\"Resultados del Pick 5 de la Loter\u00eda de Florida (FL) [Tarde + Mediod\u00eda] & N\u00fameros ganadores.\",\"isPartOf\":{\"@id\":\"https:\/\/www.lotterycritic.com\/es\/#website\"},\"datePublished\":\"2023-07-17T23:53:19+00:00\",\"dateModified\":\"2023-07-25T15:14:36+00:00\",\"description\":\"Todo lo que necesita saber sobre el juego de loter\u00eda Pick 5 de Florida; sus resultados m\u00e1s recientes, n\u00fameros ganadores, pagos, probabilidades, hora de sorteos, y m\u00e1s.\",\"breadcrumb\":{\"@id\":\"https:\/\/www.lotterycritic.com\/es\/resultados-loteria\/florida\/pick-5\/#breadcrumb\"},\"inLanguage\":\"es\",\"potentialAction\":[{\"@type\":\"ReadAction\",\"target\":[\"https:\/\/www.lotterycritic.com\/es\/resultados-loteria\/florida\/pick-5\/\"]}]},{\"@type\":\"BreadcrumbList\",\"@id\":\"https:\/\/www.lotterycritic.com\/es\/resultados-loteria\/florida\/pick-5\/#breadcrumb\",\"itemListElement\":[{\"@type\":\"ListItem\",\"position\":1,\"name\":\"Home\",\"item\":\"https:\/\/www.lotterycritic.com\/es\/\"},{\"@type\":\"ListItem\",\"position\":2,\"name\":\"Resultados de La Loter\u00eda Americana &#8211; Los \u00daltimos N\u00fameros Ganadores de La Loter\u00eda de Estados Unidos\",\"item\":\"https:\/\/www.lotterycritic.com\/es\/resultados-loteria\/\"},{\"@type\":\"ListItem\",\"position\":3,\"name\":\"Resultados del Powerball de Florida (FL) y N\u00fameros Ganadores [Ayer + Hoy]\",\"item\":\"https:\/\/www.lotterycritic.com\/es\/resultados-loteria\/florida\/\"},{\"@type\":\"ListItem\",\"position\":4,\"name\":\"Resultados del Pick 5 de la Loter\u00eda de la Florida &#038; N\u00fameros ganadores [Noche + Mediod\u00eda]\"}]},{\"@type\":\"WebSite\",\"@id\":\"https:\/\/www.lotterycritic.com\/es\/#website\",\"url\":\"https:\/\/www.lotterycritic.com\/es\/\",\"name\":\"Lottery Critic\",\"description\":\"Your Guide to Lottery Results, Winning Numbers &amp; More\u2026\",\"potentialAction\":[{\"@type\":\"SearchAction\",\"target\":{\"@type\":\"EntryPoint\",\"urlTemplate\":\"https:\/\/www.lotterycritic.com\/es\/?s={search_term_string}\"},\"query-input\":{\"@type\":\"PropertyValueSpecification\",\"valueRequired\":true,\"valueName\":\"search_term_string\"}}],\"inLanguage\":\"es\"}]}<\/script>\n<!-- \/ Yoast SEO plugin. -->","yoast_head_json":{"title":"Resultados del Pick 5 de la Loter\u00eda de Florida (FL) [Tarde + Mediod\u00eda] & N\u00fameros ganadores.","description":"Todo lo que necesita saber sobre el juego de loter\u00eda Pick 5 de Florida; sus resultados m\u00e1s recientes, n\u00fameros ganadores, pagos, probabilidades, hora de sorteos, y m\u00e1s.","robots":{"index":"index","follow":"follow","max-snippet":"max-snippet:-1","max-image-preview":"max-image-preview:large","max-video-preview":"max-video-preview:-1"},"canonical":"https:\/\/www.lotterycritic.com\/es\/resultados-loteria\/florida\/pick-5\/","og_locale":"es_ES","og_type":"article","og_title":"Resultados del Pick 5 de la Loter\u00eda de Florida (FL) [Tarde + Mediod\u00eda] & N\u00fameros ganadores.","og_description":"Todo lo que necesita saber sobre el juego de loter\u00eda Pick 5 de Florida; sus resultados m\u00e1s recientes, n\u00fameros ganadores, pagos, probabilidades, hora de sorteos, y m\u00e1s.","og_url":"https:\/\/www.lotterycritic.com\/es\/resultados-loteria\/florida\/pick-5\/","og_site_name":"Lottery Critic","article_modified_time":"2023-07-25T15:14:36+00:00","twitter_card":"summary_large_image","twitter_misc":{"Tiempo de lectura":"2 minutos"},"schema":{"@context":"https:\/\/schema.org","@graph":[{"@type":"WebPage","@id":"https:\/\/www.lotterycritic.com\/es\/resultados-loteria\/florida\/pick-5\/","url":"https:\/\/www.lotterycritic.com\/es\/resultados-loteria\/florida\/pick-5\/","name":"Resultados del Pick 5 de la Loter\u00eda de Florida (FL) [Tarde + Mediod\u00eda] & N\u00fameros ganadores.","isPartOf":{"@id":"https:\/\/www.lotterycritic.com\/es\/#website"},"datePublished":"2023-07-17T23:53:19+00:00","dateModified":"2023-07-25T15:14:36+00:00","description":"Todo lo que necesita saber sobre el juego de loter\u00eda Pick 5 de Florida; sus resultados m\u00e1s recientes, n\u00fameros ganadores, pagos, probabilidades, hora de sorteos, y m\u00e1s.","breadcrumb":{"@id":"https:\/\/www.lotterycritic.com\/es\/resultados-loteria\/florida\/pick-5\/#breadcrumb"},"inLanguage":"es","potentialAction":[{"@type":"ReadAction","target":["https:\/\/www.lotterycritic.com\/es\/resultados-loteria\/florida\/pick-5\/"]}]},{"@type":"BreadcrumbList","@id":"https:\/\/www.lotterycritic.com\/es\/resultados-loteria\/florida\/pick-5\/#breadcrumb","itemListElement":[{"@type":"ListItem","position":1,"name":"Home","item":"https:\/\/www.lotterycritic.com\/es\/"},{"@type":"ListItem","position":2,"name":"Resultados de La Loter\u00eda Americana &#8211; Los \u00daltimos N\u00fameros Ganadores de La Loter\u00eda de Estados Unidos","item":"https:\/\/www.lotterycritic.com\/es\/resultados-loteria\/"},{"@type":"ListItem","position":3,"name":"Resultados del Powerball de Florida (FL) y N\u00fameros Ganadores [Ayer + Hoy]","item":"https:\/\/www.lotterycritic.com\/es\/resultados-loteria\/florida\/"},{"@type":"ListItem","position":4,"name":"Resultados del Pick 5 de la Loter\u00eda de la Florida &#038; N\u00fameros ganadores [Noche + Mediod\u00eda]"}]},{"@type":"WebSite","@id":"https:\/\/www.lotterycritic.com\/es\/#website","url":"https:\/\/www.lotterycritic.com\/es\/","name":"Lottery Critic","description":"Your Guide to Lottery Results, Winning Numbers &amp; More\u2026","potentialAction":[{"@type":"SearchAction","target":{"@type":"EntryPoint","urlTemplate":"https:\/\/www.lotterycritic.com\/es\/?s={search_term_string}"},"query-input":{"@type":"PropertyValueSpecification","valueRequired":true,"valueName":"search_term_string"}}],"inLanguage":"es"}]}},"_links":{"self":[{"href":"https:\/\/www.lotterycritic.com\/es\/wp-json\/wp\/v2\/pages\/13839"}],"collection":[{"href":"https:\/\/www.lotterycritic.com\/es\/wp-json\/wp\/v2\/pages"}],"about":[{"href":"https:\/\/www.lotterycritic.com\/es\/wp-json\/wp\/v2\/types\/page"}],"author":[{"embeddable":true,"href":"https:\/\/www.lotterycritic.com\/es\/wp-json\/wp\/v2\/users\/2"}],"replies":[{"embeddable":true,"href":"https:\/\/www.lotterycritic.com\/es\/wp-json\/wp\/v2\/comments?post=13839"}],"version-history":[{"count":3,"href":"https:\/\/www.lotterycritic.com\/es\/wp-json\/wp\/v2\/pages\/13839\/revisions"}],"predecessor-version":[{"id":13983,"href":"https:\/\/www.lotterycritic.com\/es\/wp-json\/wp\/v2\/pages\/13839\/revisions\/13983"}],"up":[{"embeddable":true,"href":"https:\/\/www.lotterycritic.com\/es\/wp-json\/wp\/v2\/pages\/13816"}],"wp:attachment":[{"href":"https:\/\/www.lotterycritic.com\/es\/wp-json\/wp\/v2\/media?parent=13839"}],"curies":[{"name":"wp","href":"https:\/\/api.w.org\/{rel}","templated":true}]}}