{"id":13837,"date":"2023-07-17T23:31:04","date_gmt":"2023-07-17T23:31:04","guid":{"rendered":"https:\/\/www.lotterycritic.com\/resultados-loteria\/florida\/resultados-del-pick-4-para-la-loteria-de-la-florida-fl-numeros-ganadores-tarde-mediodia-manana\/"},"modified":"2023-08-11T11:53:43","modified_gmt":"2023-08-11T11:53:43","slug":"pick-4","status":"publish","type":"page","link":"https:\/\/www.lotterycritic.com\/es\/resultados-loteria\/florida\/pick-4\/","title":{"rendered":"Resultados del Pick 4 de Florida (FL) y N\u00fameros Ganadores de Hoy [Noche + D\u00eda + Ma\u00f1ana]"},"content":{"rendered":"<p><section><div class=\"section-anchor\" id=\"c--mo-jugar\"><\/div><\/p>\n<h2>C\u00f3mo jugar al Pick 4 de la Loter\u00eda de Florida<\/h2>\n<p>Los sorteos del Pick 4 se realizan dos veces al d\u00eda, con un premio m\u00e1ximo de $5,000 por sorteo. Necesita elegir 4 n\u00fameros del 0 al 9, luego, seleccionar un estilo de juego, una cantidad a apostar, y un calendario de sorteo.<\/p>\n<p>Puede escoger de entre los siguientes 8 estilos de juego:<\/p>\n<ul>\n<li><b>Straight: <\/b>Debe coincidir en los n\u00fameros ganadores en el orden exacto. Disponible por $0.50 o $1 por billete.<\/li>\n<li><strong>Box:<\/strong> Puede acertar los n\u00fameros sorteados en cualquier orden. Disponible para billetes de $0.50 o $1.<\/li>\n<li><strong>Straight\/Box:<\/strong> Puede coincidir con los n\u00fameros ganadores en cualquier orden o en el orden exacto. Disponible por $1 para cada billete.<\/li>\n<li><b>1-OFF:<\/b> Su billete incluye n\u00fameros 1-OFF, los cuales son 1 m\u00e1s bajo y 1 m\u00e1s alto que cada uno de los 5 d\u00edgitos elegidos. Si ninguno de estos n\u00fameros 1-OFF coincide con los n\u00fameros sorteados, tambi\u00e9n puede ganar un premio. Disponible para billetes de $1.<\/li>\n<li><b>Combo: <\/b>Puede ganar con todas las combinaciones Straight que surgen de un n\u00famero de 4 d\u00edgitos. Disponible entre $2 y $24 por cada billete, dependiendo de sus n\u00fameros elegidos.<\/li>\n<li><b>Front Pair: <\/b>Elige n\u00fameros de las 2 primeras columnas en su papeleta. Disponible por $0.50 o $1.<\/li>\n<li><b>Mid Pair: <\/b>Solo escoge n\u00fameros de las 2 columnas de en medio en su papeleta. Disponible con billetes de $0.50 o $1.<\/li>\n<li><b>Back Pair: <\/b>Elige n\u00fameros de las 2 \u00faltimas columnas en su papeleta. Disponible por $0.50 o $1.<\/li>\n<\/ul>\n<p>\n<\/section><\/p>\n<p><section><div class=\"section-anchor\" id=\"calendario-de-sorteos\"><\/div><\/p>\n<h2>Calendario de sorteos del Pick 4 en Florida<\/h2>\n<p>Al igual que ocurre con el <a href=\"https:\/\/www.lotterycritic.com\/es\/resultados-loteria\/florida\/pick-3\/\">Pick 3 de Florida<\/a>, los sorteos del Pick 4 suceden todos los d\u00edas a las 1:30 PM y 9:45 PM, hora del este. Puede comprar billetes hasta 10 minutos antes de cada sorteo: hasta las 1:20 PM y 9:35 PM, respectivamente.<\/p>\n<p>\n<\/section><\/p>\n<p><section><div class=\"section-anchor\" id=\"premios-y-probabilidades\"><\/div><\/p>\n<h2>Premios y Probabilidades de ganar el Pick 4 de la Florida<\/h2>\n<p>Los juegos Pick tienen premios para cada nivel. La cantidad que puede ganar depende del estilo de juego que haya elegido y los n\u00fameros escogidos. Puede echar un vistazo a m\u00e1s <a href=\"https:\/\/www.lotterycritic.com\/es\/resultados-loteria\/florida\/\">resultados de la Loter\u00eda de la Florida<\/a> aqu\u00ed.<\/p>\n<table>\n<tbody>\n<tr>\n<td><strong>Tipo de juego<\/strong><\/td>\n<td><strong>Ejemplo<\/strong><\/td>\n<td><strong>Probabilidades<\/strong><\/td>\n<td colspan=\"2\"><strong>Premio<\/strong><\/td>\n<\/tr>\n<tr>\n<td colspan=\"3\"><b>STRAIGHT<\/b><\/td>\n<td>Juego de $0.50<\/td>\n<td>Juego de $1<\/td>\n<\/tr>\n<tr>\n<td><\/td>\n<td>1234<\/td>\n<td>1:10,000<\/td>\n<td>$2,500<\/td>\n<td>$5,000<\/td>\n<\/tr>\n<tr>\n<td colspan=\"3\"><b>BOX<\/b><\/td>\n<td>Juego de $0.50<\/td>\n<td>Juego de $1<\/td>\n<\/tr>\n<tr>\n<td>4-way<\/td>\n<td>1112<\/td>\n<td>1:2,500<\/td>\n<td>$599<\/td>\n<td>$1,198<\/td>\n<\/tr>\n<tr>\n<td>6-way<\/td>\n<td>1122<\/td>\n<td>1:1,666.67<\/td>\n<td>$400<\/td>\n<td>$800<\/td>\n<\/tr>\n<tr>\n<td>12-way<\/td>\n<td>1123<\/td>\n<td>1:833.33<\/td>\n<td>$200<\/td>\n<td>$400<\/td>\n<\/tr>\n<tr>\n<td>24-way<\/td>\n<td>1234<\/td>\n<td>1:416.67<\/td>\n<td>$100<\/td>\n<td>$200<\/td>\n<\/tr>\n<tr>\n<td colspan=\"3\"><b>STRAIGHT\/BOX<\/b><\/td>\n<td>BOX<\/td>\n<td>STRAIGHT<\/td>\n<\/tr>\n<tr>\n<td>4-way<\/td>\n<td>1112<\/td>\n<td>1:10,000 y 1:2,500<\/td>\n<td>$599<\/td>\n<td>$3,099<\/td>\n<\/tr>\n<tr>\n<td>6-way<\/td>\n<td>1122<\/td>\n<td>1:10,000 y 1:1,666.67<\/td>\n<td>$400<\/td>\n<td>$2,900<\/td>\n<\/tr>\n<tr>\n<td>12-way<\/td>\n<td>1123<\/td>\n<td>1:10,000 y 1:833.33<\/td>\n<td>$200<\/td>\n<td>$2,700<\/td>\n<\/tr>\n<tr>\n<td>24-way<\/td>\n<td>1234<\/td>\n<td>1:10,000 y 1:416.67<\/td>\n<td>$100<\/td>\n<td>$2,600<\/td>\n<\/tr>\n<tr>\n<td colspan=\"3\"><b>1-OFF<\/b><\/td>\n<td><\/td>\n<td>Juego de $1<\/td>\n<\/tr>\n<tr>\n<td>STRAIGHT<\/td>\n<td>1234<\/td>\n<td>1:10,000<\/td>\n<td><\/td>\n<td>$2,500<\/td>\n<\/tr>\n<tr>\n<td>1-OFF de 1 d\u00edgito<\/td>\n<td>1235<\/td>\n<td>1:1,250<\/td>\n<td><\/td>\n<td>$100<\/td>\n<\/tr>\n<tr>\n<td>1-OFF de 4 d\u00edgitos<\/td>\n<td>0345<\/td>\n<td>1:625<\/td>\n<td><\/td>\n<td>$50<\/td>\n<\/tr>\n<tr>\n<td>1-OFF de 2 d\u00edgitos<\/td>\n<td>1245<\/td>\n<td>1:416.67<\/td>\n<td><\/td>\n<td>$25<\/td>\n<\/tr>\n<tr>\n<td>1-OFF de 3 d\u00edgitos<\/td>\n<td>1345<\/td>\n<td>1:312.50<\/td>\n<td><\/td>\n<td>$15<\/td>\n<\/tr>\n<tr>\n<td colspan=\"3\"><b>PARES<\/b><\/td>\n<td>Juego de $0.50<\/td>\n<td>Juego de $1<\/td>\n<\/tr>\n<tr>\n<td>Front Pair<\/td>\n<td>12xx<\/td>\n<td>1:100<\/td>\n<td>$25<\/td>\n<td>$50<\/td>\n<\/tr>\n<tr>\n<td>Mid Pair<\/td>\n<td>x23x<\/td>\n<td>1:100<\/td>\n<td>$25<\/td>\n<td>$50<\/td>\n<\/tr>\n<tr>\n<td>Back Pair<\/td>\n<td>xx34<\/td>\n<td>1:100<\/td>\n<td>$25<\/td>\n<td>$50<\/td>\n<\/tr>\n<tr>\n<td colspan=\"3\"><b>COMBO<\/b><\/td>\n<td>$2,500<\/td>\n<td>$5,000<\/td>\n<\/tr>\n<tr>\n<td>4-way<\/td>\n<td>1112<\/td>\n<td>1:2,500<\/td>\n<td>Juego de $2<\/td>\n<td>Juego de $4<\/td>\n<\/tr>\n<tr>\n<td>6-way<\/td>\n<td>1122<\/td>\n<td>1:1,666.67<\/td>\n<td>Juego de $3<\/td>\n<td>Juego de $6<\/td>\n<\/tr>\n<tr>\n<td>12-way<\/td>\n<td>1123<\/td>\n<td>1:833.33<\/td>\n<td>Juego de $6<\/td>\n<td>Juego de $12<\/td>\n<\/tr>\n<tr>\n<td>24-way<\/td>\n<td>1234<\/td>\n<td>1:416.67<\/td>\n<td>Juego de $12<\/td>\n<td>Juego de $24<\/td>\n<\/tr>\n<\/tbody>\n<\/table>\n<p>\n<\/section><\/p>\n","protected":false},"excerpt":{"rendered":"","protected":false},"author":2,"featured_media":0,"parent":13816,"menu_order":5,"comment_status":"closed","ping_status":"closed","template":"lottery-results-game-child-template.php","meta":{"footnotes":""},"class_list":["post-13837","page","type-page","status-publish","hentry"],"acf":[],"yoast_head":"<!-- This site is optimized with the Yoast SEO plugin v23.4 - https:\/\/yoast.com\/wordpress\/plugins\/seo\/ -->\n<title>Pick 4 de Florida: Resultados y N\u00fameros Ganadores Hoy [Noche+D\u00eda+Ma\u00f1ana]<\/title>\n<meta name=\"description\" content=\"Encuentre todo lo que necesita saber sobre el juego de la loter\u00eda Pick 4 de la Florida; sus \u00faltimos resultados, n\u00fameros ganadores, pagos, probabilidades, hora de sorteo, y m\u00e1s.\" \/>\n<meta name=\"robots\" content=\"index, follow, max-snippet:-1, max-image-preview:large, max-video-preview:-1\" \/>\n<link rel=\"canonical\" href=\"https:\/\/www.lotterycritic.com\/es\/resultados-loteria\/florida\/pick-4\/\" \/>\n<meta property=\"og:locale\" content=\"es_ES\" \/>\n<meta property=\"og:type\" content=\"article\" \/>\n<meta property=\"og:title\" content=\"Pick 4 de Florida: Resultados y N\u00fameros Ganadores Hoy [Noche+D\u00eda+Ma\u00f1ana]\" \/>\n<meta property=\"og:description\" content=\"Encuentre todo lo que necesita saber sobre el juego de la loter\u00eda Pick 4 de la Florida; sus \u00faltimos resultados, n\u00fameros ganadores, pagos, probabilidades, hora de sorteo, y m\u00e1s.\" \/>\n<meta property=\"og:url\" content=\"https:\/\/www.lotterycritic.com\/es\/resultados-loteria\/florida\/pick-4\/\" \/>\n<meta property=\"og:site_name\" content=\"Lottery Critic\" \/>\n<meta property=\"article:modified_time\" content=\"2023-08-11T11:53:43+00:00\" \/>\n<meta name=\"twitter:card\" content=\"summary_large_image\" \/>\n<meta name=\"twitter:label1\" content=\"Tiempo de lectura\" \/>\n\t<meta name=\"twitter:data1\" content=\"3 minutos\" \/>\n<script type=\"application\/ld+json\" class=\"yoast-schema-graph\">{\"@context\":\"https:\/\/schema.org\",\"@graph\":[{\"@type\":\"WebPage\",\"@id\":\"https:\/\/www.lotterycritic.com\/es\/resultados-loteria\/florida\/pick-4\/\",\"url\":\"https:\/\/www.lotterycritic.com\/es\/resultados-loteria\/florida\/pick-4\/\",\"name\":\"Pick 4 de Florida: Resultados y N\u00fameros Ganadores Hoy [Noche+D\u00eda+Ma\u00f1ana]\",\"isPartOf\":{\"@id\":\"https:\/\/www.lotterycritic.com\/es\/#website\"},\"datePublished\":\"2023-07-17T23:31:04+00:00\",\"dateModified\":\"2023-08-11T11:53:43+00:00\",\"description\":\"Encuentre todo lo que necesita saber sobre el juego de la loter\u00eda Pick 4 de la Florida; sus \u00faltimos resultados, n\u00fameros ganadores, pagos, probabilidades, hora de sorteo, y m\u00e1s.\",\"breadcrumb\":{\"@id\":\"https:\/\/www.lotterycritic.com\/es\/resultados-loteria\/florida\/pick-4\/#breadcrumb\"},\"inLanguage\":\"es\",\"potentialAction\":[{\"@type\":\"ReadAction\",\"target\":[\"https:\/\/www.lotterycritic.com\/es\/resultados-loteria\/florida\/pick-4\/\"]}]},{\"@type\":\"BreadcrumbList\",\"@id\":\"https:\/\/www.lotterycritic.com\/es\/resultados-loteria\/florida\/pick-4\/#breadcrumb\",\"itemListElement\":[{\"@type\":\"ListItem\",\"position\":1,\"name\":\"Home\",\"item\":\"https:\/\/www.lotterycritic.com\/es\/\"},{\"@type\":\"ListItem\",\"position\":2,\"name\":\"Resultados de La Loter\u00eda Americana &#8211; Los \u00daltimos N\u00fameros Ganadores de La Loter\u00eda de Estados Unidos\",\"item\":\"https:\/\/www.lotterycritic.com\/es\/resultados-loteria\/\"},{\"@type\":\"ListItem\",\"position\":3,\"name\":\"Resultados del Powerball de Florida (FL) y N\u00fameros Ganadores [Ayer + Hoy]\",\"item\":\"https:\/\/www.lotterycritic.com\/es\/resultados-loteria\/florida\/\"},{\"@type\":\"ListItem\",\"position\":4,\"name\":\"Resultados del Pick 4 de Florida (FL) y N\u00fameros Ganadores de Hoy [Noche + D\u00eda + Ma\u00f1ana]\"}]},{\"@type\":\"WebSite\",\"@id\":\"https:\/\/www.lotterycritic.com\/es\/#website\",\"url\":\"https:\/\/www.lotterycritic.com\/es\/\",\"name\":\"Lottery Critic\",\"description\":\"Your Guide to Lottery Results, Winning Numbers &amp; More\u2026\",\"potentialAction\":[{\"@type\":\"SearchAction\",\"target\":{\"@type\":\"EntryPoint\",\"urlTemplate\":\"https:\/\/www.lotterycritic.com\/es\/?s={search_term_string}\"},\"query-input\":{\"@type\":\"PropertyValueSpecification\",\"valueRequired\":true,\"valueName\":\"search_term_string\"}}],\"inLanguage\":\"es\"}]}<\/script>\n<!-- \/ Yoast SEO plugin. -->","yoast_head_json":{"title":"Pick 4 de Florida: Resultados y N\u00fameros Ganadores Hoy [Noche+D\u00eda+Ma\u00f1ana]","description":"Encuentre todo lo que necesita saber sobre el juego de la loter\u00eda Pick 4 de la Florida; sus \u00faltimos resultados, n\u00fameros ganadores, pagos, probabilidades, hora de sorteo, y m\u00e1s.","robots":{"index":"index","follow":"follow","max-snippet":"max-snippet:-1","max-image-preview":"max-image-preview:large","max-video-preview":"max-video-preview:-1"},"canonical":"https:\/\/www.lotterycritic.com\/es\/resultados-loteria\/florida\/pick-4\/","og_locale":"es_ES","og_type":"article","og_title":"Pick 4 de Florida: Resultados y N\u00fameros Ganadores Hoy [Noche+D\u00eda+Ma\u00f1ana]","og_description":"Encuentre todo lo que necesita saber sobre el juego de la loter\u00eda Pick 4 de la Florida; sus \u00faltimos resultados, n\u00fameros ganadores, pagos, probabilidades, hora de sorteo, y m\u00e1s.","og_url":"https:\/\/www.lotterycritic.com\/es\/resultados-loteria\/florida\/pick-4\/","og_site_name":"Lottery Critic","article_modified_time":"2023-08-11T11:53:43+00:00","twitter_card":"summary_large_image","twitter_misc":{"Tiempo de lectura":"3 minutos"},"schema":{"@context":"https:\/\/schema.org","@graph":[{"@type":"WebPage","@id":"https:\/\/www.lotterycritic.com\/es\/resultados-loteria\/florida\/pick-4\/","url":"https:\/\/www.lotterycritic.com\/es\/resultados-loteria\/florida\/pick-4\/","name":"Pick 4 de Florida: Resultados y N\u00fameros Ganadores Hoy [Noche+D\u00eda+Ma\u00f1ana]","isPartOf":{"@id":"https:\/\/www.lotterycritic.com\/es\/#website"},"datePublished":"2023-07-17T23:31:04+00:00","dateModified":"2023-08-11T11:53:43+00:00","description":"Encuentre todo lo que necesita saber sobre el juego de la loter\u00eda Pick 4 de la Florida; sus \u00faltimos resultados, n\u00fameros ganadores, pagos, probabilidades, hora de sorteo, y m\u00e1s.","breadcrumb":{"@id":"https:\/\/www.lotterycritic.com\/es\/resultados-loteria\/florida\/pick-4\/#breadcrumb"},"inLanguage":"es","potentialAction":[{"@type":"ReadAction","target":["https:\/\/www.lotterycritic.com\/es\/resultados-loteria\/florida\/pick-4\/"]}]},{"@type":"BreadcrumbList","@id":"https:\/\/www.lotterycritic.com\/es\/resultados-loteria\/florida\/pick-4\/#breadcrumb","itemListElement":[{"@type":"ListItem","position":1,"name":"Home","item":"https:\/\/www.lotterycritic.com\/es\/"},{"@type":"ListItem","position":2,"name":"Resultados de La Loter\u00eda Americana &#8211; Los \u00daltimos N\u00fameros Ganadores de La Loter\u00eda de Estados Unidos","item":"https:\/\/www.lotterycritic.com\/es\/resultados-loteria\/"},{"@type":"ListItem","position":3,"name":"Resultados del Powerball de Florida (FL) y N\u00fameros Ganadores [Ayer + Hoy]","item":"https:\/\/www.lotterycritic.com\/es\/resultados-loteria\/florida\/"},{"@type":"ListItem","position":4,"name":"Resultados del Pick 4 de Florida (FL) y N\u00fameros Ganadores de Hoy [Noche + D\u00eda + Ma\u00f1ana]"}]},{"@type":"WebSite","@id":"https:\/\/www.lotterycritic.com\/es\/#website","url":"https:\/\/www.lotterycritic.com\/es\/","name":"Lottery Critic","description":"Your Guide to Lottery Results, Winning Numbers &amp; More\u2026","potentialAction":[{"@type":"SearchAction","target":{"@type":"EntryPoint","urlTemplate":"https:\/\/www.lotterycritic.com\/es\/?s={search_term_string}"},"query-input":{"@type":"PropertyValueSpecification","valueRequired":true,"valueName":"search_term_string"}}],"inLanguage":"es"}]}},"_links":{"self":[{"href":"https:\/\/www.lotterycritic.com\/es\/wp-json\/wp\/v2\/pages\/13837"}],"collection":[{"href":"https:\/\/www.lotterycritic.com\/es\/wp-json\/wp\/v2\/pages"}],"about":[{"href":"https:\/\/www.lotterycritic.com\/es\/wp-json\/wp\/v2\/types\/page"}],"author":[{"embeddable":true,"href":"https:\/\/www.lotterycritic.com\/es\/wp-json\/wp\/v2\/users\/2"}],"replies":[{"embeddable":true,"href":"https:\/\/www.lotterycritic.com\/es\/wp-json\/wp\/v2\/comments?post=13837"}],"version-history":[{"count":4,"href":"https:\/\/www.lotterycritic.com\/es\/wp-json\/wp\/v2\/pages\/13837\/revisions"}],"predecessor-version":[{"id":13985,"href":"https:\/\/www.lotterycritic.com\/es\/wp-json\/wp\/v2\/pages\/13837\/revisions\/13985"}],"up":[{"embeddable":true,"href":"https:\/\/www.lotterycritic.com\/es\/wp-json\/wp\/v2\/pages\/13816"}],"wp:attachment":[{"href":"https:\/\/www.lotterycritic.com\/es\/wp-json\/wp\/v2\/media?parent=13837"}],"curies":[{"name":"wp","href":"https:\/\/api.w.org\/{rel}","templated":true}]}}