{"id":13835,"date":"2023-07-15T02:51:03","date_gmt":"2023-07-15T02:51:03","guid":{"rendered":"https:\/\/www.lotterycritic.com\/resultados-loteria\/florida\/resultados-del-pick-3-de-la-loteria-de-florida-fl-numeros-ganadores-tarde-mediodia-noche\/"},"modified":"2023-08-11T11:53:05","modified_gmt":"2023-08-11T11:53:05","slug":"pick-3","status":"publish","type":"page","link":"https:\/\/www.lotterycritic.com\/es\/resultados-loteria\/florida\/pick-3\/","title":{"rendered":"Resultados del Pick 3 de Florida (FL) y N\u00fameros Ganadores de Hoy [Tarde + Noche + D\u00eda]"},"content":{"rendered":"<p><section><div class=\"section-anchor\" id=\"c--mo-jugar\"><\/div><\/p>\n<h2>C\u00f3mo jugar al Pick 3 de la Loter\u00eda de Florida<\/h2>\n<p>Los sorteos del Pick 3 en Florida toman lugar dos veces al d\u00eda, y puede ganar hasta $500 por sorteo. Tendr\u00e1 que seleccionar 3 n\u00fameros del 0 al 9, luego, seleccionar un estilo de juego, apostar una cantidad, y elegir un calendario de sorteo.<\/p>\n<p>Puede escoger entre 7 diferentes estilos de juego para el Pick 3 de la Loter\u00eda de Florida:<\/p>\n<ul>\n<li><b>Straight: <\/b>Debe acertar los n\u00fameros ganadores en el orden exacto. Disponible para billetes de $0.50 o $1.<\/li>\n<li><strong>Box:<\/strong> Puede coincidir en los n\u00fameros ganadores en cualquier orden. Disponible para billetes de $0.50 y $1.<\/li>\n<li><strong>Straight\/Box:<\/strong> Puede acertar los n\u00fameros ganadores en cualquier orden o en el orden exacto. Solo disponible para billetes de $1.<\/li>\n<li><b>1-OFF:<\/b> Su billete viene con n\u00fameros 1-OFF que son 1 por debajo y 1 por encima de su n\u00famero de 3 d\u00edgitos escogido. Si cualquiera de estos n\u00fameros 1-OFF coincide con los sorteados, puede ganar un premio. Disponible para billetes de $1.<\/li>\n<li><b>Combo: <\/b>Puede ganar con todas las combinaciones Straight para su n\u00famero de 3 d\u00edgitos. Disponible desde $1.50 hasta $6 por billete, dependiendo de sus n\u00fameros elegidos.<\/li>\n<li><b>Front Pair: <\/b>Escoge n\u00fameros de las 2 primeras columnas en su papeleta. Para $0.50 o $1 por billete.<\/li>\n<li><b>Back Pair: <\/b>Elige n\u00fameros de las 2 \u00faltimas columnas en su papeleta. Disponible por $0.50 o $1 por billete.<\/li>\n<\/ul>\n<p>\n<\/section><\/p>\n<p><section><div class=\"section-anchor\" id=\"calendario-de-sorteos\"><\/div><\/p>\n<h2>Calendario de sorteos del Pick 3<\/h2>\n<p>A diferencia del Mega Millions, los sorteos del Pick 3 de la <a href=\"https:\/\/www.lotterycritic.com\/es\/resultados-loteria\/florida\/\">Loter\u00eda de Florida<\/a>, suceden todos los d\u00edas alrededor de la 1:30 PM y 9:45 PM hora del este. Puede comprar billetes hasta 11 minutos antes de cada hora de sorteo: hasta las 1:19 PM y 9:34 PM, respectivamente. El Pick 4 de Florida tiene un calendario de sorteos similar.<\/p>\n<p>\n<\/section><\/p>\n<p><section><div class=\"section-anchor\" id=\"pagos-y-probabilidades\"><\/div><\/p>\n<h2>Pagos y Probabilidades de ganar el Pick 3 de Florida<\/h2>\n<p>A diferencias de otras loter\u00edas de Florida, los juegos Pick tienen premios establecidos por nivel. La cantidad que puede ganar depende del estilo de juego escogido y los n\u00fameros elegidos.<\/p>\n<table>\n<tbody>\n<tr>\n<td><strong>Tipo de juego<\/strong><\/td>\n<td><strong>Ejemplo<\/strong><\/td>\n<td><strong>Probabilidades<\/strong><\/td>\n<td colspan=\"2\"><strong>Pago de premios<\/strong><\/td>\n<\/tr>\n<tr>\n<td colspan=\"3\"><b>STRAIGHT<\/b><\/td>\n<td>Juego de $0.50<\/td>\n<td>Juego de $1<\/td>\n<\/tr>\n<tr>\n<td><\/td>\n<td>123<\/td>\n<td>1:1,000<\/td>\n<td>$250<\/td>\n<td>$500<\/td>\n<\/tr>\n<tr>\n<td colspan=\"3\"><b>BOX<\/b><\/td>\n<td>Juego de $0.50<\/td>\n<td>Juego de $1<\/td>\n<\/tr>\n<tr>\n<td>3-way<\/td>\n<td>112<\/td>\n<td>1:333.33<\/td>\n<td>$80<\/td>\n<td>$160<\/td>\n<\/tr>\n<tr>\n<td>6-way<\/td>\n<td>123<\/td>\n<td>1:166.67<\/td>\n<td>$40<\/td>\n<td>$80<\/td>\n<\/tr>\n<tr>\n<td colspan=\"3\"><b>STRAIGHT\/BOX<\/b><\/td>\n<td>BOX<\/td>\n<td>STRAIGHT<\/td>\n<\/tr>\n<tr>\n<td>3-way<\/td>\n<td>112<\/td>\n<td>1:1,000 & 1:333.33<\/td>\n<td>$80<\/td>\n<td>$330<\/td>\n<\/tr>\n<tr>\n<td>6-way<\/td>\n<td>123<\/td>\n<td>1:1,000 & 1:166.67<\/td>\n<td>$40<\/td>\n<td>$290<\/td>\n<\/tr>\n<tr>\n<td colspan=\"3\"><b>1-OFF<\/b><\/td>\n<td><\/td>\n<td>$1 Play<\/td>\n<\/tr>\n<tr>\n<td>STRAIGHT<\/td>\n<td>123<\/td>\n<td>1:1,000<\/td>\n<td><\/td>\n<td>$250<\/td>\n<\/tr>\n<tr>\n<td>1-OFF en 1 d\u00edgito<\/td>\n<td>124<\/td>\n<td>1:166.67<\/td>\n<td><\/td>\n<td>$20<\/td>\n<\/tr>\n<tr>\n<td>1-OFF en 3 d\u00edgitos<\/td>\n<td>214<\/td>\n<td>1:125<\/td>\n<td><\/td>\n<td>$10<\/td>\n<\/tr>\n<tr>\n<td>1-OFF en 2 d\u00edgitos<\/td>\n<td>134<\/td>\n<td>1:83.33<\/td>\n<td><\/td>\n<td>$5<\/td>\n<\/tr>\n<tr>\n<td colspan=\"3\"><b>PARES<\/b><\/td>\n<td>Juego de $0.50<\/td>\n<td>Juego de $1<\/td>\n<\/tr>\n<tr>\n<td>Front Pair<\/td>\n<td>12x<\/td>\n<td>1:100<\/td>\n<td>$25<\/td>\n<td>$50<\/td>\n<\/tr>\n<tr>\n<td>Back Pair<\/td>\n<td>x23<\/td>\n<td>1:100<\/td>\n<td>$25<\/td>\n<td>$50<\/td>\n<\/tr>\n<tr>\n<td colspan=\"3\"><b>COMBO<\/b><\/td>\n<td>$250<\/td>\n<td>$500<\/td>\n<\/tr>\n<tr>\n<td>3-way<\/td>\n<td>112<\/td>\n<td>1:333.33<\/td>\n<td>Juego de $1.50<\/td>\n<td>Juego de $3<\/td>\n<\/tr>\n<tr>\n<td>6-way<\/td>\n<td>123<\/td>\n<td>1:166.67<\/td>\n<td>Juego de $3<\/td>\n<td>Juego de $6<\/td>\n<\/tr>\n<\/tbody>\n<\/table>\n<p>\n<\/section><\/p>\n<p><section><div class=\"section-anchor\" id=\"estrategia-para-el-pick-3\"><\/div><\/p>\n<h2>Estrategia para el Pick 3<\/h2>\n<p>Eche un vistazo a nuestra completa gu\u00eda sobre estrategias para el Pick 3, que puede aplicar para incrementar sus probabilidades de ganar el Pick 3 de Florida.<\/p>\n<p>\n<\/section><\/p>\n","protected":false},"excerpt":{"rendered":"","protected":false},"author":2,"featured_media":0,"parent":13816,"menu_order":6,"comment_status":"closed","ping_status":"closed","template":"lottery-results-game-child-template.php","meta":{"footnotes":""},"class_list":["post-13835","page","type-page","status-publish","hentry"],"acf":[],"yoast_head":"<!-- This site is optimized with the Yoast SEO plugin v23.4 - https:\/\/yoast.com\/wordpress\/plugins\/seo\/ -->\n<title>Pick 3 de Florida: Resultados y N\u00fameros Ganadores de Hoy [Tarde+D\u00eda+Noche]<\/title>\n<meta name=\"description\" content=\"Obtenga los resultados m\u00e1s recientes, n\u00fameros ganadores, n\u00fameros calientes y fr\u00edos, pagos, probabilidades, y m\u00e1s, para el juego de loter\u00eda Pick 3 de la Florida.\" \/>\n<meta name=\"robots\" content=\"index, follow, max-snippet:-1, max-image-preview:large, max-video-preview:-1\" \/>\n<link rel=\"canonical\" href=\"https:\/\/www.lotterycritic.com\/es\/resultados-loteria\/florida\/pick-3\/\" \/>\n<meta property=\"og:locale\" content=\"es_ES\" \/>\n<meta property=\"og:type\" content=\"article\" \/>\n<meta property=\"og:title\" content=\"Pick 3 de Florida: Resultados y N\u00fameros Ganadores de Hoy [Tarde+D\u00eda+Noche]\" \/>\n<meta property=\"og:description\" content=\"Obtenga los resultados m\u00e1s recientes, n\u00fameros ganadores, n\u00fameros calientes y fr\u00edos, pagos, probabilidades, y m\u00e1s, para el juego de loter\u00eda Pick 3 de la Florida.\" \/>\n<meta property=\"og:url\" content=\"https:\/\/www.lotterycritic.com\/es\/resultados-loteria\/florida\/pick-3\/\" \/>\n<meta property=\"og:site_name\" content=\"Lottery Critic\" \/>\n<meta property=\"article:modified_time\" content=\"2023-08-11T11:53:05+00:00\" \/>\n<meta name=\"twitter:card\" content=\"summary_large_image\" \/>\n<meta name=\"twitter:label1\" content=\"Tiempo de lectura\" \/>\n\t<meta name=\"twitter:data1\" content=\"3 minutos\" \/>\n<script type=\"application\/ld+json\" class=\"yoast-schema-graph\">{\"@context\":\"https:\/\/schema.org\",\"@graph\":[{\"@type\":\"WebPage\",\"@id\":\"https:\/\/www.lotterycritic.com\/es\/resultados-loteria\/florida\/pick-3\/\",\"url\":\"https:\/\/www.lotterycritic.com\/es\/resultados-loteria\/florida\/pick-3\/\",\"name\":\"Pick 3 de Florida: Resultados y N\u00fameros Ganadores de Hoy [Tarde+D\u00eda+Noche]\",\"isPartOf\":{\"@id\":\"https:\/\/www.lotterycritic.com\/es\/#website\"},\"datePublished\":\"2023-07-15T02:51:03+00:00\",\"dateModified\":\"2023-08-11T11:53:05+00:00\",\"description\":\"Obtenga los resultados m\u00e1s recientes, n\u00fameros ganadores, n\u00fameros calientes y fr\u00edos, pagos, probabilidades, y m\u00e1s, para el juego de loter\u00eda Pick 3 de la Florida.\",\"breadcrumb\":{\"@id\":\"https:\/\/www.lotterycritic.com\/es\/resultados-loteria\/florida\/pick-3\/#breadcrumb\"},\"inLanguage\":\"es\",\"potentialAction\":[{\"@type\":\"ReadAction\",\"target\":[\"https:\/\/www.lotterycritic.com\/es\/resultados-loteria\/florida\/pick-3\/\"]}]},{\"@type\":\"BreadcrumbList\",\"@id\":\"https:\/\/www.lotterycritic.com\/es\/resultados-loteria\/florida\/pick-3\/#breadcrumb\",\"itemListElement\":[{\"@type\":\"ListItem\",\"position\":1,\"name\":\"Home\",\"item\":\"https:\/\/www.lotterycritic.com\/es\/\"},{\"@type\":\"ListItem\",\"position\":2,\"name\":\"Resultados de La Loter\u00eda Americana &#8211; Los \u00daltimos N\u00fameros Ganadores de La Loter\u00eda de Estados Unidos\",\"item\":\"https:\/\/www.lotterycritic.com\/es\/resultados-loteria\/\"},{\"@type\":\"ListItem\",\"position\":3,\"name\":\"Resultados del Powerball de Florida (FL) y N\u00fameros Ganadores [Ayer + Hoy]\",\"item\":\"https:\/\/www.lotterycritic.com\/es\/resultados-loteria\/florida\/\"},{\"@type\":\"ListItem\",\"position\":4,\"name\":\"Resultados del Pick 3 de Florida (FL) y N\u00fameros Ganadores de Hoy [Tarde + Noche + D\u00eda]\"}]},{\"@type\":\"WebSite\",\"@id\":\"https:\/\/www.lotterycritic.com\/es\/#website\",\"url\":\"https:\/\/www.lotterycritic.com\/es\/\",\"name\":\"Lottery Critic\",\"description\":\"Your Guide to Lottery Results, Winning Numbers &amp; More\u2026\",\"potentialAction\":[{\"@type\":\"SearchAction\",\"target\":{\"@type\":\"EntryPoint\",\"urlTemplate\":\"https:\/\/www.lotterycritic.com\/es\/?s={search_term_string}\"},\"query-input\":{\"@type\":\"PropertyValueSpecification\",\"valueRequired\":true,\"valueName\":\"search_term_string\"}}],\"inLanguage\":\"es\"}]}<\/script>\n<!-- \/ Yoast SEO plugin. -->","yoast_head_json":{"title":"Pick 3 de Florida: Resultados y N\u00fameros Ganadores de Hoy [Tarde+D\u00eda+Noche]","description":"Obtenga los resultados m\u00e1s recientes, n\u00fameros ganadores, n\u00fameros calientes y fr\u00edos, pagos, probabilidades, y m\u00e1s, para el juego de loter\u00eda Pick 3 de la Florida.","robots":{"index":"index","follow":"follow","max-snippet":"max-snippet:-1","max-image-preview":"max-image-preview:large","max-video-preview":"max-video-preview:-1"},"canonical":"https:\/\/www.lotterycritic.com\/es\/resultados-loteria\/florida\/pick-3\/","og_locale":"es_ES","og_type":"article","og_title":"Pick 3 de Florida: Resultados y N\u00fameros Ganadores de Hoy [Tarde+D\u00eda+Noche]","og_description":"Obtenga los resultados m\u00e1s recientes, n\u00fameros ganadores, n\u00fameros calientes y fr\u00edos, pagos, probabilidades, y m\u00e1s, para el juego de loter\u00eda Pick 3 de la Florida.","og_url":"https:\/\/www.lotterycritic.com\/es\/resultados-loteria\/florida\/pick-3\/","og_site_name":"Lottery Critic","article_modified_time":"2023-08-11T11:53:05+00:00","twitter_card":"summary_large_image","twitter_misc":{"Tiempo de lectura":"3 minutos"},"schema":{"@context":"https:\/\/schema.org","@graph":[{"@type":"WebPage","@id":"https:\/\/www.lotterycritic.com\/es\/resultados-loteria\/florida\/pick-3\/","url":"https:\/\/www.lotterycritic.com\/es\/resultados-loteria\/florida\/pick-3\/","name":"Pick 3 de Florida: Resultados y N\u00fameros Ganadores de Hoy [Tarde+D\u00eda+Noche]","isPartOf":{"@id":"https:\/\/www.lotterycritic.com\/es\/#website"},"datePublished":"2023-07-15T02:51:03+00:00","dateModified":"2023-08-11T11:53:05+00:00","description":"Obtenga los resultados m\u00e1s recientes, n\u00fameros ganadores, n\u00fameros calientes y fr\u00edos, pagos, probabilidades, y m\u00e1s, para el juego de loter\u00eda Pick 3 de la Florida.","breadcrumb":{"@id":"https:\/\/www.lotterycritic.com\/es\/resultados-loteria\/florida\/pick-3\/#breadcrumb"},"inLanguage":"es","potentialAction":[{"@type":"ReadAction","target":["https:\/\/www.lotterycritic.com\/es\/resultados-loteria\/florida\/pick-3\/"]}]},{"@type":"BreadcrumbList","@id":"https:\/\/www.lotterycritic.com\/es\/resultados-loteria\/florida\/pick-3\/#breadcrumb","itemListElement":[{"@type":"ListItem","position":1,"name":"Home","item":"https:\/\/www.lotterycritic.com\/es\/"},{"@type":"ListItem","position":2,"name":"Resultados de La Loter\u00eda Americana &#8211; Los \u00daltimos N\u00fameros Ganadores de La Loter\u00eda de Estados Unidos","item":"https:\/\/www.lotterycritic.com\/es\/resultados-loteria\/"},{"@type":"ListItem","position":3,"name":"Resultados del Powerball de Florida (FL) y N\u00fameros Ganadores [Ayer + Hoy]","item":"https:\/\/www.lotterycritic.com\/es\/resultados-loteria\/florida\/"},{"@type":"ListItem","position":4,"name":"Resultados del Pick 3 de Florida (FL) y N\u00fameros Ganadores de Hoy [Tarde + Noche + D\u00eda]"}]},{"@type":"WebSite","@id":"https:\/\/www.lotterycritic.com\/es\/#website","url":"https:\/\/www.lotterycritic.com\/es\/","name":"Lottery Critic","description":"Your Guide to Lottery Results, Winning Numbers &amp; More\u2026","potentialAction":[{"@type":"SearchAction","target":{"@type":"EntryPoint","urlTemplate":"https:\/\/www.lotterycritic.com\/es\/?s={search_term_string}"},"query-input":{"@type":"PropertyValueSpecification","valueRequired":true,"valueName":"search_term_string"}}],"inLanguage":"es"}]}},"_links":{"self":[{"href":"https:\/\/www.lotterycritic.com\/es\/wp-json\/wp\/v2\/pages\/13835"}],"collection":[{"href":"https:\/\/www.lotterycritic.com\/es\/wp-json\/wp\/v2\/pages"}],"about":[{"href":"https:\/\/www.lotterycritic.com\/es\/wp-json\/wp\/v2\/types\/page"}],"author":[{"embeddable":true,"href":"https:\/\/www.lotterycritic.com\/es\/wp-json\/wp\/v2\/users\/2"}],"replies":[{"embeddable":true,"href":"https:\/\/www.lotterycritic.com\/es\/wp-json\/wp\/v2\/comments?post=13835"}],"version-history":[{"count":6,"href":"https:\/\/www.lotterycritic.com\/es\/wp-json\/wp\/v2\/pages\/13835\/revisions"}],"predecessor-version":[{"id":13987,"href":"https:\/\/www.lotterycritic.com\/es\/wp-json\/wp\/v2\/pages\/13835\/revisions\/13987"}],"up":[{"embeddable":true,"href":"https:\/\/www.lotterycritic.com\/es\/wp-json\/wp\/v2\/pages\/13816"}],"wp:attachment":[{"href":"https:\/\/www.lotterycritic.com\/es\/wp-json\/wp\/v2\/media?parent=13835"}],"curies":[{"name":"wp","href":"https:\/\/api.w.org\/{rel}","templated":true}]}}