{"id":13828,"date":"2023-07-15T00:44:10","date_gmt":"2023-07-15T00:44:10","guid":{"rendered":"https:\/\/www.lotterycritic.com\/resultados-loteria\/florida\/resultados-del-fantasy-5-de-la-loteria-de-la-florida-fl-numeros-ganadores-anoche-esta-noche\/"},"modified":"2023-08-11T11:51:43","modified_gmt":"2023-08-11T11:51:43","slug":"fantasy-5","status":"publish","type":"page","link":"https:\/\/www.lotterycritic.com\/es\/resultados-loteria\/florida\/fantasy-5\/","title":{"rendered":"Resultados del Fantasy 5 de La Florida (FL) y N\u00fameros Ganadores [Anoche + Hoy]"},"content":{"rendered":"<p><section><div class=\"section-anchor\" id=\"reglas-del-juego\"><\/div><\/p>\n<p>El Fantasy 5 de la Florida se distingue de otros grandes juegos de loter\u00eda al tener un premio mayor que decrementa si nadie lo gana. El Fantasy 5 tiene un premio mayor fijo de unos $200,000 (que se reparte en caso de existir m\u00faltiples ganadores). En vez de acumularse y sumarse al siguiente sorteo, el premio mayor del Fantasy 5 de Florida se divide entre los niveles de premios m\u00e1s bajos si nadie acierta los n\u00fameros ganadores del sorteo.<\/p>\n<p>Para jugar al Fantasy 5, tiene que escoger 5 n\u00fameros del 1 al 36. Tambi\u00e9n puede optar por el EZmatch para tener la oportunidad de ganar premios instant\u00e1neos.<\/p>\n<h3>C\u00f3mo funciona el EZmatch del Fantasy 5<\/h3>\n<p>A diferencia del Mega Millions, para el Fantasy 5 de FL puede pagar $1 extra para a\u00f1adir el EZmatch a su billete del Fantasy 5. Cuando hace esto, un grupo de 5 n\u00fameros EZmatch aleatorios, y una cantidad de premio instant\u00e1neo, son impresos en su billete del Fantasy 5. Si ninguno de sus n\u00fameros escogidos coincide con los n\u00fameros ganadores del EZmatch, ganar\u00e1 el premio impreso. Puede reclamar sus ganancias del EZmatch justo despu\u00e9s de la compra; el vendedor emitir\u00e1 un boleto de continuaci\u00f3n que puede usar para el sorteo oficial del Fantasy 5.<\/p>\n<ul>\n<li><a href=\"https:\/\/www.lotterycritic.com\/es\/resultados-loteria\/florida\/\">Resultados y Premios de la Loter\u00eda de Florida<\/a><\/li>\n<\/ul>\n<p>\n<\/section><\/p>\n<p><section><div class=\"section-anchor\" id=\"calendario-de-sorteos\"><\/div><\/p>\n<h2>Calendario de sorteos del Fantasy 5 de la Florida<\/h2>\n<p>El Fantasy 5 tiene sorteos todos los d\u00edas a las 11:15 PM Hora del este, donde podr\u00e1 comprobar los n\u00fameros ganadores. A diferencia del Mega Millions, puede comprar billetes el Fantasy 5 hasta las 10:40 PM el d\u00eda del sorteo.<\/p>\n<p>\n<\/section><\/p>\n<p><section><div class=\"section-anchor\" id=\"pagos-y-probabilidades\"><\/div><\/p>\n<h2>Pagos y Probabilidades de ganar el Fantasy 5 de Florida<\/h2>\n<p>La cantidad del premio depende de la venta de billetes para cada sorteo. Si acierta 2 n\u00fameros, obtiene un billete de Fantasy 5 gratis para el siguiente sorteo.<\/p>\n<p>Estas son las probabilidades de ganar cada premio:<\/p>\n<table>\n<tbody>\n<tr>\n<td><strong>N\u00fameros acertados<\/strong><\/td>\n<td><strong>Premio estimado<\/strong><\/td>\n<td><strong>Premio mayor repartido<\/strong><\/td>\n<td><strong>Probabilidades<\/strong><\/td>\n<\/tr>\n<tr>\n<td>5 of 5<\/td>\n<td>$200,000<\/td>\n<td>&#8211;<\/td>\n<td>1 en 376,992<\/td>\n<\/tr>\n<tr>\n<td>4 of 5<\/td>\n<td>$107<\/td>\n<td>$555 (m\u00e1ximo)<\/td>\n<td>1 en 2,432.21<\/td>\n<\/tr>\n<tr>\n<td>3 of 5<\/td>\n<td>$10<\/td>\n<td>$18<\/td>\n<td>1 en 81.07<\/td>\n<\/tr>\n<tr>\n<td>2 of 5<\/td>\n<td>Billete gratis<\/td>\n<td>Billete gratis<\/td>\n<td>1 en 8.39<\/td>\n<\/tr>\n<\/tbody>\n<\/table>\n<h3>Premios y Probabilidades para el EZmatch del Fantasy 5 de Florida<\/h3>\n<table>\n<tbody>\n<tr>\n<td><strong>Premio<\/strong><\/td>\n<td><strong>Probabilidades<\/strong><\/td>\n<\/tr>\n<tr>\n<td>$500<\/td>\n<td>1 en 84,000<\/td>\n<\/tr>\n<tr>\n<td>$250<\/td>\n<td>1 en 84,000<\/td>\n<\/tr>\n<tr>\n<td>$100<\/td>\n<td>1 en 11,052.63<\/td>\n<\/tr>\n<tr>\n<td>$50<\/td>\n<td>1 en 3,387.10<\/td>\n<\/tr>\n<tr>\n<td>$20<\/td>\n<td>1 en 1,400<\/td>\n<\/tr>\n<tr>\n<td>$15<\/td>\n<td>1 en 893.62<\/td>\n<\/tr>\n<tr>\n<td>$10<\/td>\n<td>1 en 100<\/td>\n<\/tr>\n<tr>\n<td>$5<\/td>\n<td>1 en 300<\/td>\n<\/tr>\n<tr>\n<td>$4<\/td>\n<td>1 en 60<\/td>\n<\/tr>\n<tr>\n<td>$3<\/td>\n<td>1 en 13.64<\/td>\n<\/tr>\n<tr>\n<td>$2<\/td>\n<td>1 en 9.38<\/td>\n<\/tr>\n<\/tbody>\n<\/table>\n<p>\n<\/section><\/p>\n","protected":false},"excerpt":{"rendered":"","protected":false},"author":2,"featured_media":0,"parent":13816,"menu_order":3,"comment_status":"closed","ping_status":"closed","template":"lottery-results-game-child-template.php","meta":{"footnotes":""},"class_list":["post-13828","page","type-page","status-publish","hentry"],"acf":[],"yoast_head":"<!-- This site is optimized with the Yoast SEO plugin v23.4 - https:\/\/yoast.com\/wordpress\/plugins\/seo\/ -->\n<title>Fantasy 5 de La Florida (FL): Resultados y N\u00fameros Ganadores [Anoche + Hoy]<\/title>\n<meta name=\"description\" content=\"Todo lo que necesita saber acerca del juego Fantasy 5 de la Loter\u00eda de Florida, sus \u00faltimos resultados, n\u00fameros ganadores, pagos, probabilidades, calendario de sorteos, y m\u00e1s.\" \/>\n<meta name=\"robots\" content=\"index, follow, max-snippet:-1, max-image-preview:large, max-video-preview:-1\" \/>\n<link rel=\"canonical\" href=\"https:\/\/www.lotterycritic.com\/es\/resultados-loteria\/florida\/fantasy-5\/\" \/>\n<meta property=\"og:locale\" content=\"es_ES\" \/>\n<meta property=\"og:type\" content=\"article\" \/>\n<meta property=\"og:title\" content=\"Fantasy 5 de La Florida (FL): Resultados y N\u00fameros Ganadores [Anoche + Hoy]\" \/>\n<meta property=\"og:description\" content=\"Todo lo que necesita saber acerca del juego Fantasy 5 de la Loter\u00eda de Florida, sus \u00faltimos resultados, n\u00fameros ganadores, pagos, probabilidades, calendario de sorteos, y m\u00e1s.\" \/>\n<meta property=\"og:url\" content=\"https:\/\/www.lotterycritic.com\/es\/resultados-loteria\/florida\/fantasy-5\/\" \/>\n<meta property=\"og:site_name\" content=\"Lottery Critic\" \/>\n<meta property=\"article:modified_time\" content=\"2023-08-11T11:51:43+00:00\" \/>\n<meta name=\"twitter:card\" content=\"summary_large_image\" \/>\n<meta name=\"twitter:label1\" content=\"Tiempo de lectura\" \/>\n\t<meta name=\"twitter:data1\" content=\"2 minutos\" \/>\n<script type=\"application\/ld+json\" class=\"yoast-schema-graph\">{\"@context\":\"https:\/\/schema.org\",\"@graph\":[{\"@type\":\"WebPage\",\"@id\":\"https:\/\/www.lotterycritic.com\/es\/resultados-loteria\/florida\/fantasy-5\/\",\"url\":\"https:\/\/www.lotterycritic.com\/es\/resultados-loteria\/florida\/fantasy-5\/\",\"name\":\"Fantasy 5 de La Florida (FL): Resultados y N\u00fameros Ganadores [Anoche + Hoy]\",\"isPartOf\":{\"@id\":\"https:\/\/www.lotterycritic.com\/es\/#website\"},\"datePublished\":\"2023-07-15T00:44:10+00:00\",\"dateModified\":\"2023-08-11T11:51:43+00:00\",\"description\":\"Todo lo que necesita saber acerca del juego Fantasy 5 de la Loter\u00eda de Florida, sus \u00faltimos resultados, n\u00fameros ganadores, pagos, probabilidades, calendario de sorteos, y m\u00e1s.\",\"breadcrumb\":{\"@id\":\"https:\/\/www.lotterycritic.com\/es\/resultados-loteria\/florida\/fantasy-5\/#breadcrumb\"},\"inLanguage\":\"es\",\"potentialAction\":[{\"@type\":\"ReadAction\",\"target\":[\"https:\/\/www.lotterycritic.com\/es\/resultados-loteria\/florida\/fantasy-5\/\"]}]},{\"@type\":\"BreadcrumbList\",\"@id\":\"https:\/\/www.lotterycritic.com\/es\/resultados-loteria\/florida\/fantasy-5\/#breadcrumb\",\"itemListElement\":[{\"@type\":\"ListItem\",\"position\":1,\"name\":\"Home\",\"item\":\"https:\/\/www.lotterycritic.com\/es\/\"},{\"@type\":\"ListItem\",\"position\":2,\"name\":\"Resultados de La Loter\u00eda Americana &#8211; Los \u00daltimos N\u00fameros Ganadores de La Loter\u00eda de Estados Unidos\",\"item\":\"https:\/\/www.lotterycritic.com\/es\/resultados-loteria\/\"},{\"@type\":\"ListItem\",\"position\":3,\"name\":\"Resultados del Powerball de Florida (FL) y N\u00fameros Ganadores [Ayer + Hoy]\",\"item\":\"https:\/\/www.lotterycritic.com\/es\/resultados-loteria\/florida\/\"},{\"@type\":\"ListItem\",\"position\":4,\"name\":\"Resultados del Fantasy 5 de La Florida (FL) y N\u00fameros Ganadores [Anoche + Hoy]\"}]},{\"@type\":\"WebSite\",\"@id\":\"https:\/\/www.lotterycritic.com\/es\/#website\",\"url\":\"https:\/\/www.lotterycritic.com\/es\/\",\"name\":\"Lottery Critic\",\"description\":\"Your Guide to Lottery Results, Winning Numbers &amp; More\u2026\",\"potentialAction\":[{\"@type\":\"SearchAction\",\"target\":{\"@type\":\"EntryPoint\",\"urlTemplate\":\"https:\/\/www.lotterycritic.com\/es\/?s={search_term_string}\"},\"query-input\":{\"@type\":\"PropertyValueSpecification\",\"valueRequired\":true,\"valueName\":\"search_term_string\"}}],\"inLanguage\":\"es\"}]}<\/script>\n<!-- \/ Yoast SEO plugin. -->","yoast_head_json":{"title":"Fantasy 5 de La Florida (FL): Resultados y N\u00fameros Ganadores [Anoche + Hoy]","description":"Todo lo que necesita saber acerca del juego Fantasy 5 de la Loter\u00eda de Florida, sus \u00faltimos resultados, n\u00fameros ganadores, pagos, probabilidades, calendario de sorteos, y m\u00e1s.","robots":{"index":"index","follow":"follow","max-snippet":"max-snippet:-1","max-image-preview":"max-image-preview:large","max-video-preview":"max-video-preview:-1"},"canonical":"https:\/\/www.lotterycritic.com\/es\/resultados-loteria\/florida\/fantasy-5\/","og_locale":"es_ES","og_type":"article","og_title":"Fantasy 5 de La Florida (FL): Resultados y N\u00fameros Ganadores [Anoche + Hoy]","og_description":"Todo lo que necesita saber acerca del juego Fantasy 5 de la Loter\u00eda de Florida, sus \u00faltimos resultados, n\u00fameros ganadores, pagos, probabilidades, calendario de sorteos, y m\u00e1s.","og_url":"https:\/\/www.lotterycritic.com\/es\/resultados-loteria\/florida\/fantasy-5\/","og_site_name":"Lottery Critic","article_modified_time":"2023-08-11T11:51:43+00:00","twitter_card":"summary_large_image","twitter_misc":{"Tiempo de lectura":"2 minutos"},"schema":{"@context":"https:\/\/schema.org","@graph":[{"@type":"WebPage","@id":"https:\/\/www.lotterycritic.com\/es\/resultados-loteria\/florida\/fantasy-5\/","url":"https:\/\/www.lotterycritic.com\/es\/resultados-loteria\/florida\/fantasy-5\/","name":"Fantasy 5 de La Florida (FL): Resultados y N\u00fameros Ganadores [Anoche + Hoy]","isPartOf":{"@id":"https:\/\/www.lotterycritic.com\/es\/#website"},"datePublished":"2023-07-15T00:44:10+00:00","dateModified":"2023-08-11T11:51:43+00:00","description":"Todo lo que necesita saber acerca del juego Fantasy 5 de la Loter\u00eda de Florida, sus \u00faltimos resultados, n\u00fameros ganadores, pagos, probabilidades, calendario de sorteos, y m\u00e1s.","breadcrumb":{"@id":"https:\/\/www.lotterycritic.com\/es\/resultados-loteria\/florida\/fantasy-5\/#breadcrumb"},"inLanguage":"es","potentialAction":[{"@type":"ReadAction","target":["https:\/\/www.lotterycritic.com\/es\/resultados-loteria\/florida\/fantasy-5\/"]}]},{"@type":"BreadcrumbList","@id":"https:\/\/www.lotterycritic.com\/es\/resultados-loteria\/florida\/fantasy-5\/#breadcrumb","itemListElement":[{"@type":"ListItem","position":1,"name":"Home","item":"https:\/\/www.lotterycritic.com\/es\/"},{"@type":"ListItem","position":2,"name":"Resultados de La Loter\u00eda Americana &#8211; Los \u00daltimos N\u00fameros Ganadores de La Loter\u00eda de Estados Unidos","item":"https:\/\/www.lotterycritic.com\/es\/resultados-loteria\/"},{"@type":"ListItem","position":3,"name":"Resultados del Powerball de Florida (FL) y N\u00fameros Ganadores [Ayer + Hoy]","item":"https:\/\/www.lotterycritic.com\/es\/resultados-loteria\/florida\/"},{"@type":"ListItem","position":4,"name":"Resultados del Fantasy 5 de La Florida (FL) y N\u00fameros Ganadores [Anoche + Hoy]"}]},{"@type":"WebSite","@id":"https:\/\/www.lotterycritic.com\/es\/#website","url":"https:\/\/www.lotterycritic.com\/es\/","name":"Lottery Critic","description":"Your Guide to Lottery Results, Winning Numbers &amp; More\u2026","potentialAction":[{"@type":"SearchAction","target":{"@type":"EntryPoint","urlTemplate":"https:\/\/www.lotterycritic.com\/es\/?s={search_term_string}"},"query-input":{"@type":"PropertyValueSpecification","valueRequired":true,"valueName":"search_term_string"}}],"inLanguage":"es"}]}},"_links":{"self":[{"href":"https:\/\/www.lotterycritic.com\/es\/wp-json\/wp\/v2\/pages\/13828"}],"collection":[{"href":"https:\/\/www.lotterycritic.com\/es\/wp-json\/wp\/v2\/pages"}],"about":[{"href":"https:\/\/www.lotterycritic.com\/es\/wp-json\/wp\/v2\/types\/page"}],"author":[{"embeddable":true,"href":"https:\/\/www.lotterycritic.com\/es\/wp-json\/wp\/v2\/users\/2"}],"replies":[{"embeddable":true,"href":"https:\/\/www.lotterycritic.com\/es\/wp-json\/wp\/v2\/comments?post=13828"}],"version-history":[{"count":4,"href":"https:\/\/www.lotterycritic.com\/es\/wp-json\/wp\/v2\/pages\/13828\/revisions"}],"predecessor-version":[{"id":13981,"href":"https:\/\/www.lotterycritic.com\/es\/wp-json\/wp\/v2\/pages\/13828\/revisions\/13981"}],"up":[{"embeddable":true,"href":"https:\/\/www.lotterycritic.com\/es\/wp-json\/wp\/v2\/pages\/13816"}],"wp:attachment":[{"href":"https:\/\/www.lotterycritic.com\/es\/wp-json\/wp\/v2\/media?parent=13828"}],"curies":[{"name":"wp","href":"https:\/\/api.w.org\/{rel}","templated":true}]}}