{"id":13814,"date":"2023-07-14T03:23:52","date_gmt":"2023-07-14T03:23:52","guid":{"rendered":"https:\/\/www.lotterycritic.com\/resultados-loteria\/delaware\/resultados-del-play-4-de-la-loteria-de-delaware-de-numeros-ganadores-noche-dia\/"},"modified":"2023-07-25T16:34:15","modified_gmt":"2023-07-25T16:34:15","slug":"play-4","status":"publish","type":"page","link":"https:\/\/www.lotterycritic.com\/es\/resultados-loteria\/delaware\/play-4\/","title":{"rendered":"Resultados del Play 4 de la Loter\u00eda de Delaware (DE) &#038; N\u00fameros ganadores [Noche + D\u00eda]"},"content":{"rendered":"<p><section><div class=\"section-anchor\" id=\"c--mo-jugar\"><\/div><\/p>\n<h2><span style=\"font-weight: 400;\">C\u00f3mo jugar al Play 4 de la Loter\u00eda de Delaware<\/span><\/h2>\n<p>El sorteo del Play 4 de Delaware toma lugar dos veces al d\u00eda con un premio mayor fijo de $5,000 por sorteo. Sin embargo, su premio m\u00e1ximo posible depende de su estilo de juego elegido.<\/p>\n<p>Para jugar, debe seleccionar 4 n\u00fameros, cada uno del 0 al 9. Luego, debe escoger un estilo de juego y un horario de sorteo (ma\u00f1ana, tarde, o ambos). Para ganar el premio mayor ($5,000), tendr\u00e1 que coincidir en el n\u00famero sorteado en el orden exacto.<\/p>\n<p><span style=\"font-weight: 400;\">Puede escoger de los siguientes estilos de juego:<\/span><\/p>\n<ul>\n<li><b>Straight: <\/b><span style=\"font-weight: 400;\">Tendr\u00e1 que acertar los n\u00fameros ganadores en el orden exacto.<\/span><\/li>\n<li><b>Box: <\/b><span style=\"font-weight: 400;\">Puede coincidir en los n\u00fameros ganadores en cualquier orden.<\/span><\/li>\n<li><b>Straight\/Box: <\/b><span style=\"font-weight: 400;\">Puede acertar los n\u00fameros ganadores en el orden exacto o en cualquier orden. Cuesta un m\u00ednimo de $1 por billete.<\/span><\/li>\n<li><b>Combo: <\/b><span style=\"font-weight: 400;\">Con este estilo de juego estar\u00e1 haciendo apuestas Straight para todas las posibles combinaciones de sus n\u00fameros elegidos, aumentando sus probabilidades de ganar.<\/span><\/li>\n<\/ul>\n<p>\n<\/section><\/p>\n<p><section><div class=\"section-anchor\" id=\"calendario-de-sorteos\"><\/div><\/p>\n<h2><span style=\"font-weight: 400;\">Calendario de sorteos del Play 4 de Delaware<\/span><\/h2>\n<p>El Play 4 se sortea dos veces al d\u00eda, al mediod\u00eda <span style=\"font-weight: 400;\">(1:58 PM) y en la noche (7:57 PM). Los billetes se venden hasta las 1:40 PM para el sorteo del mediod\u00eda y a las 7:30 PM para el sorteo de la noche. Puede revisar m\u00e1s <a href=\"https:\/\/www.lotterycritic.com\/es\/resultados-loteria\/delaware\/\">resultados de la Loter\u00eda de Delaware<\/a> y sus premios.<\/span><\/p>\n<p>\n<\/section><\/p>\n<p><section><div class=\"section-anchor\" id=\"pagos-y-probabilidades\"><\/div><\/p>\n<h2><span style=\"font-weight: 400;\">Pagos y Probabilidades de ganar el Play 4 de la Loter\u00eda de Delaware<\/span><\/h2>\n<p><img decoding=\"async\" class=\"aligncenter wp-image-6173 size-large\" src=\"https:\/\/www.lotterycritic.com\/wp-content\/uploads\/2019\/03\/Delaware-Play-4-payout-chart-625x1024.jpg\" alt=\"Delaware Play 4 Payout Chart\" width=\"625\" height=\"1024\" srcset=\"https:\/\/www.lotterycritic.com\/wp-content\/uploads\/2019\/03\/Delaware-Play-4-payout-chart-625x1024.jpg 625w, https:\/\/www.lotterycritic.com\/wp-content\/uploads\/2019\/03\/Delaware-Play-4-payout-chart-183x300.jpg 183w, https:\/\/www.lotterycritic.com\/wp-content\/uploads\/2019\/03\/Delaware-Play-4-payout-chart-768x1258.jpg 768w, https:\/\/www.lotterycritic.com\/wp-content\/uploads\/2019\/03\/Delaware-Play-4-payout-chart.jpg 1170w\" sizes=\"(max-width: 625px) 100vw, 625px\" \/><\/p>\n<p>\n<\/section><\/p>\n","protected":false},"excerpt":{"rendered":"","protected":false},"author":2,"featured_media":0,"parent":13803,"menu_order":3,"comment_status":"closed","ping_status":"closed","template":"lottery-results-game-child-template.php","meta":{"footnotes":""},"class_list":["post-13814","page","type-page","status-publish","hentry"],"acf":[],"yoast_head":"<!-- This site is optimized with the Yoast SEO plugin v23.4 - https:\/\/yoast.com\/wordpress\/plugins\/seo\/ -->\n<title>Resultados del Play 4 de la Loter\u00eda de Delaware [Noche + D\u00eda] &amp; N\u00fameros ganadores<\/title>\n<meta name=\"description\" content=\"Encuentre los \u00faltimos resultados, n\u00fameros ganadores, n\u00fameros calientes y fr\u00edos, premios, probabilidades, y m\u00e1s, del juego de loter\u00eda Play 4 de Delaware.\" \/>\n<meta name=\"robots\" content=\"index, follow, max-snippet:-1, max-image-preview:large, max-video-preview:-1\" \/>\n<link rel=\"canonical\" href=\"https:\/\/www.lotterycritic.com\/es\/resultados-loteria\/delaware\/play-4\/\" \/>\n<meta property=\"og:locale\" content=\"es_ES\" \/>\n<meta property=\"og:type\" content=\"article\" \/>\n<meta property=\"og:title\" content=\"Resultados del Play 4 de la Loter\u00eda de Delaware [Noche + D\u00eda] &amp; N\u00fameros ganadores\" \/>\n<meta property=\"og:description\" content=\"Encuentre los \u00faltimos resultados, n\u00fameros ganadores, n\u00fameros calientes y fr\u00edos, premios, probabilidades, y m\u00e1s, del juego de loter\u00eda Play 4 de Delaware.\" \/>\n<meta property=\"og:url\" content=\"https:\/\/www.lotterycritic.com\/es\/resultados-loteria\/delaware\/play-4\/\" \/>\n<meta property=\"og:site_name\" content=\"Lottery Critic\" \/>\n<meta property=\"article:modified_time\" content=\"2023-07-25T16:34:15+00:00\" \/>\n<meta property=\"og:image\" content=\"https:\/\/www.lotterycritic.com\/wp-content\/uploads\/2019\/03\/Delaware-Play-4-payout-chart-625x1024.jpg\" \/>\n<meta name=\"twitter:card\" content=\"summary_large_image\" \/>\n<meta name=\"twitter:label1\" content=\"Tiempo de lectura\" \/>\n\t<meta name=\"twitter:data1\" content=\"2 minutos\" \/>\n<script type=\"application\/ld+json\" class=\"yoast-schema-graph\">{\"@context\":\"https:\/\/schema.org\",\"@graph\":[{\"@type\":\"WebPage\",\"@id\":\"https:\/\/www.lotterycritic.com\/es\/resultados-loteria\/delaware\/play-4\/\",\"url\":\"https:\/\/www.lotterycritic.com\/es\/resultados-loteria\/delaware\/play-4\/\",\"name\":\"Resultados del Play 4 de la Loter\u00eda de Delaware [Noche + D\u00eda] & N\u00fameros ganadores\",\"isPartOf\":{\"@id\":\"https:\/\/www.lotterycritic.com\/es\/#website\"},\"primaryImageOfPage\":{\"@id\":\"https:\/\/www.lotterycritic.com\/es\/resultados-loteria\/delaware\/play-4\/#primaryimage\"},\"image\":{\"@id\":\"https:\/\/www.lotterycritic.com\/es\/resultados-loteria\/delaware\/play-4\/#primaryimage\"},\"thumbnailUrl\":\"https:\/\/www.lotterycritic.com\/wp-content\/uploads\/2019\/03\/Delaware-Play-4-payout-chart-625x1024.jpg\",\"datePublished\":\"2023-07-14T03:23:52+00:00\",\"dateModified\":\"2023-07-25T16:34:15+00:00\",\"description\":\"Encuentre los \u00faltimos resultados, n\u00fameros ganadores, n\u00fameros calientes y fr\u00edos, premios, probabilidades, y m\u00e1s, del juego de loter\u00eda Play 4 de Delaware.\",\"breadcrumb\":{\"@id\":\"https:\/\/www.lotterycritic.com\/es\/resultados-loteria\/delaware\/play-4\/#breadcrumb\"},\"inLanguage\":\"es\",\"potentialAction\":[{\"@type\":\"ReadAction\",\"target\":[\"https:\/\/www.lotterycritic.com\/es\/resultados-loteria\/delaware\/play-4\/\"]}]},{\"@type\":\"ImageObject\",\"inLanguage\":\"es\",\"@id\":\"https:\/\/www.lotterycritic.com\/es\/resultados-loteria\/delaware\/play-4\/#primaryimage\",\"url\":\"https:\/\/www.lotterycritic.com\/wp-content\/uploads\/2019\/03\/Delaware-Play-4-payout-chart-625x1024.jpg\",\"contentUrl\":\"https:\/\/www.lotterycritic.com\/wp-content\/uploads\/2019\/03\/Delaware-Play-4-payout-chart-625x1024.jpg\"},{\"@type\":\"BreadcrumbList\",\"@id\":\"https:\/\/www.lotterycritic.com\/es\/resultados-loteria\/delaware\/play-4\/#breadcrumb\",\"itemListElement\":[{\"@type\":\"ListItem\",\"position\":1,\"name\":\"Home\",\"item\":\"https:\/\/www.lotterycritic.com\/es\/\"},{\"@type\":\"ListItem\",\"position\":2,\"name\":\"Resultados de La Loter\u00eda Americana &#8211; Los \u00daltimos N\u00fameros Ganadores de La Loter\u00eda de Estados Unidos\",\"item\":\"https:\/\/www.lotterycritic.com\/es\/resultados-loteria\/\"},{\"@type\":\"ListItem\",\"position\":3,\"name\":\"Resultados de La Loter\u00eda de Delaware (DE) &#8211; Comprueba Los N\u00fameros Ganadores de Hoy En Delaware\",\"item\":\"https:\/\/www.lotterycritic.com\/es\/resultados-loteria\/delaware\/\"},{\"@type\":\"ListItem\",\"position\":4,\"name\":\"Resultados del Play 4 de la Loter\u00eda de Delaware (DE) &#038; N\u00fameros ganadores [Noche + D\u00eda]\"}]},{\"@type\":\"WebSite\",\"@id\":\"https:\/\/www.lotterycritic.com\/es\/#website\",\"url\":\"https:\/\/www.lotterycritic.com\/es\/\",\"name\":\"Lottery Critic\",\"description\":\"Your Guide to Lottery Results, Winning Numbers &amp; More\u2026\",\"potentialAction\":[{\"@type\":\"SearchAction\",\"target\":{\"@type\":\"EntryPoint\",\"urlTemplate\":\"https:\/\/www.lotterycritic.com\/es\/?s={search_term_string}\"},\"query-input\":{\"@type\":\"PropertyValueSpecification\",\"valueRequired\":true,\"valueName\":\"search_term_string\"}}],\"inLanguage\":\"es\"}]}<\/script>\n<!-- \/ Yoast SEO plugin. -->","yoast_head_json":{"title":"Resultados del Play 4 de la Loter\u00eda de Delaware [Noche + D\u00eda] & N\u00fameros ganadores","description":"Encuentre los \u00faltimos resultados, n\u00fameros ganadores, n\u00fameros calientes y fr\u00edos, premios, probabilidades, y m\u00e1s, del juego de loter\u00eda Play 4 de Delaware.","robots":{"index":"index","follow":"follow","max-snippet":"max-snippet:-1","max-image-preview":"max-image-preview:large","max-video-preview":"max-video-preview:-1"},"canonical":"https:\/\/www.lotterycritic.com\/es\/resultados-loteria\/delaware\/play-4\/","og_locale":"es_ES","og_type":"article","og_title":"Resultados del Play 4 de la Loter\u00eda de Delaware [Noche + D\u00eda] & N\u00fameros ganadores","og_description":"Encuentre los \u00faltimos resultados, n\u00fameros ganadores, n\u00fameros calientes y fr\u00edos, premios, probabilidades, y m\u00e1s, del juego de loter\u00eda Play 4 de Delaware.","og_url":"https:\/\/www.lotterycritic.com\/es\/resultados-loteria\/delaware\/play-4\/","og_site_name":"Lottery Critic","article_modified_time":"2023-07-25T16:34:15+00:00","og_image":[{"url":"https:\/\/www.lotterycritic.com\/wp-content\/uploads\/2019\/03\/Delaware-Play-4-payout-chart-625x1024.jpg"}],"twitter_card":"summary_large_image","twitter_misc":{"Tiempo de lectura":"2 minutos"},"schema":{"@context":"https:\/\/schema.org","@graph":[{"@type":"WebPage","@id":"https:\/\/www.lotterycritic.com\/es\/resultados-loteria\/delaware\/play-4\/","url":"https:\/\/www.lotterycritic.com\/es\/resultados-loteria\/delaware\/play-4\/","name":"Resultados del Play 4 de la Loter\u00eda de Delaware [Noche + D\u00eda] & N\u00fameros ganadores","isPartOf":{"@id":"https:\/\/www.lotterycritic.com\/es\/#website"},"primaryImageOfPage":{"@id":"https:\/\/www.lotterycritic.com\/es\/resultados-loteria\/delaware\/play-4\/#primaryimage"},"image":{"@id":"https:\/\/www.lotterycritic.com\/es\/resultados-loteria\/delaware\/play-4\/#primaryimage"},"thumbnailUrl":"https:\/\/www.lotterycritic.com\/wp-content\/uploads\/2019\/03\/Delaware-Play-4-payout-chart-625x1024.jpg","datePublished":"2023-07-14T03:23:52+00:00","dateModified":"2023-07-25T16:34:15+00:00","description":"Encuentre los \u00faltimos resultados, n\u00fameros ganadores, n\u00fameros calientes y fr\u00edos, premios, probabilidades, y m\u00e1s, del juego de loter\u00eda Play 4 de Delaware.","breadcrumb":{"@id":"https:\/\/www.lotterycritic.com\/es\/resultados-loteria\/delaware\/play-4\/#breadcrumb"},"inLanguage":"es","potentialAction":[{"@type":"ReadAction","target":["https:\/\/www.lotterycritic.com\/es\/resultados-loteria\/delaware\/play-4\/"]}]},{"@type":"ImageObject","inLanguage":"es","@id":"https:\/\/www.lotterycritic.com\/es\/resultados-loteria\/delaware\/play-4\/#primaryimage","url":"https:\/\/www.lotterycritic.com\/wp-content\/uploads\/2019\/03\/Delaware-Play-4-payout-chart-625x1024.jpg","contentUrl":"https:\/\/www.lotterycritic.com\/wp-content\/uploads\/2019\/03\/Delaware-Play-4-payout-chart-625x1024.jpg"},{"@type":"BreadcrumbList","@id":"https:\/\/www.lotterycritic.com\/es\/resultados-loteria\/delaware\/play-4\/#breadcrumb","itemListElement":[{"@type":"ListItem","position":1,"name":"Home","item":"https:\/\/www.lotterycritic.com\/es\/"},{"@type":"ListItem","position":2,"name":"Resultados de La Loter\u00eda Americana &#8211; Los \u00daltimos N\u00fameros Ganadores de La Loter\u00eda de Estados Unidos","item":"https:\/\/www.lotterycritic.com\/es\/resultados-loteria\/"},{"@type":"ListItem","position":3,"name":"Resultados de La Loter\u00eda de Delaware (DE) &#8211; Comprueba Los N\u00fameros Ganadores de Hoy En Delaware","item":"https:\/\/www.lotterycritic.com\/es\/resultados-loteria\/delaware\/"},{"@type":"ListItem","position":4,"name":"Resultados del Play 4 de la Loter\u00eda de Delaware (DE) &#038; N\u00fameros ganadores [Noche + D\u00eda]"}]},{"@type":"WebSite","@id":"https:\/\/www.lotterycritic.com\/es\/#website","url":"https:\/\/www.lotterycritic.com\/es\/","name":"Lottery Critic","description":"Your Guide to Lottery Results, Winning Numbers &amp; More\u2026","potentialAction":[{"@type":"SearchAction","target":{"@type":"EntryPoint","urlTemplate":"https:\/\/www.lotterycritic.com\/es\/?s={search_term_string}"},"query-input":{"@type":"PropertyValueSpecification","valueRequired":true,"valueName":"search_term_string"}}],"inLanguage":"es"}]}},"_links":{"self":[{"href":"https:\/\/www.lotterycritic.com\/es\/wp-json\/wp\/v2\/pages\/13814"}],"collection":[{"href":"https:\/\/www.lotterycritic.com\/es\/wp-json\/wp\/v2\/pages"}],"about":[{"href":"https:\/\/www.lotterycritic.com\/es\/wp-json\/wp\/v2\/types\/page"}],"author":[{"embeddable":true,"href":"https:\/\/www.lotterycritic.com\/es\/wp-json\/wp\/v2\/users\/2"}],"replies":[{"embeddable":true,"href":"https:\/\/www.lotterycritic.com\/es\/wp-json\/wp\/v2\/comments?post=13814"}],"version-history":[{"count":3,"href":"https:\/\/www.lotterycritic.com\/es\/wp-json\/wp\/v2\/pages\/13814\/revisions"}],"predecessor-version":[{"id":14027,"href":"https:\/\/www.lotterycritic.com\/es\/wp-json\/wp\/v2\/pages\/13814\/revisions\/14027"}],"up":[{"embeddable":true,"href":"https:\/\/www.lotterycritic.com\/es\/wp-json\/wp\/v2\/pages\/13803"}],"wp:attachment":[{"href":"https:\/\/www.lotterycritic.com\/es\/wp-json\/wp\/v2\/media?parent=13814"}],"curies":[{"name":"wp","href":"https:\/\/api.w.org\/{rel}","templated":true}]}}