{"id":13812,"date":"2023-07-14T03:05:57","date_gmt":"2023-07-14T03:05:57","guid":{"rendered":"https:\/\/www.lotterycritic.com\/resultados-loteria\/delaware\/resultados-del-play-3-de-la-loteria-de-delaware-de-numeros-ganadores-tarde-mediodia-noche\/"},"modified":"2023-08-11T11:50:00","modified_gmt":"2023-08-11T11:50:00","slug":"play-3","status":"publish","type":"page","link":"https:\/\/www.lotterycritic.com\/es\/resultados-loteria\/delaware\/play-3\/","title":{"rendered":"Resultados del Play 3 de Delaware (DE) y N\u00fameros Ganadores de Hoy [Tarde + D\u00eda + Noche]"},"content":{"rendered":"<p><section><div class=\"section-anchor\" id=\"c--mo-jugar\"><\/div><\/p>\n<h2><span style=\"font-weight: 400;\">C\u00f3mo jugar al Play 3 de la Loter\u00eda de Delaware<\/span><\/h2>\n<p>Al igual que el <a href=\"https:\/\/www.lotterycritic.com\/es\/resultados-loteria\/delaware\/play-4\/\">juego Play 4<\/a>, la loter\u00eda Play 3 de Delaware se juega dos veces al d\u00eda, al mediod\u00eda y la noche. Cada sorteo supone un premio mayor fijo de $500. Sin embargo, su premio m\u00e1ximo posible depende de su estilo de juego escogido.<\/p>\n<p>Para jugar, debe elegir un n\u00famero de 000 a 999. Luego, tendr\u00e1 que escoger un estilo de juego y apostar un valor. Para ganar el premio mayor ($500), debe coincidir en los n\u00fameros sorteados en el orden exacto.<\/p>\n<p><span style=\"font-weight: 400;\">Puede escoger entre los siguientes estilos de juego:<\/span><\/p>\n<ul>\n<li><b>Straight: <\/b><span style=\"font-weight: 400;\">Deber\u00e1 acertar los n\u00fameros ganadores en el orden exacto.<\/span><\/li>\n<li><b>Box: <\/b><span style=\"font-weight: 400;\">Puede coincidir con los n\u00fameros ganadores en cualquier orden.<\/span><\/li>\n<li><b>Straight \/ Box: <\/b><span style=\"font-weight: 400;\">Puede coincidir en cualquier orden o en el orden exacto de los n\u00fameros ganadores.<\/span><\/li>\n<li><b>Combo: <\/b><span style=\"font-weight: 400;\">Estar\u00e1 jugando apuestas Straight para todas las posibles combinaciones para sus n\u00fameros elegidos, aumentando sus probabilidades de ganar.<\/span><\/li>\n<li><b>Front or Back Pair: <\/b><span style=\"font-weight: 400;\">Escoge 2 n\u00fameros en lugar de 3. Dependiendo de su elecci\u00f3n en el tipo de par, sus n\u00fameros deben coincidir con los 2 primeros o los 2 \u00faltimos n\u00fameros ganadores en el orden exacto.<\/span><\/li>\n<\/ul>\n<p>\n<\/section><\/p>\n<p><section><div class=\"section-anchor\" id=\"calendario-de-sorteos\"><\/div><\/p>\n<h2><span style=\"font-weight: 400;\">Calendario de sorteos del Play 3 de Delaware<\/span><\/h2>\n<p>Los sorteos del Play 3 suceden dos veces cada d\u00eda, al mediod\u00eda <span style=\"font-weight: 400;\">(1:58 PM) y en la noche (7:57 PM). La venta de billetes cierra a las 1:40 PM para el sorteo del mediod\u00eda y a las 7:30 PM para el sorteo de la noche. Tambi\u00e9n puede revisar m\u00e1s <a href=\"https:\/\/www.lotterycritic.com\/es\/resultados-loteria\/delaware\/\">resultados de la Loter\u00eda de Delaware aqu\u00ed<\/a>.<\/span><\/p>\n<p>\n<\/section><\/p>\n<p><section><div class=\"section-anchor\" id=\"pagos-y-probabilidades\"><\/div><\/p>\n<h2><span style=\"font-weight: 400;\">Pagos y Probabilidades de ganar el Play 3 de Delaware<\/span><\/h2>\n<p><img decoding=\"async\" class=\"aligncenter wp-image-6172 size-large\" src=\"https:\/\/www.lotterycritic.com\/wp-content\/uploads\/2019\/03\/Delaware-Play-3-payout-chart-1024x888.jpg\" alt=\"Delaware Play 3 lottery game payout chart\" width=\"640\" height=\"555\" srcset=\"https:\/\/www.lotterycritic.com\/wp-content\/uploads\/2019\/03\/Delaware-Play-3-payout-chart-1024x888.jpg 1024w, https:\/\/www.lotterycritic.com\/wp-content\/uploads\/2019\/03\/Delaware-Play-3-payout-chart-300x260.jpg 300w, https:\/\/www.lotterycritic.com\/wp-content\/uploads\/2019\/03\/Delaware-Play-3-payout-chart-768x666.jpg 768w, https:\/\/www.lotterycritic.com\/wp-content\/uploads\/2019\/03\/Delaware-Play-3-payout-chart.jpg 1170w\" sizes=\"(max-width: 640px) 100vw, 640px\" \/><\/p>\n<p>\n<\/section><\/p>\n<p><section><div class=\"section-anchor\" id=\"estrategia-para-el-play-3\"><\/div><\/p>\n<h2><span style=\"font-weight: 400;\">Estrategia para el Play 3 de la Loter\u00eda de Delaware<\/span><\/h2>\n<p>Puede sacar provecho de las estrategias que encuentra en nuestra gu\u00eda con la Estrategia para el Pick 3, que sirve para cualquier juego de 3 n\u00fameros como el Play 3, Cash 3, o el Pick 3. \u00a1Eche un vistazo!<\/p>\n<p>\n<\/section><\/p>\n","protected":false},"excerpt":{"rendered":"","protected":false},"author":2,"featured_media":0,"parent":13803,"menu_order":4,"comment_status":"closed","ping_status":"closed","template":"lottery-results-game-child-template.php","meta":{"footnotes":""},"class_list":["post-13812","page","type-page","status-publish","hentry"],"acf":[],"yoast_head":"<!-- This site is optimized with the Yoast SEO plugin v23.4 - https:\/\/yoast.com\/wordpress\/plugins\/seo\/ -->\n<title>Play 3 de Delaware (DE): Resultados y N\u00fameros Ganadores [Tarde+D\u00eda+Noche]<\/title>\n<meta name=\"description\" content=\"Obtenga los resultados m\u00e1s recientes, n\u00fameros ganadores, n\u00fameros calientes y fr\u00edos, pagos, probabilidades, y m\u00e1s, para el juego Play 3 de Delaware.\" \/>\n<meta name=\"robots\" content=\"index, follow, max-snippet:-1, max-image-preview:large, max-video-preview:-1\" \/>\n<link rel=\"canonical\" href=\"https:\/\/www.lotterycritic.com\/es\/resultados-loteria\/delaware\/play-3\/\" \/>\n<meta property=\"og:locale\" content=\"es_ES\" \/>\n<meta property=\"og:type\" content=\"article\" \/>\n<meta property=\"og:title\" content=\"Play 3 de Delaware (DE): Resultados y N\u00fameros Ganadores [Tarde+D\u00eda+Noche]\" \/>\n<meta property=\"og:description\" content=\"Obtenga los resultados m\u00e1s recientes, n\u00fameros ganadores, n\u00fameros calientes y fr\u00edos, pagos, probabilidades, y m\u00e1s, para el juego Play 3 de Delaware.\" \/>\n<meta property=\"og:url\" content=\"https:\/\/www.lotterycritic.com\/es\/resultados-loteria\/delaware\/play-3\/\" \/>\n<meta property=\"og:site_name\" content=\"Lottery Critic\" \/>\n<meta property=\"article:modified_time\" content=\"2023-08-11T11:50:00+00:00\" \/>\n<meta property=\"og:image\" content=\"https:\/\/www.lotterycritic.com\/wp-content\/uploads\/2019\/03\/Delaware-Play-3-payout-chart-1024x888.jpg\" \/>\n<meta name=\"twitter:card\" content=\"summary_large_image\" \/>\n<meta name=\"twitter:label1\" content=\"Tiempo de lectura\" \/>\n\t<meta name=\"twitter:data1\" content=\"2 minutos\" \/>\n<script type=\"application\/ld+json\" class=\"yoast-schema-graph\">{\"@context\":\"https:\/\/schema.org\",\"@graph\":[{\"@type\":\"WebPage\",\"@id\":\"https:\/\/www.lotterycritic.com\/es\/resultados-loteria\/delaware\/play-3\/\",\"url\":\"https:\/\/www.lotterycritic.com\/es\/resultados-loteria\/delaware\/play-3\/\",\"name\":\"Play 3 de Delaware (DE): Resultados y N\u00fameros Ganadores [Tarde+D\u00eda+Noche]\",\"isPartOf\":{\"@id\":\"https:\/\/www.lotterycritic.com\/es\/#website\"},\"primaryImageOfPage\":{\"@id\":\"https:\/\/www.lotterycritic.com\/es\/resultados-loteria\/delaware\/play-3\/#primaryimage\"},\"image\":{\"@id\":\"https:\/\/www.lotterycritic.com\/es\/resultados-loteria\/delaware\/play-3\/#primaryimage\"},\"thumbnailUrl\":\"https:\/\/www.lotterycritic.com\/wp-content\/uploads\/2019\/03\/Delaware-Play-3-payout-chart-1024x888.jpg\",\"datePublished\":\"2023-07-14T03:05:57+00:00\",\"dateModified\":\"2023-08-11T11:50:00+00:00\",\"description\":\"Obtenga los resultados m\u00e1s recientes, n\u00fameros ganadores, n\u00fameros calientes y fr\u00edos, pagos, probabilidades, y m\u00e1s, para el juego Play 3 de Delaware.\",\"breadcrumb\":{\"@id\":\"https:\/\/www.lotterycritic.com\/es\/resultados-loteria\/delaware\/play-3\/#breadcrumb\"},\"inLanguage\":\"es\",\"potentialAction\":[{\"@type\":\"ReadAction\",\"target\":[\"https:\/\/www.lotterycritic.com\/es\/resultados-loteria\/delaware\/play-3\/\"]}]},{\"@type\":\"ImageObject\",\"inLanguage\":\"es\",\"@id\":\"https:\/\/www.lotterycritic.com\/es\/resultados-loteria\/delaware\/play-3\/#primaryimage\",\"url\":\"https:\/\/www.lotterycritic.com\/wp-content\/uploads\/2019\/03\/Delaware-Play-3-payout-chart-1024x888.jpg\",\"contentUrl\":\"https:\/\/www.lotterycritic.com\/wp-content\/uploads\/2019\/03\/Delaware-Play-3-payout-chart-1024x888.jpg\"},{\"@type\":\"BreadcrumbList\",\"@id\":\"https:\/\/www.lotterycritic.com\/es\/resultados-loteria\/delaware\/play-3\/#breadcrumb\",\"itemListElement\":[{\"@type\":\"ListItem\",\"position\":1,\"name\":\"Home\",\"item\":\"https:\/\/www.lotterycritic.com\/es\/\"},{\"@type\":\"ListItem\",\"position\":2,\"name\":\"Resultados de La Loter\u00eda Americana &#8211; Los \u00daltimos N\u00fameros Ganadores de La Loter\u00eda de Estados Unidos\",\"item\":\"https:\/\/www.lotterycritic.com\/es\/resultados-loteria\/\"},{\"@type\":\"ListItem\",\"position\":3,\"name\":\"Resultados de La Loter\u00eda de Delaware (DE) &#8211; Comprueba Los N\u00fameros Ganadores de Hoy En Delaware\",\"item\":\"https:\/\/www.lotterycritic.com\/es\/resultados-loteria\/delaware\/\"},{\"@type\":\"ListItem\",\"position\":4,\"name\":\"Resultados del Play 3 de Delaware (DE) y N\u00fameros Ganadores de Hoy [Tarde + D\u00eda + Noche]\"}]},{\"@type\":\"WebSite\",\"@id\":\"https:\/\/www.lotterycritic.com\/es\/#website\",\"url\":\"https:\/\/www.lotterycritic.com\/es\/\",\"name\":\"Lottery Critic\",\"description\":\"Your Guide to Lottery Results, Winning Numbers &amp; More\u2026\",\"potentialAction\":[{\"@type\":\"SearchAction\",\"target\":{\"@type\":\"EntryPoint\",\"urlTemplate\":\"https:\/\/www.lotterycritic.com\/es\/?s={search_term_string}\"},\"query-input\":{\"@type\":\"PropertyValueSpecification\",\"valueRequired\":true,\"valueName\":\"search_term_string\"}}],\"inLanguage\":\"es\"}]}<\/script>\n<!-- \/ Yoast SEO plugin. -->","yoast_head_json":{"title":"Play 3 de Delaware (DE): Resultados y N\u00fameros Ganadores [Tarde+D\u00eda+Noche]","description":"Obtenga los resultados m\u00e1s recientes, n\u00fameros ganadores, n\u00fameros calientes y fr\u00edos, pagos, probabilidades, y m\u00e1s, para el juego Play 3 de Delaware.","robots":{"index":"index","follow":"follow","max-snippet":"max-snippet:-1","max-image-preview":"max-image-preview:large","max-video-preview":"max-video-preview:-1"},"canonical":"https:\/\/www.lotterycritic.com\/es\/resultados-loteria\/delaware\/play-3\/","og_locale":"es_ES","og_type":"article","og_title":"Play 3 de Delaware (DE): Resultados y N\u00fameros Ganadores [Tarde+D\u00eda+Noche]","og_description":"Obtenga los resultados m\u00e1s recientes, n\u00fameros ganadores, n\u00fameros calientes y fr\u00edos, pagos, probabilidades, y m\u00e1s, para el juego Play 3 de Delaware.","og_url":"https:\/\/www.lotterycritic.com\/es\/resultados-loteria\/delaware\/play-3\/","og_site_name":"Lottery Critic","article_modified_time":"2023-08-11T11:50:00+00:00","og_image":[{"url":"https:\/\/www.lotterycritic.com\/wp-content\/uploads\/2019\/03\/Delaware-Play-3-payout-chart-1024x888.jpg"}],"twitter_card":"summary_large_image","twitter_misc":{"Tiempo de lectura":"2 minutos"},"schema":{"@context":"https:\/\/schema.org","@graph":[{"@type":"WebPage","@id":"https:\/\/www.lotterycritic.com\/es\/resultados-loteria\/delaware\/play-3\/","url":"https:\/\/www.lotterycritic.com\/es\/resultados-loteria\/delaware\/play-3\/","name":"Play 3 de Delaware (DE): Resultados y N\u00fameros Ganadores [Tarde+D\u00eda+Noche]","isPartOf":{"@id":"https:\/\/www.lotterycritic.com\/es\/#website"},"primaryImageOfPage":{"@id":"https:\/\/www.lotterycritic.com\/es\/resultados-loteria\/delaware\/play-3\/#primaryimage"},"image":{"@id":"https:\/\/www.lotterycritic.com\/es\/resultados-loteria\/delaware\/play-3\/#primaryimage"},"thumbnailUrl":"https:\/\/www.lotterycritic.com\/wp-content\/uploads\/2019\/03\/Delaware-Play-3-payout-chart-1024x888.jpg","datePublished":"2023-07-14T03:05:57+00:00","dateModified":"2023-08-11T11:50:00+00:00","description":"Obtenga los resultados m\u00e1s recientes, n\u00fameros ganadores, n\u00fameros calientes y fr\u00edos, pagos, probabilidades, y m\u00e1s, para el juego Play 3 de Delaware.","breadcrumb":{"@id":"https:\/\/www.lotterycritic.com\/es\/resultados-loteria\/delaware\/play-3\/#breadcrumb"},"inLanguage":"es","potentialAction":[{"@type":"ReadAction","target":["https:\/\/www.lotterycritic.com\/es\/resultados-loteria\/delaware\/play-3\/"]}]},{"@type":"ImageObject","inLanguage":"es","@id":"https:\/\/www.lotterycritic.com\/es\/resultados-loteria\/delaware\/play-3\/#primaryimage","url":"https:\/\/www.lotterycritic.com\/wp-content\/uploads\/2019\/03\/Delaware-Play-3-payout-chart-1024x888.jpg","contentUrl":"https:\/\/www.lotterycritic.com\/wp-content\/uploads\/2019\/03\/Delaware-Play-3-payout-chart-1024x888.jpg"},{"@type":"BreadcrumbList","@id":"https:\/\/www.lotterycritic.com\/es\/resultados-loteria\/delaware\/play-3\/#breadcrumb","itemListElement":[{"@type":"ListItem","position":1,"name":"Home","item":"https:\/\/www.lotterycritic.com\/es\/"},{"@type":"ListItem","position":2,"name":"Resultados de La Loter\u00eda Americana &#8211; Los \u00daltimos N\u00fameros Ganadores de La Loter\u00eda de Estados Unidos","item":"https:\/\/www.lotterycritic.com\/es\/resultados-loteria\/"},{"@type":"ListItem","position":3,"name":"Resultados de La Loter\u00eda de Delaware (DE) &#8211; Comprueba Los N\u00fameros Ganadores de Hoy En Delaware","item":"https:\/\/www.lotterycritic.com\/es\/resultados-loteria\/delaware\/"},{"@type":"ListItem","position":4,"name":"Resultados del Play 3 de Delaware (DE) y N\u00fameros Ganadores de Hoy [Tarde + D\u00eda + Noche]"}]},{"@type":"WebSite","@id":"https:\/\/www.lotterycritic.com\/es\/#website","url":"https:\/\/www.lotterycritic.com\/es\/","name":"Lottery Critic","description":"Your Guide to Lottery Results, Winning Numbers &amp; More\u2026","potentialAction":[{"@type":"SearchAction","target":{"@type":"EntryPoint","urlTemplate":"https:\/\/www.lotterycritic.com\/es\/?s={search_term_string}"},"query-input":{"@type":"PropertyValueSpecification","valueRequired":true,"valueName":"search_term_string"}}],"inLanguage":"es"}]}},"_links":{"self":[{"href":"https:\/\/www.lotterycritic.com\/es\/wp-json\/wp\/v2\/pages\/13812"}],"collection":[{"href":"https:\/\/www.lotterycritic.com\/es\/wp-json\/wp\/v2\/pages"}],"about":[{"href":"https:\/\/www.lotterycritic.com\/es\/wp-json\/wp\/v2\/types\/page"}],"author":[{"embeddable":true,"href":"https:\/\/www.lotterycritic.com\/es\/wp-json\/wp\/v2\/users\/2"}],"replies":[{"embeddable":true,"href":"https:\/\/www.lotterycritic.com\/es\/wp-json\/wp\/v2\/comments?post=13812"}],"version-history":[{"count":6,"href":"https:\/\/www.lotterycritic.com\/es\/wp-json\/wp\/v2\/pages\/13812\/revisions"}],"predecessor-version":[{"id":14029,"href":"https:\/\/www.lotterycritic.com\/es\/wp-json\/wp\/v2\/pages\/13812\/revisions\/14029"}],"up":[{"embeddable":true,"href":"https:\/\/www.lotterycritic.com\/es\/wp-json\/wp\/v2\/pages\/13803"}],"wp:attachment":[{"href":"https:\/\/www.lotterycritic.com\/es\/wp-json\/wp\/v2\/media?parent=13812"}],"curies":[{"name":"wp","href":"https:\/\/api.w.org\/{rel}","templated":true}]}}